{"id":249,"date":"2023-03-29T11:47:05","date_gmt":"2023-03-29T11:47:05","guid":{"rendered":"https:\/\/www.spottergps.com\/es\/?page_id=249"},"modified":"2024-07-01T12:46:17","modified_gmt":"2024-07-01T12:46:17","slug":"mi-envio-esta-retrasado-o-aun-no-ha-sido-entregado-enviado","status":"publish","type":"page","link":"https:\/\/www.spottergps.com\/es\/faq\/tienda-en-linea\/mi-envio-esta-retrasado-o-aun-no-ha-sido-entregado-enviado\/","title":{"rendered":"\u00bfMi env\u00edo est\u00e1 retrasado o a\u00fan no ha sido entregado\/enviado?"},"content":{"rendered":"\n<p>Nosotros y nuestro socio DHL hacemos todo lo posible para enviar y entregar su pedido a tiempo. Puede seguir el proceso de env\u00edo a trav\u00e9s de un c\u00f3digo de seguimiento y localizaci\u00f3n . Recibiste esto despu\u00e9s de ordenar.<\/p>\n\n\n\n<p><strong>Env\u00edo retrasado <\/strong><strong><br><\/strong>A veces, un env\u00edo puede retrasarse en el proceso de clasificaci\u00f3n. Por lo general, esto es un retraso de 1 a 2 d\u00edas. Tambi\u00e9n puede ver esto en el sitio web de DHL a trav\u00e9s del c\u00f3digo de seguimiento y localizaci\u00f3n .<\/p>\n\n\n\n<p><strong>A\u00fan no enviado <br><\/strong>A veces, su env\u00edo puede enviarse m\u00e1s tarde. Si su pedido no ha sido enviado despu\u00e9s de 2 d\u00edas h\u00e1biles, comun\u00edquese con el servicio al cliente de Spotter a trav\u00e9s de nuestra <a href=\"https:\/\/www.spottergps.com\/es\/servicio-al-cliente\/\" data-type=\"URL\" data-id=\"https:\/\/www.spottergps.com\/es\/servicio-al-cliente\/\">p\u00e1gina de contacto<\/a>.<br><br><strong>A\u00fan no entregado <br><\/strong>Verifique con el c\u00f3digo de seguimiento y localizaci\u00f3n si su pedido est\u00e1 en camino. Si transcurridos 3 d\u00edas laborables no ha recibido el pedido, p\u00f3ngase en contacto con nuestro servicio de atenci\u00f3n al cliente a trav\u00e9s de la <a href=\"https:\/\/www.spottergps.com\/es\/servicio-al-cliente\/\" data-type=\"URL\" data-id=\"https:\/\/www.spottergps.com\/es\/servicio-al-cliente\/\">p\u00e1gina de contacto<\/a>.<\/p>\n","protected":false},"excerpt":{"rendered":"<p>Nosotros y nuestro socio DHL hacemos todo lo posible para enviar y entregar su pedido a tiempo. Puede seguir el proceso de env\u00edo a trav\u00e9s de un c\u00f3digo de seguimiento y localizaci\u00f3n . Recibiste esto despu\u00e9s de ordenar. Env\u00edo retrasado A veces, un env\u00edo puede retrasarse en el proceso de clasificaci\u00f3n. Por lo general, esto [&hellip;]<\/p>\n","protected":false},"author":10,"featured_media":0,"parent":222,"menu_order":0,"comment_status":"closed","ping_status":"closed","template":"faq-content.php","meta":{"_acf_changed":false,"footnotes":""},"categories":[2],"tags":[],"class_list":["post-249","page","type-page","status-publish","hentry","category-faq"],"acf":[],"yoast_head":"<!-- This site is optimized with the Yoast SEO plugin v25.9 - https:\/\/yoast.com\/wordpress\/plugins\/seo\/ -->\n<title>\u00bfMi env\u00edo est\u00e1 retrasado o a\u00fan no ha sido entregado\/enviado? - Spotter Spain<\/title>\n<meta name=\"robots\" content=\"noindex, nofollow\" \/>\n<meta property=\"og:locale\" content=\"es_ES\" \/>\n<meta property=\"og:type\" content=\"article\" \/>\n<meta property=\"og:title\" content=\"\u00bfMi env\u00edo est\u00e1 retrasado o a\u00fan no ha sido entregado\/enviado? - Spotter Spain\" \/>\n<meta property=\"og:description\" content=\"Nosotros y nuestro socio DHL hacemos todo lo posible para enviar y entregar su pedido a tiempo. Puede seguir el proceso de env\u00edo a trav\u00e9s de un c\u00f3digo de seguimiento y localizaci\u00f3n . Recibiste esto despu\u00e9s de ordenar. Env\u00edo retrasado A veces, un env\u00edo puede retrasarse en el proceso de clasificaci\u00f3n. Por lo general, esto [&hellip;]\" \/>\n<meta property=\"og:url\" content=\"https:\/\/www.spottergps.com\/es\/faq\/tienda-en-linea\/mi-envio-esta-retrasado-o-aun-no-ha-sido-entregado-enviado\/\" \/>\n<meta property=\"og:site_name\" content=\"Spotter Spain\" \/>\n<meta property=\"article:modified_time\" content=\"2024-07-01T12:46:17+00:00\" \/>\n<meta name=\"twitter:card\" content=\"summary_large_image\" \/>\n<meta name=\"twitter:label1\" content=\"Tiempo de lectura\" \/>\n\t<meta name=\"twitter:data1\" content=\"1 minute\" \/>\n<script type=\"application\/ld+json\" class=\"yoast-schema-graph\">{\"@context\":\"https:\/\/schema.org\",\"@graph\":[{\"@type\":\"WebPage\",\"@id\":\"https:\/\/www.spottergps.com\/es\/faq\/tienda-en-linea\/mi-envio-esta-retrasado-o-aun-no-ha-sido-entregado-enviado\/\",\"url\":\"https:\/\/www.spottergps.com\/es\/faq\/tienda-en-linea\/mi-envio-esta-retrasado-o-aun-no-ha-sido-entregado-enviado\/\",\"name\":\"\u00bfMi env\u00edo est\u00e1 retrasado o a\u00fan no ha sido entregado\/enviado? - Spotter Spain\",\"isPartOf\":{\"@id\":\"https:\/\/www.spottergps.com\/es\/#website\"},\"datePublished\":\"2023-03-29T11:47:05+00:00\",\"dateModified\":\"2024-07-01T12:46:17+00:00\",\"breadcrumb\":{\"@id\":\"https:\/\/www.spottergps.com\/es\/faq\/tienda-en-linea\/mi-envio-esta-retrasado-o-aun-no-ha-sido-entregado-enviado\/#breadcrumb\"},\"inLanguage\":\"es-ES\",\"potentialAction\":[{\"@type\":\"ReadAction\",\"target\":[\"https:\/\/www.spottergps.com\/es\/faq\/tienda-en-linea\/mi-envio-esta-retrasado-o-aun-no-ha-sido-entregado-enviado\/\"]}]},{\"@type\":\"BreadcrumbList\",\"@id\":\"https:\/\/www.spottergps.com\/es\/faq\/tienda-en-linea\/mi-envio-esta-retrasado-o-aun-no-ha-sido-entregado-enviado\/#breadcrumb\",\"itemListElement\":[{\"@type\":\"ListItem\",\"position\":1,\"name\":\"Home\",\"item\":\"https:\/\/www.spottergps.com\/es\/\"},{\"@type\":\"ListItem\",\"position\":2,\"name\":\"\u00bfC\u00f3mo podemos ayudarte?\",\"item\":\"https:\/\/www.spottergps.com\/es\/faq\/\"},{\"@type\":\"ListItem\",\"position\":3,\"name\":\"Tienda en L\u00ednea\",\"item\":\"https:\/\/www.spottergps.com\/es\/faq\/tienda-en-linea\/\"},{\"@type\":\"ListItem\",\"position\":4,\"name\":\"\u00bfMi env\u00edo est\u00e1 retrasado o a\u00fan no ha sido entregado\/enviado?\"}]},{\"@type\":\"WebSite\",\"@id\":\"https:\/\/www.spottergps.com\/es\/#website\",\"url\":\"https:\/\/www.spottergps.com\/es\/\",\"name\":\"Spotter Spain\",\"description\":\"Para todo lo que amas\",\"publisher\":{\"@id\":\"https:\/\/www.spottergps.com\/es\/#organization\"},\"potentialAction\":[{\"@type\":\"SearchAction\",\"target\":{\"@type\":\"EntryPoint\",\"urlTemplate\":\"https:\/\/www.spottergps.com\/es\/?s={search_term_string}\"},\"query-input\":{\"@type\":\"PropertyValueSpecification\",\"valueRequired\":true,\"valueName\":\"search_term_string\"}}],\"inLanguage\":\"es-ES\"},{\"@type\":\"Organization\",\"@id\":\"https:\/\/www.spottergps.com\/es\/#organization\",\"name\":\"Spotter B.V.\",\"url\":\"https:\/\/www.spottergps.com\/es\/\",\"logo\":{\"@type\":\"ImageObject\",\"inLanguage\":\"es-ES\",\"@id\":\"https:\/\/www.spottergps.com\/es\/#\/schema\/logo\/image\/\",\"url\":\"https:\/\/www.spottergps.com\/es\/wp-content\/uploads\/sites\/7\/2023\/09\/Spotter_logo.png\",\"contentUrl\":\"https:\/\/www.spottergps.com\/es\/wp-content\/uploads\/sites\/7\/2023\/09\/Spotter_logo.png\",\"width\":1500,\"height\":696,\"caption\":\"Spotter B.V.\"},\"image\":{\"@id\":\"https:\/\/www.spottergps.com\/es\/#\/schema\/logo\/image\/\"}}]}<\/script>\n<!-- \/ Yoast SEO plugin. -->","yoast_head_json":{"title":"\u00bfMi env\u00edo est\u00e1 retrasado o a\u00fan no ha sido entregado\/enviado? - Spotter Spain","robots":{"index":"noindex","follow":"nofollow"},"og_locale":"es_ES","og_type":"article","og_title":"\u00bfMi env\u00edo est\u00e1 retrasado o a\u00fan no ha sido entregado\/enviado? - Spotter Spain","og_description":"Nosotros y nuestro socio DHL hacemos todo lo posible para enviar y entregar su pedido a tiempo. Puede seguir el proceso de env\u00edo a trav\u00e9s de un c\u00f3digo de seguimiento y localizaci\u00f3n . Recibiste esto despu\u00e9s de ordenar. Env\u00edo retrasado A veces, un env\u00edo puede retrasarse en el proceso de clasificaci\u00f3n. Por lo general, esto [&hellip;]","og_url":"https:\/\/www.spottergps.com\/es\/faq\/tienda-en-linea\/mi-envio-esta-retrasado-o-aun-no-ha-sido-entregado-enviado\/","og_site_name":"Spotter Spain","article_modified_time":"2024-07-01T12:46:17+00:00","twitter_card":"summary_large_image","twitter_misc":{"Tiempo de lectura":"1 minute"},"schema":{"@context":"https:\/\/schema.org","@graph":[{"@type":"WebPage","@id":"https:\/\/www.spottergps.com\/es\/faq\/tienda-en-linea\/mi-envio-esta-retrasado-o-aun-no-ha-sido-entregado-enviado\/","url":"https:\/\/www.spottergps.com\/es\/faq\/tienda-en-linea\/mi-envio-esta-retrasado-o-aun-no-ha-sido-entregado-enviado\/","name":"\u00bfMi env\u00edo est\u00e1 retrasado o a\u00fan no ha sido entregado\/enviado? - Spotter Spain","isPartOf":{"@id":"https:\/\/www.spottergps.com\/es\/#website"},"datePublished":"2023-03-29T11:47:05+00:00","dateModified":"2024-07-01T12:46:17+00:00","breadcrumb":{"@id":"https:\/\/www.spottergps.com\/es\/faq\/tienda-en-linea\/mi-envio-esta-retrasado-o-aun-no-ha-sido-entregado-enviado\/#breadcrumb"},"inLanguage":"es-ES","potentialAction":[{"@type":"ReadAction","target":["https:\/\/www.spottergps.com\/es\/faq\/tienda-en-linea\/mi-envio-esta-retrasado-o-aun-no-ha-sido-entregado-enviado\/"]}]},{"@type":"BreadcrumbList","@id":"https:\/\/www.spottergps.com\/es\/faq\/tienda-en-linea\/mi-envio-esta-retrasado-o-aun-no-ha-sido-entregado-enviado\/#breadcrumb","itemListElement":[{"@type":"ListItem","position":1,"name":"Home","item":"https:\/\/www.spottergps.com\/es\/"},{"@type":"ListItem","position":2,"name":"\u00bfC\u00f3mo podemos ayudarte?","item":"https:\/\/www.spottergps.com\/es\/faq\/"},{"@type":"ListItem","position":3,"name":"Tienda en L\u00ednea","item":"https:\/\/www.spottergps.com\/es\/faq\/tienda-en-linea\/"},{"@type":"ListItem","position":4,"name":"\u00bfMi env\u00edo est\u00e1 retrasado o a\u00fan no ha sido entregado\/enviado?"}]},{"@type":"WebSite","@id":"https:\/\/www.spottergps.com\/es\/#website","url":"https:\/\/www.spottergps.com\/es\/","name":"Spotter Spain","description":"Para todo lo que amas","publisher":{"@id":"https:\/\/www.spottergps.com\/es\/#organization"},"potentialAction":[{"@type":"SearchAction","target":{"@type":"EntryPoint","urlTemplate":"https:\/\/www.spottergps.com\/es\/?s={search_term_string}"},"query-input":{"@type":"PropertyValueSpecification","valueRequired":true,"valueName":"search_term_string"}}],"inLanguage":"es-ES"},{"@type":"Organization","@id":"https:\/\/www.spottergps.com\/es\/#organization","name":"Spotter B.V.","url":"https:\/\/www.spottergps.com\/es\/","logo":{"@type":"ImageObject","inLanguage":"es-ES","@id":"https:\/\/www.spottergps.com\/es\/#\/schema\/logo\/image\/","url":"https:\/\/www.spottergps.com\/es\/wp-content\/uploads\/sites\/7\/2023\/09\/Spotter_logo.png","contentUrl":"https:\/\/www.spottergps.com\/es\/wp-content\/uploads\/sites\/7\/2023\/09\/Spotter_logo.png","width":1500,"height":696,"caption":"Spotter B.V."},"image":{"@id":"https:\/\/www.spottergps.com\/es\/#\/schema\/logo\/image\/"}}]}},"_links":{"self":[{"href":"https:\/\/www.spottergps.com\/es\/wp-json\/wp\/v2\/pages\/249","targetHints":{"allow":["GET"]}}],"collection":[{"href":"https:\/\/www.spottergps.com\/es\/wp-json\/wp\/v2\/pages"}],"about":[{"href":"https:\/\/www.spottergps.com\/es\/wp-json\/wp\/v2\/types\/page"}],"author":[{"embeddable":true,"href":"https:\/\/www.spottergps.com\/es\/wp-json\/wp\/v2\/users\/10"}],"replies":[{"embeddable":true,"href":"https:\/\/www.spottergps.com\/es\/wp-json\/wp\/v2\/comments?post=249"}],"version-history":[{"count":4,"href":"https:\/\/www.spottergps.com\/es\/wp-json\/wp\/v2\/pages\/249\/revisions"}],"predecessor-version":[{"id":1550,"href":"https:\/\/www.spottergps.com\/es\/wp-json\/wp\/v2\/pages\/249\/revisions\/1550"}],"up":[{"embeddable":true,"href":"https:\/\/www.spottergps.com\/es\/wp-json\/wp\/v2\/pages\/222"}],"wp:attachment":[{"href":"https:\/\/www.spottergps.com\/es\/wp-json\/wp\/v2\/media?parent=249"}],"wp:term":[{"taxonomy":"category","embeddable":true,"href":"https:\/\/www.spottergps.com\/es\/wp-json\/wp\/v2\/categories?post=249"},{"taxonomy":"post_tag","embeddable":true,"href":"https:\/\/www.spottergps.com\/es\/wp-json\/wp\/v2\/tags?post=249"}],"curies":[{"name":"wp","href":"https:\/\/api.w.org\/{rel}","templated":true}]}}