{"id":247,"date":"2023-03-29T11:46:33","date_gmt":"2023-03-29T11:46:33","guid":{"rendered":"https:\/\/www.spottergps.com\/es\/?page_id=247"},"modified":"2024-07-01T12:45:21","modified_gmt":"2024-07-01T12:45:21","slug":"con-que-servicio-de-paqueteria-se-enviara-mi-pedido","status":"publish","type":"page","link":"https:\/\/www.spottergps.com\/es\/faq\/tienda-en-linea\/con-que-servicio-de-paqueteria-se-enviara-mi-pedido\/","title":{"rendered":"\u00bfCon qu\u00e9 servicio de paqueter\u00eda se enviar\u00e1 mi pedido?"},"content":{"rendered":"\n<p>Su pedido ser\u00e1 enviado con nuestro socio DHL. Los pedidos realizados en d\u00edas laborables antes de las 15:00 horas se enviar\u00e1n el mismo d\u00eda. Puede realizar un seguimiento de su pedido con un c\u00f3digo de seguimiento y localizaci\u00f3n que le enviamos despu\u00e9s de realizar el pedido.<\/p>\n","protected":false},"excerpt":{"rendered":"<p>Su pedido ser\u00e1 enviado con nuestro socio DHL. Los pedidos realizados en d\u00edas laborables antes de las 15:00 horas se enviar\u00e1n el mismo d\u00eda. Puede realizar un seguimiento de su pedido con un c\u00f3digo de seguimiento y localizaci\u00f3n que le enviamos despu\u00e9s de realizar el pedido.<\/p>\n","protected":false},"author":10,"featured_media":0,"parent":222,"menu_order":0,"comment_status":"closed","ping_status":"closed","template":"faq-content.php","meta":{"_acf_changed":false,"footnotes":""},"categories":[2],"tags":[],"class_list":["post-247","page","type-page","status-publish","hentry","category-faq"],"acf":[],"yoast_head":"<!-- This site is optimized with the Yoast SEO plugin v25.9 - https:\/\/yoast.com\/wordpress\/plugins\/seo\/ -->\n<title>\u00bfCon qu\u00e9 servicio de paqueter\u00eda se enviar\u00e1 mi pedido? - Spotter Spain<\/title>\n<meta name=\"robots\" content=\"noindex, nofollow\" \/>\n<meta property=\"og:locale\" content=\"es_ES\" \/>\n<meta property=\"og:type\" content=\"article\" \/>\n<meta property=\"og:title\" content=\"\u00bfCon qu\u00e9 servicio de paqueter\u00eda se enviar\u00e1 mi pedido? - Spotter Spain\" \/>\n<meta property=\"og:description\" content=\"Su pedido ser\u00e1 enviado con nuestro socio DHL. Los pedidos realizados en d\u00edas laborables antes de las 15:00 horas se enviar\u00e1n el mismo d\u00eda. Puede realizar un seguimiento de su pedido con un c\u00f3digo de seguimiento y localizaci\u00f3n que le enviamos despu\u00e9s de realizar el pedido.\" \/>\n<meta property=\"og:url\" content=\"https:\/\/www.spottergps.com\/es\/faq\/tienda-en-linea\/con-que-servicio-de-paqueteria-se-enviara-mi-pedido\/\" \/>\n<meta property=\"og:site_name\" content=\"Spotter Spain\" \/>\n<meta property=\"article:modified_time\" content=\"2024-07-01T12:45:21+00:00\" \/>\n<meta name=\"twitter:card\" content=\"summary_large_image\" \/>\n<meta name=\"twitter:label1\" content=\"Tiempo de lectura\" \/>\n\t<meta name=\"twitter:data1\" content=\"1 minute\" \/>\n<script type=\"application\/ld+json\" class=\"yoast-schema-graph\">{\"@context\":\"https:\/\/schema.org\",\"@graph\":[{\"@type\":\"WebPage\",\"@id\":\"https:\/\/www.spottergps.com\/es\/faq\/tienda-en-linea\/con-que-servicio-de-paqueteria-se-enviara-mi-pedido\/\",\"url\":\"https:\/\/www.spottergps.com\/es\/faq\/tienda-en-linea\/con-que-servicio-de-paqueteria-se-enviara-mi-pedido\/\",\"name\":\"\u00bfCon qu\u00e9 servicio de paqueter\u00eda se enviar\u00e1 mi pedido? - Spotter Spain\",\"isPartOf\":{\"@id\":\"https:\/\/www.spottergps.com\/es\/#website\"},\"datePublished\":\"2023-03-29T11:46:33+00:00\",\"dateModified\":\"2024-07-01T12:45:21+00:00\",\"breadcrumb\":{\"@id\":\"https:\/\/www.spottergps.com\/es\/faq\/tienda-en-linea\/con-que-servicio-de-paqueteria-se-enviara-mi-pedido\/#breadcrumb\"},\"inLanguage\":\"es-ES\",\"potentialAction\":[{\"@type\":\"ReadAction\",\"target\":[\"https:\/\/www.spottergps.com\/es\/faq\/tienda-en-linea\/con-que-servicio-de-paqueteria-se-enviara-mi-pedido\/\"]}]},{\"@type\":\"BreadcrumbList\",\"@id\":\"https:\/\/www.spottergps.com\/es\/faq\/tienda-en-linea\/con-que-servicio-de-paqueteria-se-enviara-mi-pedido\/#breadcrumb\",\"itemListElement\":[{\"@type\":\"ListItem\",\"position\":1,\"name\":\"Home\",\"item\":\"https:\/\/www.spottergps.com\/es\/\"},{\"@type\":\"ListItem\",\"position\":2,\"name\":\"\u00bfC\u00f3mo podemos ayudarte?\",\"item\":\"https:\/\/www.spottergps.com\/es\/faq\/\"},{\"@type\":\"ListItem\",\"position\":3,\"name\":\"Tienda en L\u00ednea\",\"item\":\"https:\/\/www.spottergps.com\/es\/faq\/tienda-en-linea\/\"},{\"@type\":\"ListItem\",\"position\":4,\"name\":\"\u00bfCon qu\u00e9 servicio de paqueter\u00eda se enviar\u00e1 mi pedido?\"}]},{\"@type\":\"WebSite\",\"@id\":\"https:\/\/www.spottergps.com\/es\/#website\",\"url\":\"https:\/\/www.spottergps.com\/es\/\",\"name\":\"Spotter Spain\",\"description\":\"Para todo lo que amas\",\"publisher\":{\"@id\":\"https:\/\/www.spottergps.com\/es\/#organization\"},\"potentialAction\":[{\"@type\":\"SearchAction\",\"target\":{\"@type\":\"EntryPoint\",\"urlTemplate\":\"https:\/\/www.spottergps.com\/es\/?s={search_term_string}\"},\"query-input\":{\"@type\":\"PropertyValueSpecification\",\"valueRequired\":true,\"valueName\":\"search_term_string\"}}],\"inLanguage\":\"es-ES\"},{\"@type\":\"Organization\",\"@id\":\"https:\/\/www.spottergps.com\/es\/#organization\",\"name\":\"Spotter B.V.\",\"url\":\"https:\/\/www.spottergps.com\/es\/\",\"logo\":{\"@type\":\"ImageObject\",\"inLanguage\":\"es-ES\",\"@id\":\"https:\/\/www.spottergps.com\/es\/#\/schema\/logo\/image\/\",\"url\":\"https:\/\/www.spottergps.com\/es\/wp-content\/uploads\/sites\/7\/2023\/09\/Spotter_logo.png\",\"contentUrl\":\"https:\/\/www.spottergps.com\/es\/wp-content\/uploads\/sites\/7\/2023\/09\/Spotter_logo.png\",\"width\":1500,\"height\":696,\"caption\":\"Spotter B.V.\"},\"image\":{\"@id\":\"https:\/\/www.spottergps.com\/es\/#\/schema\/logo\/image\/\"}}]}<\/script>\n<!-- \/ Yoast SEO plugin. -->","yoast_head_json":{"title":"\u00bfCon qu\u00e9 servicio de paqueter\u00eda se enviar\u00e1 mi pedido? - Spotter Spain","robots":{"index":"noindex","follow":"nofollow"},"og_locale":"es_ES","og_type":"article","og_title":"\u00bfCon qu\u00e9 servicio de paqueter\u00eda se enviar\u00e1 mi pedido? - Spotter Spain","og_description":"Su pedido ser\u00e1 enviado con nuestro socio DHL. Los pedidos realizados en d\u00edas laborables antes de las 15:00 horas se enviar\u00e1n el mismo d\u00eda. Puede realizar un seguimiento de su pedido con un c\u00f3digo de seguimiento y localizaci\u00f3n que le enviamos despu\u00e9s de realizar el pedido.","og_url":"https:\/\/www.spottergps.com\/es\/faq\/tienda-en-linea\/con-que-servicio-de-paqueteria-se-enviara-mi-pedido\/","og_site_name":"Spotter Spain","article_modified_time":"2024-07-01T12:45:21+00:00","twitter_card":"summary_large_image","twitter_misc":{"Tiempo de lectura":"1 minute"},"schema":{"@context":"https:\/\/schema.org","@graph":[{"@type":"WebPage","@id":"https:\/\/www.spottergps.com\/es\/faq\/tienda-en-linea\/con-que-servicio-de-paqueteria-se-enviara-mi-pedido\/","url":"https:\/\/www.spottergps.com\/es\/faq\/tienda-en-linea\/con-que-servicio-de-paqueteria-se-enviara-mi-pedido\/","name":"\u00bfCon qu\u00e9 servicio de paqueter\u00eda se enviar\u00e1 mi pedido? - Spotter Spain","isPartOf":{"@id":"https:\/\/www.spottergps.com\/es\/#website"},"datePublished":"2023-03-29T11:46:33+00:00","dateModified":"2024-07-01T12:45:21+00:00","breadcrumb":{"@id":"https:\/\/www.spottergps.com\/es\/faq\/tienda-en-linea\/con-que-servicio-de-paqueteria-se-enviara-mi-pedido\/#breadcrumb"},"inLanguage":"es-ES","potentialAction":[{"@type":"ReadAction","target":["https:\/\/www.spottergps.com\/es\/faq\/tienda-en-linea\/con-que-servicio-de-paqueteria-se-enviara-mi-pedido\/"]}]},{"@type":"BreadcrumbList","@id":"https:\/\/www.spottergps.com\/es\/faq\/tienda-en-linea\/con-que-servicio-de-paqueteria-se-enviara-mi-pedido\/#breadcrumb","itemListElement":[{"@type":"ListItem","position":1,"name":"Home","item":"https:\/\/www.spottergps.com\/es\/"},{"@type":"ListItem","position":2,"name":"\u00bfC\u00f3mo podemos ayudarte?","item":"https:\/\/www.spottergps.com\/es\/faq\/"},{"@type":"ListItem","position":3,"name":"Tienda en L\u00ednea","item":"https:\/\/www.spottergps.com\/es\/faq\/tienda-en-linea\/"},{"@type":"ListItem","position":4,"name":"\u00bfCon qu\u00e9 servicio de paqueter\u00eda se enviar\u00e1 mi pedido?"}]},{"@type":"WebSite","@id":"https:\/\/www.spottergps.com\/es\/#website","url":"https:\/\/www.spottergps.com\/es\/","name":"Spotter Spain","description":"Para todo lo que amas","publisher":{"@id":"https:\/\/www.spottergps.com\/es\/#organization"},"potentialAction":[{"@type":"SearchAction","target":{"@type":"EntryPoint","urlTemplate":"https:\/\/www.spottergps.com\/es\/?s={search_term_string}"},"query-input":{"@type":"PropertyValueSpecification","valueRequired":true,"valueName":"search_term_string"}}],"inLanguage":"es-ES"},{"@type":"Organization","@id":"https:\/\/www.spottergps.com\/es\/#organization","name":"Spotter B.V.","url":"https:\/\/www.spottergps.com\/es\/","logo":{"@type":"ImageObject","inLanguage":"es-ES","@id":"https:\/\/www.spottergps.com\/es\/#\/schema\/logo\/image\/","url":"https:\/\/www.spottergps.com\/es\/wp-content\/uploads\/sites\/7\/2023\/09\/Spotter_logo.png","contentUrl":"https:\/\/www.spottergps.com\/es\/wp-content\/uploads\/sites\/7\/2023\/09\/Spotter_logo.png","width":1500,"height":696,"caption":"Spotter B.V."},"image":{"@id":"https:\/\/www.spottergps.com\/es\/#\/schema\/logo\/image\/"}}]}},"_links":{"self":[{"href":"https:\/\/www.spottergps.com\/es\/wp-json\/wp\/v2\/pages\/247","targetHints":{"allow":["GET"]}}],"collection":[{"href":"https:\/\/www.spottergps.com\/es\/wp-json\/wp\/v2\/pages"}],"about":[{"href":"https:\/\/www.spottergps.com\/es\/wp-json\/wp\/v2\/types\/page"}],"author":[{"embeddable":true,"href":"https:\/\/www.spottergps.com\/es\/wp-json\/wp\/v2\/users\/10"}],"replies":[{"embeddable":true,"href":"https:\/\/www.spottergps.com\/es\/wp-json\/wp\/v2\/comments?post=247"}],"version-history":[{"count":2,"href":"https:\/\/www.spottergps.com\/es\/wp-json\/wp\/v2\/pages\/247\/revisions"}],"predecessor-version":[{"id":341,"href":"https:\/\/www.spottergps.com\/es\/wp-json\/wp\/v2\/pages\/247\/revisions\/341"}],"up":[{"embeddable":true,"href":"https:\/\/www.spottergps.com\/es\/wp-json\/wp\/v2\/pages\/222"}],"wp:attachment":[{"href":"https:\/\/www.spottergps.com\/es\/wp-json\/wp\/v2\/media?parent=247"}],"wp:term":[{"taxonomy":"category","embeddable":true,"href":"https:\/\/www.spottergps.com\/es\/wp-json\/wp\/v2\/categories?post=247"},{"taxonomy":"post_tag","embeddable":true,"href":"https:\/\/www.spottergps.com\/es\/wp-json\/wp\/v2\/tags?post=247"}],"curies":[{"name":"wp","href":"https:\/\/api.w.org\/{rel}","templated":true}]}}