{"id":2418,"date":"2025-07-28T14:42:31","date_gmt":"2025-07-28T14:42:31","guid":{"rendered":"https:\/\/www.spottergps.com\/es\/?page_id=2418"},"modified":"2026-03-06T10:55:12","modified_gmt":"2026-03-06T10:55:12","slug":"localizador-gps","status":"publish","type":"page","link":"https:\/\/www.spottergps.com\/es\/localizador-gps\/","title":{"rendered":"Localizador GPS para ni\u00f1os, perros, coches y personas mayores"},"content":{"rendered":"\n<p data-start=\"439\" data-end=\"768\">\u00bfQuieres comprar un localizador GPS, pero a\u00fan no sabes qu\u00e9 tipo se adapta mejor a tu situaci\u00f3n? Entonces has llegado al lugar adecuado. Ya sea que est\u00e9s buscando un GPS tracker para ni\u00f1os, un localizador GPS para tu mascota, o un rastreador autom\u00e1tico para coche, nosotros te ayudamos a encontrar la mejor opci\u00f3n.<\/p>\n<p data-start=\"770\" data-end=\"1128\">Gracias a las tecnolog\u00edas modernas, los localizadores de ubicaci\u00f3n, etiquetas GPS y dispositivos de rastreo GPS son ahora accesibles, precisos y muy f\u00e1ciles de usar. Ya sea que busques seguridad, control en tiempo real o simplemente m\u00e1s tranquilidad durante tus vacaciones, siempre existe una soluci\u00f3n que se ajusta a tus necesidades.<\/p>\n","protected":false},"excerpt":{"rendered":"<p>\u00bfQuieres comprar un localizador GPS, pero a\u00fan no sabes qu\u00e9 tipo se adapta mejor a tu situaci\u00f3n? Entonces has llegado al lugar adecuado. Ya sea que est\u00e9s buscando un GPS tracker para ni\u00f1os, un localizador GPS para tu mascota, o un rastreador autom\u00e1tico para coche, nosotros te ayudamos a encontrar la mejor opci\u00f3n. Gracias a [&hellip;]<\/p>\n","protected":false},"author":14,"featured_media":2346,"parent":0,"menu_order":0,"comment_status":"closed","ping_status":"closed","template":"","meta":{"_acf_changed":false,"footnotes":""},"categories":[],"tags":[],"class_list":["post-2418","page","type-page","status-publish","has-post-thumbnail","hentry"],"acf":[],"yoast_head":"<!-- This site is optimized with the Yoast SEO plugin v25.9 - https:\/\/yoast.com\/wordpress\/plugins\/seo\/ -->\n<title>\u00bfComprar localizador GPS? Para ni\u00f1os, mayores, mascotas y objetos<\/title>\n<meta name=\"description\" content=\"Localizador GPS ideal para ni\u00f1os, mascotas, personas mayores y objetos. Funciona con app, llamadas, sin suscripci\u00f3n y cobertura mundial.\" \/>\n<meta name=\"robots\" content=\"index, follow, max-snippet:-1, max-image-preview:large, max-video-preview:-1\" \/>\n<link rel=\"canonical\" href=\"https:\/\/www.spottergps.com\/es\/localizador-gps\/\" \/>\n<meta property=\"og:locale\" content=\"es_ES\" \/>\n<meta property=\"og:type\" content=\"article\" \/>\n<meta property=\"og:title\" content=\"\u00bfComprar localizador GPS? Para ni\u00f1os, mayores, mascotas y objetos\" \/>\n<meta property=\"og:description\" content=\"Localizador GPS ideal para ni\u00f1os, mascotas, personas mayores y objetos. Funciona con app, llamadas, sin suscripci\u00f3n y cobertura mundial.\" \/>\n<meta property=\"og:url\" content=\"https:\/\/www.spottergps.com\/es\/localizador-gps\/\" \/>\n<meta property=\"og:site_name\" content=\"Spotter Spain\" \/>\n<meta property=\"article:modified_time\" content=\"2026-03-06T10:55:12+00:00\" \/>\n<meta property=\"og:image\" content=\"https:\/\/www.spottergps.com\/es\/wp-content\/uploads\/sites\/7\/2025\/06\/localizador-para-personas-con-alzheimer-spotter.jpg\" \/>\n\t<meta property=\"og:image:width\" content=\"1600\" \/>\n\t<meta property=\"og:image:height\" content=\"1600\" \/>\n\t<meta property=\"og:image:type\" content=\"image\/jpeg\" \/>\n<meta name=\"twitter:card\" content=\"summary_large_image\" \/>\n<meta name=\"twitter:label1\" content=\"Tiempo de lectura\" \/>\n\t<meta name=\"twitter:data1\" content=\"1 minute\" \/>\n<script type=\"application\/ld+json\" class=\"yoast-schema-graph\">{\"@context\":\"https:\/\/schema.org\",\"@graph\":[{\"@type\":\"WebPage\",\"@id\":\"https:\/\/www.spottergps.com\/es\/localizador-gps\/\",\"url\":\"https:\/\/www.spottergps.com\/es\/localizador-gps\/\",\"name\":\"\u00bfComprar localizador GPS? Para ni\u00f1os, mayores, mascotas y objetos\",\"isPartOf\":{\"@id\":\"https:\/\/www.spottergps.com\/es\/#website\"},\"primaryImageOfPage\":{\"@id\":\"https:\/\/www.spottergps.com\/es\/localizador-gps\/#primaryimage\"},\"image\":{\"@id\":\"https:\/\/www.spottergps.com\/es\/localizador-gps\/#primaryimage\"},\"thumbnailUrl\":\"https:\/\/www.spottergps.com\/es\/wp-content\/uploads\/sites\/7\/2025\/06\/localizador-para-personas-con-alzheimer-spotter.jpg\",\"datePublished\":\"2025-07-28T14:42:31+00:00\",\"dateModified\":\"2026-03-06T10:55:12+00:00\",\"description\":\"Localizador GPS ideal para ni\u00f1os, mascotas, personas mayores y objetos. Funciona con app, llamadas, sin suscripci\u00f3n y cobertura mundial.\",\"breadcrumb\":{\"@id\":\"https:\/\/www.spottergps.com\/es\/localizador-gps\/#breadcrumb\"},\"inLanguage\":\"es-ES\",\"potentialAction\":[{\"@type\":\"ReadAction\",\"target\":[\"https:\/\/www.spottergps.com\/es\/localizador-gps\/\"]}]},{\"@type\":\"ImageObject\",\"inLanguage\":\"es-ES\",\"@id\":\"https:\/\/www.spottergps.com\/es\/localizador-gps\/#primaryimage\",\"url\":\"https:\/\/www.spottergps.com\/es\/wp-content\/uploads\/sites\/7\/2025\/06\/localizador-para-personas-con-alzheimer-spotter.jpg\",\"contentUrl\":\"https:\/\/www.spottergps.com\/es\/wp-content\/uploads\/sites\/7\/2025\/06\/localizador-para-personas-con-alzheimer-spotter.jpg\",\"width\":1600,\"height\":1600,\"caption\":\"localizador gps - spotter\"},{\"@type\":\"BreadcrumbList\",\"@id\":\"https:\/\/www.spottergps.com\/es\/localizador-gps\/#breadcrumb\",\"itemListElement\":[{\"@type\":\"ListItem\",\"position\":1,\"name\":\"Home\",\"item\":\"https:\/\/www.spottergps.com\/es\/\"},{\"@type\":\"ListItem\",\"position\":2,\"name\":\"Localizador GPS para ni\u00f1os, perros, coches y personas mayores\"}]},{\"@type\":\"WebSite\",\"@id\":\"https:\/\/www.spottergps.com\/es\/#website\",\"url\":\"https:\/\/www.spottergps.com\/es\/\",\"name\":\"Spotter Spain\",\"description\":\"Para todo lo que amas\",\"publisher\":{\"@id\":\"https:\/\/www.spottergps.com\/es\/#organization\"},\"potentialAction\":[{\"@type\":\"SearchAction\",\"target\":{\"@type\":\"EntryPoint\",\"urlTemplate\":\"https:\/\/www.spottergps.com\/es\/?s={search_term_string}\"},\"query-input\":{\"@type\":\"PropertyValueSpecification\",\"valueRequired\":true,\"valueName\":\"search_term_string\"}}],\"inLanguage\":\"es-ES\"},{\"@type\":\"Organization\",\"@id\":\"https:\/\/www.spottergps.com\/es\/#organization\",\"name\":\"Spotter B.V.\",\"url\":\"https:\/\/www.spottergps.com\/es\/\",\"logo\":{\"@type\":\"ImageObject\",\"inLanguage\":\"es-ES\",\"@id\":\"https:\/\/www.spottergps.com\/es\/#\/schema\/logo\/image\/\",\"url\":\"https:\/\/www.spottergps.com\/es\/wp-content\/uploads\/sites\/7\/2023\/09\/Spotter_logo.png\",\"contentUrl\":\"https:\/\/www.spottergps.com\/es\/wp-content\/uploads\/sites\/7\/2023\/09\/Spotter_logo.png\",\"width\":1500,\"height\":696,\"caption\":\"Spotter B.V.\"},\"image\":{\"@id\":\"https:\/\/www.spottergps.com\/es\/#\/schema\/logo\/image\/\"}}]}<\/script>\n<!-- \/ Yoast SEO plugin. -->","yoast_head_json":{"title":"\u00bfComprar localizador GPS? Para ni\u00f1os, mayores, mascotas y objetos","description":"Localizador GPS ideal para ni\u00f1os, mascotas, personas mayores y objetos. Funciona con app, llamadas, sin suscripci\u00f3n y cobertura mundial.","robots":{"index":"index","follow":"follow","max-snippet":"max-snippet:-1","max-image-preview":"max-image-preview:large","max-video-preview":"max-video-preview:-1"},"canonical":"https:\/\/www.spottergps.com\/es\/localizador-gps\/","og_locale":"es_ES","og_type":"article","og_title":"\u00bfComprar localizador GPS? Para ni\u00f1os, mayores, mascotas y objetos","og_description":"Localizador GPS ideal para ni\u00f1os, mascotas, personas mayores y objetos. Funciona con app, llamadas, sin suscripci\u00f3n y cobertura mundial.","og_url":"https:\/\/www.spottergps.com\/es\/localizador-gps\/","og_site_name":"Spotter Spain","article_modified_time":"2026-03-06T10:55:12+00:00","og_image":[{"width":1600,"height":1600,"url":"https:\/\/www.spottergps.com\/es\/wp-content\/uploads\/sites\/7\/2025\/06\/localizador-para-personas-con-alzheimer-spotter.jpg","type":"image\/jpeg"}],"twitter_card":"summary_large_image","twitter_misc":{"Tiempo de lectura":"1 minute"},"schema":{"@context":"https:\/\/schema.org","@graph":[{"@type":"WebPage","@id":"https:\/\/www.spottergps.com\/es\/localizador-gps\/","url":"https:\/\/www.spottergps.com\/es\/localizador-gps\/","name":"\u00bfComprar localizador GPS? Para ni\u00f1os, mayores, mascotas y objetos","isPartOf":{"@id":"https:\/\/www.spottergps.com\/es\/#website"},"primaryImageOfPage":{"@id":"https:\/\/www.spottergps.com\/es\/localizador-gps\/#primaryimage"},"image":{"@id":"https:\/\/www.spottergps.com\/es\/localizador-gps\/#primaryimage"},"thumbnailUrl":"https:\/\/www.spottergps.com\/es\/wp-content\/uploads\/sites\/7\/2025\/06\/localizador-para-personas-con-alzheimer-spotter.jpg","datePublished":"2025-07-28T14:42:31+00:00","dateModified":"2026-03-06T10:55:12+00:00","description":"Localizador GPS ideal para ni\u00f1os, mascotas, personas mayores y objetos. Funciona con app, llamadas, sin suscripci\u00f3n y cobertura mundial.","breadcrumb":{"@id":"https:\/\/www.spottergps.com\/es\/localizador-gps\/#breadcrumb"},"inLanguage":"es-ES","potentialAction":[{"@type":"ReadAction","target":["https:\/\/www.spottergps.com\/es\/localizador-gps\/"]}]},{"@type":"ImageObject","inLanguage":"es-ES","@id":"https:\/\/www.spottergps.com\/es\/localizador-gps\/#primaryimage","url":"https:\/\/www.spottergps.com\/es\/wp-content\/uploads\/sites\/7\/2025\/06\/localizador-para-personas-con-alzheimer-spotter.jpg","contentUrl":"https:\/\/www.spottergps.com\/es\/wp-content\/uploads\/sites\/7\/2025\/06\/localizador-para-personas-con-alzheimer-spotter.jpg","width":1600,"height":1600,"caption":"localizador gps - spotter"},{"@type":"BreadcrumbList","@id":"https:\/\/www.spottergps.com\/es\/localizador-gps\/#breadcrumb","itemListElement":[{"@type":"ListItem","position":1,"name":"Home","item":"https:\/\/www.spottergps.com\/es\/"},{"@type":"ListItem","position":2,"name":"Localizador GPS para ni\u00f1os, perros, coches y personas mayores"}]},{"@type":"WebSite","@id":"https:\/\/www.spottergps.com\/es\/#website","url":"https:\/\/www.spottergps.com\/es\/","name":"Spotter Spain","description":"Para todo lo que amas","publisher":{"@id":"https:\/\/www.spottergps.com\/es\/#organization"},"potentialAction":[{"@type":"SearchAction","target":{"@type":"EntryPoint","urlTemplate":"https:\/\/www.spottergps.com\/es\/?s={search_term_string}"},"query-input":{"@type":"PropertyValueSpecification","valueRequired":true,"valueName":"search_term_string"}}],"inLanguage":"es-ES"},{"@type":"Organization","@id":"https:\/\/www.spottergps.com\/es\/#organization","name":"Spotter B.V.","url":"https:\/\/www.spottergps.com\/es\/","logo":{"@type":"ImageObject","inLanguage":"es-ES","@id":"https:\/\/www.spottergps.com\/es\/#\/schema\/logo\/image\/","url":"https:\/\/www.spottergps.com\/es\/wp-content\/uploads\/sites\/7\/2023\/09\/Spotter_logo.png","contentUrl":"https:\/\/www.spottergps.com\/es\/wp-content\/uploads\/sites\/7\/2023\/09\/Spotter_logo.png","width":1500,"height":696,"caption":"Spotter B.V."},"image":{"@id":"https:\/\/www.spottergps.com\/es\/#\/schema\/logo\/image\/"}}]}},"_links":{"self":[{"href":"https:\/\/www.spottergps.com\/es\/wp-json\/wp\/v2\/pages\/2418","targetHints":{"allow":["GET"]}}],"collection":[{"href":"https:\/\/www.spottergps.com\/es\/wp-json\/wp\/v2\/pages"}],"about":[{"href":"https:\/\/www.spottergps.com\/es\/wp-json\/wp\/v2\/types\/page"}],"author":[{"embeddable":true,"href":"https:\/\/www.spottergps.com\/es\/wp-json\/wp\/v2\/users\/14"}],"replies":[{"embeddable":true,"href":"https:\/\/www.spottergps.com\/es\/wp-json\/wp\/v2\/comments?post=2418"}],"version-history":[{"count":15,"href":"https:\/\/www.spottergps.com\/es\/wp-json\/wp\/v2\/pages\/2418\/revisions"}],"predecessor-version":[{"id":2564,"href":"https:\/\/www.spottergps.com\/es\/wp-json\/wp\/v2\/pages\/2418\/revisions\/2564"}],"wp:featuredmedia":[{"embeddable":true,"href":"https:\/\/www.spottergps.com\/es\/wp-json\/wp\/v2\/media\/2346"}],"wp:attachment":[{"href":"https:\/\/www.spottergps.com\/es\/wp-json\/wp\/v2\/media?parent=2418"}],"wp:term":[{"taxonomy":"category","embeddable":true,"href":"https:\/\/www.spottergps.com\/es\/wp-json\/wp\/v2\/categories?post=2418"},{"taxonomy":"post_tag","embeddable":true,"href":"https:\/\/www.spottergps.com\/es\/wp-json\/wp\/v2\/tags?post=2418"}],"curies":[{"name":"wp","href":"https:\/\/api.w.org\/{rel}","templated":true}]}}