{"id":239,"date":"2023-03-29T11:43:02","date_gmt":"2023-03-29T11:43:02","guid":{"rendered":"https:\/\/www.spottergps.com\/es\/?page_id=239"},"modified":"2024-07-01T12:40:42","modified_gmt":"2024-07-01T12:40:42","slug":"no-puedo-pagar","status":"publish","type":"page","link":"https:\/\/www.spottergps.com\/es\/faq\/tienda-en-linea\/no-puedo-pagar\/","title":{"rendered":"No puedo pagar"},"content":{"rendered":"\n<p><strong>Quiero pedir un Spotter<\/strong><br>\u00bfNo puede completar el pago en nuestra tienda web para pedir un Spotter? Por favor, compruebe primero los puntos siguientes:<\/p>\n\n\n\n<ul class=\"wp-block-list\">\n<li>\u00bfSe han introducido correctamente todos los datos?<\/li>\n\n\n\n<li>\u00bfHay un mal funcionamiento en su banco?<\/li>\n\n\n\n<li>\u00bfTiene la opci\u00f3n de pagar su pedido a trav\u00e9s de otro m\u00e9todo de pago?<\/li>\n<\/ul>\n\n\n\n<p>\u00bfHas revisado todo pero a\u00fan no puedes pagar? P\u00f3ngase en contacto con nuestro departamento de soporte a trav\u00e9s de este <a href=\"https:\/\/www.spottergps.com\/es\/servicio-al-cliente\/\" data-type=\"URL\" data-id=\"https:\/\/www.spottergps.com\/es\/servicio-al-cliente\/\">formulario de contacto.<\/a>\u00a0<\/p>\n\n\n\n<p><strong>Quiero solicitar cr\u00e9dito prepago \u00bf<\/strong><br>No puede completar el pago al solicitar cr\u00e9dito prepago en su cuenta? Luego revisa los siguientes puntos:<\/p>\n\n\n\n<ul class=\"wp-block-list\">\n<li>\u00bfHa iniciado sesi\u00f3n correctamente en su cuenta?<\/li>\n\n\n\n<li>\u00bfTu pantalla no se abre para proceder al pago? Vuelva a realizar los pasos de la actualizaci\u00f3n.<\/li>\n\n\n\n<li>\u00bfSe han introducido correctamente todos los datos?<\/li>\n\n\n\n<li>\u00bfHa aceptado los T\u00e9rminos y condiciones haciendo clic en la casilla de verificaci\u00f3n?<\/li>\n\n\n\n<li>\u00bfHay un mal funcionamiento en su banco?<\/li>\n\n\n\n<li>\u00bfTiene la opci\u00f3n de pagar su pedido a trav\u00e9s de otro m\u00e9todo de pago?<\/li>\n<\/ul>\n\n\n\n<p>\u00bfHas revisado todo pero a\u00fan no puedes pagar? P\u00f3ngase en contacto con nuestro departamento de soporte a trav\u00e9s de este <a href=\"https:\/\/www.spottergps.com\/es\/servicio-al-cliente\/\" data-type=\"URL\" data-id=\"https:\/\/www.spottergps.com\/es\/servicio-al-cliente\/\">formulario de contacto<\/a>.<\/p>\n","protected":false},"excerpt":{"rendered":"<p>Quiero pedir un Spotter\u00bfNo puede completar el pago en nuestra tienda web para pedir un Spotter? Por favor, compruebe primero los puntos siguientes: \u00bfHas revisado todo pero a\u00fan no puedes pagar? P\u00f3ngase en contacto con nuestro departamento de soporte a trav\u00e9s de este formulario de contacto.\u00a0 Quiero solicitar cr\u00e9dito prepago \u00bfNo puede completar el pago [&hellip;]<\/p>\n","protected":false},"author":10,"featured_media":0,"parent":222,"menu_order":0,"comment_status":"closed","ping_status":"closed","template":"faq-content.php","meta":{"_acf_changed":false,"footnotes":""},"categories":[2],"tags":[],"class_list":["post-239","page","type-page","status-publish","hentry","category-faq"],"acf":[],"yoast_head":"<!-- This site is optimized with the Yoast SEO plugin v25.9 - https:\/\/yoast.com\/wordpress\/plugins\/seo\/ -->\n<title>No puedo pagar - Spotter Spain<\/title>\n<meta name=\"robots\" content=\"noindex, nofollow\" \/>\n<meta property=\"og:locale\" content=\"es_ES\" \/>\n<meta property=\"og:type\" content=\"article\" \/>\n<meta property=\"og:title\" content=\"No puedo pagar - Spotter Spain\" \/>\n<meta property=\"og:description\" content=\"Quiero pedir un Spotter\u00bfNo puede completar el pago en nuestra tienda web para pedir un Spotter? Por favor, compruebe primero los puntos siguientes: \u00bfHas revisado todo pero a\u00fan no puedes pagar? P\u00f3ngase en contacto con nuestro departamento de soporte a trav\u00e9s de este formulario de contacto.\u00a0 Quiero solicitar cr\u00e9dito prepago \u00bfNo puede completar el pago [&hellip;]\" \/>\n<meta property=\"og:url\" content=\"https:\/\/www.spottergps.com\/es\/faq\/tienda-en-linea\/no-puedo-pagar\/\" \/>\n<meta property=\"og:site_name\" content=\"Spotter Spain\" \/>\n<meta property=\"article:modified_time\" content=\"2024-07-01T12:40:42+00:00\" \/>\n<meta name=\"twitter:card\" content=\"summary_large_image\" \/>\n<meta name=\"twitter:label1\" content=\"Tiempo de lectura\" \/>\n\t<meta name=\"twitter:data1\" content=\"1 minute\" \/>\n<script type=\"application\/ld+json\" class=\"yoast-schema-graph\">{\"@context\":\"https:\/\/schema.org\",\"@graph\":[{\"@type\":\"WebPage\",\"@id\":\"https:\/\/www.spottergps.com\/es\/faq\/tienda-en-linea\/no-puedo-pagar\/\",\"url\":\"https:\/\/www.spottergps.com\/es\/faq\/tienda-en-linea\/no-puedo-pagar\/\",\"name\":\"No puedo pagar - Spotter Spain\",\"isPartOf\":{\"@id\":\"https:\/\/www.spottergps.com\/es\/#website\"},\"datePublished\":\"2023-03-29T11:43:02+00:00\",\"dateModified\":\"2024-07-01T12:40:42+00:00\",\"breadcrumb\":{\"@id\":\"https:\/\/www.spottergps.com\/es\/faq\/tienda-en-linea\/no-puedo-pagar\/#breadcrumb\"},\"inLanguage\":\"es-ES\",\"potentialAction\":[{\"@type\":\"ReadAction\",\"target\":[\"https:\/\/www.spottergps.com\/es\/faq\/tienda-en-linea\/no-puedo-pagar\/\"]}]},{\"@type\":\"BreadcrumbList\",\"@id\":\"https:\/\/www.spottergps.com\/es\/faq\/tienda-en-linea\/no-puedo-pagar\/#breadcrumb\",\"itemListElement\":[{\"@type\":\"ListItem\",\"position\":1,\"name\":\"Home\",\"item\":\"https:\/\/www.spottergps.com\/es\/\"},{\"@type\":\"ListItem\",\"position\":2,\"name\":\"\u00bfC\u00f3mo podemos ayudarte?\",\"item\":\"https:\/\/www.spottergps.com\/es\/faq\/\"},{\"@type\":\"ListItem\",\"position\":3,\"name\":\"Tienda en L\u00ednea\",\"item\":\"https:\/\/www.spottergps.com\/es\/faq\/tienda-en-linea\/\"},{\"@type\":\"ListItem\",\"position\":4,\"name\":\"No puedo pagar\"}]},{\"@type\":\"WebSite\",\"@id\":\"https:\/\/www.spottergps.com\/es\/#website\",\"url\":\"https:\/\/www.spottergps.com\/es\/\",\"name\":\"Spotter Spain\",\"description\":\"Para todo lo que amas\",\"publisher\":{\"@id\":\"https:\/\/www.spottergps.com\/es\/#organization\"},\"potentialAction\":[{\"@type\":\"SearchAction\",\"target\":{\"@type\":\"EntryPoint\",\"urlTemplate\":\"https:\/\/www.spottergps.com\/es\/?s={search_term_string}\"},\"query-input\":{\"@type\":\"PropertyValueSpecification\",\"valueRequired\":true,\"valueName\":\"search_term_string\"}}],\"inLanguage\":\"es-ES\"},{\"@type\":\"Organization\",\"@id\":\"https:\/\/www.spottergps.com\/es\/#organization\",\"name\":\"Spotter B.V.\",\"url\":\"https:\/\/www.spottergps.com\/es\/\",\"logo\":{\"@type\":\"ImageObject\",\"inLanguage\":\"es-ES\",\"@id\":\"https:\/\/www.spottergps.com\/es\/#\/schema\/logo\/image\/\",\"url\":\"https:\/\/www.spottergps.com\/es\/wp-content\/uploads\/sites\/7\/2023\/09\/Spotter_logo.png\",\"contentUrl\":\"https:\/\/www.spottergps.com\/es\/wp-content\/uploads\/sites\/7\/2023\/09\/Spotter_logo.png\",\"width\":1500,\"height\":696,\"caption\":\"Spotter B.V.\"},\"image\":{\"@id\":\"https:\/\/www.spottergps.com\/es\/#\/schema\/logo\/image\/\"}}]}<\/script>\n<!-- \/ Yoast SEO plugin. -->","yoast_head_json":{"title":"No puedo pagar - Spotter Spain","robots":{"index":"noindex","follow":"nofollow"},"og_locale":"es_ES","og_type":"article","og_title":"No puedo pagar - Spotter Spain","og_description":"Quiero pedir un Spotter\u00bfNo puede completar el pago en nuestra tienda web para pedir un Spotter? Por favor, compruebe primero los puntos siguientes: \u00bfHas revisado todo pero a\u00fan no puedes pagar? P\u00f3ngase en contacto con nuestro departamento de soporte a trav\u00e9s de este formulario de contacto.\u00a0 Quiero solicitar cr\u00e9dito prepago \u00bfNo puede completar el pago [&hellip;]","og_url":"https:\/\/www.spottergps.com\/es\/faq\/tienda-en-linea\/no-puedo-pagar\/","og_site_name":"Spotter Spain","article_modified_time":"2024-07-01T12:40:42+00:00","twitter_card":"summary_large_image","twitter_misc":{"Tiempo de lectura":"1 minute"},"schema":{"@context":"https:\/\/schema.org","@graph":[{"@type":"WebPage","@id":"https:\/\/www.spottergps.com\/es\/faq\/tienda-en-linea\/no-puedo-pagar\/","url":"https:\/\/www.spottergps.com\/es\/faq\/tienda-en-linea\/no-puedo-pagar\/","name":"No puedo pagar - Spotter Spain","isPartOf":{"@id":"https:\/\/www.spottergps.com\/es\/#website"},"datePublished":"2023-03-29T11:43:02+00:00","dateModified":"2024-07-01T12:40:42+00:00","breadcrumb":{"@id":"https:\/\/www.spottergps.com\/es\/faq\/tienda-en-linea\/no-puedo-pagar\/#breadcrumb"},"inLanguage":"es-ES","potentialAction":[{"@type":"ReadAction","target":["https:\/\/www.spottergps.com\/es\/faq\/tienda-en-linea\/no-puedo-pagar\/"]}]},{"@type":"BreadcrumbList","@id":"https:\/\/www.spottergps.com\/es\/faq\/tienda-en-linea\/no-puedo-pagar\/#breadcrumb","itemListElement":[{"@type":"ListItem","position":1,"name":"Home","item":"https:\/\/www.spottergps.com\/es\/"},{"@type":"ListItem","position":2,"name":"\u00bfC\u00f3mo podemos ayudarte?","item":"https:\/\/www.spottergps.com\/es\/faq\/"},{"@type":"ListItem","position":3,"name":"Tienda en L\u00ednea","item":"https:\/\/www.spottergps.com\/es\/faq\/tienda-en-linea\/"},{"@type":"ListItem","position":4,"name":"No puedo pagar"}]},{"@type":"WebSite","@id":"https:\/\/www.spottergps.com\/es\/#website","url":"https:\/\/www.spottergps.com\/es\/","name":"Spotter Spain","description":"Para todo lo que amas","publisher":{"@id":"https:\/\/www.spottergps.com\/es\/#organization"},"potentialAction":[{"@type":"SearchAction","target":{"@type":"EntryPoint","urlTemplate":"https:\/\/www.spottergps.com\/es\/?s={search_term_string}"},"query-input":{"@type":"PropertyValueSpecification","valueRequired":true,"valueName":"search_term_string"}}],"inLanguage":"es-ES"},{"@type":"Organization","@id":"https:\/\/www.spottergps.com\/es\/#organization","name":"Spotter B.V.","url":"https:\/\/www.spottergps.com\/es\/","logo":{"@type":"ImageObject","inLanguage":"es-ES","@id":"https:\/\/www.spottergps.com\/es\/#\/schema\/logo\/image\/","url":"https:\/\/www.spottergps.com\/es\/wp-content\/uploads\/sites\/7\/2023\/09\/Spotter_logo.png","contentUrl":"https:\/\/www.spottergps.com\/es\/wp-content\/uploads\/sites\/7\/2023\/09\/Spotter_logo.png","width":1500,"height":696,"caption":"Spotter B.V."},"image":{"@id":"https:\/\/www.spottergps.com\/es\/#\/schema\/logo\/image\/"}}]}},"_links":{"self":[{"href":"https:\/\/www.spottergps.com\/es\/wp-json\/wp\/v2\/pages\/239","targetHints":{"allow":["GET"]}}],"collection":[{"href":"https:\/\/www.spottergps.com\/es\/wp-json\/wp\/v2\/pages"}],"about":[{"href":"https:\/\/www.spottergps.com\/es\/wp-json\/wp\/v2\/types\/page"}],"author":[{"embeddable":true,"href":"https:\/\/www.spottergps.com\/es\/wp-json\/wp\/v2\/users\/10"}],"replies":[{"embeddable":true,"href":"https:\/\/www.spottergps.com\/es\/wp-json\/wp\/v2\/comments?post=239"}],"version-history":[{"count":2,"href":"https:\/\/www.spottergps.com\/es\/wp-json\/wp\/v2\/pages\/239\/revisions"}],"predecessor-version":[{"id":1541,"href":"https:\/\/www.spottergps.com\/es\/wp-json\/wp\/v2\/pages\/239\/revisions\/1541"}],"up":[{"embeddable":true,"href":"https:\/\/www.spottergps.com\/es\/wp-json\/wp\/v2\/pages\/222"}],"wp:attachment":[{"href":"https:\/\/www.spottergps.com\/es\/wp-json\/wp\/v2\/media?parent=239"}],"wp:term":[{"taxonomy":"category","embeddable":true,"href":"https:\/\/www.spottergps.com\/es\/wp-json\/wp\/v2\/categories?post=239"},{"taxonomy":"post_tag","embeddable":true,"href":"https:\/\/www.spottergps.com\/es\/wp-json\/wp\/v2\/tags?post=239"}],"curies":[{"name":"wp","href":"https:\/\/api.w.org\/{rel}","templated":true}]}}