{"id":231,"date":"2023-03-29T11:40:37","date_gmt":"2023-03-29T11:40:37","guid":{"rendered":"https:\/\/www.spottergps.com\/es\/?page_id=231"},"modified":"2024-07-01T12:47:29","modified_gmt":"2024-07-01T12:47:29","slug":"como-puedo-devolver-el-spotter","status":"publish","type":"page","link":"https:\/\/www.spottergps.com\/es\/faq\/tienda-en-linea\/como-puedo-devolver-el-spotter\/","title":{"rendered":"\u00bfC\u00f3mo puedo devolver el Spotter?"},"content":{"rendered":"\n<p>Lamentamos que est\u00e9 considerando devolver su compra. Nos gustar\u00eda hacer todo lo posible para garantizar que el producto cumpla con sus deseos y expectativas. Si rellena el <a href=\"https:\/\/www.spottergps.com\/es\/servicio-al-cliente\/\" data-type=\"URL\" data-id=\"https:\/\/www.spottergps.com\/es\/servicio-al-cliente\/\">formulario de contacto<\/a> de nuestra web, en breve nos pondremos en contacto con usted.<\/p>\n\n\n\n<h2 class=\"wp-block-heading\"><em><br><\/em><em>Devoluci\u00f3n en caso de defecto<\/em><\/h2>\n\n\n\n<p>Si el Spotter no funciona como se espera, nuestro servicio de atenci\u00f3n al cliente estar\u00e1 encantado de comprobarlo por usted. Complete el <a href=\"https:\/\/www.spottergps.com\/es\/servicio-al-cliente\/\" data-type=\"URL\" data-id=\"https:\/\/www.spottergps.com\/es\/servicio-al-cliente\/\">formulario de contacto <\/a>en nuestro sitio web y recibir\u00e1 un mensaje nuestro dentro de las 48 horas. A menudo dentro de unas pocas horas.<\/p>\n\n\n\n<h2 class=\"wp-block-heading\"><em><br><\/em><em>Devoluci\u00f3n en 14 d\u00edas<\/em><\/h2>\n\n\n\n<p>Si usted, como consumidor, desea cancelar y devolver su compra, esto es posible hasta 14 d\u00edas despu\u00e9s de la compra. No existe derecho de disoluci\u00f3n por compras de empresas.<br><br>Puede enviar su compra con <a href=\"https:\/\/www.spottergps.uk\/returns-within-14-days\/\" data-type=\"URL\" data-id=\"https:\/\/www.spottergps.uk\/returns-within-14-days\/\">formulario de devoluci\u00f3n <\/a>a la siguiente direcci\u00f3n, despu\u00e9s de lo cual se acreditar\u00e1 el monto de la compra.<br>Tenga en cuenta: no podemos procesar su env\u00edo de devoluci\u00f3n sin un formulario de devoluci\u00f3n.<\/p>\n\n\n\n<p>Spotter BV<br>Atenci\u00f3n al departamento de soporte Leeuwenhoekweg 20c 2661 CZ Bergschenhoek<br><br><strong>Aseg\u00farese de que el env\u00edo de devoluci\u00f3n se proporcione con:<\/strong><\/p>\n\n\n\n<ul class=\"wp-block-list\">\n<li>Embalaje original<\/li>\n\n\n\n<li>El Spotter incluye cable de carga + c\u00f3digo de spotter<\/li>\n\n\n\n<li>Comprobante de compra original<\/li>\n\n\n\n<li><a href=\"https:\/\/www.spottergps.uk\/returns-within-14-days\/\" data-type=\"URL\" data-id=\"https:\/\/www.spottergps.uk\/returns-within-14-days\/\">Formulario de devoluci\u00f3n<\/a><\/li>\n<\/ul>\n\n\n\n<p>Solo cuando el producto y el embalaje est\u00e9n en condiciones originales, completas y sin da\u00f1os, se puede reclamar el derecho de disoluci\u00f3n. Toda la documentaci\u00f3n adjunta, los certificados de garant\u00eda y los materiales de embalaje deben incluirse con el env\u00edo de devoluci\u00f3n. Antes de invocar la garant\u00eda, lea <a href=\"https:\/\/www.spottergps.com\/faq\/garantieregeling\/\">atentamente las condiciones de garant\u00eda <\/a>.<\/p>\n","protected":false},"excerpt":{"rendered":"<p>Lamentamos que est\u00e9 considerando devolver su compra. Nos gustar\u00eda hacer todo lo posible para garantizar que el producto cumpla con sus deseos y expectativas. Si rellena el formulario de contacto de nuestra web, en breve nos pondremos en contacto con usted. Devoluci\u00f3n en caso de defecto Si el Spotter no funciona como se espera, nuestro [&hellip;]<\/p>\n","protected":false},"author":10,"featured_media":0,"parent":222,"menu_order":0,"comment_status":"closed","ping_status":"closed","template":"faq-content.php","meta":{"_acf_changed":false,"footnotes":""},"categories":[2],"tags":[],"class_list":["post-231","page","type-page","status-publish","hentry","category-faq"],"acf":[],"yoast_head":"<!-- This site is optimized with the Yoast SEO plugin v25.9 - https:\/\/yoast.com\/wordpress\/plugins\/seo\/ -->\n<title>\u00bfC\u00f3mo puedo devolver el Spotter? - Spotter Spain<\/title>\n<meta name=\"robots\" content=\"noindex, nofollow\" \/>\n<meta property=\"og:locale\" content=\"es_ES\" \/>\n<meta property=\"og:type\" content=\"article\" \/>\n<meta property=\"og:title\" content=\"\u00bfC\u00f3mo puedo devolver el Spotter? - Spotter Spain\" \/>\n<meta property=\"og:description\" content=\"Lamentamos que est\u00e9 considerando devolver su compra. Nos gustar\u00eda hacer todo lo posible para garantizar que el producto cumpla con sus deseos y expectativas. Si rellena el formulario de contacto de nuestra web, en breve nos pondremos en contacto con usted. Devoluci\u00f3n en caso de defecto Si el Spotter no funciona como se espera, nuestro [&hellip;]\" \/>\n<meta property=\"og:url\" content=\"https:\/\/www.spottergps.com\/es\/faq\/tienda-en-linea\/como-puedo-devolver-el-spotter\/\" \/>\n<meta property=\"og:site_name\" content=\"Spotter Spain\" \/>\n<meta property=\"article:modified_time\" content=\"2024-07-01T12:47:29+00:00\" \/>\n<meta name=\"twitter:card\" content=\"summary_large_image\" \/>\n<meta name=\"twitter:label1\" content=\"Tiempo de lectura\" \/>\n\t<meta name=\"twitter:data1\" content=\"2 minutes\" \/>\n<script type=\"application\/ld+json\" class=\"yoast-schema-graph\">{\"@context\":\"https:\/\/schema.org\",\"@graph\":[{\"@type\":\"WebPage\",\"@id\":\"https:\/\/www.spottergps.com\/es\/faq\/tienda-en-linea\/como-puedo-devolver-el-spotter\/\",\"url\":\"https:\/\/www.spottergps.com\/es\/faq\/tienda-en-linea\/como-puedo-devolver-el-spotter\/\",\"name\":\"\u00bfC\u00f3mo puedo devolver el Spotter? - Spotter Spain\",\"isPartOf\":{\"@id\":\"https:\/\/www.spottergps.com\/es\/#website\"},\"datePublished\":\"2023-03-29T11:40:37+00:00\",\"dateModified\":\"2024-07-01T12:47:29+00:00\",\"breadcrumb\":{\"@id\":\"https:\/\/www.spottergps.com\/es\/faq\/tienda-en-linea\/como-puedo-devolver-el-spotter\/#breadcrumb\"},\"inLanguage\":\"es-ES\",\"potentialAction\":[{\"@type\":\"ReadAction\",\"target\":[\"https:\/\/www.spottergps.com\/es\/faq\/tienda-en-linea\/como-puedo-devolver-el-spotter\/\"]}]},{\"@type\":\"BreadcrumbList\",\"@id\":\"https:\/\/www.spottergps.com\/es\/faq\/tienda-en-linea\/como-puedo-devolver-el-spotter\/#breadcrumb\",\"itemListElement\":[{\"@type\":\"ListItem\",\"position\":1,\"name\":\"Home\",\"item\":\"https:\/\/www.spottergps.com\/es\/\"},{\"@type\":\"ListItem\",\"position\":2,\"name\":\"\u00bfC\u00f3mo podemos ayudarte?\",\"item\":\"https:\/\/www.spottergps.com\/es\/faq\/\"},{\"@type\":\"ListItem\",\"position\":3,\"name\":\"Tienda en L\u00ednea\",\"item\":\"https:\/\/www.spottergps.com\/es\/faq\/tienda-en-linea\/\"},{\"@type\":\"ListItem\",\"position\":4,\"name\":\"\u00bfC\u00f3mo puedo devolver el Spotter?\"}]},{\"@type\":\"WebSite\",\"@id\":\"https:\/\/www.spottergps.com\/es\/#website\",\"url\":\"https:\/\/www.spottergps.com\/es\/\",\"name\":\"Spotter Spain\",\"description\":\"Para todo lo que amas\",\"publisher\":{\"@id\":\"https:\/\/www.spottergps.com\/es\/#organization\"},\"potentialAction\":[{\"@type\":\"SearchAction\",\"target\":{\"@type\":\"EntryPoint\",\"urlTemplate\":\"https:\/\/www.spottergps.com\/es\/?s={search_term_string}\"},\"query-input\":{\"@type\":\"PropertyValueSpecification\",\"valueRequired\":true,\"valueName\":\"search_term_string\"}}],\"inLanguage\":\"es-ES\"},{\"@type\":\"Organization\",\"@id\":\"https:\/\/www.spottergps.com\/es\/#organization\",\"name\":\"Spotter B.V.\",\"url\":\"https:\/\/www.spottergps.com\/es\/\",\"logo\":{\"@type\":\"ImageObject\",\"inLanguage\":\"es-ES\",\"@id\":\"https:\/\/www.spottergps.com\/es\/#\/schema\/logo\/image\/\",\"url\":\"https:\/\/www.spottergps.com\/es\/wp-content\/uploads\/sites\/7\/2023\/09\/Spotter_logo.png\",\"contentUrl\":\"https:\/\/www.spottergps.com\/es\/wp-content\/uploads\/sites\/7\/2023\/09\/Spotter_logo.png\",\"width\":1500,\"height\":696,\"caption\":\"Spotter B.V.\"},\"image\":{\"@id\":\"https:\/\/www.spottergps.com\/es\/#\/schema\/logo\/image\/\"}}]}<\/script>\n<!-- \/ Yoast SEO plugin. -->","yoast_head_json":{"title":"\u00bfC\u00f3mo puedo devolver el Spotter? - Spotter Spain","robots":{"index":"noindex","follow":"nofollow"},"og_locale":"es_ES","og_type":"article","og_title":"\u00bfC\u00f3mo puedo devolver el Spotter? - Spotter Spain","og_description":"Lamentamos que est\u00e9 considerando devolver su compra. Nos gustar\u00eda hacer todo lo posible para garantizar que el producto cumpla con sus deseos y expectativas. Si rellena el formulario de contacto de nuestra web, en breve nos pondremos en contacto con usted. Devoluci\u00f3n en caso de defecto Si el Spotter no funciona como se espera, nuestro [&hellip;]","og_url":"https:\/\/www.spottergps.com\/es\/faq\/tienda-en-linea\/como-puedo-devolver-el-spotter\/","og_site_name":"Spotter Spain","article_modified_time":"2024-07-01T12:47:29+00:00","twitter_card":"summary_large_image","twitter_misc":{"Tiempo de lectura":"2 minutes"},"schema":{"@context":"https:\/\/schema.org","@graph":[{"@type":"WebPage","@id":"https:\/\/www.spottergps.com\/es\/faq\/tienda-en-linea\/como-puedo-devolver-el-spotter\/","url":"https:\/\/www.spottergps.com\/es\/faq\/tienda-en-linea\/como-puedo-devolver-el-spotter\/","name":"\u00bfC\u00f3mo puedo devolver el Spotter? - Spotter Spain","isPartOf":{"@id":"https:\/\/www.spottergps.com\/es\/#website"},"datePublished":"2023-03-29T11:40:37+00:00","dateModified":"2024-07-01T12:47:29+00:00","breadcrumb":{"@id":"https:\/\/www.spottergps.com\/es\/faq\/tienda-en-linea\/como-puedo-devolver-el-spotter\/#breadcrumb"},"inLanguage":"es-ES","potentialAction":[{"@type":"ReadAction","target":["https:\/\/www.spottergps.com\/es\/faq\/tienda-en-linea\/como-puedo-devolver-el-spotter\/"]}]},{"@type":"BreadcrumbList","@id":"https:\/\/www.spottergps.com\/es\/faq\/tienda-en-linea\/como-puedo-devolver-el-spotter\/#breadcrumb","itemListElement":[{"@type":"ListItem","position":1,"name":"Home","item":"https:\/\/www.spottergps.com\/es\/"},{"@type":"ListItem","position":2,"name":"\u00bfC\u00f3mo podemos ayudarte?","item":"https:\/\/www.spottergps.com\/es\/faq\/"},{"@type":"ListItem","position":3,"name":"Tienda en L\u00ednea","item":"https:\/\/www.spottergps.com\/es\/faq\/tienda-en-linea\/"},{"@type":"ListItem","position":4,"name":"\u00bfC\u00f3mo puedo devolver el Spotter?"}]},{"@type":"WebSite","@id":"https:\/\/www.spottergps.com\/es\/#website","url":"https:\/\/www.spottergps.com\/es\/","name":"Spotter Spain","description":"Para todo lo que amas","publisher":{"@id":"https:\/\/www.spottergps.com\/es\/#organization"},"potentialAction":[{"@type":"SearchAction","target":{"@type":"EntryPoint","urlTemplate":"https:\/\/www.spottergps.com\/es\/?s={search_term_string}"},"query-input":{"@type":"PropertyValueSpecification","valueRequired":true,"valueName":"search_term_string"}}],"inLanguage":"es-ES"},{"@type":"Organization","@id":"https:\/\/www.spottergps.com\/es\/#organization","name":"Spotter B.V.","url":"https:\/\/www.spottergps.com\/es\/","logo":{"@type":"ImageObject","inLanguage":"es-ES","@id":"https:\/\/www.spottergps.com\/es\/#\/schema\/logo\/image\/","url":"https:\/\/www.spottergps.com\/es\/wp-content\/uploads\/sites\/7\/2023\/09\/Spotter_logo.png","contentUrl":"https:\/\/www.spottergps.com\/es\/wp-content\/uploads\/sites\/7\/2023\/09\/Spotter_logo.png","width":1500,"height":696,"caption":"Spotter B.V."},"image":{"@id":"https:\/\/www.spottergps.com\/es\/#\/schema\/logo\/image\/"}}]}},"_links":{"self":[{"href":"https:\/\/www.spottergps.com\/es\/wp-json\/wp\/v2\/pages\/231","targetHints":{"allow":["GET"]}}],"collection":[{"href":"https:\/\/www.spottergps.com\/es\/wp-json\/wp\/v2\/pages"}],"about":[{"href":"https:\/\/www.spottergps.com\/es\/wp-json\/wp\/v2\/types\/page"}],"author":[{"embeddable":true,"href":"https:\/\/www.spottergps.com\/es\/wp-json\/wp\/v2\/users\/10"}],"replies":[{"embeddable":true,"href":"https:\/\/www.spottergps.com\/es\/wp-json\/wp\/v2\/comments?post=231"}],"version-history":[{"count":5,"href":"https:\/\/www.spottergps.com\/es\/wp-json\/wp\/v2\/pages\/231\/revisions"}],"predecessor-version":[{"id":1832,"href":"https:\/\/www.spottergps.com\/es\/wp-json\/wp\/v2\/pages\/231\/revisions\/1832"}],"up":[{"embeddable":true,"href":"https:\/\/www.spottergps.com\/es\/wp-json\/wp\/v2\/pages\/222"}],"wp:attachment":[{"href":"https:\/\/www.spottergps.com\/es\/wp-json\/wp\/v2\/media?parent=231"}],"wp:term":[{"taxonomy":"category","embeddable":true,"href":"https:\/\/www.spottergps.com\/es\/wp-json\/wp\/v2\/categories?post=231"},{"taxonomy":"post_tag","embeddable":true,"href":"https:\/\/www.spottergps.com\/es\/wp-json\/wp\/v2\/tags?post=231"}],"curies":[{"name":"wp","href":"https:\/\/api.w.org\/{rel}","templated":true}]}}