{"id":2227,"date":"2025-04-02T09:57:09","date_gmt":"2025-04-02T09:57:09","guid":{"rendered":"https:\/\/www.spottergps.com\/es\/?page_id=2227"},"modified":"2025-10-31T07:38:37","modified_gmt":"2025-10-31T07:38:37","slug":"como-funciona-un-rastreador-gps","status":"publish","type":"page","link":"https:\/\/www.spottergps.com\/es\/como-funciona-un-rastreador-gps\/","title":{"rendered":"\u00bfC\u00f3mo funciona un rastreador GPS?"},"content":{"rendered":"\n<p class=\"\" data-start=\"86\" data-end=\"223\">Los rastreadores GPS se han vuelto imprescindibles en nuestra vida diaria. Ofrecen seguridad y control y tienen m\u00faltiples aplicaciones.<\/p>\n<p class=\"\" data-start=\"225\" data-end=\"545\">Se pueden utilizar para localizar veh\u00edculos, personas, mascotas u otros objetos de valor. Pero, \u00bfc\u00f3mo funciona exactamente un rastreador GPS y por qu\u00e9 esta tecnolog\u00eda es tan fiable? En este art\u00edculo, analizamos en detalle el funcionamiento de un rastreador GPS y explicamos c\u00f3mo puede utilizarse en diferentes \u00e1mbitos.<\/p>\n","protected":false},"excerpt":{"rendered":"<p>Los rastreadores GPS se han vuelto imprescindibles en nuestra vida diaria. Ofrecen seguridad y control y tienen m\u00faltiples aplicaciones. Se pueden utilizar para localizar veh\u00edculos, personas, mascotas u otros objetos de valor. Pero, \u00bfc\u00f3mo funciona exactamente un rastreador GPS y por qu\u00e9 esta tecnolog\u00eda es tan fiable? En este art\u00edculo, analizamos en detalle el funcionamiento [&hellip;]<\/p>\n","protected":false},"author":14,"featured_media":0,"parent":0,"menu_order":0,"comment_status":"closed","ping_status":"closed","template":"","meta":{"_acf_changed":false,"footnotes":""},"categories":[1],"tags":[],"class_list":["post-2227","page","type-page","status-publish","hentry","category-niet-gecategoriseerd"],"acf":[],"yoast_head":"<!-- This site is optimized with the Yoast SEO plugin v25.9 - https:\/\/yoast.com\/wordpress\/plugins\/seo\/ -->\n<title>C\u00f3mo funciona un rastreador GPS - Spotter GPS<\/title>\n<meta name=\"robots\" content=\"index, follow, max-snippet:-1, max-image-preview:large, max-video-preview:-1\" \/>\n<link rel=\"canonical\" href=\"https:\/\/www.spottergps.com\/es\/como-funciona-un-rastreador-gps\/\" \/>\n<meta property=\"og:locale\" content=\"es_ES\" \/>\n<meta property=\"og:type\" content=\"article\" \/>\n<meta property=\"og:title\" content=\"C\u00f3mo funciona un rastreador GPS - Spotter GPS\" \/>\n<meta property=\"og:description\" content=\"Los rastreadores GPS se han vuelto imprescindibles en nuestra vida diaria. Ofrecen seguridad y control y tienen m\u00faltiples aplicaciones. Se pueden utilizar para localizar veh\u00edculos, personas, mascotas u otros objetos de valor. Pero, \u00bfc\u00f3mo funciona exactamente un rastreador GPS y por qu\u00e9 esta tecnolog\u00eda es tan fiable? En este art\u00edculo, analizamos en detalle el funcionamiento [&hellip;]\" \/>\n<meta property=\"og:url\" content=\"https:\/\/www.spottergps.com\/es\/como-funciona-un-rastreador-gps\/\" \/>\n<meta property=\"og:site_name\" content=\"Spotter Spain\" \/>\n<meta property=\"article:modified_time\" content=\"2025-10-31T07:38:37+00:00\" \/>\n<meta name=\"twitter:card\" content=\"summary_large_image\" \/>\n<meta name=\"twitter:label1\" content=\"Tiempo de lectura\" \/>\n\t<meta name=\"twitter:data1\" content=\"1 minute\" \/>\n<script type=\"application\/ld+json\" class=\"yoast-schema-graph\">{\"@context\":\"https:\/\/schema.org\",\"@graph\":[{\"@type\":\"WebPage\",\"@id\":\"https:\/\/www.spottergps.com\/es\/como-funciona-un-rastreador-gps\/\",\"url\":\"https:\/\/www.spottergps.com\/es\/como-funciona-un-rastreador-gps\/\",\"name\":\"C\u00f3mo funciona un rastreador GPS - Spotter GPS\",\"isPartOf\":{\"@id\":\"https:\/\/www.spottergps.com\/es\/#website\"},\"datePublished\":\"2025-04-02T09:57:09+00:00\",\"dateModified\":\"2025-10-31T07:38:37+00:00\",\"breadcrumb\":{\"@id\":\"https:\/\/www.spottergps.com\/es\/como-funciona-un-rastreador-gps\/#breadcrumb\"},\"inLanguage\":\"es-ES\",\"potentialAction\":[{\"@type\":\"ReadAction\",\"target\":[\"https:\/\/www.spottergps.com\/es\/como-funciona-un-rastreador-gps\/\"]}]},{\"@type\":\"BreadcrumbList\",\"@id\":\"https:\/\/www.spottergps.com\/es\/como-funciona-un-rastreador-gps\/#breadcrumb\",\"itemListElement\":[{\"@type\":\"ListItem\",\"position\":1,\"name\":\"Home\",\"item\":\"https:\/\/www.spottergps.com\/es\/\"},{\"@type\":\"ListItem\",\"position\":2,\"name\":\"\u00bfC\u00f3mo funciona un rastreador GPS?\"}]},{\"@type\":\"WebSite\",\"@id\":\"https:\/\/www.spottergps.com\/es\/#website\",\"url\":\"https:\/\/www.spottergps.com\/es\/\",\"name\":\"Spotter Spain\",\"description\":\"Para todo lo que amas\",\"publisher\":{\"@id\":\"https:\/\/www.spottergps.com\/es\/#organization\"},\"potentialAction\":[{\"@type\":\"SearchAction\",\"target\":{\"@type\":\"EntryPoint\",\"urlTemplate\":\"https:\/\/www.spottergps.com\/es\/?s={search_term_string}\"},\"query-input\":{\"@type\":\"PropertyValueSpecification\",\"valueRequired\":true,\"valueName\":\"search_term_string\"}}],\"inLanguage\":\"es-ES\"},{\"@type\":\"Organization\",\"@id\":\"https:\/\/www.spottergps.com\/es\/#organization\",\"name\":\"Spotter B.V.\",\"url\":\"https:\/\/www.spottergps.com\/es\/\",\"logo\":{\"@type\":\"ImageObject\",\"inLanguage\":\"es-ES\",\"@id\":\"https:\/\/www.spottergps.com\/es\/#\/schema\/logo\/image\/\",\"url\":\"https:\/\/www.spottergps.com\/es\/wp-content\/uploads\/sites\/7\/2023\/09\/Spotter_logo.png\",\"contentUrl\":\"https:\/\/www.spottergps.com\/es\/wp-content\/uploads\/sites\/7\/2023\/09\/Spotter_logo.png\",\"width\":1500,\"height\":696,\"caption\":\"Spotter B.V.\"},\"image\":{\"@id\":\"https:\/\/www.spottergps.com\/es\/#\/schema\/logo\/image\/\"}}]}<\/script>\n<!-- \/ Yoast SEO plugin. -->","yoast_head_json":{"title":"C\u00f3mo funciona un rastreador GPS - Spotter GPS","robots":{"index":"index","follow":"follow","max-snippet":"max-snippet:-1","max-image-preview":"max-image-preview:large","max-video-preview":"max-video-preview:-1"},"canonical":"https:\/\/www.spottergps.com\/es\/como-funciona-un-rastreador-gps\/","og_locale":"es_ES","og_type":"article","og_title":"C\u00f3mo funciona un rastreador GPS - Spotter GPS","og_description":"Los rastreadores GPS se han vuelto imprescindibles en nuestra vida diaria. Ofrecen seguridad y control y tienen m\u00faltiples aplicaciones. Se pueden utilizar para localizar veh\u00edculos, personas, mascotas u otros objetos de valor. Pero, \u00bfc\u00f3mo funciona exactamente un rastreador GPS y por qu\u00e9 esta tecnolog\u00eda es tan fiable? En este art\u00edculo, analizamos en detalle el funcionamiento [&hellip;]","og_url":"https:\/\/www.spottergps.com\/es\/como-funciona-un-rastreador-gps\/","og_site_name":"Spotter Spain","article_modified_time":"2025-10-31T07:38:37+00:00","twitter_card":"summary_large_image","twitter_misc":{"Tiempo de lectura":"1 minute"},"schema":{"@context":"https:\/\/schema.org","@graph":[{"@type":"WebPage","@id":"https:\/\/www.spottergps.com\/es\/como-funciona-un-rastreador-gps\/","url":"https:\/\/www.spottergps.com\/es\/como-funciona-un-rastreador-gps\/","name":"C\u00f3mo funciona un rastreador GPS - Spotter GPS","isPartOf":{"@id":"https:\/\/www.spottergps.com\/es\/#website"},"datePublished":"2025-04-02T09:57:09+00:00","dateModified":"2025-10-31T07:38:37+00:00","breadcrumb":{"@id":"https:\/\/www.spottergps.com\/es\/como-funciona-un-rastreador-gps\/#breadcrumb"},"inLanguage":"es-ES","potentialAction":[{"@type":"ReadAction","target":["https:\/\/www.spottergps.com\/es\/como-funciona-un-rastreador-gps\/"]}]},{"@type":"BreadcrumbList","@id":"https:\/\/www.spottergps.com\/es\/como-funciona-un-rastreador-gps\/#breadcrumb","itemListElement":[{"@type":"ListItem","position":1,"name":"Home","item":"https:\/\/www.spottergps.com\/es\/"},{"@type":"ListItem","position":2,"name":"\u00bfC\u00f3mo funciona un rastreador GPS?"}]},{"@type":"WebSite","@id":"https:\/\/www.spottergps.com\/es\/#website","url":"https:\/\/www.spottergps.com\/es\/","name":"Spotter Spain","description":"Para todo lo que amas","publisher":{"@id":"https:\/\/www.spottergps.com\/es\/#organization"},"potentialAction":[{"@type":"SearchAction","target":{"@type":"EntryPoint","urlTemplate":"https:\/\/www.spottergps.com\/es\/?s={search_term_string}"},"query-input":{"@type":"PropertyValueSpecification","valueRequired":true,"valueName":"search_term_string"}}],"inLanguage":"es-ES"},{"@type":"Organization","@id":"https:\/\/www.spottergps.com\/es\/#organization","name":"Spotter B.V.","url":"https:\/\/www.spottergps.com\/es\/","logo":{"@type":"ImageObject","inLanguage":"es-ES","@id":"https:\/\/www.spottergps.com\/es\/#\/schema\/logo\/image\/","url":"https:\/\/www.spottergps.com\/es\/wp-content\/uploads\/sites\/7\/2023\/09\/Spotter_logo.png","contentUrl":"https:\/\/www.spottergps.com\/es\/wp-content\/uploads\/sites\/7\/2023\/09\/Spotter_logo.png","width":1500,"height":696,"caption":"Spotter B.V."},"image":{"@id":"https:\/\/www.spottergps.com\/es\/#\/schema\/logo\/image\/"}}]}},"_links":{"self":[{"href":"https:\/\/www.spottergps.com\/es\/wp-json\/wp\/v2\/pages\/2227","targetHints":{"allow":["GET"]}}],"collection":[{"href":"https:\/\/www.spottergps.com\/es\/wp-json\/wp\/v2\/pages"}],"about":[{"href":"https:\/\/www.spottergps.com\/es\/wp-json\/wp\/v2\/types\/page"}],"author":[{"embeddable":true,"href":"https:\/\/www.spottergps.com\/es\/wp-json\/wp\/v2\/users\/14"}],"replies":[{"embeddable":true,"href":"https:\/\/www.spottergps.com\/es\/wp-json\/wp\/v2\/comments?post=2227"}],"version-history":[{"count":5,"href":"https:\/\/www.spottergps.com\/es\/wp-json\/wp\/v2\/pages\/2227\/revisions"}],"predecessor-version":[{"id":2495,"href":"https:\/\/www.spottergps.com\/es\/wp-json\/wp\/v2\/pages\/2227\/revisions\/2495"}],"wp:attachment":[{"href":"https:\/\/www.spottergps.com\/es\/wp-json\/wp\/v2\/media?parent=2227"}],"wp:term":[{"taxonomy":"category","embeddable":true,"href":"https:\/\/www.spottergps.com\/es\/wp-json\/wp\/v2\/categories?post=2227"},{"taxonomy":"post_tag","embeddable":true,"href":"https:\/\/www.spottergps.com\/es\/wp-json\/wp\/v2\/tags?post=2227"}],"curies":[{"name":"wp","href":"https:\/\/api.w.org\/{rel}","templated":true}]}}