{"id":212,"date":"2023-03-29T11:30:32","date_gmt":"2023-03-29T11:30:32","guid":{"rendered":"https:\/\/www.spottergps.com\/es\/?page_id=212"},"modified":"2024-07-01T12:47:55","modified_gmt":"2024-07-01T12:47:55","slug":"que-tan-seguros-son-los-productos-spotter","status":"publish","type":"page","link":"https:\/\/www.spottergps.com\/es\/seguridad-en-la-privacidad\/que-tan-seguros-son-los-productos-spotter\/","title":{"rendered":"\u00bfQu\u00e9 tan seguros son los productos Spotter?"},"content":{"rendered":"\n<p>Los productos de Spotter son seguros y fiables y cumplen con todas las directrices de seguridad europeas. Adem\u00e1s, se utiliza el m\u00e1s alto nivel de seguridad de datos para el procesamiento seguro de datos.<br><br>En <a href=\"https:\/\/www.spottergps.com\/es\/seguridad-y-privacida\/\" data-type=\"URL\" data-id=\"https:\/\/www.spottergps.com\/es\/seguridad-y-privacida\/\">esta p\u00e1gina <\/a>explicamos en detalle c\u00f3mo tratamos la seguridad y privacidad de nuestros productos.<\/p>\n","protected":false},"excerpt":{"rendered":"<p>Los productos de Spotter son seguros y fiables y cumplen con todas las directrices de seguridad europeas. Adem\u00e1s, se utiliza el m\u00e1s alto nivel de seguridad de datos para el procesamiento seguro de datos. En esta p\u00e1gina explicamos en detalle c\u00f3mo tratamos la seguridad y privacidad de nuestros productos.<\/p>\n","protected":false},"author":10,"featured_media":0,"parent":1553,"menu_order":0,"comment_status":"closed","ping_status":"closed","template":"faq-content.php","meta":{"_acf_changed":false,"footnotes":""},"categories":[2],"tags":[],"class_list":["post-212","page","type-page","status-publish","hentry","category-faq"],"acf":[],"yoast_head":"<!-- This site is optimized with the Yoast SEO plugin v25.9 - https:\/\/yoast.com\/wordpress\/plugins\/seo\/ -->\n<title>\u00bfQu\u00e9 tan seguros son los productos Spotter? - Spotter Spain<\/title>\n<meta name=\"robots\" content=\"noindex, nofollow\" \/>\n<meta property=\"og:locale\" content=\"es_ES\" \/>\n<meta property=\"og:type\" content=\"article\" \/>\n<meta property=\"og:title\" content=\"\u00bfQu\u00e9 tan seguros son los productos Spotter? - Spotter Spain\" \/>\n<meta property=\"og:description\" content=\"Los productos de Spotter son seguros y fiables y cumplen con todas las directrices de seguridad europeas. Adem\u00e1s, se utiliza el m\u00e1s alto nivel de seguridad de datos para el procesamiento seguro de datos. En esta p\u00e1gina explicamos en detalle c\u00f3mo tratamos la seguridad y privacidad de nuestros productos.\" \/>\n<meta property=\"og:url\" content=\"https:\/\/www.spottergps.com\/es\/seguridad-en-la-privacidad\/que-tan-seguros-son-los-productos-spotter\/\" \/>\n<meta property=\"og:site_name\" content=\"Spotter Spain\" \/>\n<meta property=\"article:modified_time\" content=\"2024-07-01T12:47:55+00:00\" \/>\n<meta name=\"twitter:card\" content=\"summary_large_image\" \/>\n<meta name=\"twitter:label1\" content=\"Tiempo de lectura\" \/>\n\t<meta name=\"twitter:data1\" content=\"1 minute\" \/>\n<script type=\"application\/ld+json\" class=\"yoast-schema-graph\">{\"@context\":\"https:\/\/schema.org\",\"@graph\":[{\"@type\":\"WebPage\",\"@id\":\"https:\/\/www.spottergps.com\/es\/seguridad-en-la-privacidad\/que-tan-seguros-son-los-productos-spotter\/\",\"url\":\"https:\/\/www.spottergps.com\/es\/seguridad-en-la-privacidad\/que-tan-seguros-son-los-productos-spotter\/\",\"name\":\"\u00bfQu\u00e9 tan seguros son los productos Spotter? - Spotter Spain\",\"isPartOf\":{\"@id\":\"https:\/\/www.spottergps.com\/es\/#website\"},\"datePublished\":\"2023-03-29T11:30:32+00:00\",\"dateModified\":\"2024-07-01T12:47:55+00:00\",\"breadcrumb\":{\"@id\":\"https:\/\/www.spottergps.com\/es\/seguridad-en-la-privacidad\/que-tan-seguros-son-los-productos-spotter\/#breadcrumb\"},\"inLanguage\":\"es-ES\",\"potentialAction\":[{\"@type\":\"ReadAction\",\"target\":[\"https:\/\/www.spottergps.com\/es\/seguridad-en-la-privacidad\/que-tan-seguros-son-los-productos-spotter\/\"]}]},{\"@type\":\"BreadcrumbList\",\"@id\":\"https:\/\/www.spottergps.com\/es\/seguridad-en-la-privacidad\/que-tan-seguros-son-los-productos-spotter\/#breadcrumb\",\"itemListElement\":[{\"@type\":\"ListItem\",\"position\":1,\"name\":\"Home\",\"item\":\"https:\/\/www.spottergps.com\/es\/\"},{\"@type\":\"ListItem\",\"position\":2,\"name\":\"Seguridad en la privacidad\",\"item\":\"https:\/\/www.spottergps.com\/es\/seguridad-en-la-privacidad\/\"},{\"@type\":\"ListItem\",\"position\":3,\"name\":\"\u00bfQu\u00e9 tan seguros son los productos Spotter?\"}]},{\"@type\":\"WebSite\",\"@id\":\"https:\/\/www.spottergps.com\/es\/#website\",\"url\":\"https:\/\/www.spottergps.com\/es\/\",\"name\":\"Spotter Spain\",\"description\":\"Para todo lo que amas\",\"publisher\":{\"@id\":\"https:\/\/www.spottergps.com\/es\/#organization\"},\"potentialAction\":[{\"@type\":\"SearchAction\",\"target\":{\"@type\":\"EntryPoint\",\"urlTemplate\":\"https:\/\/www.spottergps.com\/es\/?s={search_term_string}\"},\"query-input\":{\"@type\":\"PropertyValueSpecification\",\"valueRequired\":true,\"valueName\":\"search_term_string\"}}],\"inLanguage\":\"es-ES\"},{\"@type\":\"Organization\",\"@id\":\"https:\/\/www.spottergps.com\/es\/#organization\",\"name\":\"Spotter B.V.\",\"url\":\"https:\/\/www.spottergps.com\/es\/\",\"logo\":{\"@type\":\"ImageObject\",\"inLanguage\":\"es-ES\",\"@id\":\"https:\/\/www.spottergps.com\/es\/#\/schema\/logo\/image\/\",\"url\":\"https:\/\/www.spottergps.com\/es\/wp-content\/uploads\/sites\/7\/2023\/09\/Spotter_logo.png\",\"contentUrl\":\"https:\/\/www.spottergps.com\/es\/wp-content\/uploads\/sites\/7\/2023\/09\/Spotter_logo.png\",\"width\":1500,\"height\":696,\"caption\":\"Spotter B.V.\"},\"image\":{\"@id\":\"https:\/\/www.spottergps.com\/es\/#\/schema\/logo\/image\/\"}}]}<\/script>\n<!-- \/ Yoast SEO plugin. -->","yoast_head_json":{"title":"\u00bfQu\u00e9 tan seguros son los productos Spotter? - Spotter Spain","robots":{"index":"noindex","follow":"nofollow"},"og_locale":"es_ES","og_type":"article","og_title":"\u00bfQu\u00e9 tan seguros son los productos Spotter? - Spotter Spain","og_description":"Los productos de Spotter son seguros y fiables y cumplen con todas las directrices de seguridad europeas. Adem\u00e1s, se utiliza el m\u00e1s alto nivel de seguridad de datos para el procesamiento seguro de datos. En esta p\u00e1gina explicamos en detalle c\u00f3mo tratamos la seguridad y privacidad de nuestros productos.","og_url":"https:\/\/www.spottergps.com\/es\/seguridad-en-la-privacidad\/que-tan-seguros-son-los-productos-spotter\/","og_site_name":"Spotter Spain","article_modified_time":"2024-07-01T12:47:55+00:00","twitter_card":"summary_large_image","twitter_misc":{"Tiempo de lectura":"1 minute"},"schema":{"@context":"https:\/\/schema.org","@graph":[{"@type":"WebPage","@id":"https:\/\/www.spottergps.com\/es\/seguridad-en-la-privacidad\/que-tan-seguros-son-los-productos-spotter\/","url":"https:\/\/www.spottergps.com\/es\/seguridad-en-la-privacidad\/que-tan-seguros-son-los-productos-spotter\/","name":"\u00bfQu\u00e9 tan seguros son los productos Spotter? - Spotter Spain","isPartOf":{"@id":"https:\/\/www.spottergps.com\/es\/#website"},"datePublished":"2023-03-29T11:30:32+00:00","dateModified":"2024-07-01T12:47:55+00:00","breadcrumb":{"@id":"https:\/\/www.spottergps.com\/es\/seguridad-en-la-privacidad\/que-tan-seguros-son-los-productos-spotter\/#breadcrumb"},"inLanguage":"es-ES","potentialAction":[{"@type":"ReadAction","target":["https:\/\/www.spottergps.com\/es\/seguridad-en-la-privacidad\/que-tan-seguros-son-los-productos-spotter\/"]}]},{"@type":"BreadcrumbList","@id":"https:\/\/www.spottergps.com\/es\/seguridad-en-la-privacidad\/que-tan-seguros-son-los-productos-spotter\/#breadcrumb","itemListElement":[{"@type":"ListItem","position":1,"name":"Home","item":"https:\/\/www.spottergps.com\/es\/"},{"@type":"ListItem","position":2,"name":"Seguridad en la privacidad","item":"https:\/\/www.spottergps.com\/es\/seguridad-en-la-privacidad\/"},{"@type":"ListItem","position":3,"name":"\u00bfQu\u00e9 tan seguros son los productos Spotter?"}]},{"@type":"WebSite","@id":"https:\/\/www.spottergps.com\/es\/#website","url":"https:\/\/www.spottergps.com\/es\/","name":"Spotter Spain","description":"Para todo lo que amas","publisher":{"@id":"https:\/\/www.spottergps.com\/es\/#organization"},"potentialAction":[{"@type":"SearchAction","target":{"@type":"EntryPoint","urlTemplate":"https:\/\/www.spottergps.com\/es\/?s={search_term_string}"},"query-input":{"@type":"PropertyValueSpecification","valueRequired":true,"valueName":"search_term_string"}}],"inLanguage":"es-ES"},{"@type":"Organization","@id":"https:\/\/www.spottergps.com\/es\/#organization","name":"Spotter B.V.","url":"https:\/\/www.spottergps.com\/es\/","logo":{"@type":"ImageObject","inLanguage":"es-ES","@id":"https:\/\/www.spottergps.com\/es\/#\/schema\/logo\/image\/","url":"https:\/\/www.spottergps.com\/es\/wp-content\/uploads\/sites\/7\/2023\/09\/Spotter_logo.png","contentUrl":"https:\/\/www.spottergps.com\/es\/wp-content\/uploads\/sites\/7\/2023\/09\/Spotter_logo.png","width":1500,"height":696,"caption":"Spotter B.V."},"image":{"@id":"https:\/\/www.spottergps.com\/es\/#\/schema\/logo\/image\/"}}]}},"_links":{"self":[{"href":"https:\/\/www.spottergps.com\/es\/wp-json\/wp\/v2\/pages\/212","targetHints":{"allow":["GET"]}}],"collection":[{"href":"https:\/\/www.spottergps.com\/es\/wp-json\/wp\/v2\/pages"}],"about":[{"href":"https:\/\/www.spottergps.com\/es\/wp-json\/wp\/v2\/types\/page"}],"author":[{"embeddable":true,"href":"https:\/\/www.spottergps.com\/es\/wp-json\/wp\/v2\/users\/10"}],"replies":[{"embeddable":true,"href":"https:\/\/www.spottergps.com\/es\/wp-json\/wp\/v2\/comments?post=212"}],"version-history":[{"count":3,"href":"https:\/\/www.spottergps.com\/es\/wp-json\/wp\/v2\/pages\/212\/revisions"}],"predecessor-version":[{"id":1556,"href":"https:\/\/www.spottergps.com\/es\/wp-json\/wp\/v2\/pages\/212\/revisions\/1556"}],"up":[{"embeddable":true,"href":"https:\/\/www.spottergps.com\/es\/wp-json\/wp\/v2\/pages\/1553"}],"wp:attachment":[{"href":"https:\/\/www.spottergps.com\/es\/wp-json\/wp\/v2\/media?parent=212"}],"wp:term":[{"taxonomy":"category","embeddable":true,"href":"https:\/\/www.spottergps.com\/es\/wp-json\/wp\/v2\/categories?post=212"},{"taxonomy":"post_tag","embeddable":true,"href":"https:\/\/www.spottergps.com\/es\/wp-json\/wp\/v2\/tags?post=212"}],"curies":[{"name":"wp","href":"https:\/\/api.w.org\/{rel}","templated":true}]}}