{"id":208,"date":"2023-03-29T11:27:41","date_gmt":"2023-03-29T11:27:41","guid":{"rendered":"https:\/\/www.spottergps.com\/es\/?page_id=208"},"modified":"2024-07-01T12:24:23","modified_gmt":"2024-07-01T12:24:23","slug":"establecer-el-horario-de-verano-y-el-horario-de-invierno","status":"publish","type":"page","link":"https:\/\/www.spottergps.com\/es\/faq\/productos-y-caracteristicas\/establecer-el-horario-de-verano-y-el-horario-de-invierno\/","title":{"rendered":"Establecer el horario de verano y el horario de invierno"},"content":{"rendered":"\n<p>La hora del reloj Spotter GPS generalmente se ajusta autom\u00e1ticamente, excepto durante la transici\u00f3n del horario de verano e invierno. Para ajustar la hora, siga estos pasos:<\/p>\n\n\n\n<ol class=\"wp-block-list\">\n<li>Inicie sesi\u00f3n a trav\u00e9s de la aplicaci\u00f3n Spotter o a trav\u00e9s de <a href=\"https:\/\/my.spottergps.com\/SpotterApp\/index.html\">my.spottergps.com.<\/a><\/li>\n\n\n\n<li>Seleccione el Spotter en el mapa cuyo tiempo desea ajustar. Si el Spotter no est\u00e1 encendido, lo encontrar\u00e1 en la barra azul en la parte inferior cerca del icono del cristal de b\u00fasqueda.<\/li>\n\n\n\n<li>Ahora aparecer\u00e1 un men\u00fa, haga clic en &#8216;Configuraci\u00f3n&#8217;.<\/li>\n\n\n\n<li>Aqu\u00ed puede ajustar la hora del reloj GPS Spotter.<\/li>\n\n\n\n<li>Luego haga clic en &#8216;guardar\/marca verde&#8217; y la hora se ajustar\u00e1.<\/li>\n\n\n\n<li>Tan pronto como el Spotter GPS Watch mide la siguiente ubicaci\u00f3n, la hora se ajusta en el reloj.<\/li>\n<\/ol>\n\n\n\n<p><strong>Ajuste de la hora fuera del horario de verano e invierno <br><\/strong>La hora en el reloj GPS Spotter se ajusta autom\u00e1ticamente cuando el Spotter est\u00e1 encendido y tiene cr\u00e9dito prepago. \u00bfLa hora en el reloj no est\u00e1 ajustada correctamente? Entonces es posible que el Spotter no tenga rango de GPS. Luego ll\u00e9velo afuera para obtener el mejor alcance. Tan pronto como el Spotter transmite una medici\u00f3n de ubicaci\u00f3n nuevamente, la hora en el reloj tambi\u00e9n se ajusta autom\u00e1ticamente. \u00bfEl Spotter todav\u00eda no ha informado de una ubicaci\u00f3n despu\u00e9s de aproximadamente una hora? Luego puede restablecer el Spotter a trav\u00e9s de <a href=\"https:\/\/www.spottergps.com\/es\/faq\/alcanzar\/sin-ubicacion-o-sin-spotter-activo\/\" data-type=\"URL\" data-id=\"https:\/\/www.spottergps.com\/es\/faq\/alcanzar\/sin-ubicacion-o-sin-spotter-activo\/\">este enlace<\/a>.<\/p>\n","protected":false},"excerpt":{"rendered":"<p>La hora del reloj Spotter GPS generalmente se ajusta autom\u00e1ticamente, excepto durante la transici\u00f3n del horario de verano e invierno. Para ajustar la hora, siga estos pasos: Ajuste de la hora fuera del horario de verano e invierno La hora en el reloj GPS Spotter se ajusta autom\u00e1ticamente cuando el Spotter est\u00e1 encendido y tiene [&hellip;]<\/p>\n","protected":false},"author":10,"featured_media":0,"parent":183,"menu_order":0,"comment_status":"closed","ping_status":"closed","template":"faq-content.php","meta":{"_acf_changed":false,"footnotes":""},"categories":[2],"tags":[],"class_list":["post-208","page","type-page","status-publish","hentry","category-faq"],"acf":[],"yoast_head":"<!-- This site is optimized with the Yoast SEO plugin v25.9 - https:\/\/yoast.com\/wordpress\/plugins\/seo\/ -->\n<title>Establecer el horario de verano y el horario de invierno - Spotter Spain<\/title>\n<meta name=\"robots\" content=\"noindex, nofollow\" \/>\n<meta property=\"og:locale\" content=\"es_ES\" \/>\n<meta property=\"og:type\" content=\"article\" \/>\n<meta property=\"og:title\" content=\"Establecer el horario de verano y el horario de invierno - Spotter Spain\" \/>\n<meta property=\"og:description\" content=\"La hora del reloj Spotter GPS generalmente se ajusta autom\u00e1ticamente, excepto durante la transici\u00f3n del horario de verano e invierno. Para ajustar la hora, siga estos pasos: Ajuste de la hora fuera del horario de verano e invierno La hora en el reloj GPS Spotter se ajusta autom\u00e1ticamente cuando el Spotter est\u00e1 encendido y tiene [&hellip;]\" \/>\n<meta property=\"og:url\" content=\"https:\/\/www.spottergps.com\/es\/faq\/productos-y-caracteristicas\/establecer-el-horario-de-verano-y-el-horario-de-invierno\/\" \/>\n<meta property=\"og:site_name\" content=\"Spotter Spain\" \/>\n<meta property=\"article:modified_time\" content=\"2024-07-01T12:24:23+00:00\" \/>\n<meta name=\"twitter:card\" content=\"summary_large_image\" \/>\n<meta name=\"twitter:label1\" content=\"Tiempo de lectura\" \/>\n\t<meta name=\"twitter:data1\" content=\"2 minutes\" \/>\n<script type=\"application\/ld+json\" class=\"yoast-schema-graph\">{\"@context\":\"https:\/\/schema.org\",\"@graph\":[{\"@type\":\"WebPage\",\"@id\":\"https:\/\/www.spottergps.com\/es\/faq\/productos-y-caracteristicas\/establecer-el-horario-de-verano-y-el-horario-de-invierno\/\",\"url\":\"https:\/\/www.spottergps.com\/es\/faq\/productos-y-caracteristicas\/establecer-el-horario-de-verano-y-el-horario-de-invierno\/\",\"name\":\"Establecer el horario de verano y el horario de invierno - Spotter Spain\",\"isPartOf\":{\"@id\":\"https:\/\/www.spottergps.com\/es\/#website\"},\"datePublished\":\"2023-03-29T11:27:41+00:00\",\"dateModified\":\"2024-07-01T12:24:23+00:00\",\"breadcrumb\":{\"@id\":\"https:\/\/www.spottergps.com\/es\/faq\/productos-y-caracteristicas\/establecer-el-horario-de-verano-y-el-horario-de-invierno\/#breadcrumb\"},\"inLanguage\":\"es-ES\",\"potentialAction\":[{\"@type\":\"ReadAction\",\"target\":[\"https:\/\/www.spottergps.com\/es\/faq\/productos-y-caracteristicas\/establecer-el-horario-de-verano-y-el-horario-de-invierno\/\"]}]},{\"@type\":\"BreadcrumbList\",\"@id\":\"https:\/\/www.spottergps.com\/es\/faq\/productos-y-caracteristicas\/establecer-el-horario-de-verano-y-el-horario-de-invierno\/#breadcrumb\",\"itemListElement\":[{\"@type\":\"ListItem\",\"position\":1,\"name\":\"Home\",\"item\":\"https:\/\/www.spottergps.com\/es\/\"},{\"@type\":\"ListItem\",\"position\":2,\"name\":\"\u00bfC\u00f3mo podemos ayudarte?\",\"item\":\"https:\/\/www.spottergps.com\/es\/faq\/\"},{\"@type\":\"ListItem\",\"position\":3,\"name\":\"Productos y Caracter\u00edsticas\",\"item\":\"https:\/\/www.spottergps.com\/es\/faq\/productos-y-caracteristicas\/\"},{\"@type\":\"ListItem\",\"position\":4,\"name\":\"Establecer el horario de verano y el horario de invierno\"}]},{\"@type\":\"WebSite\",\"@id\":\"https:\/\/www.spottergps.com\/es\/#website\",\"url\":\"https:\/\/www.spottergps.com\/es\/\",\"name\":\"Spotter Spain\",\"description\":\"Para todo lo que amas\",\"publisher\":{\"@id\":\"https:\/\/www.spottergps.com\/es\/#organization\"},\"potentialAction\":[{\"@type\":\"SearchAction\",\"target\":{\"@type\":\"EntryPoint\",\"urlTemplate\":\"https:\/\/www.spottergps.com\/es\/?s={search_term_string}\"},\"query-input\":{\"@type\":\"PropertyValueSpecification\",\"valueRequired\":true,\"valueName\":\"search_term_string\"}}],\"inLanguage\":\"es-ES\"},{\"@type\":\"Organization\",\"@id\":\"https:\/\/www.spottergps.com\/es\/#organization\",\"name\":\"Spotter B.V.\",\"url\":\"https:\/\/www.spottergps.com\/es\/\",\"logo\":{\"@type\":\"ImageObject\",\"inLanguage\":\"es-ES\",\"@id\":\"https:\/\/www.spottergps.com\/es\/#\/schema\/logo\/image\/\",\"url\":\"https:\/\/www.spottergps.com\/es\/wp-content\/uploads\/sites\/7\/2023\/09\/Spotter_logo.png\",\"contentUrl\":\"https:\/\/www.spottergps.com\/es\/wp-content\/uploads\/sites\/7\/2023\/09\/Spotter_logo.png\",\"width\":1500,\"height\":696,\"caption\":\"Spotter B.V.\"},\"image\":{\"@id\":\"https:\/\/www.spottergps.com\/es\/#\/schema\/logo\/image\/\"}}]}<\/script>\n<!-- \/ Yoast SEO plugin. -->","yoast_head_json":{"title":"Establecer el horario de verano y el horario de invierno - Spotter Spain","robots":{"index":"noindex","follow":"nofollow"},"og_locale":"es_ES","og_type":"article","og_title":"Establecer el horario de verano y el horario de invierno - Spotter Spain","og_description":"La hora del reloj Spotter GPS generalmente se ajusta autom\u00e1ticamente, excepto durante la transici\u00f3n del horario de verano e invierno. Para ajustar la hora, siga estos pasos: Ajuste de la hora fuera del horario de verano e invierno La hora en el reloj GPS Spotter se ajusta autom\u00e1ticamente cuando el Spotter est\u00e1 encendido y tiene [&hellip;]","og_url":"https:\/\/www.spottergps.com\/es\/faq\/productos-y-caracteristicas\/establecer-el-horario-de-verano-y-el-horario-de-invierno\/","og_site_name":"Spotter Spain","article_modified_time":"2024-07-01T12:24:23+00:00","twitter_card":"summary_large_image","twitter_misc":{"Tiempo de lectura":"2 minutes"},"schema":{"@context":"https:\/\/schema.org","@graph":[{"@type":"WebPage","@id":"https:\/\/www.spottergps.com\/es\/faq\/productos-y-caracteristicas\/establecer-el-horario-de-verano-y-el-horario-de-invierno\/","url":"https:\/\/www.spottergps.com\/es\/faq\/productos-y-caracteristicas\/establecer-el-horario-de-verano-y-el-horario-de-invierno\/","name":"Establecer el horario de verano y el horario de invierno - Spotter Spain","isPartOf":{"@id":"https:\/\/www.spottergps.com\/es\/#website"},"datePublished":"2023-03-29T11:27:41+00:00","dateModified":"2024-07-01T12:24:23+00:00","breadcrumb":{"@id":"https:\/\/www.spottergps.com\/es\/faq\/productos-y-caracteristicas\/establecer-el-horario-de-verano-y-el-horario-de-invierno\/#breadcrumb"},"inLanguage":"es-ES","potentialAction":[{"@type":"ReadAction","target":["https:\/\/www.spottergps.com\/es\/faq\/productos-y-caracteristicas\/establecer-el-horario-de-verano-y-el-horario-de-invierno\/"]}]},{"@type":"BreadcrumbList","@id":"https:\/\/www.spottergps.com\/es\/faq\/productos-y-caracteristicas\/establecer-el-horario-de-verano-y-el-horario-de-invierno\/#breadcrumb","itemListElement":[{"@type":"ListItem","position":1,"name":"Home","item":"https:\/\/www.spottergps.com\/es\/"},{"@type":"ListItem","position":2,"name":"\u00bfC\u00f3mo podemos ayudarte?","item":"https:\/\/www.spottergps.com\/es\/faq\/"},{"@type":"ListItem","position":3,"name":"Productos y Caracter\u00edsticas","item":"https:\/\/www.spottergps.com\/es\/faq\/productos-y-caracteristicas\/"},{"@type":"ListItem","position":4,"name":"Establecer el horario de verano y el horario de invierno"}]},{"@type":"WebSite","@id":"https:\/\/www.spottergps.com\/es\/#website","url":"https:\/\/www.spottergps.com\/es\/","name":"Spotter Spain","description":"Para todo lo que amas","publisher":{"@id":"https:\/\/www.spottergps.com\/es\/#organization"},"potentialAction":[{"@type":"SearchAction","target":{"@type":"EntryPoint","urlTemplate":"https:\/\/www.spottergps.com\/es\/?s={search_term_string}"},"query-input":{"@type":"PropertyValueSpecification","valueRequired":true,"valueName":"search_term_string"}}],"inLanguage":"es-ES"},{"@type":"Organization","@id":"https:\/\/www.spottergps.com\/es\/#organization","name":"Spotter B.V.","url":"https:\/\/www.spottergps.com\/es\/","logo":{"@type":"ImageObject","inLanguage":"es-ES","@id":"https:\/\/www.spottergps.com\/es\/#\/schema\/logo\/image\/","url":"https:\/\/www.spottergps.com\/es\/wp-content\/uploads\/sites\/7\/2023\/09\/Spotter_logo.png","contentUrl":"https:\/\/www.spottergps.com\/es\/wp-content\/uploads\/sites\/7\/2023\/09\/Spotter_logo.png","width":1500,"height":696,"caption":"Spotter B.V."},"image":{"@id":"https:\/\/www.spottergps.com\/es\/#\/schema\/logo\/image\/"}}]}},"_links":{"self":[{"href":"https:\/\/www.spottergps.com\/es\/wp-json\/wp\/v2\/pages\/208","targetHints":{"allow":["GET"]}}],"collection":[{"href":"https:\/\/www.spottergps.com\/es\/wp-json\/wp\/v2\/pages"}],"about":[{"href":"https:\/\/www.spottergps.com\/es\/wp-json\/wp\/v2\/types\/page"}],"author":[{"embeddable":true,"href":"https:\/\/www.spottergps.com\/es\/wp-json\/wp\/v2\/users\/10"}],"replies":[{"embeddable":true,"href":"https:\/\/www.spottergps.com\/es\/wp-json\/wp\/v2\/comments?post=208"}],"version-history":[{"count":3,"href":"https:\/\/www.spottergps.com\/es\/wp-json\/wp\/v2\/pages\/208\/revisions"}],"predecessor-version":[{"id":1466,"href":"https:\/\/www.spottergps.com\/es\/wp-json\/wp\/v2\/pages\/208\/revisions\/1466"}],"up":[{"embeddable":true,"href":"https:\/\/www.spottergps.com\/es\/wp-json\/wp\/v2\/pages\/183"}],"wp:attachment":[{"href":"https:\/\/www.spottergps.com\/es\/wp-json\/wp\/v2\/media?parent=208"}],"wp:term":[{"taxonomy":"category","embeddable":true,"href":"https:\/\/www.spottergps.com\/es\/wp-json\/wp\/v2\/categories?post=208"},{"taxonomy":"post_tag","embeddable":true,"href":"https:\/\/www.spottergps.com\/es\/wp-json\/wp\/v2\/tags?post=208"}],"curies":[{"name":"wp","href":"https:\/\/api.w.org\/{rel}","templated":true}]}}