{"id":206,"date":"2023-03-29T11:27:06","date_gmt":"2023-03-29T11:27:06","guid":{"rendered":"https:\/\/www.spottergps.com\/es\/?page_id=206"},"modified":"2024-07-01T12:20:24","modified_gmt":"2024-07-01T12:20:24","slug":"que-es-un-mapa-de-calor","status":"publish","type":"page","link":"https:\/\/www.spottergps.com\/es\/faq\/productos-y-caracteristicas\/que-es-un-mapa-de-calor\/","title":{"rendered":"\u00bfQu\u00e9 es un mapa de calor?"},"content":{"rendered":"\n<p>En el mapa de calor puedes ver los puntos calientes favoritos de tus hijos, padres y\/o amigos de cuatro patas. En forma de puntos de calor en el mapa. De esta manera, puede ver de un vistazo d\u00f3nde viene con m\u00e1s frecuencia el usuario de Spotter. La funci\u00f3n de mapa de calor se puede encontrar en el men\u00fa del Spotter seleccionado.<\/p>\n\n\n<div class=\"wp-block-image\">\n<figure class=\"aligncenter\"><a href=\"https:\/\/www.spottergps.com\/wp-content\/uploads\/2021\/01\/Spotter-heatmap-dog.jpg\"><img decoding=\"async\" src=\"https:\/\/www.spottergps.com\/wp-content\/uploads\/2021\/01\/Spotter-heatmap-dog-300x254.jpg\" alt=\"Spotter-heatmap\" class=\"wp-image-16529\" \/><\/a><\/figure><\/div>","protected":false},"excerpt":{"rendered":"<p>En el mapa de calor puedes ver los puntos calientes favoritos de tus hijos, padres y\/o amigos de cuatro patas. En forma de puntos de calor en el mapa. De esta manera, puede ver de un vistazo d\u00f3nde viene con m\u00e1s frecuencia el usuario de Spotter. La funci\u00f3n de mapa de calor se puede encontrar [&hellip;]<\/p>\n","protected":false},"author":10,"featured_media":0,"parent":183,"menu_order":0,"comment_status":"closed","ping_status":"closed","template":"faq-content.php","meta":{"_acf_changed":false,"footnotes":""},"categories":[2],"tags":[],"class_list":["post-206","page","type-page","status-publish","hentry","category-faq"],"acf":[],"yoast_head":"<!-- This site is optimized with the Yoast SEO plugin v25.9 - https:\/\/yoast.com\/wordpress\/plugins\/seo\/ -->\n<title>\u00bfQu\u00e9 es un mapa de calor? - Spotter Spain<\/title>\n<meta name=\"robots\" content=\"noindex, nofollow\" \/>\n<meta property=\"og:locale\" content=\"es_ES\" \/>\n<meta property=\"og:type\" content=\"article\" \/>\n<meta property=\"og:title\" content=\"\u00bfQu\u00e9 es un mapa de calor? - Spotter Spain\" \/>\n<meta property=\"og:description\" content=\"En el mapa de calor puedes ver los puntos calientes favoritos de tus hijos, padres y\/o amigos de cuatro patas. En forma de puntos de calor en el mapa. De esta manera, puede ver de un vistazo d\u00f3nde viene con m\u00e1s frecuencia el usuario de Spotter. La funci\u00f3n de mapa de calor se puede encontrar [&hellip;]\" \/>\n<meta property=\"og:url\" content=\"https:\/\/www.spottergps.com\/es\/faq\/productos-y-caracteristicas\/que-es-un-mapa-de-calor\/\" \/>\n<meta property=\"og:site_name\" content=\"Spotter Spain\" \/>\n<meta property=\"article:modified_time\" content=\"2024-07-01T12:20:24+00:00\" \/>\n<meta property=\"og:image\" content=\"https:\/\/www.spottergps.com\/wp-content\/uploads\/2021\/01\/Spotter-heatmap-dog-300x254.jpg\" \/>\n<meta name=\"twitter:card\" content=\"summary_large_image\" \/>\n<meta name=\"twitter:label1\" content=\"Tiempo de lectura\" \/>\n\t<meta name=\"twitter:data1\" content=\"1 minute\" \/>\n<script type=\"application\/ld+json\" class=\"yoast-schema-graph\">{\"@context\":\"https:\/\/schema.org\",\"@graph\":[{\"@type\":\"WebPage\",\"@id\":\"https:\/\/www.spottergps.com\/es\/faq\/productos-y-caracteristicas\/que-es-un-mapa-de-calor\/\",\"url\":\"https:\/\/www.spottergps.com\/es\/faq\/productos-y-caracteristicas\/que-es-un-mapa-de-calor\/\",\"name\":\"\u00bfQu\u00e9 es un mapa de calor? - Spotter Spain\",\"isPartOf\":{\"@id\":\"https:\/\/www.spottergps.com\/es\/#website\"},\"primaryImageOfPage\":{\"@id\":\"https:\/\/www.spottergps.com\/es\/faq\/productos-y-caracteristicas\/que-es-un-mapa-de-calor\/#primaryimage\"},\"image\":{\"@id\":\"https:\/\/www.spottergps.com\/es\/faq\/productos-y-caracteristicas\/que-es-un-mapa-de-calor\/#primaryimage\"},\"thumbnailUrl\":\"https:\/\/www.spottergps.com\/wp-content\/uploads\/2021\/01\/Spotter-heatmap-dog-300x254.jpg\",\"datePublished\":\"2023-03-29T11:27:06+00:00\",\"dateModified\":\"2024-07-01T12:20:24+00:00\",\"breadcrumb\":{\"@id\":\"https:\/\/www.spottergps.com\/es\/faq\/productos-y-caracteristicas\/que-es-un-mapa-de-calor\/#breadcrumb\"},\"inLanguage\":\"es-ES\",\"potentialAction\":[{\"@type\":\"ReadAction\",\"target\":[\"https:\/\/www.spottergps.com\/es\/faq\/productos-y-caracteristicas\/que-es-un-mapa-de-calor\/\"]}]},{\"@type\":\"ImageObject\",\"inLanguage\":\"es-ES\",\"@id\":\"https:\/\/www.spottergps.com\/es\/faq\/productos-y-caracteristicas\/que-es-un-mapa-de-calor\/#primaryimage\",\"url\":\"https:\/\/www.spottergps.com\/wp-content\/uploads\/2021\/01\/Spotter-heatmap-dog-300x254.jpg\",\"contentUrl\":\"https:\/\/www.spottergps.com\/wp-content\/uploads\/2021\/01\/Spotter-heatmap-dog-300x254.jpg\"},{\"@type\":\"BreadcrumbList\",\"@id\":\"https:\/\/www.spottergps.com\/es\/faq\/productos-y-caracteristicas\/que-es-un-mapa-de-calor\/#breadcrumb\",\"itemListElement\":[{\"@type\":\"ListItem\",\"position\":1,\"name\":\"Home\",\"item\":\"https:\/\/www.spottergps.com\/es\/\"},{\"@type\":\"ListItem\",\"position\":2,\"name\":\"\u00bfC\u00f3mo podemos ayudarte?\",\"item\":\"https:\/\/www.spottergps.com\/es\/faq\/\"},{\"@type\":\"ListItem\",\"position\":3,\"name\":\"Productos y Caracter\u00edsticas\",\"item\":\"https:\/\/www.spottergps.com\/es\/faq\/productos-y-caracteristicas\/\"},{\"@type\":\"ListItem\",\"position\":4,\"name\":\"\u00bfQu\u00e9 es un mapa de calor?\"}]},{\"@type\":\"WebSite\",\"@id\":\"https:\/\/www.spottergps.com\/es\/#website\",\"url\":\"https:\/\/www.spottergps.com\/es\/\",\"name\":\"Spotter Spain\",\"description\":\"Para todo lo que amas\",\"publisher\":{\"@id\":\"https:\/\/www.spottergps.com\/es\/#organization\"},\"potentialAction\":[{\"@type\":\"SearchAction\",\"target\":{\"@type\":\"EntryPoint\",\"urlTemplate\":\"https:\/\/www.spottergps.com\/es\/?s={search_term_string}\"},\"query-input\":{\"@type\":\"PropertyValueSpecification\",\"valueRequired\":true,\"valueName\":\"search_term_string\"}}],\"inLanguage\":\"es-ES\"},{\"@type\":\"Organization\",\"@id\":\"https:\/\/www.spottergps.com\/es\/#organization\",\"name\":\"Spotter B.V.\",\"url\":\"https:\/\/www.spottergps.com\/es\/\",\"logo\":{\"@type\":\"ImageObject\",\"inLanguage\":\"es-ES\",\"@id\":\"https:\/\/www.spottergps.com\/es\/#\/schema\/logo\/image\/\",\"url\":\"https:\/\/www.spottergps.com\/es\/wp-content\/uploads\/sites\/7\/2023\/09\/Spotter_logo.png\",\"contentUrl\":\"https:\/\/www.spottergps.com\/es\/wp-content\/uploads\/sites\/7\/2023\/09\/Spotter_logo.png\",\"width\":1500,\"height\":696,\"caption\":\"Spotter B.V.\"},\"image\":{\"@id\":\"https:\/\/www.spottergps.com\/es\/#\/schema\/logo\/image\/\"}}]}<\/script>\n<!-- \/ Yoast SEO plugin. -->","yoast_head_json":{"title":"\u00bfQu\u00e9 es un mapa de calor? - Spotter Spain","robots":{"index":"noindex","follow":"nofollow"},"og_locale":"es_ES","og_type":"article","og_title":"\u00bfQu\u00e9 es un mapa de calor? - Spotter Spain","og_description":"En el mapa de calor puedes ver los puntos calientes favoritos de tus hijos, padres y\/o amigos de cuatro patas. En forma de puntos de calor en el mapa. De esta manera, puede ver de un vistazo d\u00f3nde viene con m\u00e1s frecuencia el usuario de Spotter. La funci\u00f3n de mapa de calor se puede encontrar [&hellip;]","og_url":"https:\/\/www.spottergps.com\/es\/faq\/productos-y-caracteristicas\/que-es-un-mapa-de-calor\/","og_site_name":"Spotter Spain","article_modified_time":"2024-07-01T12:20:24+00:00","og_image":[{"url":"https:\/\/www.spottergps.com\/wp-content\/uploads\/2021\/01\/Spotter-heatmap-dog-300x254.jpg","type":"","width":"","height":""}],"twitter_card":"summary_large_image","twitter_misc":{"Tiempo de lectura":"1 minute"},"schema":{"@context":"https:\/\/schema.org","@graph":[{"@type":"WebPage","@id":"https:\/\/www.spottergps.com\/es\/faq\/productos-y-caracteristicas\/que-es-un-mapa-de-calor\/","url":"https:\/\/www.spottergps.com\/es\/faq\/productos-y-caracteristicas\/que-es-un-mapa-de-calor\/","name":"\u00bfQu\u00e9 es un mapa de calor? - Spotter Spain","isPartOf":{"@id":"https:\/\/www.spottergps.com\/es\/#website"},"primaryImageOfPage":{"@id":"https:\/\/www.spottergps.com\/es\/faq\/productos-y-caracteristicas\/que-es-un-mapa-de-calor\/#primaryimage"},"image":{"@id":"https:\/\/www.spottergps.com\/es\/faq\/productos-y-caracteristicas\/que-es-un-mapa-de-calor\/#primaryimage"},"thumbnailUrl":"https:\/\/www.spottergps.com\/wp-content\/uploads\/2021\/01\/Spotter-heatmap-dog-300x254.jpg","datePublished":"2023-03-29T11:27:06+00:00","dateModified":"2024-07-01T12:20:24+00:00","breadcrumb":{"@id":"https:\/\/www.spottergps.com\/es\/faq\/productos-y-caracteristicas\/que-es-un-mapa-de-calor\/#breadcrumb"},"inLanguage":"es-ES","potentialAction":[{"@type":"ReadAction","target":["https:\/\/www.spottergps.com\/es\/faq\/productos-y-caracteristicas\/que-es-un-mapa-de-calor\/"]}]},{"@type":"ImageObject","inLanguage":"es-ES","@id":"https:\/\/www.spottergps.com\/es\/faq\/productos-y-caracteristicas\/que-es-un-mapa-de-calor\/#primaryimage","url":"https:\/\/www.spottergps.com\/wp-content\/uploads\/2021\/01\/Spotter-heatmap-dog-300x254.jpg","contentUrl":"https:\/\/www.spottergps.com\/wp-content\/uploads\/2021\/01\/Spotter-heatmap-dog-300x254.jpg"},{"@type":"BreadcrumbList","@id":"https:\/\/www.spottergps.com\/es\/faq\/productos-y-caracteristicas\/que-es-un-mapa-de-calor\/#breadcrumb","itemListElement":[{"@type":"ListItem","position":1,"name":"Home","item":"https:\/\/www.spottergps.com\/es\/"},{"@type":"ListItem","position":2,"name":"\u00bfC\u00f3mo podemos ayudarte?","item":"https:\/\/www.spottergps.com\/es\/faq\/"},{"@type":"ListItem","position":3,"name":"Productos y Caracter\u00edsticas","item":"https:\/\/www.spottergps.com\/es\/faq\/productos-y-caracteristicas\/"},{"@type":"ListItem","position":4,"name":"\u00bfQu\u00e9 es un mapa de calor?"}]},{"@type":"WebSite","@id":"https:\/\/www.spottergps.com\/es\/#website","url":"https:\/\/www.spottergps.com\/es\/","name":"Spotter Spain","description":"Para todo lo que amas","publisher":{"@id":"https:\/\/www.spottergps.com\/es\/#organization"},"potentialAction":[{"@type":"SearchAction","target":{"@type":"EntryPoint","urlTemplate":"https:\/\/www.spottergps.com\/es\/?s={search_term_string}"},"query-input":{"@type":"PropertyValueSpecification","valueRequired":true,"valueName":"search_term_string"}}],"inLanguage":"es-ES"},{"@type":"Organization","@id":"https:\/\/www.spottergps.com\/es\/#organization","name":"Spotter B.V.","url":"https:\/\/www.spottergps.com\/es\/","logo":{"@type":"ImageObject","inLanguage":"es-ES","@id":"https:\/\/www.spottergps.com\/es\/#\/schema\/logo\/image\/","url":"https:\/\/www.spottergps.com\/es\/wp-content\/uploads\/sites\/7\/2023\/09\/Spotter_logo.png","contentUrl":"https:\/\/www.spottergps.com\/es\/wp-content\/uploads\/sites\/7\/2023\/09\/Spotter_logo.png","width":1500,"height":696,"caption":"Spotter B.V."},"image":{"@id":"https:\/\/www.spottergps.com\/es\/#\/schema\/logo\/image\/"}}]}},"_links":{"self":[{"href":"https:\/\/www.spottergps.com\/es\/wp-json\/wp\/v2\/pages\/206","targetHints":{"allow":["GET"]}}],"collection":[{"href":"https:\/\/www.spottergps.com\/es\/wp-json\/wp\/v2\/pages"}],"about":[{"href":"https:\/\/www.spottergps.com\/es\/wp-json\/wp\/v2\/types\/page"}],"author":[{"embeddable":true,"href":"https:\/\/www.spottergps.com\/es\/wp-json\/wp\/v2\/users\/10"}],"replies":[{"embeddable":true,"href":"https:\/\/www.spottergps.com\/es\/wp-json\/wp\/v2\/comments?post=206"}],"version-history":[{"count":3,"href":"https:\/\/www.spottergps.com\/es\/wp-json\/wp\/v2\/pages\/206\/revisions"}],"predecessor-version":[{"id":1461,"href":"https:\/\/www.spottergps.com\/es\/wp-json\/wp\/v2\/pages\/206\/revisions\/1461"}],"up":[{"embeddable":true,"href":"https:\/\/www.spottergps.com\/es\/wp-json\/wp\/v2\/pages\/183"}],"wp:attachment":[{"href":"https:\/\/www.spottergps.com\/es\/wp-json\/wp\/v2\/media?parent=206"}],"wp:term":[{"taxonomy":"category","embeddable":true,"href":"https:\/\/www.spottergps.com\/es\/wp-json\/wp\/v2\/categories?post=206"},{"taxonomy":"post_tag","embeddable":true,"href":"https:\/\/www.spottergps.com\/es\/wp-json\/wp\/v2\/tags?post=206"}],"curies":[{"name":"wp","href":"https:\/\/api.w.org\/{rel}","templated":true}]}}