{"id":204,"date":"2023-03-29T11:26:33","date_gmt":"2023-03-29T11:26:33","guid":{"rendered":"https:\/\/www.spottergps.com\/es\/?page_id=204"},"modified":"2024-07-01T12:21:42","modified_gmt":"2024-07-01T12:21:42","slug":"donde-puedo-adjuntar-mi-spotter","status":"publish","type":"page","link":"https:\/\/www.spottergps.com\/es\/faq\/productos-y-caracteristicas\/donde-puedo-adjuntar-mi-spotter\/","title":{"rendered":"\u00bfD\u00f3nde puedo adjuntar mi Spotter?"},"content":{"rendered":"\n<p>El <a href=\"https:\/\/shop.spottergps.com\/es\/spotter%20gps%20tracker.html\" data-type=\"URL\" data-id=\"https:\/\/shop.spottergps.com\/es\/spotter%20gps%20tracker.html\"><strong>rastreador GPS Spotter<\/strong><br><\/a>es un peque\u00f1o rastreador GPS m\u00f3vil que se puede llevar f\u00e1cilmente. Se incluye un clip y un cord\u00f3n para que tambi\u00e9n se pueda llevar colgado del cuello, por ejemplo.<\/p>\n\n\n\n<p>El <a href=\"https:\/\/shop.spottergps.com\/es\/spotter-gps-watch-black2.html\" data-type=\"URL\" data-id=\"https:\/\/shop.spottergps.com\/es\/spotter-gps-watch-black2.html\"><strong>Spotter GPS Watch<\/strong><br><\/a>es un reloj y se puede llevar f\u00e1cilmente en la mu\u00f1eca.<\/p>\n\n\n\n<p>El <a href=\"https:\/\/shop.spottergps.com\/es\/spotter-gps-watch-air-black.html\" data-type=\"URL\" data-id=\"https:\/\/shop.spottergps.com\/es\/spotter-gps-watch-air-black.html\"><strong>reloj Spotter GPS &#8211; Air<\/strong><br><\/a>es un reloj y se puede llevar f\u00e1cilmente en la mu\u00f1eca.<\/p>\n\n\n\n<p>The <a href=\"https:\/\/shop.spottergps.com\/es\/pet-spotter-dog-tracker.html\" data-type=\"URL\" data-id=\"https:\/\/shop.spottergps.com\/es\/pet-spotter-dog-tracker.html\"><strong>Pet Spotter \u2013 Dog<\/strong><br><\/a>es el rastreador GPS m\u00f3vil m\u00e1s peque\u00f1o. Esto viene con un clip de sujeci\u00f3n de metal que se puede unir f\u00e1cilmente a un collar (m\u00e1s grande).<\/p>\n\n\n\n<p>El <a href=\"https:\/\/shop.spottergps.com\/es\/pet-spotter-cat-tracker.html\" data-type=\"URL\" data-id=\"https:\/\/shop.spottergps.com\/es\/pet-spotter-cat-tracker.html\"><strong>observador de mascotas &#8211; Gato<\/strong><\/a>\u00a0<br>Es el rastreador GPS m\u00f3vil m\u00e1s peque\u00f1o. Viene con una funda de silicona que se puede unir a un collar de gato (m\u00e1s estrecho).<\/p>\n","protected":false},"excerpt":{"rendered":"<p>El rastreador GPS Spotteres un peque\u00f1o rastreador GPS m\u00f3vil que se puede llevar f\u00e1cilmente. Se incluye un clip y un cord\u00f3n para que tambi\u00e9n se pueda llevar colgado del cuello, por ejemplo. El Spotter GPS Watches un reloj y se puede llevar f\u00e1cilmente en la mu\u00f1eca. El reloj Spotter GPS &#8211; Aires un reloj y [&hellip;]<\/p>\n","protected":false},"author":10,"featured_media":0,"parent":183,"menu_order":0,"comment_status":"closed","ping_status":"closed","template":"faq-content.php","meta":{"_acf_changed":false,"footnotes":""},"categories":[2],"tags":[],"class_list":["post-204","page","type-page","status-publish","hentry","category-faq"],"acf":[],"yoast_head":"<!-- This site is optimized with the Yoast SEO plugin v25.9 - https:\/\/yoast.com\/wordpress\/plugins\/seo\/ -->\n<title>\u00bfD\u00f3nde puedo adjuntar mi Spotter? - Spotter Spain<\/title>\n<meta name=\"robots\" content=\"noindex, nofollow\" \/>\n<meta property=\"og:locale\" content=\"es_ES\" \/>\n<meta property=\"og:type\" content=\"article\" \/>\n<meta property=\"og:title\" content=\"\u00bfD\u00f3nde puedo adjuntar mi Spotter? - Spotter Spain\" \/>\n<meta property=\"og:description\" content=\"El rastreador GPS Spotteres un peque\u00f1o rastreador GPS m\u00f3vil que se puede llevar f\u00e1cilmente. Se incluye un clip y un cord\u00f3n para que tambi\u00e9n se pueda llevar colgado del cuello, por ejemplo. El Spotter GPS Watches un reloj y se puede llevar f\u00e1cilmente en la mu\u00f1eca. El reloj Spotter GPS &#8211; Aires un reloj y [&hellip;]\" \/>\n<meta property=\"og:url\" content=\"https:\/\/www.spottergps.com\/es\/faq\/productos-y-caracteristicas\/donde-puedo-adjuntar-mi-spotter\/\" \/>\n<meta property=\"og:site_name\" content=\"Spotter Spain\" \/>\n<meta property=\"article:modified_time\" content=\"2024-07-01T12:21:42+00:00\" \/>\n<meta name=\"twitter:card\" content=\"summary_large_image\" \/>\n<meta name=\"twitter:label1\" content=\"Tiempo de lectura\" \/>\n\t<meta name=\"twitter:data1\" content=\"1 minute\" \/>\n<script type=\"application\/ld+json\" class=\"yoast-schema-graph\">{\"@context\":\"https:\/\/schema.org\",\"@graph\":[{\"@type\":\"WebPage\",\"@id\":\"https:\/\/www.spottergps.com\/es\/faq\/productos-y-caracteristicas\/donde-puedo-adjuntar-mi-spotter\/\",\"url\":\"https:\/\/www.spottergps.com\/es\/faq\/productos-y-caracteristicas\/donde-puedo-adjuntar-mi-spotter\/\",\"name\":\"\u00bfD\u00f3nde puedo adjuntar mi Spotter? - Spotter Spain\",\"isPartOf\":{\"@id\":\"https:\/\/www.spottergps.com\/es\/#website\"},\"datePublished\":\"2023-03-29T11:26:33+00:00\",\"dateModified\":\"2024-07-01T12:21:42+00:00\",\"breadcrumb\":{\"@id\":\"https:\/\/www.spottergps.com\/es\/faq\/productos-y-caracteristicas\/donde-puedo-adjuntar-mi-spotter\/#breadcrumb\"},\"inLanguage\":\"es-ES\",\"potentialAction\":[{\"@type\":\"ReadAction\",\"target\":[\"https:\/\/www.spottergps.com\/es\/faq\/productos-y-caracteristicas\/donde-puedo-adjuntar-mi-spotter\/\"]}]},{\"@type\":\"BreadcrumbList\",\"@id\":\"https:\/\/www.spottergps.com\/es\/faq\/productos-y-caracteristicas\/donde-puedo-adjuntar-mi-spotter\/#breadcrumb\",\"itemListElement\":[{\"@type\":\"ListItem\",\"position\":1,\"name\":\"Home\",\"item\":\"https:\/\/www.spottergps.com\/es\/\"},{\"@type\":\"ListItem\",\"position\":2,\"name\":\"\u00bfC\u00f3mo podemos ayudarte?\",\"item\":\"https:\/\/www.spottergps.com\/es\/faq\/\"},{\"@type\":\"ListItem\",\"position\":3,\"name\":\"Productos y Caracter\u00edsticas\",\"item\":\"https:\/\/www.spottergps.com\/es\/faq\/productos-y-caracteristicas\/\"},{\"@type\":\"ListItem\",\"position\":4,\"name\":\"\u00bfD\u00f3nde puedo adjuntar mi Spotter?\"}]},{\"@type\":\"WebSite\",\"@id\":\"https:\/\/www.spottergps.com\/es\/#website\",\"url\":\"https:\/\/www.spottergps.com\/es\/\",\"name\":\"Spotter Spain\",\"description\":\"Para todo lo que amas\",\"publisher\":{\"@id\":\"https:\/\/www.spottergps.com\/es\/#organization\"},\"potentialAction\":[{\"@type\":\"SearchAction\",\"target\":{\"@type\":\"EntryPoint\",\"urlTemplate\":\"https:\/\/www.spottergps.com\/es\/?s={search_term_string}\"},\"query-input\":{\"@type\":\"PropertyValueSpecification\",\"valueRequired\":true,\"valueName\":\"search_term_string\"}}],\"inLanguage\":\"es-ES\"},{\"@type\":\"Organization\",\"@id\":\"https:\/\/www.spottergps.com\/es\/#organization\",\"name\":\"Spotter B.V.\",\"url\":\"https:\/\/www.spottergps.com\/es\/\",\"logo\":{\"@type\":\"ImageObject\",\"inLanguage\":\"es-ES\",\"@id\":\"https:\/\/www.spottergps.com\/es\/#\/schema\/logo\/image\/\",\"url\":\"https:\/\/www.spottergps.com\/es\/wp-content\/uploads\/sites\/7\/2023\/09\/Spotter_logo.png\",\"contentUrl\":\"https:\/\/www.spottergps.com\/es\/wp-content\/uploads\/sites\/7\/2023\/09\/Spotter_logo.png\",\"width\":1500,\"height\":696,\"caption\":\"Spotter B.V.\"},\"image\":{\"@id\":\"https:\/\/www.spottergps.com\/es\/#\/schema\/logo\/image\/\"}}]}<\/script>\n<!-- \/ Yoast SEO plugin. -->","yoast_head_json":{"title":"\u00bfD\u00f3nde puedo adjuntar mi Spotter? - Spotter Spain","robots":{"index":"noindex","follow":"nofollow"},"og_locale":"es_ES","og_type":"article","og_title":"\u00bfD\u00f3nde puedo adjuntar mi Spotter? - Spotter Spain","og_description":"El rastreador GPS Spotteres un peque\u00f1o rastreador GPS m\u00f3vil que se puede llevar f\u00e1cilmente. Se incluye un clip y un cord\u00f3n para que tambi\u00e9n se pueda llevar colgado del cuello, por ejemplo. El Spotter GPS Watches un reloj y se puede llevar f\u00e1cilmente en la mu\u00f1eca. El reloj Spotter GPS &#8211; Aires un reloj y [&hellip;]","og_url":"https:\/\/www.spottergps.com\/es\/faq\/productos-y-caracteristicas\/donde-puedo-adjuntar-mi-spotter\/","og_site_name":"Spotter Spain","article_modified_time":"2024-07-01T12:21:42+00:00","twitter_card":"summary_large_image","twitter_misc":{"Tiempo de lectura":"1 minute"},"schema":{"@context":"https:\/\/schema.org","@graph":[{"@type":"WebPage","@id":"https:\/\/www.spottergps.com\/es\/faq\/productos-y-caracteristicas\/donde-puedo-adjuntar-mi-spotter\/","url":"https:\/\/www.spottergps.com\/es\/faq\/productos-y-caracteristicas\/donde-puedo-adjuntar-mi-spotter\/","name":"\u00bfD\u00f3nde puedo adjuntar mi Spotter? - Spotter Spain","isPartOf":{"@id":"https:\/\/www.spottergps.com\/es\/#website"},"datePublished":"2023-03-29T11:26:33+00:00","dateModified":"2024-07-01T12:21:42+00:00","breadcrumb":{"@id":"https:\/\/www.spottergps.com\/es\/faq\/productos-y-caracteristicas\/donde-puedo-adjuntar-mi-spotter\/#breadcrumb"},"inLanguage":"es-ES","potentialAction":[{"@type":"ReadAction","target":["https:\/\/www.spottergps.com\/es\/faq\/productos-y-caracteristicas\/donde-puedo-adjuntar-mi-spotter\/"]}]},{"@type":"BreadcrumbList","@id":"https:\/\/www.spottergps.com\/es\/faq\/productos-y-caracteristicas\/donde-puedo-adjuntar-mi-spotter\/#breadcrumb","itemListElement":[{"@type":"ListItem","position":1,"name":"Home","item":"https:\/\/www.spottergps.com\/es\/"},{"@type":"ListItem","position":2,"name":"\u00bfC\u00f3mo podemos ayudarte?","item":"https:\/\/www.spottergps.com\/es\/faq\/"},{"@type":"ListItem","position":3,"name":"Productos y Caracter\u00edsticas","item":"https:\/\/www.spottergps.com\/es\/faq\/productos-y-caracteristicas\/"},{"@type":"ListItem","position":4,"name":"\u00bfD\u00f3nde puedo adjuntar mi Spotter?"}]},{"@type":"WebSite","@id":"https:\/\/www.spottergps.com\/es\/#website","url":"https:\/\/www.spottergps.com\/es\/","name":"Spotter Spain","description":"Para todo lo que amas","publisher":{"@id":"https:\/\/www.spottergps.com\/es\/#organization"},"potentialAction":[{"@type":"SearchAction","target":{"@type":"EntryPoint","urlTemplate":"https:\/\/www.spottergps.com\/es\/?s={search_term_string}"},"query-input":{"@type":"PropertyValueSpecification","valueRequired":true,"valueName":"search_term_string"}}],"inLanguage":"es-ES"},{"@type":"Organization","@id":"https:\/\/www.spottergps.com\/es\/#organization","name":"Spotter B.V.","url":"https:\/\/www.spottergps.com\/es\/","logo":{"@type":"ImageObject","inLanguage":"es-ES","@id":"https:\/\/www.spottergps.com\/es\/#\/schema\/logo\/image\/","url":"https:\/\/www.spottergps.com\/es\/wp-content\/uploads\/sites\/7\/2023\/09\/Spotter_logo.png","contentUrl":"https:\/\/www.spottergps.com\/es\/wp-content\/uploads\/sites\/7\/2023\/09\/Spotter_logo.png","width":1500,"height":696,"caption":"Spotter B.V."},"image":{"@id":"https:\/\/www.spottergps.com\/es\/#\/schema\/logo\/image\/"}}]}},"_links":{"self":[{"href":"https:\/\/www.spottergps.com\/es\/wp-json\/wp\/v2\/pages\/204","targetHints":{"allow":["GET"]}}],"collection":[{"href":"https:\/\/www.spottergps.com\/es\/wp-json\/wp\/v2\/pages"}],"about":[{"href":"https:\/\/www.spottergps.com\/es\/wp-json\/wp\/v2\/types\/page"}],"author":[{"embeddable":true,"href":"https:\/\/www.spottergps.com\/es\/wp-json\/wp\/v2\/users\/10"}],"replies":[{"embeddable":true,"href":"https:\/\/www.spottergps.com\/es\/wp-json\/wp\/v2\/comments?post=204"}],"version-history":[{"count":3,"href":"https:\/\/www.spottergps.com\/es\/wp-json\/wp\/v2\/pages\/204\/revisions"}],"predecessor-version":[{"id":1464,"href":"https:\/\/www.spottergps.com\/es\/wp-json\/wp\/v2\/pages\/204\/revisions\/1464"}],"up":[{"embeddable":true,"href":"https:\/\/www.spottergps.com\/es\/wp-json\/wp\/v2\/pages\/183"}],"wp:attachment":[{"href":"https:\/\/www.spottergps.com\/es\/wp-json\/wp\/v2\/media?parent=204"}],"wp:term":[{"taxonomy":"category","embeddable":true,"href":"https:\/\/www.spottergps.com\/es\/wp-json\/wp\/v2\/categories?post=204"},{"taxonomy":"post_tag","embeddable":true,"href":"https:\/\/www.spottergps.com\/es\/wp-json\/wp\/v2\/tags?post=204"}],"curies":[{"name":"wp","href":"https:\/\/api.w.org\/{rel}","templated":true}]}}