{"id":200,"date":"2023-03-29T11:25:23","date_gmt":"2023-03-29T11:25:23","guid":{"rendered":"https:\/\/www.spottergps.com\/es\/?page_id=200"},"modified":"2024-07-01T12:22:51","modified_gmt":"2024-07-01T12:22:51","slug":"el-spotter-esta-equipado-con-una-tarjeta-sim","status":"publish","type":"page","link":"https:\/\/www.spottergps.com\/es\/faq\/productos-y-caracteristicas\/el-spotter-esta-equipado-con-una-tarjeta-sim\/","title":{"rendered":"\u00bfEl Spotter est\u00e1 equipado con una tarjeta SIM?"},"content":{"rendered":"\n<p>Los productos est\u00e1n equipados con una tarjeta SIM de itinerancia segura integrada, que garantiza que el Spotter funcione en toda Europa en todas las redes m\u00f3viles disponibles sin coste adicional. Los productos tambi\u00e9n funcionan en todas las redes m\u00f3viles disponibles dentro de los Pa\u00edses Bajos.<br><br>La raz\u00f3n de esto es que no queremos depender de la cobertura de red de un solo proveedor de telefon\u00eda m\u00f3vil en un pa\u00eds (o regi\u00f3n), sino que los productos siempre elijan la mejor red m\u00f3vil disponible, independientemente del proveedor de telefon\u00eda m\u00f3vil. Esto significa que cuando llame al Spotter GPS Watch o al Spotter GPS Tracker, ser\u00e1 a un n\u00famero de m\u00f3vil europeo al que se aplicar\u00e1n los costes habituales de llamada de su proveedor de telefon\u00eda.<\/p>\n","protected":false},"excerpt":{"rendered":"<p>Los productos est\u00e1n equipados con una tarjeta SIM de itinerancia segura integrada, que garantiza que el Spotter funcione en toda Europa en todas las redes m\u00f3viles disponibles sin coste adicional. Los productos tambi\u00e9n funcionan en todas las redes m\u00f3viles disponibles dentro de los Pa\u00edses Bajos. La raz\u00f3n de esto es que no queremos depender de [&hellip;]<\/p>\n","protected":false},"author":10,"featured_media":0,"parent":183,"menu_order":0,"comment_status":"closed","ping_status":"closed","template":"faq-content.php","meta":{"_acf_changed":false,"footnotes":""},"categories":[2],"tags":[],"class_list":["post-200","page","type-page","status-publish","hentry","category-faq"],"acf":[],"yoast_head":"<!-- This site is optimized with the Yoast SEO plugin v25.9 - https:\/\/yoast.com\/wordpress\/plugins\/seo\/ -->\n<title>\u00bfEl Spotter est\u00e1 equipado con una tarjeta SIM? - Spotter Spain<\/title>\n<meta name=\"robots\" content=\"noindex, nofollow\" \/>\n<meta property=\"og:locale\" content=\"es_ES\" \/>\n<meta property=\"og:type\" content=\"article\" \/>\n<meta property=\"og:title\" content=\"\u00bfEl Spotter est\u00e1 equipado con una tarjeta SIM? - Spotter Spain\" \/>\n<meta property=\"og:description\" content=\"Los productos est\u00e1n equipados con una tarjeta SIM de itinerancia segura integrada, que garantiza que el Spotter funcione en toda Europa en todas las redes m\u00f3viles disponibles sin coste adicional. Los productos tambi\u00e9n funcionan en todas las redes m\u00f3viles disponibles dentro de los Pa\u00edses Bajos. La raz\u00f3n de esto es que no queremos depender de [&hellip;]\" \/>\n<meta property=\"og:url\" content=\"https:\/\/www.spottergps.com\/es\/faq\/productos-y-caracteristicas\/el-spotter-esta-equipado-con-una-tarjeta-sim\/\" \/>\n<meta property=\"og:site_name\" content=\"Spotter Spain\" \/>\n<meta property=\"article:modified_time\" content=\"2024-07-01T12:22:51+00:00\" \/>\n<meta name=\"twitter:card\" content=\"summary_large_image\" \/>\n<meta name=\"twitter:label1\" content=\"Tiempo de lectura\" \/>\n\t<meta name=\"twitter:data1\" content=\"1 minute\" \/>\n<script type=\"application\/ld+json\" class=\"yoast-schema-graph\">{\"@context\":\"https:\/\/schema.org\",\"@graph\":[{\"@type\":\"WebPage\",\"@id\":\"https:\/\/www.spottergps.com\/es\/faq\/productos-y-caracteristicas\/el-spotter-esta-equipado-con-una-tarjeta-sim\/\",\"url\":\"https:\/\/www.spottergps.com\/es\/faq\/productos-y-caracteristicas\/el-spotter-esta-equipado-con-una-tarjeta-sim\/\",\"name\":\"\u00bfEl Spotter est\u00e1 equipado con una tarjeta SIM? - Spotter Spain\",\"isPartOf\":{\"@id\":\"https:\/\/www.spottergps.com\/es\/#website\"},\"datePublished\":\"2023-03-29T11:25:23+00:00\",\"dateModified\":\"2024-07-01T12:22:51+00:00\",\"breadcrumb\":{\"@id\":\"https:\/\/www.spottergps.com\/es\/faq\/productos-y-caracteristicas\/el-spotter-esta-equipado-con-una-tarjeta-sim\/#breadcrumb\"},\"inLanguage\":\"es-ES\",\"potentialAction\":[{\"@type\":\"ReadAction\",\"target\":[\"https:\/\/www.spottergps.com\/es\/faq\/productos-y-caracteristicas\/el-spotter-esta-equipado-con-una-tarjeta-sim\/\"]}]},{\"@type\":\"BreadcrumbList\",\"@id\":\"https:\/\/www.spottergps.com\/es\/faq\/productos-y-caracteristicas\/el-spotter-esta-equipado-con-una-tarjeta-sim\/#breadcrumb\",\"itemListElement\":[{\"@type\":\"ListItem\",\"position\":1,\"name\":\"Home\",\"item\":\"https:\/\/www.spottergps.com\/es\/\"},{\"@type\":\"ListItem\",\"position\":2,\"name\":\"\u00bfC\u00f3mo podemos ayudarte?\",\"item\":\"https:\/\/www.spottergps.com\/es\/faq\/\"},{\"@type\":\"ListItem\",\"position\":3,\"name\":\"Productos y Caracter\u00edsticas\",\"item\":\"https:\/\/www.spottergps.com\/es\/faq\/productos-y-caracteristicas\/\"},{\"@type\":\"ListItem\",\"position\":4,\"name\":\"\u00bfEl Spotter est\u00e1 equipado con una tarjeta SIM?\"}]},{\"@type\":\"WebSite\",\"@id\":\"https:\/\/www.spottergps.com\/es\/#website\",\"url\":\"https:\/\/www.spottergps.com\/es\/\",\"name\":\"Spotter Spain\",\"description\":\"Para todo lo que amas\",\"publisher\":{\"@id\":\"https:\/\/www.spottergps.com\/es\/#organization\"},\"potentialAction\":[{\"@type\":\"SearchAction\",\"target\":{\"@type\":\"EntryPoint\",\"urlTemplate\":\"https:\/\/www.spottergps.com\/es\/?s={search_term_string}\"},\"query-input\":{\"@type\":\"PropertyValueSpecification\",\"valueRequired\":true,\"valueName\":\"search_term_string\"}}],\"inLanguage\":\"es-ES\"},{\"@type\":\"Organization\",\"@id\":\"https:\/\/www.spottergps.com\/es\/#organization\",\"name\":\"Spotter B.V.\",\"url\":\"https:\/\/www.spottergps.com\/es\/\",\"logo\":{\"@type\":\"ImageObject\",\"inLanguage\":\"es-ES\",\"@id\":\"https:\/\/www.spottergps.com\/es\/#\/schema\/logo\/image\/\",\"url\":\"https:\/\/www.spottergps.com\/es\/wp-content\/uploads\/sites\/7\/2023\/09\/Spotter_logo.png\",\"contentUrl\":\"https:\/\/www.spottergps.com\/es\/wp-content\/uploads\/sites\/7\/2023\/09\/Spotter_logo.png\",\"width\":1500,\"height\":696,\"caption\":\"Spotter B.V.\"},\"image\":{\"@id\":\"https:\/\/www.spottergps.com\/es\/#\/schema\/logo\/image\/\"}}]}<\/script>\n<!-- \/ Yoast SEO plugin. -->","yoast_head_json":{"title":"\u00bfEl Spotter est\u00e1 equipado con una tarjeta SIM? - Spotter Spain","robots":{"index":"noindex","follow":"nofollow"},"og_locale":"es_ES","og_type":"article","og_title":"\u00bfEl Spotter est\u00e1 equipado con una tarjeta SIM? - Spotter Spain","og_description":"Los productos est\u00e1n equipados con una tarjeta SIM de itinerancia segura integrada, que garantiza que el Spotter funcione en toda Europa en todas las redes m\u00f3viles disponibles sin coste adicional. Los productos tambi\u00e9n funcionan en todas las redes m\u00f3viles disponibles dentro de los Pa\u00edses Bajos. La raz\u00f3n de esto es que no queremos depender de [&hellip;]","og_url":"https:\/\/www.spottergps.com\/es\/faq\/productos-y-caracteristicas\/el-spotter-esta-equipado-con-una-tarjeta-sim\/","og_site_name":"Spotter Spain","article_modified_time":"2024-07-01T12:22:51+00:00","twitter_card":"summary_large_image","twitter_misc":{"Tiempo de lectura":"1 minute"},"schema":{"@context":"https:\/\/schema.org","@graph":[{"@type":"WebPage","@id":"https:\/\/www.spottergps.com\/es\/faq\/productos-y-caracteristicas\/el-spotter-esta-equipado-con-una-tarjeta-sim\/","url":"https:\/\/www.spottergps.com\/es\/faq\/productos-y-caracteristicas\/el-spotter-esta-equipado-con-una-tarjeta-sim\/","name":"\u00bfEl Spotter est\u00e1 equipado con una tarjeta SIM? - Spotter Spain","isPartOf":{"@id":"https:\/\/www.spottergps.com\/es\/#website"},"datePublished":"2023-03-29T11:25:23+00:00","dateModified":"2024-07-01T12:22:51+00:00","breadcrumb":{"@id":"https:\/\/www.spottergps.com\/es\/faq\/productos-y-caracteristicas\/el-spotter-esta-equipado-con-una-tarjeta-sim\/#breadcrumb"},"inLanguage":"es-ES","potentialAction":[{"@type":"ReadAction","target":["https:\/\/www.spottergps.com\/es\/faq\/productos-y-caracteristicas\/el-spotter-esta-equipado-con-una-tarjeta-sim\/"]}]},{"@type":"BreadcrumbList","@id":"https:\/\/www.spottergps.com\/es\/faq\/productos-y-caracteristicas\/el-spotter-esta-equipado-con-una-tarjeta-sim\/#breadcrumb","itemListElement":[{"@type":"ListItem","position":1,"name":"Home","item":"https:\/\/www.spottergps.com\/es\/"},{"@type":"ListItem","position":2,"name":"\u00bfC\u00f3mo podemos ayudarte?","item":"https:\/\/www.spottergps.com\/es\/faq\/"},{"@type":"ListItem","position":3,"name":"Productos y Caracter\u00edsticas","item":"https:\/\/www.spottergps.com\/es\/faq\/productos-y-caracteristicas\/"},{"@type":"ListItem","position":4,"name":"\u00bfEl Spotter est\u00e1 equipado con una tarjeta SIM?"}]},{"@type":"WebSite","@id":"https:\/\/www.spottergps.com\/es\/#website","url":"https:\/\/www.spottergps.com\/es\/","name":"Spotter Spain","description":"Para todo lo que amas","publisher":{"@id":"https:\/\/www.spottergps.com\/es\/#organization"},"potentialAction":[{"@type":"SearchAction","target":{"@type":"EntryPoint","urlTemplate":"https:\/\/www.spottergps.com\/es\/?s={search_term_string}"},"query-input":{"@type":"PropertyValueSpecification","valueRequired":true,"valueName":"search_term_string"}}],"inLanguage":"es-ES"},{"@type":"Organization","@id":"https:\/\/www.spottergps.com\/es\/#organization","name":"Spotter B.V.","url":"https:\/\/www.spottergps.com\/es\/","logo":{"@type":"ImageObject","inLanguage":"es-ES","@id":"https:\/\/www.spottergps.com\/es\/#\/schema\/logo\/image\/","url":"https:\/\/www.spottergps.com\/es\/wp-content\/uploads\/sites\/7\/2023\/09\/Spotter_logo.png","contentUrl":"https:\/\/www.spottergps.com\/es\/wp-content\/uploads\/sites\/7\/2023\/09\/Spotter_logo.png","width":1500,"height":696,"caption":"Spotter B.V."},"image":{"@id":"https:\/\/www.spottergps.com\/es\/#\/schema\/logo\/image\/"}}]}},"_links":{"self":[{"href":"https:\/\/www.spottergps.com\/es\/wp-json\/wp\/v2\/pages\/200","targetHints":{"allow":["GET"]}}],"collection":[{"href":"https:\/\/www.spottergps.com\/es\/wp-json\/wp\/v2\/pages"}],"about":[{"href":"https:\/\/www.spottergps.com\/es\/wp-json\/wp\/v2\/types\/page"}],"author":[{"embeddable":true,"href":"https:\/\/www.spottergps.com\/es\/wp-json\/wp\/v2\/users\/10"}],"replies":[{"embeddable":true,"href":"https:\/\/www.spottergps.com\/es\/wp-json\/wp\/v2\/comments?post=200"}],"version-history":[{"count":2,"href":"https:\/\/www.spottergps.com\/es\/wp-json\/wp\/v2\/pages\/200\/revisions"}],"predecessor-version":[{"id":326,"href":"https:\/\/www.spottergps.com\/es\/wp-json\/wp\/v2\/pages\/200\/revisions\/326"}],"up":[{"embeddable":true,"href":"https:\/\/www.spottergps.com\/es\/wp-json\/wp\/v2\/pages\/183"}],"wp:attachment":[{"href":"https:\/\/www.spottergps.com\/es\/wp-json\/wp\/v2\/media?parent=200"}],"wp:term":[{"taxonomy":"category","embeddable":true,"href":"https:\/\/www.spottergps.com\/es\/wp-json\/wp\/v2\/categories?post=200"},{"taxonomy":"post_tag","embeddable":true,"href":"https:\/\/www.spottergps.com\/es\/wp-json\/wp\/v2\/tags?post=200"}],"curies":[{"name":"wp","href":"https:\/\/api.w.org\/{rel}","templated":true}]}}