{"id":2,"date":"2023-03-27T09:29:58","date_gmt":"2023-03-27T09:29:58","guid":{"rendered":"https:\/\/www.spottergps.com\/es\/?page_id=2"},"modified":"2026-01-30T08:19:53","modified_gmt":"2026-01-30T08:19:53","slug":"spotter-para-todo-lo-que-amas","status":"publish","type":"page","link":"https:\/\/www.spottergps.com\/es\/","title":{"rendered":"Localizador GPS Spotter\u00ae para todo lo que amas"},"content":{"rendered":"\n<p class=\"has-text-align-center home-content-text\">Todo lo que amas est\u00e1 cerca de ti en tu smartphone. No m\u00e1s b\u00fasquedas, frustraciones y ansiedad. A partir de ahora sabr\u00e1s exactamente d\u00f3nde est\u00e1 algo o alguien. Esto te dar\u00e1 m\u00e1s libertad y tranquilidad M\u00e1s de 35.000 usuarios ya lo han comprobado.\u00a0<\/p>\n\n\n\n<div class=\"wp-block-columns  home-categories is-layout-flex wp-container-core-columns-is-layout-9d6595d7 wp-block-columns-is-layout-flex\">\n<div class=\"wp-block-column is-layout-flow wp-block-column-is-layout-flow\">\n<div class=\"wp-block-columns is-layout-flex wp-container-core-columns-is-layout-9d6595d7 wp-block-columns-is-layout-flex\">\n<div class=\"wp-block-column is-layout-flow wp-block-column-is-layout-flow\"><div class=\"wp-block-image\">\n<figure class=\"aligncenter size-large\"><a href=\"https:\/\/www.spottergps.com\/es\/reloj-gps-spotter-para-ninos\/\"><img decoding=\"async\" src=\"https:\/\/www.spottergps.com\/wp-content\/uploads\/2022\/12\/GPS-tracker-kind-Spotter.svg\" alt=\"\" class=\"wp-image-19851\" \/><\/a><\/figure><\/div>\n\n\n<h4 class=\"wp-block-heading has-text-align-center\"><a href=\"https:\/\/www.spottergps.com\/es\/reloj-gps-spotter-para-ninos\/\" data-type=\"page\" data-id=\"1057\">Ni\u00f1os<\/a><\/h4>\n\n\n\n<p class=\"has-text-align-center\">Siempre en contacto con tus hijos mientras juegan al aire libre o estan de vacaciones.<\/p>\n<\/div>\n\n\n\n<div class=\"wp-block-column is-layout-flow wp-block-column-is-layout-flow\"><div class=\"wp-block-image\">\n<figure class=\"aligncenter size-large\"><a href=\"https:\/\/www.spottergps.com\/es\/localizador-gps-para-adultos-mayores\/\"><img decoding=\"async\" src=\"https:\/\/www.spottergps.com\/wp-content\/uploads\/2022\/12\/senioren-GPS-tracker-Spotter.svg\" alt=\"\" class=\"wp-image-19853\" \/><\/a><\/figure><\/div>\n\n\n<h4 class=\"wp-block-heading has-text-align-center\"><a href=\"https:\/\/www.spottergps.com\/es\/localizador-gps-para-adultos-mayores\/\" data-type=\"page\" data-id=\"1084\">Adultos mayores<\/a><\/h4>\n\n\n\n<p class=\"has-text-align-center\">Sal a caminar solo con total tranquilidad.<\/p>\n<\/div>\n<\/div>\n<\/div>\n\n\n\n<div class=\"wp-block-column is-layout-flow wp-block-column-is-layout-flow\">\n<div class=\"wp-block-columns is-layout-flex wp-container-core-columns-is-layout-9d6595d7 wp-block-columns-is-layout-flex\">\n<div class=\"wp-block-column is-layout-flow wp-block-column-is-layout-flow\"><div class=\"wp-block-image\">\n<figure class=\"aligncenter size-large is-resized\"><a href=\"www.spottergps.com\/es\/el-localizador-gps-mas-pequeno-para-mascotas\/\"><img decoding=\"async\" src=\"https:\/\/www.spottergps.com\/wp-content\/uploads\/2022\/12\/GPS-tracker-huisdieren.svg\" alt=\"\" class=\"wp-image-19854\" style=\"width:227px;height:254px\" \/><\/a><\/figure><\/div>\n\n\n<h4 class=\"wp-block-heading has-text-align-center\"><a href=\"http:\/\/www.spottergps.com\/es\/el-localizador-gps-mas-pequeno-para-mascotas\/\" data-type=\"URL\" data-id=\"www.spottergps.com\/es\/el-localizador-gps-mas-pequeno-para-mascotas\/\">Mascotas<\/a><\/h4>\n\n\n\n<p class=\"has-text-align-center\">Descubre las aventuras de tu peque\u00f1o amigo&nbsp;.<\/p>\n<\/div>\n\n\n\n<div class=\"wp-block-column is-layout-flow wp-block-column-is-layout-flow\"><div class=\"wp-block-image is-style-default\">\n<figure class=\"aligncenter size-large\"><a href=\"www.spottergps.com\/es\/localizador-gps-para-maleta-u-objetos-de-valor\/\"><img decoding=\"async\" src=\"https:\/\/www.spottergps.com\/wp-content\/uploads\/2022\/12\/GPS-tracker-koffer.svg\" alt=\"\" class=\"wp-image-19855\" \/><\/a><\/figure><\/div>\n\n\n<h4 class=\"wp-block-heading has-text-align-center\"><a href=\"http:\/\/www.spottergps.com\/es\/localizador-gps-para-maleta-u-objetos-de-valor\/\" data-type=\"URL\" data-id=\"https:\/\/www.spottergps.com\/es\/localizador-gps-para-maleta-u-objetos-de-valor\/\">Cosas<\/a><\/h4>\n\n\n\n<p class=\"has-text-align-center\">Mantente informado siempre sobre d\u00f3nde est\u00e1n tus cosas en toda Europa.<\/p>\n<\/div>\n<\/div>\n<\/div>\n<\/div>\n\n\n\n<h3 class=\"wp-block-heading has-text-align-center\">\u00bfPor qu\u00e9 elegir Spotter?<\/h3>\n\n\n\n<div style=\"height:40px\" aria-hidden=\"true\" class=\"wp-block-spacer\"><\/div>\n\n\n\n<div class=\"wp-block-columns home-features is-layout-flex wp-container-core-columns-is-layout-9d6595d7 wp-block-columns-is-layout-flex\">\n<div class=\"wp-block-column is-layout-flow wp-block-column-is-layout-flow\"><div class=\"wp-block-image\">\n<figure class=\"aligncenter size-large\"><img decoding=\"async\" src=\"https:\/\/www.spottergps.com\/wp-content\/uploads\/2022\/12\/Spotter-Nederlands-merk.svg\" alt=\"\" class=\"wp-image-19857\" \/><\/figure><\/div>\n\n\n<h4 class=\"wp-block-heading has-text-align-center\">Es una marca Europea<\/h4>\n\n\n\n<p class=\"has-text-align-center\">\u00a1Muy buena!<\/p>\n<\/div>\n\n\n\n<div class=\"wp-block-column is-layout-flow wp-block-column-is-layout-flow\"><div class=\"wp-block-image\">\n<figure class=\"aligncenter size-large\"><img decoding=\"async\" src=\"https:\/\/www.spottergps.com\/wp-content\/uploads\/2022\/12\/Spotter-veilig-en-betrouwbaar.svg\" alt=\"\" class=\"wp-image-19858\" \/><\/figure><\/div>\n\n\n<h4 class=\"wp-block-heading has-text-align-center\">Es segura y confiable<\/h4>\n\n\n\n<p class=\"has-text-align-center\">Cumple con todos los requisitos de seguridad europeos<\/p>\n<\/div>\n\n\n\n<div class=\"wp-block-column is-layout-flow wp-block-column-is-layout-flow\"><div class=\"wp-block-image\">\n<figure class=\"aligncenter size-large\"><img decoding=\"async\" src=\"https:\/\/www.spottergps.com\/wp-content\/uploads\/2022\/12\/GPS-tracker-zonder-abonnement-Spotter.svg\" alt=\"\" class=\"wp-image-19859\" \/><\/figure><\/div>\n\n\n<h4 class=\"wp-block-heading has-text-align-center\">Uso prepago<\/h4>\n\n\n\n<p class=\"has-text-align-center\">Por lo tanto no necesitas una subscripci\u00f3n.<\/p>\n<\/div>\n\n\n\n<div class=\"wp-block-column is-layout-flow wp-block-column-is-layout-flow\"><div class=\"wp-block-image\">\n<figure class=\"aligncenter size-large\"><img decoding=\"async\" src=\"https:\/\/www.spottergps.com\/wp-content\/uploads\/2022\/12\/Spotter-makkelijk-in-gebruik.svg\" alt=\"\" class=\"wp-image-19860\" \/><\/figure><\/div>\n\n\n<h4 class=\"wp-block-heading has-text-align-center\">Sin problemas<\/h4>\n\n\n\n<p class=\"has-text-align-center\">Listo para usar directamente, incluye la tarjeta SIM.<\/p>\n<\/div>\n\n\n\n<div class=\"wp-block-column is-layout-flow wp-block-column-is-layout-flow\"><div class=\"wp-block-image\">\n<figure class=\"aligncenter size-large\"><img decoding=\"async\" src=\"https:\/\/www.spottergps.com\/wp-content\/uploads\/2022\/12\/Spotter-35000-gebruikers.svg\" alt=\"\" class=\"wp-image-19862\" \/><\/figure><\/div>\n\n\n<h4 class=\"wp-block-heading has-text-align-center\">35,000 usuarios<\/h4>\n\n\n\n<p class=\"has-text-align-center\">Ya han usado nuestros productos<\/p>\n<\/div>\n<\/div>\n","protected":false},"excerpt":{"rendered":"<p>Todo lo que amas est\u00e1 cerca de ti en tu smartphone. No m\u00e1s b\u00fasquedas, frustraciones y ansiedad. A partir de ahora sabr\u00e1s exactamente d\u00f3nde est\u00e1 algo o alguien. Esto te dar\u00e1 m\u00e1s libertad y tranquilidad M\u00e1s de 35.000 usuarios ya lo han comprobado.\u00a0 Ni\u00f1os Siempre en contacto con tus hijos mientras juegan al aire libre [&hellip;]<\/p>\n","protected":false},"author":10,"featured_media":1058,"parent":0,"menu_order":0,"comment_status":"closed","ping_status":"open","template":"","meta":{"_acf_changed":false,"footnotes":""},"categories":[],"tags":[],"class_list":["post-2","page","type-page","status-publish","has-post-thumbnail","hentry"],"acf":[],"yoast_head":"<!-- This site is optimized with the Yoast SEO plugin v25.9 - https:\/\/yoast.com\/wordpress\/plugins\/seo\/ -->\n<title>Spotter\u00ae localizador GPS \u2013 Para todo lo que m\u00e1s quieres \u2764<\/title>\n<meta name=\"description\" content=\"Descubre los productos GPS de Spotter. Localizador GPS y relojes GPS para ni\u00f1os, personas mayores y mascotas. Sin costos de suscripci\u00f3n.\" \/>\n<meta name=\"robots\" content=\"index, follow, max-snippet:-1, max-image-preview:large, max-video-preview:-1\" \/>\n<link rel=\"canonical\" href=\"https:\/\/www.spottergps.com\/es\/\" \/>\n<meta property=\"og:locale\" content=\"es_ES\" \/>\n<meta property=\"og:type\" content=\"article\" \/>\n<meta property=\"og:title\" content=\"Spotter\u00ae localizador GPS \u2013 Para todo lo que m\u00e1s quieres \u2764\" \/>\n<meta property=\"og:description\" content=\"Descubre los productos GPS de Spotter. Localizador GPS y relojes GPS para ni\u00f1os, personas mayores y mascotas. Sin costos de suscripci\u00f3n.\" \/>\n<meta property=\"og:url\" content=\"https:\/\/www.spottergps.com\/es\/\" \/>\n<meta property=\"og:site_name\" content=\"Spotter Spain\" \/>\n<meta property=\"article:modified_time\" content=\"2026-01-30T08:19:53+00:00\" \/>\n<meta property=\"og:image\" content=\"https:\/\/www.spottergps.com\/es\/wp-content\/uploads\/sites\/7\/2023\/04\/GPS-reloj-nino_Spotter.jpg\" \/>\n\t<meta property=\"og:image:width\" content=\"572\" \/>\n\t<meta property=\"og:image:height\" content=\"572\" \/>\n\t<meta property=\"og:image:type\" content=\"image\/jpeg\" \/>\n<meta name=\"twitter:card\" content=\"summary_large_image\" \/>\n<meta name=\"twitter:label1\" content=\"Tiempo de lectura\" \/>\n\t<meta name=\"twitter:data1\" content=\"3 minutes\" \/>\n<script type=\"application\/ld+json\" class=\"yoast-schema-graph\">{\"@context\":\"https:\/\/schema.org\",\"@graph\":[{\"@type\":\"WebPage\",\"@id\":\"https:\/\/www.spottergps.com\/es\/\",\"url\":\"https:\/\/www.spottergps.com\/es\/\",\"name\":\"Spotter\u00ae localizador GPS \u2013 Para todo lo que m\u00e1s quieres \u2764\",\"isPartOf\":{\"@id\":\"https:\/\/www.spottergps.com\/es\/#website\"},\"primaryImageOfPage\":{\"@id\":\"https:\/\/www.spottergps.com\/es\/#primaryimage\"},\"image\":{\"@id\":\"https:\/\/www.spottergps.com\/es\/#primaryimage\"},\"thumbnailUrl\":\"https:\/\/www.spottergps.com\/es\/wp-content\/uploads\/sites\/7\/2023\/04\/GPS-reloj-nino_Spotter.jpg\",\"datePublished\":\"2023-03-27T09:29:58+00:00\",\"dateModified\":\"2026-01-30T08:19:53+00:00\",\"description\":\"Descubre los productos GPS de Spotter. Localizador GPS y relojes GPS para ni\u00f1os, personas mayores y mascotas. Sin costos de suscripci\u00f3n.\",\"breadcrumb\":{\"@id\":\"https:\/\/www.spottergps.com\/es\/#breadcrumb\"},\"inLanguage\":\"es-ES\",\"potentialAction\":[{\"@type\":\"ReadAction\",\"target\":[\"https:\/\/www.spottergps.com\/es\/\"]}]},{\"@type\":\"ImageObject\",\"inLanguage\":\"es-ES\",\"@id\":\"https:\/\/www.spottergps.com\/es\/#primaryimage\",\"url\":\"https:\/\/www.spottergps.com\/es\/wp-content\/uploads\/sites\/7\/2023\/04\/GPS-reloj-nino_Spotter.jpg\",\"contentUrl\":\"https:\/\/www.spottergps.com\/es\/wp-content\/uploads\/sites\/7\/2023\/04\/GPS-reloj-nino_Spotter.jpg\",\"width\":572,\"height\":572,\"caption\":\"GPS-reloj-ni\u00f1o_Spotter\"},{\"@type\":\"BreadcrumbList\",\"@id\":\"https:\/\/www.spottergps.com\/es\/#breadcrumb\",\"itemListElement\":[{\"@type\":\"ListItem\",\"position\":1,\"name\":\"Home\",\"item\":\"https:\/\/www.spottergps.com\/es\/\"},{\"@type\":\"ListItem\",\"position\":2,\"name\":\"Localizador GPS Spotter\u00ae para todo lo que amas\"}]},{\"@type\":\"WebSite\",\"@id\":\"https:\/\/www.spottergps.com\/es\/#website\",\"url\":\"https:\/\/www.spottergps.com\/es\/\",\"name\":\"Spotter Spain\",\"description\":\"Para todo lo que amas\",\"publisher\":{\"@id\":\"https:\/\/www.spottergps.com\/es\/#organization\"},\"potentialAction\":[{\"@type\":\"SearchAction\",\"target\":{\"@type\":\"EntryPoint\",\"urlTemplate\":\"https:\/\/www.spottergps.com\/es\/?s={search_term_string}\"},\"query-input\":{\"@type\":\"PropertyValueSpecification\",\"valueRequired\":true,\"valueName\":\"search_term_string\"}}],\"inLanguage\":\"es-ES\"},{\"@type\":\"Organization\",\"@id\":\"https:\/\/www.spottergps.com\/es\/#organization\",\"name\":\"Spotter B.V.\",\"url\":\"https:\/\/www.spottergps.com\/es\/\",\"logo\":{\"@type\":\"ImageObject\",\"inLanguage\":\"es-ES\",\"@id\":\"https:\/\/www.spottergps.com\/es\/#\/schema\/logo\/image\/\",\"url\":\"https:\/\/www.spottergps.com\/es\/wp-content\/uploads\/sites\/7\/2023\/09\/Spotter_logo.png\",\"contentUrl\":\"https:\/\/www.spottergps.com\/es\/wp-content\/uploads\/sites\/7\/2023\/09\/Spotter_logo.png\",\"width\":1500,\"height\":696,\"caption\":\"Spotter B.V.\"},\"image\":{\"@id\":\"https:\/\/www.spottergps.com\/es\/#\/schema\/logo\/image\/\"}}]}<\/script>\n<!-- \/ Yoast SEO plugin. -->","yoast_head_json":{"title":"Spotter\u00ae localizador GPS \u2013 Para todo lo que m\u00e1s quieres \u2764","description":"Descubre los productos GPS de Spotter. Localizador GPS y relojes GPS para ni\u00f1os, personas mayores y mascotas. Sin costos de suscripci\u00f3n.","robots":{"index":"index","follow":"follow","max-snippet":"max-snippet:-1","max-image-preview":"max-image-preview:large","max-video-preview":"max-video-preview:-1"},"canonical":"https:\/\/www.spottergps.com\/es\/","og_locale":"es_ES","og_type":"article","og_title":"Spotter\u00ae localizador GPS \u2013 Para todo lo que m\u00e1s quieres \u2764","og_description":"Descubre los productos GPS de Spotter. Localizador GPS y relojes GPS para ni\u00f1os, personas mayores y mascotas. Sin costos de suscripci\u00f3n.","og_url":"https:\/\/www.spottergps.com\/es\/","og_site_name":"Spotter Spain","article_modified_time":"2026-01-30T08:19:53+00:00","og_image":[{"width":572,"height":572,"url":"https:\/\/www.spottergps.com\/es\/wp-content\/uploads\/sites\/7\/2023\/04\/GPS-reloj-nino_Spotter.jpg","type":"image\/jpeg"}],"twitter_card":"summary_large_image","twitter_misc":{"Tiempo de lectura":"3 minutes"},"schema":{"@context":"https:\/\/schema.org","@graph":[{"@type":"WebPage","@id":"https:\/\/www.spottergps.com\/es\/","url":"https:\/\/www.spottergps.com\/es\/","name":"Spotter\u00ae localizador GPS \u2013 Para todo lo que m\u00e1s quieres \u2764","isPartOf":{"@id":"https:\/\/www.spottergps.com\/es\/#website"},"primaryImageOfPage":{"@id":"https:\/\/www.spottergps.com\/es\/#primaryimage"},"image":{"@id":"https:\/\/www.spottergps.com\/es\/#primaryimage"},"thumbnailUrl":"https:\/\/www.spottergps.com\/es\/wp-content\/uploads\/sites\/7\/2023\/04\/GPS-reloj-nino_Spotter.jpg","datePublished":"2023-03-27T09:29:58+00:00","dateModified":"2026-01-30T08:19:53+00:00","description":"Descubre los productos GPS de Spotter. Localizador GPS y relojes GPS para ni\u00f1os, personas mayores y mascotas. Sin costos de suscripci\u00f3n.","breadcrumb":{"@id":"https:\/\/www.spottergps.com\/es\/#breadcrumb"},"inLanguage":"es-ES","potentialAction":[{"@type":"ReadAction","target":["https:\/\/www.spottergps.com\/es\/"]}]},{"@type":"ImageObject","inLanguage":"es-ES","@id":"https:\/\/www.spottergps.com\/es\/#primaryimage","url":"https:\/\/www.spottergps.com\/es\/wp-content\/uploads\/sites\/7\/2023\/04\/GPS-reloj-nino_Spotter.jpg","contentUrl":"https:\/\/www.spottergps.com\/es\/wp-content\/uploads\/sites\/7\/2023\/04\/GPS-reloj-nino_Spotter.jpg","width":572,"height":572,"caption":"GPS-reloj-ni\u00f1o_Spotter"},{"@type":"BreadcrumbList","@id":"https:\/\/www.spottergps.com\/es\/#breadcrumb","itemListElement":[{"@type":"ListItem","position":1,"name":"Home","item":"https:\/\/www.spottergps.com\/es\/"},{"@type":"ListItem","position":2,"name":"Localizador GPS Spotter\u00ae para todo lo que amas"}]},{"@type":"WebSite","@id":"https:\/\/www.spottergps.com\/es\/#website","url":"https:\/\/www.spottergps.com\/es\/","name":"Spotter Spain","description":"Para todo lo que amas","publisher":{"@id":"https:\/\/www.spottergps.com\/es\/#organization"},"potentialAction":[{"@type":"SearchAction","target":{"@type":"EntryPoint","urlTemplate":"https:\/\/www.spottergps.com\/es\/?s={search_term_string}"},"query-input":{"@type":"PropertyValueSpecification","valueRequired":true,"valueName":"search_term_string"}}],"inLanguage":"es-ES"},{"@type":"Organization","@id":"https:\/\/www.spottergps.com\/es\/#organization","name":"Spotter B.V.","url":"https:\/\/www.spottergps.com\/es\/","logo":{"@type":"ImageObject","inLanguage":"es-ES","@id":"https:\/\/www.spottergps.com\/es\/#\/schema\/logo\/image\/","url":"https:\/\/www.spottergps.com\/es\/wp-content\/uploads\/sites\/7\/2023\/09\/Spotter_logo.png","contentUrl":"https:\/\/www.spottergps.com\/es\/wp-content\/uploads\/sites\/7\/2023\/09\/Spotter_logo.png","width":1500,"height":696,"caption":"Spotter B.V."},"image":{"@id":"https:\/\/www.spottergps.com\/es\/#\/schema\/logo\/image\/"}}]}},"_links":{"self":[{"href":"https:\/\/www.spottergps.com\/es\/wp-json\/wp\/v2\/pages\/2","targetHints":{"allow":["GET"]}}],"collection":[{"href":"https:\/\/www.spottergps.com\/es\/wp-json\/wp\/v2\/pages"}],"about":[{"href":"https:\/\/www.spottergps.com\/es\/wp-json\/wp\/v2\/types\/page"}],"author":[{"embeddable":true,"href":"https:\/\/www.spottergps.com\/es\/wp-json\/wp\/v2\/users\/10"}],"replies":[{"embeddable":true,"href":"https:\/\/www.spottergps.com\/es\/wp-json\/wp\/v2\/comments?post=2"}],"version-history":[{"count":26,"href":"https:\/\/www.spottergps.com\/es\/wp-json\/wp\/v2\/pages\/2\/revisions"}],"predecessor-version":[{"id":2553,"href":"https:\/\/www.spottergps.com\/es\/wp-json\/wp\/v2\/pages\/2\/revisions\/2553"}],"wp:featuredmedia":[{"embeddable":true,"href":"https:\/\/www.spottergps.com\/es\/wp-json\/wp\/v2\/media\/1058"}],"wp:attachment":[{"href":"https:\/\/www.spottergps.com\/es\/wp-json\/wp\/v2\/media?parent=2"}],"wp:term":[{"taxonomy":"category","embeddable":true,"href":"https:\/\/www.spottergps.com\/es\/wp-json\/wp\/v2\/categories?post=2"},{"taxonomy":"post_tag","embeddable":true,"href":"https:\/\/www.spottergps.com\/es\/wp-json\/wp\/v2\/tags?post=2"}],"curies":[{"name":"wp","href":"https:\/\/api.w.org\/{rel}","templated":true}]}}