{"id":195,"date":"2023-03-29T11:24:12","date_gmt":"2023-03-29T11:24:12","guid":{"rendered":"https:\/\/www.spottergps.com\/es\/?page_id=195"},"modified":"2024-07-01T12:21:14","modified_gmt":"2024-07-01T12:21:14","slug":"como-funcionan-los-productos-spotter-gps-y-gprs","status":"publish","type":"page","link":"https:\/\/www.spottergps.com\/es\/faq\/productos-y-caracteristicas\/como-funcionan-los-productos-spotter-gps-y-gprs\/","title":{"rendered":"\u00bfC\u00f3mo funcionan los productos Spotter? (GPS y GPRS)"},"content":{"rendered":"\n<p>Los productos determinan la ubicaci\u00f3n actual por medio del Sistema de Posicionamiento Global (GPS). Se utiliza la clase de GPS m\u00e1s alta, lo que garantiza que las ubicaciones sean muy precisas. Estas ubicaciones luego se env\u00edan a trav\u00e9s de la tarjeta SIM interna segura en los productos a trav\u00e9s de una conexi\u00f3n VPN segura a su cuenta en l\u00ednea donde puede ver todos los datos. Necesita una conexi\u00f3n a Internet para ver los datos.<\/p>\n\n\n\n<figure class=\"wp-block-image size-full\"><img loading=\"lazy\" decoding=\"async\" width=\"1024\" height=\"520\" src=\"https:\/\/www.spottergps.com\/es\/wp-content\/uploads\/sites\/7\/2023\/03\/image-15.png\" alt=\"\" class=\"wp-image-196\" srcset=\"https:\/\/www.spottergps.com\/es\/wp-content\/uploads\/sites\/7\/2023\/03\/image-15.png 1024w, https:\/\/www.spottergps.com\/es\/wp-content\/uploads\/sites\/7\/2023\/03\/image-15-300x152.png 300w, https:\/\/www.spottergps.com\/es\/wp-content\/uploads\/sites\/7\/2023\/03\/image-15-768x390.png 768w\" sizes=\"auto, (max-width: 1024px) 100vw, 1024px\" \/><\/figure>\n\n\n\n<p><\/p>\n","protected":false},"excerpt":{"rendered":"<p>Los productos determinan la ubicaci\u00f3n actual por medio del Sistema de Posicionamiento Global (GPS). Se utiliza la clase de GPS m\u00e1s alta, lo que garantiza que las ubicaciones sean muy precisas. Estas ubicaciones luego se env\u00edan a trav\u00e9s de la tarjeta SIM interna segura en los productos a trav\u00e9s de una conexi\u00f3n VPN segura a [&hellip;]<\/p>\n","protected":false},"author":10,"featured_media":0,"parent":183,"menu_order":0,"comment_status":"closed","ping_status":"closed","template":"faq-content.php","meta":{"_acf_changed":false,"footnotes":""},"categories":[2],"tags":[],"class_list":["post-195","page","type-page","status-publish","hentry","category-faq"],"acf":[],"yoast_head":"<!-- This site is optimized with the Yoast SEO plugin v25.9 - https:\/\/yoast.com\/wordpress\/plugins\/seo\/ -->\n<title>\u00bfC\u00f3mo funcionan los productos Spotter? (GPS y GPRS) - Spotter Spain<\/title>\n<meta name=\"robots\" content=\"noindex, nofollow\" \/>\n<meta property=\"og:locale\" content=\"es_ES\" \/>\n<meta property=\"og:type\" content=\"article\" \/>\n<meta property=\"og:title\" content=\"\u00bfC\u00f3mo funcionan los productos Spotter? (GPS y GPRS) - Spotter Spain\" \/>\n<meta property=\"og:description\" content=\"Los productos determinan la ubicaci\u00f3n actual por medio del Sistema de Posicionamiento Global (GPS). Se utiliza la clase de GPS m\u00e1s alta, lo que garantiza que las ubicaciones sean muy precisas. Estas ubicaciones luego se env\u00edan a trav\u00e9s de la tarjeta SIM interna segura en los productos a trav\u00e9s de una conexi\u00f3n VPN segura a [&hellip;]\" \/>\n<meta property=\"og:url\" content=\"https:\/\/www.spottergps.com\/es\/faq\/productos-y-caracteristicas\/como-funcionan-los-productos-spotter-gps-y-gprs\/\" \/>\n<meta property=\"og:site_name\" content=\"Spotter Spain\" \/>\n<meta property=\"article:modified_time\" content=\"2024-07-01T12:21:14+00:00\" \/>\n<meta property=\"og:image\" content=\"https:\/\/www.spottergps.com\/es\/wp-content\/uploads\/sites\/7\/2023\/03\/image-15.png\" \/>\n<meta name=\"twitter:card\" content=\"summary_large_image\" \/>\n<meta name=\"twitter:label1\" content=\"Tiempo de lectura\" \/>\n\t<meta name=\"twitter:data1\" content=\"1 minute\" \/>\n<script type=\"application\/ld+json\" class=\"yoast-schema-graph\">{\"@context\":\"https:\/\/schema.org\",\"@graph\":[{\"@type\":\"WebPage\",\"@id\":\"https:\/\/www.spottergps.com\/es\/faq\/productos-y-caracteristicas\/como-funcionan-los-productos-spotter-gps-y-gprs\/\",\"url\":\"https:\/\/www.spottergps.com\/es\/faq\/productos-y-caracteristicas\/como-funcionan-los-productos-spotter-gps-y-gprs\/\",\"name\":\"\u00bfC\u00f3mo funcionan los productos Spotter? (GPS y GPRS) - Spotter Spain\",\"isPartOf\":{\"@id\":\"https:\/\/www.spottergps.com\/es\/#website\"},\"primaryImageOfPage\":{\"@id\":\"https:\/\/www.spottergps.com\/es\/faq\/productos-y-caracteristicas\/como-funcionan-los-productos-spotter-gps-y-gprs\/#primaryimage\"},\"image\":{\"@id\":\"https:\/\/www.spottergps.com\/es\/faq\/productos-y-caracteristicas\/como-funcionan-los-productos-spotter-gps-y-gprs\/#primaryimage\"},\"thumbnailUrl\":\"https:\/\/www.spottergps.com\/es\/wp-content\/uploads\/sites\/7\/2023\/03\/image-15.png\",\"datePublished\":\"2023-03-29T11:24:12+00:00\",\"dateModified\":\"2024-07-01T12:21:14+00:00\",\"breadcrumb\":{\"@id\":\"https:\/\/www.spottergps.com\/es\/faq\/productos-y-caracteristicas\/como-funcionan-los-productos-spotter-gps-y-gprs\/#breadcrumb\"},\"inLanguage\":\"es-ES\",\"potentialAction\":[{\"@type\":\"ReadAction\",\"target\":[\"https:\/\/www.spottergps.com\/es\/faq\/productos-y-caracteristicas\/como-funcionan-los-productos-spotter-gps-y-gprs\/\"]}]},{\"@type\":\"ImageObject\",\"inLanguage\":\"es-ES\",\"@id\":\"https:\/\/www.spottergps.com\/es\/faq\/productos-y-caracteristicas\/como-funcionan-los-productos-spotter-gps-y-gprs\/#primaryimage\",\"url\":\"https:\/\/www.spottergps.com\/es\/wp-content\/uploads\/sites\/7\/2023\/03\/image-15.png\",\"contentUrl\":\"https:\/\/www.spottergps.com\/es\/wp-content\/uploads\/sites\/7\/2023\/03\/image-15.png\",\"width\":1024,\"height\":520},{\"@type\":\"BreadcrumbList\",\"@id\":\"https:\/\/www.spottergps.com\/es\/faq\/productos-y-caracteristicas\/como-funcionan-los-productos-spotter-gps-y-gprs\/#breadcrumb\",\"itemListElement\":[{\"@type\":\"ListItem\",\"position\":1,\"name\":\"Home\",\"item\":\"https:\/\/www.spottergps.com\/es\/\"},{\"@type\":\"ListItem\",\"position\":2,\"name\":\"\u00bfC\u00f3mo podemos ayudarte?\",\"item\":\"https:\/\/www.spottergps.com\/es\/faq\/\"},{\"@type\":\"ListItem\",\"position\":3,\"name\":\"Productos y Caracter\u00edsticas\",\"item\":\"https:\/\/www.spottergps.com\/es\/faq\/productos-y-caracteristicas\/\"},{\"@type\":\"ListItem\",\"position\":4,\"name\":\"\u00bfC\u00f3mo funcionan los productos Spotter? (GPS y GPRS)\"}]},{\"@type\":\"WebSite\",\"@id\":\"https:\/\/www.spottergps.com\/es\/#website\",\"url\":\"https:\/\/www.spottergps.com\/es\/\",\"name\":\"Spotter Spain\",\"description\":\"Para todo lo que amas\",\"publisher\":{\"@id\":\"https:\/\/www.spottergps.com\/es\/#organization\"},\"potentialAction\":[{\"@type\":\"SearchAction\",\"target\":{\"@type\":\"EntryPoint\",\"urlTemplate\":\"https:\/\/www.spottergps.com\/es\/?s={search_term_string}\"},\"query-input\":{\"@type\":\"PropertyValueSpecification\",\"valueRequired\":true,\"valueName\":\"search_term_string\"}}],\"inLanguage\":\"es-ES\"},{\"@type\":\"Organization\",\"@id\":\"https:\/\/www.spottergps.com\/es\/#organization\",\"name\":\"Spotter B.V.\",\"url\":\"https:\/\/www.spottergps.com\/es\/\",\"logo\":{\"@type\":\"ImageObject\",\"inLanguage\":\"es-ES\",\"@id\":\"https:\/\/www.spottergps.com\/es\/#\/schema\/logo\/image\/\",\"url\":\"https:\/\/www.spottergps.com\/es\/wp-content\/uploads\/sites\/7\/2023\/09\/Spotter_logo.png\",\"contentUrl\":\"https:\/\/www.spottergps.com\/es\/wp-content\/uploads\/sites\/7\/2023\/09\/Spotter_logo.png\",\"width\":1500,\"height\":696,\"caption\":\"Spotter B.V.\"},\"image\":{\"@id\":\"https:\/\/www.spottergps.com\/es\/#\/schema\/logo\/image\/\"}}]}<\/script>\n<!-- \/ Yoast SEO plugin. -->","yoast_head_json":{"title":"\u00bfC\u00f3mo funcionan los productos Spotter? (GPS y GPRS) - Spotter Spain","robots":{"index":"noindex","follow":"nofollow"},"og_locale":"es_ES","og_type":"article","og_title":"\u00bfC\u00f3mo funcionan los productos Spotter? (GPS y GPRS) - Spotter Spain","og_description":"Los productos determinan la ubicaci\u00f3n actual por medio del Sistema de Posicionamiento Global (GPS). Se utiliza la clase de GPS m\u00e1s alta, lo que garantiza que las ubicaciones sean muy precisas. Estas ubicaciones luego se env\u00edan a trav\u00e9s de la tarjeta SIM interna segura en los productos a trav\u00e9s de una conexi\u00f3n VPN segura a [&hellip;]","og_url":"https:\/\/www.spottergps.com\/es\/faq\/productos-y-caracteristicas\/como-funcionan-los-productos-spotter-gps-y-gprs\/","og_site_name":"Spotter Spain","article_modified_time":"2024-07-01T12:21:14+00:00","og_image":[{"url":"https:\/\/www.spottergps.com\/es\/wp-content\/uploads\/sites\/7\/2023\/03\/image-15.png","type":"","width":"","height":""}],"twitter_card":"summary_large_image","twitter_misc":{"Tiempo de lectura":"1 minute"},"schema":{"@context":"https:\/\/schema.org","@graph":[{"@type":"WebPage","@id":"https:\/\/www.spottergps.com\/es\/faq\/productos-y-caracteristicas\/como-funcionan-los-productos-spotter-gps-y-gprs\/","url":"https:\/\/www.spottergps.com\/es\/faq\/productos-y-caracteristicas\/como-funcionan-los-productos-spotter-gps-y-gprs\/","name":"\u00bfC\u00f3mo funcionan los productos Spotter? (GPS y GPRS) - Spotter Spain","isPartOf":{"@id":"https:\/\/www.spottergps.com\/es\/#website"},"primaryImageOfPage":{"@id":"https:\/\/www.spottergps.com\/es\/faq\/productos-y-caracteristicas\/como-funcionan-los-productos-spotter-gps-y-gprs\/#primaryimage"},"image":{"@id":"https:\/\/www.spottergps.com\/es\/faq\/productos-y-caracteristicas\/como-funcionan-los-productos-spotter-gps-y-gprs\/#primaryimage"},"thumbnailUrl":"https:\/\/www.spottergps.com\/es\/wp-content\/uploads\/sites\/7\/2023\/03\/image-15.png","datePublished":"2023-03-29T11:24:12+00:00","dateModified":"2024-07-01T12:21:14+00:00","breadcrumb":{"@id":"https:\/\/www.spottergps.com\/es\/faq\/productos-y-caracteristicas\/como-funcionan-los-productos-spotter-gps-y-gprs\/#breadcrumb"},"inLanguage":"es-ES","potentialAction":[{"@type":"ReadAction","target":["https:\/\/www.spottergps.com\/es\/faq\/productos-y-caracteristicas\/como-funcionan-los-productos-spotter-gps-y-gprs\/"]}]},{"@type":"ImageObject","inLanguage":"es-ES","@id":"https:\/\/www.spottergps.com\/es\/faq\/productos-y-caracteristicas\/como-funcionan-los-productos-spotter-gps-y-gprs\/#primaryimage","url":"https:\/\/www.spottergps.com\/es\/wp-content\/uploads\/sites\/7\/2023\/03\/image-15.png","contentUrl":"https:\/\/www.spottergps.com\/es\/wp-content\/uploads\/sites\/7\/2023\/03\/image-15.png","width":1024,"height":520},{"@type":"BreadcrumbList","@id":"https:\/\/www.spottergps.com\/es\/faq\/productos-y-caracteristicas\/como-funcionan-los-productos-spotter-gps-y-gprs\/#breadcrumb","itemListElement":[{"@type":"ListItem","position":1,"name":"Home","item":"https:\/\/www.spottergps.com\/es\/"},{"@type":"ListItem","position":2,"name":"\u00bfC\u00f3mo podemos ayudarte?","item":"https:\/\/www.spottergps.com\/es\/faq\/"},{"@type":"ListItem","position":3,"name":"Productos y Caracter\u00edsticas","item":"https:\/\/www.spottergps.com\/es\/faq\/productos-y-caracteristicas\/"},{"@type":"ListItem","position":4,"name":"\u00bfC\u00f3mo funcionan los productos Spotter? (GPS y GPRS)"}]},{"@type":"WebSite","@id":"https:\/\/www.spottergps.com\/es\/#website","url":"https:\/\/www.spottergps.com\/es\/","name":"Spotter Spain","description":"Para todo lo que amas","publisher":{"@id":"https:\/\/www.spottergps.com\/es\/#organization"},"potentialAction":[{"@type":"SearchAction","target":{"@type":"EntryPoint","urlTemplate":"https:\/\/www.spottergps.com\/es\/?s={search_term_string}"},"query-input":{"@type":"PropertyValueSpecification","valueRequired":true,"valueName":"search_term_string"}}],"inLanguage":"es-ES"},{"@type":"Organization","@id":"https:\/\/www.spottergps.com\/es\/#organization","name":"Spotter B.V.","url":"https:\/\/www.spottergps.com\/es\/","logo":{"@type":"ImageObject","inLanguage":"es-ES","@id":"https:\/\/www.spottergps.com\/es\/#\/schema\/logo\/image\/","url":"https:\/\/www.spottergps.com\/es\/wp-content\/uploads\/sites\/7\/2023\/09\/Spotter_logo.png","contentUrl":"https:\/\/www.spottergps.com\/es\/wp-content\/uploads\/sites\/7\/2023\/09\/Spotter_logo.png","width":1500,"height":696,"caption":"Spotter B.V."},"image":{"@id":"https:\/\/www.spottergps.com\/es\/#\/schema\/logo\/image\/"}}]}},"_links":{"self":[{"href":"https:\/\/www.spottergps.com\/es\/wp-json\/wp\/v2\/pages\/195","targetHints":{"allow":["GET"]}}],"collection":[{"href":"https:\/\/www.spottergps.com\/es\/wp-json\/wp\/v2\/pages"}],"about":[{"href":"https:\/\/www.spottergps.com\/es\/wp-json\/wp\/v2\/types\/page"}],"author":[{"embeddable":true,"href":"https:\/\/www.spottergps.com\/es\/wp-json\/wp\/v2\/users\/10"}],"replies":[{"embeddable":true,"href":"https:\/\/www.spottergps.com\/es\/wp-json\/wp\/v2\/comments?post=195"}],"version-history":[{"count":3,"href":"https:\/\/www.spottergps.com\/es\/wp-json\/wp\/v2\/pages\/195\/revisions"}],"predecessor-version":[{"id":1462,"href":"https:\/\/www.spottergps.com\/es\/wp-json\/wp\/v2\/pages\/195\/revisions\/1462"}],"up":[{"embeddable":true,"href":"https:\/\/www.spottergps.com\/es\/wp-json\/wp\/v2\/pages\/183"}],"wp:attachment":[{"href":"https:\/\/www.spottergps.com\/es\/wp-json\/wp\/v2\/media?parent=195"}],"wp:term":[{"taxonomy":"category","embeddable":true,"href":"https:\/\/www.spottergps.com\/es\/wp-json\/wp\/v2\/categories?post=195"},{"taxonomy":"post_tag","embeddable":true,"href":"https:\/\/www.spottergps.com\/es\/wp-json\/wp\/v2\/tags?post=195"}],"curies":[{"name":"wp","href":"https:\/\/api.w.org\/{rel}","templated":true}]}}