{"id":191,"date":"2023-03-29T11:22:18","date_gmt":"2023-03-29T11:22:18","guid":{"rendered":"https:\/\/www.spottergps.com\/es\/?page_id=191"},"modified":"2024-07-01T12:18:35","modified_gmt":"2024-07-01T12:18:35","slug":"caracteristicas-reloj-spotter-gps","status":"publish","type":"page","link":"https:\/\/www.spottergps.com\/es\/faq\/productos-y-caracteristicas\/caracteristicas-reloj-spotter-gps\/","title":{"rendered":"Caracter\u00edsticas Reloj Spotter GPS"},"content":{"rendered":"\n<p>\u00bfTiene curiosidad acerca de las funciones del reloj Spotter GPS? Los explicamos a continuaci\u00f3n y encontrar\u00e1 una descripci\u00f3n completa en el <a href=\"https:\/\/www.spottergps.com\/es\/manual\/\" data-type=\"URL\" data-id=\"https:\/\/www.spottergps.com\/es\/manual\/\">manual .<\/a><\/p>\n\n\n\n<h2 class=\"wp-block-heading\"><em><br><\/em><em>Ver ubicaci\u00f3n<\/em><\/h2>\n\n\n\n<p>El <a href=\"https:\/\/www.spottergps.com\/es\/el-reloj-gps-para-ninos-y-adultos\/\" data-type=\"URL\" data-id=\"https:\/\/www.spottergps.com\/es\/el-reloj-gps-para-ninos-y-adultos\/\">reloj Spotter GPS <\/a>env\u00eda una ubicaci\u00f3n cada 2 minutos durante el movimiento. Cuando el Spotter GPS Watch no se mueve, la ubicaci\u00f3n se env\u00eda cada 5 horas. El reloj Spotter GPS est\u00e1 equipado con un sensor de movimiento que reconoce la diferencia entre movimiento y parada. Al ir al &#8216;Mapa&#8217; en la cuenta en l\u00ednea, puede ver la ubicaci\u00f3n del reloj GPS Spotter. Puede mirar hacia atr\u00e1s en todas las ubicaciones durante 24 horas, despu\u00e9s de lo cual se eliminar\u00e1n los datos.<\/p>\n\n\n\n<p>\u00bfDebe elegir ver las ubicaciones con m\u00e1s frecuencia que cada 2 minutos? Luego puede solicitar las ubicaciones manualmente. Al ir al Mapa, puede hacer clic en el icono que indica d\u00f3nde se encuentra actualmente el Reloj GPS Spotter y seleccionar la opci\u00f3n &#8216;solicitar ubicaci\u00f3n&#8217;. Ahora recibir\u00e1 la ubicaci\u00f3n actual del Spotter GPS Watch cada 20 segundos durante 3 minutos. Si selecciona Spotter on the Map en el men\u00fa Inicio, seleccione &#8216;M\u00e1s&#8217; en el men\u00fa y luego &#8216;Solicitar ubicaci\u00f3n&#8217;. Esto entra dentro del cr\u00e9dito prepago y no hay costos adicionales involucrados. Esta funci\u00f3n solo se puede utilizar en el reloj GPS Spotter.<\/p>\n\n\n\n<p><\/p>\n\n\n\n<h2 class=\"wp-block-heading\"><em>Establecer zonas<\/em><\/h2>\n\n\n\n<p>Con Spotter GPS Watch puede configurar f\u00e1cilmente una zona. Piense, por ejemplo, en la direcci\u00f3n de su casa, la instituci\u00f3n de atenci\u00f3n, la escuela, el trabajo o los miembros de su familia. Si el observador entra o sale de la zona, recibir\u00e1 inmediatamente una notificaci\u00f3n a trav\u00e9s de la aplicaci\u00f3n como notificaci\u00f3n autom\u00e1tica. Es posible configurar 5 zonas diferentes.<\/p>\n\n\n\n<p><strong>Para configurar una zona:<\/strong><\/p>\n\n\n\n<p>Puede configurar una zona a trav\u00e9s de su cuenta siguiendo estos pasos:<\/p>\n\n\n\n<ul class=\"wp-block-list\">\n<li>Iniciar sesi\u00f3n a trav\u00e9s de la aplicaci\u00f3n o a trav\u00e9s del sitio web<\/li>\n\n\n\n<li>Cuando haya iniciado sesi\u00f3n, ver\u00e1 3 guiones en la parte superior izquierda, luego vaya a &#8216;zona&#8217;.<\/li>\n\n\n\n<li>En el &#8216;signo m\u00e1s&#8217; puede crear una nueva zona.<\/li>\n\n\n\n<li>Ahora puede elegir un icono como la casa para la &#8216;ubicaci\u00f3n de casa&#8217;.<\/li>\n\n\n\n<li>Luego puede arrastrar este \u00edcono a la ubicaci\u00f3n o encontrar\u00e1 una barra en la parte superior donde puede ingresar la direcci\u00f3n de la zona deseada.<\/li>\n\n\n\n<li>Luego puede indicar qu\u00e9 tan grande quiere que sea esta zona, esto funciona en un c\u00edrculo.<\/li>\n<\/ul>\n\n\n\n<p>La zona ahora est\u00e1 activada y si el observador sale o vuelve a entrar en este c\u00edrculo, recibir\u00e1 una notificaci\u00f3n. Puede cambiarlo o eliminarlo haciendo clic en la zona y seleccionando &#8216;editar&#8217; o &#8216;eliminar&#8217;.<br><\/p>\n\n\n\n<h2 class=\"wp-block-heading\"><em>Alerta de SOS<\/em><\/h2>\n\n\n\n<p>Presione el bot\u00f3n SOS en el lado derecho del reloj Spotter GPS durante 3 segundos y aparecer\u00e1 el texto &#8216;SOS enviado&#8217; en el reloj. El usuario vinculado recibe una notificaci\u00f3n SOS con el nombre del Spotter y la ubicaci\u00f3n por correo electr\u00f3nico y como mensaje push en el tel\u00e9fono inteligente. En la aplicaci\u00f3n, puede ver la ubicaci\u00f3n donde se presion\u00f3 el bot\u00f3n SOS y luego puede llamar al Spotter para preguntar qu\u00e9 est\u00e1 pasando. <a href=\"https:\/\/www.spottergps.com\/faq\/producten-2\/spotter-bellen\/\">Aqu\u00ed se explica c\u00f3mo hacer una <\/a><a href=\"https:\/\/www.spottergps.com\/es\/faq\/productos-y-caracteristicas\/llamando-al-spotter\/\" data-type=\"URL\" data-id=\"https:\/\/www.spottergps.com\/es\/faq\/productos-y-caracteristicas\/llamando-al-spotter\/\">llamada <\/a>.<\/p>\n\n\n\n<p><\/p>\n\n\n\n<h2 class=\"wp-block-heading\"><em>Ll\u00e1mame<\/em><\/h2>\n\n\n\n<p>Esta funci\u00f3n le permite emitir un tono de sonido a distancia. Puede hacerlo a trav\u00e9s de la opci\u00f3n &#8216; Tangle &#8216; en la aplicaci\u00f3n. Haz clic en el icono que indica la ubicaci\u00f3n actual del reloj Spotter GPS, selecciona &#8216;M\u00e1s&#8217; y haz clic en &#8216; Tringle &#8216;. El reloj Spotter GPS ahora emite un tono de sonido durante 1 minuto.<\/p>\n\n\n\n<h2 class=\"wp-block-heading\"><em><br><\/em><em>Ajustar alarma<\/em><\/h2>\n\n\n\n<p>Establezca 3 horas de alarma diferentes cuando desee que suene una alarma en el reloj GPS Spotter. Por ejemplo, \u00bftiene que tomar los medicamentos a una hora determinada o su hijo tiene que estar en casa a la hora de la cena? Configure una alarma para que suene una vez o configure alarmas para que suenen en d\u00edas espec\u00edficos de la semana. La alarma se puede desactivar manualmente tocando la pantalla del reloj GPS Spotter. La alarma se detendr\u00e1 autom\u00e1ticamente despu\u00e9s de 30 segundos.<\/p>\n\n\n\n<p><strong>Nota: <\/strong>incluso si el reloj Spotter GPS est\u00e1 apagado, la alarma sonar\u00e1 si la bater\u00eda est\u00e1 cargada.<br><\/p>\n\n\n\n<h2 class=\"wp-block-heading\"><em>Pod\u00f3metro<\/em><\/h2>\n\n\n\n<p>Con el pod\u00f3metro puede realizar un seguimiento de cu\u00e1ntos pasos se han dado. La cantidad de pasos se restablece diariamente, de modo que eventualmente obtenga una buena visi\u00f3n general de la cantidad de pasos dados por d\u00eda. Vaya a la pantalla de inicio y haga clic en<br>el Spotter en el mapa, seleccione &#8220;M\u00e1s&#8221; y haga clic en &#8220;Pod\u00f3metro&#8221;. Luego haga clic en el control deslizante para pod\u00f3metro. Si se vuelve azul, el pod\u00f3metro est\u00e1 activado. El n\u00famero de pasos se puede ver tanto a trav\u00e9s de la aplicaci\u00f3n como a trav\u00e9s del propio Spotter GPS Watch.<br><\/p>\n\n\n\n<h2 class=\"wp-block-heading\"><em>Llamar<\/em><\/h2>\n\n\n\n<p>Tambi\u00e9n puede llamar al Spotter GPS Watch, por ejemplo, en caso de que una persona lo necesite y le gustar\u00eda ser contactado. Inicie sesi\u00f3n en la aplicaci\u00f3n Spotter y haga clic en el icono Spotter GPS Watch en el mapa. Luego se abrir\u00e1 un men\u00fa y seleccione &#8220;Llamar&#8221;. El Spotter ahora est\u00e1 sonando. La llamada telef\u00f3nica se puede aceptar haciendo clic en el icono plateado debajo de la pantalla del reloj Spotter GPS. La llamada telef\u00f3nica se puede finalizar haciendo clic en la llamada telef\u00f3nica roja en la pantalla del Spotter GPS Watch.<\/p>\n\n\n\n<p><strong>Nota: <\/strong>Cuando llama al Spotter GPS Watch desde su propio tel\u00e9fono inteligente, esto no incluye el cr\u00e9dito prepago. Usted llama a un n\u00famero de m\u00f3vil europeo al que se aplican los costes de llamada de su proveedor de telefon\u00eda.<\/p>\n\n\n\n<p>de roaming integrada , lo que garantiza que el reloj Spotter GPS funcione en toda Europa en todas las redes m\u00f3viles disponibles sin coste adicional. Incluso dentro de los Pa\u00edses Bajos, Spotter GPS Watch funciona en todas las redes m\u00f3viles disponibles. La raz\u00f3n de esto es que Spotter GPS Watch no quiere depender de la cobertura de red de un solo proveedor de telefon\u00eda m\u00f3vil en un pa\u00eds (o regi\u00f3n), sino que Spotter GPS Watch siempre elige la mejor red m\u00f3vil disponible independientemente del proveedor de telefon\u00eda m\u00f3vil. <\/p>\n\n\n\n<p><strong>Sugerencia: <\/strong>despu\u00e9s de haber llamado al reloj Spotter GPS, puede guardar el n\u00famero para que tambi\u00e9n pueda llamar al reloj Spotter GPS directamente fuera de la aplicaci\u00f3n sin usar la aplicaci\u00f3n.<br><br><\/p>\n\n\n\n<p>sos de GPS Watch , GPS Watch tring me, GPS Watch set alarm, GPS Watch podometer, GPS Watch call<\/p>\n","protected":false},"excerpt":{"rendered":"<p>\u00bfTiene curiosidad acerca de las funciones del reloj Spotter GPS? Los explicamos a continuaci\u00f3n y encontrar\u00e1 una descripci\u00f3n completa en el manual . Ver ubicaci\u00f3n El reloj Spotter GPS env\u00eda una ubicaci\u00f3n cada 2 minutos durante el movimiento. Cuando el Spotter GPS Watch no se mueve, la ubicaci\u00f3n se env\u00eda cada 5 horas. El reloj [&hellip;]<\/p>\n","protected":false},"author":10,"featured_media":0,"parent":183,"menu_order":0,"comment_status":"closed","ping_status":"closed","template":"faq-content.php","meta":{"_acf_changed":false,"footnotes":""},"categories":[2],"tags":[],"class_list":["post-191","page","type-page","status-publish","hentry","category-faq"],"acf":[],"yoast_head":"<!-- This site is optimized with the Yoast SEO plugin v25.9 - https:\/\/yoast.com\/wordpress\/plugins\/seo\/ -->\n<title>Caracter\u00edsticas Reloj Spotter GPS - Spotter Spain<\/title>\n<meta name=\"robots\" content=\"noindex, nofollow\" \/>\n<meta property=\"og:locale\" content=\"es_ES\" \/>\n<meta property=\"og:type\" content=\"article\" \/>\n<meta property=\"og:title\" content=\"Caracter\u00edsticas Reloj Spotter GPS - Spotter Spain\" \/>\n<meta property=\"og:description\" content=\"\u00bfTiene curiosidad acerca de las funciones del reloj Spotter GPS? Los explicamos a continuaci\u00f3n y encontrar\u00e1 una descripci\u00f3n completa en el manual . Ver ubicaci\u00f3n El reloj Spotter GPS env\u00eda una ubicaci\u00f3n cada 2 minutos durante el movimiento. Cuando el Spotter GPS Watch no se mueve, la ubicaci\u00f3n se env\u00eda cada 5 horas. El reloj [&hellip;]\" \/>\n<meta property=\"og:url\" content=\"https:\/\/www.spottergps.com\/es\/faq\/productos-y-caracteristicas\/caracteristicas-reloj-spotter-gps\/\" \/>\n<meta property=\"og:site_name\" content=\"Spotter Spain\" \/>\n<meta property=\"article:modified_time\" content=\"2024-07-01T12:18:35+00:00\" \/>\n<meta name=\"twitter:card\" content=\"summary_large_image\" \/>\n<meta name=\"twitter:label1\" content=\"Tiempo de lectura\" \/>\n\t<meta name=\"twitter:data1\" content=\"5 minutes\" \/>\n<script type=\"application\/ld+json\" class=\"yoast-schema-graph\">{\"@context\":\"https:\/\/schema.org\",\"@graph\":[{\"@type\":\"WebPage\",\"@id\":\"https:\/\/www.spottergps.com\/es\/faq\/productos-y-caracteristicas\/caracteristicas-reloj-spotter-gps\/\",\"url\":\"https:\/\/www.spottergps.com\/es\/faq\/productos-y-caracteristicas\/caracteristicas-reloj-spotter-gps\/\",\"name\":\"Caracter\u00edsticas Reloj Spotter GPS - Spotter Spain\",\"isPartOf\":{\"@id\":\"https:\/\/www.spottergps.com\/es\/#website\"},\"datePublished\":\"2023-03-29T11:22:18+00:00\",\"dateModified\":\"2024-07-01T12:18:35+00:00\",\"breadcrumb\":{\"@id\":\"https:\/\/www.spottergps.com\/es\/faq\/productos-y-caracteristicas\/caracteristicas-reloj-spotter-gps\/#breadcrumb\"},\"inLanguage\":\"es-ES\",\"potentialAction\":[{\"@type\":\"ReadAction\",\"target\":[\"https:\/\/www.spottergps.com\/es\/faq\/productos-y-caracteristicas\/caracteristicas-reloj-spotter-gps\/\"]}]},{\"@type\":\"BreadcrumbList\",\"@id\":\"https:\/\/www.spottergps.com\/es\/faq\/productos-y-caracteristicas\/caracteristicas-reloj-spotter-gps\/#breadcrumb\",\"itemListElement\":[{\"@type\":\"ListItem\",\"position\":1,\"name\":\"Home\",\"item\":\"https:\/\/www.spottergps.com\/es\/\"},{\"@type\":\"ListItem\",\"position\":2,\"name\":\"\u00bfC\u00f3mo podemos ayudarte?\",\"item\":\"https:\/\/www.spottergps.com\/es\/faq\/\"},{\"@type\":\"ListItem\",\"position\":3,\"name\":\"Productos y Caracter\u00edsticas\",\"item\":\"https:\/\/www.spottergps.com\/es\/faq\/productos-y-caracteristicas\/\"},{\"@type\":\"ListItem\",\"position\":4,\"name\":\"Caracter\u00edsticas Reloj Spotter GPS\"}]},{\"@type\":\"WebSite\",\"@id\":\"https:\/\/www.spottergps.com\/es\/#website\",\"url\":\"https:\/\/www.spottergps.com\/es\/\",\"name\":\"Spotter Spain\",\"description\":\"Para todo lo que amas\",\"publisher\":{\"@id\":\"https:\/\/www.spottergps.com\/es\/#organization\"},\"potentialAction\":[{\"@type\":\"SearchAction\",\"target\":{\"@type\":\"EntryPoint\",\"urlTemplate\":\"https:\/\/www.spottergps.com\/es\/?s={search_term_string}\"},\"query-input\":{\"@type\":\"PropertyValueSpecification\",\"valueRequired\":true,\"valueName\":\"search_term_string\"}}],\"inLanguage\":\"es-ES\"},{\"@type\":\"Organization\",\"@id\":\"https:\/\/www.spottergps.com\/es\/#organization\",\"name\":\"Spotter B.V.\",\"url\":\"https:\/\/www.spottergps.com\/es\/\",\"logo\":{\"@type\":\"ImageObject\",\"inLanguage\":\"es-ES\",\"@id\":\"https:\/\/www.spottergps.com\/es\/#\/schema\/logo\/image\/\",\"url\":\"https:\/\/www.spottergps.com\/es\/wp-content\/uploads\/sites\/7\/2023\/09\/Spotter_logo.png\",\"contentUrl\":\"https:\/\/www.spottergps.com\/es\/wp-content\/uploads\/sites\/7\/2023\/09\/Spotter_logo.png\",\"width\":1500,\"height\":696,\"caption\":\"Spotter B.V.\"},\"image\":{\"@id\":\"https:\/\/www.spottergps.com\/es\/#\/schema\/logo\/image\/\"}}]}<\/script>\n<!-- \/ Yoast SEO plugin. -->","yoast_head_json":{"title":"Caracter\u00edsticas Reloj Spotter GPS - Spotter Spain","robots":{"index":"noindex","follow":"nofollow"},"og_locale":"es_ES","og_type":"article","og_title":"Caracter\u00edsticas Reloj Spotter GPS - Spotter Spain","og_description":"\u00bfTiene curiosidad acerca de las funciones del reloj Spotter GPS? Los explicamos a continuaci\u00f3n y encontrar\u00e1 una descripci\u00f3n completa en el manual . Ver ubicaci\u00f3n El reloj Spotter GPS env\u00eda una ubicaci\u00f3n cada 2 minutos durante el movimiento. Cuando el Spotter GPS Watch no se mueve, la ubicaci\u00f3n se env\u00eda cada 5 horas. El reloj [&hellip;]","og_url":"https:\/\/www.spottergps.com\/es\/faq\/productos-y-caracteristicas\/caracteristicas-reloj-spotter-gps\/","og_site_name":"Spotter Spain","article_modified_time":"2024-07-01T12:18:35+00:00","twitter_card":"summary_large_image","twitter_misc":{"Tiempo de lectura":"5 minutes"},"schema":{"@context":"https:\/\/schema.org","@graph":[{"@type":"WebPage","@id":"https:\/\/www.spottergps.com\/es\/faq\/productos-y-caracteristicas\/caracteristicas-reloj-spotter-gps\/","url":"https:\/\/www.spottergps.com\/es\/faq\/productos-y-caracteristicas\/caracteristicas-reloj-spotter-gps\/","name":"Caracter\u00edsticas Reloj Spotter GPS - Spotter Spain","isPartOf":{"@id":"https:\/\/www.spottergps.com\/es\/#website"},"datePublished":"2023-03-29T11:22:18+00:00","dateModified":"2024-07-01T12:18:35+00:00","breadcrumb":{"@id":"https:\/\/www.spottergps.com\/es\/faq\/productos-y-caracteristicas\/caracteristicas-reloj-spotter-gps\/#breadcrumb"},"inLanguage":"es-ES","potentialAction":[{"@type":"ReadAction","target":["https:\/\/www.spottergps.com\/es\/faq\/productos-y-caracteristicas\/caracteristicas-reloj-spotter-gps\/"]}]},{"@type":"BreadcrumbList","@id":"https:\/\/www.spottergps.com\/es\/faq\/productos-y-caracteristicas\/caracteristicas-reloj-spotter-gps\/#breadcrumb","itemListElement":[{"@type":"ListItem","position":1,"name":"Home","item":"https:\/\/www.spottergps.com\/es\/"},{"@type":"ListItem","position":2,"name":"\u00bfC\u00f3mo podemos ayudarte?","item":"https:\/\/www.spottergps.com\/es\/faq\/"},{"@type":"ListItem","position":3,"name":"Productos y Caracter\u00edsticas","item":"https:\/\/www.spottergps.com\/es\/faq\/productos-y-caracteristicas\/"},{"@type":"ListItem","position":4,"name":"Caracter\u00edsticas Reloj Spotter GPS"}]},{"@type":"WebSite","@id":"https:\/\/www.spottergps.com\/es\/#website","url":"https:\/\/www.spottergps.com\/es\/","name":"Spotter Spain","description":"Para todo lo que amas","publisher":{"@id":"https:\/\/www.spottergps.com\/es\/#organization"},"potentialAction":[{"@type":"SearchAction","target":{"@type":"EntryPoint","urlTemplate":"https:\/\/www.spottergps.com\/es\/?s={search_term_string}"},"query-input":{"@type":"PropertyValueSpecification","valueRequired":true,"valueName":"search_term_string"}}],"inLanguage":"es-ES"},{"@type":"Organization","@id":"https:\/\/www.spottergps.com\/es\/#organization","name":"Spotter B.V.","url":"https:\/\/www.spottergps.com\/es\/","logo":{"@type":"ImageObject","inLanguage":"es-ES","@id":"https:\/\/www.spottergps.com\/es\/#\/schema\/logo\/image\/","url":"https:\/\/www.spottergps.com\/es\/wp-content\/uploads\/sites\/7\/2023\/09\/Spotter_logo.png","contentUrl":"https:\/\/www.spottergps.com\/es\/wp-content\/uploads\/sites\/7\/2023\/09\/Spotter_logo.png","width":1500,"height":696,"caption":"Spotter B.V."},"image":{"@id":"https:\/\/www.spottergps.com\/es\/#\/schema\/logo\/image\/"}}]}},"_links":{"self":[{"href":"https:\/\/www.spottergps.com\/es\/wp-json\/wp\/v2\/pages\/191","targetHints":{"allow":["GET"]}}],"collection":[{"href":"https:\/\/www.spottergps.com\/es\/wp-json\/wp\/v2\/pages"}],"about":[{"href":"https:\/\/www.spottergps.com\/es\/wp-json\/wp\/v2\/types\/page"}],"author":[{"embeddable":true,"href":"https:\/\/www.spottergps.com\/es\/wp-json\/wp\/v2\/users\/10"}],"replies":[{"embeddable":true,"href":"https:\/\/www.spottergps.com\/es\/wp-json\/wp\/v2\/comments?post=191"}],"version-history":[{"count":4,"href":"https:\/\/www.spottergps.com\/es\/wp-json\/wp\/v2\/pages\/191\/revisions"}],"predecessor-version":[{"id":1453,"href":"https:\/\/www.spottergps.com\/es\/wp-json\/wp\/v2\/pages\/191\/revisions\/1453"}],"up":[{"embeddable":true,"href":"https:\/\/www.spottergps.com\/es\/wp-json\/wp\/v2\/pages\/183"}],"wp:attachment":[{"href":"https:\/\/www.spottergps.com\/es\/wp-json\/wp\/v2\/media?parent=191"}],"wp:term":[{"taxonomy":"category","embeddable":true,"href":"https:\/\/www.spottergps.com\/es\/wp-json\/wp\/v2\/categories?post=191"},{"taxonomy":"post_tag","embeddable":true,"href":"https:\/\/www.spottergps.com\/es\/wp-json\/wp\/v2\/tags?post=191"}],"curies":[{"name":"wp","href":"https:\/\/api.w.org\/{rel}","templated":true}]}}