{"id":189,"date":"2023-03-29T11:21:22","date_gmt":"2023-03-29T11:21:22","guid":{"rendered":"https:\/\/www.spottergps.com\/es\/?page_id=189"},"modified":"2024-07-01T12:19:03","modified_gmt":"2024-07-01T12:19:03","slug":"caracteristicas-spotter-gps-watch-air","status":"publish","type":"page","link":"https:\/\/www.spottergps.com\/es\/faq\/productos-y-caracteristicas\/caracteristicas-spotter-gps-watch-air\/","title":{"rendered":"Caracter\u00edsticas Spotter GPS Watch Air"},"content":{"rendered":"\n<p>\u00bfTienes curiosidad acerca de las funciones del Spotter GPS Watch \u2013 Air? Los explicamos a continuaci\u00f3n y encontrar\u00e1 una descripci\u00f3n completa en el <a href=\"https:\/\/www.spottergps.com\/es\/manual\/\" data-type=\"URL\" data-id=\"https:\/\/www.spottergps.com\/es\/manual\/\">manual <\/a>. <\/p>\n\n\n\n<h2 class=\"wp-block-heading\"><em>Ver ubicaci\u00f3n<\/em><\/h2>\n\n\n\n<p>El reloj Spotter GPS \u2013 Air env\u00eda una ubicaci\u00f3n cada 2 minutos durante el movimiento. Cuando el Spotter GPS Watch Air no se mueve, la ubicaci\u00f3n se env\u00eda cada 5 horas. Este Spotter est\u00e1 equipado con un sensor de movimiento que reconoce la diferencia entre movimiento y parada. Al ir al &#8216;inicio&#8217; en la cuenta en l\u00ednea, puede ver la ubicaci\u00f3n del Spotter GPS Watch-Air. Puede mirar hacia atr\u00e1s en todas las ubicaciones durante 24 horas, despu\u00e9s de lo cual se eliminar\u00e1n los datos.<\/p>\n\n\n\n<p>\u00bfDebe elegir ver las ubicaciones con m\u00e1s frecuencia que cada 2 minutos? Luego puede solicitar las ubicaciones manualmente. Al ir al Mapa, puede hacer clic en el icono que indica d\u00f3nde se encuentra actualmente el Spotter GPS Watch Air y seleccionar la opci\u00f3n &#8216;solicitar ubicaci\u00f3n&#8217;. Ahora recibir\u00e1 la ubicaci\u00f3n actual del Spotter cada 20 segundos durante 3 minutos. Si selecciona Spotter on the Map en el men\u00fa Inicio, seleccione &#8216;solicitar ubicaci\u00f3n&#8217; en el men\u00fa. Esto entra dentro del cr\u00e9dito prepago y no hay costos adicionales involucrados.<\/p>\n\n\n\n<h2 class=\"wp-block-heading\"><strong><em>Establecer zonas<\/em><\/strong><\/h2>\n\n\n\n<p>Puede configurar f\u00e1cilmente una zona con Spotter GPS Watch \u2013 Air. Piense, por ejemplo, en la direcci\u00f3n de su casa, la instituci\u00f3n de atenci\u00f3n, la escuela, el trabajo o los miembros de su familia. Si el observador entra o sale de la zona, recibir\u00e1 inmediatamente una notificaci\u00f3n a trav\u00e9s de la aplicaci\u00f3n como notificaci\u00f3n autom\u00e1tica. Es posible configurar 5 zonas diferentes.<\/p>\n\n\n\n<p><strong>Para configurar una zona:<\/strong><\/p>\n\n\n\n<p>Puede configurar una zona a trav\u00e9s de su cuenta siguiendo estos pasos:<\/p>\n\n\n\n<ul class=\"wp-block-list\">\n<li>Iniciar sesi\u00f3n a trav\u00e9s de la aplicaci\u00f3n o a trav\u00e9s del sitio web<\/li>\n\n\n\n<li>Cuando haya iniciado sesi\u00f3n, ver\u00e1 3 guiones en la parte superior izquierda, luego vaya a &#8216;zona&#8217;.<\/li>\n\n\n\n<li>En el &#8216;signo m\u00e1s&#8217; puede crear una nueva zona.<\/li>\n\n\n\n<li>Ahora puede elegir un icono como la casa para la &#8216;ubicaci\u00f3n de casa&#8217;.<\/li>\n\n\n\n<li>Luego puede arrastrar este \u00edcono a la ubicaci\u00f3n o encontrar\u00e1 una barra en la parte superior donde puede ingresar la direcci\u00f3n de la zona deseada.<\/li>\n\n\n\n<li>Luego puede indicar qu\u00e9 tan grande quiere que sea esta zona, esto funciona en un c\u00edrculo.<\/li>\n<\/ul>\n\n\n\n<p>La zona ahora est\u00e1 activada y si el observador sale o vuelve a entrar en este c\u00edrculo, recibir\u00e1 una notificaci\u00f3n. Puede cambiarlo o eliminarlo haciendo clic en la zona y seleccionando &#8216;editar&#8217; o &#8216;eliminar&#8217;.<\/p>\n\n\n\n<h2 class=\"wp-block-heading\"><strong><em>Alerta de SOS<\/em><\/strong><\/h2>\n\n\n\n<p>Presione el bot\u00f3n SOS en el lado derecho del Spotter GPS Watch Air durante 3 segundos y aparecer\u00e1 el texto &#8216;SOS Sent&#8217; en el reloj. El usuario vinculado recibe una notificaci\u00f3n SOS con el nombre del Spotter y la ubicaci\u00f3n por correo electr\u00f3nico y como mensaje push en el tel\u00e9fono inteligente. En la aplicaci\u00f3n, puede ver la ubicaci\u00f3n donde se presion\u00f3 el bot\u00f3n SOS y luego puede llamar al Spotter para preguntar qu\u00e9 est\u00e1 pasando. <a href=\"https:\/\/www.spottergps.com\/faq\/producten-2\/spotter-bellen\/\">Aqu\u00ed se explica c\u00f3mo hacer una llamada <\/a>.<\/p>\n\n\n\n<h2 class=\"wp-block-heading\"><strong><em>Ll\u00e1mame<\/em><\/strong><\/h2>\n\n\n\n<p>Esta funci\u00f3n le permite emitir un tono de sonido a distancia. Puede hacerlo a trav\u00e9s de la opci\u00f3n &#8216; Tangle &#8216; en la aplicaci\u00f3n. El Spotter GPS Watch Air ahora emite un tono de sonido durante 1 minuto.<br><br><em>Ajustar alarma<\/em><\/p>\n\n\n\n<p>Establezca 3 horas de alarma diferentes cuando desee que suene una alarma en el Spotter GPS Watch Air. Por ejemplo, \u00bftiene que tomar los medicamentos a una hora determinada o su hijo tiene que estar en casa a la hora de la cena? Configure una alarma para que suene una vez o configure alarmas para que suenen en d\u00edas espec\u00edficos de la semana. La alarma se puede apagar manualmente tocando la pantalla del Spotter GPS Watch Air. La alarma se detendr\u00e1 autom\u00e1ticamente despu\u00e9s de 30 segundos.<\/p>\n\n\n\n<h2 class=\"wp-block-heading\"><strong><em>Pod\u00f3metro<\/em><\/strong><\/h2>\n\n\n\n<p>Con el pod\u00f3metro puede realizar un seguimiento de cu\u00e1ntos pasos se han dado. La cantidad de pasos se restablece diariamente, de modo que eventualmente obtenga una buena visi\u00f3n general de la cantidad de pasos dados por d\u00eda. Vaya a la pantalla de inicio y haga clic en<br>el Spotter en el mapa, seleccione &#8220;M\u00e1s&#8221; y haga clic en &#8220;Pod\u00f3metro&#8221;. El n\u00famero de pasos se puede ver tanto a trav\u00e9s de la aplicaci\u00f3n como a trav\u00e9s del propio Spotter GPS Watch Air.<\/p>\n\n\n\n<h2 class=\"wp-block-heading\"><strong><em>Llamar<\/em><\/strong><\/h2>\n\n\n\n<p>Tambi\u00e9n puede llamar al Spotter GPS Watch Air, por ejemplo, en el caso de que una persona lo necesite y le gustar\u00eda ser contactado. Inicie sesi\u00f3n en la aplicaci\u00f3n Spotter y haga clic en el icono Spotter GPS Watch Air en el mapa. Luego se abrir\u00e1 un men\u00fa y seleccione &#8220;Llamar&#8221;. El Spotter ahora est\u00e1 sonando. La llamada telef\u00f3nica se puede aceptar haciendo clic en el icono debajo de la pantalla del Spotter GPS Watch Air. La llamada telef\u00f3nica se puede finalizar haciendo clic en la llamada telef\u00f3nica roja en la pantalla.<\/p>\n\n\n\n<p><strong>Nota: <\/strong>cuando llama al Spotter GPS Watch Air desde su propio tel\u00e9fono inteligente, esto no incluye el cr\u00e9dito prepago. Usted llama a un n\u00famero de m\u00f3vil europeo al que se aplican los costes de llamada de su proveedor de telefon\u00eda.<\/p>\n\n\n\n<p>de itinerancia integrada , lo que garantiza que el Spotter GPS Watch Air funcione en toda Europa en todas las redes m\u00f3viles disponibles sin coste adicional. Incluso dentro de los Pa\u00edses Bajos, Spotter GPS Watch Air funciona en todas las redes m\u00f3viles disponibles.<\/p>\n\n\n\n<p><strong>Sugerencia: <\/strong>despu\u00e9s de haber llamado al Spotter GPS Watch Air, puede guardar el n\u00famero para que tambi\u00e9n pueda llamar al Spotter GPS Watch Air directamente fuera de la aplicaci\u00f3n sin usar la aplicaci\u00f3n.<\/p>\n\n\n\n<p>Etiquetas: Spotter GPS Watch \u2013 Air, caracter\u00edsticas<\/p>\n","protected":false},"excerpt":{"rendered":"<p>\u00bfTienes curiosidad acerca de las funciones del Spotter GPS Watch \u2013 Air? Los explicamos a continuaci\u00f3n y encontrar\u00e1 una descripci\u00f3n completa en el manual . Ver ubicaci\u00f3n El reloj Spotter GPS \u2013 Air env\u00eda una ubicaci\u00f3n cada 2 minutos durante el movimiento. Cuando el Spotter GPS Watch Air no se mueve, la ubicaci\u00f3n se env\u00eda [&hellip;]<\/p>\n","protected":false},"author":10,"featured_media":0,"parent":183,"menu_order":0,"comment_status":"closed","ping_status":"closed","template":"faq-content.php","meta":{"_acf_changed":false,"footnotes":""},"categories":[2],"tags":[],"class_list":["post-189","page","type-page","status-publish","hentry","category-faq"],"acf":[],"yoast_head":"<!-- This site is optimized with the Yoast SEO plugin v25.9 - https:\/\/yoast.com\/wordpress\/plugins\/seo\/ -->\n<title>Caracter\u00edsticas Spotter GPS Watch Air - Spotter Spain<\/title>\n<meta name=\"robots\" content=\"noindex, nofollow\" \/>\n<meta property=\"og:locale\" content=\"es_ES\" \/>\n<meta property=\"og:type\" content=\"article\" \/>\n<meta property=\"og:title\" content=\"Caracter\u00edsticas Spotter GPS Watch Air - Spotter Spain\" \/>\n<meta property=\"og:description\" content=\"\u00bfTienes curiosidad acerca de las funciones del Spotter GPS Watch \u2013 Air? Los explicamos a continuaci\u00f3n y encontrar\u00e1 una descripci\u00f3n completa en el manual . Ver ubicaci\u00f3n El reloj Spotter GPS \u2013 Air env\u00eda una ubicaci\u00f3n cada 2 minutos durante el movimiento. Cuando el Spotter GPS Watch Air no se mueve, la ubicaci\u00f3n se env\u00eda [&hellip;]\" \/>\n<meta property=\"og:url\" content=\"https:\/\/www.spottergps.com\/es\/faq\/productos-y-caracteristicas\/caracteristicas-spotter-gps-watch-air\/\" \/>\n<meta property=\"og:site_name\" content=\"Spotter Spain\" \/>\n<meta property=\"article:modified_time\" content=\"2024-07-01T12:19:03+00:00\" \/>\n<meta name=\"twitter:card\" content=\"summary_large_image\" \/>\n<meta name=\"twitter:label1\" content=\"Tiempo de lectura\" \/>\n\t<meta name=\"twitter:data1\" content=\"5 minutes\" \/>\n<script type=\"application\/ld+json\" class=\"yoast-schema-graph\">{\"@context\":\"https:\/\/schema.org\",\"@graph\":[{\"@type\":\"WebPage\",\"@id\":\"https:\/\/www.spottergps.com\/es\/faq\/productos-y-caracteristicas\/caracteristicas-spotter-gps-watch-air\/\",\"url\":\"https:\/\/www.spottergps.com\/es\/faq\/productos-y-caracteristicas\/caracteristicas-spotter-gps-watch-air\/\",\"name\":\"Caracter\u00edsticas Spotter GPS Watch Air - Spotter Spain\",\"isPartOf\":{\"@id\":\"https:\/\/www.spottergps.com\/es\/#website\"},\"datePublished\":\"2023-03-29T11:21:22+00:00\",\"dateModified\":\"2024-07-01T12:19:03+00:00\",\"breadcrumb\":{\"@id\":\"https:\/\/www.spottergps.com\/es\/faq\/productos-y-caracteristicas\/caracteristicas-spotter-gps-watch-air\/#breadcrumb\"},\"inLanguage\":\"es-ES\",\"potentialAction\":[{\"@type\":\"ReadAction\",\"target\":[\"https:\/\/www.spottergps.com\/es\/faq\/productos-y-caracteristicas\/caracteristicas-spotter-gps-watch-air\/\"]}]},{\"@type\":\"BreadcrumbList\",\"@id\":\"https:\/\/www.spottergps.com\/es\/faq\/productos-y-caracteristicas\/caracteristicas-spotter-gps-watch-air\/#breadcrumb\",\"itemListElement\":[{\"@type\":\"ListItem\",\"position\":1,\"name\":\"Home\",\"item\":\"https:\/\/www.spottergps.com\/es\/\"},{\"@type\":\"ListItem\",\"position\":2,\"name\":\"\u00bfC\u00f3mo podemos ayudarte?\",\"item\":\"https:\/\/www.spottergps.com\/es\/faq\/\"},{\"@type\":\"ListItem\",\"position\":3,\"name\":\"Productos y Caracter\u00edsticas\",\"item\":\"https:\/\/www.spottergps.com\/es\/faq\/productos-y-caracteristicas\/\"},{\"@type\":\"ListItem\",\"position\":4,\"name\":\"Caracter\u00edsticas Spotter GPS Watch Air\"}]},{\"@type\":\"WebSite\",\"@id\":\"https:\/\/www.spottergps.com\/es\/#website\",\"url\":\"https:\/\/www.spottergps.com\/es\/\",\"name\":\"Spotter Spain\",\"description\":\"Para todo lo que amas\",\"publisher\":{\"@id\":\"https:\/\/www.spottergps.com\/es\/#organization\"},\"potentialAction\":[{\"@type\":\"SearchAction\",\"target\":{\"@type\":\"EntryPoint\",\"urlTemplate\":\"https:\/\/www.spottergps.com\/es\/?s={search_term_string}\"},\"query-input\":{\"@type\":\"PropertyValueSpecification\",\"valueRequired\":true,\"valueName\":\"search_term_string\"}}],\"inLanguage\":\"es-ES\"},{\"@type\":\"Organization\",\"@id\":\"https:\/\/www.spottergps.com\/es\/#organization\",\"name\":\"Spotter B.V.\",\"url\":\"https:\/\/www.spottergps.com\/es\/\",\"logo\":{\"@type\":\"ImageObject\",\"inLanguage\":\"es-ES\",\"@id\":\"https:\/\/www.spottergps.com\/es\/#\/schema\/logo\/image\/\",\"url\":\"https:\/\/www.spottergps.com\/es\/wp-content\/uploads\/sites\/7\/2023\/09\/Spotter_logo.png\",\"contentUrl\":\"https:\/\/www.spottergps.com\/es\/wp-content\/uploads\/sites\/7\/2023\/09\/Spotter_logo.png\",\"width\":1500,\"height\":696,\"caption\":\"Spotter B.V.\"},\"image\":{\"@id\":\"https:\/\/www.spottergps.com\/es\/#\/schema\/logo\/image\/\"}}]}<\/script>\n<!-- \/ Yoast SEO plugin. -->","yoast_head_json":{"title":"Caracter\u00edsticas Spotter GPS Watch Air - Spotter Spain","robots":{"index":"noindex","follow":"nofollow"},"og_locale":"es_ES","og_type":"article","og_title":"Caracter\u00edsticas Spotter GPS Watch Air - Spotter Spain","og_description":"\u00bfTienes curiosidad acerca de las funciones del Spotter GPS Watch \u2013 Air? Los explicamos a continuaci\u00f3n y encontrar\u00e1 una descripci\u00f3n completa en el manual . Ver ubicaci\u00f3n El reloj Spotter GPS \u2013 Air env\u00eda una ubicaci\u00f3n cada 2 minutos durante el movimiento. Cuando el Spotter GPS Watch Air no se mueve, la ubicaci\u00f3n se env\u00eda [&hellip;]","og_url":"https:\/\/www.spottergps.com\/es\/faq\/productos-y-caracteristicas\/caracteristicas-spotter-gps-watch-air\/","og_site_name":"Spotter Spain","article_modified_time":"2024-07-01T12:19:03+00:00","twitter_card":"summary_large_image","twitter_misc":{"Tiempo de lectura":"5 minutes"},"schema":{"@context":"https:\/\/schema.org","@graph":[{"@type":"WebPage","@id":"https:\/\/www.spottergps.com\/es\/faq\/productos-y-caracteristicas\/caracteristicas-spotter-gps-watch-air\/","url":"https:\/\/www.spottergps.com\/es\/faq\/productos-y-caracteristicas\/caracteristicas-spotter-gps-watch-air\/","name":"Caracter\u00edsticas Spotter GPS Watch Air - Spotter Spain","isPartOf":{"@id":"https:\/\/www.spottergps.com\/es\/#website"},"datePublished":"2023-03-29T11:21:22+00:00","dateModified":"2024-07-01T12:19:03+00:00","breadcrumb":{"@id":"https:\/\/www.spottergps.com\/es\/faq\/productos-y-caracteristicas\/caracteristicas-spotter-gps-watch-air\/#breadcrumb"},"inLanguage":"es-ES","potentialAction":[{"@type":"ReadAction","target":["https:\/\/www.spottergps.com\/es\/faq\/productos-y-caracteristicas\/caracteristicas-spotter-gps-watch-air\/"]}]},{"@type":"BreadcrumbList","@id":"https:\/\/www.spottergps.com\/es\/faq\/productos-y-caracteristicas\/caracteristicas-spotter-gps-watch-air\/#breadcrumb","itemListElement":[{"@type":"ListItem","position":1,"name":"Home","item":"https:\/\/www.spottergps.com\/es\/"},{"@type":"ListItem","position":2,"name":"\u00bfC\u00f3mo podemos ayudarte?","item":"https:\/\/www.spottergps.com\/es\/faq\/"},{"@type":"ListItem","position":3,"name":"Productos y Caracter\u00edsticas","item":"https:\/\/www.spottergps.com\/es\/faq\/productos-y-caracteristicas\/"},{"@type":"ListItem","position":4,"name":"Caracter\u00edsticas Spotter GPS Watch Air"}]},{"@type":"WebSite","@id":"https:\/\/www.spottergps.com\/es\/#website","url":"https:\/\/www.spottergps.com\/es\/","name":"Spotter Spain","description":"Para todo lo que amas","publisher":{"@id":"https:\/\/www.spottergps.com\/es\/#organization"},"potentialAction":[{"@type":"SearchAction","target":{"@type":"EntryPoint","urlTemplate":"https:\/\/www.spottergps.com\/es\/?s={search_term_string}"},"query-input":{"@type":"PropertyValueSpecification","valueRequired":true,"valueName":"search_term_string"}}],"inLanguage":"es-ES"},{"@type":"Organization","@id":"https:\/\/www.spottergps.com\/es\/#organization","name":"Spotter B.V.","url":"https:\/\/www.spottergps.com\/es\/","logo":{"@type":"ImageObject","inLanguage":"es-ES","@id":"https:\/\/www.spottergps.com\/es\/#\/schema\/logo\/image\/","url":"https:\/\/www.spottergps.com\/es\/wp-content\/uploads\/sites\/7\/2023\/09\/Spotter_logo.png","contentUrl":"https:\/\/www.spottergps.com\/es\/wp-content\/uploads\/sites\/7\/2023\/09\/Spotter_logo.png","width":1500,"height":696,"caption":"Spotter B.V."},"image":{"@id":"https:\/\/www.spottergps.com\/es\/#\/schema\/logo\/image\/"}}]}},"_links":{"self":[{"href":"https:\/\/www.spottergps.com\/es\/wp-json\/wp\/v2\/pages\/189","targetHints":{"allow":["GET"]}}],"collection":[{"href":"https:\/\/www.spottergps.com\/es\/wp-json\/wp\/v2\/pages"}],"about":[{"href":"https:\/\/www.spottergps.com\/es\/wp-json\/wp\/v2\/types\/page"}],"author":[{"embeddable":true,"href":"https:\/\/www.spottergps.com\/es\/wp-json\/wp\/v2\/users\/10"}],"replies":[{"embeddable":true,"href":"https:\/\/www.spottergps.com\/es\/wp-json\/wp\/v2\/comments?post=189"}],"version-history":[{"count":3,"href":"https:\/\/www.spottergps.com\/es\/wp-json\/wp\/v2\/pages\/189\/revisions"}],"predecessor-version":[{"id":1455,"href":"https:\/\/www.spottergps.com\/es\/wp-json\/wp\/v2\/pages\/189\/revisions\/1455"}],"up":[{"embeddable":true,"href":"https:\/\/www.spottergps.com\/es\/wp-json\/wp\/v2\/pages\/183"}],"wp:attachment":[{"href":"https:\/\/www.spottergps.com\/es\/wp-json\/wp\/v2\/media?parent=189"}],"wp:term":[{"taxonomy":"category","embeddable":true,"href":"https:\/\/www.spottergps.com\/es\/wp-json\/wp\/v2\/categories?post=189"},{"taxonomy":"post_tag","embeddable":true,"href":"https:\/\/www.spottergps.com\/es\/wp-json\/wp\/v2\/tags?post=189"}],"curies":[{"name":"wp","href":"https:\/\/api.w.org\/{rel}","templated":true}]}}