{"id":187,"date":"2023-03-29T11:20:44","date_gmt":"2023-03-29T11:20:44","guid":{"rendered":"https:\/\/www.spottergps.com\/es\/?page_id=187"},"modified":"2024-07-01T12:19:24","modified_gmt":"2024-07-01T12:19:24","slug":"caracteristicas-localizador-gps-spotter","status":"publish","type":"page","link":"https:\/\/www.spottergps.com\/es\/faq\/productos-y-caracteristicas\/caracteristicas-localizador-gps-spotter\/","title":{"rendered":"Caracter\u00edsticas Localizador GPS Spotter"},"content":{"rendered":"\n<p>\u00bfTiene curiosidad acerca de las funciones del rastreador GPS Spotter? Los explicamos a continuaci\u00f3n y encontrar\u00e1 una descripci\u00f3n completa en el <a href=\"https:\/\/www.spottergps.com\/es\/manual\/\" data-type=\"URL\" data-id=\"https:\/\/www.spottergps.com\/es\/manual\/\">manual <\/a>.<\/p>\n\n\n\n<h2 class=\"wp-block-heading\"><em><br><\/em><em>Ver ubicaci\u00f3n<\/em><\/h2>\n\n\n\n<p><a href=\"https:\/\/shop.spottergps.com\/es\/spotter%20gps%20tracker.html\" data-type=\"URL\" data-id=\"https:\/\/shop.spottergps.com\/es\/spotter%20gps%20tracker.html\">Spotter GPS Tracker<\/a> env\u00eda autom\u00e1ticamente una ubicaci\u00f3n cada minuto que puede ver en l\u00ednea en su cuenta o a trav\u00e9s de la aplicaci\u00f3n Spotter. Cuando est\u00e1 parado, esto es cada 30 minutos. El localizador GPS Spotter est\u00e1 equipado con un sensor de movimiento que reconoce la diferencia entre movimiento y parada. Puede mirar hacia atr\u00e1s en todas las ubicaciones durante 24 horas, despu\u00e9s de lo cual se eliminar\u00e1n los datos. Al ir al &#8216;Mapa&#8217; en la cuenta en l\u00ednea, puede ver la ubicaci\u00f3n del rastreador GPS Spotter.<\/p>\n\n\n\n<h2 class=\"wp-block-heading\"><em>Establecer zonas&nbsp; &nbsp; &nbsp; &nbsp; &nbsp; &nbsp; &nbsp; &nbsp; &nbsp; &nbsp; &nbsp; &nbsp; &nbsp; &nbsp; &nbsp; &nbsp;&nbsp;<\/em><\/h2>\n\n\n\n<p>Puede configurar f\u00e1cilmente una zona. Piense, por ejemplo, en la direcci\u00f3n de su casa, la instituci\u00f3n de atenci\u00f3n, la escuela, el trabajo o los miembros de su familia. Si el observador entra o sale de la zona, recibir\u00e1 inmediatamente una notificaci\u00f3n a trav\u00e9s de la aplicaci\u00f3n como notificaci\u00f3n autom\u00e1tica. Es posible configurar 5 zonas diferentes.<\/p>\n\n\n\n<p><strong>Para configurar una zona:<\/strong><\/p>\n\n\n\n<p>Puede configurar una zona a trav\u00e9s de su cuenta siguiendo estos pasos:<\/p>\n\n\n\n<ul class=\"wp-block-list\">\n<li>Iniciar sesi\u00f3n a trav\u00e9s de la aplicaci\u00f3n o a trav\u00e9s del sitio web<\/li>\n\n\n\n<li>Cuando haya iniciado sesi\u00f3n, ver\u00e1 3 guiones en la parte superior izquierda, luego vaya a &#8216;zona&#8217;.<\/li>\n\n\n\n<li>En el &#8216;signo m\u00e1s&#8217; puede crear una nueva zona.<\/li>\n\n\n\n<li>Ahora puede elegir un icono como la casa para la &#8216;ubicaci\u00f3n de casa&#8217;.<\/li>\n\n\n\n<li>Luego puede arrastrar este \u00edcono a la ubicaci\u00f3n o encontrar\u00e1 una barra en la parte superior donde puede ingresar la direcci\u00f3n de la zona deseada.<\/li>\n\n\n\n<li>Luego puede indicar qu\u00e9 tan grande quiere que sea esta zona, esto funciona en un c\u00edrculo.<\/li>\n<\/ul>\n\n\n\n<p>La zona ahora est\u00e1 activada y si el observador sale o vuelve a entrar en este c\u00edrculo, recibir\u00e1 una notificaci\u00f3n. Puede cambiarlo o eliminarlo haciendo clic en la zona y seleccionando &#8216;editar&#8217; o &#8216;eliminar&#8217;.<\/p>\n\n\n\n<p><strong>Bloqueo de ubicaci\u00f3n<\/strong><br>Adem\u00e1s, el rastreador GPS tambi\u00e9n tiene la opci\u00f3n de &#8216;bloqueo de ubicaci\u00f3n&#8217; en el men\u00fa. Esta es una opci\u00f3n r\u00e1pida para establecer una zona en una ubicaci\u00f3n temporal. Piense, por ejemplo, en un d\u00eda fuera o en un parque infantil. De esta manera, no tiene que crear una zona, pero puede hacer clic r\u00e1pidamente en esta funci\u00f3n tan pronto como el observador est\u00e9 en la ubicaci\u00f3n.<\/p>\n\n\n\n<h2 class=\"wp-block-heading\"><em>Alerta de SOS<\/em><\/h2>\n\n\n\n<p>Hay un bot\u00f3n SOS en la parte frontal del localizador GPS Spotter. Presione el bot\u00f3n SOS durante 3 segundos y sonar\u00e1 una se\u00f1al de sonido y la luz LED verde parpadear\u00e1. La notificaci\u00f3n de SOS ahora se env\u00eda al usuario vinculado por correo electr\u00f3nico y como un mensaje de inserci\u00f3n en el tel\u00e9fono inteligente. El nombre del rastreador GPS Spotter y la ubicaci\u00f3n desde donde se presion\u00f3 el bot\u00f3n SOS se indican en el mensaje. En la aplicaci\u00f3n, puede ver la ubicaci\u00f3n donde se presion\u00f3 el bot\u00f3n SOS y luego puede llamar al Spotter para preguntar qu\u00e9 est\u00e1 pasando. <a href=\"https:\/\/www.spottergps.com\/es\/faq\/productos-y-caracteristicas\/llamando-al-spotter\/\" data-type=\"URL\" data-id=\"https:\/\/www.spottergps.com\/es\/faq\/productos-y-caracteristicas\/llamando-al-spotter\/\">Aqu\u00ed se explica c\u00f3mo hacer una llamada<\/a> .<\/p>\n\n\n\n<h2 class=\"wp-block-heading\"><em><br><\/em><em>Llamar<\/em><\/h2>\n\n\n\n<p>Tambi\u00e9n puede llamar a Spotter GPS Tracker, por ejemplo, en caso de que una persona lo necesite y le gustar\u00eda que lo contacten. Inicie sesi\u00f3n en la aplicaci\u00f3n Spotter y haga clic en el icono de Spotter en el mapa. Luego se abre un men\u00fa y aqu\u00ed seleccionas \u201cLlamar\u201d. El rastreador GPS Spotter ahora sonar\u00e1 y grabar\u00e1 autom\u00e1ticamente despu\u00e9s de unos segundos. Puede finalizar la llamada telef\u00f3nica presionando el bot\u00f3n de tel\u00e9fono en el costado del localizador GPS Spotter.<\/p>\n\n\n\n<p><strong>Nota: <\/strong>Cuando llamas al Spotter GPS Tracker, esto <em>no incluye el cr\u00e9dito prepago <\/em>. Usted llama desde su propio tel\u00e9fono inteligente a un n\u00famero de tel\u00e9fono m\u00f3vil europeo al que se aplican los costos de llamada de su proveedor de telefon\u00eda.<\/p>\n\n\n\n<p>itinerante incorporada , lo que garantiza que el rastreador Spotter funcione en toda Europa en todas las redes m\u00f3viles disponibles sin costo adicional. Incluso dentro de los Pa\u00edses Bajos, Spotter funciona en todas las redes m\u00f3viles disponibles. La raz\u00f3n de esto es que no queremos depender de la cobertura de red de un solo proveedor de telefon\u00eda m\u00f3vil en un pa\u00eds (o regi\u00f3n), sino que Spotter GPS Tracker siempre elige la mejor red m\u00f3vil disponible independientemente del proveedor de telefon\u00eda m\u00f3vil. <\/p>\n\n\n\n<p><strong>Sugerencia: <\/strong>despu\u00e9s de haber llamado al rastreador GPS Spotter, puede guardar el n\u00famero para que tambi\u00e9n pueda llamar al rastreador directamente fuera de la aplicaci\u00f3n sin usar la aplicaci\u00f3n.<\/p>\n\n\n\n<p>sos del rastreador GPS , llamar al rastreador GPS<\/p>\n","protected":false},"excerpt":{"rendered":"<p>\u00bfTiene curiosidad acerca de las funciones del rastreador GPS Spotter? Los explicamos a continuaci\u00f3n y encontrar\u00e1 una descripci\u00f3n completa en el manual . Ver ubicaci\u00f3n Spotter GPS Tracker env\u00eda autom\u00e1ticamente una ubicaci\u00f3n cada minuto que puede ver en l\u00ednea en su cuenta o a trav\u00e9s de la aplicaci\u00f3n Spotter. Cuando est\u00e1 parado, esto es cada [&hellip;]<\/p>\n","protected":false},"author":10,"featured_media":0,"parent":183,"menu_order":0,"comment_status":"closed","ping_status":"closed","template":"faq-content.php","meta":{"_acf_changed":false,"footnotes":""},"categories":[2],"tags":[],"class_list":["post-187","page","type-page","status-publish","hentry","category-faq"],"acf":[],"yoast_head":"<!-- This site is optimized with the Yoast SEO plugin v25.9 - https:\/\/yoast.com\/wordpress\/plugins\/seo\/ -->\n<title>Caracter\u00edsticas Localizador GPS Spotter - Spotter Spain<\/title>\n<meta name=\"robots\" content=\"noindex, nofollow\" \/>\n<meta property=\"og:locale\" content=\"es_ES\" \/>\n<meta property=\"og:type\" content=\"article\" \/>\n<meta property=\"og:title\" content=\"Caracter\u00edsticas Localizador GPS Spotter - Spotter Spain\" \/>\n<meta property=\"og:description\" content=\"\u00bfTiene curiosidad acerca de las funciones del rastreador GPS Spotter? Los explicamos a continuaci\u00f3n y encontrar\u00e1 una descripci\u00f3n completa en el manual . Ver ubicaci\u00f3n Spotter GPS Tracker env\u00eda autom\u00e1ticamente una ubicaci\u00f3n cada minuto que puede ver en l\u00ednea en su cuenta o a trav\u00e9s de la aplicaci\u00f3n Spotter. Cuando est\u00e1 parado, esto es cada [&hellip;]\" \/>\n<meta property=\"og:url\" content=\"https:\/\/www.spottergps.com\/es\/faq\/productos-y-caracteristicas\/caracteristicas-localizador-gps-spotter\/\" \/>\n<meta property=\"og:site_name\" content=\"Spotter Spain\" \/>\n<meta property=\"article:modified_time\" content=\"2024-07-01T12:19:24+00:00\" \/>\n<meta name=\"twitter:card\" content=\"summary_large_image\" \/>\n<meta name=\"twitter:label1\" content=\"Tiempo de lectura\" \/>\n\t<meta name=\"twitter:data1\" content=\"4 minutes\" \/>\n<script type=\"application\/ld+json\" class=\"yoast-schema-graph\">{\"@context\":\"https:\/\/schema.org\",\"@graph\":[{\"@type\":\"WebPage\",\"@id\":\"https:\/\/www.spottergps.com\/es\/faq\/productos-y-caracteristicas\/caracteristicas-localizador-gps-spotter\/\",\"url\":\"https:\/\/www.spottergps.com\/es\/faq\/productos-y-caracteristicas\/caracteristicas-localizador-gps-spotter\/\",\"name\":\"Caracter\u00edsticas Localizador GPS Spotter - Spotter Spain\",\"isPartOf\":{\"@id\":\"https:\/\/www.spottergps.com\/es\/#website\"},\"datePublished\":\"2023-03-29T11:20:44+00:00\",\"dateModified\":\"2024-07-01T12:19:24+00:00\",\"breadcrumb\":{\"@id\":\"https:\/\/www.spottergps.com\/es\/faq\/productos-y-caracteristicas\/caracteristicas-localizador-gps-spotter\/#breadcrumb\"},\"inLanguage\":\"es-ES\",\"potentialAction\":[{\"@type\":\"ReadAction\",\"target\":[\"https:\/\/www.spottergps.com\/es\/faq\/productos-y-caracteristicas\/caracteristicas-localizador-gps-spotter\/\"]}]},{\"@type\":\"BreadcrumbList\",\"@id\":\"https:\/\/www.spottergps.com\/es\/faq\/productos-y-caracteristicas\/caracteristicas-localizador-gps-spotter\/#breadcrumb\",\"itemListElement\":[{\"@type\":\"ListItem\",\"position\":1,\"name\":\"Home\",\"item\":\"https:\/\/www.spottergps.com\/es\/\"},{\"@type\":\"ListItem\",\"position\":2,\"name\":\"\u00bfC\u00f3mo podemos ayudarte?\",\"item\":\"https:\/\/www.spottergps.com\/es\/faq\/\"},{\"@type\":\"ListItem\",\"position\":3,\"name\":\"Productos y Caracter\u00edsticas\",\"item\":\"https:\/\/www.spottergps.com\/es\/faq\/productos-y-caracteristicas\/\"},{\"@type\":\"ListItem\",\"position\":4,\"name\":\"Caracter\u00edsticas Localizador GPS Spotter\"}]},{\"@type\":\"WebSite\",\"@id\":\"https:\/\/www.spottergps.com\/es\/#website\",\"url\":\"https:\/\/www.spottergps.com\/es\/\",\"name\":\"Spotter Spain\",\"description\":\"Para todo lo que amas\",\"publisher\":{\"@id\":\"https:\/\/www.spottergps.com\/es\/#organization\"},\"potentialAction\":[{\"@type\":\"SearchAction\",\"target\":{\"@type\":\"EntryPoint\",\"urlTemplate\":\"https:\/\/www.spottergps.com\/es\/?s={search_term_string}\"},\"query-input\":{\"@type\":\"PropertyValueSpecification\",\"valueRequired\":true,\"valueName\":\"search_term_string\"}}],\"inLanguage\":\"es-ES\"},{\"@type\":\"Organization\",\"@id\":\"https:\/\/www.spottergps.com\/es\/#organization\",\"name\":\"Spotter B.V.\",\"url\":\"https:\/\/www.spottergps.com\/es\/\",\"logo\":{\"@type\":\"ImageObject\",\"inLanguage\":\"es-ES\",\"@id\":\"https:\/\/www.spottergps.com\/es\/#\/schema\/logo\/image\/\",\"url\":\"https:\/\/www.spottergps.com\/es\/wp-content\/uploads\/sites\/7\/2023\/09\/Spotter_logo.png\",\"contentUrl\":\"https:\/\/www.spottergps.com\/es\/wp-content\/uploads\/sites\/7\/2023\/09\/Spotter_logo.png\",\"width\":1500,\"height\":696,\"caption\":\"Spotter B.V.\"},\"image\":{\"@id\":\"https:\/\/www.spottergps.com\/es\/#\/schema\/logo\/image\/\"}}]}<\/script>\n<!-- \/ Yoast SEO plugin. -->","yoast_head_json":{"title":"Caracter\u00edsticas Localizador GPS Spotter - Spotter Spain","robots":{"index":"noindex","follow":"nofollow"},"og_locale":"es_ES","og_type":"article","og_title":"Caracter\u00edsticas Localizador GPS Spotter - Spotter Spain","og_description":"\u00bfTiene curiosidad acerca de las funciones del rastreador GPS Spotter? Los explicamos a continuaci\u00f3n y encontrar\u00e1 una descripci\u00f3n completa en el manual . Ver ubicaci\u00f3n Spotter GPS Tracker env\u00eda autom\u00e1ticamente una ubicaci\u00f3n cada minuto que puede ver en l\u00ednea en su cuenta o a trav\u00e9s de la aplicaci\u00f3n Spotter. Cuando est\u00e1 parado, esto es cada [&hellip;]","og_url":"https:\/\/www.spottergps.com\/es\/faq\/productos-y-caracteristicas\/caracteristicas-localizador-gps-spotter\/","og_site_name":"Spotter Spain","article_modified_time":"2024-07-01T12:19:24+00:00","twitter_card":"summary_large_image","twitter_misc":{"Tiempo de lectura":"4 minutes"},"schema":{"@context":"https:\/\/schema.org","@graph":[{"@type":"WebPage","@id":"https:\/\/www.spottergps.com\/es\/faq\/productos-y-caracteristicas\/caracteristicas-localizador-gps-spotter\/","url":"https:\/\/www.spottergps.com\/es\/faq\/productos-y-caracteristicas\/caracteristicas-localizador-gps-spotter\/","name":"Caracter\u00edsticas Localizador GPS Spotter - Spotter Spain","isPartOf":{"@id":"https:\/\/www.spottergps.com\/es\/#website"},"datePublished":"2023-03-29T11:20:44+00:00","dateModified":"2024-07-01T12:19:24+00:00","breadcrumb":{"@id":"https:\/\/www.spottergps.com\/es\/faq\/productos-y-caracteristicas\/caracteristicas-localizador-gps-spotter\/#breadcrumb"},"inLanguage":"es-ES","potentialAction":[{"@type":"ReadAction","target":["https:\/\/www.spottergps.com\/es\/faq\/productos-y-caracteristicas\/caracteristicas-localizador-gps-spotter\/"]}]},{"@type":"BreadcrumbList","@id":"https:\/\/www.spottergps.com\/es\/faq\/productos-y-caracteristicas\/caracteristicas-localizador-gps-spotter\/#breadcrumb","itemListElement":[{"@type":"ListItem","position":1,"name":"Home","item":"https:\/\/www.spottergps.com\/es\/"},{"@type":"ListItem","position":2,"name":"\u00bfC\u00f3mo podemos ayudarte?","item":"https:\/\/www.spottergps.com\/es\/faq\/"},{"@type":"ListItem","position":3,"name":"Productos y Caracter\u00edsticas","item":"https:\/\/www.spottergps.com\/es\/faq\/productos-y-caracteristicas\/"},{"@type":"ListItem","position":4,"name":"Caracter\u00edsticas Localizador GPS Spotter"}]},{"@type":"WebSite","@id":"https:\/\/www.spottergps.com\/es\/#website","url":"https:\/\/www.spottergps.com\/es\/","name":"Spotter Spain","description":"Para todo lo que amas","publisher":{"@id":"https:\/\/www.spottergps.com\/es\/#organization"},"potentialAction":[{"@type":"SearchAction","target":{"@type":"EntryPoint","urlTemplate":"https:\/\/www.spottergps.com\/es\/?s={search_term_string}"},"query-input":{"@type":"PropertyValueSpecification","valueRequired":true,"valueName":"search_term_string"}}],"inLanguage":"es-ES"},{"@type":"Organization","@id":"https:\/\/www.spottergps.com\/es\/#organization","name":"Spotter B.V.","url":"https:\/\/www.spottergps.com\/es\/","logo":{"@type":"ImageObject","inLanguage":"es-ES","@id":"https:\/\/www.spottergps.com\/es\/#\/schema\/logo\/image\/","url":"https:\/\/www.spottergps.com\/es\/wp-content\/uploads\/sites\/7\/2023\/09\/Spotter_logo.png","contentUrl":"https:\/\/www.spottergps.com\/es\/wp-content\/uploads\/sites\/7\/2023\/09\/Spotter_logo.png","width":1500,"height":696,"caption":"Spotter B.V."},"image":{"@id":"https:\/\/www.spottergps.com\/es\/#\/schema\/logo\/image\/"}}]}},"_links":{"self":[{"href":"https:\/\/www.spottergps.com\/es\/wp-json\/wp\/v2\/pages\/187","targetHints":{"allow":["GET"]}}],"collection":[{"href":"https:\/\/www.spottergps.com\/es\/wp-json\/wp\/v2\/pages"}],"about":[{"href":"https:\/\/www.spottergps.com\/es\/wp-json\/wp\/v2\/types\/page"}],"author":[{"embeddable":true,"href":"https:\/\/www.spottergps.com\/es\/wp-json\/wp\/v2\/users\/10"}],"replies":[{"embeddable":true,"href":"https:\/\/www.spottergps.com\/es\/wp-json\/wp\/v2\/comments?post=187"}],"version-history":[{"count":3,"href":"https:\/\/www.spottergps.com\/es\/wp-json\/wp\/v2\/pages\/187\/revisions"}],"predecessor-version":[{"id":1457,"href":"https:\/\/www.spottergps.com\/es\/wp-json\/wp\/v2\/pages\/187\/revisions\/1457"}],"up":[{"embeddable":true,"href":"https:\/\/www.spottergps.com\/es\/wp-json\/wp\/v2\/pages\/183"}],"wp:attachment":[{"href":"https:\/\/www.spottergps.com\/es\/wp-json\/wp\/v2\/media?parent=187"}],"wp:term":[{"taxonomy":"category","embeddable":true,"href":"https:\/\/www.spottergps.com\/es\/wp-json\/wp\/v2\/categories?post=187"},{"taxonomy":"post_tag","embeddable":true,"href":"https:\/\/www.spottergps.com\/es\/wp-json\/wp\/v2\/tags?post=187"}],"curies":[{"name":"wp","href":"https:\/\/api.w.org\/{rel}","templated":true}]}}