{"id":185,"date":"2023-03-29T11:19:30","date_gmt":"2023-03-29T11:19:30","guid":{"rendered":"https:\/\/www.spottergps.com\/es\/?page_id=185"},"modified":"2024-07-01T12:19:50","modified_gmt":"2024-07-01T12:19:50","slug":"caracteristicas-pet-spotter-gato-y-perro","status":"publish","type":"page","link":"https:\/\/www.spottergps.com\/es\/faq\/productos-y-caracteristicas\/caracteristicas-pet-spotter-gato-y-perro\/","title":{"rendered":"Caracter\u00edsticas Pet Spotter (gato y perro)"},"content":{"rendered":"\n<p>\u00bfTienes curiosidad acerca de las funciones del Pet Spotter? Los explicamos a continuaci\u00f3n y encontrar\u00e1 una descripci\u00f3n completa en el <a href=\"https:\/\/www.spottergps.com\/es\/manual\/\" data-type=\"URL\" data-id=\"https:\/\/www.spottergps.com\/es\/manual\/\">manual <\/a>.<\/p>\n\n\n\n<h2 class=\"wp-block-heading\"><strong><em>Ver ubicaci\u00f3n<\/em><\/strong><\/h2>\n\n\n\n<p><a href=\"https:\/\/shop.spottergps.com\/es\/pet-spotter-cat-tracker.html\" data-type=\"URL\" data-id=\"https:\/\/shop.spottergps.com\/es\/pet-spotter-cat-tracker.html\">Pet Spotter<\/a> env\u00eda autom\u00e1ticamente una ubicaci\u00f3n cada 5 minutos que puede ver en l\u00ednea en su cuenta o a trav\u00e9s de la aplicaci\u00f3n Spotter. \u00bfQuiere ver una ubicaci\u00f3n con m\u00e1s frecuencia que cada 5 minutos? Luego puede solicitar la ubicaci\u00f3n manualmente. Ahora recibir\u00e1 la ubicaci\u00f3n actual del Pet Spotter cada 60 segundos durante 3 minutos. Puede mirar hacia atr\u00e1s en todas las ubicaciones durante 24 horas, despu\u00e9s de lo cual se eliminar\u00e1n los datos. Al ir a &#8216;inicio&#8217; en la cuenta en l\u00ednea, puede ver la ubicaci\u00f3n de Pet Spotter.<\/p>\n\n\n\n<h2 class=\"wp-block-heading\"><strong><em>Establecer zonas<\/em><\/strong><em>&nbsp; &nbsp; &nbsp; &nbsp; &nbsp; &nbsp; &nbsp; &nbsp; &nbsp; &nbsp; &nbsp; &nbsp; &nbsp; &nbsp; &nbsp; &nbsp;&nbsp;<\/em><\/h2>\n\n\n\n<p>Puede configurar f\u00e1cilmente una zona. Piense, por ejemplo, en la direcci\u00f3n de su casa, la instituci\u00f3n de atenci\u00f3n, la escuela, el trabajo o los miembros de su familia. Si el observador entra o sale de la zona, recibir\u00e1 inmediatamente una notificaci\u00f3n a trav\u00e9s de la aplicaci\u00f3n como notificaci\u00f3n autom\u00e1tica. Es posible configurar 5 zonas diferentes.<\/p>\n\n\n\n<p><strong>Para configurar una zona:<\/strong><\/p>\n\n\n\n<p>Puede configurar una zona a trav\u00e9s de su cuenta siguiendo estos pasos:<\/p>\n\n\n\n<ul class=\"wp-block-list\">\n<li>Iniciar sesi\u00f3n a trav\u00e9s de la aplicaci\u00f3n o a trav\u00e9s del sitio web<\/li>\n\n\n\n<li>Cuando haya iniciado sesi\u00f3n, ver\u00e1 3 guiones en la parte superior izquierda, luego vaya a &#8216;zona&#8217;.<\/li>\n\n\n\n<li>En el &#8216;signo m\u00e1s&#8217; puede crear una nueva zona.<\/li>\n\n\n\n<li>Ahora puede elegir un icono como la casa para la &#8216;ubicaci\u00f3n de casa&#8217;.<\/li>\n\n\n\n<li>Luego puede arrastrar este \u00edcono a la ubicaci\u00f3n o encontrar\u00e1 una barra en la parte superior donde puede ingresar la direcci\u00f3n de la zona deseada.<\/li>\n\n\n\n<li>Luego puede indicar qu\u00e9 tan grande quiere que sea esta zona, esto funciona en un c\u00edrculo.<\/li>\n<\/ul>\n\n\n\n<p>La zona ahora est\u00e1 activada y si el observador sale o vuelve a entrar en este c\u00edrculo, recibir\u00e1 una notificaci\u00f3n. Puede cambiarlo o eliminarlo haciendo clic en la zona y seleccionando &#8216;editar&#8217; o &#8216;eliminar&#8217;.<\/p>\n\n\n\n<h2 class=\"wp-block-heading\"><strong><em>Alerta de SOS<\/em><\/strong><\/h2>\n\n\n\n<p>Si mantiene presionado el bot\u00f3n SOS en la parte delantera durante 3 segundos, se enviar\u00e1 una notificaci\u00f3n de SOS. Esta notificaci\u00f3n + ubicaci\u00f3n se env\u00eda a la cuenta en l\u00ednea por correo electr\u00f3nico y el usuario que inici\u00f3 sesi\u00f3n a trav\u00e9s de la aplicaci\u00f3n Spotter recibe una notificaci\u00f3n autom\u00e1tica.<em>\u00a0<\/em>En la aplicaci\u00f3n, puede ver la ubicaci\u00f3n donde se presion\u00f3 el bot\u00f3n SOS y luego puede llamar al Spotter para preguntar qu\u00e9 est\u00e1 pasando. <a href=\"https:\/\/www.spottergps.com\/es\/faq\/productos-y-caracteristicas\/llamando-al-spotter\/\" data-type=\"URL\" data-id=\"https:\/\/www.spottergps.com\/es\/faq\/productos-y-caracteristicas\/llamando-al-spotter\/\">Aqu\u00ed se explica c\u00f3mo hacer una llamada<\/a> .<\/p>\n\n\n\n<h2 class=\"wp-block-heading\"><strong><em>Ajustar alarma<\/em><\/strong><\/h2>\n\n\n\n<p>Configura hasta 3 horas de alarma diferentes cuando quieras que suene una alarma en el detector de mascotas. Por ejemplo, puede ingresar las horas de comida de su amigo de cuatro patas y puede entrenar a su amigo de cuatro patas para que vuelva a casa a comer cuando suene la alarma. La alarma se detendr\u00e1 autom\u00e1ticamente despu\u00e9s de 30 segundos.<\/p>\n\n\n\n<h2 class=\"wp-block-heading\"><strong><em>Br\u00fajula<\/em><\/strong><\/h2>\n\n\n\n<p>Con la br\u00fajula puedes ver en qu\u00e9 direcci\u00f3n tienes que caminar para encontrar a tu amigo de cuatro patas. Apunta tu smartphone y la br\u00fajula te mostrar\u00e1 en qu\u00e9 direcci\u00f3n caminar.<\/p>\n\n\n\n<h2 class=\"wp-block-heading\"><strong><em>Mapa de calor<\/em><\/strong><\/h2>\n\n\n\n<p>Vea los puntos de acceso favoritos de su amigo de cuatro patas. \u00bfQu\u00e9 \u00e1rea visita con m\u00e1s frecuencia?<\/p>\n\n\n\n<h2 class=\"wp-block-heading\"><strong><em>vista de calle<\/em><\/strong><\/h2>\n\n\n\n<p>Al seleccionar la funci\u00f3n Street View, se abre una p\u00e1gina de Internet separada con las coordenadas donde se encuentra actualmente el Pet Spotter. As\u00ed podr\u00e1s ver a pie de calle d\u00f3nde est\u00e1 tu amigo de cuatro patas.<\/p>\n\n\n\n<h2 class=\"wp-block-heading\"><strong><em>Llamar<\/em><\/strong><\/h2>\n\n\n\n<p>Tambi\u00e9n puede llamar a Pet Spotter, por ejemplo, si su amigo de cuatro patas no est\u00e1 y el buscador presiona el bot\u00f3n SOS. Inicie sesi\u00f3n en la aplicaci\u00f3n Spotter y haga clic en el icono de Pet Spotter en el mapa. Ahora aparecer\u00e1 un men\u00fa, donde puede elegir la opci\u00f3n &#8216;Llamar&#8217;. El detector de mascotas ahora sonar\u00e1 y podr\u00e1 grabar presionando brevemente el bot\u00f3n SOS una vez. Usted llama a un n\u00famero de tel\u00e9fono m\u00f3vil europeo al que se aplican los costes habituales de llamadas de su proveedor de telefon\u00eda.<\/p>\n\n\n\n<p><strong>Nota: <\/strong>cuando llama al Pet Spotter, esto <em>no incluye el cr\u00e9dito prepago <\/em>. Usted llama desde su propio tel\u00e9fono inteligente a un n\u00famero de tel\u00e9fono m\u00f3vil europeo al que se aplican los costos de llamada de su proveedor de telefon\u00eda.<\/p>\n\n\n\n<p>Etiquetas: Pet Spotter, caracter\u00edsticas<\/p>\n","protected":false},"excerpt":{"rendered":"<p>\u00bfTienes curiosidad acerca de las funciones del Pet Spotter? Los explicamos a continuaci\u00f3n y encontrar\u00e1 una descripci\u00f3n completa en el manual . Ver ubicaci\u00f3n Pet Spotter env\u00eda autom\u00e1ticamente una ubicaci\u00f3n cada 5 minutos que puede ver en l\u00ednea en su cuenta o a trav\u00e9s de la aplicaci\u00f3n Spotter. \u00bfQuiere ver una ubicaci\u00f3n con m\u00e1s frecuencia [&hellip;]<\/p>\n","protected":false},"author":10,"featured_media":0,"parent":183,"menu_order":0,"comment_status":"closed","ping_status":"closed","template":"faq-content.php","meta":{"_acf_changed":false,"footnotes":""},"categories":[2],"tags":[],"class_list":["post-185","page","type-page","status-publish","hentry","category-faq"],"acf":[],"yoast_head":"<!-- This site is optimized with the Yoast SEO plugin v25.9 - https:\/\/yoast.com\/wordpress\/plugins\/seo\/ -->\n<title>Caracter\u00edsticas Pet Spotter (gato y perro) - Spotter Spain<\/title>\n<meta name=\"robots\" content=\"noindex, nofollow\" \/>\n<meta property=\"og:locale\" content=\"es_ES\" \/>\n<meta property=\"og:type\" content=\"article\" \/>\n<meta property=\"og:title\" content=\"Caracter\u00edsticas Pet Spotter (gato y perro) - Spotter Spain\" \/>\n<meta property=\"og:description\" content=\"\u00bfTienes curiosidad acerca de las funciones del Pet Spotter? Los explicamos a continuaci\u00f3n y encontrar\u00e1 una descripci\u00f3n completa en el manual . Ver ubicaci\u00f3n Pet Spotter env\u00eda autom\u00e1ticamente una ubicaci\u00f3n cada 5 minutos que puede ver en l\u00ednea en su cuenta o a trav\u00e9s de la aplicaci\u00f3n Spotter. \u00bfQuiere ver una ubicaci\u00f3n con m\u00e1s frecuencia [&hellip;]\" \/>\n<meta property=\"og:url\" content=\"https:\/\/www.spottergps.com\/es\/faq\/productos-y-caracteristicas\/caracteristicas-pet-spotter-gato-y-perro\/\" \/>\n<meta property=\"og:site_name\" content=\"Spotter Spain\" \/>\n<meta property=\"article:modified_time\" content=\"2024-07-01T12:19:50+00:00\" \/>\n<meta name=\"twitter:card\" content=\"summary_large_image\" \/>\n<meta name=\"twitter:label1\" content=\"Tiempo de lectura\" \/>\n\t<meta name=\"twitter:data1\" content=\"4 minutes\" \/>\n<script type=\"application\/ld+json\" class=\"yoast-schema-graph\">{\"@context\":\"https:\/\/schema.org\",\"@graph\":[{\"@type\":\"WebPage\",\"@id\":\"https:\/\/www.spottergps.com\/es\/faq\/productos-y-caracteristicas\/caracteristicas-pet-spotter-gato-y-perro\/\",\"url\":\"https:\/\/www.spottergps.com\/es\/faq\/productos-y-caracteristicas\/caracteristicas-pet-spotter-gato-y-perro\/\",\"name\":\"Caracter\u00edsticas Pet Spotter (gato y perro) - Spotter Spain\",\"isPartOf\":{\"@id\":\"https:\/\/www.spottergps.com\/es\/#website\"},\"datePublished\":\"2023-03-29T11:19:30+00:00\",\"dateModified\":\"2024-07-01T12:19:50+00:00\",\"breadcrumb\":{\"@id\":\"https:\/\/www.spottergps.com\/es\/faq\/productos-y-caracteristicas\/caracteristicas-pet-spotter-gato-y-perro\/#breadcrumb\"},\"inLanguage\":\"es-ES\",\"potentialAction\":[{\"@type\":\"ReadAction\",\"target\":[\"https:\/\/www.spottergps.com\/es\/faq\/productos-y-caracteristicas\/caracteristicas-pet-spotter-gato-y-perro\/\"]}]},{\"@type\":\"BreadcrumbList\",\"@id\":\"https:\/\/www.spottergps.com\/es\/faq\/productos-y-caracteristicas\/caracteristicas-pet-spotter-gato-y-perro\/#breadcrumb\",\"itemListElement\":[{\"@type\":\"ListItem\",\"position\":1,\"name\":\"Home\",\"item\":\"https:\/\/www.spottergps.com\/es\/\"},{\"@type\":\"ListItem\",\"position\":2,\"name\":\"\u00bfC\u00f3mo podemos ayudarte?\",\"item\":\"https:\/\/www.spottergps.com\/es\/faq\/\"},{\"@type\":\"ListItem\",\"position\":3,\"name\":\"Productos y Caracter\u00edsticas\",\"item\":\"https:\/\/www.spottergps.com\/es\/faq\/productos-y-caracteristicas\/\"},{\"@type\":\"ListItem\",\"position\":4,\"name\":\"Caracter\u00edsticas Pet Spotter (gato y perro)\"}]},{\"@type\":\"WebSite\",\"@id\":\"https:\/\/www.spottergps.com\/es\/#website\",\"url\":\"https:\/\/www.spottergps.com\/es\/\",\"name\":\"Spotter Spain\",\"description\":\"Para todo lo que amas\",\"publisher\":{\"@id\":\"https:\/\/www.spottergps.com\/es\/#organization\"},\"potentialAction\":[{\"@type\":\"SearchAction\",\"target\":{\"@type\":\"EntryPoint\",\"urlTemplate\":\"https:\/\/www.spottergps.com\/es\/?s={search_term_string}\"},\"query-input\":{\"@type\":\"PropertyValueSpecification\",\"valueRequired\":true,\"valueName\":\"search_term_string\"}}],\"inLanguage\":\"es-ES\"},{\"@type\":\"Organization\",\"@id\":\"https:\/\/www.spottergps.com\/es\/#organization\",\"name\":\"Spotter B.V.\",\"url\":\"https:\/\/www.spottergps.com\/es\/\",\"logo\":{\"@type\":\"ImageObject\",\"inLanguage\":\"es-ES\",\"@id\":\"https:\/\/www.spottergps.com\/es\/#\/schema\/logo\/image\/\",\"url\":\"https:\/\/www.spottergps.com\/es\/wp-content\/uploads\/sites\/7\/2023\/09\/Spotter_logo.png\",\"contentUrl\":\"https:\/\/www.spottergps.com\/es\/wp-content\/uploads\/sites\/7\/2023\/09\/Spotter_logo.png\",\"width\":1500,\"height\":696,\"caption\":\"Spotter B.V.\"},\"image\":{\"@id\":\"https:\/\/www.spottergps.com\/es\/#\/schema\/logo\/image\/\"}}]}<\/script>\n<!-- \/ Yoast SEO plugin. -->","yoast_head_json":{"title":"Caracter\u00edsticas Pet Spotter (gato y perro) - Spotter Spain","robots":{"index":"noindex","follow":"nofollow"},"og_locale":"es_ES","og_type":"article","og_title":"Caracter\u00edsticas Pet Spotter (gato y perro) - Spotter Spain","og_description":"\u00bfTienes curiosidad acerca de las funciones del Pet Spotter? Los explicamos a continuaci\u00f3n y encontrar\u00e1 una descripci\u00f3n completa en el manual . Ver ubicaci\u00f3n Pet Spotter env\u00eda autom\u00e1ticamente una ubicaci\u00f3n cada 5 minutos que puede ver en l\u00ednea en su cuenta o a trav\u00e9s de la aplicaci\u00f3n Spotter. \u00bfQuiere ver una ubicaci\u00f3n con m\u00e1s frecuencia [&hellip;]","og_url":"https:\/\/www.spottergps.com\/es\/faq\/productos-y-caracteristicas\/caracteristicas-pet-spotter-gato-y-perro\/","og_site_name":"Spotter Spain","article_modified_time":"2024-07-01T12:19:50+00:00","twitter_card":"summary_large_image","twitter_misc":{"Tiempo de lectura":"4 minutes"},"schema":{"@context":"https:\/\/schema.org","@graph":[{"@type":"WebPage","@id":"https:\/\/www.spottergps.com\/es\/faq\/productos-y-caracteristicas\/caracteristicas-pet-spotter-gato-y-perro\/","url":"https:\/\/www.spottergps.com\/es\/faq\/productos-y-caracteristicas\/caracteristicas-pet-spotter-gato-y-perro\/","name":"Caracter\u00edsticas Pet Spotter (gato y perro) - Spotter Spain","isPartOf":{"@id":"https:\/\/www.spottergps.com\/es\/#website"},"datePublished":"2023-03-29T11:19:30+00:00","dateModified":"2024-07-01T12:19:50+00:00","breadcrumb":{"@id":"https:\/\/www.spottergps.com\/es\/faq\/productos-y-caracteristicas\/caracteristicas-pet-spotter-gato-y-perro\/#breadcrumb"},"inLanguage":"es-ES","potentialAction":[{"@type":"ReadAction","target":["https:\/\/www.spottergps.com\/es\/faq\/productos-y-caracteristicas\/caracteristicas-pet-spotter-gato-y-perro\/"]}]},{"@type":"BreadcrumbList","@id":"https:\/\/www.spottergps.com\/es\/faq\/productos-y-caracteristicas\/caracteristicas-pet-spotter-gato-y-perro\/#breadcrumb","itemListElement":[{"@type":"ListItem","position":1,"name":"Home","item":"https:\/\/www.spottergps.com\/es\/"},{"@type":"ListItem","position":2,"name":"\u00bfC\u00f3mo podemos ayudarte?","item":"https:\/\/www.spottergps.com\/es\/faq\/"},{"@type":"ListItem","position":3,"name":"Productos y Caracter\u00edsticas","item":"https:\/\/www.spottergps.com\/es\/faq\/productos-y-caracteristicas\/"},{"@type":"ListItem","position":4,"name":"Caracter\u00edsticas Pet Spotter (gato y perro)"}]},{"@type":"WebSite","@id":"https:\/\/www.spottergps.com\/es\/#website","url":"https:\/\/www.spottergps.com\/es\/","name":"Spotter Spain","description":"Para todo lo que amas","publisher":{"@id":"https:\/\/www.spottergps.com\/es\/#organization"},"potentialAction":[{"@type":"SearchAction","target":{"@type":"EntryPoint","urlTemplate":"https:\/\/www.spottergps.com\/es\/?s={search_term_string}"},"query-input":{"@type":"PropertyValueSpecification","valueRequired":true,"valueName":"search_term_string"}}],"inLanguage":"es-ES"},{"@type":"Organization","@id":"https:\/\/www.spottergps.com\/es\/#organization","name":"Spotter B.V.","url":"https:\/\/www.spottergps.com\/es\/","logo":{"@type":"ImageObject","inLanguage":"es-ES","@id":"https:\/\/www.spottergps.com\/es\/#\/schema\/logo\/image\/","url":"https:\/\/www.spottergps.com\/es\/wp-content\/uploads\/sites\/7\/2023\/09\/Spotter_logo.png","contentUrl":"https:\/\/www.spottergps.com\/es\/wp-content\/uploads\/sites\/7\/2023\/09\/Spotter_logo.png","width":1500,"height":696,"caption":"Spotter B.V."},"image":{"@id":"https:\/\/www.spottergps.com\/es\/#\/schema\/logo\/image\/"}}]}},"_links":{"self":[{"href":"https:\/\/www.spottergps.com\/es\/wp-json\/wp\/v2\/pages\/185","targetHints":{"allow":["GET"]}}],"collection":[{"href":"https:\/\/www.spottergps.com\/es\/wp-json\/wp\/v2\/pages"}],"about":[{"href":"https:\/\/www.spottergps.com\/es\/wp-json\/wp\/v2\/types\/page"}],"author":[{"embeddable":true,"href":"https:\/\/www.spottergps.com\/es\/wp-json\/wp\/v2\/users\/10"}],"replies":[{"embeddable":true,"href":"https:\/\/www.spottergps.com\/es\/wp-json\/wp\/v2\/comments?post=185"}],"version-history":[{"count":4,"href":"https:\/\/www.spottergps.com\/es\/wp-json\/wp\/v2\/pages\/185\/revisions"}],"predecessor-version":[{"id":1460,"href":"https:\/\/www.spottergps.com\/es\/wp-json\/wp\/v2\/pages\/185\/revisions\/1460"}],"up":[{"embeddable":true,"href":"https:\/\/www.spottergps.com\/es\/wp-json\/wp\/v2\/pages\/183"}],"wp:attachment":[{"href":"https:\/\/www.spottergps.com\/es\/wp-json\/wp\/v2\/media?parent=185"}],"wp:term":[{"taxonomy":"category","embeddable":true,"href":"https:\/\/www.spottergps.com\/es\/wp-json\/wp\/v2\/categories?post=185"},{"taxonomy":"post_tag","embeddable":true,"href":"https:\/\/www.spottergps.com\/es\/wp-json\/wp\/v2\/tags?post=185"}],"curies":[{"name":"wp","href":"https:\/\/api.w.org\/{rel}","templated":true}]}}