{"id":181,"date":"2023-03-29T10:08:48","date_gmt":"2023-03-29T10:08:48","guid":{"rendered":"https:\/\/www.spottergps.com\/es\/?page_id=181"},"modified":"2024-07-01T12:38:37","modified_gmt":"2024-07-01T12:38:37","slug":"cuales-son-los-costos-si-llamo-al-spotter","status":"publish","type":"page","link":"https:\/\/www.spottergps.com\/es\/faq\/costos-y-recarga\/cuales-son-los-costos-si-llamo-al-spotter\/","title":{"rendered":"\u00bfCu\u00e1les son los costos si llamo al Spotter?"},"content":{"rendered":"\n<p>Cuando llama al Spotter, esto es exclusivo del cr\u00e9dito prepago. Usted llama a un n\u00famero de m\u00f3vil europeo al que se aplican los costes de llamada de su proveedor de telefon\u00eda.<\/p>\n\n\n\n<p>itinerante integrada que garantiza que nuestros productos funcionen en toda Europa en todas las redes m\u00f3viles disponibles sin coste adicional. Nuestros productos tambi\u00e9n funcionan en todas las redes m\u00f3viles disponibles dentro de los Pa\u00edses Bajos. La raz\u00f3n de esto es que no queremos depender de la cobertura de red de un solo proveedor de telefon\u00eda m\u00f3vil en un pa\u00eds (o regi\u00f3n), sino que Spotter siempre opta por la mejor red m\u00f3vil disponible, independientemente del proveedor de telefon\u00eda m\u00f3vil. Esto significa que cuando llama al Spotter, lo hace a un n\u00famero de m\u00f3vil europeo al que se aplican los costes habituales de llamadas de su proveedor de telefon\u00eda.<\/p>\n\n\n\n<p>Tambi\u00e9n es posible llamar al Spotter a trav\u00e9s de <a href=\"https:\/\/www.spottergps.com\/goedkoper-bellen-via-skype\/\">Skype <\/a>a una tarifa m\u00e1s econ\u00f3mica.<\/p>\n","protected":false},"excerpt":{"rendered":"<p>Cuando llama al Spotter, esto es exclusivo del cr\u00e9dito prepago. Usted llama a un n\u00famero de m\u00f3vil europeo al que se aplican los costes de llamada de su proveedor de telefon\u00eda. itinerante integrada que garantiza que nuestros productos funcionen en toda Europa en todas las redes m\u00f3viles disponibles sin coste adicional. Nuestros productos tambi\u00e9n funcionan [&hellip;]<\/p>\n","protected":false},"author":10,"featured_media":0,"parent":167,"menu_order":0,"comment_status":"closed","ping_status":"closed","template":"faq-content.php","meta":{"_acf_changed":false,"footnotes":""},"categories":[2],"tags":[],"class_list":["post-181","page","type-page","status-publish","hentry","category-faq"],"acf":[],"yoast_head":"<!-- This site is optimized with the Yoast SEO plugin v25.9 - https:\/\/yoast.com\/wordpress\/plugins\/seo\/ -->\n<title>\u00bfCu\u00e1les son los costos si llamo al Spotter? - Spotter Spain<\/title>\n<meta name=\"robots\" content=\"noindex, nofollow\" \/>\n<meta property=\"og:locale\" content=\"es_ES\" \/>\n<meta property=\"og:type\" content=\"article\" \/>\n<meta property=\"og:title\" content=\"\u00bfCu\u00e1les son los costos si llamo al Spotter? - Spotter Spain\" \/>\n<meta property=\"og:description\" content=\"Cuando llama al Spotter, esto es exclusivo del cr\u00e9dito prepago. Usted llama a un n\u00famero de m\u00f3vil europeo al que se aplican los costes de llamada de su proveedor de telefon\u00eda. itinerante integrada que garantiza que nuestros productos funcionen en toda Europa en todas las redes m\u00f3viles disponibles sin coste adicional. Nuestros productos tambi\u00e9n funcionan [&hellip;]\" \/>\n<meta property=\"og:url\" content=\"https:\/\/www.spottergps.com\/es\/faq\/costos-y-recarga\/cuales-son-los-costos-si-llamo-al-spotter\/\" \/>\n<meta property=\"og:site_name\" content=\"Spotter Spain\" \/>\n<meta property=\"article:modified_time\" content=\"2024-07-01T12:38:37+00:00\" \/>\n<meta name=\"twitter:card\" content=\"summary_large_image\" \/>\n<meta name=\"twitter:label1\" content=\"Tiempo de lectura\" \/>\n\t<meta name=\"twitter:data1\" content=\"1 minute\" \/>\n<script type=\"application\/ld+json\" class=\"yoast-schema-graph\">{\"@context\":\"https:\/\/schema.org\",\"@graph\":[{\"@type\":\"WebPage\",\"@id\":\"https:\/\/www.spottergps.com\/es\/faq\/costos-y-recarga\/cuales-son-los-costos-si-llamo-al-spotter\/\",\"url\":\"https:\/\/www.spottergps.com\/es\/faq\/costos-y-recarga\/cuales-son-los-costos-si-llamo-al-spotter\/\",\"name\":\"\u00bfCu\u00e1les son los costos si llamo al Spotter? - Spotter Spain\",\"isPartOf\":{\"@id\":\"https:\/\/www.spottergps.com\/es\/#website\"},\"datePublished\":\"2023-03-29T10:08:48+00:00\",\"dateModified\":\"2024-07-01T12:38:37+00:00\",\"breadcrumb\":{\"@id\":\"https:\/\/www.spottergps.com\/es\/faq\/costos-y-recarga\/cuales-son-los-costos-si-llamo-al-spotter\/#breadcrumb\"},\"inLanguage\":\"es-ES\",\"potentialAction\":[{\"@type\":\"ReadAction\",\"target\":[\"https:\/\/www.spottergps.com\/es\/faq\/costos-y-recarga\/cuales-son-los-costos-si-llamo-al-spotter\/\"]}]},{\"@type\":\"BreadcrumbList\",\"@id\":\"https:\/\/www.spottergps.com\/es\/faq\/costos-y-recarga\/cuales-son-los-costos-si-llamo-al-spotter\/#breadcrumb\",\"itemListElement\":[{\"@type\":\"ListItem\",\"position\":1,\"name\":\"Home\",\"item\":\"https:\/\/www.spottergps.com\/es\/\"},{\"@type\":\"ListItem\",\"position\":2,\"name\":\"\u00bfC\u00f3mo podemos ayudarte?\",\"item\":\"https:\/\/www.spottergps.com\/es\/faq\/\"},{\"@type\":\"ListItem\",\"position\":3,\"name\":\"Costos y Recarga\",\"item\":\"https:\/\/www.spottergps.com\/es\/faq\/costos-y-recarga\/\"},{\"@type\":\"ListItem\",\"position\":4,\"name\":\"\u00bfCu\u00e1les son los costos si llamo al Spotter?\"}]},{\"@type\":\"WebSite\",\"@id\":\"https:\/\/www.spottergps.com\/es\/#website\",\"url\":\"https:\/\/www.spottergps.com\/es\/\",\"name\":\"Spotter Spain\",\"description\":\"Para todo lo que amas\",\"publisher\":{\"@id\":\"https:\/\/www.spottergps.com\/es\/#organization\"},\"potentialAction\":[{\"@type\":\"SearchAction\",\"target\":{\"@type\":\"EntryPoint\",\"urlTemplate\":\"https:\/\/www.spottergps.com\/es\/?s={search_term_string}\"},\"query-input\":{\"@type\":\"PropertyValueSpecification\",\"valueRequired\":true,\"valueName\":\"search_term_string\"}}],\"inLanguage\":\"es-ES\"},{\"@type\":\"Organization\",\"@id\":\"https:\/\/www.spottergps.com\/es\/#organization\",\"name\":\"Spotter B.V.\",\"url\":\"https:\/\/www.spottergps.com\/es\/\",\"logo\":{\"@type\":\"ImageObject\",\"inLanguage\":\"es-ES\",\"@id\":\"https:\/\/www.spottergps.com\/es\/#\/schema\/logo\/image\/\",\"url\":\"https:\/\/www.spottergps.com\/es\/wp-content\/uploads\/sites\/7\/2023\/09\/Spotter_logo.png\",\"contentUrl\":\"https:\/\/www.spottergps.com\/es\/wp-content\/uploads\/sites\/7\/2023\/09\/Spotter_logo.png\",\"width\":1500,\"height\":696,\"caption\":\"Spotter B.V.\"},\"image\":{\"@id\":\"https:\/\/www.spottergps.com\/es\/#\/schema\/logo\/image\/\"}}]}<\/script>\n<!-- \/ Yoast SEO plugin. -->","yoast_head_json":{"title":"\u00bfCu\u00e1les son los costos si llamo al Spotter? - Spotter Spain","robots":{"index":"noindex","follow":"nofollow"},"og_locale":"es_ES","og_type":"article","og_title":"\u00bfCu\u00e1les son los costos si llamo al Spotter? - Spotter Spain","og_description":"Cuando llama al Spotter, esto es exclusivo del cr\u00e9dito prepago. Usted llama a un n\u00famero de m\u00f3vil europeo al que se aplican los costes de llamada de su proveedor de telefon\u00eda. itinerante integrada que garantiza que nuestros productos funcionen en toda Europa en todas las redes m\u00f3viles disponibles sin coste adicional. Nuestros productos tambi\u00e9n funcionan [&hellip;]","og_url":"https:\/\/www.spottergps.com\/es\/faq\/costos-y-recarga\/cuales-son-los-costos-si-llamo-al-spotter\/","og_site_name":"Spotter Spain","article_modified_time":"2024-07-01T12:38:37+00:00","twitter_card":"summary_large_image","twitter_misc":{"Tiempo de lectura":"1 minute"},"schema":{"@context":"https:\/\/schema.org","@graph":[{"@type":"WebPage","@id":"https:\/\/www.spottergps.com\/es\/faq\/costos-y-recarga\/cuales-son-los-costos-si-llamo-al-spotter\/","url":"https:\/\/www.spottergps.com\/es\/faq\/costos-y-recarga\/cuales-son-los-costos-si-llamo-al-spotter\/","name":"\u00bfCu\u00e1les son los costos si llamo al Spotter? - Spotter Spain","isPartOf":{"@id":"https:\/\/www.spottergps.com\/es\/#website"},"datePublished":"2023-03-29T10:08:48+00:00","dateModified":"2024-07-01T12:38:37+00:00","breadcrumb":{"@id":"https:\/\/www.spottergps.com\/es\/faq\/costos-y-recarga\/cuales-son-los-costos-si-llamo-al-spotter\/#breadcrumb"},"inLanguage":"es-ES","potentialAction":[{"@type":"ReadAction","target":["https:\/\/www.spottergps.com\/es\/faq\/costos-y-recarga\/cuales-son-los-costos-si-llamo-al-spotter\/"]}]},{"@type":"BreadcrumbList","@id":"https:\/\/www.spottergps.com\/es\/faq\/costos-y-recarga\/cuales-son-los-costos-si-llamo-al-spotter\/#breadcrumb","itemListElement":[{"@type":"ListItem","position":1,"name":"Home","item":"https:\/\/www.spottergps.com\/es\/"},{"@type":"ListItem","position":2,"name":"\u00bfC\u00f3mo podemos ayudarte?","item":"https:\/\/www.spottergps.com\/es\/faq\/"},{"@type":"ListItem","position":3,"name":"Costos y Recarga","item":"https:\/\/www.spottergps.com\/es\/faq\/costos-y-recarga\/"},{"@type":"ListItem","position":4,"name":"\u00bfCu\u00e1les son los costos si llamo al Spotter?"}]},{"@type":"WebSite","@id":"https:\/\/www.spottergps.com\/es\/#website","url":"https:\/\/www.spottergps.com\/es\/","name":"Spotter Spain","description":"Para todo lo que amas","publisher":{"@id":"https:\/\/www.spottergps.com\/es\/#organization"},"potentialAction":[{"@type":"SearchAction","target":{"@type":"EntryPoint","urlTemplate":"https:\/\/www.spottergps.com\/es\/?s={search_term_string}"},"query-input":{"@type":"PropertyValueSpecification","valueRequired":true,"valueName":"search_term_string"}}],"inLanguage":"es-ES"},{"@type":"Organization","@id":"https:\/\/www.spottergps.com\/es\/#organization","name":"Spotter B.V.","url":"https:\/\/www.spottergps.com\/es\/","logo":{"@type":"ImageObject","inLanguage":"es-ES","@id":"https:\/\/www.spottergps.com\/es\/#\/schema\/logo\/image\/","url":"https:\/\/www.spottergps.com\/es\/wp-content\/uploads\/sites\/7\/2023\/09\/Spotter_logo.png","contentUrl":"https:\/\/www.spottergps.com\/es\/wp-content\/uploads\/sites\/7\/2023\/09\/Spotter_logo.png","width":1500,"height":696,"caption":"Spotter B.V."},"image":{"@id":"https:\/\/www.spottergps.com\/es\/#\/schema\/logo\/image\/"}}]}},"_links":{"self":[{"href":"https:\/\/www.spottergps.com\/es\/wp-json\/wp\/v2\/pages\/181","targetHints":{"allow":["GET"]}}],"collection":[{"href":"https:\/\/www.spottergps.com\/es\/wp-json\/wp\/v2\/pages"}],"about":[{"href":"https:\/\/www.spottergps.com\/es\/wp-json\/wp\/v2\/types\/page"}],"author":[{"embeddable":true,"href":"https:\/\/www.spottergps.com\/es\/wp-json\/wp\/v2\/users\/10"}],"replies":[{"embeddable":true,"href":"https:\/\/www.spottergps.com\/es\/wp-json\/wp\/v2\/comments?post=181"}],"version-history":[{"count":2,"href":"https:\/\/www.spottergps.com\/es\/wp-json\/wp\/v2\/pages\/181\/revisions"}],"predecessor-version":[{"id":293,"href":"https:\/\/www.spottergps.com\/es\/wp-json\/wp\/v2\/pages\/181\/revisions\/293"}],"up":[{"embeddable":true,"href":"https:\/\/www.spottergps.com\/es\/wp-json\/wp\/v2\/pages\/167"}],"wp:attachment":[{"href":"https:\/\/www.spottergps.com\/es\/wp-json\/wp\/v2\/media?parent=181"}],"wp:term":[{"taxonomy":"category","embeddable":true,"href":"https:\/\/www.spottergps.com\/es\/wp-json\/wp\/v2\/categories?post=181"},{"taxonomy":"post_tag","embeddable":true,"href":"https:\/\/www.spottergps.com\/es\/wp-json\/wp\/v2\/tags?post=181"}],"curies":[{"name":"wp","href":"https:\/\/api.w.org\/{rel}","templated":true}]}}