{"id":179,"date":"2023-03-29T10:08:09","date_gmt":"2023-03-29T10:08:09","guid":{"rendered":"https:\/\/www.spottergps.com\/es\/?page_id=179"},"modified":"2025-02-10T10:41:42","modified_gmt":"2025-02-10T10:41:42","slug":"cuanto-cuesta-un-spotter","status":"publish","type":"page","link":"https:\/\/www.spottergps.com\/es\/faq\/costos-y-recarga\/cuanto-cuesta-un-spotter\/","title":{"rendered":"Cu\u00e1nto cuesta un Spotter?"},"content":{"rendered":"\n<p>Todos nuestros productos son muy asequibles, tanto de compra como de uso. Adem\u00e1s, no est\u00e1s atado a una suscripci\u00f3n o contrato porque los productos funcionan con un cr\u00e9dito prepago. Recargas el cr\u00e9dito prepago cuando empiezas a usarlo. Puedes elegir entre 3, 6 o 12 meses de cr\u00e9dito prepago. Durante este per\u00edodo, puede hacer un uso ilimitado de todas las funciones, excepto las llamadas. Esto ahora se hace desde su tel\u00e9fono, que est\u00e1 sujeto a los costos de llamadas de su proveedor.<\/p>\n\n\n\n<p><strong>Elija un periodo de utilizaci\u00f3n: importe fijo, sin compromiso<\/strong><\/p>\n\n\n\n<p><\/p>\n\n\n\n<h2 class=\"wp-block-heading\"><em>Productos<\/em><\/h2>\n\n\n\n<figure class=\"wp-block-table\"><table><tbody><tr><td><strong>Producto<\/strong><\/td><td><strong>Precio<\/strong><\/td><\/tr><tr><td><a href=\"https:\/\/shop.spottergps.com\/nl\/spotter%20gps%20tracker.html\">Rastreador GPS del observador<\/a><\/td><td>99,95 \u20ac IVA incluido<\/td><\/tr><tr><td><a href=\"https:\/\/www.spottergps.com\/shop\/nl\/gps-watch.html\">Reloj GPS de observaci\u00f3n<\/a><\/td><td>99,95 \u20ac IVA incluido<\/td><\/tr><tr><td>Reloj Spotter GPS \u2013 Aire<\/td><td>99,95 \u20ac IVA incluido<\/td><\/tr><tr><td><a href=\"https:\/\/shop.spottergps.com\/nl\/pet-spotter-cat-tracker.html\">Observador de mascotas<\/a><\/td><td>99,95 \u20ac IVA incluido<\/td><\/tr><\/tbody><\/table><\/figure>\n\n\n\n<h2 class=\"wp-block-heading\"><em>Cr\u00e9dito prepago<\/em><\/h2>\n\n\n\n<figure class=\"wp-block-table\"><table><tbody><tr><td><strong>N\u00famero de meses<\/strong><\/td><td><strong>Prix<\/strong><\/td><\/tr><tr><td>3 meses de cr\u00e9dito<\/td><td>7,00 \u20ac p.m.<\/td><\/tr><tr><td>6 meses de cr\u00e9dito<\/td><td>6,50 \u20ac p.m.<\/td><\/tr><tr><td>12 meses de cr\u00e9dito<\/td><td>5,00 \u20ac p.m.<\/td><\/tr><tr><td>24 meses de cr\u00e9dito <\/td><td>4,50 \u20ac p.m.<\/td><\/tr><\/tbody><\/table><\/figure>\n","protected":false},"excerpt":{"rendered":"<p>Todos nuestros productos son muy asequibles, tanto de compra como de uso. Adem\u00e1s, no est\u00e1s atado a una suscripci\u00f3n o contrato porque los productos funcionan con un cr\u00e9dito prepago. Recargas el cr\u00e9dito prepago cuando empiezas a usarlo. Puedes elegir entre 3, 6 o 12 meses de cr\u00e9dito prepago. Durante este per\u00edodo, puede hacer un uso [&hellip;]<\/p>\n","protected":false},"author":10,"featured_media":0,"parent":167,"menu_order":0,"comment_status":"closed","ping_status":"closed","template":"faq-content.php","meta":{"_acf_changed":false,"footnotes":""},"categories":[2],"tags":[],"class_list":["post-179","page","type-page","status-publish","hentry","category-faq"],"acf":[],"yoast_head":"<!-- This site is optimized with the Yoast SEO plugin v25.9 - https:\/\/yoast.com\/wordpress\/plugins\/seo\/ -->\n<title>Cu\u00e1nto cuesta un Spotter? - Spotter Spain<\/title>\n<meta name=\"robots\" content=\"noindex, nofollow\" \/>\n<meta property=\"og:locale\" content=\"es_ES\" \/>\n<meta property=\"og:type\" content=\"article\" \/>\n<meta property=\"og:title\" content=\"Cu\u00e1nto cuesta un Spotter? - Spotter Spain\" \/>\n<meta property=\"og:description\" content=\"Todos nuestros productos son muy asequibles, tanto de compra como de uso. Adem\u00e1s, no est\u00e1s atado a una suscripci\u00f3n o contrato porque los productos funcionan con un cr\u00e9dito prepago. Recargas el cr\u00e9dito prepago cuando empiezas a usarlo. Puedes elegir entre 3, 6 o 12 meses de cr\u00e9dito prepago. Durante este per\u00edodo, puede hacer un uso [&hellip;]\" \/>\n<meta property=\"og:url\" content=\"https:\/\/www.spottergps.com\/es\/faq\/costos-y-recarga\/cuanto-cuesta-un-spotter\/\" \/>\n<meta property=\"og:site_name\" content=\"Spotter Spain\" \/>\n<meta property=\"article:modified_time\" content=\"2025-02-10T10:41:42+00:00\" \/>\n<meta name=\"twitter:card\" content=\"summary_large_image\" \/>\n<script type=\"application\/ld+json\" class=\"yoast-schema-graph\">{\"@context\":\"https:\/\/schema.org\",\"@graph\":[{\"@type\":\"WebPage\",\"@id\":\"https:\/\/www.spottergps.com\/es\/faq\/costos-y-recarga\/cuanto-cuesta-un-spotter\/\",\"url\":\"https:\/\/www.spottergps.com\/es\/faq\/costos-y-recarga\/cuanto-cuesta-un-spotter\/\",\"name\":\"Cu\u00e1nto cuesta un Spotter? - Spotter Spain\",\"isPartOf\":{\"@id\":\"https:\/\/www.spottergps.com\/es\/#website\"},\"datePublished\":\"2023-03-29T10:08:09+00:00\",\"dateModified\":\"2025-02-10T10:41:42+00:00\",\"breadcrumb\":{\"@id\":\"https:\/\/www.spottergps.com\/es\/faq\/costos-y-recarga\/cuanto-cuesta-un-spotter\/#breadcrumb\"},\"inLanguage\":\"es-ES\",\"potentialAction\":[{\"@type\":\"ReadAction\",\"target\":[\"https:\/\/www.spottergps.com\/es\/faq\/costos-y-recarga\/cuanto-cuesta-un-spotter\/\"]}]},{\"@type\":\"BreadcrumbList\",\"@id\":\"https:\/\/www.spottergps.com\/es\/faq\/costos-y-recarga\/cuanto-cuesta-un-spotter\/#breadcrumb\",\"itemListElement\":[{\"@type\":\"ListItem\",\"position\":1,\"name\":\"Home\",\"item\":\"https:\/\/www.spottergps.com\/es\/\"},{\"@type\":\"ListItem\",\"position\":2,\"name\":\"\u00bfC\u00f3mo podemos ayudarte?\",\"item\":\"https:\/\/www.spottergps.com\/es\/faq\/\"},{\"@type\":\"ListItem\",\"position\":3,\"name\":\"Costos y Recarga\",\"item\":\"https:\/\/www.spottergps.com\/es\/faq\/costos-y-recarga\/\"},{\"@type\":\"ListItem\",\"position\":4,\"name\":\"Cu\u00e1nto cuesta un Spotter?\"}]},{\"@type\":\"WebSite\",\"@id\":\"https:\/\/www.spottergps.com\/es\/#website\",\"url\":\"https:\/\/www.spottergps.com\/es\/\",\"name\":\"Spotter Spain\",\"description\":\"Para todo lo que amas\",\"publisher\":{\"@id\":\"https:\/\/www.spottergps.com\/es\/#organization\"},\"potentialAction\":[{\"@type\":\"SearchAction\",\"target\":{\"@type\":\"EntryPoint\",\"urlTemplate\":\"https:\/\/www.spottergps.com\/es\/?s={search_term_string}\"},\"query-input\":{\"@type\":\"PropertyValueSpecification\",\"valueRequired\":true,\"valueName\":\"search_term_string\"}}],\"inLanguage\":\"es-ES\"},{\"@type\":\"Organization\",\"@id\":\"https:\/\/www.spottergps.com\/es\/#organization\",\"name\":\"Spotter B.V.\",\"url\":\"https:\/\/www.spottergps.com\/es\/\",\"logo\":{\"@type\":\"ImageObject\",\"inLanguage\":\"es-ES\",\"@id\":\"https:\/\/www.spottergps.com\/es\/#\/schema\/logo\/image\/\",\"url\":\"https:\/\/www.spottergps.com\/es\/wp-content\/uploads\/sites\/7\/2023\/09\/Spotter_logo.png\",\"contentUrl\":\"https:\/\/www.spottergps.com\/es\/wp-content\/uploads\/sites\/7\/2023\/09\/Spotter_logo.png\",\"width\":1500,\"height\":696,\"caption\":\"Spotter B.V.\"},\"image\":{\"@id\":\"https:\/\/www.spottergps.com\/es\/#\/schema\/logo\/image\/\"}}]}<\/script>\n<!-- \/ Yoast SEO plugin. -->","yoast_head_json":{"title":"Cu\u00e1nto cuesta un Spotter? - Spotter Spain","robots":{"index":"noindex","follow":"nofollow"},"og_locale":"es_ES","og_type":"article","og_title":"Cu\u00e1nto cuesta un Spotter? - Spotter Spain","og_description":"Todos nuestros productos son muy asequibles, tanto de compra como de uso. Adem\u00e1s, no est\u00e1s atado a una suscripci\u00f3n o contrato porque los productos funcionan con un cr\u00e9dito prepago. Recargas el cr\u00e9dito prepago cuando empiezas a usarlo. Puedes elegir entre 3, 6 o 12 meses de cr\u00e9dito prepago. Durante este per\u00edodo, puede hacer un uso [&hellip;]","og_url":"https:\/\/www.spottergps.com\/es\/faq\/costos-y-recarga\/cuanto-cuesta-un-spotter\/","og_site_name":"Spotter Spain","article_modified_time":"2025-02-10T10:41:42+00:00","twitter_card":"summary_large_image","schema":{"@context":"https:\/\/schema.org","@graph":[{"@type":"WebPage","@id":"https:\/\/www.spottergps.com\/es\/faq\/costos-y-recarga\/cuanto-cuesta-un-spotter\/","url":"https:\/\/www.spottergps.com\/es\/faq\/costos-y-recarga\/cuanto-cuesta-un-spotter\/","name":"Cu\u00e1nto cuesta un Spotter? - Spotter Spain","isPartOf":{"@id":"https:\/\/www.spottergps.com\/es\/#website"},"datePublished":"2023-03-29T10:08:09+00:00","dateModified":"2025-02-10T10:41:42+00:00","breadcrumb":{"@id":"https:\/\/www.spottergps.com\/es\/faq\/costos-y-recarga\/cuanto-cuesta-un-spotter\/#breadcrumb"},"inLanguage":"es-ES","potentialAction":[{"@type":"ReadAction","target":["https:\/\/www.spottergps.com\/es\/faq\/costos-y-recarga\/cuanto-cuesta-un-spotter\/"]}]},{"@type":"BreadcrumbList","@id":"https:\/\/www.spottergps.com\/es\/faq\/costos-y-recarga\/cuanto-cuesta-un-spotter\/#breadcrumb","itemListElement":[{"@type":"ListItem","position":1,"name":"Home","item":"https:\/\/www.spottergps.com\/es\/"},{"@type":"ListItem","position":2,"name":"\u00bfC\u00f3mo podemos ayudarte?","item":"https:\/\/www.spottergps.com\/es\/faq\/"},{"@type":"ListItem","position":3,"name":"Costos y Recarga","item":"https:\/\/www.spottergps.com\/es\/faq\/costos-y-recarga\/"},{"@type":"ListItem","position":4,"name":"Cu\u00e1nto cuesta un Spotter?"}]},{"@type":"WebSite","@id":"https:\/\/www.spottergps.com\/es\/#website","url":"https:\/\/www.spottergps.com\/es\/","name":"Spotter Spain","description":"Para todo lo que amas","publisher":{"@id":"https:\/\/www.spottergps.com\/es\/#organization"},"potentialAction":[{"@type":"SearchAction","target":{"@type":"EntryPoint","urlTemplate":"https:\/\/www.spottergps.com\/es\/?s={search_term_string}"},"query-input":{"@type":"PropertyValueSpecification","valueRequired":true,"valueName":"search_term_string"}}],"inLanguage":"es-ES"},{"@type":"Organization","@id":"https:\/\/www.spottergps.com\/es\/#organization","name":"Spotter B.V.","url":"https:\/\/www.spottergps.com\/es\/","logo":{"@type":"ImageObject","inLanguage":"es-ES","@id":"https:\/\/www.spottergps.com\/es\/#\/schema\/logo\/image\/","url":"https:\/\/www.spottergps.com\/es\/wp-content\/uploads\/sites\/7\/2023\/09\/Spotter_logo.png","contentUrl":"https:\/\/www.spottergps.com\/es\/wp-content\/uploads\/sites\/7\/2023\/09\/Spotter_logo.png","width":1500,"height":696,"caption":"Spotter B.V."},"image":{"@id":"https:\/\/www.spottergps.com\/es\/#\/schema\/logo\/image\/"}}]}},"_links":{"self":[{"href":"https:\/\/www.spottergps.com\/es\/wp-json\/wp\/v2\/pages\/179","targetHints":{"allow":["GET"]}}],"collection":[{"href":"https:\/\/www.spottergps.com\/es\/wp-json\/wp\/v2\/pages"}],"about":[{"href":"https:\/\/www.spottergps.com\/es\/wp-json\/wp\/v2\/types\/page"}],"author":[{"embeddable":true,"href":"https:\/\/www.spottergps.com\/es\/wp-json\/wp\/v2\/users\/10"}],"replies":[{"embeddable":true,"href":"https:\/\/www.spottergps.com\/es\/wp-json\/wp\/v2\/comments?post=179"}],"version-history":[{"count":6,"href":"https:\/\/www.spottergps.com\/es\/wp-json\/wp\/v2\/pages\/179\/revisions"}],"predecessor-version":[{"id":2144,"href":"https:\/\/www.spottergps.com\/es\/wp-json\/wp\/v2\/pages\/179\/revisions\/2144"}],"up":[{"embeddable":true,"href":"https:\/\/www.spottergps.com\/es\/wp-json\/wp\/v2\/pages\/167"}],"wp:attachment":[{"href":"https:\/\/www.spottergps.com\/es\/wp-json\/wp\/v2\/media?parent=179"}],"wp:term":[{"taxonomy":"category","embeddable":true,"href":"https:\/\/www.spottergps.com\/es\/wp-json\/wp\/v2\/categories?post=179"},{"taxonomy":"post_tag","embeddable":true,"href":"https:\/\/www.spottergps.com\/es\/wp-json\/wp\/v2\/tags?post=179"}],"curies":[{"name":"wp","href":"https:\/\/api.w.org\/{rel}","templated":true}]}}