{"id":175,"date":"2023-03-29T10:06:15","date_gmt":"2023-03-29T10:06:15","guid":{"rendered":"https:\/\/www.spottergps.com\/es\/?page_id=175"},"modified":"2025-02-10T10:42:07","modified_gmt":"2025-02-10T10:42:07","slug":"recargar-credito-prepago","status":"publish","type":"page","link":"https:\/\/www.spottergps.com\/es\/faq\/costos-y-recarga\/recargar-credito-prepago\/","title":{"rendered":"Recargar cr\u00e9dito prepago"},"content":{"rendered":"\n<p>Puede recargar el Spotter a trav\u00e9s de su <a href=\"https:\/\/my.spottergps.com\/?page=extend\">cuenta en l\u00ednea <\/a>o la aplicaci\u00f3n Spotter. Cuando haya iniciado sesi\u00f3n en su cuenta (a trav\u00e9s de la computadora), ver\u00e1 el encabezado &#8216;recargar&#8217; en el lado izquierdo de su pantalla. Si haces click aqu\u00ed podr\u00e1s elegir entre diferentes cr\u00e9ditos prepago:<\/p>\n\n\n\n<p><strong>Elija un periodo de utilizaci\u00f3n: importe fijo, sin compromiso<\/strong><\/p>\n\n\n\n<figure class=\"wp-block-table\"><table class=\"has-fixed-layout\"><tbody><tr><td><strong>N\u00famero de meses<\/strong><strong><\/strong><\/td><td><strong>Prix<\/strong><strong><\/strong><\/td><\/tr><tr><td>3 meses de cr\u00e9dito<\/td><td>7,00 \u20ac&nbsp; p.m.<\/td><\/tr><tr><td>6 meses de cr\u00e9dito<\/td><td>6,50 \u20ac\u00a0 p.m.<\/td><\/tr><tr><td>12 meses de cr\u00e9dito<\/td><td>5,00&nbsp;\u20ac &nbsp;p.m.<\/td><\/tr><tr><td>24 meses de cr\u00e9dito<\/td><td>4,50 \u20ac &nbsp;p.m.<\/td><\/tr><\/tbody><\/table><\/figure>\n\n\n\n<p><strong><em>Precios con IVA incluido<\/em><\/strong><\/p>\n\n\n\n<p>Elija su cr\u00e9dito prepago deseado e ingrese su direcci\u00f3n haciendo clic en &#8216;editar&#8217;. Guarde esto, seleccione el Spotter que desea actualizar y haga clic en el bot\u00f3n verde &#8216;Continuar con el pedido&#8217;. Ahora ser\u00e1 redirigido a la tienda Spotter, donde podr\u00e1 pagar.<\/p>\n\n\n\n<p>No es necesario que recargue el Spotter inmediatamente cuando se haya agotado el cr\u00e9dito. Por ejemplo, puede optar por no usar el Spotter durante 3 meses y luego activar un nuevo cr\u00e9dito.<\/p>\n\n\n\n<p><a href=\"https:\/\/www.youtube.com\/embed\/ZLYrYvc2OEc?si=3Hssr4_OblWJBhwc\" data-type=\"URL\" data-id=\"https:\/\/www.youtube.com\/embed\/ZLYrYvc2OEc?si=3Hssr4_OblWJBhwc\">En este video explicamos exactamente c\u00f3mo funciona.<\/a><\/p>\n","protected":false},"excerpt":{"rendered":"<p>Puede recargar el Spotter a trav\u00e9s de su cuenta en l\u00ednea o la aplicaci\u00f3n Spotter. Cuando haya iniciado sesi\u00f3n en su cuenta (a trav\u00e9s de la computadora), ver\u00e1 el encabezado &#8216;recargar&#8217; en el lado izquierdo de su pantalla. Si haces click aqu\u00ed podr\u00e1s elegir entre diferentes cr\u00e9ditos prepago: Elija un periodo de utilizaci\u00f3n: importe fijo, [&hellip;]<\/p>\n","protected":false},"author":10,"featured_media":0,"parent":167,"menu_order":0,"comment_status":"closed","ping_status":"closed","template":"faq-content.php","meta":{"_acf_changed":false,"footnotes":""},"categories":[2],"tags":[],"class_list":["post-175","page","type-page","status-publish","hentry","category-faq"],"acf":[],"yoast_head":"<!-- This site is optimized with the Yoast SEO plugin v25.9 - https:\/\/yoast.com\/wordpress\/plugins\/seo\/ -->\n<title>Recargar cr\u00e9dito prepago - Spotter Spain<\/title>\n<meta name=\"robots\" content=\"index, follow, max-snippet:-1, max-image-preview:large, max-video-preview:-1\" \/>\n<link rel=\"canonical\" href=\"https:\/\/www.spottergps.com\/es\/faq\/costos-y-recarga\/recargar-credito-prepago\/\" \/>\n<meta property=\"og:locale\" content=\"es_ES\" \/>\n<meta property=\"og:type\" content=\"article\" \/>\n<meta property=\"og:title\" content=\"Recargar cr\u00e9dito prepago - Spotter Spain\" \/>\n<meta property=\"og:description\" content=\"Puede recargar el Spotter a trav\u00e9s de su cuenta en l\u00ednea o la aplicaci\u00f3n Spotter. Cuando haya iniciado sesi\u00f3n en su cuenta (a trav\u00e9s de la computadora), ver\u00e1 el encabezado &#8216;recargar&#8217; en el lado izquierdo de su pantalla. Si haces click aqu\u00ed podr\u00e1s elegir entre diferentes cr\u00e9ditos prepago: Elija un periodo de utilizaci\u00f3n: importe fijo, [&hellip;]\" \/>\n<meta property=\"og:url\" content=\"https:\/\/www.spottergps.com\/es\/faq\/costos-y-recarga\/recargar-credito-prepago\/\" \/>\n<meta property=\"og:site_name\" content=\"Spotter Spain\" \/>\n<meta property=\"article:modified_time\" content=\"2025-02-10T10:42:07+00:00\" \/>\n<meta name=\"twitter:card\" content=\"summary_large_image\" \/>\n<meta name=\"twitter:label1\" content=\"Tiempo de lectura\" \/>\n\t<meta name=\"twitter:data1\" content=\"1 minute\" \/>\n<script type=\"application\/ld+json\" class=\"yoast-schema-graph\">{\"@context\":\"https:\/\/schema.org\",\"@graph\":[{\"@type\":\"WebPage\",\"@id\":\"https:\/\/www.spottergps.com\/es\/faq\/costos-y-recarga\/recargar-credito-prepago\/\",\"url\":\"https:\/\/www.spottergps.com\/es\/faq\/costos-y-recarga\/recargar-credito-prepago\/\",\"name\":\"Recargar cr\u00e9dito prepago - Spotter Spain\",\"isPartOf\":{\"@id\":\"https:\/\/www.spottergps.com\/es\/#website\"},\"datePublished\":\"2023-03-29T10:06:15+00:00\",\"dateModified\":\"2025-02-10T10:42:07+00:00\",\"breadcrumb\":{\"@id\":\"https:\/\/www.spottergps.com\/es\/faq\/costos-y-recarga\/recargar-credito-prepago\/#breadcrumb\"},\"inLanguage\":\"es-ES\",\"potentialAction\":[{\"@type\":\"ReadAction\",\"target\":[\"https:\/\/www.spottergps.com\/es\/faq\/costos-y-recarga\/recargar-credito-prepago\/\"]}]},{\"@type\":\"BreadcrumbList\",\"@id\":\"https:\/\/www.spottergps.com\/es\/faq\/costos-y-recarga\/recargar-credito-prepago\/#breadcrumb\",\"itemListElement\":[{\"@type\":\"ListItem\",\"position\":1,\"name\":\"Home\",\"item\":\"https:\/\/www.spottergps.com\/es\/\"},{\"@type\":\"ListItem\",\"position\":2,\"name\":\"\u00bfC\u00f3mo podemos ayudarte?\",\"item\":\"https:\/\/www.spottergps.com\/es\/faq\/\"},{\"@type\":\"ListItem\",\"position\":3,\"name\":\"Costos y Recarga\",\"item\":\"https:\/\/www.spottergps.com\/es\/faq\/costos-y-recarga\/\"},{\"@type\":\"ListItem\",\"position\":4,\"name\":\"Recargar cr\u00e9dito prepago\"}]},{\"@type\":\"WebSite\",\"@id\":\"https:\/\/www.spottergps.com\/es\/#website\",\"url\":\"https:\/\/www.spottergps.com\/es\/\",\"name\":\"Spotter Spain\",\"description\":\"Para todo lo que amas\",\"publisher\":{\"@id\":\"https:\/\/www.spottergps.com\/es\/#organization\"},\"potentialAction\":[{\"@type\":\"SearchAction\",\"target\":{\"@type\":\"EntryPoint\",\"urlTemplate\":\"https:\/\/www.spottergps.com\/es\/?s={search_term_string}\"},\"query-input\":{\"@type\":\"PropertyValueSpecification\",\"valueRequired\":true,\"valueName\":\"search_term_string\"}}],\"inLanguage\":\"es-ES\"},{\"@type\":\"Organization\",\"@id\":\"https:\/\/www.spottergps.com\/es\/#organization\",\"name\":\"Spotter B.V.\",\"url\":\"https:\/\/www.spottergps.com\/es\/\",\"logo\":{\"@type\":\"ImageObject\",\"inLanguage\":\"es-ES\",\"@id\":\"https:\/\/www.spottergps.com\/es\/#\/schema\/logo\/image\/\",\"url\":\"https:\/\/www.spottergps.com\/es\/wp-content\/uploads\/sites\/7\/2023\/09\/Spotter_logo.png\",\"contentUrl\":\"https:\/\/www.spottergps.com\/es\/wp-content\/uploads\/sites\/7\/2023\/09\/Spotter_logo.png\",\"width\":1500,\"height\":696,\"caption\":\"Spotter B.V.\"},\"image\":{\"@id\":\"https:\/\/www.spottergps.com\/es\/#\/schema\/logo\/image\/\"}}]}<\/script>\n<!-- \/ Yoast SEO plugin. -->","yoast_head_json":{"title":"Recargar cr\u00e9dito prepago - Spotter Spain","robots":{"index":"index","follow":"follow","max-snippet":"max-snippet:-1","max-image-preview":"max-image-preview:large","max-video-preview":"max-video-preview:-1"},"canonical":"https:\/\/www.spottergps.com\/es\/faq\/costos-y-recarga\/recargar-credito-prepago\/","og_locale":"es_ES","og_type":"article","og_title":"Recargar cr\u00e9dito prepago - Spotter Spain","og_description":"Puede recargar el Spotter a trav\u00e9s de su cuenta en l\u00ednea o la aplicaci\u00f3n Spotter. Cuando haya iniciado sesi\u00f3n en su cuenta (a trav\u00e9s de la computadora), ver\u00e1 el encabezado &#8216;recargar&#8217; en el lado izquierdo de su pantalla. Si haces click aqu\u00ed podr\u00e1s elegir entre diferentes cr\u00e9ditos prepago: Elija un periodo de utilizaci\u00f3n: importe fijo, [&hellip;]","og_url":"https:\/\/www.spottergps.com\/es\/faq\/costos-y-recarga\/recargar-credito-prepago\/","og_site_name":"Spotter Spain","article_modified_time":"2025-02-10T10:42:07+00:00","twitter_card":"summary_large_image","twitter_misc":{"Tiempo de lectura":"1 minute"},"schema":{"@context":"https:\/\/schema.org","@graph":[{"@type":"WebPage","@id":"https:\/\/www.spottergps.com\/es\/faq\/costos-y-recarga\/recargar-credito-prepago\/","url":"https:\/\/www.spottergps.com\/es\/faq\/costos-y-recarga\/recargar-credito-prepago\/","name":"Recargar cr\u00e9dito prepago - Spotter Spain","isPartOf":{"@id":"https:\/\/www.spottergps.com\/es\/#website"},"datePublished":"2023-03-29T10:06:15+00:00","dateModified":"2025-02-10T10:42:07+00:00","breadcrumb":{"@id":"https:\/\/www.spottergps.com\/es\/faq\/costos-y-recarga\/recargar-credito-prepago\/#breadcrumb"},"inLanguage":"es-ES","potentialAction":[{"@type":"ReadAction","target":["https:\/\/www.spottergps.com\/es\/faq\/costos-y-recarga\/recargar-credito-prepago\/"]}]},{"@type":"BreadcrumbList","@id":"https:\/\/www.spottergps.com\/es\/faq\/costos-y-recarga\/recargar-credito-prepago\/#breadcrumb","itemListElement":[{"@type":"ListItem","position":1,"name":"Home","item":"https:\/\/www.spottergps.com\/es\/"},{"@type":"ListItem","position":2,"name":"\u00bfC\u00f3mo podemos ayudarte?","item":"https:\/\/www.spottergps.com\/es\/faq\/"},{"@type":"ListItem","position":3,"name":"Costos y Recarga","item":"https:\/\/www.spottergps.com\/es\/faq\/costos-y-recarga\/"},{"@type":"ListItem","position":4,"name":"Recargar cr\u00e9dito prepago"}]},{"@type":"WebSite","@id":"https:\/\/www.spottergps.com\/es\/#website","url":"https:\/\/www.spottergps.com\/es\/","name":"Spotter Spain","description":"Para todo lo que amas","publisher":{"@id":"https:\/\/www.spottergps.com\/es\/#organization"},"potentialAction":[{"@type":"SearchAction","target":{"@type":"EntryPoint","urlTemplate":"https:\/\/www.spottergps.com\/es\/?s={search_term_string}"},"query-input":{"@type":"PropertyValueSpecification","valueRequired":true,"valueName":"search_term_string"}}],"inLanguage":"es-ES"},{"@type":"Organization","@id":"https:\/\/www.spottergps.com\/es\/#organization","name":"Spotter B.V.","url":"https:\/\/www.spottergps.com\/es\/","logo":{"@type":"ImageObject","inLanguage":"es-ES","@id":"https:\/\/www.spottergps.com\/es\/#\/schema\/logo\/image\/","url":"https:\/\/www.spottergps.com\/es\/wp-content\/uploads\/sites\/7\/2023\/09\/Spotter_logo.png","contentUrl":"https:\/\/www.spottergps.com\/es\/wp-content\/uploads\/sites\/7\/2023\/09\/Spotter_logo.png","width":1500,"height":696,"caption":"Spotter B.V."},"image":{"@id":"https:\/\/www.spottergps.com\/es\/#\/schema\/logo\/image\/"}}]}},"_links":{"self":[{"href":"https:\/\/www.spottergps.com\/es\/wp-json\/wp\/v2\/pages\/175","targetHints":{"allow":["GET"]}}],"collection":[{"href":"https:\/\/www.spottergps.com\/es\/wp-json\/wp\/v2\/pages"}],"about":[{"href":"https:\/\/www.spottergps.com\/es\/wp-json\/wp\/v2\/types\/page"}],"author":[{"embeddable":true,"href":"https:\/\/www.spottergps.com\/es\/wp-json\/wp\/v2\/users\/10"}],"replies":[{"embeddable":true,"href":"https:\/\/www.spottergps.com\/es\/wp-json\/wp\/v2\/comments?post=175"}],"version-history":[{"count":7,"href":"https:\/\/www.spottergps.com\/es\/wp-json\/wp\/v2\/pages\/175\/revisions"}],"predecessor-version":[{"id":2145,"href":"https:\/\/www.spottergps.com\/es\/wp-json\/wp\/v2\/pages\/175\/revisions\/2145"}],"up":[{"embeddable":true,"href":"https:\/\/www.spottergps.com\/es\/wp-json\/wp\/v2\/pages\/167"}],"wp:attachment":[{"href":"https:\/\/www.spottergps.com\/es\/wp-json\/wp\/v2\/media?parent=175"}],"wp:term":[{"taxonomy":"category","embeddable":true,"href":"https:\/\/www.spottergps.com\/es\/wp-json\/wp\/v2\/categories?post=175"},{"taxonomy":"post_tag","embeddable":true,"href":"https:\/\/www.spottergps.com\/es\/wp-json\/wp\/v2\/tags?post=175"}],"curies":[{"name":"wp","href":"https:\/\/api.w.org\/{rel}","templated":true}]}}