{"id":173,"date":"2023-03-29T10:03:50","date_gmt":"2023-03-29T10:03:50","guid":{"rendered":"https:\/\/www.spottergps.com\/es\/?page_id=173"},"modified":"2024-07-01T12:40:15","modified_gmt":"2024-07-01T12:40:15","slug":"transferir-credito","status":"publish","type":"page","link":"https:\/\/www.spottergps.com\/es\/faq\/costos-y-recarga\/transferir-credito\/","title":{"rendered":"Transferir cr\u00e9dito"},"content":{"rendered":"\n<p>\u00bfHa comprado un nuevo Spotter y desea transferir el cr\u00e9dito del antiguo Spotter al nuevo? Luego, tan pronto como haya recibido el nuevo Spotter, puede transmitir el c\u00f3digo de spotter antiguo y nuevo a nuestro servicio de atenci\u00f3n al cliente a trav\u00e9s del <a href=\"https:\/\/www.spottergps.com\/es\/servicio-al-cliente\/\" data-type=\"URL\" data-id=\"https:\/\/www.spottergps.com\/es\/servicio-al-cliente\/\">formulario de contacto<\/a> . Ellos pueden transferir el cr\u00e9dito por usted. \u00bfYa tienes cr\u00e9dito en el nuevo Spotter? Luego, este cr\u00e9dito se agregar\u00e1 extra y, por lo tanto, la fecha de vencimiento de su cr\u00e9dito ser\u00e1 posterior.<\/p>\n\n\n\n<p>Tenga en cuenta: la transferencia de cr\u00e9dito solo es posible con cr\u00e9dito que a\u00fan est\u00e1 activo.<\/p>\n","protected":false},"excerpt":{"rendered":"<p>\u00bfHa comprado un nuevo Spotter y desea transferir el cr\u00e9dito del antiguo Spotter al nuevo? Luego, tan pronto como haya recibido el nuevo Spotter, puede transmitir el c\u00f3digo de spotter antiguo y nuevo a nuestro servicio de atenci\u00f3n al cliente a trav\u00e9s del formulario de contacto . Ellos pueden transferir el cr\u00e9dito por usted. \u00bfYa [&hellip;]<\/p>\n","protected":false},"author":10,"featured_media":0,"parent":167,"menu_order":0,"comment_status":"closed","ping_status":"closed","template":"faq-content.php","meta":{"_acf_changed":false,"footnotes":""},"categories":[2],"tags":[],"class_list":["post-173","page","type-page","status-publish","hentry","category-faq"],"acf":[],"yoast_head":"<!-- This site is optimized with the Yoast SEO plugin v25.9 - https:\/\/yoast.com\/wordpress\/plugins\/seo\/ -->\n<title>Transferir cr\u00e9dito - Spotter Spain<\/title>\n<meta name=\"robots\" content=\"noindex, nofollow\" \/>\n<meta property=\"og:locale\" content=\"es_ES\" \/>\n<meta property=\"og:type\" content=\"article\" \/>\n<meta property=\"og:title\" content=\"Transferir cr\u00e9dito - Spotter Spain\" \/>\n<meta property=\"og:description\" content=\"\u00bfHa comprado un nuevo Spotter y desea transferir el cr\u00e9dito del antiguo Spotter al nuevo? Luego, tan pronto como haya recibido el nuevo Spotter, puede transmitir el c\u00f3digo de spotter antiguo y nuevo a nuestro servicio de atenci\u00f3n al cliente a trav\u00e9s del formulario de contacto . Ellos pueden transferir el cr\u00e9dito por usted. \u00bfYa [&hellip;]\" \/>\n<meta property=\"og:url\" content=\"https:\/\/www.spottergps.com\/es\/faq\/costos-y-recarga\/transferir-credito\/\" \/>\n<meta property=\"og:site_name\" content=\"Spotter Spain\" \/>\n<meta property=\"article:modified_time\" content=\"2024-07-01T12:40:15+00:00\" \/>\n<meta name=\"twitter:card\" content=\"summary_large_image\" \/>\n<meta name=\"twitter:label1\" content=\"Tiempo de lectura\" \/>\n\t<meta name=\"twitter:data1\" content=\"1 minute\" \/>\n<script type=\"application\/ld+json\" class=\"yoast-schema-graph\">{\"@context\":\"https:\/\/schema.org\",\"@graph\":[{\"@type\":\"WebPage\",\"@id\":\"https:\/\/www.spottergps.com\/es\/faq\/costos-y-recarga\/transferir-credito\/\",\"url\":\"https:\/\/www.spottergps.com\/es\/faq\/costos-y-recarga\/transferir-credito\/\",\"name\":\"Transferir cr\u00e9dito - Spotter Spain\",\"isPartOf\":{\"@id\":\"https:\/\/www.spottergps.com\/es\/#website\"},\"datePublished\":\"2023-03-29T10:03:50+00:00\",\"dateModified\":\"2024-07-01T12:40:15+00:00\",\"breadcrumb\":{\"@id\":\"https:\/\/www.spottergps.com\/es\/faq\/costos-y-recarga\/transferir-credito\/#breadcrumb\"},\"inLanguage\":\"es-ES\",\"potentialAction\":[{\"@type\":\"ReadAction\",\"target\":[\"https:\/\/www.spottergps.com\/es\/faq\/costos-y-recarga\/transferir-credito\/\"]}]},{\"@type\":\"BreadcrumbList\",\"@id\":\"https:\/\/www.spottergps.com\/es\/faq\/costos-y-recarga\/transferir-credito\/#breadcrumb\",\"itemListElement\":[{\"@type\":\"ListItem\",\"position\":1,\"name\":\"Home\",\"item\":\"https:\/\/www.spottergps.com\/es\/\"},{\"@type\":\"ListItem\",\"position\":2,\"name\":\"\u00bfC\u00f3mo podemos ayudarte?\",\"item\":\"https:\/\/www.spottergps.com\/es\/faq\/\"},{\"@type\":\"ListItem\",\"position\":3,\"name\":\"Costos y Recarga\",\"item\":\"https:\/\/www.spottergps.com\/es\/faq\/costos-y-recarga\/\"},{\"@type\":\"ListItem\",\"position\":4,\"name\":\"Transferir cr\u00e9dito\"}]},{\"@type\":\"WebSite\",\"@id\":\"https:\/\/www.spottergps.com\/es\/#website\",\"url\":\"https:\/\/www.spottergps.com\/es\/\",\"name\":\"Spotter Spain\",\"description\":\"Para todo lo que amas\",\"publisher\":{\"@id\":\"https:\/\/www.spottergps.com\/es\/#organization\"},\"potentialAction\":[{\"@type\":\"SearchAction\",\"target\":{\"@type\":\"EntryPoint\",\"urlTemplate\":\"https:\/\/www.spottergps.com\/es\/?s={search_term_string}\"},\"query-input\":{\"@type\":\"PropertyValueSpecification\",\"valueRequired\":true,\"valueName\":\"search_term_string\"}}],\"inLanguage\":\"es-ES\"},{\"@type\":\"Organization\",\"@id\":\"https:\/\/www.spottergps.com\/es\/#organization\",\"name\":\"Spotter B.V.\",\"url\":\"https:\/\/www.spottergps.com\/es\/\",\"logo\":{\"@type\":\"ImageObject\",\"inLanguage\":\"es-ES\",\"@id\":\"https:\/\/www.spottergps.com\/es\/#\/schema\/logo\/image\/\",\"url\":\"https:\/\/www.spottergps.com\/es\/wp-content\/uploads\/sites\/7\/2023\/09\/Spotter_logo.png\",\"contentUrl\":\"https:\/\/www.spottergps.com\/es\/wp-content\/uploads\/sites\/7\/2023\/09\/Spotter_logo.png\",\"width\":1500,\"height\":696,\"caption\":\"Spotter B.V.\"},\"image\":{\"@id\":\"https:\/\/www.spottergps.com\/es\/#\/schema\/logo\/image\/\"}}]}<\/script>\n<!-- \/ Yoast SEO plugin. -->","yoast_head_json":{"title":"Transferir cr\u00e9dito - Spotter Spain","robots":{"index":"noindex","follow":"nofollow"},"og_locale":"es_ES","og_type":"article","og_title":"Transferir cr\u00e9dito - Spotter Spain","og_description":"\u00bfHa comprado un nuevo Spotter y desea transferir el cr\u00e9dito del antiguo Spotter al nuevo? Luego, tan pronto como haya recibido el nuevo Spotter, puede transmitir el c\u00f3digo de spotter antiguo y nuevo a nuestro servicio de atenci\u00f3n al cliente a trav\u00e9s del formulario de contacto . Ellos pueden transferir el cr\u00e9dito por usted. \u00bfYa [&hellip;]","og_url":"https:\/\/www.spottergps.com\/es\/faq\/costos-y-recarga\/transferir-credito\/","og_site_name":"Spotter Spain","article_modified_time":"2024-07-01T12:40:15+00:00","twitter_card":"summary_large_image","twitter_misc":{"Tiempo de lectura":"1 minute"},"schema":{"@context":"https:\/\/schema.org","@graph":[{"@type":"WebPage","@id":"https:\/\/www.spottergps.com\/es\/faq\/costos-y-recarga\/transferir-credito\/","url":"https:\/\/www.spottergps.com\/es\/faq\/costos-y-recarga\/transferir-credito\/","name":"Transferir cr\u00e9dito - Spotter Spain","isPartOf":{"@id":"https:\/\/www.spottergps.com\/es\/#website"},"datePublished":"2023-03-29T10:03:50+00:00","dateModified":"2024-07-01T12:40:15+00:00","breadcrumb":{"@id":"https:\/\/www.spottergps.com\/es\/faq\/costos-y-recarga\/transferir-credito\/#breadcrumb"},"inLanguage":"es-ES","potentialAction":[{"@type":"ReadAction","target":["https:\/\/www.spottergps.com\/es\/faq\/costos-y-recarga\/transferir-credito\/"]}]},{"@type":"BreadcrumbList","@id":"https:\/\/www.spottergps.com\/es\/faq\/costos-y-recarga\/transferir-credito\/#breadcrumb","itemListElement":[{"@type":"ListItem","position":1,"name":"Home","item":"https:\/\/www.spottergps.com\/es\/"},{"@type":"ListItem","position":2,"name":"\u00bfC\u00f3mo podemos ayudarte?","item":"https:\/\/www.spottergps.com\/es\/faq\/"},{"@type":"ListItem","position":3,"name":"Costos y Recarga","item":"https:\/\/www.spottergps.com\/es\/faq\/costos-y-recarga\/"},{"@type":"ListItem","position":4,"name":"Transferir cr\u00e9dito"}]},{"@type":"WebSite","@id":"https:\/\/www.spottergps.com\/es\/#website","url":"https:\/\/www.spottergps.com\/es\/","name":"Spotter Spain","description":"Para todo lo que amas","publisher":{"@id":"https:\/\/www.spottergps.com\/es\/#organization"},"potentialAction":[{"@type":"SearchAction","target":{"@type":"EntryPoint","urlTemplate":"https:\/\/www.spottergps.com\/es\/?s={search_term_string}"},"query-input":{"@type":"PropertyValueSpecification","valueRequired":true,"valueName":"search_term_string"}}],"inLanguage":"es-ES"},{"@type":"Organization","@id":"https:\/\/www.spottergps.com\/es\/#organization","name":"Spotter B.V.","url":"https:\/\/www.spottergps.com\/es\/","logo":{"@type":"ImageObject","inLanguage":"es-ES","@id":"https:\/\/www.spottergps.com\/es\/#\/schema\/logo\/image\/","url":"https:\/\/www.spottergps.com\/es\/wp-content\/uploads\/sites\/7\/2023\/09\/Spotter_logo.png","contentUrl":"https:\/\/www.spottergps.com\/es\/wp-content\/uploads\/sites\/7\/2023\/09\/Spotter_logo.png","width":1500,"height":696,"caption":"Spotter B.V."},"image":{"@id":"https:\/\/www.spottergps.com\/es\/#\/schema\/logo\/image\/"}}]}},"_links":{"self":[{"href":"https:\/\/www.spottergps.com\/es\/wp-json\/wp\/v2\/pages\/173","targetHints":{"allow":["GET"]}}],"collection":[{"href":"https:\/\/www.spottergps.com\/es\/wp-json\/wp\/v2\/pages"}],"about":[{"href":"https:\/\/www.spottergps.com\/es\/wp-json\/wp\/v2\/types\/page"}],"author":[{"embeddable":true,"href":"https:\/\/www.spottergps.com\/es\/wp-json\/wp\/v2\/users\/10"}],"replies":[{"embeddable":true,"href":"https:\/\/www.spottergps.com\/es\/wp-json\/wp\/v2\/comments?post=173"}],"version-history":[{"count":3,"href":"https:\/\/www.spottergps.com\/es\/wp-json\/wp\/v2\/pages\/173\/revisions"}],"predecessor-version":[{"id":1540,"href":"https:\/\/www.spottergps.com\/es\/wp-json\/wp\/v2\/pages\/173\/revisions\/1540"}],"up":[{"embeddable":true,"href":"https:\/\/www.spottergps.com\/es\/wp-json\/wp\/v2\/pages\/167"}],"wp:attachment":[{"href":"https:\/\/www.spottergps.com\/es\/wp-json\/wp\/v2\/media?parent=173"}],"wp:term":[{"taxonomy":"category","embeddable":true,"href":"https:\/\/www.spottergps.com\/es\/wp-json\/wp\/v2\/categories?post=173"},{"taxonomy":"post_tag","embeddable":true,"href":"https:\/\/www.spottergps.com\/es\/wp-json\/wp\/v2\/tags?post=173"}],"curies":[{"name":"wp","href":"https:\/\/api.w.org\/{rel}","templated":true}]}}