{"id":1729,"date":"2023-12-11T14:46:27","date_gmt":"2023-12-11T14:46:27","guid":{"rendered":"https:\/\/www.spottergps.com\/es\/?page_id=1729"},"modified":"2025-03-28T15:36:30","modified_gmt":"2025-03-28T15:36:30","slug":"gps-para-perros-de-caza","status":"publish","type":"page","link":"https:\/\/www.spottergps.com\/es\/gps-para-perros-de-caza\/","title":{"rendered":"La m\u00e1s peque\u00f1a localizador GPS para perros de caza"},"content":{"rendered":"\n<h2 class=\"wp-block-heading\">Descubre las aventuras de tu perro<\/h2>\n\n\n\n<p>Con el localizador GPS Spotter para perros de caza, puedes seguir todas sus aventuras a trav\u00e9s de tu smartphone. Observa su ubicaci\u00f3n y revisa lo que ha hecho. Configura zonas y recibe notificaciones cuando entre o salga de ellas. O mira a trav\u00e9s del rastreador de actividad para saber cu\u00e1n activo est\u00e1 tu perro de caza. Debido a que este localizador GPS para perros de caza es muy peque\u00f1o (4 cm) y pesa solo 21 gramos, es el gadget ideal para los due\u00f1os de perros de caza.<\/p>\n","protected":false},"excerpt":{"rendered":"<p>Descubre las aventuras de tu perro Con el localizador GPS Spotter para perros de caza, puedes seguir todas sus aventuras a trav\u00e9s de tu smartphone. Observa su ubicaci\u00f3n y revisa lo que ha hecho. Configura zonas y recibe notificaciones cuando entre o salga de ellas. O mira a trav\u00e9s del rastreador de actividad para saber [&hellip;]<\/p>\n","protected":false},"author":8,"featured_media":0,"parent":0,"menu_order":0,"comment_status":"closed","ping_status":"closed","template":"","meta":{"_acf_changed":false,"footnotes":""},"categories":[],"tags":[],"class_list":["post-1729","page","type-page","status-publish","hentry"],"acf":[],"yoast_head":"<!-- This site is optimized with the Yoast SEO plugin v25.9 - https:\/\/yoast.com\/wordpress\/plugins\/seo\/ -->\n<title>La m\u00e1s peque\u00f1a localizador GPS para perros de caza - Spotter Spain<\/title>\n<meta name=\"robots\" content=\"index, follow, max-snippet:-1, max-image-preview:large, max-video-preview:-1\" \/>\n<link rel=\"canonical\" href=\"https:\/\/www.spottergps.com\/es\/gps-para-perros-de-caza\/\" \/>\n<meta property=\"og:locale\" content=\"es_ES\" \/>\n<meta property=\"og:type\" content=\"article\" \/>\n<meta property=\"og:title\" content=\"La m\u00e1s peque\u00f1a localizador GPS para perros de caza - Spotter Spain\" \/>\n<meta property=\"og:description\" content=\"Descubre las aventuras de tu perro Con el localizador GPS Spotter para perros de caza, puedes seguir todas sus aventuras a trav\u00e9s de tu smartphone. Observa su ubicaci\u00f3n y revisa lo que ha hecho. Configura zonas y recibe notificaciones cuando entre o salga de ellas. O mira a trav\u00e9s del rastreador de actividad para saber [&hellip;]\" \/>\n<meta property=\"og:url\" content=\"https:\/\/www.spottergps.com\/es\/gps-para-perros-de-caza\/\" \/>\n<meta property=\"og:site_name\" content=\"Spotter Spain\" \/>\n<meta property=\"article:modified_time\" content=\"2025-03-28T15:36:30+00:00\" \/>\n<meta name=\"twitter:card\" content=\"summary_large_image\" \/>\n<meta name=\"twitter:label1\" content=\"Tiempo de lectura\" \/>\n\t<meta name=\"twitter:data1\" content=\"1 minute\" \/>\n<script type=\"application\/ld+json\" class=\"yoast-schema-graph\">{\"@context\":\"https:\/\/schema.org\",\"@graph\":[{\"@type\":\"WebPage\",\"@id\":\"https:\/\/www.spottergps.com\/es\/gps-para-perros-de-caza\/\",\"url\":\"https:\/\/www.spottergps.com\/es\/gps-para-perros-de-caza\/\",\"name\":\"La m\u00e1s peque\u00f1a localizador GPS para perros de caza - Spotter Spain\",\"isPartOf\":{\"@id\":\"https:\/\/www.spottergps.com\/es\/#website\"},\"datePublished\":\"2023-12-11T14:46:27+00:00\",\"dateModified\":\"2025-03-28T15:36:30+00:00\",\"breadcrumb\":{\"@id\":\"https:\/\/www.spottergps.com\/es\/gps-para-perros-de-caza\/#breadcrumb\"},\"inLanguage\":\"es-ES\",\"potentialAction\":[{\"@type\":\"ReadAction\",\"target\":[\"https:\/\/www.spottergps.com\/es\/gps-para-perros-de-caza\/\"]}]},{\"@type\":\"BreadcrumbList\",\"@id\":\"https:\/\/www.spottergps.com\/es\/gps-para-perros-de-caza\/#breadcrumb\",\"itemListElement\":[{\"@type\":\"ListItem\",\"position\":1,\"name\":\"Home\",\"item\":\"https:\/\/www.spottergps.com\/es\/\"},{\"@type\":\"ListItem\",\"position\":2,\"name\":\"La m\u00e1s peque\u00f1a localizador GPS para perros de caza\"}]},{\"@type\":\"WebSite\",\"@id\":\"https:\/\/www.spottergps.com\/es\/#website\",\"url\":\"https:\/\/www.spottergps.com\/es\/\",\"name\":\"Spotter Spain\",\"description\":\"Para todo lo que amas\",\"publisher\":{\"@id\":\"https:\/\/www.spottergps.com\/es\/#organization\"},\"potentialAction\":[{\"@type\":\"SearchAction\",\"target\":{\"@type\":\"EntryPoint\",\"urlTemplate\":\"https:\/\/www.spottergps.com\/es\/?s={search_term_string}\"},\"query-input\":{\"@type\":\"PropertyValueSpecification\",\"valueRequired\":true,\"valueName\":\"search_term_string\"}}],\"inLanguage\":\"es-ES\"},{\"@type\":\"Organization\",\"@id\":\"https:\/\/www.spottergps.com\/es\/#organization\",\"name\":\"Spotter B.V.\",\"url\":\"https:\/\/www.spottergps.com\/es\/\",\"logo\":{\"@type\":\"ImageObject\",\"inLanguage\":\"es-ES\",\"@id\":\"https:\/\/www.spottergps.com\/es\/#\/schema\/logo\/image\/\",\"url\":\"https:\/\/www.spottergps.com\/es\/wp-content\/uploads\/sites\/7\/2023\/09\/Spotter_logo.png\",\"contentUrl\":\"https:\/\/www.spottergps.com\/es\/wp-content\/uploads\/sites\/7\/2023\/09\/Spotter_logo.png\",\"width\":1500,\"height\":696,\"caption\":\"Spotter B.V.\"},\"image\":{\"@id\":\"https:\/\/www.spottergps.com\/es\/#\/schema\/logo\/image\/\"}}]}<\/script>\n<!-- \/ Yoast SEO plugin. -->","yoast_head_json":{"title":"La m\u00e1s peque\u00f1a localizador GPS para perros de caza - Spotter Spain","robots":{"index":"index","follow":"follow","max-snippet":"max-snippet:-1","max-image-preview":"max-image-preview:large","max-video-preview":"max-video-preview:-1"},"canonical":"https:\/\/www.spottergps.com\/es\/gps-para-perros-de-caza\/","og_locale":"es_ES","og_type":"article","og_title":"La m\u00e1s peque\u00f1a localizador GPS para perros de caza - Spotter Spain","og_description":"Descubre las aventuras de tu perro Con el localizador GPS Spotter para perros de caza, puedes seguir todas sus aventuras a trav\u00e9s de tu smartphone. Observa su ubicaci\u00f3n y revisa lo que ha hecho. Configura zonas y recibe notificaciones cuando entre o salga de ellas. O mira a trav\u00e9s del rastreador de actividad para saber [&hellip;]","og_url":"https:\/\/www.spottergps.com\/es\/gps-para-perros-de-caza\/","og_site_name":"Spotter Spain","article_modified_time":"2025-03-28T15:36:30+00:00","twitter_card":"summary_large_image","twitter_misc":{"Tiempo de lectura":"1 minute"},"schema":{"@context":"https:\/\/schema.org","@graph":[{"@type":"WebPage","@id":"https:\/\/www.spottergps.com\/es\/gps-para-perros-de-caza\/","url":"https:\/\/www.spottergps.com\/es\/gps-para-perros-de-caza\/","name":"La m\u00e1s peque\u00f1a localizador GPS para perros de caza - Spotter Spain","isPartOf":{"@id":"https:\/\/www.spottergps.com\/es\/#website"},"datePublished":"2023-12-11T14:46:27+00:00","dateModified":"2025-03-28T15:36:30+00:00","breadcrumb":{"@id":"https:\/\/www.spottergps.com\/es\/gps-para-perros-de-caza\/#breadcrumb"},"inLanguage":"es-ES","potentialAction":[{"@type":"ReadAction","target":["https:\/\/www.spottergps.com\/es\/gps-para-perros-de-caza\/"]}]},{"@type":"BreadcrumbList","@id":"https:\/\/www.spottergps.com\/es\/gps-para-perros-de-caza\/#breadcrumb","itemListElement":[{"@type":"ListItem","position":1,"name":"Home","item":"https:\/\/www.spottergps.com\/es\/"},{"@type":"ListItem","position":2,"name":"La m\u00e1s peque\u00f1a localizador GPS para perros de caza"}]},{"@type":"WebSite","@id":"https:\/\/www.spottergps.com\/es\/#website","url":"https:\/\/www.spottergps.com\/es\/","name":"Spotter Spain","description":"Para todo lo que amas","publisher":{"@id":"https:\/\/www.spottergps.com\/es\/#organization"},"potentialAction":[{"@type":"SearchAction","target":{"@type":"EntryPoint","urlTemplate":"https:\/\/www.spottergps.com\/es\/?s={search_term_string}"},"query-input":{"@type":"PropertyValueSpecification","valueRequired":true,"valueName":"search_term_string"}}],"inLanguage":"es-ES"},{"@type":"Organization","@id":"https:\/\/www.spottergps.com\/es\/#organization","name":"Spotter B.V.","url":"https:\/\/www.spottergps.com\/es\/","logo":{"@type":"ImageObject","inLanguage":"es-ES","@id":"https:\/\/www.spottergps.com\/es\/#\/schema\/logo\/image\/","url":"https:\/\/www.spottergps.com\/es\/wp-content\/uploads\/sites\/7\/2023\/09\/Spotter_logo.png","contentUrl":"https:\/\/www.spottergps.com\/es\/wp-content\/uploads\/sites\/7\/2023\/09\/Spotter_logo.png","width":1500,"height":696,"caption":"Spotter B.V."},"image":{"@id":"https:\/\/www.spottergps.com\/es\/#\/schema\/logo\/image\/"}}]}},"_links":{"self":[{"href":"https:\/\/www.spottergps.com\/es\/wp-json\/wp\/v2\/pages\/1729","targetHints":{"allow":["GET"]}}],"collection":[{"href":"https:\/\/www.spottergps.com\/es\/wp-json\/wp\/v2\/pages"}],"about":[{"href":"https:\/\/www.spottergps.com\/es\/wp-json\/wp\/v2\/types\/page"}],"author":[{"embeddable":true,"href":"https:\/\/www.spottergps.com\/es\/wp-json\/wp\/v2\/users\/8"}],"replies":[{"embeddable":true,"href":"https:\/\/www.spottergps.com\/es\/wp-json\/wp\/v2\/comments?post=1729"}],"version-history":[{"count":22,"href":"https:\/\/www.spottergps.com\/es\/wp-json\/wp\/v2\/pages\/1729\/revisions"}],"predecessor-version":[{"id":2216,"href":"https:\/\/www.spottergps.com\/es\/wp-json\/wp\/v2\/pages\/1729\/revisions\/2216"}],"wp:attachment":[{"href":"https:\/\/www.spottergps.com\/es\/wp-json\/wp\/v2\/media?parent=1729"}],"wp:term":[{"taxonomy":"category","embeddable":true,"href":"https:\/\/www.spottergps.com\/es\/wp-json\/wp\/v2\/categories?post=1729"},{"taxonomy":"post_tag","embeddable":true,"href":"https:\/\/www.spottergps.com\/es\/wp-json\/wp\/v2\/tags?post=1729"}],"curies":[{"name":"wp","href":"https:\/\/api.w.org\/{rel}","templated":true}]}}