{"id":1693,"date":"2023-12-06T12:18:44","date_gmt":"2023-12-06T12:18:44","guid":{"rendered":"https:\/\/www.spottergps.com\/es\/?page_id=1693"},"modified":"2025-09-29T12:30:56","modified_gmt":"2025-09-29T12:30:56","slug":"reloj-localizador-personas-mayores","status":"publish","type":"page","link":"https:\/\/www.spottergps.com\/es\/reloj-localizador-personas-mayores\/","title":{"rendered":"Reloj localizador para personas mayores"},"content":{"rendered":"\n<h2 class=\"wp-block-heading\">Para tranquilidad de personas mayores y sus seres queridos<\/h2>\n\n\n\n<p>Con el reloj de alarma para personas mayores Spotter\u00ae, usted sabr\u00e1 de inmediato si su padre, madre, pareja o cliente necesita ayuda. El reloj Spotter es utilizado diariamente por muchos adultos mayores, incluso en casos de Alzheimer y demencia. Tambi\u00e9n se utiliza dentro de instituciones de atenci\u00f3n m\u00e9dica para los pacientes. \u00bfQuiere saber c\u00f3mo funciona el reloj Spotter para personas mayores? Con gusto le proporcionaremos m\u00e1s informaci\u00f3n.<\/p>\n\n\n\n<p><\/p>\n","protected":false},"excerpt":{"rendered":"<p>Para tranquilidad de personas mayores y sus seres queridos Con el reloj de alarma para personas mayores Spotter\u00ae, usted sabr\u00e1 de inmediato si su padre, madre, pareja o cliente necesita ayuda. El reloj Spotter es utilizado diariamente por muchos adultos mayores, incluso en casos de Alzheimer y demencia. Tambi\u00e9n se utiliza dentro de instituciones de [&hellip;]<\/p>\n","protected":false},"author":8,"featured_media":1706,"parent":0,"menu_order":0,"comment_status":"closed","ping_status":"closed","template":"","meta":{"_acf_changed":false,"footnotes":""},"categories":[],"tags":[],"class_list":["post-1693","page","type-page","status-publish","has-post-thumbnail","hentry"],"acf":[],"yoast_head":"<!-- This site is optimized with the Yoast SEO plugin v25.9 - https:\/\/yoast.com\/wordpress\/plugins\/seo\/ -->\n<title>Reloj de alarma para personas mayores de Spotter\u00ae | Con bot\u00f3n SOS<\/title>\n<meta name=\"description\" content=\"Con el reloj de alarma para personas mayores de, sabr\u00e1s de inmediato si tu padre, madre o cliente necesita ayuda. \u00a1Sin suscripci\u00f3n y calificado con un 8,3!\" \/>\n<meta name=\"robots\" content=\"index, follow, max-snippet:-1, max-image-preview:large, max-video-preview:-1\" \/>\n<link rel=\"canonical\" href=\"https:\/\/www.spottergps.com\/es\/reloj-localizador-personas-mayores\/\" \/>\n<meta property=\"og:locale\" content=\"es_ES\" \/>\n<meta property=\"og:type\" content=\"article\" \/>\n<meta property=\"og:title\" content=\"Reloj de alarma para personas mayores de Spotter\u00ae | Con bot\u00f3n SOS\" \/>\n<meta property=\"og:description\" content=\"Con el reloj de alarma para personas mayores de, sabr\u00e1s de inmediato si tu padre, madre o cliente necesita ayuda. \u00a1Sin suscripci\u00f3n y calificado con un 8,3!\" \/>\n<meta property=\"og:url\" content=\"https:\/\/www.spottergps.com\/es\/reloj-localizador-personas-mayores\/\" \/>\n<meta property=\"og:site_name\" content=\"Spotter Spain\" \/>\n<meta property=\"article:modified_time\" content=\"2025-09-29T12:30:56+00:00\" \/>\n<meta property=\"og:image\" content=\"https:\/\/www.spottergps.com\/es\/wp-content\/uploads\/sites\/7\/2023\/12\/Reloj-localizador-para-personas-mayores-Spotter.jpg\" \/>\n\t<meta property=\"og:image:width\" content=\"560\" \/>\n\t<meta property=\"og:image:height\" content=\"560\" \/>\n\t<meta property=\"og:image:type\" content=\"image\/jpeg\" \/>\n<meta name=\"twitter:card\" content=\"summary_large_image\" \/>\n<meta name=\"twitter:label1\" content=\"Tiempo de lectura\" \/>\n\t<meta name=\"twitter:data1\" content=\"1 minute\" \/>\n<script type=\"application\/ld+json\" class=\"yoast-schema-graph\">{\"@context\":\"https:\/\/schema.org\",\"@graph\":[{\"@type\":\"WebPage\",\"@id\":\"https:\/\/www.spottergps.com\/es\/reloj-localizador-personas-mayores\/\",\"url\":\"https:\/\/www.spottergps.com\/es\/reloj-localizador-personas-mayores\/\",\"name\":\"Reloj de alarma para personas mayores de Spotter\u00ae | Con bot\u00f3n SOS\",\"isPartOf\":{\"@id\":\"https:\/\/www.spottergps.com\/es\/#website\"},\"primaryImageOfPage\":{\"@id\":\"https:\/\/www.spottergps.com\/es\/reloj-localizador-personas-mayores\/#primaryimage\"},\"image\":{\"@id\":\"https:\/\/www.spottergps.com\/es\/reloj-localizador-personas-mayores\/#primaryimage\"},\"thumbnailUrl\":\"https:\/\/www.spottergps.com\/es\/wp-content\/uploads\/sites\/7\/2023\/12\/Reloj-localizador-para-personas-mayores-Spotter.jpg\",\"datePublished\":\"2023-12-06T12:18:44+00:00\",\"dateModified\":\"2025-09-29T12:30:56+00:00\",\"description\":\"Con el reloj de alarma para personas mayores de, sabr\u00e1s de inmediato si tu padre, madre o cliente necesita ayuda. \u00a1Sin suscripci\u00f3n y calificado con un 8,3!\",\"breadcrumb\":{\"@id\":\"https:\/\/www.spottergps.com\/es\/reloj-localizador-personas-mayores\/#breadcrumb\"},\"inLanguage\":\"es-ES\",\"potentialAction\":[{\"@type\":\"ReadAction\",\"target\":[\"https:\/\/www.spottergps.com\/es\/reloj-localizador-personas-mayores\/\"]}]},{\"@type\":\"ImageObject\",\"inLanguage\":\"es-ES\",\"@id\":\"https:\/\/www.spottergps.com\/es\/reloj-localizador-personas-mayores\/#primaryimage\",\"url\":\"https:\/\/www.spottergps.com\/es\/wp-content\/uploads\/sites\/7\/2023\/12\/Reloj-localizador-para-personas-mayores-Spotter.jpg\",\"contentUrl\":\"https:\/\/www.spottergps.com\/es\/wp-content\/uploads\/sites\/7\/2023\/12\/Reloj-localizador-para-personas-mayores-Spotter.jpg\",\"width\":560,\"height\":560,\"caption\":\"Reloj localizador para personas mayores - Spotter\"},{\"@type\":\"BreadcrumbList\",\"@id\":\"https:\/\/www.spottergps.com\/es\/reloj-localizador-personas-mayores\/#breadcrumb\",\"itemListElement\":[{\"@type\":\"ListItem\",\"position\":1,\"name\":\"Home\",\"item\":\"https:\/\/www.spottergps.com\/es\/\"},{\"@type\":\"ListItem\",\"position\":2,\"name\":\"Reloj localizador para personas mayores\"}]},{\"@type\":\"WebSite\",\"@id\":\"https:\/\/www.spottergps.com\/es\/#website\",\"url\":\"https:\/\/www.spottergps.com\/es\/\",\"name\":\"Spotter Spain\",\"description\":\"Para todo lo que amas\",\"publisher\":{\"@id\":\"https:\/\/www.spottergps.com\/es\/#organization\"},\"potentialAction\":[{\"@type\":\"SearchAction\",\"target\":{\"@type\":\"EntryPoint\",\"urlTemplate\":\"https:\/\/www.spottergps.com\/es\/?s={search_term_string}\"},\"query-input\":{\"@type\":\"PropertyValueSpecification\",\"valueRequired\":true,\"valueName\":\"search_term_string\"}}],\"inLanguage\":\"es-ES\"},{\"@type\":\"Organization\",\"@id\":\"https:\/\/www.spottergps.com\/es\/#organization\",\"name\":\"Spotter B.V.\",\"url\":\"https:\/\/www.spottergps.com\/es\/\",\"logo\":{\"@type\":\"ImageObject\",\"inLanguage\":\"es-ES\",\"@id\":\"https:\/\/www.spottergps.com\/es\/#\/schema\/logo\/image\/\",\"url\":\"https:\/\/www.spottergps.com\/es\/wp-content\/uploads\/sites\/7\/2023\/09\/Spotter_logo.png\",\"contentUrl\":\"https:\/\/www.spottergps.com\/es\/wp-content\/uploads\/sites\/7\/2023\/09\/Spotter_logo.png\",\"width\":1500,\"height\":696,\"caption\":\"Spotter B.V.\"},\"image\":{\"@id\":\"https:\/\/www.spottergps.com\/es\/#\/schema\/logo\/image\/\"}}]}<\/script>\n<!-- \/ Yoast SEO plugin. -->","yoast_head_json":{"title":"Reloj de alarma para personas mayores de Spotter\u00ae | Con bot\u00f3n SOS","description":"Con el reloj de alarma para personas mayores de, sabr\u00e1s de inmediato si tu padre, madre o cliente necesita ayuda. \u00a1Sin suscripci\u00f3n y calificado con un 8,3!","robots":{"index":"index","follow":"follow","max-snippet":"max-snippet:-1","max-image-preview":"max-image-preview:large","max-video-preview":"max-video-preview:-1"},"canonical":"https:\/\/www.spottergps.com\/es\/reloj-localizador-personas-mayores\/","og_locale":"es_ES","og_type":"article","og_title":"Reloj de alarma para personas mayores de Spotter\u00ae | Con bot\u00f3n SOS","og_description":"Con el reloj de alarma para personas mayores de, sabr\u00e1s de inmediato si tu padre, madre o cliente necesita ayuda. \u00a1Sin suscripci\u00f3n y calificado con un 8,3!","og_url":"https:\/\/www.spottergps.com\/es\/reloj-localizador-personas-mayores\/","og_site_name":"Spotter Spain","article_modified_time":"2025-09-29T12:30:56+00:00","og_image":[{"width":560,"height":560,"url":"https:\/\/www.spottergps.com\/es\/wp-content\/uploads\/sites\/7\/2023\/12\/Reloj-localizador-para-personas-mayores-Spotter.jpg","type":"image\/jpeg"}],"twitter_card":"summary_large_image","twitter_misc":{"Tiempo de lectura":"1 minute"},"schema":{"@context":"https:\/\/schema.org","@graph":[{"@type":"WebPage","@id":"https:\/\/www.spottergps.com\/es\/reloj-localizador-personas-mayores\/","url":"https:\/\/www.spottergps.com\/es\/reloj-localizador-personas-mayores\/","name":"Reloj de alarma para personas mayores de Spotter\u00ae | Con bot\u00f3n SOS","isPartOf":{"@id":"https:\/\/www.spottergps.com\/es\/#website"},"primaryImageOfPage":{"@id":"https:\/\/www.spottergps.com\/es\/reloj-localizador-personas-mayores\/#primaryimage"},"image":{"@id":"https:\/\/www.spottergps.com\/es\/reloj-localizador-personas-mayores\/#primaryimage"},"thumbnailUrl":"https:\/\/www.spottergps.com\/es\/wp-content\/uploads\/sites\/7\/2023\/12\/Reloj-localizador-para-personas-mayores-Spotter.jpg","datePublished":"2023-12-06T12:18:44+00:00","dateModified":"2025-09-29T12:30:56+00:00","description":"Con el reloj de alarma para personas mayores de, sabr\u00e1s de inmediato si tu padre, madre o cliente necesita ayuda. \u00a1Sin suscripci\u00f3n y calificado con un 8,3!","breadcrumb":{"@id":"https:\/\/www.spottergps.com\/es\/reloj-localizador-personas-mayores\/#breadcrumb"},"inLanguage":"es-ES","potentialAction":[{"@type":"ReadAction","target":["https:\/\/www.spottergps.com\/es\/reloj-localizador-personas-mayores\/"]}]},{"@type":"ImageObject","inLanguage":"es-ES","@id":"https:\/\/www.spottergps.com\/es\/reloj-localizador-personas-mayores\/#primaryimage","url":"https:\/\/www.spottergps.com\/es\/wp-content\/uploads\/sites\/7\/2023\/12\/Reloj-localizador-para-personas-mayores-Spotter.jpg","contentUrl":"https:\/\/www.spottergps.com\/es\/wp-content\/uploads\/sites\/7\/2023\/12\/Reloj-localizador-para-personas-mayores-Spotter.jpg","width":560,"height":560,"caption":"Reloj localizador para personas mayores - Spotter"},{"@type":"BreadcrumbList","@id":"https:\/\/www.spottergps.com\/es\/reloj-localizador-personas-mayores\/#breadcrumb","itemListElement":[{"@type":"ListItem","position":1,"name":"Home","item":"https:\/\/www.spottergps.com\/es\/"},{"@type":"ListItem","position":2,"name":"Reloj localizador para personas mayores"}]},{"@type":"WebSite","@id":"https:\/\/www.spottergps.com\/es\/#website","url":"https:\/\/www.spottergps.com\/es\/","name":"Spotter Spain","description":"Para todo lo que amas","publisher":{"@id":"https:\/\/www.spottergps.com\/es\/#organization"},"potentialAction":[{"@type":"SearchAction","target":{"@type":"EntryPoint","urlTemplate":"https:\/\/www.spottergps.com\/es\/?s={search_term_string}"},"query-input":{"@type":"PropertyValueSpecification","valueRequired":true,"valueName":"search_term_string"}}],"inLanguage":"es-ES"},{"@type":"Organization","@id":"https:\/\/www.spottergps.com\/es\/#organization","name":"Spotter B.V.","url":"https:\/\/www.spottergps.com\/es\/","logo":{"@type":"ImageObject","inLanguage":"es-ES","@id":"https:\/\/www.spottergps.com\/es\/#\/schema\/logo\/image\/","url":"https:\/\/www.spottergps.com\/es\/wp-content\/uploads\/sites\/7\/2023\/09\/Spotter_logo.png","contentUrl":"https:\/\/www.spottergps.com\/es\/wp-content\/uploads\/sites\/7\/2023\/09\/Spotter_logo.png","width":1500,"height":696,"caption":"Spotter B.V."},"image":{"@id":"https:\/\/www.spottergps.com\/es\/#\/schema\/logo\/image\/"}}]}},"_links":{"self":[{"href":"https:\/\/www.spottergps.com\/es\/wp-json\/wp\/v2\/pages\/1693","targetHints":{"allow":["GET"]}}],"collection":[{"href":"https:\/\/www.spottergps.com\/es\/wp-json\/wp\/v2\/pages"}],"about":[{"href":"https:\/\/www.spottergps.com\/es\/wp-json\/wp\/v2\/types\/page"}],"author":[{"embeddable":true,"href":"https:\/\/www.spottergps.com\/es\/wp-json\/wp\/v2\/users\/8"}],"replies":[{"embeddable":true,"href":"https:\/\/www.spottergps.com\/es\/wp-json\/wp\/v2\/comments?post=1693"}],"version-history":[{"count":24,"href":"https:\/\/www.spottergps.com\/es\/wp-json\/wp\/v2\/pages\/1693\/revisions"}],"predecessor-version":[{"id":2282,"href":"https:\/\/www.spottergps.com\/es\/wp-json\/wp\/v2\/pages\/1693\/revisions\/2282"}],"wp:featuredmedia":[{"embeddable":true,"href":"https:\/\/www.spottergps.com\/es\/wp-json\/wp\/v2\/media\/1706"}],"wp:attachment":[{"href":"https:\/\/www.spottergps.com\/es\/wp-json\/wp\/v2\/media?parent=1693"}],"wp:term":[{"taxonomy":"category","embeddable":true,"href":"https:\/\/www.spottergps.com\/es\/wp-json\/wp\/v2\/categories?post=1693"},{"taxonomy":"post_tag","embeddable":true,"href":"https:\/\/www.spottergps.com\/es\/wp-json\/wp\/v2\/tags?post=1693"}],"curies":[{"name":"wp","href":"https:\/\/api.w.org\/{rel}","templated":true}]}}