{"id":169,"date":"2023-03-29T10:01:50","date_gmt":"2023-03-29T10:01:50","guid":{"rendered":"https:\/\/www.spottergps.com\/es\/?page_id=169"},"modified":"2025-01-24T13:34:57","modified_gmt":"2025-01-24T13:34:57","slug":"como-funciona-el-credito-prepago","status":"publish","type":"page","link":"https:\/\/www.spottergps.com\/es\/faq\/costos-y-recarga\/como-funciona-el-credito-prepago\/","title":{"rendered":"C\u00f3mo funciona el cr\u00e9dito prepago?"},"content":{"rendered":"\n<p><a href=\"https:\/\/www.youtube.com\/embed\/ZLYrYvc2OEc?si=3Hssr4_OblWJBhwc\">En este video explicamos exactamente c\u00f3mo funciona.<\/a><br><br>No est\u00e1 atado a contratos o costos de suscripci\u00f3n. Como est\u00e1ndar, cada producto est\u00e1 equipado con una tarjeta SIM segura integrada que funciona con un cr\u00e9dito prepago. As\u00ed que no tienes que comprar una tarjeta SIM t\u00fa mismo.<br><br>Nuestros productos utilizan <a href=\"https:\/\/www.spottergps.com\/werking\/prepaid-gebruik\/\">cr\u00e9dito prepago <\/a>. Actualiza el Spotter cuando desea utilizar el Spotter. Puede elegir entre 3, 6, 12 o 24 meses de cr\u00e9dito. Dentro de este per\u00edodo puede hacer un uso ilimitado de todas las funciones.<\/p>\n","protected":false},"excerpt":{"rendered":"<p>En este video explicamos exactamente c\u00f3mo funciona. No est\u00e1 atado a contratos o costos de suscripci\u00f3n. Como est\u00e1ndar, cada producto est\u00e1 equipado con una tarjeta SIM segura integrada que funciona con un cr\u00e9dito prepago. As\u00ed que no tienes que comprar una tarjeta SIM t\u00fa mismo. Nuestros productos utilizan cr\u00e9dito prepago . Actualiza el Spotter cuando [&hellip;]<\/p>\n","protected":false},"author":10,"featured_media":0,"parent":167,"menu_order":0,"comment_status":"closed","ping_status":"closed","template":"faq-content.php","meta":{"_acf_changed":false,"footnotes":""},"categories":[2],"tags":[],"class_list":["post-169","page","type-page","status-publish","hentry","category-faq"],"acf":[],"yoast_head":"<!-- This site is optimized with the Yoast SEO plugin v25.9 - https:\/\/yoast.com\/wordpress\/plugins\/seo\/ -->\n<title>C\u00f3mo funciona el cr\u00e9dito prepago? - Spotter Spain<\/title>\n<meta name=\"robots\" content=\"noindex, nofollow\" \/>\n<meta property=\"og:locale\" content=\"es_ES\" \/>\n<meta property=\"og:type\" content=\"article\" \/>\n<meta property=\"og:title\" content=\"C\u00f3mo funciona el cr\u00e9dito prepago? - Spotter Spain\" \/>\n<meta property=\"og:description\" content=\"En este video explicamos exactamente c\u00f3mo funciona. No est\u00e1 atado a contratos o costos de suscripci\u00f3n. Como est\u00e1ndar, cada producto est\u00e1 equipado con una tarjeta SIM segura integrada que funciona con un cr\u00e9dito prepago. As\u00ed que no tienes que comprar una tarjeta SIM t\u00fa mismo. Nuestros productos utilizan cr\u00e9dito prepago . Actualiza el Spotter cuando [&hellip;]\" \/>\n<meta property=\"og:url\" content=\"https:\/\/www.spottergps.com\/es\/faq\/costos-y-recarga\/como-funciona-el-credito-prepago\/\" \/>\n<meta property=\"og:site_name\" content=\"Spotter Spain\" \/>\n<meta property=\"article:modified_time\" content=\"2025-01-24T13:34:57+00:00\" \/>\n<meta name=\"twitter:card\" content=\"summary_large_image\" \/>\n<meta name=\"twitter:label1\" content=\"Tiempo de lectura\" \/>\n\t<meta name=\"twitter:data1\" content=\"1 minute\" \/>\n<script type=\"application\/ld+json\" class=\"yoast-schema-graph\">{\"@context\":\"https:\/\/schema.org\",\"@graph\":[{\"@type\":\"WebPage\",\"@id\":\"https:\/\/www.spottergps.com\/es\/faq\/costos-y-recarga\/como-funciona-el-credito-prepago\/\",\"url\":\"https:\/\/www.spottergps.com\/es\/faq\/costos-y-recarga\/como-funciona-el-credito-prepago\/\",\"name\":\"C\u00f3mo funciona el cr\u00e9dito prepago? - Spotter Spain\",\"isPartOf\":{\"@id\":\"https:\/\/www.spottergps.com\/es\/#website\"},\"datePublished\":\"2023-03-29T10:01:50+00:00\",\"dateModified\":\"2025-01-24T13:34:57+00:00\",\"breadcrumb\":{\"@id\":\"https:\/\/www.spottergps.com\/es\/faq\/costos-y-recarga\/como-funciona-el-credito-prepago\/#breadcrumb\"},\"inLanguage\":\"es-ES\",\"potentialAction\":[{\"@type\":\"ReadAction\",\"target\":[\"https:\/\/www.spottergps.com\/es\/faq\/costos-y-recarga\/como-funciona-el-credito-prepago\/\"]}]},{\"@type\":\"BreadcrumbList\",\"@id\":\"https:\/\/www.spottergps.com\/es\/faq\/costos-y-recarga\/como-funciona-el-credito-prepago\/#breadcrumb\",\"itemListElement\":[{\"@type\":\"ListItem\",\"position\":1,\"name\":\"Home\",\"item\":\"https:\/\/www.spottergps.com\/es\/\"},{\"@type\":\"ListItem\",\"position\":2,\"name\":\"\u00bfC\u00f3mo podemos ayudarte?\",\"item\":\"https:\/\/www.spottergps.com\/es\/faq\/\"},{\"@type\":\"ListItem\",\"position\":3,\"name\":\"Costos y Recarga\",\"item\":\"https:\/\/www.spottergps.com\/es\/faq\/costos-y-recarga\/\"},{\"@type\":\"ListItem\",\"position\":4,\"name\":\"C\u00f3mo funciona el cr\u00e9dito prepago?\"}]},{\"@type\":\"WebSite\",\"@id\":\"https:\/\/www.spottergps.com\/es\/#website\",\"url\":\"https:\/\/www.spottergps.com\/es\/\",\"name\":\"Spotter Spain\",\"description\":\"Para todo lo que amas\",\"publisher\":{\"@id\":\"https:\/\/www.spottergps.com\/es\/#organization\"},\"potentialAction\":[{\"@type\":\"SearchAction\",\"target\":{\"@type\":\"EntryPoint\",\"urlTemplate\":\"https:\/\/www.spottergps.com\/es\/?s={search_term_string}\"},\"query-input\":{\"@type\":\"PropertyValueSpecification\",\"valueRequired\":true,\"valueName\":\"search_term_string\"}}],\"inLanguage\":\"es-ES\"},{\"@type\":\"Organization\",\"@id\":\"https:\/\/www.spottergps.com\/es\/#organization\",\"name\":\"Spotter B.V.\",\"url\":\"https:\/\/www.spottergps.com\/es\/\",\"logo\":{\"@type\":\"ImageObject\",\"inLanguage\":\"es-ES\",\"@id\":\"https:\/\/www.spottergps.com\/es\/#\/schema\/logo\/image\/\",\"url\":\"https:\/\/www.spottergps.com\/es\/wp-content\/uploads\/sites\/7\/2023\/09\/Spotter_logo.png\",\"contentUrl\":\"https:\/\/www.spottergps.com\/es\/wp-content\/uploads\/sites\/7\/2023\/09\/Spotter_logo.png\",\"width\":1500,\"height\":696,\"caption\":\"Spotter B.V.\"},\"image\":{\"@id\":\"https:\/\/www.spottergps.com\/es\/#\/schema\/logo\/image\/\"}}]}<\/script>\n<!-- \/ Yoast SEO plugin. -->","yoast_head_json":{"title":"C\u00f3mo funciona el cr\u00e9dito prepago? - Spotter Spain","robots":{"index":"noindex","follow":"nofollow"},"og_locale":"es_ES","og_type":"article","og_title":"C\u00f3mo funciona el cr\u00e9dito prepago? - Spotter Spain","og_description":"En este video explicamos exactamente c\u00f3mo funciona. No est\u00e1 atado a contratos o costos de suscripci\u00f3n. Como est\u00e1ndar, cada producto est\u00e1 equipado con una tarjeta SIM segura integrada que funciona con un cr\u00e9dito prepago. As\u00ed que no tienes que comprar una tarjeta SIM t\u00fa mismo. Nuestros productos utilizan cr\u00e9dito prepago . Actualiza el Spotter cuando [&hellip;]","og_url":"https:\/\/www.spottergps.com\/es\/faq\/costos-y-recarga\/como-funciona-el-credito-prepago\/","og_site_name":"Spotter Spain","article_modified_time":"2025-01-24T13:34:57+00:00","twitter_card":"summary_large_image","twitter_misc":{"Tiempo de lectura":"1 minute"},"schema":{"@context":"https:\/\/schema.org","@graph":[{"@type":"WebPage","@id":"https:\/\/www.spottergps.com\/es\/faq\/costos-y-recarga\/como-funciona-el-credito-prepago\/","url":"https:\/\/www.spottergps.com\/es\/faq\/costos-y-recarga\/como-funciona-el-credito-prepago\/","name":"C\u00f3mo funciona el cr\u00e9dito prepago? - Spotter Spain","isPartOf":{"@id":"https:\/\/www.spottergps.com\/es\/#website"},"datePublished":"2023-03-29T10:01:50+00:00","dateModified":"2025-01-24T13:34:57+00:00","breadcrumb":{"@id":"https:\/\/www.spottergps.com\/es\/faq\/costos-y-recarga\/como-funciona-el-credito-prepago\/#breadcrumb"},"inLanguage":"es-ES","potentialAction":[{"@type":"ReadAction","target":["https:\/\/www.spottergps.com\/es\/faq\/costos-y-recarga\/como-funciona-el-credito-prepago\/"]}]},{"@type":"BreadcrumbList","@id":"https:\/\/www.spottergps.com\/es\/faq\/costos-y-recarga\/como-funciona-el-credito-prepago\/#breadcrumb","itemListElement":[{"@type":"ListItem","position":1,"name":"Home","item":"https:\/\/www.spottergps.com\/es\/"},{"@type":"ListItem","position":2,"name":"\u00bfC\u00f3mo podemos ayudarte?","item":"https:\/\/www.spottergps.com\/es\/faq\/"},{"@type":"ListItem","position":3,"name":"Costos y Recarga","item":"https:\/\/www.spottergps.com\/es\/faq\/costos-y-recarga\/"},{"@type":"ListItem","position":4,"name":"C\u00f3mo funciona el cr\u00e9dito prepago?"}]},{"@type":"WebSite","@id":"https:\/\/www.spottergps.com\/es\/#website","url":"https:\/\/www.spottergps.com\/es\/","name":"Spotter Spain","description":"Para todo lo que amas","publisher":{"@id":"https:\/\/www.spottergps.com\/es\/#organization"},"potentialAction":[{"@type":"SearchAction","target":{"@type":"EntryPoint","urlTemplate":"https:\/\/www.spottergps.com\/es\/?s={search_term_string}"},"query-input":{"@type":"PropertyValueSpecification","valueRequired":true,"valueName":"search_term_string"}}],"inLanguage":"es-ES"},{"@type":"Organization","@id":"https:\/\/www.spottergps.com\/es\/#organization","name":"Spotter B.V.","url":"https:\/\/www.spottergps.com\/es\/","logo":{"@type":"ImageObject","inLanguage":"es-ES","@id":"https:\/\/www.spottergps.com\/es\/#\/schema\/logo\/image\/","url":"https:\/\/www.spottergps.com\/es\/wp-content\/uploads\/sites\/7\/2023\/09\/Spotter_logo.png","contentUrl":"https:\/\/www.spottergps.com\/es\/wp-content\/uploads\/sites\/7\/2023\/09\/Spotter_logo.png","width":1500,"height":696,"caption":"Spotter B.V."},"image":{"@id":"https:\/\/www.spottergps.com\/es\/#\/schema\/logo\/image\/"}}]}},"_links":{"self":[{"href":"https:\/\/www.spottergps.com\/es\/wp-json\/wp\/v2\/pages\/169","targetHints":{"allow":["GET"]}}],"collection":[{"href":"https:\/\/www.spottergps.com\/es\/wp-json\/wp\/v2\/pages"}],"about":[{"href":"https:\/\/www.spottergps.com\/es\/wp-json\/wp\/v2\/types\/page"}],"author":[{"embeddable":true,"href":"https:\/\/www.spottergps.com\/es\/wp-json\/wp\/v2\/users\/10"}],"replies":[{"embeddable":true,"href":"https:\/\/www.spottergps.com\/es\/wp-json\/wp\/v2\/comments?post=169"}],"version-history":[{"count":5,"href":"https:\/\/www.spottergps.com\/es\/wp-json\/wp\/v2\/pages\/169\/revisions"}],"predecessor-version":[{"id":2120,"href":"https:\/\/www.spottergps.com\/es\/wp-json\/wp\/v2\/pages\/169\/revisions\/2120"}],"up":[{"embeddable":true,"href":"https:\/\/www.spottergps.com\/es\/wp-json\/wp\/v2\/pages\/167"}],"wp:attachment":[{"href":"https:\/\/www.spottergps.com\/es\/wp-json\/wp\/v2\/media?parent=169"}],"wp:term":[{"taxonomy":"category","embeddable":true,"href":"https:\/\/www.spottergps.com\/es\/wp-json\/wp\/v2\/categories?post=169"},{"taxonomy":"post_tag","embeddable":true,"href":"https:\/\/www.spottergps.com\/es\/wp-json\/wp\/v2\/tags?post=169"}],"curies":[{"name":"wp","href":"https:\/\/api.w.org\/{rel}","templated":true}]}}