{"id":163,"date":"2023-03-29T09:58:43","date_gmt":"2023-03-29T09:58:43","guid":{"rendered":"https:\/\/www.spottergps.com\/es\/?page_id=163"},"modified":"2024-07-01T12:17:35","modified_gmt":"2024-07-01T12:17:35","slug":"que-es-un-mago","status":"publish","type":"page","link":"https:\/\/www.spottergps.com\/es\/faq\/descargar-e-instalar\/que-es-un-mago\/","title":{"rendered":"\u00bfQu\u00e9 es un mago?"},"content":{"rendered":"\n<p>Un asistente le ayuda como usuario a comprobar el funcionamiento de un Spotter. El asistente comprueba la configuraci\u00f3n b\u00e1sica junto con el alcance de GPS y GPRS.<br><br><strong>Esto iniciar\u00e1 el asistente de instalaci\u00f3n.<\/strong><\/p>\n\n\n\n<ul class=\"wp-block-list\">\n<li><a href=\"https:\/\/my.spottergps.com\/Account\/Register\">Cree una cuenta aqu\u00ed <\/a>si a\u00fan no ha creado una.<\/li>\n\n\n\n<li>Inicie sesi\u00f3n en la cuenta.<\/li>\n\n\n\n<li>Aparece una pantalla que le solicita que ingrese el c\u00f3digo de Spotter. Si ya tiene una cuenta, vaya a &#8220;Agregar Spotter&#8221; en el men\u00fa.<\/li>\n\n\n\n<li>Aqu\u00ed ingresa el c\u00f3digo Spotter de 12 letras que se encuentra en la tarjeta en el paquete.<\/li>\n\n\n\n<li>Usted elige para qu\u00e9 va a utilizar el Spotter (elija una imagen).<\/li>\n\n\n\n<li>Introduzca el nombre del observador (por ejemplo, Alice).<\/li>\n\n\n\n<li>Elige un color que ver\u00e1s m\u00e1s adelante en el mapa.<\/li>\n\n\n\n<li>\u00bfTambi\u00e9n quieres a\u00f1adir una foto?<\/li>\n\n\n\n<li>Finalmente, elige cu\u00e1ntos meses de cr\u00e9dito quieres poner en el Spotter.<\/li>\n<\/ul>\n\n\n\n<p>El Spotter ahora se est\u00e1 probando y ver\u00e1 lo siguiente en la pantalla:<\/p>\n\n\n\n<ul class=\"wp-block-list\">\n<li>Aseg\u00farese de que el Spotter est\u00e9 completamente cargado.<\/li>\n\n\n\n<li>Sal al exterior para una cobertura \u00f3ptima.<\/li>\n\n\n\n<li>Encienda el Observador.<\/li>\n\n\n\n<li>Espere la primera ubicaci\u00f3n del Spotter.<\/li>\n<\/ul>\n\n\n\n<p>Todas las funciones ahora est\u00e1n marcadas. Si esto se ha completado con \u00e9xito, puede cerrar el asistente. Ahora puede comenzar a utilizar el Spotter.<\/p>\n","protected":false},"excerpt":{"rendered":"<p>Un asistente le ayuda como usuario a comprobar el funcionamiento de un Spotter. El asistente comprueba la configuraci\u00f3n b\u00e1sica junto con el alcance de GPS y GPRS. Esto iniciar\u00e1 el asistente de instalaci\u00f3n. El Spotter ahora se est\u00e1 probando y ver\u00e1 lo siguiente en la pantalla: Todas las funciones ahora est\u00e1n marcadas. Si esto se [&hellip;]<\/p>\n","protected":false},"author":10,"featured_media":0,"parent":146,"menu_order":0,"comment_status":"closed","ping_status":"closed","template":"faq-content.php","meta":{"_acf_changed":false,"footnotes":""},"categories":[2],"tags":[],"class_list":["post-163","page","type-page","status-publish","hentry","category-faq"],"acf":[],"yoast_head":"<!-- This site is optimized with the Yoast SEO plugin v25.9 - https:\/\/yoast.com\/wordpress\/plugins\/seo\/ -->\n<title>\u00bfQu\u00e9 es un mago? - Spotter Spain<\/title>\n<meta name=\"robots\" content=\"noindex, nofollow\" \/>\n<meta property=\"og:locale\" content=\"es_ES\" \/>\n<meta property=\"og:type\" content=\"article\" \/>\n<meta property=\"og:title\" content=\"\u00bfQu\u00e9 es un mago? - Spotter Spain\" \/>\n<meta property=\"og:description\" content=\"Un asistente le ayuda como usuario a comprobar el funcionamiento de un Spotter. El asistente comprueba la configuraci\u00f3n b\u00e1sica junto con el alcance de GPS y GPRS. Esto iniciar\u00e1 el asistente de instalaci\u00f3n. El Spotter ahora se est\u00e1 probando y ver\u00e1 lo siguiente en la pantalla: Todas las funciones ahora est\u00e1n marcadas. Si esto se [&hellip;]\" \/>\n<meta property=\"og:url\" content=\"https:\/\/www.spottergps.com\/es\/faq\/descargar-e-instalar\/que-es-un-mago\/\" \/>\n<meta property=\"og:site_name\" content=\"Spotter Spain\" \/>\n<meta property=\"article:modified_time\" content=\"2024-07-01T12:17:35+00:00\" \/>\n<meta name=\"twitter:card\" content=\"summary_large_image\" \/>\n<meta name=\"twitter:label1\" content=\"Tiempo de lectura\" \/>\n\t<meta name=\"twitter:data1\" content=\"1 minute\" \/>\n<script type=\"application\/ld+json\" class=\"yoast-schema-graph\">{\"@context\":\"https:\/\/schema.org\",\"@graph\":[{\"@type\":\"WebPage\",\"@id\":\"https:\/\/www.spottergps.com\/es\/faq\/descargar-e-instalar\/que-es-un-mago\/\",\"url\":\"https:\/\/www.spottergps.com\/es\/faq\/descargar-e-instalar\/que-es-un-mago\/\",\"name\":\"\u00bfQu\u00e9 es un mago? - Spotter Spain\",\"isPartOf\":{\"@id\":\"https:\/\/www.spottergps.com\/es\/#website\"},\"datePublished\":\"2023-03-29T09:58:43+00:00\",\"dateModified\":\"2024-07-01T12:17:35+00:00\",\"breadcrumb\":{\"@id\":\"https:\/\/www.spottergps.com\/es\/faq\/descargar-e-instalar\/que-es-un-mago\/#breadcrumb\"},\"inLanguage\":\"es-ES\",\"potentialAction\":[{\"@type\":\"ReadAction\",\"target\":[\"https:\/\/www.spottergps.com\/es\/faq\/descargar-e-instalar\/que-es-un-mago\/\"]}]},{\"@type\":\"BreadcrumbList\",\"@id\":\"https:\/\/www.spottergps.com\/es\/faq\/descargar-e-instalar\/que-es-un-mago\/#breadcrumb\",\"itemListElement\":[{\"@type\":\"ListItem\",\"position\":1,\"name\":\"Home\",\"item\":\"https:\/\/www.spottergps.com\/es\/\"},{\"@type\":\"ListItem\",\"position\":2,\"name\":\"\u00bfC\u00f3mo podemos ayudarte?\",\"item\":\"https:\/\/www.spottergps.com\/es\/faq\/\"},{\"@type\":\"ListItem\",\"position\":3,\"name\":\"Descargar e Instalar\",\"item\":\"https:\/\/www.spottergps.com\/es\/faq\/descargar-e-instalar\/\"},{\"@type\":\"ListItem\",\"position\":4,\"name\":\"\u00bfQu\u00e9 es un mago?\"}]},{\"@type\":\"WebSite\",\"@id\":\"https:\/\/www.spottergps.com\/es\/#website\",\"url\":\"https:\/\/www.spottergps.com\/es\/\",\"name\":\"Spotter Spain\",\"description\":\"Para todo lo que amas\",\"publisher\":{\"@id\":\"https:\/\/www.spottergps.com\/es\/#organization\"},\"potentialAction\":[{\"@type\":\"SearchAction\",\"target\":{\"@type\":\"EntryPoint\",\"urlTemplate\":\"https:\/\/www.spottergps.com\/es\/?s={search_term_string}\"},\"query-input\":{\"@type\":\"PropertyValueSpecification\",\"valueRequired\":true,\"valueName\":\"search_term_string\"}}],\"inLanguage\":\"es-ES\"},{\"@type\":\"Organization\",\"@id\":\"https:\/\/www.spottergps.com\/es\/#organization\",\"name\":\"Spotter B.V.\",\"url\":\"https:\/\/www.spottergps.com\/es\/\",\"logo\":{\"@type\":\"ImageObject\",\"inLanguage\":\"es-ES\",\"@id\":\"https:\/\/www.spottergps.com\/es\/#\/schema\/logo\/image\/\",\"url\":\"https:\/\/www.spottergps.com\/es\/wp-content\/uploads\/sites\/7\/2023\/09\/Spotter_logo.png\",\"contentUrl\":\"https:\/\/www.spottergps.com\/es\/wp-content\/uploads\/sites\/7\/2023\/09\/Spotter_logo.png\",\"width\":1500,\"height\":696,\"caption\":\"Spotter B.V.\"},\"image\":{\"@id\":\"https:\/\/www.spottergps.com\/es\/#\/schema\/logo\/image\/\"}}]}<\/script>\n<!-- \/ Yoast SEO plugin. -->","yoast_head_json":{"title":"\u00bfQu\u00e9 es un mago? - Spotter Spain","robots":{"index":"noindex","follow":"nofollow"},"og_locale":"es_ES","og_type":"article","og_title":"\u00bfQu\u00e9 es un mago? - Spotter Spain","og_description":"Un asistente le ayuda como usuario a comprobar el funcionamiento de un Spotter. El asistente comprueba la configuraci\u00f3n b\u00e1sica junto con el alcance de GPS y GPRS. Esto iniciar\u00e1 el asistente de instalaci\u00f3n. El Spotter ahora se est\u00e1 probando y ver\u00e1 lo siguiente en la pantalla: Todas las funciones ahora est\u00e1n marcadas. Si esto se [&hellip;]","og_url":"https:\/\/www.spottergps.com\/es\/faq\/descargar-e-instalar\/que-es-un-mago\/","og_site_name":"Spotter Spain","article_modified_time":"2024-07-01T12:17:35+00:00","twitter_card":"summary_large_image","twitter_misc":{"Tiempo de lectura":"1 minute"},"schema":{"@context":"https:\/\/schema.org","@graph":[{"@type":"WebPage","@id":"https:\/\/www.spottergps.com\/es\/faq\/descargar-e-instalar\/que-es-un-mago\/","url":"https:\/\/www.spottergps.com\/es\/faq\/descargar-e-instalar\/que-es-un-mago\/","name":"\u00bfQu\u00e9 es un mago? - Spotter Spain","isPartOf":{"@id":"https:\/\/www.spottergps.com\/es\/#website"},"datePublished":"2023-03-29T09:58:43+00:00","dateModified":"2024-07-01T12:17:35+00:00","breadcrumb":{"@id":"https:\/\/www.spottergps.com\/es\/faq\/descargar-e-instalar\/que-es-un-mago\/#breadcrumb"},"inLanguage":"es-ES","potentialAction":[{"@type":"ReadAction","target":["https:\/\/www.spottergps.com\/es\/faq\/descargar-e-instalar\/que-es-un-mago\/"]}]},{"@type":"BreadcrumbList","@id":"https:\/\/www.spottergps.com\/es\/faq\/descargar-e-instalar\/que-es-un-mago\/#breadcrumb","itemListElement":[{"@type":"ListItem","position":1,"name":"Home","item":"https:\/\/www.spottergps.com\/es\/"},{"@type":"ListItem","position":2,"name":"\u00bfC\u00f3mo podemos ayudarte?","item":"https:\/\/www.spottergps.com\/es\/faq\/"},{"@type":"ListItem","position":3,"name":"Descargar e Instalar","item":"https:\/\/www.spottergps.com\/es\/faq\/descargar-e-instalar\/"},{"@type":"ListItem","position":4,"name":"\u00bfQu\u00e9 es un mago?"}]},{"@type":"WebSite","@id":"https:\/\/www.spottergps.com\/es\/#website","url":"https:\/\/www.spottergps.com\/es\/","name":"Spotter Spain","description":"Para todo lo que amas","publisher":{"@id":"https:\/\/www.spottergps.com\/es\/#organization"},"potentialAction":[{"@type":"SearchAction","target":{"@type":"EntryPoint","urlTemplate":"https:\/\/www.spottergps.com\/es\/?s={search_term_string}"},"query-input":{"@type":"PropertyValueSpecification","valueRequired":true,"valueName":"search_term_string"}}],"inLanguage":"es-ES"},{"@type":"Organization","@id":"https:\/\/www.spottergps.com\/es\/#organization","name":"Spotter B.V.","url":"https:\/\/www.spottergps.com\/es\/","logo":{"@type":"ImageObject","inLanguage":"es-ES","@id":"https:\/\/www.spottergps.com\/es\/#\/schema\/logo\/image\/","url":"https:\/\/www.spottergps.com\/es\/wp-content\/uploads\/sites\/7\/2023\/09\/Spotter_logo.png","contentUrl":"https:\/\/www.spottergps.com\/es\/wp-content\/uploads\/sites\/7\/2023\/09\/Spotter_logo.png","width":1500,"height":696,"caption":"Spotter B.V."},"image":{"@id":"https:\/\/www.spottergps.com\/es\/#\/schema\/logo\/image\/"}}]}},"_links":{"self":[{"href":"https:\/\/www.spottergps.com\/es\/wp-json\/wp\/v2\/pages\/163","targetHints":{"allow":["GET"]}}],"collection":[{"href":"https:\/\/www.spottergps.com\/es\/wp-json\/wp\/v2\/pages"}],"about":[{"href":"https:\/\/www.spottergps.com\/es\/wp-json\/wp\/v2\/types\/page"}],"author":[{"embeddable":true,"href":"https:\/\/www.spottergps.com\/es\/wp-json\/wp\/v2\/users\/10"}],"replies":[{"embeddable":true,"href":"https:\/\/www.spottergps.com\/es\/wp-json\/wp\/v2\/comments?post=163"}],"version-history":[{"count":2,"href":"https:\/\/www.spottergps.com\/es\/wp-json\/wp\/v2\/pages\/163\/revisions"}],"predecessor-version":[{"id":305,"href":"https:\/\/www.spottergps.com\/es\/wp-json\/wp\/v2\/pages\/163\/revisions\/305"}],"up":[{"embeddable":true,"href":"https:\/\/www.spottergps.com\/es\/wp-json\/wp\/v2\/pages\/146"}],"wp:attachment":[{"href":"https:\/\/www.spottergps.com\/es\/wp-json\/wp\/v2\/media?parent=163"}],"wp:term":[{"taxonomy":"category","embeddable":true,"href":"https:\/\/www.spottergps.com\/es\/wp-json\/wp\/v2\/categories?post=163"},{"taxonomy":"post_tag","embeddable":true,"href":"https:\/\/www.spottergps.com\/es\/wp-json\/wp\/v2\/tags?post=163"}],"curies":[{"name":"wp","href":"https:\/\/api.w.org\/{rel}","templated":true}]}}