{"id":157,"date":"2023-03-29T09:56:09","date_gmt":"2023-03-29T09:56:09","guid":{"rendered":"https:\/\/www.spottergps.com\/es\/?page_id=157"},"modified":"2024-07-01T12:15:11","modified_gmt":"2024-07-01T12:15:11","slug":"instalar-rastreador-gps-spotter","status":"publish","type":"page","link":"https:\/\/www.spottergps.com\/es\/faq\/descargar-e-instalar\/instalar-rastreador-gps-spotter\/","title":{"rendered":"Instalar rastreador GPS Spotter"},"content":{"rendered":"\n<p>\u00a1Bienvenido a Spotter!<br>Puede comenzar a usar el rastreador GPS Spotter en unos minutos. Para hacer esto, siga los pasos a continuaci\u00f3n:<\/p>\n\n\n\n<ul class=\"wp-block-list\">\n<li>Antes de usar el Spotter, cargue completamente la bater\u00eda en 2 a 3 horas. Use el cable USB y el cargador suministrados para esto. Durante la carga, el Spotter se enciende autom\u00e1ticamente despu\u00e9s de unos minutos.<\/li>\n\n\n\n<li>El localizador GPS Spotter funciona mediante GPS y GPRS, por lo que es importante que haya suficiente alcance. Por lo tanto, recomendamos activar el rastreador GPS Spotter cerca de la ventana o en el exterior para obtener un alcance \u00f3ptimo y poder medir una ubicaci\u00f3n.<\/li>\n\n\n\n<li>Ahora inicie sesi\u00f3n en su cuenta en l\u00ednea, despu\u00e9s de lo cual aparecer\u00e1 una pantalla que le pedir\u00e1 que ingrese su c\u00f3digo de Spotter. Aqu\u00ed ingresas el c\u00f3digo Spotter que est\u00e1 en la tarjeta en el empaque. Pasas por el asistente de instalaci\u00f3n y eliges por cu\u00e1ntos meses quieres poner cr\u00e9dito en el Spotter. Si el asistente se complet\u00f3 con \u00e9xito, \u00a1el rastreador GPS Spotter est\u00e1 activo!<br><\/li>\n\n\n\n<li>Tambi\u00e9n puede ver datos sobre la marcha a trav\u00e9s de la aplicaci\u00f3n Spotter para tel\u00e9fonos inteligentes y tabletas. La aplicaci\u00f3n Spotter es adecuada para iOS y Android, que puede descargar en <a href=\"https:\/\/apps.apple.com\/nl\/app\/spotter-gps-tracker\/id997370912?l=en\">Appstore <\/a>(iOS) y <a href=\"https:\/\/play.google.com\/store\/apps\/details?id=com.spottergps.spotter\">Playstore <\/a>(Android).<\/li>\n<\/ul>\n","protected":false},"excerpt":{"rendered":"<p>\u00a1Bienvenido a Spotter!Puede comenzar a usar el rastreador GPS Spotter en unos minutos. Para hacer esto, siga los pasos a continuaci\u00f3n:<\/p>\n","protected":false},"author":10,"featured_media":0,"parent":146,"menu_order":0,"comment_status":"closed","ping_status":"closed","template":"faq-content.php","meta":{"_acf_changed":false,"footnotes":""},"categories":[2],"tags":[],"class_list":["post-157","page","type-page","status-publish","hentry","category-faq"],"acf":[],"yoast_head":"<!-- This site is optimized with the Yoast SEO plugin v25.9 - https:\/\/yoast.com\/wordpress\/plugins\/seo\/ -->\n<title>Instalar rastreador GPS Spotter - Spotter Spain<\/title>\n<meta name=\"robots\" content=\"noindex, nofollow\" \/>\n<meta property=\"og:locale\" content=\"es_ES\" \/>\n<meta property=\"og:type\" content=\"article\" \/>\n<meta property=\"og:title\" content=\"Instalar rastreador GPS Spotter - Spotter Spain\" \/>\n<meta property=\"og:description\" content=\"\u00a1Bienvenido a Spotter!Puede comenzar a usar el rastreador GPS Spotter en unos minutos. Para hacer esto, siga los pasos a continuaci\u00f3n:\" \/>\n<meta property=\"og:url\" content=\"https:\/\/www.spottergps.com\/es\/faq\/descargar-e-instalar\/instalar-rastreador-gps-spotter\/\" \/>\n<meta property=\"og:site_name\" content=\"Spotter Spain\" \/>\n<meta property=\"article:modified_time\" content=\"2024-07-01T12:15:11+00:00\" \/>\n<meta name=\"twitter:card\" content=\"summary_large_image\" \/>\n<meta name=\"twitter:label1\" content=\"Tiempo de lectura\" \/>\n\t<meta name=\"twitter:data1\" content=\"1 minute\" \/>\n<script type=\"application\/ld+json\" class=\"yoast-schema-graph\">{\"@context\":\"https:\/\/schema.org\",\"@graph\":[{\"@type\":\"WebPage\",\"@id\":\"https:\/\/www.spottergps.com\/es\/faq\/descargar-e-instalar\/instalar-rastreador-gps-spotter\/\",\"url\":\"https:\/\/www.spottergps.com\/es\/faq\/descargar-e-instalar\/instalar-rastreador-gps-spotter\/\",\"name\":\"Instalar rastreador GPS Spotter - Spotter Spain\",\"isPartOf\":{\"@id\":\"https:\/\/www.spottergps.com\/es\/#website\"},\"datePublished\":\"2023-03-29T09:56:09+00:00\",\"dateModified\":\"2024-07-01T12:15:11+00:00\",\"breadcrumb\":{\"@id\":\"https:\/\/www.spottergps.com\/es\/faq\/descargar-e-instalar\/instalar-rastreador-gps-spotter\/#breadcrumb\"},\"inLanguage\":\"es-ES\",\"potentialAction\":[{\"@type\":\"ReadAction\",\"target\":[\"https:\/\/www.spottergps.com\/es\/faq\/descargar-e-instalar\/instalar-rastreador-gps-spotter\/\"]}]},{\"@type\":\"BreadcrumbList\",\"@id\":\"https:\/\/www.spottergps.com\/es\/faq\/descargar-e-instalar\/instalar-rastreador-gps-spotter\/#breadcrumb\",\"itemListElement\":[{\"@type\":\"ListItem\",\"position\":1,\"name\":\"Home\",\"item\":\"https:\/\/www.spottergps.com\/es\/\"},{\"@type\":\"ListItem\",\"position\":2,\"name\":\"\u00bfC\u00f3mo podemos ayudarte?\",\"item\":\"https:\/\/www.spottergps.com\/es\/faq\/\"},{\"@type\":\"ListItem\",\"position\":3,\"name\":\"Descargar e Instalar\",\"item\":\"https:\/\/www.spottergps.com\/es\/faq\/descargar-e-instalar\/\"},{\"@type\":\"ListItem\",\"position\":4,\"name\":\"Instalar rastreador GPS Spotter\"}]},{\"@type\":\"WebSite\",\"@id\":\"https:\/\/www.spottergps.com\/es\/#website\",\"url\":\"https:\/\/www.spottergps.com\/es\/\",\"name\":\"Spotter Spain\",\"description\":\"Para todo lo que amas\",\"publisher\":{\"@id\":\"https:\/\/www.spottergps.com\/es\/#organization\"},\"potentialAction\":[{\"@type\":\"SearchAction\",\"target\":{\"@type\":\"EntryPoint\",\"urlTemplate\":\"https:\/\/www.spottergps.com\/es\/?s={search_term_string}\"},\"query-input\":{\"@type\":\"PropertyValueSpecification\",\"valueRequired\":true,\"valueName\":\"search_term_string\"}}],\"inLanguage\":\"es-ES\"},{\"@type\":\"Organization\",\"@id\":\"https:\/\/www.spottergps.com\/es\/#organization\",\"name\":\"Spotter B.V.\",\"url\":\"https:\/\/www.spottergps.com\/es\/\",\"logo\":{\"@type\":\"ImageObject\",\"inLanguage\":\"es-ES\",\"@id\":\"https:\/\/www.spottergps.com\/es\/#\/schema\/logo\/image\/\",\"url\":\"https:\/\/www.spottergps.com\/es\/wp-content\/uploads\/sites\/7\/2023\/09\/Spotter_logo.png\",\"contentUrl\":\"https:\/\/www.spottergps.com\/es\/wp-content\/uploads\/sites\/7\/2023\/09\/Spotter_logo.png\",\"width\":1500,\"height\":696,\"caption\":\"Spotter B.V.\"},\"image\":{\"@id\":\"https:\/\/www.spottergps.com\/es\/#\/schema\/logo\/image\/\"}}]}<\/script>\n<!-- \/ Yoast SEO plugin. -->","yoast_head_json":{"title":"Instalar rastreador GPS Spotter - Spotter Spain","robots":{"index":"noindex","follow":"nofollow"},"og_locale":"es_ES","og_type":"article","og_title":"Instalar rastreador GPS Spotter - Spotter Spain","og_description":"\u00a1Bienvenido a Spotter!Puede comenzar a usar el rastreador GPS Spotter en unos minutos. Para hacer esto, siga los pasos a continuaci\u00f3n:","og_url":"https:\/\/www.spottergps.com\/es\/faq\/descargar-e-instalar\/instalar-rastreador-gps-spotter\/","og_site_name":"Spotter Spain","article_modified_time":"2024-07-01T12:15:11+00:00","twitter_card":"summary_large_image","twitter_misc":{"Tiempo de lectura":"1 minute"},"schema":{"@context":"https:\/\/schema.org","@graph":[{"@type":"WebPage","@id":"https:\/\/www.spottergps.com\/es\/faq\/descargar-e-instalar\/instalar-rastreador-gps-spotter\/","url":"https:\/\/www.spottergps.com\/es\/faq\/descargar-e-instalar\/instalar-rastreador-gps-spotter\/","name":"Instalar rastreador GPS Spotter - Spotter Spain","isPartOf":{"@id":"https:\/\/www.spottergps.com\/es\/#website"},"datePublished":"2023-03-29T09:56:09+00:00","dateModified":"2024-07-01T12:15:11+00:00","breadcrumb":{"@id":"https:\/\/www.spottergps.com\/es\/faq\/descargar-e-instalar\/instalar-rastreador-gps-spotter\/#breadcrumb"},"inLanguage":"es-ES","potentialAction":[{"@type":"ReadAction","target":["https:\/\/www.spottergps.com\/es\/faq\/descargar-e-instalar\/instalar-rastreador-gps-spotter\/"]}]},{"@type":"BreadcrumbList","@id":"https:\/\/www.spottergps.com\/es\/faq\/descargar-e-instalar\/instalar-rastreador-gps-spotter\/#breadcrumb","itemListElement":[{"@type":"ListItem","position":1,"name":"Home","item":"https:\/\/www.spottergps.com\/es\/"},{"@type":"ListItem","position":2,"name":"\u00bfC\u00f3mo podemos ayudarte?","item":"https:\/\/www.spottergps.com\/es\/faq\/"},{"@type":"ListItem","position":3,"name":"Descargar e Instalar","item":"https:\/\/www.spottergps.com\/es\/faq\/descargar-e-instalar\/"},{"@type":"ListItem","position":4,"name":"Instalar rastreador GPS Spotter"}]},{"@type":"WebSite","@id":"https:\/\/www.spottergps.com\/es\/#website","url":"https:\/\/www.spottergps.com\/es\/","name":"Spotter Spain","description":"Para todo lo que amas","publisher":{"@id":"https:\/\/www.spottergps.com\/es\/#organization"},"potentialAction":[{"@type":"SearchAction","target":{"@type":"EntryPoint","urlTemplate":"https:\/\/www.spottergps.com\/es\/?s={search_term_string}"},"query-input":{"@type":"PropertyValueSpecification","valueRequired":true,"valueName":"search_term_string"}}],"inLanguage":"es-ES"},{"@type":"Organization","@id":"https:\/\/www.spottergps.com\/es\/#organization","name":"Spotter B.V.","url":"https:\/\/www.spottergps.com\/es\/","logo":{"@type":"ImageObject","inLanguage":"es-ES","@id":"https:\/\/www.spottergps.com\/es\/#\/schema\/logo\/image\/","url":"https:\/\/www.spottergps.com\/es\/wp-content\/uploads\/sites\/7\/2023\/09\/Spotter_logo.png","contentUrl":"https:\/\/www.spottergps.com\/es\/wp-content\/uploads\/sites\/7\/2023\/09\/Spotter_logo.png","width":1500,"height":696,"caption":"Spotter B.V."},"image":{"@id":"https:\/\/www.spottergps.com\/es\/#\/schema\/logo\/image\/"}}]}},"_links":{"self":[{"href":"https:\/\/www.spottergps.com\/es\/wp-json\/wp\/v2\/pages\/157","targetHints":{"allow":["GET"]}}],"collection":[{"href":"https:\/\/www.spottergps.com\/es\/wp-json\/wp\/v2\/pages"}],"about":[{"href":"https:\/\/www.spottergps.com\/es\/wp-json\/wp\/v2\/types\/page"}],"author":[{"embeddable":true,"href":"https:\/\/www.spottergps.com\/es\/wp-json\/wp\/v2\/users\/10"}],"replies":[{"embeddable":true,"href":"https:\/\/www.spottergps.com\/es\/wp-json\/wp\/v2\/comments?post=157"}],"version-history":[{"count":3,"href":"https:\/\/www.spottergps.com\/es\/wp-json\/wp\/v2\/pages\/157\/revisions"}],"predecessor-version":[{"id":1444,"href":"https:\/\/www.spottergps.com\/es\/wp-json\/wp\/v2\/pages\/157\/revisions\/1444"}],"up":[{"embeddable":true,"href":"https:\/\/www.spottergps.com\/es\/wp-json\/wp\/v2\/pages\/146"}],"wp:attachment":[{"href":"https:\/\/www.spottergps.com\/es\/wp-json\/wp\/v2\/media?parent=157"}],"wp:term":[{"taxonomy":"category","embeddable":true,"href":"https:\/\/www.spottergps.com\/es\/wp-json\/wp\/v2\/categories?post=157"},{"taxonomy":"post_tag","embeddable":true,"href":"https:\/\/www.spottergps.com\/es\/wp-json\/wp\/v2\/tags?post=157"}],"curies":[{"name":"wp","href":"https:\/\/api.w.org\/{rel}","templated":true}]}}