{"id":140,"date":"2023-03-29T09:51:24","date_gmt":"2023-03-29T09:51:24","guid":{"rendered":"https:\/\/www.spottergps.com\/es\/?page_id=140"},"modified":"2023-10-11T13:14:20","modified_gmt":"2023-10-11T13:14:20","slug":"restablecer-plan-paso-a-paso-spotter-reloj-gps-aire","status":"publish","type":"page","link":"https:\/\/www.spottergps.com\/es\/faq\/alcanzar\/restablecer-plan-paso-a-paso-spotter-reloj-gps-aire\/","title":{"rendered":"Restablecer plan paso a paso Spotter Reloj GPS \u2013 Aire"},"content":{"rendered":"\n<h3 class=\"wp-block-heading\"><br>Paso 1. Apague el Spotter<\/h3>\n\n\n\n<p>Inicie sesi\u00f3n en su <a href=\"https:\/\/my.spottergps.com\/\">cuenta de Spotter <\/a>y vaya al mapa. Hace clic en el Spotter y aparece una pantalla con funciones. Aqu\u00ed hace clic en &#8220;Desactivar Spotter&#8221;.<\/p>\n\n\n\n<h3 class=\"wp-block-heading\">Paso 2. Carga completamente el reloj<\/h3>\n\n\n\n<p>Cargue completamente la bater\u00eda del Spotter GPS Watch \u2013 Air en 2 a 3 horas. Utilice el cable USB suministrado para esto. El Spotter GPS Watch Air tiene un cargador magn\u00e9tico que se conecta al Spotter. Luego, conecte el extremo del cable a un puerto USB y el Spotter Watch \u2013 Air comenzar\u00e1 a cargarse.<\/p>\n\n\n\n<h3 class=\"wp-block-heading\">Paso 3. Encienda el observador<\/h3>\n\n\n\n<p>Encienda el reloj Spotter GPS \u2013 Air manteniendo presionado el bot\u00f3n SOS en el lateral hasta que aparezca el logotipo de Spotter en la pantalla. Lleve el Spotter al exterior para obtener el mejor alcance posible.<\/p>\n\n\n\n<h3 class=\"wp-block-heading\">Paso 4. Obtener la ubicaci\u00f3n<\/h3>\n\n\n\n<p>Inicie sesi\u00f3n en su cuenta de Spotter y vaya al mapa. Haga clic en el Spotter y aparecer\u00e1 una pantalla con funciones. Aqu\u00ed haces clic en \u201csolicitar ubicaci\u00f3n\u201d. Ahora recibir\u00e1 la ubicaci\u00f3n actual del Spotter GPS Watch cada 20 segundos durante 3 minutos.<\/p>\n\n\n\n<h3 class=\"wp-block-heading\">Paso 5. Ahora aparecer\u00e1 la ubicaci\u00f3n<\/h3>\n\n\n\n<p>Recarga la p\u00e1gina. La ubicaci\u00f3n est\u00e1 entrando ahora. \u00bfNo recibiste una ubicaci\u00f3n y seguiste todos los pasos? P\u00f3ngase en contacto con nuestro servicio de atenci\u00f3n al cliente a trav\u00e9s del <a href=\"https:\/\/www.spottergps.com\/vraag-het-onze-klantenservice\/\">formulario de contacto.<\/a><\/p>\n","protected":false},"excerpt":{"rendered":"<p>Paso 1. Apague el Spotter Inicie sesi\u00f3n en su cuenta de Spotter y vaya al mapa. Hace clic en el Spotter y aparece una pantalla con funciones. Aqu\u00ed hace clic en &#8220;Desactivar Spotter&#8221;. Paso 2. Carga completamente el reloj Cargue completamente la bater\u00eda del Spotter GPS Watch \u2013 Air en 2 a 3 horas. Utilice [&hellip;]<\/p>\n","protected":false},"author":10,"featured_media":0,"parent":119,"menu_order":0,"comment_status":"closed","ping_status":"closed","template":"faq-content.php","meta":{"_acf_changed":false,"footnotes":""},"categories":[2],"tags":[],"class_list":["post-140","page","type-page","status-publish","hentry","category-faq"],"acf":[],"yoast_head":"<!-- This site is optimized with the Yoast SEO plugin v25.9 - https:\/\/yoast.com\/wordpress\/plugins\/seo\/ -->\n<title>Restablecer plan paso a paso Spotter Reloj GPS \u2013 Aire - Spotter Spain<\/title>\n<meta name=\"robots\" content=\"index, follow, max-snippet:-1, max-image-preview:large, max-video-preview:-1\" \/>\n<link rel=\"canonical\" href=\"https:\/\/www.spottergps.com\/es\/faq\/alcanzar\/restablecer-plan-paso-a-paso-spotter-reloj-gps-aire\/\" \/>\n<meta property=\"og:locale\" content=\"es_ES\" \/>\n<meta property=\"og:type\" content=\"article\" \/>\n<meta property=\"og:title\" content=\"Restablecer plan paso a paso Spotter Reloj GPS \u2013 Aire - Spotter Spain\" \/>\n<meta property=\"og:description\" content=\"Paso 1. Apague el Spotter Inicie sesi\u00f3n en su cuenta de Spotter y vaya al mapa. Hace clic en el Spotter y aparece una pantalla con funciones. Aqu\u00ed hace clic en &#8220;Desactivar Spotter&#8221;. Paso 2. Carga completamente el reloj Cargue completamente la bater\u00eda del Spotter GPS Watch \u2013 Air en 2 a 3 horas. Utilice [&hellip;]\" \/>\n<meta property=\"og:url\" content=\"https:\/\/www.spottergps.com\/es\/faq\/alcanzar\/restablecer-plan-paso-a-paso-spotter-reloj-gps-aire\/\" \/>\n<meta property=\"og:site_name\" content=\"Spotter Spain\" \/>\n<meta property=\"article:modified_time\" content=\"2023-10-11T13:14:20+00:00\" \/>\n<meta name=\"twitter:card\" content=\"summary_large_image\" \/>\n<meta name=\"twitter:label1\" content=\"Tiempo de lectura\" \/>\n\t<meta name=\"twitter:data1\" content=\"1 minute\" \/>\n<script type=\"application\/ld+json\" class=\"yoast-schema-graph\">{\"@context\":\"https:\/\/schema.org\",\"@graph\":[{\"@type\":\"WebPage\",\"@id\":\"https:\/\/www.spottergps.com\/es\/faq\/alcanzar\/restablecer-plan-paso-a-paso-spotter-reloj-gps-aire\/\",\"url\":\"https:\/\/www.spottergps.com\/es\/faq\/alcanzar\/restablecer-plan-paso-a-paso-spotter-reloj-gps-aire\/\",\"name\":\"Restablecer plan paso a paso Spotter Reloj GPS \u2013 Aire - Spotter Spain\",\"isPartOf\":{\"@id\":\"https:\/\/www.spottergps.com\/es\/#website\"},\"datePublished\":\"2023-03-29T09:51:24+00:00\",\"dateModified\":\"2023-10-11T13:14:20+00:00\",\"breadcrumb\":{\"@id\":\"https:\/\/www.spottergps.com\/es\/faq\/alcanzar\/restablecer-plan-paso-a-paso-spotter-reloj-gps-aire\/#breadcrumb\"},\"inLanguage\":\"es-ES\",\"potentialAction\":[{\"@type\":\"ReadAction\",\"target\":[\"https:\/\/www.spottergps.com\/es\/faq\/alcanzar\/restablecer-plan-paso-a-paso-spotter-reloj-gps-aire\/\"]}]},{\"@type\":\"BreadcrumbList\",\"@id\":\"https:\/\/www.spottergps.com\/es\/faq\/alcanzar\/restablecer-plan-paso-a-paso-spotter-reloj-gps-aire\/#breadcrumb\",\"itemListElement\":[{\"@type\":\"ListItem\",\"position\":1,\"name\":\"Home\",\"item\":\"https:\/\/www.spottergps.com\/es\/\"},{\"@type\":\"ListItem\",\"position\":2,\"name\":\"\u00bfC\u00f3mo podemos ayudarte?\",\"item\":\"https:\/\/www.spottergps.com\/es\/faq\/\"},{\"@type\":\"ListItem\",\"position\":3,\"name\":\"Cobertura\",\"item\":\"https:\/\/www.spottergps.com\/es\/faq\/alcanzar\/\"},{\"@type\":\"ListItem\",\"position\":4,\"name\":\"Restablecer plan paso a paso Spotter Reloj GPS \u2013 Aire\"}]},{\"@type\":\"WebSite\",\"@id\":\"https:\/\/www.spottergps.com\/es\/#website\",\"url\":\"https:\/\/www.spottergps.com\/es\/\",\"name\":\"Spotter Spain\",\"description\":\"Para todo lo que amas\",\"publisher\":{\"@id\":\"https:\/\/www.spottergps.com\/es\/#organization\"},\"potentialAction\":[{\"@type\":\"SearchAction\",\"target\":{\"@type\":\"EntryPoint\",\"urlTemplate\":\"https:\/\/www.spottergps.com\/es\/?s={search_term_string}\"},\"query-input\":{\"@type\":\"PropertyValueSpecification\",\"valueRequired\":true,\"valueName\":\"search_term_string\"}}],\"inLanguage\":\"es-ES\"},{\"@type\":\"Organization\",\"@id\":\"https:\/\/www.spottergps.com\/es\/#organization\",\"name\":\"Spotter B.V.\",\"url\":\"https:\/\/www.spottergps.com\/es\/\",\"logo\":{\"@type\":\"ImageObject\",\"inLanguage\":\"es-ES\",\"@id\":\"https:\/\/www.spottergps.com\/es\/#\/schema\/logo\/image\/\",\"url\":\"https:\/\/www.spottergps.com\/es\/wp-content\/uploads\/sites\/7\/2023\/09\/Spotter_logo.png\",\"contentUrl\":\"https:\/\/www.spottergps.com\/es\/wp-content\/uploads\/sites\/7\/2023\/09\/Spotter_logo.png\",\"width\":1500,\"height\":696,\"caption\":\"Spotter B.V.\"},\"image\":{\"@id\":\"https:\/\/www.spottergps.com\/es\/#\/schema\/logo\/image\/\"}}]}<\/script>\n<!-- \/ Yoast SEO plugin. -->","yoast_head_json":{"title":"Restablecer plan paso a paso Spotter Reloj GPS \u2013 Aire - Spotter Spain","robots":{"index":"index","follow":"follow","max-snippet":"max-snippet:-1","max-image-preview":"max-image-preview:large","max-video-preview":"max-video-preview:-1"},"canonical":"https:\/\/www.spottergps.com\/es\/faq\/alcanzar\/restablecer-plan-paso-a-paso-spotter-reloj-gps-aire\/","og_locale":"es_ES","og_type":"article","og_title":"Restablecer plan paso a paso Spotter Reloj GPS \u2013 Aire - Spotter Spain","og_description":"Paso 1. Apague el Spotter Inicie sesi\u00f3n en su cuenta de Spotter y vaya al mapa. Hace clic en el Spotter y aparece una pantalla con funciones. Aqu\u00ed hace clic en &#8220;Desactivar Spotter&#8221;. Paso 2. Carga completamente el reloj Cargue completamente la bater\u00eda del Spotter GPS Watch \u2013 Air en 2 a 3 horas. Utilice [&hellip;]","og_url":"https:\/\/www.spottergps.com\/es\/faq\/alcanzar\/restablecer-plan-paso-a-paso-spotter-reloj-gps-aire\/","og_site_name":"Spotter Spain","article_modified_time":"2023-10-11T13:14:20+00:00","twitter_card":"summary_large_image","twitter_misc":{"Tiempo de lectura":"1 minute"},"schema":{"@context":"https:\/\/schema.org","@graph":[{"@type":"WebPage","@id":"https:\/\/www.spottergps.com\/es\/faq\/alcanzar\/restablecer-plan-paso-a-paso-spotter-reloj-gps-aire\/","url":"https:\/\/www.spottergps.com\/es\/faq\/alcanzar\/restablecer-plan-paso-a-paso-spotter-reloj-gps-aire\/","name":"Restablecer plan paso a paso Spotter Reloj GPS \u2013 Aire - Spotter Spain","isPartOf":{"@id":"https:\/\/www.spottergps.com\/es\/#website"},"datePublished":"2023-03-29T09:51:24+00:00","dateModified":"2023-10-11T13:14:20+00:00","breadcrumb":{"@id":"https:\/\/www.spottergps.com\/es\/faq\/alcanzar\/restablecer-plan-paso-a-paso-spotter-reloj-gps-aire\/#breadcrumb"},"inLanguage":"es-ES","potentialAction":[{"@type":"ReadAction","target":["https:\/\/www.spottergps.com\/es\/faq\/alcanzar\/restablecer-plan-paso-a-paso-spotter-reloj-gps-aire\/"]}]},{"@type":"BreadcrumbList","@id":"https:\/\/www.spottergps.com\/es\/faq\/alcanzar\/restablecer-plan-paso-a-paso-spotter-reloj-gps-aire\/#breadcrumb","itemListElement":[{"@type":"ListItem","position":1,"name":"Home","item":"https:\/\/www.spottergps.com\/es\/"},{"@type":"ListItem","position":2,"name":"\u00bfC\u00f3mo podemos ayudarte?","item":"https:\/\/www.spottergps.com\/es\/faq\/"},{"@type":"ListItem","position":3,"name":"Cobertura","item":"https:\/\/www.spottergps.com\/es\/faq\/alcanzar\/"},{"@type":"ListItem","position":4,"name":"Restablecer plan paso a paso Spotter Reloj GPS \u2013 Aire"}]},{"@type":"WebSite","@id":"https:\/\/www.spottergps.com\/es\/#website","url":"https:\/\/www.spottergps.com\/es\/","name":"Spotter Spain","description":"Para todo lo que amas","publisher":{"@id":"https:\/\/www.spottergps.com\/es\/#organization"},"potentialAction":[{"@type":"SearchAction","target":{"@type":"EntryPoint","urlTemplate":"https:\/\/www.spottergps.com\/es\/?s={search_term_string}"},"query-input":{"@type":"PropertyValueSpecification","valueRequired":true,"valueName":"search_term_string"}}],"inLanguage":"es-ES"},{"@type":"Organization","@id":"https:\/\/www.spottergps.com\/es\/#organization","name":"Spotter B.V.","url":"https:\/\/www.spottergps.com\/es\/","logo":{"@type":"ImageObject","inLanguage":"es-ES","@id":"https:\/\/www.spottergps.com\/es\/#\/schema\/logo\/image\/","url":"https:\/\/www.spottergps.com\/es\/wp-content\/uploads\/sites\/7\/2023\/09\/Spotter_logo.png","contentUrl":"https:\/\/www.spottergps.com\/es\/wp-content\/uploads\/sites\/7\/2023\/09\/Spotter_logo.png","width":1500,"height":696,"caption":"Spotter B.V."},"image":{"@id":"https:\/\/www.spottergps.com\/es\/#\/schema\/logo\/image\/"}}]}},"_links":{"self":[{"href":"https:\/\/www.spottergps.com\/es\/wp-json\/wp\/v2\/pages\/140","targetHints":{"allow":["GET"]}}],"collection":[{"href":"https:\/\/www.spottergps.com\/es\/wp-json\/wp\/v2\/pages"}],"about":[{"href":"https:\/\/www.spottergps.com\/es\/wp-json\/wp\/v2\/types\/page"}],"author":[{"embeddable":true,"href":"https:\/\/www.spottergps.com\/es\/wp-json\/wp\/v2\/users\/10"}],"replies":[{"embeddable":true,"href":"https:\/\/www.spottergps.com\/es\/wp-json\/wp\/v2\/comments?post=140"}],"version-history":[{"count":3,"href":"https:\/\/www.spottergps.com\/es\/wp-json\/wp\/v2\/pages\/140\/revisions"}],"predecessor-version":[{"id":1531,"href":"https:\/\/www.spottergps.com\/es\/wp-json\/wp\/v2\/pages\/140\/revisions\/1531"}],"up":[{"embeddable":true,"href":"https:\/\/www.spottergps.com\/es\/wp-json\/wp\/v2\/pages\/119"}],"wp:attachment":[{"href":"https:\/\/www.spottergps.com\/es\/wp-json\/wp\/v2\/media?parent=140"}],"wp:term":[{"taxonomy":"category","embeddable":true,"href":"https:\/\/www.spottergps.com\/es\/wp-json\/wp\/v2\/categories?post=140"},{"taxonomy":"post_tag","embeddable":true,"href":"https:\/\/www.spottergps.com\/es\/wp-json\/wp\/v2\/tags?post=140"}],"curies":[{"name":"wp","href":"https:\/\/api.w.org\/{rel}","templated":true}]}}