{"id":138,"date":"2023-03-29T09:50:52","date_gmt":"2023-03-29T09:50:52","guid":{"rendered":"https:\/\/www.spottergps.com\/es\/?page_id=138"},"modified":"2023-10-11T13:11:39","modified_gmt":"2023-10-11T13:11:39","slug":"restablecer-plan-paso-a-paso-localizador-gps-spotter","status":"publish","type":"page","link":"https:\/\/www.spottergps.com\/es\/faq\/alcanzar\/restablecer-plan-paso-a-paso-localizador-gps-spotter\/","title":{"rendered":"Restablecer plan paso a paso Localizador GPS Spotter"},"content":{"rendered":"\n<h3 class=\"wp-block-heading\"><br>Paso 1. Revisa la bater\u00eda<\/h3>\n\n\n\n<p>Aseg\u00farese de que el Spotter tenga suficiente bater\u00eda. Si la luz LED azul del rastreador GPS Spotter parpadea r\u00e1pidamente, significa que la bater\u00eda tiene menos del 15%. Cargue completamente el Spotter en 2-3 horas. Desconecte el Spotter del cargador cuando est\u00e9 completamente cargado.<\/p>\n\n\n\n<h3 class=\"wp-block-heading\">Paso 2. Cr\u00e9dito prepago<\/h3>\n\n\n\n<p>Tambi\u00e9n verifique si el Spotter todav\u00eda tiene cr\u00e9dito prepago. Para hacer esto, vaya a la configuraci\u00f3n de Spotter. Es posible que el cr\u00e9dito prepago haya caducado, por lo que el Spotter ya no puede enviar datos. Puede recargar el Spotter con 3, 6 o 12 meses de cr\u00e9dito prepago a trav\u00e9s de su cuenta en l\u00ednea. Despu\u00e9s de la actualizaci\u00f3n, el Spotter vuelve a estar activo en 30 minutos.<\/p>\n\n\n\n<h3 class=\"wp-block-heading\">Paso 3. Apague el Spotter<\/h3>\n\n\n\n<p>Apague el Spotter (presione el bot\u00f3n SOS y el bot\u00f3n de encendido\/apagado al mismo tiempo).<\/p>\n\n\n\n<h3 class=\"wp-block-heading\">Paso 4. Comprueba el alcance del GPS<\/h3>\n\n\n\n<p>Para determinar la ubicaci\u00f3n, es importante que el Spotter GPS Tracker tenga un buen rango de GPS (luz LED azul). Encienda el Spotter, afuera o cerca de la ventana para obtener el mejor alcance posible. Por lo tanto, use el diagrama a continuaci\u00f3n para verificar si el rango es bueno.<\/p>\n\n\n\n<ul class=\"wp-block-list\">\n<li>Parpadeos r\u00e1pidos 1 vez en 3 segundos. El Spotter tiene una posici\u00f3n de GPS.<\/li>\n\n\n\n<li>Parpadea muy lentamente 1 vez en 3 segundos. El Spotter no tiene una posici\u00f3n de GPS.<\/li>\n\n\n\n<li>Sin parpadear. El chip GPS est\u00e1 en modo de suspensi\u00f3n.<\/li>\n<\/ul>\n\n\n\n<p>Si no hay un buen rango de GPS, recomendamos usar el Spotter en una ubicaci\u00f3n diferente para que se pueda recibir la se\u00f1al GPS (preferiblemente en el exterior). O apague y encienda el Spotter en una ubicaci\u00f3n con buena cobertura de GPS.<\/p>\n\n\n\n<h3 class=\"wp-block-heading\">Paso 5. Aparece otra ubicaci\u00f3n<\/h3>\n\n\n\n<p>En unos minutos\/horas, la primera ubicaci\u00f3n deber\u00eda volver a aparecer. Tambi\u00e9n actualice la p\u00e1gina. \u00bfNo recibiste una ubicaci\u00f3n y seguiste todos los pasos? P\u00f3ngase en contacto con nuestro servicio de atenci\u00f3n al cliente a trav\u00e9s del <a href=\"https:\/\/www.spottergps.com\/es\/servicio-al-cliente\/\" data-type=\"URL\" data-id=\"https:\/\/www.spottergps.com\/es\/servicio-al-cliente\/\">formulario de contacto<\/a>.<\/p>\n","protected":false},"excerpt":{"rendered":"<p>Paso 1. Revisa la bater\u00eda Aseg\u00farese de que el Spotter tenga suficiente bater\u00eda. Si la luz LED azul del rastreador GPS Spotter parpadea r\u00e1pidamente, significa que la bater\u00eda tiene menos del 15%. Cargue completamente el Spotter en 2-3 horas. Desconecte el Spotter del cargador cuando est\u00e9 completamente cargado. Paso 2. Cr\u00e9dito prepago Tambi\u00e9n verifique si [&hellip;]<\/p>\n","protected":false},"author":10,"featured_media":0,"parent":119,"menu_order":0,"comment_status":"closed","ping_status":"closed","template":"faq-content.php","meta":{"_acf_changed":false,"footnotes":""},"categories":[2],"tags":[],"class_list":["post-138","page","type-page","status-publish","hentry","category-faq"],"acf":[],"yoast_head":"<!-- This site is optimized with the Yoast SEO plugin v25.9 - https:\/\/yoast.com\/wordpress\/plugins\/seo\/ -->\n<title>Restablecer plan paso a paso Localizador GPS Spotter - Spotter Spain<\/title>\n<meta name=\"robots\" content=\"index, follow, max-snippet:-1, max-image-preview:large, max-video-preview:-1\" \/>\n<link rel=\"canonical\" href=\"https:\/\/www.spottergps.com\/es\/faq\/alcanzar\/restablecer-plan-paso-a-paso-localizador-gps-spotter\/\" \/>\n<meta property=\"og:locale\" content=\"es_ES\" \/>\n<meta property=\"og:type\" content=\"article\" \/>\n<meta property=\"og:title\" content=\"Restablecer plan paso a paso Localizador GPS Spotter - Spotter Spain\" \/>\n<meta property=\"og:description\" content=\"Paso 1. Revisa la bater\u00eda Aseg\u00farese de que el Spotter tenga suficiente bater\u00eda. Si la luz LED azul del rastreador GPS Spotter parpadea r\u00e1pidamente, significa que la bater\u00eda tiene menos del 15%. Cargue completamente el Spotter en 2-3 horas. Desconecte el Spotter del cargador cuando est\u00e9 completamente cargado. Paso 2. Cr\u00e9dito prepago Tambi\u00e9n verifique si [&hellip;]\" \/>\n<meta property=\"og:url\" content=\"https:\/\/www.spottergps.com\/es\/faq\/alcanzar\/restablecer-plan-paso-a-paso-localizador-gps-spotter\/\" \/>\n<meta property=\"og:site_name\" content=\"Spotter Spain\" \/>\n<meta property=\"article:modified_time\" content=\"2023-10-11T13:11:39+00:00\" \/>\n<meta name=\"twitter:card\" content=\"summary_large_image\" \/>\n<meta name=\"twitter:label1\" content=\"Tiempo de lectura\" \/>\n\t<meta name=\"twitter:data1\" content=\"2 minutes\" \/>\n<script type=\"application\/ld+json\" class=\"yoast-schema-graph\">{\"@context\":\"https:\/\/schema.org\",\"@graph\":[{\"@type\":\"WebPage\",\"@id\":\"https:\/\/www.spottergps.com\/es\/faq\/alcanzar\/restablecer-plan-paso-a-paso-localizador-gps-spotter\/\",\"url\":\"https:\/\/www.spottergps.com\/es\/faq\/alcanzar\/restablecer-plan-paso-a-paso-localizador-gps-spotter\/\",\"name\":\"Restablecer plan paso a paso Localizador GPS Spotter - Spotter Spain\",\"isPartOf\":{\"@id\":\"https:\/\/www.spottergps.com\/es\/#website\"},\"datePublished\":\"2023-03-29T09:50:52+00:00\",\"dateModified\":\"2023-10-11T13:11:39+00:00\",\"breadcrumb\":{\"@id\":\"https:\/\/www.spottergps.com\/es\/faq\/alcanzar\/restablecer-plan-paso-a-paso-localizador-gps-spotter\/#breadcrumb\"},\"inLanguage\":\"es-ES\",\"potentialAction\":[{\"@type\":\"ReadAction\",\"target\":[\"https:\/\/www.spottergps.com\/es\/faq\/alcanzar\/restablecer-plan-paso-a-paso-localizador-gps-spotter\/\"]}]},{\"@type\":\"BreadcrumbList\",\"@id\":\"https:\/\/www.spottergps.com\/es\/faq\/alcanzar\/restablecer-plan-paso-a-paso-localizador-gps-spotter\/#breadcrumb\",\"itemListElement\":[{\"@type\":\"ListItem\",\"position\":1,\"name\":\"Home\",\"item\":\"https:\/\/www.spottergps.com\/es\/\"},{\"@type\":\"ListItem\",\"position\":2,\"name\":\"\u00bfC\u00f3mo podemos ayudarte?\",\"item\":\"https:\/\/www.spottergps.com\/es\/faq\/\"},{\"@type\":\"ListItem\",\"position\":3,\"name\":\"Cobertura\",\"item\":\"https:\/\/www.spottergps.com\/es\/faq\/alcanzar\/\"},{\"@type\":\"ListItem\",\"position\":4,\"name\":\"Restablecer plan paso a paso Localizador GPS Spotter\"}]},{\"@type\":\"WebSite\",\"@id\":\"https:\/\/www.spottergps.com\/es\/#website\",\"url\":\"https:\/\/www.spottergps.com\/es\/\",\"name\":\"Spotter Spain\",\"description\":\"Para todo lo que amas\",\"publisher\":{\"@id\":\"https:\/\/www.spottergps.com\/es\/#organization\"},\"potentialAction\":[{\"@type\":\"SearchAction\",\"target\":{\"@type\":\"EntryPoint\",\"urlTemplate\":\"https:\/\/www.spottergps.com\/es\/?s={search_term_string}\"},\"query-input\":{\"@type\":\"PropertyValueSpecification\",\"valueRequired\":true,\"valueName\":\"search_term_string\"}}],\"inLanguage\":\"es-ES\"},{\"@type\":\"Organization\",\"@id\":\"https:\/\/www.spottergps.com\/es\/#organization\",\"name\":\"Spotter B.V.\",\"url\":\"https:\/\/www.spottergps.com\/es\/\",\"logo\":{\"@type\":\"ImageObject\",\"inLanguage\":\"es-ES\",\"@id\":\"https:\/\/www.spottergps.com\/es\/#\/schema\/logo\/image\/\",\"url\":\"https:\/\/www.spottergps.com\/es\/wp-content\/uploads\/sites\/7\/2023\/09\/Spotter_logo.png\",\"contentUrl\":\"https:\/\/www.spottergps.com\/es\/wp-content\/uploads\/sites\/7\/2023\/09\/Spotter_logo.png\",\"width\":1500,\"height\":696,\"caption\":\"Spotter B.V.\"},\"image\":{\"@id\":\"https:\/\/www.spottergps.com\/es\/#\/schema\/logo\/image\/\"}}]}<\/script>\n<!-- \/ Yoast SEO plugin. -->","yoast_head_json":{"title":"Restablecer plan paso a paso Localizador GPS Spotter - Spotter Spain","robots":{"index":"index","follow":"follow","max-snippet":"max-snippet:-1","max-image-preview":"max-image-preview:large","max-video-preview":"max-video-preview:-1"},"canonical":"https:\/\/www.spottergps.com\/es\/faq\/alcanzar\/restablecer-plan-paso-a-paso-localizador-gps-spotter\/","og_locale":"es_ES","og_type":"article","og_title":"Restablecer plan paso a paso Localizador GPS Spotter - Spotter Spain","og_description":"Paso 1. Revisa la bater\u00eda Aseg\u00farese de que el Spotter tenga suficiente bater\u00eda. Si la luz LED azul del rastreador GPS Spotter parpadea r\u00e1pidamente, significa que la bater\u00eda tiene menos del 15%. Cargue completamente el Spotter en 2-3 horas. Desconecte el Spotter del cargador cuando est\u00e9 completamente cargado. Paso 2. Cr\u00e9dito prepago Tambi\u00e9n verifique si [&hellip;]","og_url":"https:\/\/www.spottergps.com\/es\/faq\/alcanzar\/restablecer-plan-paso-a-paso-localizador-gps-spotter\/","og_site_name":"Spotter Spain","article_modified_time":"2023-10-11T13:11:39+00:00","twitter_card":"summary_large_image","twitter_misc":{"Tiempo de lectura":"2 minutes"},"schema":{"@context":"https:\/\/schema.org","@graph":[{"@type":"WebPage","@id":"https:\/\/www.spottergps.com\/es\/faq\/alcanzar\/restablecer-plan-paso-a-paso-localizador-gps-spotter\/","url":"https:\/\/www.spottergps.com\/es\/faq\/alcanzar\/restablecer-plan-paso-a-paso-localizador-gps-spotter\/","name":"Restablecer plan paso a paso Localizador GPS Spotter - Spotter Spain","isPartOf":{"@id":"https:\/\/www.spottergps.com\/es\/#website"},"datePublished":"2023-03-29T09:50:52+00:00","dateModified":"2023-10-11T13:11:39+00:00","breadcrumb":{"@id":"https:\/\/www.spottergps.com\/es\/faq\/alcanzar\/restablecer-plan-paso-a-paso-localizador-gps-spotter\/#breadcrumb"},"inLanguage":"es-ES","potentialAction":[{"@type":"ReadAction","target":["https:\/\/www.spottergps.com\/es\/faq\/alcanzar\/restablecer-plan-paso-a-paso-localizador-gps-spotter\/"]}]},{"@type":"BreadcrumbList","@id":"https:\/\/www.spottergps.com\/es\/faq\/alcanzar\/restablecer-plan-paso-a-paso-localizador-gps-spotter\/#breadcrumb","itemListElement":[{"@type":"ListItem","position":1,"name":"Home","item":"https:\/\/www.spottergps.com\/es\/"},{"@type":"ListItem","position":2,"name":"\u00bfC\u00f3mo podemos ayudarte?","item":"https:\/\/www.spottergps.com\/es\/faq\/"},{"@type":"ListItem","position":3,"name":"Cobertura","item":"https:\/\/www.spottergps.com\/es\/faq\/alcanzar\/"},{"@type":"ListItem","position":4,"name":"Restablecer plan paso a paso Localizador GPS Spotter"}]},{"@type":"WebSite","@id":"https:\/\/www.spottergps.com\/es\/#website","url":"https:\/\/www.spottergps.com\/es\/","name":"Spotter Spain","description":"Para todo lo que amas","publisher":{"@id":"https:\/\/www.spottergps.com\/es\/#organization"},"potentialAction":[{"@type":"SearchAction","target":{"@type":"EntryPoint","urlTemplate":"https:\/\/www.spottergps.com\/es\/?s={search_term_string}"},"query-input":{"@type":"PropertyValueSpecification","valueRequired":true,"valueName":"search_term_string"}}],"inLanguage":"es-ES"},{"@type":"Organization","@id":"https:\/\/www.spottergps.com\/es\/#organization","name":"Spotter B.V.","url":"https:\/\/www.spottergps.com\/es\/","logo":{"@type":"ImageObject","inLanguage":"es-ES","@id":"https:\/\/www.spottergps.com\/es\/#\/schema\/logo\/image\/","url":"https:\/\/www.spottergps.com\/es\/wp-content\/uploads\/sites\/7\/2023\/09\/Spotter_logo.png","contentUrl":"https:\/\/www.spottergps.com\/es\/wp-content\/uploads\/sites\/7\/2023\/09\/Spotter_logo.png","width":1500,"height":696,"caption":"Spotter B.V."},"image":{"@id":"https:\/\/www.spottergps.com\/es\/#\/schema\/logo\/image\/"}}]}},"_links":{"self":[{"href":"https:\/\/www.spottergps.com\/es\/wp-json\/wp\/v2\/pages\/138","targetHints":{"allow":["GET"]}}],"collection":[{"href":"https:\/\/www.spottergps.com\/es\/wp-json\/wp\/v2\/pages"}],"about":[{"href":"https:\/\/www.spottergps.com\/es\/wp-json\/wp\/v2\/types\/page"}],"author":[{"embeddable":true,"href":"https:\/\/www.spottergps.com\/es\/wp-json\/wp\/v2\/users\/10"}],"replies":[{"embeddable":true,"href":"https:\/\/www.spottergps.com\/es\/wp-json\/wp\/v2\/comments?post=138"}],"version-history":[{"count":5,"href":"https:\/\/www.spottergps.com\/es\/wp-json\/wp\/v2\/pages\/138\/revisions"}],"predecessor-version":[{"id":1529,"href":"https:\/\/www.spottergps.com\/es\/wp-json\/wp\/v2\/pages\/138\/revisions\/1529"}],"up":[{"embeddable":true,"href":"https:\/\/www.spottergps.com\/es\/wp-json\/wp\/v2\/pages\/119"}],"wp:attachment":[{"href":"https:\/\/www.spottergps.com\/es\/wp-json\/wp\/v2\/media?parent=138"}],"wp:term":[{"taxonomy":"category","embeddable":true,"href":"https:\/\/www.spottergps.com\/es\/wp-json\/wp\/v2\/categories?post=138"},{"taxonomy":"post_tag","embeddable":true,"href":"https:\/\/www.spottergps.com\/es\/wp-json\/wp\/v2\/tags?post=138"}],"curies":[{"name":"wp","href":"https:\/\/api.w.org\/{rel}","templated":true}]}}