{"id":136,"date":"2023-03-29T09:50:09","date_gmt":"2023-03-29T09:50:09","guid":{"rendered":"https:\/\/www.spottergps.com\/es\/?page_id=136"},"modified":"2023-10-11T13:13:34","modified_gmt":"2023-10-11T13:13:34","slug":"restablecer-el-plan-paso-a-paso-pet-spotter","status":"publish","type":"page","link":"https:\/\/www.spottergps.com\/es\/faq\/alcanzar\/restablecer-el-plan-paso-a-paso-pet-spotter\/","title":{"rendered":"Restablecer el plan paso a paso Pet Spotter"},"content":{"rendered":"\n<h3 class=\"wp-block-heading\"><br>Paso 1. Apague el Spotter<\/h3>\n\n\n\n<p>Inicie sesi\u00f3n en su cuenta de Spotter y vaya al mapa. Haga clic en el Spotter y aparecer\u00e1 una pantalla con funciones. Aqu\u00ed hace clic en &#8220;Desactivar Spotter&#8221;.<\/p>\n\n\n\n<h3 class=\"wp-block-heading\">Paso 2. Cargue completamente el detector de mascotas<\/h3>\n\n\n\n<p>Utilice el cable USB suministrado para cargar. El Pet Spotter tiene un cargador magn\u00e9tico que se conecta al Pet Spotter. Cuando el cargador est\u00e1 correctamente conectado, el anillo LED se enciende y parpadea. Tan pronto como el Pet Spotter se haya cargado al 5%, se encender\u00e1 autom\u00e1ticamente y sonar\u00e1 un sonido.<\/p>\n\n\n\n<h3 class=\"wp-block-heading\">Paso 3. Encienda el observador<\/h3>\n\n\n\n<p>El detector de mascotas se enciende autom\u00e1ticamente mientras se carga. De lo contrario, encienda el detector de mascotas manteniendo presionado el bot\u00f3n SOS hasta que el anillo LED se encienda y se escuche un sonido. Ahora lleve el Pet Spotter al exterior para obtener el mejor alcance posible.<\/p>\n\n\n\n<h3 class=\"wp-block-heading\">Paso 4. Obtener la ubicaci\u00f3n<\/h3>\n\n\n\n<p>Solicita la ubicaci\u00f3n manualmente. Inicia sesi\u00f3n en su cuenta de Spotter, va al mapa, hace clic en el Spotter y se abre una pantalla con funciones. Aqu\u00ed haces clic en \u201csolicitar ubicaci\u00f3n\u201d. Recibir\u00e1 la ubicaci\u00f3n actual del Pet Spotter cada 20 segundos durante 3 minutos.<\/p>\n\n\n\n<h3 class=\"wp-block-heading\">Paso 5. Entra la ubicaci\u00f3n<\/h3>\n\n\n\n<p>Recarga la p\u00e1gina. La ubicaci\u00f3n est\u00e1 entrando ahora. \u00bfNo recibiste una ubicaci\u00f3n y seguiste todos los pasos? P\u00f3ngase en contacto con nuestro servicio de atenci\u00f3n al cliente a trav\u00e9s del <a href=\"https:\/\/www.spottergps.com\/es\/servicio-al-cliente\/\" data-type=\"URL\" data-id=\"https:\/\/www.spottergps.com\/es\/servicio-al-cliente\/\">formulario de contacto<\/a>.<\/p>\n","protected":false},"excerpt":{"rendered":"<p>Paso 1. Apague el Spotter Inicie sesi\u00f3n en su cuenta de Spotter y vaya al mapa. Haga clic en el Spotter y aparecer\u00e1 una pantalla con funciones. Aqu\u00ed hace clic en &#8220;Desactivar Spotter&#8221;. Paso 2. Cargue completamente el detector de mascotas Utilice el cable USB suministrado para cargar. El Pet Spotter tiene un cargador magn\u00e9tico [&hellip;]<\/p>\n","protected":false},"author":10,"featured_media":0,"parent":119,"menu_order":0,"comment_status":"closed","ping_status":"closed","template":"faq-content.php","meta":{"_acf_changed":false,"footnotes":""},"categories":[2],"tags":[],"class_list":["post-136","page","type-page","status-publish","hentry","category-faq"],"acf":[],"yoast_head":"<!-- This site is optimized with the Yoast SEO plugin v25.9 - https:\/\/yoast.com\/wordpress\/plugins\/seo\/ -->\n<title>Restablecer el plan paso a paso Pet Spotter - Spotter Spain<\/title>\n<meta name=\"robots\" content=\"index, follow, max-snippet:-1, max-image-preview:large, max-video-preview:-1\" \/>\n<link rel=\"canonical\" href=\"https:\/\/www.spottergps.com\/es\/faq\/alcanzar\/restablecer-el-plan-paso-a-paso-pet-spotter\/\" \/>\n<meta property=\"og:locale\" content=\"es_ES\" \/>\n<meta property=\"og:type\" content=\"article\" \/>\n<meta property=\"og:title\" content=\"Restablecer el plan paso a paso Pet Spotter - Spotter Spain\" \/>\n<meta property=\"og:description\" content=\"Paso 1. Apague el Spotter Inicie sesi\u00f3n en su cuenta de Spotter y vaya al mapa. Haga clic en el Spotter y aparecer\u00e1 una pantalla con funciones. Aqu\u00ed hace clic en &#8220;Desactivar Spotter&#8221;. Paso 2. Cargue completamente el detector de mascotas Utilice el cable USB suministrado para cargar. El Pet Spotter tiene un cargador magn\u00e9tico [&hellip;]\" \/>\n<meta property=\"og:url\" content=\"https:\/\/www.spottergps.com\/es\/faq\/alcanzar\/restablecer-el-plan-paso-a-paso-pet-spotter\/\" \/>\n<meta property=\"og:site_name\" content=\"Spotter Spain\" \/>\n<meta property=\"article:modified_time\" content=\"2023-10-11T13:13:34+00:00\" \/>\n<meta name=\"twitter:card\" content=\"summary_large_image\" \/>\n<meta name=\"twitter:label1\" content=\"Tiempo de lectura\" \/>\n\t<meta name=\"twitter:data1\" content=\"1 minute\" \/>\n<script type=\"application\/ld+json\" class=\"yoast-schema-graph\">{\"@context\":\"https:\/\/schema.org\",\"@graph\":[{\"@type\":\"WebPage\",\"@id\":\"https:\/\/www.spottergps.com\/es\/faq\/alcanzar\/restablecer-el-plan-paso-a-paso-pet-spotter\/\",\"url\":\"https:\/\/www.spottergps.com\/es\/faq\/alcanzar\/restablecer-el-plan-paso-a-paso-pet-spotter\/\",\"name\":\"Restablecer el plan paso a paso Pet Spotter - Spotter Spain\",\"isPartOf\":{\"@id\":\"https:\/\/www.spottergps.com\/es\/#website\"},\"datePublished\":\"2023-03-29T09:50:09+00:00\",\"dateModified\":\"2023-10-11T13:13:34+00:00\",\"breadcrumb\":{\"@id\":\"https:\/\/www.spottergps.com\/es\/faq\/alcanzar\/restablecer-el-plan-paso-a-paso-pet-spotter\/#breadcrumb\"},\"inLanguage\":\"es-ES\",\"potentialAction\":[{\"@type\":\"ReadAction\",\"target\":[\"https:\/\/www.spottergps.com\/es\/faq\/alcanzar\/restablecer-el-plan-paso-a-paso-pet-spotter\/\"]}]},{\"@type\":\"BreadcrumbList\",\"@id\":\"https:\/\/www.spottergps.com\/es\/faq\/alcanzar\/restablecer-el-plan-paso-a-paso-pet-spotter\/#breadcrumb\",\"itemListElement\":[{\"@type\":\"ListItem\",\"position\":1,\"name\":\"Home\",\"item\":\"https:\/\/www.spottergps.com\/es\/\"},{\"@type\":\"ListItem\",\"position\":2,\"name\":\"\u00bfC\u00f3mo podemos ayudarte?\",\"item\":\"https:\/\/www.spottergps.com\/es\/faq\/\"},{\"@type\":\"ListItem\",\"position\":3,\"name\":\"Cobertura\",\"item\":\"https:\/\/www.spottergps.com\/es\/faq\/alcanzar\/\"},{\"@type\":\"ListItem\",\"position\":4,\"name\":\"Restablecer el plan paso a paso Pet Spotter\"}]},{\"@type\":\"WebSite\",\"@id\":\"https:\/\/www.spottergps.com\/es\/#website\",\"url\":\"https:\/\/www.spottergps.com\/es\/\",\"name\":\"Spotter Spain\",\"description\":\"Para todo lo que amas\",\"publisher\":{\"@id\":\"https:\/\/www.spottergps.com\/es\/#organization\"},\"potentialAction\":[{\"@type\":\"SearchAction\",\"target\":{\"@type\":\"EntryPoint\",\"urlTemplate\":\"https:\/\/www.spottergps.com\/es\/?s={search_term_string}\"},\"query-input\":{\"@type\":\"PropertyValueSpecification\",\"valueRequired\":true,\"valueName\":\"search_term_string\"}}],\"inLanguage\":\"es-ES\"},{\"@type\":\"Organization\",\"@id\":\"https:\/\/www.spottergps.com\/es\/#organization\",\"name\":\"Spotter B.V.\",\"url\":\"https:\/\/www.spottergps.com\/es\/\",\"logo\":{\"@type\":\"ImageObject\",\"inLanguage\":\"es-ES\",\"@id\":\"https:\/\/www.spottergps.com\/es\/#\/schema\/logo\/image\/\",\"url\":\"https:\/\/www.spottergps.com\/es\/wp-content\/uploads\/sites\/7\/2023\/09\/Spotter_logo.png\",\"contentUrl\":\"https:\/\/www.spottergps.com\/es\/wp-content\/uploads\/sites\/7\/2023\/09\/Spotter_logo.png\",\"width\":1500,\"height\":696,\"caption\":\"Spotter B.V.\"},\"image\":{\"@id\":\"https:\/\/www.spottergps.com\/es\/#\/schema\/logo\/image\/\"}}]}<\/script>\n<!-- \/ Yoast SEO plugin. -->","yoast_head_json":{"title":"Restablecer el plan paso a paso Pet Spotter - Spotter Spain","robots":{"index":"index","follow":"follow","max-snippet":"max-snippet:-1","max-image-preview":"max-image-preview:large","max-video-preview":"max-video-preview:-1"},"canonical":"https:\/\/www.spottergps.com\/es\/faq\/alcanzar\/restablecer-el-plan-paso-a-paso-pet-spotter\/","og_locale":"es_ES","og_type":"article","og_title":"Restablecer el plan paso a paso Pet Spotter - Spotter Spain","og_description":"Paso 1. Apague el Spotter Inicie sesi\u00f3n en su cuenta de Spotter y vaya al mapa. Haga clic en el Spotter y aparecer\u00e1 una pantalla con funciones. Aqu\u00ed hace clic en &#8220;Desactivar Spotter&#8221;. Paso 2. Cargue completamente el detector de mascotas Utilice el cable USB suministrado para cargar. El Pet Spotter tiene un cargador magn\u00e9tico [&hellip;]","og_url":"https:\/\/www.spottergps.com\/es\/faq\/alcanzar\/restablecer-el-plan-paso-a-paso-pet-spotter\/","og_site_name":"Spotter Spain","article_modified_time":"2023-10-11T13:13:34+00:00","twitter_card":"summary_large_image","twitter_misc":{"Tiempo de lectura":"1 minute"},"schema":{"@context":"https:\/\/schema.org","@graph":[{"@type":"WebPage","@id":"https:\/\/www.spottergps.com\/es\/faq\/alcanzar\/restablecer-el-plan-paso-a-paso-pet-spotter\/","url":"https:\/\/www.spottergps.com\/es\/faq\/alcanzar\/restablecer-el-plan-paso-a-paso-pet-spotter\/","name":"Restablecer el plan paso a paso Pet Spotter - Spotter Spain","isPartOf":{"@id":"https:\/\/www.spottergps.com\/es\/#website"},"datePublished":"2023-03-29T09:50:09+00:00","dateModified":"2023-10-11T13:13:34+00:00","breadcrumb":{"@id":"https:\/\/www.spottergps.com\/es\/faq\/alcanzar\/restablecer-el-plan-paso-a-paso-pet-spotter\/#breadcrumb"},"inLanguage":"es-ES","potentialAction":[{"@type":"ReadAction","target":["https:\/\/www.spottergps.com\/es\/faq\/alcanzar\/restablecer-el-plan-paso-a-paso-pet-spotter\/"]}]},{"@type":"BreadcrumbList","@id":"https:\/\/www.spottergps.com\/es\/faq\/alcanzar\/restablecer-el-plan-paso-a-paso-pet-spotter\/#breadcrumb","itemListElement":[{"@type":"ListItem","position":1,"name":"Home","item":"https:\/\/www.spottergps.com\/es\/"},{"@type":"ListItem","position":2,"name":"\u00bfC\u00f3mo podemos ayudarte?","item":"https:\/\/www.spottergps.com\/es\/faq\/"},{"@type":"ListItem","position":3,"name":"Cobertura","item":"https:\/\/www.spottergps.com\/es\/faq\/alcanzar\/"},{"@type":"ListItem","position":4,"name":"Restablecer el plan paso a paso Pet Spotter"}]},{"@type":"WebSite","@id":"https:\/\/www.spottergps.com\/es\/#website","url":"https:\/\/www.spottergps.com\/es\/","name":"Spotter Spain","description":"Para todo lo que amas","publisher":{"@id":"https:\/\/www.spottergps.com\/es\/#organization"},"potentialAction":[{"@type":"SearchAction","target":{"@type":"EntryPoint","urlTemplate":"https:\/\/www.spottergps.com\/es\/?s={search_term_string}"},"query-input":{"@type":"PropertyValueSpecification","valueRequired":true,"valueName":"search_term_string"}}],"inLanguage":"es-ES"},{"@type":"Organization","@id":"https:\/\/www.spottergps.com\/es\/#organization","name":"Spotter B.V.","url":"https:\/\/www.spottergps.com\/es\/","logo":{"@type":"ImageObject","inLanguage":"es-ES","@id":"https:\/\/www.spottergps.com\/es\/#\/schema\/logo\/image\/","url":"https:\/\/www.spottergps.com\/es\/wp-content\/uploads\/sites\/7\/2023\/09\/Spotter_logo.png","contentUrl":"https:\/\/www.spottergps.com\/es\/wp-content\/uploads\/sites\/7\/2023\/09\/Spotter_logo.png","width":1500,"height":696,"caption":"Spotter B.V."},"image":{"@id":"https:\/\/www.spottergps.com\/es\/#\/schema\/logo\/image\/"}}]}},"_links":{"self":[{"href":"https:\/\/www.spottergps.com\/es\/wp-json\/wp\/v2\/pages\/136","targetHints":{"allow":["GET"]}}],"collection":[{"href":"https:\/\/www.spottergps.com\/es\/wp-json\/wp\/v2\/pages"}],"about":[{"href":"https:\/\/www.spottergps.com\/es\/wp-json\/wp\/v2\/types\/page"}],"author":[{"embeddable":true,"href":"https:\/\/www.spottergps.com\/es\/wp-json\/wp\/v2\/users\/10"}],"replies":[{"embeddable":true,"href":"https:\/\/www.spottergps.com\/es\/wp-json\/wp\/v2\/comments?post=136"}],"version-history":[{"count":3,"href":"https:\/\/www.spottergps.com\/es\/wp-json\/wp\/v2\/pages\/136\/revisions"}],"predecessor-version":[{"id":1530,"href":"https:\/\/www.spottergps.com\/es\/wp-json\/wp\/v2\/pages\/136\/revisions\/1530"}],"up":[{"embeddable":true,"href":"https:\/\/www.spottergps.com\/es\/wp-json\/wp\/v2\/pages\/119"}],"wp:attachment":[{"href":"https:\/\/www.spottergps.com\/es\/wp-json\/wp\/v2\/media?parent=136"}],"wp:term":[{"taxonomy":"category","embeddable":true,"href":"https:\/\/www.spottergps.com\/es\/wp-json\/wp\/v2\/categories?post=136"},{"taxonomy":"post_tag","embeddable":true,"href":"https:\/\/www.spottergps.com\/es\/wp-json\/wp\/v2\/tags?post=136"}],"curies":[{"name":"wp","href":"https:\/\/api.w.org\/{rel}","templated":true}]}}