{"id":134,"date":"2023-03-29T09:48:57","date_gmt":"2023-03-29T09:48:57","guid":{"rendered":"https:\/\/www.spottergps.com\/es\/?page_id=134"},"modified":"2024-07-01T12:27:12","modified_gmt":"2024-07-01T12:27:12","slug":"mi-spotter-no-funciona-en-el-extranjero","status":"publish","type":"page","link":"https:\/\/www.spottergps.com\/es\/faq\/alcanzar\/mi-spotter-no-funciona-en-el-extranjero\/","title":{"rendered":"Mi Spotter no funciona en el extranjero"},"content":{"rendered":"\n<p>Todos nuestros productos funcionan en toda Europa. Puede ver qu\u00e9 pa\u00edses se incluyen <a href=\"https:\/\/www.spottergps.com\/es\/faq\/alcanzar\/en-que-paises-funciona-el-spotter\/\" data-type=\"URL\" data-id=\"https:\/\/www.spottergps.com\/es\/faq\/alcanzar\/en-que-paises-funciona-el-spotter\/\">aqu\u00ed<\/a>. Fuera de Europa, el Spotter no tiene cobertura de red y, por lo tanto, no puede enviar ubicaciones.<\/p>\n\n\n\n<p>Si el Spotter ha estado fuera de Europa y luego Europa pronto, la red m\u00e1s adecuada se seleccionar\u00e1 de inmediato. Si su Spotter no funciona, le recomendamos <a href=\"https:\/\/www.spottergps.com\/es\/faq\/alcanzar\/sin-ubicacion-o-sin-spotter-activo\/\" data-type=\"URL\" data-id=\"https:\/\/www.spottergps.com\/es\/faq\/alcanzar\/sin-ubicacion-o-sin-spotter-activo\/\">que siga estos<\/a> pasos.<\/p>\n","protected":false},"excerpt":{"rendered":"<p>Todos nuestros productos funcionan en toda Europa. Puede ver qu\u00e9 pa\u00edses se incluyen aqu\u00ed. Fuera de Europa, el Spotter no tiene cobertura de red y, por lo tanto, no puede enviar ubicaciones. Si el Spotter ha estado fuera de Europa y luego Europa pronto, la red m\u00e1s adecuada se seleccionar\u00e1 de inmediato. Si su Spotter [&hellip;]<\/p>\n","protected":false},"author":10,"featured_media":0,"parent":119,"menu_order":0,"comment_status":"closed","ping_status":"closed","template":"faq-content.php","meta":{"_acf_changed":false,"footnotes":""},"categories":[2],"tags":[],"class_list":["post-134","page","type-page","status-publish","hentry","category-faq"],"acf":[],"yoast_head":"<!-- This site is optimized with the Yoast SEO plugin v25.9 - https:\/\/yoast.com\/wordpress\/plugins\/seo\/ -->\n<title>Mi Spotter no funciona en el extranjero - Spotter Spain<\/title>\n<meta name=\"robots\" content=\"noindex, nofollow\" \/>\n<meta property=\"og:locale\" content=\"es_ES\" \/>\n<meta property=\"og:type\" content=\"article\" \/>\n<meta property=\"og:title\" content=\"Mi Spotter no funciona en el extranjero - Spotter Spain\" \/>\n<meta property=\"og:description\" content=\"Todos nuestros productos funcionan en toda Europa. Puede ver qu\u00e9 pa\u00edses se incluyen aqu\u00ed. Fuera de Europa, el Spotter no tiene cobertura de red y, por lo tanto, no puede enviar ubicaciones. Si el Spotter ha estado fuera de Europa y luego Europa pronto, la red m\u00e1s adecuada se seleccionar\u00e1 de inmediato. Si su Spotter [&hellip;]\" \/>\n<meta property=\"og:url\" content=\"https:\/\/www.spottergps.com\/es\/faq\/alcanzar\/mi-spotter-no-funciona-en-el-extranjero\/\" \/>\n<meta property=\"og:site_name\" content=\"Spotter Spain\" \/>\n<meta property=\"article:modified_time\" content=\"2024-07-01T12:27:12+00:00\" \/>\n<meta name=\"twitter:card\" content=\"summary_large_image\" \/>\n<meta name=\"twitter:label1\" content=\"Tiempo de lectura\" \/>\n\t<meta name=\"twitter:data1\" content=\"1 minute\" \/>\n<script type=\"application\/ld+json\" class=\"yoast-schema-graph\">{\"@context\":\"https:\/\/schema.org\",\"@graph\":[{\"@type\":\"WebPage\",\"@id\":\"https:\/\/www.spottergps.com\/es\/faq\/alcanzar\/mi-spotter-no-funciona-en-el-extranjero\/\",\"url\":\"https:\/\/www.spottergps.com\/es\/faq\/alcanzar\/mi-spotter-no-funciona-en-el-extranjero\/\",\"name\":\"Mi Spotter no funciona en el extranjero - Spotter Spain\",\"isPartOf\":{\"@id\":\"https:\/\/www.spottergps.com\/es\/#website\"},\"datePublished\":\"2023-03-29T09:48:57+00:00\",\"dateModified\":\"2024-07-01T12:27:12+00:00\",\"breadcrumb\":{\"@id\":\"https:\/\/www.spottergps.com\/es\/faq\/alcanzar\/mi-spotter-no-funciona-en-el-extranjero\/#breadcrumb\"},\"inLanguage\":\"es-ES\",\"potentialAction\":[{\"@type\":\"ReadAction\",\"target\":[\"https:\/\/www.spottergps.com\/es\/faq\/alcanzar\/mi-spotter-no-funciona-en-el-extranjero\/\"]}]},{\"@type\":\"BreadcrumbList\",\"@id\":\"https:\/\/www.spottergps.com\/es\/faq\/alcanzar\/mi-spotter-no-funciona-en-el-extranjero\/#breadcrumb\",\"itemListElement\":[{\"@type\":\"ListItem\",\"position\":1,\"name\":\"Home\",\"item\":\"https:\/\/www.spottergps.com\/es\/\"},{\"@type\":\"ListItem\",\"position\":2,\"name\":\"\u00bfC\u00f3mo podemos ayudarte?\",\"item\":\"https:\/\/www.spottergps.com\/es\/faq\/\"},{\"@type\":\"ListItem\",\"position\":3,\"name\":\"Cobertura\",\"item\":\"https:\/\/www.spottergps.com\/es\/faq\/alcanzar\/\"},{\"@type\":\"ListItem\",\"position\":4,\"name\":\"Mi Spotter no funciona en el extranjero\"}]},{\"@type\":\"WebSite\",\"@id\":\"https:\/\/www.spottergps.com\/es\/#website\",\"url\":\"https:\/\/www.spottergps.com\/es\/\",\"name\":\"Spotter Spain\",\"description\":\"Para todo lo que amas\",\"publisher\":{\"@id\":\"https:\/\/www.spottergps.com\/es\/#organization\"},\"potentialAction\":[{\"@type\":\"SearchAction\",\"target\":{\"@type\":\"EntryPoint\",\"urlTemplate\":\"https:\/\/www.spottergps.com\/es\/?s={search_term_string}\"},\"query-input\":{\"@type\":\"PropertyValueSpecification\",\"valueRequired\":true,\"valueName\":\"search_term_string\"}}],\"inLanguage\":\"es-ES\"},{\"@type\":\"Organization\",\"@id\":\"https:\/\/www.spottergps.com\/es\/#organization\",\"name\":\"Spotter B.V.\",\"url\":\"https:\/\/www.spottergps.com\/es\/\",\"logo\":{\"@type\":\"ImageObject\",\"inLanguage\":\"es-ES\",\"@id\":\"https:\/\/www.spottergps.com\/es\/#\/schema\/logo\/image\/\",\"url\":\"https:\/\/www.spottergps.com\/es\/wp-content\/uploads\/sites\/7\/2023\/09\/Spotter_logo.png\",\"contentUrl\":\"https:\/\/www.spottergps.com\/es\/wp-content\/uploads\/sites\/7\/2023\/09\/Spotter_logo.png\",\"width\":1500,\"height\":696,\"caption\":\"Spotter B.V.\"},\"image\":{\"@id\":\"https:\/\/www.spottergps.com\/es\/#\/schema\/logo\/image\/\"}}]}<\/script>\n<!-- \/ Yoast SEO plugin. -->","yoast_head_json":{"title":"Mi Spotter no funciona en el extranjero - Spotter Spain","robots":{"index":"noindex","follow":"nofollow"},"og_locale":"es_ES","og_type":"article","og_title":"Mi Spotter no funciona en el extranjero - Spotter Spain","og_description":"Todos nuestros productos funcionan en toda Europa. Puede ver qu\u00e9 pa\u00edses se incluyen aqu\u00ed. Fuera de Europa, el Spotter no tiene cobertura de red y, por lo tanto, no puede enviar ubicaciones. Si el Spotter ha estado fuera de Europa y luego Europa pronto, la red m\u00e1s adecuada se seleccionar\u00e1 de inmediato. Si su Spotter [&hellip;]","og_url":"https:\/\/www.spottergps.com\/es\/faq\/alcanzar\/mi-spotter-no-funciona-en-el-extranjero\/","og_site_name":"Spotter Spain","article_modified_time":"2024-07-01T12:27:12+00:00","twitter_card":"summary_large_image","twitter_misc":{"Tiempo de lectura":"1 minute"},"schema":{"@context":"https:\/\/schema.org","@graph":[{"@type":"WebPage","@id":"https:\/\/www.spottergps.com\/es\/faq\/alcanzar\/mi-spotter-no-funciona-en-el-extranjero\/","url":"https:\/\/www.spottergps.com\/es\/faq\/alcanzar\/mi-spotter-no-funciona-en-el-extranjero\/","name":"Mi Spotter no funciona en el extranjero - Spotter Spain","isPartOf":{"@id":"https:\/\/www.spottergps.com\/es\/#website"},"datePublished":"2023-03-29T09:48:57+00:00","dateModified":"2024-07-01T12:27:12+00:00","breadcrumb":{"@id":"https:\/\/www.spottergps.com\/es\/faq\/alcanzar\/mi-spotter-no-funciona-en-el-extranjero\/#breadcrumb"},"inLanguage":"es-ES","potentialAction":[{"@type":"ReadAction","target":["https:\/\/www.spottergps.com\/es\/faq\/alcanzar\/mi-spotter-no-funciona-en-el-extranjero\/"]}]},{"@type":"BreadcrumbList","@id":"https:\/\/www.spottergps.com\/es\/faq\/alcanzar\/mi-spotter-no-funciona-en-el-extranjero\/#breadcrumb","itemListElement":[{"@type":"ListItem","position":1,"name":"Home","item":"https:\/\/www.spottergps.com\/es\/"},{"@type":"ListItem","position":2,"name":"\u00bfC\u00f3mo podemos ayudarte?","item":"https:\/\/www.spottergps.com\/es\/faq\/"},{"@type":"ListItem","position":3,"name":"Cobertura","item":"https:\/\/www.spottergps.com\/es\/faq\/alcanzar\/"},{"@type":"ListItem","position":4,"name":"Mi Spotter no funciona en el extranjero"}]},{"@type":"WebSite","@id":"https:\/\/www.spottergps.com\/es\/#website","url":"https:\/\/www.spottergps.com\/es\/","name":"Spotter Spain","description":"Para todo lo que amas","publisher":{"@id":"https:\/\/www.spottergps.com\/es\/#organization"},"potentialAction":[{"@type":"SearchAction","target":{"@type":"EntryPoint","urlTemplate":"https:\/\/www.spottergps.com\/es\/?s={search_term_string}"},"query-input":{"@type":"PropertyValueSpecification","valueRequired":true,"valueName":"search_term_string"}}],"inLanguage":"es-ES"},{"@type":"Organization","@id":"https:\/\/www.spottergps.com\/es\/#organization","name":"Spotter B.V.","url":"https:\/\/www.spottergps.com\/es\/","logo":{"@type":"ImageObject","inLanguage":"es-ES","@id":"https:\/\/www.spottergps.com\/es\/#\/schema\/logo\/image\/","url":"https:\/\/www.spottergps.com\/es\/wp-content\/uploads\/sites\/7\/2023\/09\/Spotter_logo.png","contentUrl":"https:\/\/www.spottergps.com\/es\/wp-content\/uploads\/sites\/7\/2023\/09\/Spotter_logo.png","width":1500,"height":696,"caption":"Spotter B.V."},"image":{"@id":"https:\/\/www.spottergps.com\/es\/#\/schema\/logo\/image\/"}}]}},"_links":{"self":[{"href":"https:\/\/www.spottergps.com\/es\/wp-json\/wp\/v2\/pages\/134","targetHints":{"allow":["GET"]}}],"collection":[{"href":"https:\/\/www.spottergps.com\/es\/wp-json\/wp\/v2\/pages"}],"about":[{"href":"https:\/\/www.spottergps.com\/es\/wp-json\/wp\/v2\/types\/page"}],"author":[{"embeddable":true,"href":"https:\/\/www.spottergps.com\/es\/wp-json\/wp\/v2\/users\/10"}],"replies":[{"embeddable":true,"href":"https:\/\/www.spottergps.com\/es\/wp-json\/wp\/v2\/comments?post=134"}],"version-history":[{"count":4,"href":"https:\/\/www.spottergps.com\/es\/wp-json\/wp\/v2\/pages\/134\/revisions"}],"predecessor-version":[{"id":1481,"href":"https:\/\/www.spottergps.com\/es\/wp-json\/wp\/v2\/pages\/134\/revisions\/1481"}],"up":[{"embeddable":true,"href":"https:\/\/www.spottergps.com\/es\/wp-json\/wp\/v2\/pages\/119"}],"wp:attachment":[{"href":"https:\/\/www.spottergps.com\/es\/wp-json\/wp\/v2\/media?parent=134"}],"wp:term":[{"taxonomy":"category","embeddable":true,"href":"https:\/\/www.spottergps.com\/es\/wp-json\/wp\/v2\/categories?post=134"},{"taxonomy":"post_tag","embeddable":true,"href":"https:\/\/www.spottergps.com\/es\/wp-json\/wp\/v2\/tags?post=134"}],"curies":[{"name":"wp","href":"https:\/\/api.w.org\/{rel}","templated":true}]}}