{"id":132,"date":"2023-03-29T09:48:15","date_gmt":"2023-03-29T09:48:15","guid":{"rendered":"https:\/\/www.spottergps.com\/es\/?page_id=132"},"modified":"2024-10-14T09:24:12","modified_gmt":"2024-10-14T09:24:12","slug":"en-que-paises-funciona-el-spotter","status":"publish","type":"page","link":"https:\/\/www.spottergps.com\/es\/faq\/alcanzar\/en-que-paises-funciona-el-spotter\/","title":{"rendered":"\u00bfEn qu\u00e9 pa\u00edses funciona el Spotter?"},"content":{"rendered":"<div class=\"wp-block-image\">\n<figure class=\"alignright is-resized\"><img loading=\"lazy\" decoding=\"async\" width=\"480\" height=\"248\" src=\"https:\/\/www.spottergps.com\/es\/wp-content\/uploads\/sites\/7\/2024\/06\/spotter_-_worldwide_coverage_site_480.jpg\" alt=\"\" class=\"wp-image-1822\" style=\"width:585px;height:auto\" srcset=\"https:\/\/www.spottergps.com\/es\/wp-content\/uploads\/sites\/7\/2024\/06\/spotter_-_worldwide_coverage_site_480.jpg 480w, https:\/\/www.spottergps.com\/es\/wp-content\/uploads\/sites\/7\/2024\/06\/spotter_-_worldwide_coverage_site_480-300x155.jpg 300w\" sizes=\"auto, (max-width: 480px) 100vw, 480px\" \/><\/figure><\/div>\n\n\n<p>Todos nuestros productos funcionan de manera est\u00e1ndar en toda Europa, por lo que puede utilizar nuestros rastreadores GPS tambi\u00e9n durante sus vacaciones sin costos adicionales. No se preocupe por los altos costos de datos.<\/p>\n\n\n\n<p><strong>Este verano, adem\u00e1s, ofrecemos la posibilidad de usar nuestros productos fuera de Europa. \u00a1Desde Aruba hasta Malasia, con Spotter viaja por todo el mundo!<\/strong> A continuaci\u00f3n, encontrar\u00e1 una lista de los pa\u00edses disponibles y la cobertura correspondiente.<\/p>\n\n\n\n<p><\/p>\n\n\n\n<p>Es bueno saber: el funcionamiento de nuestros productos siempre depende de la disponibilidad de redes en el pa\u00eds correspondiente.<\/p>\n\n\n\n<p><\/p>\n\n\n\n<p><\/p>\n\n\n\n<p><\/p>\n\n\n\n<h2>\u00a0<\/h2>\n<h2>\u00a0<\/h2>\n<h2>\u00bfCobertura europea o mundial, cu\u00e1l elige usted?<\/h2>\n<p>Todos nuestros productos se pueden utilizar de manera est\u00e1ndar en toda Europa sin costos adicionales. Adem\u00e1s, en la aplicaci\u00f3n Spotter puede optar por la cobertura mundial. Este servicio global est\u00e1 disponible por un costo adicional de 9,95 \u20ac IVA incluido por un mes. \u00a0Consulte a continuaci\u00f3n los pa\u00edses que est\u00e1n bajo la cobertura europea y mundial.<\/p>\n\n\n\n<p><\/p>\n\n\n\n<p class=\"has-medium-font-size\"><strong>Est\u00e1ndar: cobertura europea<\/strong><\/p>\n\n\n\n<ul class=\"wp-block-list\">\n<li>Alemania<\/li>\n\n\n\n<li>Austria<\/li>\n\n\n\n<li>B\u00e9lgica<\/li>\n\n\n\n<li>Bulgaria<\/li>\n\n\n\n<li>Chipre<\/li>\n\n\n\n<li>Croacia<\/li>\n\n\n\n<li>Dinamarca<\/li>\n\n\n\n<li>Eslovaquia<\/li>\n\n\n\n<li>Eslovenia<\/li>\n\n\n\n<li>Espa\u00f1a<\/li>\n\n\n\n<li>Estonia<\/li>\n\n\n\n<li>Finlandia<\/li>\n\n\n\n<li>Francia<\/li>\n\n\n\n<li>Grecia<\/li>\n\n\n\n<li>Hungr\u00eda<\/li>\n\n\n\n<li>Irlanda<\/li>\n\n\n\n<li>Islandia<\/li>\n\n\n\n<li>Italia<\/li>\n\n\n\n<li>Letonia<\/li>\n\n\n\n<li>Liechtenstein<\/li>\n\n\n\n<li>Lituania<\/li>\n\n\n\n<li>Luxemburgo<\/li>\n\n\n\n<li>Malta<\/li>\n\n\n\n<li>Noruega<\/li>\n\n\n\n<li>Pa\u00edses Bajos<\/li>\n\n\n\n<li>Polonia<\/li>\n\n\n\n<li>Portugal<\/li>\n\n\n\n<li>Reino Unido<\/li>\n\n\n\n<li>Rep\u00fablica Checa<\/li>\n\n\n\n<li>Ruman\u00eda<\/li>\n\n\n\n<li>Suecia<\/li>\n\n\n\n<li>Suiza*<\/li>\n<\/ul>\n\n\n\n<p><\/p>\n\n\n\n<p class=\"has-medium-font-size\"><strong>Opcional: cobertura mundial<\/strong><\/p>\n\n\n\n<ul class=\"wp-block-list\">\n<li>Afganist\u00e1n<\/li>\n\n\n\n<li>Albania<\/li>\n\n\n\n<li>Alemania<\/li>\n\n\n\n<li>Andorra<\/li>\n\n\n\n<li>Angola<\/li>\n\n\n\n<li>Antigua y Barbuda<\/li>\n\n\n\n<li>Arabia Saudita<\/li>\n\n\n\n<li>Argelia<\/li>\n\n\n\n<li>Argentina<\/li>\n\n\n\n<li>Armenia<\/li>\n\n\n\n<li>Aruba<\/li>\n\n\n\n<li>Australia*<\/li>\n\n\n\n<li>Austria<\/li>\n\n\n\n<li>Azerbaiy\u00e1n, Rep\u00fablica <\/li>\n\n\n\n<li>Bahamas<\/li>\n\n\n\n<li>Bar\u00e9in<\/li>\n\n\n\n<li>Bangladesh<\/li>\n\n\n\n<li>Barbados<\/li>\n\n\n\n<li>B\u00e9lgica <\/li>\n\n\n\n<li>Belice<\/li>\n\n\n\n<li>Ben\u00edn<\/li>\n\n\n\n<li>Bermudas<\/li>\n\n\n\n<li>Bhut\u00e1n<\/li>\n\n\n\n<li>Bielorrusia, Rep\u00fablica<\/li>\n\n\n\n<li>Bolivia<\/li>\n\n\n\n<li>Bonaire<\/li>\n\n\n\n<li>Bosnia y Herzegovina<\/li>\n\n\n\n<li>Botsuana<\/li>\n\n\n\n<li>Brasil<\/li>\n\n\n\n<li>Brun\u00e9i<\/li>\n\n\n\n<li>Bulgaria<\/li>\n\n\n\n<li>Burkina Faso<\/li>\n\n\n\n<li>Burundi <\/li>\n\n\n\n<li>But\u00e1n<\/li>\n\n\n\n<li>Cabo Verde<\/li>\n\n\n\n<li>Camboya<\/li>\n\n\n\n<li>Camer\u00fan <\/li>\n\n\n\n<li>Canad\u00e1*<\/li>\n\n\n\n<li>Catar<\/li>\n\n\n\n<li>Chad<\/li>\n\n\n\n<li>Chile<\/li>\n\n\n\n<li>China <\/li>\n\n\n\n<li>Chipre<\/li>\n\n\n\n<li>Colombia <\/li>\n\n\n\n<li>Comoras<\/li>\n\n\n\n<li>Congo, Rep\u00fablica<\/li>\n\n\n\n<li>Corea del Norte<\/li>\n\n\n\n<li>Corea del Sur<\/li>\n\n\n\n<li>Costa de Marfil<\/li>\n\n\n\n<li>Costa Rica<\/li>\n\n\n\n<li>Croacia <\/li>\n\n\n\n<li>Cuba<\/li>\n\n\n\n<li>Curazao<\/li>\n\n\n\n<li>Dinamarca<\/li>\n\n\n\n<li>Djibouti<\/li>\n\n\n\n<li>Dominica<\/li>\n\n\n\n<li>Ecuador<\/li>\n\n\n\n<li>Egipto<\/li>\n\n\n\n<li>El Salvador<\/li>\n\n\n\n<li>Emiratos \u00c1rabes Unidos*<\/li>\n\n\n\n<li>Eritrea<\/li>\n\n\n\n<li>Eslovaquia<\/li>\n\n\n\n<li>Eslovenia<\/li>\n\n\n\n<li>Espa\u00f1a<\/li>\n\n\n\n<li>Estados<\/li>\n\n\n\n<li>Unidos*<\/li>\n\n\n\n<li>Estonia <\/li>\n\n\n\n<li>Etiop\u00eda <\/li>\n\n\n\n<li>Fiyi<\/li>\n\n\n\n<li>Filipinas<\/li>\n\n\n\n<li>Finlandia <\/li>\n\n\n\n<li>Francia <\/li>\n\n\n\n<li>Gab\u00f3n<\/li>\n\n\n\n<li>Gambia <\/li>\n\n\n\n<li>Georgia <\/li>\n\n\n\n<li>Ghana <\/li>\n\n\n\n<li>Gibraltar <\/li>\n\n\n\n<li>Granada <\/li>\n\n\n\n<li>Grecia <\/li>\n\n\n\n<li>Groenlandia<\/li>\n\n\n\n<li>Guatemala<\/li>\n\n\n\n<li>Guinea<\/li>\n\n\n\n<li>Guinea Ecuatorial<\/li>\n\n\n\n<li>Guinea-Bissau<\/li>\n\n\n\n<li>Guyana<\/li>\n\n\n\n<li>Hait\u00ed<\/li>\n\n\n\n<li>Honduras<\/li>\n\n\n\n<li>Hungr\u00eda<\/li>\n\n\n\n<li>India<\/li>\n\n\n\n<li>Indonesia<\/li>\n\n\n\n<li>Ir\u00e1n*<\/li>\n\n\n\n<li>Iraq<\/li>\n\n\n\n<li>Irlanda<\/li>\n\n\n\n<li>Islandia<\/li>\n\n\n\n<li>Islas Feroe<\/li>\n\n\n\n<li>Islas Marshall<\/li>\n\n\n\n<li>Islas Salom\u00f3n<\/li>\n\n\n\n<li>Israel<\/li>\n\n\n\n<li>Italia<\/li>\n\n\n\n<li>Jamaica <\/li>\n\n\n\n<li>Jap\u00f3n**<\/li>\n\n\n\n<li>Jordania<\/li>\n\n\n\n<li>Kenia<\/li>\n\n\n\n<li>Kirguist\u00e1n<\/li>\n\n\n\n<li>Kosovo<\/li>\n\n\n\n<li>Kuwait<\/li>\n\n\n\n<li>Laos<\/li>\n\n\n\n<li>Lesoto<\/li>\n\n\n\n<li>Letonia<\/li>\n\n\n\n<li>L\u00edbano<\/li>\n\n\n\n<li>Liberia<\/li>\n\n\n\n<li>Libia <\/li>\n\n\n\n<li>Liechtenstein <\/li>\n\n\n\n<li>Lituania <\/li>\n\n\n\n<li>Luxemburgo <\/li>\n\n\n\n<li>Macedonia, Rep\u00fablica<\/li>\n\n\n\n<li>Madagascar<\/li>\n\n\n\n<li>Malasia<\/li>\n\n\n\n<li>Malaui <\/li>\n\n\n\n<li>Maldivas <\/li>\n\n\n\n<li>Malta<\/li>\n\n\n\n<li>Marruecos <\/li>\n\n\n\n<li>Mauricio<\/li>\n\n\n\n<li>Mauritania <\/li>\n\n\n\n<li>M\u00e9xico<\/li>\n\n\n\n<li>Micronesia<\/li>\n\n\n\n<li>Moldavia, Rep\u00fablica<\/li>\n\n\n\n<li>M\u00f3naco*<\/li>\n\n\n\n<li>Mongolia<\/li>\n\n\n\n<li>Montenegro <\/li>\n\n\n\n<li>Mozambique<\/li>\n\n\n\n<li>Myanmar<\/li>\n\n\n\n<li>Namibia<\/li>\n\n\n\n<li>Nauru <\/li>\n\n\n\n<li>Nepal <\/li>\n\n\n\n<li>Nicaragua <\/li>\n\n\n\n<li>N\u00edger <\/li>\n\n\n\n<li>Nigeria <\/li>\n\n\n\n<li>Noruega <\/li>\n\n\n\n<li>Nueva Zelanda <\/li>\n\n\n\n<li>Om\u00e1n <\/li>\n\n\n\n<li>Pa\u00edses Bajos<\/li>\n\n\n\n<li>Pakist\u00e1n<\/li>\n\n\n\n<li>Palaos<\/li>\n\n\n\n<li>Palestina<\/li>\n\n\n\n<li>Panam\u00e1<\/li>\n\n\n\n<li>Pap\u00faa <\/li>\n\n\n\n<li>Nueva Guinea<\/li>\n\n\n\n<li>Paraguay<\/li>\n\n\n\n<li>Per\u00fa<\/li>\n\n\n\n<li>Polonia<\/li>\n\n\n\n<li>Portugal<\/li>\n\n\n\n<li>Puerto Rico*<\/li>\n\n\n\n<li>Reino Unido<\/li>\n\n\n\n<li>Rep\u00fablica Centroafricana<\/li>\n\n\n\n<li>Rep\u00fablica Checa<\/li>\n\n\n\n<li>Rep\u00fablica Democr\u00e1tica del Congo<\/li>\n\n\n\n<li>Rep\u00fablica Dominicana<\/li>\n\n\n\n<li>Reuni\u00f3n<\/li>\n\n\n\n<li>Ruanda<\/li>\n\n\n\n<li>Ruman\u00eda<\/li>\n\n\n\n<li>Rusia<\/li>\n\n\n\n<li>Sahara Occidental<\/li>\n\n\n\n<li>Samoa<\/li>\n\n\n\n<li>San Crist\u00f3bal y Nieves<\/li>\n\n\n\n<li>San Marino<\/li>\n\n\n\n<li>San Vicente y las Granadinas <\/li>\n\n\n\n<li>Santa Luc\u00eda<\/li>\n\n\n\n<li>Santo Tom\u00e9 y Pr\u00edncipe<\/li>\n\n\n\n<li>Senegal<\/li>\n\n\n\n<li>Serbia<\/li>\n\n\n\n<li>Seychelles<\/li>\n\n\n\n<li>Sierra Leona<\/li>\n\n\n\n<li>Singapur*<\/li>\n\n\n\n<li>Siria<\/li>\n\n\n\n<li>Somalia <\/li>\n\n\n\n<li>Sri Lanka<\/li>\n\n\n\n<li>Suazilandia<\/li>\n\n\n\n<li>Sud\u00e1frica<\/li>\n\n\n\n<li>Sud\u00e1n<\/li>\n\n\n\n<li>Sud\u00e1n del Sur<\/li>\n\n\n\n<li>Suecia<\/li>\n\n\n\n<li>Suiza*<\/li>\n\n\n\n<li>Surinam <\/li>\n\n\n\n<li>Tailandia <\/li>\n\n\n\n<li>Taiw\u00e1n*<\/li>\n\n\n\n<li>Tanzania<\/li>\n\n\n\n<li>Tayikist\u00e1n <\/li>\n\n\n\n<li>Timor Oriental<\/li>\n\n\n\n<li>Togo<\/li>\n\n\n\n<li>Tonga<\/li>\n\n\n\n<li>Trinidad y Tobago*<\/li>\n\n\n\n<li>T\u00fanez<\/li>\n\n\n\n<li>Turkmenist\u00e1n <\/li>\n\n\n\n<li>Turqu\u00eda<\/li>\n\n\n\n<li>Tuvalu<\/li>\n\n\n\n<li>Ucrania<\/li>\n\n\n\n<li>Uganda<\/li>\n\n\n\n<li>Uruguay<\/li>\n\n\n\n<li>Uzbekist\u00e1n<\/li>\n\n\n\n<li>Vanuatu<\/li>\n\n\n\n<li>Vaticano<\/li>\n\n\n\n<li>Venezuela <\/li>\n\n\n\n<li>Vietnam<\/li>\n\n\n\n<li>Yemen<\/li>\n\n\n\n<li>Yibuti <\/li>\n\n\n\n<li>Zambia <\/li>\n\n\n\n<li>Zimbabue<\/li>\n<\/ul>\n\n\n\n<p><\/p>\n\n\n\n<p><span style=\"font-size: revert\">Tags: Europa, extranjero, mundo, vacaciones, cobertura, alcance.<\/span><\/p>\n\n\n\n<p><span style=\"font-size: revert\">* solo disponible en rastreadores GPS 4G<\/span><\/p>\n","protected":false},"excerpt":{"rendered":"<p>Todos nuestros productos funcionan de manera est\u00e1ndar en toda Europa, por lo que puede utilizar nuestros rastreadores GPS tambi\u00e9n durante sus vacaciones sin costos adicionales. No se preocupe por los altos costos de datos. Este verano, adem\u00e1s, ofrecemos la posibilidad de usar nuestros productos fuera de Europa. \u00a1Desde Aruba hasta Malasia, con Spotter viaja por [&hellip;]<\/p>\n","protected":false},"author":10,"featured_media":0,"parent":119,"menu_order":0,"comment_status":"closed","ping_status":"closed","template":"faq-content.php","meta":{"_acf_changed":false,"footnotes":""},"categories":[2],"tags":[],"class_list":["post-132","page","type-page","status-publish","hentry","category-faq"],"acf":[],"yoast_head":"<!-- This site is optimized with the Yoast SEO plugin v25.9 - https:\/\/yoast.com\/wordpress\/plugins\/seo\/ -->\n<title>\u00bfEn qu\u00e9 pa\u00edses funciona el Spotter? - Spotter Spain<\/title>\n<meta name=\"robots\" content=\"noindex, nofollow\" \/>\n<meta property=\"og:locale\" content=\"es_ES\" \/>\n<meta property=\"og:type\" content=\"article\" \/>\n<meta property=\"og:title\" content=\"\u00bfEn qu\u00e9 pa\u00edses funciona el Spotter? - Spotter Spain\" \/>\n<meta property=\"og:description\" content=\"Todos nuestros productos funcionan de manera est\u00e1ndar en toda Europa, por lo que puede utilizar nuestros rastreadores GPS tambi\u00e9n durante sus vacaciones sin costos adicionales. No se preocupe por los altos costos de datos. Este verano, adem\u00e1s, ofrecemos la posibilidad de usar nuestros productos fuera de Europa. \u00a1Desde Aruba hasta Malasia, con Spotter viaja por [&hellip;]\" \/>\n<meta property=\"og:url\" content=\"https:\/\/www.spottergps.com\/es\/faq\/alcanzar\/en-que-paises-funciona-el-spotter\/\" \/>\n<meta property=\"og:site_name\" content=\"Spotter Spain\" \/>\n<meta property=\"article:modified_time\" content=\"2024-10-14T09:24:12+00:00\" \/>\n<meta property=\"og:image\" content=\"https:\/\/www.spottergps.com\/es\/wp-content\/uploads\/sites\/7\/2024\/06\/spotter_-_worldwide_coverage_site_480.jpg\" \/>\n<meta name=\"twitter:card\" content=\"summary_large_image\" \/>\n<meta name=\"twitter:label1\" content=\"Tiempo de lectura\" \/>\n\t<meta name=\"twitter:data1\" content=\"3 minutes\" \/>\n<script type=\"application\/ld+json\" class=\"yoast-schema-graph\">{\"@context\":\"https:\/\/schema.org\",\"@graph\":[{\"@type\":\"WebPage\",\"@id\":\"https:\/\/www.spottergps.com\/es\/faq\/alcanzar\/en-que-paises-funciona-el-spotter\/\",\"url\":\"https:\/\/www.spottergps.com\/es\/faq\/alcanzar\/en-que-paises-funciona-el-spotter\/\",\"name\":\"\u00bfEn qu\u00e9 pa\u00edses funciona el Spotter? - Spotter Spain\",\"isPartOf\":{\"@id\":\"https:\/\/www.spottergps.com\/es\/#website\"},\"primaryImageOfPage\":{\"@id\":\"https:\/\/www.spottergps.com\/es\/faq\/alcanzar\/en-que-paises-funciona-el-spotter\/#primaryimage\"},\"image\":{\"@id\":\"https:\/\/www.spottergps.com\/es\/faq\/alcanzar\/en-que-paises-funciona-el-spotter\/#primaryimage\"},\"thumbnailUrl\":\"https:\/\/www.spottergps.com\/es\/wp-content\/uploads\/sites\/7\/2024\/06\/spotter_-_worldwide_coverage_site_480.jpg\",\"datePublished\":\"2023-03-29T09:48:15+00:00\",\"dateModified\":\"2024-10-14T09:24:12+00:00\",\"breadcrumb\":{\"@id\":\"https:\/\/www.spottergps.com\/es\/faq\/alcanzar\/en-que-paises-funciona-el-spotter\/#breadcrumb\"},\"inLanguage\":\"es-ES\",\"potentialAction\":[{\"@type\":\"ReadAction\",\"target\":[\"https:\/\/www.spottergps.com\/es\/faq\/alcanzar\/en-que-paises-funciona-el-spotter\/\"]}]},{\"@type\":\"ImageObject\",\"inLanguage\":\"es-ES\",\"@id\":\"https:\/\/www.spottergps.com\/es\/faq\/alcanzar\/en-que-paises-funciona-el-spotter\/#primaryimage\",\"url\":\"https:\/\/www.spottergps.com\/es\/wp-content\/uploads\/sites\/7\/2024\/06\/spotter_-_worldwide_coverage_site_480.jpg\",\"contentUrl\":\"https:\/\/www.spottergps.com\/es\/wp-content\/uploads\/sites\/7\/2024\/06\/spotter_-_worldwide_coverage_site_480.jpg\",\"width\":480,\"height\":248},{\"@type\":\"BreadcrumbList\",\"@id\":\"https:\/\/www.spottergps.com\/es\/faq\/alcanzar\/en-que-paises-funciona-el-spotter\/#breadcrumb\",\"itemListElement\":[{\"@type\":\"ListItem\",\"position\":1,\"name\":\"Home\",\"item\":\"https:\/\/www.spottergps.com\/es\/\"},{\"@type\":\"ListItem\",\"position\":2,\"name\":\"\u00bfC\u00f3mo podemos ayudarte?\",\"item\":\"https:\/\/www.spottergps.com\/es\/faq\/\"},{\"@type\":\"ListItem\",\"position\":3,\"name\":\"Cobertura\",\"item\":\"https:\/\/www.spottergps.com\/es\/faq\/alcanzar\/\"},{\"@type\":\"ListItem\",\"position\":4,\"name\":\"\u00bfEn qu\u00e9 pa\u00edses funciona el Spotter?\"}]},{\"@type\":\"WebSite\",\"@id\":\"https:\/\/www.spottergps.com\/es\/#website\",\"url\":\"https:\/\/www.spottergps.com\/es\/\",\"name\":\"Spotter Spain\",\"description\":\"Para todo lo que amas\",\"publisher\":{\"@id\":\"https:\/\/www.spottergps.com\/es\/#organization\"},\"potentialAction\":[{\"@type\":\"SearchAction\",\"target\":{\"@type\":\"EntryPoint\",\"urlTemplate\":\"https:\/\/www.spottergps.com\/es\/?s={search_term_string}\"},\"query-input\":{\"@type\":\"PropertyValueSpecification\",\"valueRequired\":true,\"valueName\":\"search_term_string\"}}],\"inLanguage\":\"es-ES\"},{\"@type\":\"Organization\",\"@id\":\"https:\/\/www.spottergps.com\/es\/#organization\",\"name\":\"Spotter B.V.\",\"url\":\"https:\/\/www.spottergps.com\/es\/\",\"logo\":{\"@type\":\"ImageObject\",\"inLanguage\":\"es-ES\",\"@id\":\"https:\/\/www.spottergps.com\/es\/#\/schema\/logo\/image\/\",\"url\":\"https:\/\/www.spottergps.com\/es\/wp-content\/uploads\/sites\/7\/2023\/09\/Spotter_logo.png\",\"contentUrl\":\"https:\/\/www.spottergps.com\/es\/wp-content\/uploads\/sites\/7\/2023\/09\/Spotter_logo.png\",\"width\":1500,\"height\":696,\"caption\":\"Spotter B.V.\"},\"image\":{\"@id\":\"https:\/\/www.spottergps.com\/es\/#\/schema\/logo\/image\/\"}}]}<\/script>\n<!-- \/ Yoast SEO plugin. -->","yoast_head_json":{"title":"\u00bfEn qu\u00e9 pa\u00edses funciona el Spotter? - Spotter Spain","robots":{"index":"noindex","follow":"nofollow"},"og_locale":"es_ES","og_type":"article","og_title":"\u00bfEn qu\u00e9 pa\u00edses funciona el Spotter? - Spotter Spain","og_description":"Todos nuestros productos funcionan de manera est\u00e1ndar en toda Europa, por lo que puede utilizar nuestros rastreadores GPS tambi\u00e9n durante sus vacaciones sin costos adicionales. No se preocupe por los altos costos de datos. Este verano, adem\u00e1s, ofrecemos la posibilidad de usar nuestros productos fuera de Europa. \u00a1Desde Aruba hasta Malasia, con Spotter viaja por [&hellip;]","og_url":"https:\/\/www.spottergps.com\/es\/faq\/alcanzar\/en-que-paises-funciona-el-spotter\/","og_site_name":"Spotter Spain","article_modified_time":"2024-10-14T09:24:12+00:00","og_image":[{"url":"https:\/\/www.spottergps.com\/es\/wp-content\/uploads\/sites\/7\/2024\/06\/spotter_-_worldwide_coverage_site_480.jpg","type":"","width":"","height":""}],"twitter_card":"summary_large_image","twitter_misc":{"Tiempo de lectura":"3 minutes"},"schema":{"@context":"https:\/\/schema.org","@graph":[{"@type":"WebPage","@id":"https:\/\/www.spottergps.com\/es\/faq\/alcanzar\/en-que-paises-funciona-el-spotter\/","url":"https:\/\/www.spottergps.com\/es\/faq\/alcanzar\/en-que-paises-funciona-el-spotter\/","name":"\u00bfEn qu\u00e9 pa\u00edses funciona el Spotter? - Spotter Spain","isPartOf":{"@id":"https:\/\/www.spottergps.com\/es\/#website"},"primaryImageOfPage":{"@id":"https:\/\/www.spottergps.com\/es\/faq\/alcanzar\/en-que-paises-funciona-el-spotter\/#primaryimage"},"image":{"@id":"https:\/\/www.spottergps.com\/es\/faq\/alcanzar\/en-que-paises-funciona-el-spotter\/#primaryimage"},"thumbnailUrl":"https:\/\/www.spottergps.com\/es\/wp-content\/uploads\/sites\/7\/2024\/06\/spotter_-_worldwide_coverage_site_480.jpg","datePublished":"2023-03-29T09:48:15+00:00","dateModified":"2024-10-14T09:24:12+00:00","breadcrumb":{"@id":"https:\/\/www.spottergps.com\/es\/faq\/alcanzar\/en-que-paises-funciona-el-spotter\/#breadcrumb"},"inLanguage":"es-ES","potentialAction":[{"@type":"ReadAction","target":["https:\/\/www.spottergps.com\/es\/faq\/alcanzar\/en-que-paises-funciona-el-spotter\/"]}]},{"@type":"ImageObject","inLanguage":"es-ES","@id":"https:\/\/www.spottergps.com\/es\/faq\/alcanzar\/en-que-paises-funciona-el-spotter\/#primaryimage","url":"https:\/\/www.spottergps.com\/es\/wp-content\/uploads\/sites\/7\/2024\/06\/spotter_-_worldwide_coverage_site_480.jpg","contentUrl":"https:\/\/www.spottergps.com\/es\/wp-content\/uploads\/sites\/7\/2024\/06\/spotter_-_worldwide_coverage_site_480.jpg","width":480,"height":248},{"@type":"BreadcrumbList","@id":"https:\/\/www.spottergps.com\/es\/faq\/alcanzar\/en-que-paises-funciona-el-spotter\/#breadcrumb","itemListElement":[{"@type":"ListItem","position":1,"name":"Home","item":"https:\/\/www.spottergps.com\/es\/"},{"@type":"ListItem","position":2,"name":"\u00bfC\u00f3mo podemos ayudarte?","item":"https:\/\/www.spottergps.com\/es\/faq\/"},{"@type":"ListItem","position":3,"name":"Cobertura","item":"https:\/\/www.spottergps.com\/es\/faq\/alcanzar\/"},{"@type":"ListItem","position":4,"name":"\u00bfEn qu\u00e9 pa\u00edses funciona el Spotter?"}]},{"@type":"WebSite","@id":"https:\/\/www.spottergps.com\/es\/#website","url":"https:\/\/www.spottergps.com\/es\/","name":"Spotter Spain","description":"Para todo lo que amas","publisher":{"@id":"https:\/\/www.spottergps.com\/es\/#organization"},"potentialAction":[{"@type":"SearchAction","target":{"@type":"EntryPoint","urlTemplate":"https:\/\/www.spottergps.com\/es\/?s={search_term_string}"},"query-input":{"@type":"PropertyValueSpecification","valueRequired":true,"valueName":"search_term_string"}}],"inLanguage":"es-ES"},{"@type":"Organization","@id":"https:\/\/www.spottergps.com\/es\/#organization","name":"Spotter B.V.","url":"https:\/\/www.spottergps.com\/es\/","logo":{"@type":"ImageObject","inLanguage":"es-ES","@id":"https:\/\/www.spottergps.com\/es\/#\/schema\/logo\/image\/","url":"https:\/\/www.spottergps.com\/es\/wp-content\/uploads\/sites\/7\/2023\/09\/Spotter_logo.png","contentUrl":"https:\/\/www.spottergps.com\/es\/wp-content\/uploads\/sites\/7\/2023\/09\/Spotter_logo.png","width":1500,"height":696,"caption":"Spotter B.V."},"image":{"@id":"https:\/\/www.spottergps.com\/es\/#\/schema\/logo\/image\/"}}]}},"_links":{"self":[{"href":"https:\/\/www.spottergps.com\/es\/wp-json\/wp\/v2\/pages\/132","targetHints":{"allow":["GET"]}}],"collection":[{"href":"https:\/\/www.spottergps.com\/es\/wp-json\/wp\/v2\/pages"}],"about":[{"href":"https:\/\/www.spottergps.com\/es\/wp-json\/wp\/v2\/types\/page"}],"author":[{"embeddable":true,"href":"https:\/\/www.spottergps.com\/es\/wp-json\/wp\/v2\/users\/10"}],"replies":[{"embeddable":true,"href":"https:\/\/www.spottergps.com\/es\/wp-json\/wp\/v2\/comments?post=132"}],"version-history":[{"count":14,"href":"https:\/\/www.spottergps.com\/es\/wp-json\/wp\/v2\/pages\/132\/revisions"}],"predecessor-version":[{"id":1994,"href":"https:\/\/www.spottergps.com\/es\/wp-json\/wp\/v2\/pages\/132\/revisions\/1994"}],"up":[{"embeddable":true,"href":"https:\/\/www.spottergps.com\/es\/wp-json\/wp\/v2\/pages\/119"}],"wp:attachment":[{"href":"https:\/\/www.spottergps.com\/es\/wp-json\/wp\/v2\/media?parent=132"}],"wp:term":[{"taxonomy":"category","embeddable":true,"href":"https:\/\/www.spottergps.com\/es\/wp-json\/wp\/v2\/categories?post=132"},{"taxonomy":"post_tag","embeddable":true,"href":"https:\/\/www.spottergps.com\/es\/wp-json\/wp\/v2\/tags?post=132"}],"curies":[{"name":"wp","href":"https:\/\/api.w.org\/{rel}","templated":true}]}}