{"id":121,"date":"2023-03-29T09:44:10","date_gmt":"2023-03-29T09:44:10","guid":{"rendered":"https:\/\/www.spottergps.com\/es\/?page_id=121"},"modified":"2024-07-01T12:24:54","modified_gmt":"2024-07-01T12:24:54","slug":"sin-ubicacion-o-sin-spotter-activo","status":"publish","type":"page","link":"https:\/\/www.spottergps.com\/es\/faq\/alcanzar\/sin-ubicacion-o-sin-spotter-activo\/","title":{"rendered":"\u00bfSin ubicaci\u00f3n o sin Spotter activo?"},"content":{"rendered":"Si su Spotter no proporciona una ubicaci\u00f3n y deber\u00eda hacerlo, hemos elaborado un plan paso a paso para restablecer el Spotter. Haz clic en el producto que tienes a continuaci\u00f3n y sigue los pasos.\n<div class=\"wp-block-columns\">\n<div class=\"wp-block-column\">\n<h2>Spotter GPS tracker<\/h2>\n<!-- \/wp:post-content -->\n\n<!-- wp:tadv\/classic-paragraph -->\n\nSiga el plan paso a paso para el localizador GPS Spotter.\n\n<a href=\"https:\/\/www.spottergps.com\/es\/faq\/alcanzar\/restablecer-plan-paso-a-paso-localizador-gps-spotter\/\">Ver el plan paso a paso<\/a>\n\n<!-- \/wp:tadv\/classic-paragraph -->\n\n<\/div>\n<!-- \/wp:column -->\n\n<!-- wp:column -->\n<div class=\"wp-block-column\"><!-- wp:image {\"align\":\"center\",\"id\":17490,\"width\":240,\"height\":234,\"sizeSlug\":\"large\"} -->\n<div class=\"wp-block-image\">\n<figure class=\"aligncenter size-large is-resized\"><img loading=\"lazy\" decoding=\"async\" class=\"wp-image-17490 alignnone\" src=\"https:\/\/www.spottergps.com\/wp-content\/uploads\/2021\/10\/Dock.jpg\" alt=\"GPS tracker - Spotter\" width=\"240\" height=\"234\" \/><\/figure>\n<\/div>\n<!-- \/wp:image -->\n\n<\/div>\n<!-- \/wp:column -->\n\n<\/div>\n<!-- \/wp:columns -->\n\n<!-- wp:columns -->\n<div class=\"wp-block-columns\"><!-- wp:column -->\n<div class=\"wp-block-column\">\n<h2>Spotter GPS Watch<\/h2>\n<!-- \/wp:heading -->\n\n<!-- wp:tadv\/classic-paragraph -->\n\nSiga el plan paso a paso para el reloj Spotter GPS.\n<a href=\"https:\/\/www.spottergps.com\/es\/faq\/alcanzar\/restablecer-plan-paso-a-paso-spotter-reloj-gps\/\">Ver el plan paso a paso<\/a><!-- \/wp:tadv\/classic-paragraph -->\n\n<\/div>\n<!-- \/wp:column -->\n\n<!-- wp:column -->\n<div class=\"wp-block-column\"><!-- wp:image {\"align\":\"center\",\"id\":14311,\"width\":475,\"height\":290,\"sizeSlug\":\"large\"} -->\n<div class=\"wp-block-image\">\n<figure class=\"aligncenter size-large is-resized\"><img loading=\"lazy\" decoding=\"async\" class=\"wp-image-14311\" src=\"https:\/\/www.spottergps.com\/wp-content\/uploads\/2019\/11\/Spotter-GPS-Watch-Black.jpg\" alt=\"Spotter GPS Watch - Black\" width=\"475\" height=\"290\" \/><\/figure>\n<\/div>\n<!-- \/wp:image -->\n\n<\/div>\n<!-- \/wp:column -->\n\n<\/div>\n<!-- \/wp:columns -->\n\n<!-- wp:tadv\/classic-paragraph \/-->\n<div class=\"wp-block-columns\"><!-- wp:column -->\n<div class=\"wp-block-column\">\n<h2>Pet Spotter (gatos y perros)<\/h2>\n<!-- \/wp:heading -->\n\n<!-- wp:tadv\/classic-paragraph -->\n\nSiga el plan paso a paso para Pet Spotter.\n<a href=\"https:\/\/www.spottergps.com\/es\/faq\/alcanzar\/restablecer-el-plan-paso-a-paso-pet-spotter\/\">Ver el plan paso a paso<\/a>\n\n<!-- \/wp:tadv\/classic-paragraph -->\n\n<\/div>\n<!-- \/wp:column -->\n\n<!-- wp:column -->\n<div class=\"wp-block-column\"><!-- wp:image {\"align\":\"center\",\"id\":16975,\"width\":290,\"height\":329,\"sizeSlug\":\"large\"} -->\n<div class=\"wp-block-image\">\n<figure class=\"aligncenter size-large is-resized\"><img loading=\"lazy\" decoding=\"async\" class=\"wp-image-16975\" src=\"https:\/\/www.spottergps.com\/wp-content\/uploads\/2021\/04\/Spotter-GPS-Poes-903x1024.jpg\" alt=\"Spotter - GPS Poes\" width=\"290\" height=\"329\" \/><\/figure>\n<\/div>\n<!-- \/wp:image -->\n\n<\/div>\n<!-- \/wp:column -->\n\n<\/div>\n<!-- \/wp:columns -->\n\n<!-- wp:tadv\/classic-paragraph \/-->\n<div class=\"wp-block-columns\">\n<div class=\"wp-block-column\">\n<h2>Spotter GPS Watch &#8211; Air<\/h2>\n<!-- \/wp:heading -->\n\n<!-- wp:tadv\/classic-paragraph -->\n\nSiga el plan paso a paso para el reloj Spotter GPS \u2013 Air. <a href=\"https:\/\/www.spottergps.com\/es\/faq\/alcanzar\/restablecer-plan-paso-a-paso-spotter-reloj-gps-aire\/\">Ver el plan paso a paso<\/a>\n\n<!-- \/wp:tadv\/classic-paragraph -->\n\n<\/div>\n<!-- \/wp:column -->\n\n<!-- wp:column -->\n<div class=\"wp-block-column\"><!-- wp:image {\"align\":\"center\",\"id\":17490,\"width\":240,\"height\":234,\"sizeSlug\":\"large\"} -->\n<div class=\"wp-block-image\">\n<figure class=\"aligncenter size-large is-resized\"><img loading=\"lazy\" decoding=\"async\" class=\"wp-image-17490 alignnone\" src=\"http:\/\/www.spottergps.com\/es\/wp-content\/uploads\/sites\/7\/2023\/10\/Spotter-Air-Black-2-300x300.jpg\" alt=\"Spotter-Air-Black-2\" width=\"240\" height=\"234\" \/><\/figure>\n<\/div>\n<!-- \/wp:image -->\n\n<\/div>\n<!-- \/wp:column -->\n\n<\/div>","protected":false},"excerpt":{"rendered":"<p>Si su Spotter no proporciona una ubicaci\u00f3n y deber\u00eda hacerlo, hemos elaborado un plan paso a paso para restablecer el Spotter. Haz clic en el producto que tienes a continuaci\u00f3n y sigue los pasos. Spotter GPS tracker Siga el plan paso a paso para el localizador GPS Spotter. Ver el plan paso a paso Spotter [&hellip;]<\/p>\n","protected":false},"author":10,"featured_media":0,"parent":119,"menu_order":0,"comment_status":"closed","ping_status":"closed","template":"faq-content.php","meta":{"_acf_changed":false,"footnotes":""},"categories":[2],"tags":[],"class_list":["post-121","page","type-page","status-publish","hentry","category-faq"],"acf":[],"yoast_head":"<!-- This site is optimized with the Yoast SEO plugin v25.9 - https:\/\/yoast.com\/wordpress\/plugins\/seo\/ -->\n<title>\u00bfSin ubicaci\u00f3n o sin Spotter activo? - Spotter Spain<\/title>\n<meta name=\"robots\" content=\"noindex, nofollow\" \/>\n<meta property=\"og:locale\" content=\"es_ES\" \/>\n<meta property=\"og:type\" content=\"article\" \/>\n<meta property=\"og:title\" content=\"\u00bfSin ubicaci\u00f3n o sin Spotter activo? - Spotter Spain\" \/>\n<meta property=\"og:description\" content=\"Si su Spotter no proporciona una ubicaci\u00f3n y deber\u00eda hacerlo, hemos elaborado un plan paso a paso para restablecer el Spotter. Haz clic en el producto que tienes a continuaci\u00f3n y sigue los pasos. Spotter GPS tracker Siga el plan paso a paso para el localizador GPS Spotter. Ver el plan paso a paso Spotter [&hellip;]\" \/>\n<meta property=\"og:url\" content=\"https:\/\/www.spottergps.com\/es\/faq\/alcanzar\/sin-ubicacion-o-sin-spotter-activo\/\" \/>\n<meta property=\"og:site_name\" content=\"Spotter Spain\" \/>\n<meta property=\"article:modified_time\" content=\"2024-07-01T12:24:54+00:00\" \/>\n<meta property=\"og:image\" content=\"https:\/\/www.spottergps.com\/wp-content\/uploads\/2021\/10\/Dock.jpg\" \/>\n<meta name=\"twitter:card\" content=\"summary_large_image\" \/>\n<meta name=\"twitter:label1\" content=\"Tiempo de lectura\" \/>\n\t<meta name=\"twitter:data1\" content=\"2 minutes\" \/>\n<script type=\"application\/ld+json\" class=\"yoast-schema-graph\">{\"@context\":\"https:\/\/schema.org\",\"@graph\":[{\"@type\":\"WebPage\",\"@id\":\"https:\/\/www.spottergps.com\/es\/faq\/alcanzar\/sin-ubicacion-o-sin-spotter-activo\/\",\"url\":\"https:\/\/www.spottergps.com\/es\/faq\/alcanzar\/sin-ubicacion-o-sin-spotter-activo\/\",\"name\":\"\u00bfSin ubicaci\u00f3n o sin Spotter activo? - Spotter Spain\",\"isPartOf\":{\"@id\":\"https:\/\/www.spottergps.com\/es\/#website\"},\"primaryImageOfPage\":{\"@id\":\"https:\/\/www.spottergps.com\/es\/faq\/alcanzar\/sin-ubicacion-o-sin-spotter-activo\/#primaryimage\"},\"image\":{\"@id\":\"https:\/\/www.spottergps.com\/es\/faq\/alcanzar\/sin-ubicacion-o-sin-spotter-activo\/#primaryimage\"},\"thumbnailUrl\":\"https:\/\/www.spottergps.com\/wp-content\/uploads\/2021\/10\/Dock.jpg\",\"datePublished\":\"2023-03-29T09:44:10+00:00\",\"dateModified\":\"2024-07-01T12:24:54+00:00\",\"breadcrumb\":{\"@id\":\"https:\/\/www.spottergps.com\/es\/faq\/alcanzar\/sin-ubicacion-o-sin-spotter-activo\/#breadcrumb\"},\"inLanguage\":\"es-ES\",\"potentialAction\":[{\"@type\":\"ReadAction\",\"target\":[\"https:\/\/www.spottergps.com\/es\/faq\/alcanzar\/sin-ubicacion-o-sin-spotter-activo\/\"]}]},{\"@type\":\"ImageObject\",\"inLanguage\":\"es-ES\",\"@id\":\"https:\/\/www.spottergps.com\/es\/faq\/alcanzar\/sin-ubicacion-o-sin-spotter-activo\/#primaryimage\",\"url\":\"https:\/\/www.spottergps.com\/wp-content\/uploads\/2021\/10\/Dock.jpg\",\"contentUrl\":\"https:\/\/www.spottergps.com\/wp-content\/uploads\/2021\/10\/Dock.jpg\"},{\"@type\":\"BreadcrumbList\",\"@id\":\"https:\/\/www.spottergps.com\/es\/faq\/alcanzar\/sin-ubicacion-o-sin-spotter-activo\/#breadcrumb\",\"itemListElement\":[{\"@type\":\"ListItem\",\"position\":1,\"name\":\"Home\",\"item\":\"https:\/\/www.spottergps.com\/es\/\"},{\"@type\":\"ListItem\",\"position\":2,\"name\":\"\u00bfC\u00f3mo podemos ayudarte?\",\"item\":\"https:\/\/www.spottergps.com\/es\/faq\/\"},{\"@type\":\"ListItem\",\"position\":3,\"name\":\"Cobertura\",\"item\":\"https:\/\/www.spottergps.com\/es\/faq\/alcanzar\/\"},{\"@type\":\"ListItem\",\"position\":4,\"name\":\"\u00bfSin ubicaci\u00f3n o sin Spotter activo?\"}]},{\"@type\":\"WebSite\",\"@id\":\"https:\/\/www.spottergps.com\/es\/#website\",\"url\":\"https:\/\/www.spottergps.com\/es\/\",\"name\":\"Spotter Spain\",\"description\":\"Para todo lo que amas\",\"publisher\":{\"@id\":\"https:\/\/www.spottergps.com\/es\/#organization\"},\"potentialAction\":[{\"@type\":\"SearchAction\",\"target\":{\"@type\":\"EntryPoint\",\"urlTemplate\":\"https:\/\/www.spottergps.com\/es\/?s={search_term_string}\"},\"query-input\":{\"@type\":\"PropertyValueSpecification\",\"valueRequired\":true,\"valueName\":\"search_term_string\"}}],\"inLanguage\":\"es-ES\"},{\"@type\":\"Organization\",\"@id\":\"https:\/\/www.spottergps.com\/es\/#organization\",\"name\":\"Spotter B.V.\",\"url\":\"https:\/\/www.spottergps.com\/es\/\",\"logo\":{\"@type\":\"ImageObject\",\"inLanguage\":\"es-ES\",\"@id\":\"https:\/\/www.spottergps.com\/es\/#\/schema\/logo\/image\/\",\"url\":\"https:\/\/www.spottergps.com\/es\/wp-content\/uploads\/sites\/7\/2023\/09\/Spotter_logo.png\",\"contentUrl\":\"https:\/\/www.spottergps.com\/es\/wp-content\/uploads\/sites\/7\/2023\/09\/Spotter_logo.png\",\"width\":1500,\"height\":696,\"caption\":\"Spotter B.V.\"},\"image\":{\"@id\":\"https:\/\/www.spottergps.com\/es\/#\/schema\/logo\/image\/\"}}]}<\/script>\n<!-- \/ Yoast SEO plugin. -->","yoast_head_json":{"title":"\u00bfSin ubicaci\u00f3n o sin Spotter activo? - Spotter Spain","robots":{"index":"noindex","follow":"nofollow"},"og_locale":"es_ES","og_type":"article","og_title":"\u00bfSin ubicaci\u00f3n o sin Spotter activo? - Spotter Spain","og_description":"Si su Spotter no proporciona una ubicaci\u00f3n y deber\u00eda hacerlo, hemos elaborado un plan paso a paso para restablecer el Spotter. Haz clic en el producto que tienes a continuaci\u00f3n y sigue los pasos. Spotter GPS tracker Siga el plan paso a paso para el localizador GPS Spotter. Ver el plan paso a paso Spotter [&hellip;]","og_url":"https:\/\/www.spottergps.com\/es\/faq\/alcanzar\/sin-ubicacion-o-sin-spotter-activo\/","og_site_name":"Spotter Spain","article_modified_time":"2024-07-01T12:24:54+00:00","og_image":[{"url":"https:\/\/www.spottergps.com\/wp-content\/uploads\/2021\/10\/Dock.jpg","type":"","width":"","height":""}],"twitter_card":"summary_large_image","twitter_misc":{"Tiempo de lectura":"2 minutes"},"schema":{"@context":"https:\/\/schema.org","@graph":[{"@type":"WebPage","@id":"https:\/\/www.spottergps.com\/es\/faq\/alcanzar\/sin-ubicacion-o-sin-spotter-activo\/","url":"https:\/\/www.spottergps.com\/es\/faq\/alcanzar\/sin-ubicacion-o-sin-spotter-activo\/","name":"\u00bfSin ubicaci\u00f3n o sin Spotter activo? - Spotter Spain","isPartOf":{"@id":"https:\/\/www.spottergps.com\/es\/#website"},"primaryImageOfPage":{"@id":"https:\/\/www.spottergps.com\/es\/faq\/alcanzar\/sin-ubicacion-o-sin-spotter-activo\/#primaryimage"},"image":{"@id":"https:\/\/www.spottergps.com\/es\/faq\/alcanzar\/sin-ubicacion-o-sin-spotter-activo\/#primaryimage"},"thumbnailUrl":"https:\/\/www.spottergps.com\/wp-content\/uploads\/2021\/10\/Dock.jpg","datePublished":"2023-03-29T09:44:10+00:00","dateModified":"2024-07-01T12:24:54+00:00","breadcrumb":{"@id":"https:\/\/www.spottergps.com\/es\/faq\/alcanzar\/sin-ubicacion-o-sin-spotter-activo\/#breadcrumb"},"inLanguage":"es-ES","potentialAction":[{"@type":"ReadAction","target":["https:\/\/www.spottergps.com\/es\/faq\/alcanzar\/sin-ubicacion-o-sin-spotter-activo\/"]}]},{"@type":"ImageObject","inLanguage":"es-ES","@id":"https:\/\/www.spottergps.com\/es\/faq\/alcanzar\/sin-ubicacion-o-sin-spotter-activo\/#primaryimage","url":"https:\/\/www.spottergps.com\/wp-content\/uploads\/2021\/10\/Dock.jpg","contentUrl":"https:\/\/www.spottergps.com\/wp-content\/uploads\/2021\/10\/Dock.jpg"},{"@type":"BreadcrumbList","@id":"https:\/\/www.spottergps.com\/es\/faq\/alcanzar\/sin-ubicacion-o-sin-spotter-activo\/#breadcrumb","itemListElement":[{"@type":"ListItem","position":1,"name":"Home","item":"https:\/\/www.spottergps.com\/es\/"},{"@type":"ListItem","position":2,"name":"\u00bfC\u00f3mo podemos ayudarte?","item":"https:\/\/www.spottergps.com\/es\/faq\/"},{"@type":"ListItem","position":3,"name":"Cobertura","item":"https:\/\/www.spottergps.com\/es\/faq\/alcanzar\/"},{"@type":"ListItem","position":4,"name":"\u00bfSin ubicaci\u00f3n o sin Spotter activo?"}]},{"@type":"WebSite","@id":"https:\/\/www.spottergps.com\/es\/#website","url":"https:\/\/www.spottergps.com\/es\/","name":"Spotter Spain","description":"Para todo lo que amas","publisher":{"@id":"https:\/\/www.spottergps.com\/es\/#organization"},"potentialAction":[{"@type":"SearchAction","target":{"@type":"EntryPoint","urlTemplate":"https:\/\/www.spottergps.com\/es\/?s={search_term_string}"},"query-input":{"@type":"PropertyValueSpecification","valueRequired":true,"valueName":"search_term_string"}}],"inLanguage":"es-ES"},{"@type":"Organization","@id":"https:\/\/www.spottergps.com\/es\/#organization","name":"Spotter B.V.","url":"https:\/\/www.spottergps.com\/es\/","logo":{"@type":"ImageObject","inLanguage":"es-ES","@id":"https:\/\/www.spottergps.com\/es\/#\/schema\/logo\/image\/","url":"https:\/\/www.spottergps.com\/es\/wp-content\/uploads\/sites\/7\/2023\/09\/Spotter_logo.png","contentUrl":"https:\/\/www.spottergps.com\/es\/wp-content\/uploads\/sites\/7\/2023\/09\/Spotter_logo.png","width":1500,"height":696,"caption":"Spotter B.V."},"image":{"@id":"https:\/\/www.spottergps.com\/es\/#\/schema\/logo\/image\/"}}]}},"_links":{"self":[{"href":"https:\/\/www.spottergps.com\/es\/wp-json\/wp\/v2\/pages\/121","targetHints":{"allow":["GET"]}}],"collection":[{"href":"https:\/\/www.spottergps.com\/es\/wp-json\/wp\/v2\/pages"}],"about":[{"href":"https:\/\/www.spottergps.com\/es\/wp-json\/wp\/v2\/types\/page"}],"author":[{"embeddable":true,"href":"https:\/\/www.spottergps.com\/es\/wp-json\/wp\/v2\/users\/10"}],"replies":[{"embeddable":true,"href":"https:\/\/www.spottergps.com\/es\/wp-json\/wp\/v2\/comments?post=121"}],"version-history":[{"count":22,"href":"https:\/\/www.spottergps.com\/es\/wp-json\/wp\/v2\/pages\/121\/revisions"}],"predecessor-version":[{"id":1564,"href":"https:\/\/www.spottergps.com\/es\/wp-json\/wp\/v2\/pages\/121\/revisions\/1564"}],"up":[{"embeddable":true,"href":"https:\/\/www.spottergps.com\/es\/wp-json\/wp\/v2\/pages\/119"}],"wp:attachment":[{"href":"https:\/\/www.spottergps.com\/es\/wp-json\/wp\/v2\/media?parent=121"}],"wp:term":[{"taxonomy":"category","embeddable":true,"href":"https:\/\/www.spottergps.com\/es\/wp-json\/wp\/v2\/categories?post=121"},{"taxonomy":"post_tag","embeddable":true,"href":"https:\/\/www.spottergps.com\/es\/wp-json\/wp\/v2\/tags?post=121"}],"curies":[{"name":"wp","href":"https:\/\/api.w.org\/{rel}","templated":true}]}}