{"id":117,"date":"2023-03-29T09:42:14","date_gmt":"2023-03-29T09:42:14","guid":{"rendered":"https:\/\/www.spottergps.com\/es\/?page_id=117"},"modified":"2024-07-01T12:29:30","modified_gmt":"2024-07-01T12:29:30","slug":"cual-es-la-duracion-de-la-bateria","status":"publish","type":"page","link":"https:\/\/www.spottergps.com\/es\/faq\/bateria-y-carga\/cual-es-la-duracion-de-la-bateria\/","title":{"rendered":"\u00bfCu\u00e1l es la duraci\u00f3n de la bater\u00eda?"},"content":{"rendered":"\n<p><br><strong>Rastreador GPS del observador<\/strong><\/p>\n\n\n\n<p>La bater\u00eda del Spotter GPS Tracker puede durar hasta 7 d\u00edas, dependiendo del uso. Con un uso intensivo, el Spotter durar\u00e1 entre 2 y 4 d\u00edas de media. El rastreador GPS Spotter proporciona una ubicaci\u00f3n cada 60 segundos cuando est\u00e1 en movimiento y cada 30 minutos cuando est\u00e1 parado.<\/p>\n\n\n\n<p><strong>Reloj GPS de observaci\u00f3n<\/strong><\/p>\n\n\n\n<p>La bater\u00eda del Spotter GPS Watch tiene un tiempo de espera m\u00e1ximo de 7 d\u00edas. Aqu\u00ed tambi\u00e9n, la duraci\u00f3n de la bater\u00eda es de una media de entre 2 y 4 d\u00edas. Dependiendo del uso. El reloj Spotter GPS proporciona una ubicaci\u00f3n cada 2 minutos cuando est\u00e1 en movimiento y cada 5 horas cuando est\u00e1 parado. Tambi\u00e9n puede solicitar la ubicaci\u00f3n manualmente, despu\u00e9s de lo cual ver\u00e1 una ubicaci\u00f3n cada 20 segundos durante 3 minutos.<\/p>\n\n\n\n<p><strong>Reloj Spotter GPS \u2013 Air<\/strong><\/p>\n\n\n\n<p>La bater\u00eda del Reloj Spotter GPS &#8211; Air tiene un tiempo m\u00e1ximo de espera de 5 d\u00edas. Aqu\u00ed tambi\u00e9n, la duraci\u00f3n de la bater\u00eda es un promedio de 3 d\u00edas. Dependiendo del uso. El reloj Spotter GPS &#8211; Air proporciona una ubicaci\u00f3n cada 2 minutos cuando est\u00e1 en movimiento y cada hora cuando est\u00e1 parado. Tambi\u00e9n puede solicitar la ubicaci\u00f3n manualmente, despu\u00e9s de lo cual ver\u00e1 una ubicaci\u00f3n cada 20 segundos durante 3 minutos.<\/p>\n\n\n\n<p><strong>Observador de mascotas<\/strong><\/p>\n\n\n\n<p>La bater\u00eda del Pet Spotter puede durar hasta 3 d\u00edas, seg\u00fan el uso. Con un uso intensivo, el Spotter durar\u00e1 entre 1 y 2 d\u00edas de media. El Pet Spotter proporciona una ubicaci\u00f3n cada 5 minutos cuando est\u00e1 en movimiento y cada 30 minutos cuando est\u00e1 parado. Tambi\u00e9n puede solicitar la ubicaci\u00f3n manualmente, despu\u00e9s de lo cual ver\u00e1 una ubicaci\u00f3n cada 20 segundos durante 3 minutos.<\/p>\n","protected":false},"excerpt":{"rendered":"<p>Rastreador GPS del observador La bater\u00eda del Spotter GPS Tracker puede durar hasta 7 d\u00edas, dependiendo del uso. Con un uso intensivo, el Spotter durar\u00e1 entre 2 y 4 d\u00edas de media. El rastreador GPS Spotter proporciona una ubicaci\u00f3n cada 60 segundos cuando est\u00e1 en movimiento y cada 30 minutos cuando est\u00e1 parado. Reloj GPS [&hellip;]<\/p>\n","protected":false},"author":10,"featured_media":0,"parent":103,"menu_order":0,"comment_status":"closed","ping_status":"closed","template":"faq-content.php","meta":{"_acf_changed":false,"footnotes":""},"categories":[2],"tags":[],"class_list":["post-117","page","type-page","status-publish","hentry","category-faq"],"acf":[],"yoast_head":"<!-- This site is optimized with the Yoast SEO plugin v25.9 - https:\/\/yoast.com\/wordpress\/plugins\/seo\/ -->\n<title>\u00bfCu\u00e1l es la duraci\u00f3n de la bater\u00eda? - Spotter Spain<\/title>\n<meta name=\"robots\" content=\"noindex, nofollow\" \/>\n<meta property=\"og:locale\" content=\"es_ES\" \/>\n<meta property=\"og:type\" content=\"article\" \/>\n<meta property=\"og:title\" content=\"\u00bfCu\u00e1l es la duraci\u00f3n de la bater\u00eda? - Spotter Spain\" \/>\n<meta property=\"og:description\" content=\"Rastreador GPS del observador La bater\u00eda del Spotter GPS Tracker puede durar hasta 7 d\u00edas, dependiendo del uso. Con un uso intensivo, el Spotter durar\u00e1 entre 2 y 4 d\u00edas de media. El rastreador GPS Spotter proporciona una ubicaci\u00f3n cada 60 segundos cuando est\u00e1 en movimiento y cada 30 minutos cuando est\u00e1 parado. Reloj GPS [&hellip;]\" \/>\n<meta property=\"og:url\" content=\"https:\/\/www.spottergps.com\/es\/faq\/bateria-y-carga\/cual-es-la-duracion-de-la-bateria\/\" \/>\n<meta property=\"og:site_name\" content=\"Spotter Spain\" \/>\n<meta property=\"article:modified_time\" content=\"2024-07-01T12:29:30+00:00\" \/>\n<meta name=\"twitter:card\" content=\"summary_large_image\" \/>\n<meta name=\"twitter:label1\" content=\"Tiempo de lectura\" \/>\n\t<meta name=\"twitter:data1\" content=\"2 minutes\" \/>\n<script type=\"application\/ld+json\" class=\"yoast-schema-graph\">{\"@context\":\"https:\/\/schema.org\",\"@graph\":[{\"@type\":\"WebPage\",\"@id\":\"https:\/\/www.spottergps.com\/es\/faq\/bateria-y-carga\/cual-es-la-duracion-de-la-bateria\/\",\"url\":\"https:\/\/www.spottergps.com\/es\/faq\/bateria-y-carga\/cual-es-la-duracion-de-la-bateria\/\",\"name\":\"\u00bfCu\u00e1l es la duraci\u00f3n de la bater\u00eda? - Spotter Spain\",\"isPartOf\":{\"@id\":\"https:\/\/www.spottergps.com\/es\/#website\"},\"datePublished\":\"2023-03-29T09:42:14+00:00\",\"dateModified\":\"2024-07-01T12:29:30+00:00\",\"breadcrumb\":{\"@id\":\"https:\/\/www.spottergps.com\/es\/faq\/bateria-y-carga\/cual-es-la-duracion-de-la-bateria\/#breadcrumb\"},\"inLanguage\":\"es-ES\",\"potentialAction\":[{\"@type\":\"ReadAction\",\"target\":[\"https:\/\/www.spottergps.com\/es\/faq\/bateria-y-carga\/cual-es-la-duracion-de-la-bateria\/\"]}]},{\"@type\":\"BreadcrumbList\",\"@id\":\"https:\/\/www.spottergps.com\/es\/faq\/bateria-y-carga\/cual-es-la-duracion-de-la-bateria\/#breadcrumb\",\"itemListElement\":[{\"@type\":\"ListItem\",\"position\":1,\"name\":\"Home\",\"item\":\"https:\/\/www.spottergps.com\/es\/\"},{\"@type\":\"ListItem\",\"position\":2,\"name\":\"\u00bfC\u00f3mo podemos ayudarte?\",\"item\":\"https:\/\/www.spottergps.com\/es\/faq\/\"},{\"@type\":\"ListItem\",\"position\":3,\"name\":\"Bater\u00eda y Carga\",\"item\":\"https:\/\/www.spottergps.com\/es\/faq\/bateria-y-carga\/\"},{\"@type\":\"ListItem\",\"position\":4,\"name\":\"\u00bfCu\u00e1l es la duraci\u00f3n de la bater\u00eda?\"}]},{\"@type\":\"WebSite\",\"@id\":\"https:\/\/www.spottergps.com\/es\/#website\",\"url\":\"https:\/\/www.spottergps.com\/es\/\",\"name\":\"Spotter Spain\",\"description\":\"Para todo lo que amas\",\"publisher\":{\"@id\":\"https:\/\/www.spottergps.com\/es\/#organization\"},\"potentialAction\":[{\"@type\":\"SearchAction\",\"target\":{\"@type\":\"EntryPoint\",\"urlTemplate\":\"https:\/\/www.spottergps.com\/es\/?s={search_term_string}\"},\"query-input\":{\"@type\":\"PropertyValueSpecification\",\"valueRequired\":true,\"valueName\":\"search_term_string\"}}],\"inLanguage\":\"es-ES\"},{\"@type\":\"Organization\",\"@id\":\"https:\/\/www.spottergps.com\/es\/#organization\",\"name\":\"Spotter B.V.\",\"url\":\"https:\/\/www.spottergps.com\/es\/\",\"logo\":{\"@type\":\"ImageObject\",\"inLanguage\":\"es-ES\",\"@id\":\"https:\/\/www.spottergps.com\/es\/#\/schema\/logo\/image\/\",\"url\":\"https:\/\/www.spottergps.com\/es\/wp-content\/uploads\/sites\/7\/2023\/09\/Spotter_logo.png\",\"contentUrl\":\"https:\/\/www.spottergps.com\/es\/wp-content\/uploads\/sites\/7\/2023\/09\/Spotter_logo.png\",\"width\":1500,\"height\":696,\"caption\":\"Spotter B.V.\"},\"image\":{\"@id\":\"https:\/\/www.spottergps.com\/es\/#\/schema\/logo\/image\/\"}}]}<\/script>\n<!-- \/ Yoast SEO plugin. -->","yoast_head_json":{"title":"\u00bfCu\u00e1l es la duraci\u00f3n de la bater\u00eda? - Spotter Spain","robots":{"index":"noindex","follow":"nofollow"},"og_locale":"es_ES","og_type":"article","og_title":"\u00bfCu\u00e1l es la duraci\u00f3n de la bater\u00eda? - Spotter Spain","og_description":"Rastreador GPS del observador La bater\u00eda del Spotter GPS Tracker puede durar hasta 7 d\u00edas, dependiendo del uso. Con un uso intensivo, el Spotter durar\u00e1 entre 2 y 4 d\u00edas de media. El rastreador GPS Spotter proporciona una ubicaci\u00f3n cada 60 segundos cuando est\u00e1 en movimiento y cada 30 minutos cuando est\u00e1 parado. Reloj GPS [&hellip;]","og_url":"https:\/\/www.spottergps.com\/es\/faq\/bateria-y-carga\/cual-es-la-duracion-de-la-bateria\/","og_site_name":"Spotter Spain","article_modified_time":"2024-07-01T12:29:30+00:00","twitter_card":"summary_large_image","twitter_misc":{"Tiempo de lectura":"2 minutes"},"schema":{"@context":"https:\/\/schema.org","@graph":[{"@type":"WebPage","@id":"https:\/\/www.spottergps.com\/es\/faq\/bateria-y-carga\/cual-es-la-duracion-de-la-bateria\/","url":"https:\/\/www.spottergps.com\/es\/faq\/bateria-y-carga\/cual-es-la-duracion-de-la-bateria\/","name":"\u00bfCu\u00e1l es la duraci\u00f3n de la bater\u00eda? - Spotter Spain","isPartOf":{"@id":"https:\/\/www.spottergps.com\/es\/#website"},"datePublished":"2023-03-29T09:42:14+00:00","dateModified":"2024-07-01T12:29:30+00:00","breadcrumb":{"@id":"https:\/\/www.spottergps.com\/es\/faq\/bateria-y-carga\/cual-es-la-duracion-de-la-bateria\/#breadcrumb"},"inLanguage":"es-ES","potentialAction":[{"@type":"ReadAction","target":["https:\/\/www.spottergps.com\/es\/faq\/bateria-y-carga\/cual-es-la-duracion-de-la-bateria\/"]}]},{"@type":"BreadcrumbList","@id":"https:\/\/www.spottergps.com\/es\/faq\/bateria-y-carga\/cual-es-la-duracion-de-la-bateria\/#breadcrumb","itemListElement":[{"@type":"ListItem","position":1,"name":"Home","item":"https:\/\/www.spottergps.com\/es\/"},{"@type":"ListItem","position":2,"name":"\u00bfC\u00f3mo podemos ayudarte?","item":"https:\/\/www.spottergps.com\/es\/faq\/"},{"@type":"ListItem","position":3,"name":"Bater\u00eda y Carga","item":"https:\/\/www.spottergps.com\/es\/faq\/bateria-y-carga\/"},{"@type":"ListItem","position":4,"name":"\u00bfCu\u00e1l es la duraci\u00f3n de la bater\u00eda?"}]},{"@type":"WebSite","@id":"https:\/\/www.spottergps.com\/es\/#website","url":"https:\/\/www.spottergps.com\/es\/","name":"Spotter Spain","description":"Para todo lo que amas","publisher":{"@id":"https:\/\/www.spottergps.com\/es\/#organization"},"potentialAction":[{"@type":"SearchAction","target":{"@type":"EntryPoint","urlTemplate":"https:\/\/www.spottergps.com\/es\/?s={search_term_string}"},"query-input":{"@type":"PropertyValueSpecification","valueRequired":true,"valueName":"search_term_string"}}],"inLanguage":"es-ES"},{"@type":"Organization","@id":"https:\/\/www.spottergps.com\/es\/#organization","name":"Spotter B.V.","url":"https:\/\/www.spottergps.com\/es\/","logo":{"@type":"ImageObject","inLanguage":"es-ES","@id":"https:\/\/www.spottergps.com\/es\/#\/schema\/logo\/image\/","url":"https:\/\/www.spottergps.com\/es\/wp-content\/uploads\/sites\/7\/2023\/09\/Spotter_logo.png","contentUrl":"https:\/\/www.spottergps.com\/es\/wp-content\/uploads\/sites\/7\/2023\/09\/Spotter_logo.png","width":1500,"height":696,"caption":"Spotter B.V."},"image":{"@id":"https:\/\/www.spottergps.com\/es\/#\/schema\/logo\/image\/"}}]}},"_links":{"self":[{"href":"https:\/\/www.spottergps.com\/es\/wp-json\/wp\/v2\/pages\/117","targetHints":{"allow":["GET"]}}],"collection":[{"href":"https:\/\/www.spottergps.com\/es\/wp-json\/wp\/v2\/pages"}],"about":[{"href":"https:\/\/www.spottergps.com\/es\/wp-json\/wp\/v2\/types\/page"}],"author":[{"embeddable":true,"href":"https:\/\/www.spottergps.com\/es\/wp-json\/wp\/v2\/users\/10"}],"replies":[{"embeddable":true,"href":"https:\/\/www.spottergps.com\/es\/wp-json\/wp\/v2\/comments?post=117"}],"version-history":[{"count":6,"href":"https:\/\/www.spottergps.com\/es\/wp-json\/wp\/v2\/pages\/117\/revisions"}],"predecessor-version":[{"id":1499,"href":"https:\/\/www.spottergps.com\/es\/wp-json\/wp\/v2\/pages\/117\/revisions\/1499"}],"up":[{"embeddable":true,"href":"https:\/\/www.spottergps.com\/es\/wp-json\/wp\/v2\/pages\/103"}],"wp:attachment":[{"href":"https:\/\/www.spottergps.com\/es\/wp-json\/wp\/v2\/media?parent=117"}],"wp:term":[{"taxonomy":"category","embeddable":true,"href":"https:\/\/www.spottergps.com\/es\/wp-json\/wp\/v2\/categories?post=117"},{"taxonomy":"post_tag","embeddable":true,"href":"https:\/\/www.spottergps.com\/es\/wp-json\/wp\/v2\/tags?post=117"}],"curies":[{"name":"wp","href":"https:\/\/api.w.org\/{rel}","templated":true}]}}