{"id":111,"date":"2023-03-29T09:40:29","date_gmt":"2023-03-29T09:40:29","guid":{"rendered":"https:\/\/www.spottergps.com\/es\/?page_id=111"},"modified":"2024-07-01T12:27:39","modified_gmt":"2024-07-01T12:27:39","slug":"rastreador-gps-spotter-de-carga","status":"publish","type":"page","link":"https:\/\/www.spottergps.com\/es\/faq\/bateria-y-carga\/rastreador-gps-spotter-de-carga\/","title":{"rendered":"Rastreador GPS Spotter de carga"},"content":{"rendered":"\n<p><strong>Spotter GPS tracker (2G)<\/strong><br>En el paquete encontrar\u00e1s un cable USB m\u00e1s un cargador USB. Se usa para cargar el <a href=\"https:\/\/shop.spottergps.com\/es\/spotter%20gps%20tracker.html\" data-type=\"URL\" data-id=\"https:\/\/shop.spottergps.com\/es\/spotter%20gps%20tracker.html\">localizador GPS Spotter<\/a>. Conecte el cable USB al cargador USB y con\u00e9ctelo a la toma. Inserte el extremo del cable USB en el puerto del costado del rastreador GPS Spotter. El rastreador GPS Spotter se carga por completo en 2 a 3 horas.<\/p>\n\n\n\n<p id=\"tw-target-text\"><strong>Localizador GPS Spotter X10 (4G) <\/strong><br>En el paquete encontrar\u00e1 un cable USB con un dise\u00f1o de carga magn\u00e9tico que facilita la carga. Conecta el im\u00e1n a los puntos de carga en la parte posterior del rastreador GPS y la salida USB a un cargador USB. La carga comienza inmediatamente. Despu\u00e9s de la conexi\u00f3n, sigue una breve vibraci\u00f3n. De esta forma sabr\u00e1s que el cable est\u00e1 conectado correctamente.<\/p>\n\n\n\n<p><strong>Sugerencia<\/strong>: tambi\u00e9n puede cargar el rastreador GPS Spotter con el Spotter Dock. Una pr\u00e1ctica estaci\u00f3n de carga donde puede colocar f\u00e1cilmente el Spotter para cargarlo. Puedes pedirlo en nuestra <a href=\"https:\/\/shop.spottergps.com\/es\/spotter-dock.html\" data-type=\"URL\" data-id=\"https:\/\/shop.spottergps.com\/es\/spotter-dock.html\">tienda web<\/a>.<\/p>\n","protected":false},"excerpt":{"rendered":"<p>Spotter GPS tracker (2G)En el paquete encontrar\u00e1s un cable USB m\u00e1s un cargador USB. Se usa para cargar el localizador GPS Spotter. Conecte el cable USB al cargador USB y con\u00e9ctelo a la toma. Inserte el extremo del cable USB en el puerto del costado del rastreador GPS Spotter. El rastreador GPS Spotter se carga [&hellip;]<\/p>\n","protected":false},"author":10,"featured_media":0,"parent":103,"menu_order":0,"comment_status":"closed","ping_status":"closed","template":"faq-content.php","meta":{"_acf_changed":false,"footnotes":""},"categories":[2],"tags":[],"class_list":["post-111","page","type-page","status-publish","hentry","category-faq"],"acf":[],"yoast_head":"<!-- This site is optimized with the Yoast SEO plugin v25.9 - https:\/\/yoast.com\/wordpress\/plugins\/seo\/ -->\n<title>Rastreador GPS Spotter de carga - Spotter Spain<\/title>\n<meta name=\"robots\" content=\"noindex, nofollow\" \/>\n<meta property=\"og:locale\" content=\"es_ES\" \/>\n<meta property=\"og:type\" content=\"article\" \/>\n<meta property=\"og:title\" content=\"Rastreador GPS Spotter de carga - Spotter Spain\" \/>\n<meta property=\"og:description\" content=\"Spotter GPS tracker (2G)En el paquete encontrar\u00e1s un cable USB m\u00e1s un cargador USB. Se usa para cargar el localizador GPS Spotter. Conecte el cable USB al cargador USB y con\u00e9ctelo a la toma. Inserte el extremo del cable USB en el puerto del costado del rastreador GPS Spotter. El rastreador GPS Spotter se carga [&hellip;]\" \/>\n<meta property=\"og:url\" content=\"https:\/\/www.spottergps.com\/es\/faq\/bateria-y-carga\/rastreador-gps-spotter-de-carga\/\" \/>\n<meta property=\"og:site_name\" content=\"Spotter Spain\" \/>\n<meta property=\"article:modified_time\" content=\"2024-07-01T12:27:39+00:00\" \/>\n<meta name=\"twitter:card\" content=\"summary_large_image\" \/>\n<meta name=\"twitter:label1\" content=\"Tiempo de lectura\" \/>\n\t<meta name=\"twitter:data1\" content=\"1 minute\" \/>\n<script type=\"application\/ld+json\" class=\"yoast-schema-graph\">{\"@context\":\"https:\/\/schema.org\",\"@graph\":[{\"@type\":\"WebPage\",\"@id\":\"https:\/\/www.spottergps.com\/es\/faq\/bateria-y-carga\/rastreador-gps-spotter-de-carga\/\",\"url\":\"https:\/\/www.spottergps.com\/es\/faq\/bateria-y-carga\/rastreador-gps-spotter-de-carga\/\",\"name\":\"Rastreador GPS Spotter de carga - Spotter Spain\",\"isPartOf\":{\"@id\":\"https:\/\/www.spottergps.com\/es\/#website\"},\"datePublished\":\"2023-03-29T09:40:29+00:00\",\"dateModified\":\"2024-07-01T12:27:39+00:00\",\"breadcrumb\":{\"@id\":\"https:\/\/www.spottergps.com\/es\/faq\/bateria-y-carga\/rastreador-gps-spotter-de-carga\/#breadcrumb\"},\"inLanguage\":\"es-ES\",\"potentialAction\":[{\"@type\":\"ReadAction\",\"target\":[\"https:\/\/www.spottergps.com\/es\/faq\/bateria-y-carga\/rastreador-gps-spotter-de-carga\/\"]}]},{\"@type\":\"BreadcrumbList\",\"@id\":\"https:\/\/www.spottergps.com\/es\/faq\/bateria-y-carga\/rastreador-gps-spotter-de-carga\/#breadcrumb\",\"itemListElement\":[{\"@type\":\"ListItem\",\"position\":1,\"name\":\"Home\",\"item\":\"https:\/\/www.spottergps.com\/es\/\"},{\"@type\":\"ListItem\",\"position\":2,\"name\":\"\u00bfC\u00f3mo podemos ayudarte?\",\"item\":\"https:\/\/www.spottergps.com\/es\/faq\/\"},{\"@type\":\"ListItem\",\"position\":3,\"name\":\"Bater\u00eda y Carga\",\"item\":\"https:\/\/www.spottergps.com\/es\/faq\/bateria-y-carga\/\"},{\"@type\":\"ListItem\",\"position\":4,\"name\":\"Rastreador GPS Spotter de carga\"}]},{\"@type\":\"WebSite\",\"@id\":\"https:\/\/www.spottergps.com\/es\/#website\",\"url\":\"https:\/\/www.spottergps.com\/es\/\",\"name\":\"Spotter Spain\",\"description\":\"Para todo lo que amas\",\"publisher\":{\"@id\":\"https:\/\/www.spottergps.com\/es\/#organization\"},\"potentialAction\":[{\"@type\":\"SearchAction\",\"target\":{\"@type\":\"EntryPoint\",\"urlTemplate\":\"https:\/\/www.spottergps.com\/es\/?s={search_term_string}\"},\"query-input\":{\"@type\":\"PropertyValueSpecification\",\"valueRequired\":true,\"valueName\":\"search_term_string\"}}],\"inLanguage\":\"es-ES\"},{\"@type\":\"Organization\",\"@id\":\"https:\/\/www.spottergps.com\/es\/#organization\",\"name\":\"Spotter B.V.\",\"url\":\"https:\/\/www.spottergps.com\/es\/\",\"logo\":{\"@type\":\"ImageObject\",\"inLanguage\":\"es-ES\",\"@id\":\"https:\/\/www.spottergps.com\/es\/#\/schema\/logo\/image\/\",\"url\":\"https:\/\/www.spottergps.com\/es\/wp-content\/uploads\/sites\/7\/2023\/09\/Spotter_logo.png\",\"contentUrl\":\"https:\/\/www.spottergps.com\/es\/wp-content\/uploads\/sites\/7\/2023\/09\/Spotter_logo.png\",\"width\":1500,\"height\":696,\"caption\":\"Spotter B.V.\"},\"image\":{\"@id\":\"https:\/\/www.spottergps.com\/es\/#\/schema\/logo\/image\/\"}}]}<\/script>\n<!-- \/ Yoast SEO plugin. -->","yoast_head_json":{"title":"Rastreador GPS Spotter de carga - Spotter Spain","robots":{"index":"noindex","follow":"nofollow"},"og_locale":"es_ES","og_type":"article","og_title":"Rastreador GPS Spotter de carga - Spotter Spain","og_description":"Spotter GPS tracker (2G)En el paquete encontrar\u00e1s un cable USB m\u00e1s un cargador USB. Se usa para cargar el localizador GPS Spotter. Conecte el cable USB al cargador USB y con\u00e9ctelo a la toma. Inserte el extremo del cable USB en el puerto del costado del rastreador GPS Spotter. El rastreador GPS Spotter se carga [&hellip;]","og_url":"https:\/\/www.spottergps.com\/es\/faq\/bateria-y-carga\/rastreador-gps-spotter-de-carga\/","og_site_name":"Spotter Spain","article_modified_time":"2024-07-01T12:27:39+00:00","twitter_card":"summary_large_image","twitter_misc":{"Tiempo de lectura":"1 minute"},"schema":{"@context":"https:\/\/schema.org","@graph":[{"@type":"WebPage","@id":"https:\/\/www.spottergps.com\/es\/faq\/bateria-y-carga\/rastreador-gps-spotter-de-carga\/","url":"https:\/\/www.spottergps.com\/es\/faq\/bateria-y-carga\/rastreador-gps-spotter-de-carga\/","name":"Rastreador GPS Spotter de carga - Spotter Spain","isPartOf":{"@id":"https:\/\/www.spottergps.com\/es\/#website"},"datePublished":"2023-03-29T09:40:29+00:00","dateModified":"2024-07-01T12:27:39+00:00","breadcrumb":{"@id":"https:\/\/www.spottergps.com\/es\/faq\/bateria-y-carga\/rastreador-gps-spotter-de-carga\/#breadcrumb"},"inLanguage":"es-ES","potentialAction":[{"@type":"ReadAction","target":["https:\/\/www.spottergps.com\/es\/faq\/bateria-y-carga\/rastreador-gps-spotter-de-carga\/"]}]},{"@type":"BreadcrumbList","@id":"https:\/\/www.spottergps.com\/es\/faq\/bateria-y-carga\/rastreador-gps-spotter-de-carga\/#breadcrumb","itemListElement":[{"@type":"ListItem","position":1,"name":"Home","item":"https:\/\/www.spottergps.com\/es\/"},{"@type":"ListItem","position":2,"name":"\u00bfC\u00f3mo podemos ayudarte?","item":"https:\/\/www.spottergps.com\/es\/faq\/"},{"@type":"ListItem","position":3,"name":"Bater\u00eda y Carga","item":"https:\/\/www.spottergps.com\/es\/faq\/bateria-y-carga\/"},{"@type":"ListItem","position":4,"name":"Rastreador GPS Spotter de carga"}]},{"@type":"WebSite","@id":"https:\/\/www.spottergps.com\/es\/#website","url":"https:\/\/www.spottergps.com\/es\/","name":"Spotter Spain","description":"Para todo lo que amas","publisher":{"@id":"https:\/\/www.spottergps.com\/es\/#organization"},"potentialAction":[{"@type":"SearchAction","target":{"@type":"EntryPoint","urlTemplate":"https:\/\/www.spottergps.com\/es\/?s={search_term_string}"},"query-input":{"@type":"PropertyValueSpecification","valueRequired":true,"valueName":"search_term_string"}}],"inLanguage":"es-ES"},{"@type":"Organization","@id":"https:\/\/www.spottergps.com\/es\/#organization","name":"Spotter B.V.","url":"https:\/\/www.spottergps.com\/es\/","logo":{"@type":"ImageObject","inLanguage":"es-ES","@id":"https:\/\/www.spottergps.com\/es\/#\/schema\/logo\/image\/","url":"https:\/\/www.spottergps.com\/es\/wp-content\/uploads\/sites\/7\/2023\/09\/Spotter_logo.png","contentUrl":"https:\/\/www.spottergps.com\/es\/wp-content\/uploads\/sites\/7\/2023\/09\/Spotter_logo.png","width":1500,"height":696,"caption":"Spotter B.V."},"image":{"@id":"https:\/\/www.spottergps.com\/es\/#\/schema\/logo\/image\/"}}]}},"_links":{"self":[{"href":"https:\/\/www.spottergps.com\/es\/wp-json\/wp\/v2\/pages\/111","targetHints":{"allow":["GET"]}}],"collection":[{"href":"https:\/\/www.spottergps.com\/es\/wp-json\/wp\/v2\/pages"}],"about":[{"href":"https:\/\/www.spottergps.com\/es\/wp-json\/wp\/v2\/types\/page"}],"author":[{"embeddable":true,"href":"https:\/\/www.spottergps.com\/es\/wp-json\/wp\/v2\/users\/10"}],"replies":[{"embeddable":true,"href":"https:\/\/www.spottergps.com\/es\/wp-json\/wp\/v2\/comments?post=111"}],"version-history":[{"count":5,"href":"https:\/\/www.spottergps.com\/es\/wp-json\/wp\/v2\/pages\/111\/revisions"}],"predecessor-version":[{"id":1483,"href":"https:\/\/www.spottergps.com\/es\/wp-json\/wp\/v2\/pages\/111\/revisions\/1483"}],"up":[{"embeddable":true,"href":"https:\/\/www.spottergps.com\/es\/wp-json\/wp\/v2\/pages\/103"}],"wp:attachment":[{"href":"https:\/\/www.spottergps.com\/es\/wp-json\/wp\/v2\/media?parent=111"}],"wp:term":[{"taxonomy":"category","embeddable":true,"href":"https:\/\/www.spottergps.com\/es\/wp-json\/wp\/v2\/categories?post=111"},{"taxonomy":"post_tag","embeddable":true,"href":"https:\/\/www.spottergps.com\/es\/wp-json\/wp\/v2\/tags?post=111"}],"curies":[{"name":"wp","href":"https:\/\/api.w.org\/{rel}","templated":true}]}}