{"id":1098,"date":"2023-04-24T07:42:54","date_gmt":"2023-04-24T07:42:54","guid":{"rendered":"https:\/\/www.spottergps.com\/es\/?page_id=1098"},"modified":"2026-03-06T10:11:14","modified_gmt":"2026-03-06T10:11:14","slug":"localizador-gps-para-maleta-u-objetos-de-valor","status":"publish","type":"page","link":"https:\/\/www.spottergps.com\/es\/localizador-gps-para-maleta-u-objetos-de-valor\/","title":{"rendered":"Localizador GPS para tu maleta u objetos de valor"},"content":{"rendered":"\n<h2 class=\"wp-block-heading\"><em>No vuelvas a perder de vista tu equipaje\u2026<\/em><\/h2>\n\n\n\n<div class=\"wp-block-columns is-layout-flex wp-container-core-columns-is-layout-9d6595d7 wp-block-columns-is-layout-flex\">\n<div class=\"wp-block-column is-layout-flow wp-block-column-is-layout-flow\">\n<p>Con el localizador GPS Spotter sabes exactamente d\u00f3nde est\u00e1 tu maleta o equipaje. Un peque\u00f1o localizador GPS m\u00f3vil que puedes colocar f\u00e1cilmente en tu equipaje y luego rastrear en l\u00ednea. As\u00ed sabr\u00e1s exactamente d\u00f3nde est\u00e1n tu maleta y objetos de valor cuando sea necesario.&nbsp;&nbsp;<\/p>\n\n\n\n<ul class=\"wp-block-list\">\n<li>Peque\u00f1o localizador GPS que cabe perfectamente en tu maleta.&nbsp;<\/li>\n\n\n\n<li>Puedes ver d\u00f3nde est\u00e1 tu maleta en l\u00ednea y a trav\u00e9s de la aplicaci\u00f3n Spotter.&nbsp;<\/li>\n\n\n\n<li>Resistente bater\u00eda recargable que puede durar hasta 5 d\u00edas.&nbsp;<\/li>\n\n\n\n<li>Sin problemas. Puedes utilizar el Spotter inmediatamente.&nbsp;<\/li>\n\n\n\n<li>Una ventaja; este rastreador GPS funciona en toda Europa.&nbsp;<\/li>\n<\/ul>\n\n\n\n<p><a href=\"https:\/\/shop.spottergps.com\/es\/spotter%20gps%20tracker.html\" data-type=\"URL\" data-id=\"https:\/\/shop.spottergps.com\/es\/spotter%20gps%20tracker.html\" target=\"_blank\" rel=\"noreferrer noopener\">Ordena tu localizador GPS<\/a><\/p>\n<\/div>\n\n\n\n<div class=\"wp-block-column is-layout-flow wp-block-column-is-layout-flow\"><div class=\"wp-block-image\">\n<figure class=\"aligncenter size-full is-resized\"><img loading=\"lazy\" decoding=\"async\" width=\"536\" height=\"536\" src=\"http:\/\/www.spottergps.com\/es\/wp-content\/uploads\/sites\/7\/2023\/04\/Luggage.jpg\" alt=\"Rastreador de GPS - Spotter\" class=\"wp-image-1099\" style=\"width:444px;height:auto\" srcset=\"https:\/\/www.spottergps.com\/es\/wp-content\/uploads\/sites\/7\/2023\/04\/Luggage.jpg 536w, https:\/\/www.spottergps.com\/es\/wp-content\/uploads\/sites\/7\/2023\/04\/Luggage-300x300.jpg 300w, https:\/\/www.spottergps.com\/es\/wp-content\/uploads\/sites\/7\/2023\/04\/Luggage-150x150.jpg 150w\" sizes=\"auto, (max-width: 536px) 100vw, 536px\" \/><\/figure><\/div><\/div>\n<\/div>\n","protected":false},"excerpt":{"rendered":"<p>No vuelvas a perder de vista tu equipaje\u2026 Con el localizador GPS Spotter sabes exactamente d\u00f3nde est\u00e1 tu maleta o equipaje. Un peque\u00f1o localizador GPS m\u00f3vil que puedes colocar f\u00e1cilmente en tu equipaje y luego rastrear en l\u00ednea. As\u00ed sabr\u00e1s exactamente d\u00f3nde est\u00e1n tu maleta y objetos de valor cuando sea necesario.&nbsp;&nbsp; Ordena tu localizador [&hellip;]<\/p>\n","protected":false},"author":10,"featured_media":0,"parent":0,"menu_order":0,"comment_status":"closed","ping_status":"closed","template":"","meta":{"_acf_changed":false,"footnotes":""},"categories":[],"tags":[],"class_list":["post-1098","page","type-page","status-publish","hentry"],"acf":[],"yoast_head":"<!-- This site is optimized with the Yoast SEO plugin v25.9 - https:\/\/yoast.com\/wordpress\/plugins\/seo\/ -->\n<title>\u00bfMaleta perdida? S\u00edguela con rastreo GPS | Spotter\u00ae \u2764<\/title>\n<meta name=\"description\" content=\"No vuelvas a perder tu maleta o equipaje con el rastreador GPS de Spotter. Un peque\u00f1o localizador GPS que colocas en tu equipaje y rastreas en l\u00ednea.\" \/>\n<meta name=\"robots\" content=\"index, follow, max-snippet:-1, max-image-preview:large, max-video-preview:-1\" \/>\n<link rel=\"canonical\" href=\"https:\/\/www.spottergps.com\/es\/localizador-gps-para-maleta-u-objetos-de-valor\/\" \/>\n<meta property=\"og:locale\" content=\"es_ES\" \/>\n<meta property=\"og:type\" content=\"article\" \/>\n<meta property=\"og:title\" content=\"\u00bfMaleta perdida? S\u00edguela con rastreo GPS | Spotter\u00ae \u2764\" \/>\n<meta property=\"og:description\" content=\"No vuelvas a perder tu maleta o equipaje con el rastreador GPS de Spotter. Un peque\u00f1o localizador GPS que colocas en tu equipaje y rastreas en l\u00ednea.\" \/>\n<meta property=\"og:url\" content=\"https:\/\/www.spottergps.com\/es\/localizador-gps-para-maleta-u-objetos-de-valor\/\" \/>\n<meta property=\"og:site_name\" content=\"Spotter Spain\" \/>\n<meta property=\"article:modified_time\" content=\"2026-03-06T10:11:14+00:00\" \/>\n<meta property=\"og:image\" content=\"http:\/\/www.spottergps.com\/es\/wp-content\/uploads\/sites\/7\/2023\/04\/Luggage.jpg\" \/>\n<meta name=\"twitter:card\" content=\"summary_large_image\" \/>\n<meta name=\"twitter:label1\" content=\"Tiempo de lectura\" \/>\n\t<meta name=\"twitter:data1\" content=\"1 minute\" \/>\n<script type=\"application\/ld+json\" class=\"yoast-schema-graph\">{\"@context\":\"https:\/\/schema.org\",\"@graph\":[{\"@type\":\"WebPage\",\"@id\":\"https:\/\/www.spottergps.com\/es\/localizador-gps-para-maleta-u-objetos-de-valor\/\",\"url\":\"https:\/\/www.spottergps.com\/es\/localizador-gps-para-maleta-u-objetos-de-valor\/\",\"name\":\"\u00bfMaleta perdida? S\u00edguela con rastreo GPS | Spotter\u00ae \u2764\",\"isPartOf\":{\"@id\":\"https:\/\/www.spottergps.com\/es\/#website\"},\"primaryImageOfPage\":{\"@id\":\"https:\/\/www.spottergps.com\/es\/localizador-gps-para-maleta-u-objetos-de-valor\/#primaryimage\"},\"image\":{\"@id\":\"https:\/\/www.spottergps.com\/es\/localizador-gps-para-maleta-u-objetos-de-valor\/#primaryimage\"},\"thumbnailUrl\":\"http:\/\/www.spottergps.com\/es\/wp-content\/uploads\/sites\/7\/2023\/04\/Luggage.jpg\",\"datePublished\":\"2023-04-24T07:42:54+00:00\",\"dateModified\":\"2026-03-06T10:11:14+00:00\",\"description\":\"No vuelvas a perder tu maleta o equipaje con el rastreador GPS de Spotter. Un peque\u00f1o localizador GPS que colocas en tu equipaje y rastreas en l\u00ednea.\",\"breadcrumb\":{\"@id\":\"https:\/\/www.spottergps.com\/es\/localizador-gps-para-maleta-u-objetos-de-valor\/#breadcrumb\"},\"inLanguage\":\"es-ES\",\"potentialAction\":[{\"@type\":\"ReadAction\",\"target\":[\"https:\/\/www.spottergps.com\/es\/localizador-gps-para-maleta-u-objetos-de-valor\/\"]}]},{\"@type\":\"ImageObject\",\"inLanguage\":\"es-ES\",\"@id\":\"https:\/\/www.spottergps.com\/es\/localizador-gps-para-maleta-u-objetos-de-valor\/#primaryimage\",\"url\":\"https:\/\/www.spottergps.com\/es\/wp-content\/uploads\/sites\/7\/2023\/04\/Luggage.jpg\",\"contentUrl\":\"https:\/\/www.spottergps.com\/es\/wp-content\/uploads\/sites\/7\/2023\/04\/Luggage.jpg\",\"width\":536,\"height\":536,\"caption\":\"Rastreador de GPS - Spotter\"},{\"@type\":\"BreadcrumbList\",\"@id\":\"https:\/\/www.spottergps.com\/es\/localizador-gps-para-maleta-u-objetos-de-valor\/#breadcrumb\",\"itemListElement\":[{\"@type\":\"ListItem\",\"position\":1,\"name\":\"Home\",\"item\":\"https:\/\/www.spottergps.com\/es\/\"},{\"@type\":\"ListItem\",\"position\":2,\"name\":\"Localizador GPS para tu maleta u objetos de valor\"}]},{\"@type\":\"WebSite\",\"@id\":\"https:\/\/www.spottergps.com\/es\/#website\",\"url\":\"https:\/\/www.spottergps.com\/es\/\",\"name\":\"Spotter Spain\",\"description\":\"Para todo lo que amas\",\"publisher\":{\"@id\":\"https:\/\/www.spottergps.com\/es\/#organization\"},\"potentialAction\":[{\"@type\":\"SearchAction\",\"target\":{\"@type\":\"EntryPoint\",\"urlTemplate\":\"https:\/\/www.spottergps.com\/es\/?s={search_term_string}\"},\"query-input\":{\"@type\":\"PropertyValueSpecification\",\"valueRequired\":true,\"valueName\":\"search_term_string\"}}],\"inLanguage\":\"es-ES\"},{\"@type\":\"Organization\",\"@id\":\"https:\/\/www.spottergps.com\/es\/#organization\",\"name\":\"Spotter B.V.\",\"url\":\"https:\/\/www.spottergps.com\/es\/\",\"logo\":{\"@type\":\"ImageObject\",\"inLanguage\":\"es-ES\",\"@id\":\"https:\/\/www.spottergps.com\/es\/#\/schema\/logo\/image\/\",\"url\":\"https:\/\/www.spottergps.com\/es\/wp-content\/uploads\/sites\/7\/2023\/09\/Spotter_logo.png\",\"contentUrl\":\"https:\/\/www.spottergps.com\/es\/wp-content\/uploads\/sites\/7\/2023\/09\/Spotter_logo.png\",\"width\":1500,\"height\":696,\"caption\":\"Spotter B.V.\"},\"image\":{\"@id\":\"https:\/\/www.spottergps.com\/es\/#\/schema\/logo\/image\/\"}}]}<\/script>\n<!-- \/ Yoast SEO plugin. -->","yoast_head_json":{"title":"\u00bfMaleta perdida? S\u00edguela con rastreo GPS | Spotter\u00ae \u2764","description":"No vuelvas a perder tu maleta o equipaje con el rastreador GPS de Spotter. Un peque\u00f1o localizador GPS que colocas en tu equipaje y rastreas en l\u00ednea.","robots":{"index":"index","follow":"follow","max-snippet":"max-snippet:-1","max-image-preview":"max-image-preview:large","max-video-preview":"max-video-preview:-1"},"canonical":"https:\/\/www.spottergps.com\/es\/localizador-gps-para-maleta-u-objetos-de-valor\/","og_locale":"es_ES","og_type":"article","og_title":"\u00bfMaleta perdida? S\u00edguela con rastreo GPS | Spotter\u00ae \u2764","og_description":"No vuelvas a perder tu maleta o equipaje con el rastreador GPS de Spotter. Un peque\u00f1o localizador GPS que colocas en tu equipaje y rastreas en l\u00ednea.","og_url":"https:\/\/www.spottergps.com\/es\/localizador-gps-para-maleta-u-objetos-de-valor\/","og_site_name":"Spotter Spain","article_modified_time":"2026-03-06T10:11:14+00:00","og_image":[{"url":"http:\/\/www.spottergps.com\/es\/wp-content\/uploads\/sites\/7\/2023\/04\/Luggage.jpg","type":"","width":"","height":""}],"twitter_card":"summary_large_image","twitter_misc":{"Tiempo de lectura":"1 minute"},"schema":{"@context":"https:\/\/schema.org","@graph":[{"@type":"WebPage","@id":"https:\/\/www.spottergps.com\/es\/localizador-gps-para-maleta-u-objetos-de-valor\/","url":"https:\/\/www.spottergps.com\/es\/localizador-gps-para-maleta-u-objetos-de-valor\/","name":"\u00bfMaleta perdida? S\u00edguela con rastreo GPS | Spotter\u00ae \u2764","isPartOf":{"@id":"https:\/\/www.spottergps.com\/es\/#website"},"primaryImageOfPage":{"@id":"https:\/\/www.spottergps.com\/es\/localizador-gps-para-maleta-u-objetos-de-valor\/#primaryimage"},"image":{"@id":"https:\/\/www.spottergps.com\/es\/localizador-gps-para-maleta-u-objetos-de-valor\/#primaryimage"},"thumbnailUrl":"http:\/\/www.spottergps.com\/es\/wp-content\/uploads\/sites\/7\/2023\/04\/Luggage.jpg","datePublished":"2023-04-24T07:42:54+00:00","dateModified":"2026-03-06T10:11:14+00:00","description":"No vuelvas a perder tu maleta o equipaje con el rastreador GPS de Spotter. Un peque\u00f1o localizador GPS que colocas en tu equipaje y rastreas en l\u00ednea.","breadcrumb":{"@id":"https:\/\/www.spottergps.com\/es\/localizador-gps-para-maleta-u-objetos-de-valor\/#breadcrumb"},"inLanguage":"es-ES","potentialAction":[{"@type":"ReadAction","target":["https:\/\/www.spottergps.com\/es\/localizador-gps-para-maleta-u-objetos-de-valor\/"]}]},{"@type":"ImageObject","inLanguage":"es-ES","@id":"https:\/\/www.spottergps.com\/es\/localizador-gps-para-maleta-u-objetos-de-valor\/#primaryimage","url":"https:\/\/www.spottergps.com\/es\/wp-content\/uploads\/sites\/7\/2023\/04\/Luggage.jpg","contentUrl":"https:\/\/www.spottergps.com\/es\/wp-content\/uploads\/sites\/7\/2023\/04\/Luggage.jpg","width":536,"height":536,"caption":"Rastreador de GPS - Spotter"},{"@type":"BreadcrumbList","@id":"https:\/\/www.spottergps.com\/es\/localizador-gps-para-maleta-u-objetos-de-valor\/#breadcrumb","itemListElement":[{"@type":"ListItem","position":1,"name":"Home","item":"https:\/\/www.spottergps.com\/es\/"},{"@type":"ListItem","position":2,"name":"Localizador GPS para tu maleta u objetos de valor"}]},{"@type":"WebSite","@id":"https:\/\/www.spottergps.com\/es\/#website","url":"https:\/\/www.spottergps.com\/es\/","name":"Spotter Spain","description":"Para todo lo que amas","publisher":{"@id":"https:\/\/www.spottergps.com\/es\/#organization"},"potentialAction":[{"@type":"SearchAction","target":{"@type":"EntryPoint","urlTemplate":"https:\/\/www.spottergps.com\/es\/?s={search_term_string}"},"query-input":{"@type":"PropertyValueSpecification","valueRequired":true,"valueName":"search_term_string"}}],"inLanguage":"es-ES"},{"@type":"Organization","@id":"https:\/\/www.spottergps.com\/es\/#organization","name":"Spotter B.V.","url":"https:\/\/www.spottergps.com\/es\/","logo":{"@type":"ImageObject","inLanguage":"es-ES","@id":"https:\/\/www.spottergps.com\/es\/#\/schema\/logo\/image\/","url":"https:\/\/www.spottergps.com\/es\/wp-content\/uploads\/sites\/7\/2023\/09\/Spotter_logo.png","contentUrl":"https:\/\/www.spottergps.com\/es\/wp-content\/uploads\/sites\/7\/2023\/09\/Spotter_logo.png","width":1500,"height":696,"caption":"Spotter B.V."},"image":{"@id":"https:\/\/www.spottergps.com\/es\/#\/schema\/logo\/image\/"}}]}},"_links":{"self":[{"href":"https:\/\/www.spottergps.com\/es\/wp-json\/wp\/v2\/pages\/1098","targetHints":{"allow":["GET"]}}],"collection":[{"href":"https:\/\/www.spottergps.com\/es\/wp-json\/wp\/v2\/pages"}],"about":[{"href":"https:\/\/www.spottergps.com\/es\/wp-json\/wp\/v2\/types\/page"}],"author":[{"embeddable":true,"href":"https:\/\/www.spottergps.com\/es\/wp-json\/wp\/v2\/users\/10"}],"replies":[{"embeddable":true,"href":"https:\/\/www.spottergps.com\/es\/wp-json\/wp\/v2\/comments?post=1098"}],"version-history":[{"count":34,"href":"https:\/\/www.spottergps.com\/es\/wp-json\/wp\/v2\/pages\/1098\/revisions"}],"predecessor-version":[{"id":2605,"href":"https:\/\/www.spottergps.com\/es\/wp-json\/wp\/v2\/pages\/1098\/revisions\/2605"}],"wp:attachment":[{"href":"https:\/\/www.spottergps.com\/es\/wp-json\/wp\/v2\/media?parent=1098"}],"wp:term":[{"taxonomy":"category","embeddable":true,"href":"https:\/\/www.spottergps.com\/es\/wp-json\/wp\/v2\/categories?post=1098"},{"taxonomy":"post_tag","embeddable":true,"href":"https:\/\/www.spottergps.com\/es\/wp-json\/wp\/v2\/tags?post=1098"}],"curies":[{"name":"wp","href":"https:\/\/api.w.org\/{rel}","templated":true}]}}