{"id":109,"date":"2023-03-29T09:39:53","date_gmt":"2023-03-29T09:39:53","guid":{"rendered":"https:\/\/www.spottergps.com\/es\/?page_id=109"},"modified":"2024-07-01T12:29:06","modified_gmt":"2024-07-01T12:29:06","slug":"observador-de-mascotas-en-carga","status":"publish","type":"page","link":"https:\/\/www.spottergps.com\/es\/faq\/bateria-y-carga\/observador-de-mascotas-en-carga\/","title":{"rendered":"Observador de mascotas en carga"},"content":{"rendered":"\n<p>Antes de usar el detector de mascotas, cargue completamente la bater\u00eda en 2 a 3 horas. Para hacer esto, use el cable USB suministrado con el que puede cargar magn\u00e9ticamente. Coloque las dos puntas del cargador en los conectores de la parte posterior del Pet Spotter. Luego, conecte el extremo del cable a un puerto USB o cargador USB y el Pet Spotter comenzar\u00e1 a cargarse. Mientras se carga, la luz LED azul parpadea y permanece encendida hasta que el detector de mascotas est\u00e1 completamente cargado.<\/p>\n\n\n\n<p>Para obtener m\u00e1s informaci\u00f3n e im\u00e1genes de apoyo, consulte nuestro <a href=\"https:\/\/www.spottergps.com\/es\/manual\/\" data-type=\"URL\" data-id=\"https:\/\/www.spottergps.com\/es\/manual\/\">manual en l\u00ednea<\/a>.<\/p>\n","protected":false},"excerpt":{"rendered":"<p>Antes de usar el detector de mascotas, cargue completamente la bater\u00eda en 2 a 3 horas. Para hacer esto, use el cable USB suministrado con el que puede cargar magn\u00e9ticamente. Coloque las dos puntas del cargador en los conectores de la parte posterior del Pet Spotter. Luego, conecte el extremo del cable a un puerto [&hellip;]<\/p>\n","protected":false},"author":10,"featured_media":0,"parent":103,"menu_order":0,"comment_status":"closed","ping_status":"closed","template":"faq-content.php","meta":{"_acf_changed":false,"footnotes":""},"categories":[2],"tags":[],"class_list":["post-109","page","type-page","status-publish","hentry","category-faq"],"acf":[],"yoast_head":"<!-- This site is optimized with the Yoast SEO plugin v25.9 - https:\/\/yoast.com\/wordpress\/plugins\/seo\/ -->\n<title>Observador de mascotas en carga - Spotter Spain<\/title>\n<meta name=\"robots\" content=\"noindex, nofollow\" \/>\n<meta property=\"og:locale\" content=\"es_ES\" \/>\n<meta property=\"og:type\" content=\"article\" \/>\n<meta property=\"og:title\" content=\"Observador de mascotas en carga - Spotter Spain\" \/>\n<meta property=\"og:description\" content=\"Antes de usar el detector de mascotas, cargue completamente la bater\u00eda en 2 a 3 horas. Para hacer esto, use el cable USB suministrado con el que puede cargar magn\u00e9ticamente. Coloque las dos puntas del cargador en los conectores de la parte posterior del Pet Spotter. Luego, conecte el extremo del cable a un puerto [&hellip;]\" \/>\n<meta property=\"og:url\" content=\"https:\/\/www.spottergps.com\/es\/faq\/bateria-y-carga\/observador-de-mascotas-en-carga\/\" \/>\n<meta property=\"og:site_name\" content=\"Spotter Spain\" \/>\n<meta property=\"article:modified_time\" content=\"2024-07-01T12:29:06+00:00\" \/>\n<meta name=\"twitter:card\" content=\"summary_large_image\" \/>\n<meta name=\"twitter:label1\" content=\"Tiempo de lectura\" \/>\n\t<meta name=\"twitter:data1\" content=\"1 minute\" \/>\n<script type=\"application\/ld+json\" class=\"yoast-schema-graph\">{\"@context\":\"https:\/\/schema.org\",\"@graph\":[{\"@type\":\"WebPage\",\"@id\":\"https:\/\/www.spottergps.com\/es\/faq\/bateria-y-carga\/observador-de-mascotas-en-carga\/\",\"url\":\"https:\/\/www.spottergps.com\/es\/faq\/bateria-y-carga\/observador-de-mascotas-en-carga\/\",\"name\":\"Observador de mascotas en carga - Spotter Spain\",\"isPartOf\":{\"@id\":\"https:\/\/www.spottergps.com\/es\/#website\"},\"datePublished\":\"2023-03-29T09:39:53+00:00\",\"dateModified\":\"2024-07-01T12:29:06+00:00\",\"breadcrumb\":{\"@id\":\"https:\/\/www.spottergps.com\/es\/faq\/bateria-y-carga\/observador-de-mascotas-en-carga\/#breadcrumb\"},\"inLanguage\":\"es-ES\",\"potentialAction\":[{\"@type\":\"ReadAction\",\"target\":[\"https:\/\/www.spottergps.com\/es\/faq\/bateria-y-carga\/observador-de-mascotas-en-carga\/\"]}]},{\"@type\":\"BreadcrumbList\",\"@id\":\"https:\/\/www.spottergps.com\/es\/faq\/bateria-y-carga\/observador-de-mascotas-en-carga\/#breadcrumb\",\"itemListElement\":[{\"@type\":\"ListItem\",\"position\":1,\"name\":\"Home\",\"item\":\"https:\/\/www.spottergps.com\/es\/\"},{\"@type\":\"ListItem\",\"position\":2,\"name\":\"\u00bfC\u00f3mo podemos ayudarte?\",\"item\":\"https:\/\/www.spottergps.com\/es\/faq\/\"},{\"@type\":\"ListItem\",\"position\":3,\"name\":\"Bater\u00eda y Carga\",\"item\":\"https:\/\/www.spottergps.com\/es\/faq\/bateria-y-carga\/\"},{\"@type\":\"ListItem\",\"position\":4,\"name\":\"Observador de mascotas en carga\"}]},{\"@type\":\"WebSite\",\"@id\":\"https:\/\/www.spottergps.com\/es\/#website\",\"url\":\"https:\/\/www.spottergps.com\/es\/\",\"name\":\"Spotter Spain\",\"description\":\"Para todo lo que amas\",\"publisher\":{\"@id\":\"https:\/\/www.spottergps.com\/es\/#organization\"},\"potentialAction\":[{\"@type\":\"SearchAction\",\"target\":{\"@type\":\"EntryPoint\",\"urlTemplate\":\"https:\/\/www.spottergps.com\/es\/?s={search_term_string}\"},\"query-input\":{\"@type\":\"PropertyValueSpecification\",\"valueRequired\":true,\"valueName\":\"search_term_string\"}}],\"inLanguage\":\"es-ES\"},{\"@type\":\"Organization\",\"@id\":\"https:\/\/www.spottergps.com\/es\/#organization\",\"name\":\"Spotter B.V.\",\"url\":\"https:\/\/www.spottergps.com\/es\/\",\"logo\":{\"@type\":\"ImageObject\",\"inLanguage\":\"es-ES\",\"@id\":\"https:\/\/www.spottergps.com\/es\/#\/schema\/logo\/image\/\",\"url\":\"https:\/\/www.spottergps.com\/es\/wp-content\/uploads\/sites\/7\/2023\/09\/Spotter_logo.png\",\"contentUrl\":\"https:\/\/www.spottergps.com\/es\/wp-content\/uploads\/sites\/7\/2023\/09\/Spotter_logo.png\",\"width\":1500,\"height\":696,\"caption\":\"Spotter B.V.\"},\"image\":{\"@id\":\"https:\/\/www.spottergps.com\/es\/#\/schema\/logo\/image\/\"}}]}<\/script>\n<!-- \/ Yoast SEO plugin. -->","yoast_head_json":{"title":"Observador de mascotas en carga - Spotter Spain","robots":{"index":"noindex","follow":"nofollow"},"og_locale":"es_ES","og_type":"article","og_title":"Observador de mascotas en carga - Spotter Spain","og_description":"Antes de usar el detector de mascotas, cargue completamente la bater\u00eda en 2 a 3 horas. Para hacer esto, use el cable USB suministrado con el que puede cargar magn\u00e9ticamente. Coloque las dos puntas del cargador en los conectores de la parte posterior del Pet Spotter. Luego, conecte el extremo del cable a un puerto [&hellip;]","og_url":"https:\/\/www.spottergps.com\/es\/faq\/bateria-y-carga\/observador-de-mascotas-en-carga\/","og_site_name":"Spotter Spain","article_modified_time":"2024-07-01T12:29:06+00:00","twitter_card":"summary_large_image","twitter_misc":{"Tiempo de lectura":"1 minute"},"schema":{"@context":"https:\/\/schema.org","@graph":[{"@type":"WebPage","@id":"https:\/\/www.spottergps.com\/es\/faq\/bateria-y-carga\/observador-de-mascotas-en-carga\/","url":"https:\/\/www.spottergps.com\/es\/faq\/bateria-y-carga\/observador-de-mascotas-en-carga\/","name":"Observador de mascotas en carga - Spotter Spain","isPartOf":{"@id":"https:\/\/www.spottergps.com\/es\/#website"},"datePublished":"2023-03-29T09:39:53+00:00","dateModified":"2024-07-01T12:29:06+00:00","breadcrumb":{"@id":"https:\/\/www.spottergps.com\/es\/faq\/bateria-y-carga\/observador-de-mascotas-en-carga\/#breadcrumb"},"inLanguage":"es-ES","potentialAction":[{"@type":"ReadAction","target":["https:\/\/www.spottergps.com\/es\/faq\/bateria-y-carga\/observador-de-mascotas-en-carga\/"]}]},{"@type":"BreadcrumbList","@id":"https:\/\/www.spottergps.com\/es\/faq\/bateria-y-carga\/observador-de-mascotas-en-carga\/#breadcrumb","itemListElement":[{"@type":"ListItem","position":1,"name":"Home","item":"https:\/\/www.spottergps.com\/es\/"},{"@type":"ListItem","position":2,"name":"\u00bfC\u00f3mo podemos ayudarte?","item":"https:\/\/www.spottergps.com\/es\/faq\/"},{"@type":"ListItem","position":3,"name":"Bater\u00eda y Carga","item":"https:\/\/www.spottergps.com\/es\/faq\/bateria-y-carga\/"},{"@type":"ListItem","position":4,"name":"Observador de mascotas en carga"}]},{"@type":"WebSite","@id":"https:\/\/www.spottergps.com\/es\/#website","url":"https:\/\/www.spottergps.com\/es\/","name":"Spotter Spain","description":"Para todo lo que amas","publisher":{"@id":"https:\/\/www.spottergps.com\/es\/#organization"},"potentialAction":[{"@type":"SearchAction","target":{"@type":"EntryPoint","urlTemplate":"https:\/\/www.spottergps.com\/es\/?s={search_term_string}"},"query-input":{"@type":"PropertyValueSpecification","valueRequired":true,"valueName":"search_term_string"}}],"inLanguage":"es-ES"},{"@type":"Organization","@id":"https:\/\/www.spottergps.com\/es\/#organization","name":"Spotter B.V.","url":"https:\/\/www.spottergps.com\/es\/","logo":{"@type":"ImageObject","inLanguage":"es-ES","@id":"https:\/\/www.spottergps.com\/es\/#\/schema\/logo\/image\/","url":"https:\/\/www.spottergps.com\/es\/wp-content\/uploads\/sites\/7\/2023\/09\/Spotter_logo.png","contentUrl":"https:\/\/www.spottergps.com\/es\/wp-content\/uploads\/sites\/7\/2023\/09\/Spotter_logo.png","width":1500,"height":696,"caption":"Spotter B.V."},"image":{"@id":"https:\/\/www.spottergps.com\/es\/#\/schema\/logo\/image\/"}}]}},"_links":{"self":[{"href":"https:\/\/www.spottergps.com\/es\/wp-json\/wp\/v2\/pages\/109","targetHints":{"allow":["GET"]}}],"collection":[{"href":"https:\/\/www.spottergps.com\/es\/wp-json\/wp\/v2\/pages"}],"about":[{"href":"https:\/\/www.spottergps.com\/es\/wp-json\/wp\/v2\/types\/page"}],"author":[{"embeddable":true,"href":"https:\/\/www.spottergps.com\/es\/wp-json\/wp\/v2\/users\/10"}],"replies":[{"embeddable":true,"href":"https:\/\/www.spottergps.com\/es\/wp-json\/wp\/v2\/comments?post=109"}],"version-history":[{"count":3,"href":"https:\/\/www.spottergps.com\/es\/wp-json\/wp\/v2\/pages\/109\/revisions"}],"predecessor-version":[{"id":1495,"href":"https:\/\/www.spottergps.com\/es\/wp-json\/wp\/v2\/pages\/109\/revisions\/1495"}],"up":[{"embeddable":true,"href":"https:\/\/www.spottergps.com\/es\/wp-json\/wp\/v2\/pages\/103"}],"wp:attachment":[{"href":"https:\/\/www.spottergps.com\/es\/wp-json\/wp\/v2\/media?parent=109"}],"wp:term":[{"taxonomy":"category","embeddable":true,"href":"https:\/\/www.spottergps.com\/es\/wp-json\/wp\/v2\/categories?post=109"},{"taxonomy":"post_tag","embeddable":true,"href":"https:\/\/www.spottergps.com\/es\/wp-json\/wp\/v2\/tags?post=109"}],"curies":[{"name":"wp","href":"https:\/\/api.w.org\/{rel}","templated":true}]}}