{"id":1084,"date":"2023-04-21T14:55:28","date_gmt":"2023-04-21T14:55:28","guid":{"rendered":"https:\/\/www.spottergps.com\/es\/?page_id=1084"},"modified":"2025-12-24T12:47:50","modified_gmt":"2025-12-24T12:47:50","slug":"localizador-gps-para-personas-mayores","status":"publish","type":"page","link":"https:\/\/www.spottergps.com\/es\/localizador-gps-para-personas-mayores\/","title":{"rendered":"El localizador GPS para personas mayores con bot\u00f3n SOS"},"content":{"rendered":"<div class=\"wp-block-image\">\n<figure class=\"alignright size-full is-resized\"><a href=\"https:\/\/www.spottergps.com\/wp-content\/uploads\/2020\/08\/ouderen-gps-tracker-spotter.jpg\"><img decoding=\"async\" src=\"https:\/\/www.spottergps.com\/wp-content\/uploads\/2020\/08\/ouderen-gps-tracker-spotter.jpg\" alt=\"ouderen gps tracker spotter\" class=\"wp-image-16076\" style=\"width:515px;height:432px\" \/><\/a><\/figure><\/div>\n\n\n<p><\/p>\n\n\n\n<p><br>La preocupaci\u00f3n cuando las personas mayores salen solas es com\u00fan. El rastreador GPS Spotter\u00ae elimina esta peque\u00f1a inquietud tanto para usted como para la persona en cuesti\u00f3n.<\/p>\n\n\n\n<p><\/p>\n\n\n\n<ul class=\"wp-block-list\">\n<li>Coloque el rastreador GPS Spotter\u00ae en el bolsillo, bolso o andador, y <strong>siempre sabr\u00e1 d\u00f3nde se encuentra alguien<\/strong> a trav\u00e9s de su cuenta en l\u00ednea o la aplicaci\u00f3n del tel\u00e9fono inteligente.<\/li>\n\n\n\n<li>O <strong>establezca una zona<\/strong> para una \u00e1rea espec\u00edfica y reciba una notificaci\u00f3n si la zona es abandonada.<\/li>\n\n\n\n<li>Incluso pueden <strong>llamarse <\/strong>entre s\u00ed.<\/li>\n\n\n\n<li>Se utiliza ampliamente en el \u00e1mbito de la atenci\u00f3n m\u00e9dica.<\/li>\n\n\n\n<li><strong>Sin suscripci\u00f3n<\/strong>, solo uso prepago.<\/li>\n\n\n\n<li><strong>Servicio de atenci\u00f3n<\/strong> <strong>al cliente interno<\/strong> para preguntas durante el uso.<br><\/li>\n<\/ul>\n\n\n\n<p class=\"main-button\"><a href=\"https:\/\/shop.spottergps.com\/es\/spotter%20gps%20tracker.html\">Ver localizador GPS Spotter<\/a><\/p>\n\n\n\n<p><\/p>\n","protected":false},"excerpt":{"rendered":"<p>La preocupaci\u00f3n cuando las personas mayores salen solas es com\u00fan. El rastreador GPS Spotter\u00ae elimina esta peque\u00f1a inquietud tanto para usted como para la persona en cuesti\u00f3n. Ver localizador GPS Spotter<\/p>\n","protected":false},"author":10,"featured_media":0,"parent":0,"menu_order":0,"comment_status":"closed","ping_status":"closed","template":"","meta":{"_acf_changed":false,"footnotes":""},"categories":[],"tags":[],"class_list":["post-1084","page","type-page","status-publish","hentry"],"acf":[],"yoast_head":"<!-- This site is optimized with the Yoast SEO plugin v25.9 - https:\/\/yoast.com\/wordpress\/plugins\/seo\/ -->\n<title>Reloj para personas mayores con bot\u00f3n SOS | Spotter\u00ae \u2764<\/title>\n<meta name=\"description\" content=\"Spotter GPS tracker, especialmente ideal para personas mayores. Con bot\u00f3n de SOS, zonas y funci\u00f3n de llamada. Sin suscripci\u00f3n\" \/>\n<meta name=\"robots\" content=\"index, follow, max-snippet:-1, max-image-preview:large, max-video-preview:-1\" \/>\n<link rel=\"canonical\" href=\"https:\/\/www.spottergps.com\/es\/localizador-gps-para-personas-mayores\/\" \/>\n<meta property=\"og:locale\" content=\"es_ES\" \/>\n<meta property=\"og:type\" content=\"article\" \/>\n<meta property=\"og:title\" content=\"Reloj para personas mayores con bot\u00f3n SOS | Spotter\u00ae \u2764\" \/>\n<meta property=\"og:description\" content=\"Spotter GPS tracker, especialmente ideal para personas mayores. Con bot\u00f3n de SOS, zonas y funci\u00f3n de llamada. Sin suscripci\u00f3n\" \/>\n<meta property=\"og:url\" content=\"https:\/\/www.spottergps.com\/es\/localizador-gps-para-personas-mayores\/\" \/>\n<meta property=\"og:site_name\" content=\"Spotter Spain\" \/>\n<meta property=\"article:modified_time\" content=\"2025-12-24T12:47:50+00:00\" \/>\n<meta property=\"og:image\" content=\"https:\/\/www.spottergps.com\/wp-content\/uploads\/2020\/08\/ouderen-gps-tracker-spotter.jpg\" \/>\n<meta name=\"twitter:card\" content=\"summary_large_image\" \/>\n<meta name=\"twitter:label1\" content=\"Tiempo de lectura\" \/>\n\t<meta name=\"twitter:data1\" content=\"1 minute\" \/>\n<script type=\"application\/ld+json\" class=\"yoast-schema-graph\">{\"@context\":\"https:\/\/schema.org\",\"@graph\":[{\"@type\":\"WebPage\",\"@id\":\"https:\/\/www.spottergps.com\/es\/localizador-gps-para-personas-mayores\/\",\"url\":\"https:\/\/www.spottergps.com\/es\/localizador-gps-para-personas-mayores\/\",\"name\":\"Reloj para personas mayores con bot\u00f3n SOS | Spotter\u00ae \u2764\",\"isPartOf\":{\"@id\":\"https:\/\/www.spottergps.com\/es\/#website\"},\"primaryImageOfPage\":{\"@id\":\"https:\/\/www.spottergps.com\/es\/localizador-gps-para-personas-mayores\/#primaryimage\"},\"image\":{\"@id\":\"https:\/\/www.spottergps.com\/es\/localizador-gps-para-personas-mayores\/#primaryimage\"},\"thumbnailUrl\":\"https:\/\/www.spottergps.com\/wp-content\/uploads\/2020\/08\/ouderen-gps-tracker-spotter.jpg\",\"datePublished\":\"2023-04-21T14:55:28+00:00\",\"dateModified\":\"2025-12-24T12:47:50+00:00\",\"description\":\"Spotter GPS tracker, especialmente ideal para personas mayores. Con bot\u00f3n de SOS, zonas y funci\u00f3n de llamada. Sin suscripci\u00f3n\",\"breadcrumb\":{\"@id\":\"https:\/\/www.spottergps.com\/es\/localizador-gps-para-personas-mayores\/#breadcrumb\"},\"inLanguage\":\"es-ES\",\"potentialAction\":[{\"@type\":\"ReadAction\",\"target\":[\"https:\/\/www.spottergps.com\/es\/localizador-gps-para-personas-mayores\/\"]}]},{\"@type\":\"ImageObject\",\"inLanguage\":\"es-ES\",\"@id\":\"https:\/\/www.spottergps.com\/es\/localizador-gps-para-personas-mayores\/#primaryimage\",\"url\":\"https:\/\/www.spottergps.com\/wp-content\/uploads\/2020\/08\/ouderen-gps-tracker-spotter.jpg\",\"contentUrl\":\"https:\/\/www.spottergps.com\/wp-content\/uploads\/2020\/08\/ouderen-gps-tracker-spotter.jpg\"},{\"@type\":\"BreadcrumbList\",\"@id\":\"https:\/\/www.spottergps.com\/es\/localizador-gps-para-personas-mayores\/#breadcrumb\",\"itemListElement\":[{\"@type\":\"ListItem\",\"position\":1,\"name\":\"Home\",\"item\":\"https:\/\/www.spottergps.com\/es\/\"},{\"@type\":\"ListItem\",\"position\":2,\"name\":\"El localizador GPS para personas mayores con bot\u00f3n SOS\"}]},{\"@type\":\"WebSite\",\"@id\":\"https:\/\/www.spottergps.com\/es\/#website\",\"url\":\"https:\/\/www.spottergps.com\/es\/\",\"name\":\"Spotter Spain\",\"description\":\"Para todo lo que amas\",\"publisher\":{\"@id\":\"https:\/\/www.spottergps.com\/es\/#organization\"},\"potentialAction\":[{\"@type\":\"SearchAction\",\"target\":{\"@type\":\"EntryPoint\",\"urlTemplate\":\"https:\/\/www.spottergps.com\/es\/?s={search_term_string}\"},\"query-input\":{\"@type\":\"PropertyValueSpecification\",\"valueRequired\":true,\"valueName\":\"search_term_string\"}}],\"inLanguage\":\"es-ES\"},{\"@type\":\"Organization\",\"@id\":\"https:\/\/www.spottergps.com\/es\/#organization\",\"name\":\"Spotter B.V.\",\"url\":\"https:\/\/www.spottergps.com\/es\/\",\"logo\":{\"@type\":\"ImageObject\",\"inLanguage\":\"es-ES\",\"@id\":\"https:\/\/www.spottergps.com\/es\/#\/schema\/logo\/image\/\",\"url\":\"https:\/\/www.spottergps.com\/es\/wp-content\/uploads\/sites\/7\/2023\/09\/Spotter_logo.png\",\"contentUrl\":\"https:\/\/www.spottergps.com\/es\/wp-content\/uploads\/sites\/7\/2023\/09\/Spotter_logo.png\",\"width\":1500,\"height\":696,\"caption\":\"Spotter B.V.\"},\"image\":{\"@id\":\"https:\/\/www.spottergps.com\/es\/#\/schema\/logo\/image\/\"}}]}<\/script>\n<!-- \/ Yoast SEO plugin. -->","yoast_head_json":{"title":"Reloj para personas mayores con bot\u00f3n SOS | Spotter\u00ae \u2764","description":"Spotter GPS tracker, especialmente ideal para personas mayores. Con bot\u00f3n de SOS, zonas y funci\u00f3n de llamada. Sin suscripci\u00f3n","robots":{"index":"index","follow":"follow","max-snippet":"max-snippet:-1","max-image-preview":"max-image-preview:large","max-video-preview":"max-video-preview:-1"},"canonical":"https:\/\/www.spottergps.com\/es\/localizador-gps-para-personas-mayores\/","og_locale":"es_ES","og_type":"article","og_title":"Reloj para personas mayores con bot\u00f3n SOS | Spotter\u00ae \u2764","og_description":"Spotter GPS tracker, especialmente ideal para personas mayores. Con bot\u00f3n de SOS, zonas y funci\u00f3n de llamada. Sin suscripci\u00f3n","og_url":"https:\/\/www.spottergps.com\/es\/localizador-gps-para-personas-mayores\/","og_site_name":"Spotter Spain","article_modified_time":"2025-12-24T12:47:50+00:00","og_image":[{"url":"https:\/\/www.spottergps.com\/wp-content\/uploads\/2020\/08\/ouderen-gps-tracker-spotter.jpg","type":"","width":"","height":""}],"twitter_card":"summary_large_image","twitter_misc":{"Tiempo de lectura":"1 minute"},"schema":{"@context":"https:\/\/schema.org","@graph":[{"@type":"WebPage","@id":"https:\/\/www.spottergps.com\/es\/localizador-gps-para-personas-mayores\/","url":"https:\/\/www.spottergps.com\/es\/localizador-gps-para-personas-mayores\/","name":"Reloj para personas mayores con bot\u00f3n SOS | Spotter\u00ae \u2764","isPartOf":{"@id":"https:\/\/www.spottergps.com\/es\/#website"},"primaryImageOfPage":{"@id":"https:\/\/www.spottergps.com\/es\/localizador-gps-para-personas-mayores\/#primaryimage"},"image":{"@id":"https:\/\/www.spottergps.com\/es\/localizador-gps-para-personas-mayores\/#primaryimage"},"thumbnailUrl":"https:\/\/www.spottergps.com\/wp-content\/uploads\/2020\/08\/ouderen-gps-tracker-spotter.jpg","datePublished":"2023-04-21T14:55:28+00:00","dateModified":"2025-12-24T12:47:50+00:00","description":"Spotter GPS tracker, especialmente ideal para personas mayores. Con bot\u00f3n de SOS, zonas y funci\u00f3n de llamada. Sin suscripci\u00f3n","breadcrumb":{"@id":"https:\/\/www.spottergps.com\/es\/localizador-gps-para-personas-mayores\/#breadcrumb"},"inLanguage":"es-ES","potentialAction":[{"@type":"ReadAction","target":["https:\/\/www.spottergps.com\/es\/localizador-gps-para-personas-mayores\/"]}]},{"@type":"ImageObject","inLanguage":"es-ES","@id":"https:\/\/www.spottergps.com\/es\/localizador-gps-para-personas-mayores\/#primaryimage","url":"https:\/\/www.spottergps.com\/wp-content\/uploads\/2020\/08\/ouderen-gps-tracker-spotter.jpg","contentUrl":"https:\/\/www.spottergps.com\/wp-content\/uploads\/2020\/08\/ouderen-gps-tracker-spotter.jpg"},{"@type":"BreadcrumbList","@id":"https:\/\/www.spottergps.com\/es\/localizador-gps-para-personas-mayores\/#breadcrumb","itemListElement":[{"@type":"ListItem","position":1,"name":"Home","item":"https:\/\/www.spottergps.com\/es\/"},{"@type":"ListItem","position":2,"name":"El localizador GPS para personas mayores con bot\u00f3n SOS"}]},{"@type":"WebSite","@id":"https:\/\/www.spottergps.com\/es\/#website","url":"https:\/\/www.spottergps.com\/es\/","name":"Spotter Spain","description":"Para todo lo que amas","publisher":{"@id":"https:\/\/www.spottergps.com\/es\/#organization"},"potentialAction":[{"@type":"SearchAction","target":{"@type":"EntryPoint","urlTemplate":"https:\/\/www.spottergps.com\/es\/?s={search_term_string}"},"query-input":{"@type":"PropertyValueSpecification","valueRequired":true,"valueName":"search_term_string"}}],"inLanguage":"es-ES"},{"@type":"Organization","@id":"https:\/\/www.spottergps.com\/es\/#organization","name":"Spotter B.V.","url":"https:\/\/www.spottergps.com\/es\/","logo":{"@type":"ImageObject","inLanguage":"es-ES","@id":"https:\/\/www.spottergps.com\/es\/#\/schema\/logo\/image\/","url":"https:\/\/www.spottergps.com\/es\/wp-content\/uploads\/sites\/7\/2023\/09\/Spotter_logo.png","contentUrl":"https:\/\/www.spottergps.com\/es\/wp-content\/uploads\/sites\/7\/2023\/09\/Spotter_logo.png","width":1500,"height":696,"caption":"Spotter B.V."},"image":{"@id":"https:\/\/www.spottergps.com\/es\/#\/schema\/logo\/image\/"}}]}},"_links":{"self":[{"href":"https:\/\/www.spottergps.com\/es\/wp-json\/wp\/v2\/pages\/1084","targetHints":{"allow":["GET"]}}],"collection":[{"href":"https:\/\/www.spottergps.com\/es\/wp-json\/wp\/v2\/pages"}],"about":[{"href":"https:\/\/www.spottergps.com\/es\/wp-json\/wp\/v2\/types\/page"}],"author":[{"embeddable":true,"href":"https:\/\/www.spottergps.com\/es\/wp-json\/wp\/v2\/users\/10"}],"replies":[{"embeddable":true,"href":"https:\/\/www.spottergps.com\/es\/wp-json\/wp\/v2\/comments?post=1084"}],"version-history":[{"count":47,"href":"https:\/\/www.spottergps.com\/es\/wp-json\/wp\/v2\/pages\/1084\/revisions"}],"predecessor-version":[{"id":2139,"href":"https:\/\/www.spottergps.com\/es\/wp-json\/wp\/v2\/pages\/1084\/revisions\/2139"}],"wp:attachment":[{"href":"https:\/\/www.spottergps.com\/es\/wp-json\/wp\/v2\/media?parent=1084"}],"wp:term":[{"taxonomy":"category","embeddable":true,"href":"https:\/\/www.spottergps.com\/es\/wp-json\/wp\/v2\/categories?post=1084"},{"taxonomy":"post_tag","embeddable":true,"href":"https:\/\/www.spottergps.com\/es\/wp-json\/wp\/v2\/tags?post=1084"}],"curies":[{"name":"wp","href":"https:\/\/api.w.org\/{rel}","templated":true}]}}