{"id":107,"date":"2023-03-29T09:38:03","date_gmt":"2023-03-29T09:38:03","guid":{"rendered":"https:\/\/www.spottergps.com\/es\/?page_id=107"},"modified":"2024-07-01T12:30:23","modified_gmt":"2024-07-01T12:30:23","slug":"mi-spotter-no-carga","status":"publish","type":"page","link":"https:\/\/www.spottergps.com\/es\/faq\/bateria-y-carga\/mi-spotter-no-carga\/","title":{"rendered":"Mi Spotter no carga"},"content":{"rendered":"\n<p>Vea qu\u00e9 producto tiene y cu\u00e1l es la mejor manera de cargar el Spotter.<\/p>\n\n\n\n<h3 class=\"wp-block-heading\">Reloj GPS de observaci\u00f3n<\/h3>\n\n\n\n<p>Utilice el cable USB suministrado para cargar. Coloque los dos puntos del cargador en los conectores en la parte posterior del reloj GPS Spotter. Luego coloque el extremo del cable en un puerto USB o en un cargador USB, luego de lo cual el Spotter GPS Watch comienza a cargarse. Una bater\u00eda que se est\u00e1 cargando aparecer\u00e1 en la pantalla del reloj Spotter GPS. Tan pronto como est\u00e9 lleno (el reloj est\u00e1 completamente cargado despu\u00e9s de 4 horas), puede desconectar el reloj Spotter GPS de la alimentaci\u00f3n y encenderlo.<\/p>\n\n\n\n<p>Aseg\u00farese de que las clavijas del cargador est\u00e9n correctamente asentadas en el reloj GPS Spotter. Si los pines no se insertan correctamente, el Spotter no se cargar\u00e1. Si coloca el Spotter en el cargador cuando est\u00e1 completamente vac\u00edo, pasar\u00e1n de 5 a 10 minutos antes de que pueda encender el Spotter.<\/p>\n\n\n\n<h3 class=\"wp-block-heading\">Rastreador GPS del observador<\/h3>\n\n\n\n<p>Conecte el cable USB al cargador USB y con\u00e9ctelo a la toma. Inserte el extremo del cable USB en el puerto del costado del rastreador GPS Spotter o coloque el rastreador Spotter en <a href=\"https:\/\/shop.spottergps.com\/es\/spotter-dock.html\" data-type=\"URL\" data-id=\"https:\/\/shop.spottergps.com\/es\/spotter-dock.html\">la base de carga<\/a>. El rastreador GPS Spotter se carga por completo en 2 a 3 horas. Aseg\u00farese de que el extremo del cable USB est\u00e9 correctamente enchufado en el rastreador GPS Spotter, de lo contrario, el Spotter no se cargar\u00e1.<\/p>\n\n\n\n<h3 class=\"wp-block-heading\">Observador de mascotas<\/h3>\n\n\n\n<p>Utilice el cable USB suministrado para cargar. El Pet Spotter tiene un cargador magn\u00e9tico que se conecta al Pet Spotter. Cuando el cargador est\u00e1 correctamente conectado, el anillo LED se enciende y parpadea. Tan pronto como el detector de mascotas est\u00e9 cargado al 5 %, se encender\u00e1 autom\u00e1ticamente y sonar\u00e1 un sonido.<\/p>\n\n\n\n<h3 class=\"wp-block-heading\">Reloj Spotter GPS \u2013 Air<\/h3>\n\n\n\n<p>Utilice el cable USB suministrado para cargar. El reloj Spotter GPS &#8211; Air tiene un cargador magn\u00e9tico que se conecta al reloj Spotter GPS. A continuaci\u00f3n, coloca el extremo del cable en un puerto USB, despu\u00e9s de lo cual el Spotter Watch &#8211; Air comienza a cargarse. En la pantalla del Spotter GPS Watch Air aparece una bater\u00eda que se est\u00e1 cargando. Tan pronto como est\u00e9 lleno (despu\u00e9s de 2-3 horas, el reloj est\u00e1 completamente cargado), puede desconectar el reloj Spotter GPS &#8211; Air de la alimentaci\u00f3n y encenderlo.<\/p>\n","protected":false},"excerpt":{"rendered":"<p>Vea qu\u00e9 producto tiene y cu\u00e1l es la mejor manera de cargar el Spotter. Reloj GPS de observaci\u00f3n Utilice el cable USB suministrado para cargar. Coloque los dos puntos del cargador en los conectores en la parte posterior del reloj GPS Spotter. Luego coloque el extremo del cable en un puerto USB o en un [&hellip;]<\/p>\n","protected":false},"author":10,"featured_media":0,"parent":103,"menu_order":0,"comment_status":"closed","ping_status":"closed","template":"faq-content.php","meta":{"_acf_changed":false,"footnotes":""},"categories":[2],"tags":[],"class_list":["post-107","page","type-page","status-publish","hentry","category-faq"],"acf":[],"yoast_head":"<!-- This site is optimized with the Yoast SEO plugin v25.9 - https:\/\/yoast.com\/wordpress\/plugins\/seo\/ -->\n<title>Mi Spotter no carga - Spotter Spain<\/title>\n<meta name=\"robots\" content=\"noindex, nofollow\" \/>\n<meta property=\"og:locale\" content=\"es_ES\" \/>\n<meta property=\"og:type\" content=\"article\" \/>\n<meta property=\"og:title\" content=\"Mi Spotter no carga - Spotter Spain\" \/>\n<meta property=\"og:description\" content=\"Vea qu\u00e9 producto tiene y cu\u00e1l es la mejor manera de cargar el Spotter. Reloj GPS de observaci\u00f3n Utilice el cable USB suministrado para cargar. Coloque los dos puntos del cargador en los conectores en la parte posterior del reloj GPS Spotter. Luego coloque el extremo del cable en un puerto USB o en un [&hellip;]\" \/>\n<meta property=\"og:url\" content=\"https:\/\/www.spottergps.com\/es\/faq\/bateria-y-carga\/mi-spotter-no-carga\/\" \/>\n<meta property=\"og:site_name\" content=\"Spotter Spain\" \/>\n<meta property=\"article:modified_time\" content=\"2024-07-01T12:30:23+00:00\" \/>\n<meta name=\"twitter:card\" content=\"summary_large_image\" \/>\n<meta name=\"twitter:label1\" content=\"Tiempo de lectura\" \/>\n\t<meta name=\"twitter:data1\" content=\"2 minutes\" \/>\n<script type=\"application\/ld+json\" class=\"yoast-schema-graph\">{\"@context\":\"https:\/\/schema.org\",\"@graph\":[{\"@type\":\"WebPage\",\"@id\":\"https:\/\/www.spottergps.com\/es\/faq\/bateria-y-carga\/mi-spotter-no-carga\/\",\"url\":\"https:\/\/www.spottergps.com\/es\/faq\/bateria-y-carga\/mi-spotter-no-carga\/\",\"name\":\"Mi Spotter no carga - Spotter Spain\",\"isPartOf\":{\"@id\":\"https:\/\/www.spottergps.com\/es\/#website\"},\"datePublished\":\"2023-03-29T09:38:03+00:00\",\"dateModified\":\"2024-07-01T12:30:23+00:00\",\"breadcrumb\":{\"@id\":\"https:\/\/www.spottergps.com\/es\/faq\/bateria-y-carga\/mi-spotter-no-carga\/#breadcrumb\"},\"inLanguage\":\"es-ES\",\"potentialAction\":[{\"@type\":\"ReadAction\",\"target\":[\"https:\/\/www.spottergps.com\/es\/faq\/bateria-y-carga\/mi-spotter-no-carga\/\"]}]},{\"@type\":\"BreadcrumbList\",\"@id\":\"https:\/\/www.spottergps.com\/es\/faq\/bateria-y-carga\/mi-spotter-no-carga\/#breadcrumb\",\"itemListElement\":[{\"@type\":\"ListItem\",\"position\":1,\"name\":\"Home\",\"item\":\"https:\/\/www.spottergps.com\/es\/\"},{\"@type\":\"ListItem\",\"position\":2,\"name\":\"\u00bfC\u00f3mo podemos ayudarte?\",\"item\":\"https:\/\/www.spottergps.com\/es\/faq\/\"},{\"@type\":\"ListItem\",\"position\":3,\"name\":\"Bater\u00eda y Carga\",\"item\":\"https:\/\/www.spottergps.com\/es\/faq\/bateria-y-carga\/\"},{\"@type\":\"ListItem\",\"position\":4,\"name\":\"Mi Spotter no carga\"}]},{\"@type\":\"WebSite\",\"@id\":\"https:\/\/www.spottergps.com\/es\/#website\",\"url\":\"https:\/\/www.spottergps.com\/es\/\",\"name\":\"Spotter Spain\",\"description\":\"Para todo lo que amas\",\"publisher\":{\"@id\":\"https:\/\/www.spottergps.com\/es\/#organization\"},\"potentialAction\":[{\"@type\":\"SearchAction\",\"target\":{\"@type\":\"EntryPoint\",\"urlTemplate\":\"https:\/\/www.spottergps.com\/es\/?s={search_term_string}\"},\"query-input\":{\"@type\":\"PropertyValueSpecification\",\"valueRequired\":true,\"valueName\":\"search_term_string\"}}],\"inLanguage\":\"es-ES\"},{\"@type\":\"Organization\",\"@id\":\"https:\/\/www.spottergps.com\/es\/#organization\",\"name\":\"Spotter B.V.\",\"url\":\"https:\/\/www.spottergps.com\/es\/\",\"logo\":{\"@type\":\"ImageObject\",\"inLanguage\":\"es-ES\",\"@id\":\"https:\/\/www.spottergps.com\/es\/#\/schema\/logo\/image\/\",\"url\":\"https:\/\/www.spottergps.com\/es\/wp-content\/uploads\/sites\/7\/2023\/09\/Spotter_logo.png\",\"contentUrl\":\"https:\/\/www.spottergps.com\/es\/wp-content\/uploads\/sites\/7\/2023\/09\/Spotter_logo.png\",\"width\":1500,\"height\":696,\"caption\":\"Spotter B.V.\"},\"image\":{\"@id\":\"https:\/\/www.spottergps.com\/es\/#\/schema\/logo\/image\/\"}}]}<\/script>\n<!-- \/ Yoast SEO plugin. -->","yoast_head_json":{"title":"Mi Spotter no carga - Spotter Spain","robots":{"index":"noindex","follow":"nofollow"},"og_locale":"es_ES","og_type":"article","og_title":"Mi Spotter no carga - Spotter Spain","og_description":"Vea qu\u00e9 producto tiene y cu\u00e1l es la mejor manera de cargar el Spotter. Reloj GPS de observaci\u00f3n Utilice el cable USB suministrado para cargar. Coloque los dos puntos del cargador en los conectores en la parte posterior del reloj GPS Spotter. Luego coloque el extremo del cable en un puerto USB o en un [&hellip;]","og_url":"https:\/\/www.spottergps.com\/es\/faq\/bateria-y-carga\/mi-spotter-no-carga\/","og_site_name":"Spotter Spain","article_modified_time":"2024-07-01T12:30:23+00:00","twitter_card":"summary_large_image","twitter_misc":{"Tiempo de lectura":"2 minutes"},"schema":{"@context":"https:\/\/schema.org","@graph":[{"@type":"WebPage","@id":"https:\/\/www.spottergps.com\/es\/faq\/bateria-y-carga\/mi-spotter-no-carga\/","url":"https:\/\/www.spottergps.com\/es\/faq\/bateria-y-carga\/mi-spotter-no-carga\/","name":"Mi Spotter no carga - Spotter Spain","isPartOf":{"@id":"https:\/\/www.spottergps.com\/es\/#website"},"datePublished":"2023-03-29T09:38:03+00:00","dateModified":"2024-07-01T12:30:23+00:00","breadcrumb":{"@id":"https:\/\/www.spottergps.com\/es\/faq\/bateria-y-carga\/mi-spotter-no-carga\/#breadcrumb"},"inLanguage":"es-ES","potentialAction":[{"@type":"ReadAction","target":["https:\/\/www.spottergps.com\/es\/faq\/bateria-y-carga\/mi-spotter-no-carga\/"]}]},{"@type":"BreadcrumbList","@id":"https:\/\/www.spottergps.com\/es\/faq\/bateria-y-carga\/mi-spotter-no-carga\/#breadcrumb","itemListElement":[{"@type":"ListItem","position":1,"name":"Home","item":"https:\/\/www.spottergps.com\/es\/"},{"@type":"ListItem","position":2,"name":"\u00bfC\u00f3mo podemos ayudarte?","item":"https:\/\/www.spottergps.com\/es\/faq\/"},{"@type":"ListItem","position":3,"name":"Bater\u00eda y Carga","item":"https:\/\/www.spottergps.com\/es\/faq\/bateria-y-carga\/"},{"@type":"ListItem","position":4,"name":"Mi Spotter no carga"}]},{"@type":"WebSite","@id":"https:\/\/www.spottergps.com\/es\/#website","url":"https:\/\/www.spottergps.com\/es\/","name":"Spotter Spain","description":"Para todo lo que amas","publisher":{"@id":"https:\/\/www.spottergps.com\/es\/#organization"},"potentialAction":[{"@type":"SearchAction","target":{"@type":"EntryPoint","urlTemplate":"https:\/\/www.spottergps.com\/es\/?s={search_term_string}"},"query-input":{"@type":"PropertyValueSpecification","valueRequired":true,"valueName":"search_term_string"}}],"inLanguage":"es-ES"},{"@type":"Organization","@id":"https:\/\/www.spottergps.com\/es\/#organization","name":"Spotter B.V.","url":"https:\/\/www.spottergps.com\/es\/","logo":{"@type":"ImageObject","inLanguage":"es-ES","@id":"https:\/\/www.spottergps.com\/es\/#\/schema\/logo\/image\/","url":"https:\/\/www.spottergps.com\/es\/wp-content\/uploads\/sites\/7\/2023\/09\/Spotter_logo.png","contentUrl":"https:\/\/www.spottergps.com\/es\/wp-content\/uploads\/sites\/7\/2023\/09\/Spotter_logo.png","width":1500,"height":696,"caption":"Spotter B.V."},"image":{"@id":"https:\/\/www.spottergps.com\/es\/#\/schema\/logo\/image\/"}}]}},"_links":{"self":[{"href":"https:\/\/www.spottergps.com\/es\/wp-json\/wp\/v2\/pages\/107","targetHints":{"allow":["GET"]}}],"collection":[{"href":"https:\/\/www.spottergps.com\/es\/wp-json\/wp\/v2\/pages"}],"about":[{"href":"https:\/\/www.spottergps.com\/es\/wp-json\/wp\/v2\/types\/page"}],"author":[{"embeddable":true,"href":"https:\/\/www.spottergps.com\/es\/wp-json\/wp\/v2\/users\/10"}],"replies":[{"embeddable":true,"href":"https:\/\/www.spottergps.com\/es\/wp-json\/wp\/v2\/comments?post=107"}],"version-history":[{"count":3,"href":"https:\/\/www.spottergps.com\/es\/wp-json\/wp\/v2\/pages\/107\/revisions"}],"predecessor-version":[{"id":1502,"href":"https:\/\/www.spottergps.com\/es\/wp-json\/wp\/v2\/pages\/107\/revisions\/1502"}],"up":[{"embeddable":true,"href":"https:\/\/www.spottergps.com\/es\/wp-json\/wp\/v2\/pages\/103"}],"wp:attachment":[{"href":"https:\/\/www.spottergps.com\/es\/wp-json\/wp\/v2\/media?parent=107"}],"wp:term":[{"taxonomy":"category","embeddable":true,"href":"https:\/\/www.spottergps.com\/es\/wp-json\/wp\/v2\/categories?post=107"},{"taxonomy":"post_tag","embeddable":true,"href":"https:\/\/www.spottergps.com\/es\/wp-json\/wp\/v2\/tags?post=107"}],"curies":[{"name":"wp","href":"https:\/\/api.w.org\/{rel}","templated":true}]}}