{"id":1069,"date":"2023-04-21T14:39:26","date_gmt":"2023-04-21T14:39:26","guid":{"rendered":"https:\/\/www.spottergps.com\/es\/?page_id=1069"},"modified":"2025-12-24T12:49:47","modified_gmt":"2025-12-24T12:49:47","slug":"el-localizador-gps-mas-pequeno-para-mascotas","status":"publish","type":"page","link":"https:\/\/www.spottergps.com\/es\/el-localizador-gps-mas-pequeno-para-mascotas\/","title":{"rendered":"El localizador GPS m\u00e1s peque\u00f1o para mascotas"},"content":{"rendered":"\n<p>Con el Pet Spotter usted puede seguir todas las aventuras de su peque\u00f1o amigo. Este es el localizador GPS m\u00e1s peque\u00f1o para mascotas, adecuado para gatos y perros. Simplemente p\u00f3ngalo en el collar y podr\u00e1 ver d\u00f3nde pasa el rato su amigo de cuatro patas a trav\u00e9s de la aplicaci\u00f3n Spotter. Incluso puede ver qu\u00e9 tan activa es su mascota con el rastreador de actividad. Activar una alarma tambi\u00e9n es una de las opciones que ofrece. Es un buen dispositivo para todos los propietarios y tambi\u00e9n te da la sensaci\u00f3n de seguridad de poder volver encontrar a tu gato o perro.<\/p>\n\n\n\n<div style=\"height:25px\" aria-hidden=\"true\" class=\"wp-block-spacer\"><\/div>\n\n\n\n<h2 class=\"wp-block-heading has-text-align-center\" id=\"tw-target-text\">\u00bfPara un gato o un perro?<\/h2>\n\n\n\n<div class=\"wp-block-columns home-categories is-layout-flex wp-container-core-columns-is-layout-9d6595d7 wp-block-columns-is-layout-flex\">\n<div class=\"wp-block-column is-layout-flow wp-block-column-is-layout-flow\"><\/div>\n\n\n\n<div class=\"wp-block-column is-layout-flow wp-block-column-is-layout-flow\"><div class=\"wp-block-image\">\n<figure class=\"aligncenter size-large\"><a href=\"https:\/\/www.spottergps.com\/es\/localizador-para-gatos\/\"><img decoding=\"async\" src=\"https:\/\/www.spottergps.com\/wp-content\/uploads\/2022\/09\/spotter-cats.svg\" alt=\"\" class=\"wp-image-19554\" \/><\/a><\/figure><\/div>\n\n\n<h4 class=\"wp-block-heading has-text-align-center\">Gatos<\/h4>\n\n\n\n<p class=\"has-text-align-center\">Especial para gatos<\/p>\n<\/div>\n\n\n\n<div class=\"wp-block-column is-layout-flow wp-block-column-is-layout-flow\"><div class=\"wp-block-image\">\n<figure class=\"aligncenter size-large\"><a href=\"https:\/\/www.spottergps.com\/es\/localizador-gps-para-perros\/\"><img decoding=\"async\" src=\"https:\/\/www.spottergps.com\/wp-content\/uploads\/2022\/09\/spotter-dogs.svg\" alt=\"\" class=\"wp-image-19555\" \/><\/a><\/figure><\/div>\n\n\n<h4 class=\"wp-block-heading has-text-align-center\">Perros<\/h4>\n\n\n\n<p class=\"has-text-align-center\">Especial para perros<\/p>\n<\/div>\n\n\n\n<div class=\"wp-block-column is-layout-flow wp-block-column-is-layout-flow\"><\/div>\n<\/div>\n\n\n\n<p><\/p>\n","protected":false},"excerpt":{"rendered":"<p>Con el Pet Spotter usted puede seguir todas las aventuras de su peque\u00f1o amigo. Este es el localizador GPS m\u00e1s peque\u00f1o para mascotas, adecuado para gatos y perros. Simplemente p\u00f3ngalo en el collar y podr\u00e1 ver d\u00f3nde pasa el rato su amigo de cuatro patas a trav\u00e9s de la aplicaci\u00f3n Spotter. Incluso puede ver qu\u00e9 [&hellip;]<\/p>\n","protected":false},"author":10,"featured_media":1787,"parent":0,"menu_order":0,"comment_status":"closed","ping_status":"closed","template":"","meta":{"_acf_changed":false,"footnotes":""},"categories":[],"tags":[],"class_list":["post-1069","page","type-page","status-publish","has-post-thumbnail","hentry"],"acf":[],"yoast_head":"<!-- This site is optimized with the Yoast SEO plugin v25.9 - https:\/\/yoast.com\/wordpress\/plugins\/seo\/ -->\n<title>El GPS mascotas m\u00e1s peque\u00f1o \u2013 Encu\u00e9ntralo f\u00e1cilmente \u2764<\/title>\n<meta name=\"description\" content=\"Esta es la GPS tracker m\u00e1s peque\u00f1a para mascotas. F\u00e1cil de sujetar al collar y puedes ver a trav\u00e9s de la aplicaci\u00f3n Spotter d\u00f3nde anda tu mascota.\" \/>\n<meta name=\"robots\" content=\"index, follow, max-snippet:-1, max-image-preview:large, max-video-preview:-1\" \/>\n<link rel=\"canonical\" href=\"https:\/\/www.spottergps.com\/es\/el-localizador-gps-mas-pequeno-para-mascotas\/\" \/>\n<meta property=\"og:locale\" content=\"es_ES\" \/>\n<meta property=\"og:type\" content=\"article\" \/>\n<meta property=\"og:title\" content=\"El GPS mascotas m\u00e1s peque\u00f1o \u2013 Encu\u00e9ntralo f\u00e1cilmente \u2764\" \/>\n<meta property=\"og:description\" content=\"Esta es la GPS tracker m\u00e1s peque\u00f1a para mascotas. F\u00e1cil de sujetar al collar y puedes ver a trav\u00e9s de la aplicaci\u00f3n Spotter d\u00f3nde anda tu mascota.\" \/>\n<meta property=\"og:url\" content=\"https:\/\/www.spottergps.com\/es\/el-localizador-gps-mas-pequeno-para-mascotas\/\" \/>\n<meta property=\"og:site_name\" content=\"Spotter Spain\" \/>\n<meta property=\"article:modified_time\" content=\"2025-12-24T12:49:47+00:00\" \/>\n<meta property=\"og:image\" content=\"https:\/\/www.spottergps.com\/es\/wp-content\/uploads\/sites\/7\/2024\/02\/Hond-GPS-tracker-Spotter-hond-app.jpg\" \/>\n\t<meta property=\"og:image:width\" content=\"1250\" \/>\n\t<meta property=\"og:image:height\" content=\"1417\" \/>\n\t<meta property=\"og:image:type\" content=\"image\/jpeg\" \/>\n<meta name=\"twitter:card\" content=\"summary_large_image\" \/>\n<meta name=\"twitter:label1\" content=\"Tiempo de lectura\" \/>\n\t<meta name=\"twitter:data1\" content=\"2 minutes\" \/>\n<script type=\"application\/ld+json\" class=\"yoast-schema-graph\">{\"@context\":\"https:\/\/schema.org\",\"@graph\":[{\"@type\":\"WebPage\",\"@id\":\"https:\/\/www.spottergps.com\/es\/el-localizador-gps-mas-pequeno-para-mascotas\/\",\"url\":\"https:\/\/www.spottergps.com\/es\/el-localizador-gps-mas-pequeno-para-mascotas\/\",\"name\":\"El GPS mascotas m\u00e1s peque\u00f1o \u2013 Encu\u00e9ntralo f\u00e1cilmente \u2764\",\"isPartOf\":{\"@id\":\"https:\/\/www.spottergps.com\/es\/#website\"},\"primaryImageOfPage\":{\"@id\":\"https:\/\/www.spottergps.com\/es\/el-localizador-gps-mas-pequeno-para-mascotas\/#primaryimage\"},\"image\":{\"@id\":\"https:\/\/www.spottergps.com\/es\/el-localizador-gps-mas-pequeno-para-mascotas\/#primaryimage\"},\"thumbnailUrl\":\"https:\/\/www.spottergps.com\/es\/wp-content\/uploads\/sites\/7\/2024\/02\/Hond-GPS-tracker-Spotter-hond-app.jpg\",\"datePublished\":\"2023-04-21T14:39:26+00:00\",\"dateModified\":\"2025-12-24T12:49:47+00:00\",\"description\":\"Esta es la GPS tracker m\u00e1s peque\u00f1a para mascotas. F\u00e1cil de sujetar al collar y puedes ver a trav\u00e9s de la aplicaci\u00f3n Spotter d\u00f3nde anda tu mascota.\",\"breadcrumb\":{\"@id\":\"https:\/\/www.spottergps.com\/es\/el-localizador-gps-mas-pequeno-para-mascotas\/#breadcrumb\"},\"inLanguage\":\"es-ES\",\"potentialAction\":[{\"@type\":\"ReadAction\",\"target\":[\"https:\/\/www.spottergps.com\/es\/el-localizador-gps-mas-pequeno-para-mascotas\/\"]}]},{\"@type\":\"ImageObject\",\"inLanguage\":\"es-ES\",\"@id\":\"https:\/\/www.spottergps.com\/es\/el-localizador-gps-mas-pequeno-para-mascotas\/#primaryimage\",\"url\":\"https:\/\/www.spottergps.com\/es\/wp-content\/uploads\/sites\/7\/2024\/02\/Hond-GPS-tracker-Spotter-hond-app.jpg\",\"contentUrl\":\"https:\/\/www.spottergps.com\/es\/wp-content\/uploads\/sites\/7\/2024\/02\/Hond-GPS-tracker-Spotter-hond-app.jpg\",\"width\":1250,\"height\":1417,\"caption\":\"GPS Mascotas - Spotter\"},{\"@type\":\"BreadcrumbList\",\"@id\":\"https:\/\/www.spottergps.com\/es\/el-localizador-gps-mas-pequeno-para-mascotas\/#breadcrumb\",\"itemListElement\":[{\"@type\":\"ListItem\",\"position\":1,\"name\":\"Home\",\"item\":\"https:\/\/www.spottergps.com\/es\/\"},{\"@type\":\"ListItem\",\"position\":2,\"name\":\"El localizador GPS m\u00e1s peque\u00f1o para mascotas\"}]},{\"@type\":\"WebSite\",\"@id\":\"https:\/\/www.spottergps.com\/es\/#website\",\"url\":\"https:\/\/www.spottergps.com\/es\/\",\"name\":\"Spotter Spain\",\"description\":\"Para todo lo que amas\",\"publisher\":{\"@id\":\"https:\/\/www.spottergps.com\/es\/#organization\"},\"potentialAction\":[{\"@type\":\"SearchAction\",\"target\":{\"@type\":\"EntryPoint\",\"urlTemplate\":\"https:\/\/www.spottergps.com\/es\/?s={search_term_string}\"},\"query-input\":{\"@type\":\"PropertyValueSpecification\",\"valueRequired\":true,\"valueName\":\"search_term_string\"}}],\"inLanguage\":\"es-ES\"},{\"@type\":\"Organization\",\"@id\":\"https:\/\/www.spottergps.com\/es\/#organization\",\"name\":\"Spotter B.V.\",\"url\":\"https:\/\/www.spottergps.com\/es\/\",\"logo\":{\"@type\":\"ImageObject\",\"inLanguage\":\"es-ES\",\"@id\":\"https:\/\/www.spottergps.com\/es\/#\/schema\/logo\/image\/\",\"url\":\"https:\/\/www.spottergps.com\/es\/wp-content\/uploads\/sites\/7\/2023\/09\/Spotter_logo.png\",\"contentUrl\":\"https:\/\/www.spottergps.com\/es\/wp-content\/uploads\/sites\/7\/2023\/09\/Spotter_logo.png\",\"width\":1500,\"height\":696,\"caption\":\"Spotter B.V.\"},\"image\":{\"@id\":\"https:\/\/www.spottergps.com\/es\/#\/schema\/logo\/image\/\"}}]}<\/script>\n<!-- \/ Yoast SEO plugin. -->","yoast_head_json":{"title":"El GPS mascotas m\u00e1s peque\u00f1o \u2013 Encu\u00e9ntralo f\u00e1cilmente \u2764","description":"Esta es la GPS tracker m\u00e1s peque\u00f1a para mascotas. F\u00e1cil de sujetar al collar y puedes ver a trav\u00e9s de la aplicaci\u00f3n Spotter d\u00f3nde anda tu mascota.","robots":{"index":"index","follow":"follow","max-snippet":"max-snippet:-1","max-image-preview":"max-image-preview:large","max-video-preview":"max-video-preview:-1"},"canonical":"https:\/\/www.spottergps.com\/es\/el-localizador-gps-mas-pequeno-para-mascotas\/","og_locale":"es_ES","og_type":"article","og_title":"El GPS mascotas m\u00e1s peque\u00f1o \u2013 Encu\u00e9ntralo f\u00e1cilmente \u2764","og_description":"Esta es la GPS tracker m\u00e1s peque\u00f1a para mascotas. F\u00e1cil de sujetar al collar y puedes ver a trav\u00e9s de la aplicaci\u00f3n Spotter d\u00f3nde anda tu mascota.","og_url":"https:\/\/www.spottergps.com\/es\/el-localizador-gps-mas-pequeno-para-mascotas\/","og_site_name":"Spotter Spain","article_modified_time":"2025-12-24T12:49:47+00:00","og_image":[{"width":1250,"height":1417,"url":"https:\/\/www.spottergps.com\/es\/wp-content\/uploads\/sites\/7\/2024\/02\/Hond-GPS-tracker-Spotter-hond-app.jpg","type":"image\/jpeg"}],"twitter_card":"summary_large_image","twitter_misc":{"Tiempo de lectura":"2 minutes"},"schema":{"@context":"https:\/\/schema.org","@graph":[{"@type":"WebPage","@id":"https:\/\/www.spottergps.com\/es\/el-localizador-gps-mas-pequeno-para-mascotas\/","url":"https:\/\/www.spottergps.com\/es\/el-localizador-gps-mas-pequeno-para-mascotas\/","name":"El GPS mascotas m\u00e1s peque\u00f1o \u2013 Encu\u00e9ntralo f\u00e1cilmente \u2764","isPartOf":{"@id":"https:\/\/www.spottergps.com\/es\/#website"},"primaryImageOfPage":{"@id":"https:\/\/www.spottergps.com\/es\/el-localizador-gps-mas-pequeno-para-mascotas\/#primaryimage"},"image":{"@id":"https:\/\/www.spottergps.com\/es\/el-localizador-gps-mas-pequeno-para-mascotas\/#primaryimage"},"thumbnailUrl":"https:\/\/www.spottergps.com\/es\/wp-content\/uploads\/sites\/7\/2024\/02\/Hond-GPS-tracker-Spotter-hond-app.jpg","datePublished":"2023-04-21T14:39:26+00:00","dateModified":"2025-12-24T12:49:47+00:00","description":"Esta es la GPS tracker m\u00e1s peque\u00f1a para mascotas. F\u00e1cil de sujetar al collar y puedes ver a trav\u00e9s de la aplicaci\u00f3n Spotter d\u00f3nde anda tu mascota.","breadcrumb":{"@id":"https:\/\/www.spottergps.com\/es\/el-localizador-gps-mas-pequeno-para-mascotas\/#breadcrumb"},"inLanguage":"es-ES","potentialAction":[{"@type":"ReadAction","target":["https:\/\/www.spottergps.com\/es\/el-localizador-gps-mas-pequeno-para-mascotas\/"]}]},{"@type":"ImageObject","inLanguage":"es-ES","@id":"https:\/\/www.spottergps.com\/es\/el-localizador-gps-mas-pequeno-para-mascotas\/#primaryimage","url":"https:\/\/www.spottergps.com\/es\/wp-content\/uploads\/sites\/7\/2024\/02\/Hond-GPS-tracker-Spotter-hond-app.jpg","contentUrl":"https:\/\/www.spottergps.com\/es\/wp-content\/uploads\/sites\/7\/2024\/02\/Hond-GPS-tracker-Spotter-hond-app.jpg","width":1250,"height":1417,"caption":"GPS Mascotas - Spotter"},{"@type":"BreadcrumbList","@id":"https:\/\/www.spottergps.com\/es\/el-localizador-gps-mas-pequeno-para-mascotas\/#breadcrumb","itemListElement":[{"@type":"ListItem","position":1,"name":"Home","item":"https:\/\/www.spottergps.com\/es\/"},{"@type":"ListItem","position":2,"name":"El localizador GPS m\u00e1s peque\u00f1o para mascotas"}]},{"@type":"WebSite","@id":"https:\/\/www.spottergps.com\/es\/#website","url":"https:\/\/www.spottergps.com\/es\/","name":"Spotter Spain","description":"Para todo lo que amas","publisher":{"@id":"https:\/\/www.spottergps.com\/es\/#organization"},"potentialAction":[{"@type":"SearchAction","target":{"@type":"EntryPoint","urlTemplate":"https:\/\/www.spottergps.com\/es\/?s={search_term_string}"},"query-input":{"@type":"PropertyValueSpecification","valueRequired":true,"valueName":"search_term_string"}}],"inLanguage":"es-ES"},{"@type":"Organization","@id":"https:\/\/www.spottergps.com\/es\/#organization","name":"Spotter B.V.","url":"https:\/\/www.spottergps.com\/es\/","logo":{"@type":"ImageObject","inLanguage":"es-ES","@id":"https:\/\/www.spottergps.com\/es\/#\/schema\/logo\/image\/","url":"https:\/\/www.spottergps.com\/es\/wp-content\/uploads\/sites\/7\/2023\/09\/Spotter_logo.png","contentUrl":"https:\/\/www.spottergps.com\/es\/wp-content\/uploads\/sites\/7\/2023\/09\/Spotter_logo.png","width":1500,"height":696,"caption":"Spotter B.V."},"image":{"@id":"https:\/\/www.spottergps.com\/es\/#\/schema\/logo\/image\/"}}]}},"_links":{"self":[{"href":"https:\/\/www.spottergps.com\/es\/wp-json\/wp\/v2\/pages\/1069","targetHints":{"allow":["GET"]}}],"collection":[{"href":"https:\/\/www.spottergps.com\/es\/wp-json\/wp\/v2\/pages"}],"about":[{"href":"https:\/\/www.spottergps.com\/es\/wp-json\/wp\/v2\/types\/page"}],"author":[{"embeddable":true,"href":"https:\/\/www.spottergps.com\/es\/wp-json\/wp\/v2\/users\/10"}],"replies":[{"embeddable":true,"href":"https:\/\/www.spottergps.com\/es\/wp-json\/wp\/v2\/comments?post=1069"}],"version-history":[{"count":43,"href":"https:\/\/www.spottergps.com\/es\/wp-json\/wp\/v2\/pages\/1069\/revisions"}],"predecessor-version":[{"id":2143,"href":"https:\/\/www.spottergps.com\/es\/wp-json\/wp\/v2\/pages\/1069\/revisions\/2143"}],"wp:featuredmedia":[{"embeddable":true,"href":"https:\/\/www.spottergps.com\/es\/wp-json\/wp\/v2\/media\/1787"}],"wp:attachment":[{"href":"https:\/\/www.spottergps.com\/es\/wp-json\/wp\/v2\/media?parent=1069"}],"wp:term":[{"taxonomy":"category","embeddable":true,"href":"https:\/\/www.spottergps.com\/es\/wp-json\/wp\/v2\/categories?post=1069"},{"taxonomy":"post_tag","embeddable":true,"href":"https:\/\/www.spottergps.com\/es\/wp-json\/wp\/v2\/tags?post=1069"}],"curies":[{"name":"wp","href":"https:\/\/api.w.org\/{rel}","templated":true}]}}