{"id":105,"date":"2023-03-29T09:37:14","date_gmt":"2023-03-29T09:37:14","guid":{"rendered":"https:\/\/www.spottergps.com\/es\/?page_id=105"},"modified":"2024-07-01T12:29:57","modified_gmt":"2024-07-01T12:29:57","slug":"como-se-que-la-bateria-esta-baja","status":"publish","type":"page","link":"https:\/\/www.spottergps.com\/es\/faq\/bateria-y-carga\/como-se-que-la-bateria-esta-baja\/","title":{"rendered":"\u00bfC\u00f3mo s\u00e9 que la bater\u00eda est\u00e1 baja?"},"content":{"rendered":"\n<p>Esto se muestra de una manera diferente para cada producto, que explicamos por producto a continuaci\u00f3n.<\/p>\n\n\n\n<h3 class=\"wp-block-heading\"><strong>Localizador GPS spotter<\/strong><\/h3>\n\n\n\n<p>Si la luz LED azul del rastreador GPS Spotter se enciende r\u00e1pidamente, significa que la bater\u00eda tiene menos del 15 %. Tambi\u00e9n puede ver el estado de la bater\u00eda en la cuenta de Spotter. Si inicia sesi\u00f3n en la cuenta, vaya al mapa y haga clic aqu\u00ed en el Spotter, aparecer\u00e1 una pantalla. Esta pantalla muestra el estado de la bater\u00eda.<\/p>\n\n\n\n<p>Tambi\u00e9n recibir\u00e1 un mensaje de inserci\u00f3n a trav\u00e9s de la aplicaci\u00f3n Spotter y un correo electr\u00f3nico a la direcci\u00f3n de correo electr\u00f3nico vinculada cuando la bater\u00eda est\u00e9 casi descargada.<\/p>\n\n\n\n<h3 class=\"wp-block-heading\"><strong>Reloj GPS de observaci\u00f3n<\/strong><\/h3>\n\n\n\n<p>Para el reloj Spotter GPS, se muestra una bater\u00eda en la parte superior derecha de la pantalla del reloj. Aqu\u00ed puede ver qu\u00e9 tan llena est\u00e1 la bater\u00eda. Tambi\u00e9n puede ver el estado de la bater\u00eda en la cuenta de Spotter. Si inicia sesi\u00f3n en la cuenta, vaya al mapa y haga clic aqu\u00ed en el Spotter, aparecer\u00e1 una pantalla. Esta pantalla muestra el estado de la bater\u00eda.<\/p>\n\n\n\n<p>Adem\u00e1s, si el porcentaje de bater\u00eda es inferior al 15 %, recibir\u00e1 un mensaje de inserci\u00f3n a trav\u00e9s de la aplicaci\u00f3n Spotter y un correo electr\u00f3nico a la direcci\u00f3n de correo electr\u00f3nico vinculada.<\/p>\n\n\n\n<h3 class=\"wp-block-heading\"><strong>Observador de mascotas<\/strong><\/h3>\n\n\n\n<p>Puede ver el estado de la bater\u00eda en la cuenta de Spotter. Si inicia sesi\u00f3n en la cuenta, vaya al mapa y haga clic aqu\u00ed en el Spotter, aparecer\u00e1 una pantalla. Esta pantalla muestra el estado de la bater\u00eda. Cuando el detector de mascotas est\u00e9 vac\u00edo, escuchar\u00e1 un sonido y se apagar\u00e1.<\/p>\n\n\n\n<p>Adem\u00e1s, si el porcentaje de bater\u00eda es inferior al 15 %, recibir\u00e1 un mensaje de inserci\u00f3n a trav\u00e9s de la aplicaci\u00f3n Spotter y un correo electr\u00f3nico a la direcci\u00f3n de correo electr\u00f3nico vinculada.<\/p>\n\n\n\n<h3 class=\"wp-block-heading\"><strong>Reloj Spotter GPS \u2013 Air<\/strong><\/h3>\n\n\n\n<p>Para el Spotter GPS Watch Air, se muestra una bater\u00eda en la parte superior derecha de la pantalla del reloj. Aqu\u00ed puede ver qu\u00e9 tan llena est\u00e1 la bater\u00eda. Tambi\u00e9n puede ver el estado de la bater\u00eda en la cuenta de Spotter. Si inicia sesi\u00f3n en la cuenta, vaya al mapa y haga clic aqu\u00ed en el Spotter, aparecer\u00e1 una pantalla. Esta pantalla muestra el estado de la bater\u00eda.<\/p>\n\n\n\n<p>Adem\u00e1s, si el porcentaje de bater\u00eda es inferior al 15 %, recibir\u00e1 un mensaje de inserci\u00f3n a trav\u00e9s de la aplicaci\u00f3n Spotter y un correo electr\u00f3nico a la direcci\u00f3n de correo electr\u00f3nico vinculada.<\/p>\n","protected":false},"excerpt":{"rendered":"<p>Esto se muestra de una manera diferente para cada producto, que explicamos por producto a continuaci\u00f3n. Localizador GPS spotter Si la luz LED azul del rastreador GPS Spotter se enciende r\u00e1pidamente, significa que la bater\u00eda tiene menos del 15 %. Tambi\u00e9n puede ver el estado de la bater\u00eda en la cuenta de Spotter. Si inicia [&hellip;]<\/p>\n","protected":false},"author":10,"featured_media":0,"parent":103,"menu_order":0,"comment_status":"closed","ping_status":"closed","template":"faq-content.php","meta":{"_acf_changed":false,"footnotes":""},"categories":[2],"tags":[],"class_list":["post-105","page","type-page","status-publish","hentry","category-faq"],"acf":[],"yoast_head":"<!-- This site is optimized with the Yoast SEO plugin v25.9 - https:\/\/yoast.com\/wordpress\/plugins\/seo\/ -->\n<title>\u00bfC\u00f3mo s\u00e9 que la bater\u00eda est\u00e1 baja? - Spotter Spain<\/title>\n<meta name=\"robots\" content=\"noindex, nofollow\" \/>\n<meta property=\"og:locale\" content=\"es_ES\" \/>\n<meta property=\"og:type\" content=\"article\" \/>\n<meta property=\"og:title\" content=\"\u00bfC\u00f3mo s\u00e9 que la bater\u00eda est\u00e1 baja? - Spotter Spain\" \/>\n<meta property=\"og:description\" content=\"Esto se muestra de una manera diferente para cada producto, que explicamos por producto a continuaci\u00f3n. Localizador GPS spotter Si la luz LED azul del rastreador GPS Spotter se enciende r\u00e1pidamente, significa que la bater\u00eda tiene menos del 15 %. Tambi\u00e9n puede ver el estado de la bater\u00eda en la cuenta de Spotter. Si inicia [&hellip;]\" \/>\n<meta property=\"og:url\" content=\"https:\/\/www.spottergps.com\/es\/faq\/bateria-y-carga\/como-se-que-la-bateria-esta-baja\/\" \/>\n<meta property=\"og:site_name\" content=\"Spotter Spain\" \/>\n<meta property=\"article:modified_time\" content=\"2024-07-01T12:29:57+00:00\" \/>\n<meta name=\"twitter:card\" content=\"summary_large_image\" \/>\n<meta name=\"twitter:label1\" content=\"Tiempo de lectura\" \/>\n\t<meta name=\"twitter:data1\" content=\"2 minutes\" \/>\n<script type=\"application\/ld+json\" class=\"yoast-schema-graph\">{\"@context\":\"https:\/\/schema.org\",\"@graph\":[{\"@type\":\"WebPage\",\"@id\":\"https:\/\/www.spottergps.com\/es\/faq\/bateria-y-carga\/como-se-que-la-bateria-esta-baja\/\",\"url\":\"https:\/\/www.spottergps.com\/es\/faq\/bateria-y-carga\/como-se-que-la-bateria-esta-baja\/\",\"name\":\"\u00bfC\u00f3mo s\u00e9 que la bater\u00eda est\u00e1 baja? - Spotter Spain\",\"isPartOf\":{\"@id\":\"https:\/\/www.spottergps.com\/es\/#website\"},\"datePublished\":\"2023-03-29T09:37:14+00:00\",\"dateModified\":\"2024-07-01T12:29:57+00:00\",\"breadcrumb\":{\"@id\":\"https:\/\/www.spottergps.com\/es\/faq\/bateria-y-carga\/como-se-que-la-bateria-esta-baja\/#breadcrumb\"},\"inLanguage\":\"es-ES\",\"potentialAction\":[{\"@type\":\"ReadAction\",\"target\":[\"https:\/\/www.spottergps.com\/es\/faq\/bateria-y-carga\/como-se-que-la-bateria-esta-baja\/\"]}]},{\"@type\":\"BreadcrumbList\",\"@id\":\"https:\/\/www.spottergps.com\/es\/faq\/bateria-y-carga\/como-se-que-la-bateria-esta-baja\/#breadcrumb\",\"itemListElement\":[{\"@type\":\"ListItem\",\"position\":1,\"name\":\"Home\",\"item\":\"https:\/\/www.spottergps.com\/es\/\"},{\"@type\":\"ListItem\",\"position\":2,\"name\":\"\u00bfC\u00f3mo podemos ayudarte?\",\"item\":\"https:\/\/www.spottergps.com\/es\/faq\/\"},{\"@type\":\"ListItem\",\"position\":3,\"name\":\"Bater\u00eda y Carga\",\"item\":\"https:\/\/www.spottergps.com\/es\/faq\/bateria-y-carga\/\"},{\"@type\":\"ListItem\",\"position\":4,\"name\":\"\u00bfC\u00f3mo s\u00e9 que la bater\u00eda est\u00e1 baja?\"}]},{\"@type\":\"WebSite\",\"@id\":\"https:\/\/www.spottergps.com\/es\/#website\",\"url\":\"https:\/\/www.spottergps.com\/es\/\",\"name\":\"Spotter Spain\",\"description\":\"Para todo lo que amas\",\"publisher\":{\"@id\":\"https:\/\/www.spottergps.com\/es\/#organization\"},\"potentialAction\":[{\"@type\":\"SearchAction\",\"target\":{\"@type\":\"EntryPoint\",\"urlTemplate\":\"https:\/\/www.spottergps.com\/es\/?s={search_term_string}\"},\"query-input\":{\"@type\":\"PropertyValueSpecification\",\"valueRequired\":true,\"valueName\":\"search_term_string\"}}],\"inLanguage\":\"es-ES\"},{\"@type\":\"Organization\",\"@id\":\"https:\/\/www.spottergps.com\/es\/#organization\",\"name\":\"Spotter B.V.\",\"url\":\"https:\/\/www.spottergps.com\/es\/\",\"logo\":{\"@type\":\"ImageObject\",\"inLanguage\":\"es-ES\",\"@id\":\"https:\/\/www.spottergps.com\/es\/#\/schema\/logo\/image\/\",\"url\":\"https:\/\/www.spottergps.com\/es\/wp-content\/uploads\/sites\/7\/2023\/09\/Spotter_logo.png\",\"contentUrl\":\"https:\/\/www.spottergps.com\/es\/wp-content\/uploads\/sites\/7\/2023\/09\/Spotter_logo.png\",\"width\":1500,\"height\":696,\"caption\":\"Spotter B.V.\"},\"image\":{\"@id\":\"https:\/\/www.spottergps.com\/es\/#\/schema\/logo\/image\/\"}}]}<\/script>\n<!-- \/ Yoast SEO plugin. -->","yoast_head_json":{"title":"\u00bfC\u00f3mo s\u00e9 que la bater\u00eda est\u00e1 baja? - Spotter Spain","robots":{"index":"noindex","follow":"nofollow"},"og_locale":"es_ES","og_type":"article","og_title":"\u00bfC\u00f3mo s\u00e9 que la bater\u00eda est\u00e1 baja? - Spotter Spain","og_description":"Esto se muestra de una manera diferente para cada producto, que explicamos por producto a continuaci\u00f3n. Localizador GPS spotter Si la luz LED azul del rastreador GPS Spotter se enciende r\u00e1pidamente, significa que la bater\u00eda tiene menos del 15 %. Tambi\u00e9n puede ver el estado de la bater\u00eda en la cuenta de Spotter. Si inicia [&hellip;]","og_url":"https:\/\/www.spottergps.com\/es\/faq\/bateria-y-carga\/como-se-que-la-bateria-esta-baja\/","og_site_name":"Spotter Spain","article_modified_time":"2024-07-01T12:29:57+00:00","twitter_card":"summary_large_image","twitter_misc":{"Tiempo de lectura":"2 minutes"},"schema":{"@context":"https:\/\/schema.org","@graph":[{"@type":"WebPage","@id":"https:\/\/www.spottergps.com\/es\/faq\/bateria-y-carga\/como-se-que-la-bateria-esta-baja\/","url":"https:\/\/www.spottergps.com\/es\/faq\/bateria-y-carga\/como-se-que-la-bateria-esta-baja\/","name":"\u00bfC\u00f3mo s\u00e9 que la bater\u00eda est\u00e1 baja? - Spotter Spain","isPartOf":{"@id":"https:\/\/www.spottergps.com\/es\/#website"},"datePublished":"2023-03-29T09:37:14+00:00","dateModified":"2024-07-01T12:29:57+00:00","breadcrumb":{"@id":"https:\/\/www.spottergps.com\/es\/faq\/bateria-y-carga\/como-se-que-la-bateria-esta-baja\/#breadcrumb"},"inLanguage":"es-ES","potentialAction":[{"@type":"ReadAction","target":["https:\/\/www.spottergps.com\/es\/faq\/bateria-y-carga\/como-se-que-la-bateria-esta-baja\/"]}]},{"@type":"BreadcrumbList","@id":"https:\/\/www.spottergps.com\/es\/faq\/bateria-y-carga\/como-se-que-la-bateria-esta-baja\/#breadcrumb","itemListElement":[{"@type":"ListItem","position":1,"name":"Home","item":"https:\/\/www.spottergps.com\/es\/"},{"@type":"ListItem","position":2,"name":"\u00bfC\u00f3mo podemos ayudarte?","item":"https:\/\/www.spottergps.com\/es\/faq\/"},{"@type":"ListItem","position":3,"name":"Bater\u00eda y Carga","item":"https:\/\/www.spottergps.com\/es\/faq\/bateria-y-carga\/"},{"@type":"ListItem","position":4,"name":"\u00bfC\u00f3mo s\u00e9 que la bater\u00eda est\u00e1 baja?"}]},{"@type":"WebSite","@id":"https:\/\/www.spottergps.com\/es\/#website","url":"https:\/\/www.spottergps.com\/es\/","name":"Spotter Spain","description":"Para todo lo que amas","publisher":{"@id":"https:\/\/www.spottergps.com\/es\/#organization"},"potentialAction":[{"@type":"SearchAction","target":{"@type":"EntryPoint","urlTemplate":"https:\/\/www.spottergps.com\/es\/?s={search_term_string}"},"query-input":{"@type":"PropertyValueSpecification","valueRequired":true,"valueName":"search_term_string"}}],"inLanguage":"es-ES"},{"@type":"Organization","@id":"https:\/\/www.spottergps.com\/es\/#organization","name":"Spotter B.V.","url":"https:\/\/www.spottergps.com\/es\/","logo":{"@type":"ImageObject","inLanguage":"es-ES","@id":"https:\/\/www.spottergps.com\/es\/#\/schema\/logo\/image\/","url":"https:\/\/www.spottergps.com\/es\/wp-content\/uploads\/sites\/7\/2023\/09\/Spotter_logo.png","contentUrl":"https:\/\/www.spottergps.com\/es\/wp-content\/uploads\/sites\/7\/2023\/09\/Spotter_logo.png","width":1500,"height":696,"caption":"Spotter B.V."},"image":{"@id":"https:\/\/www.spottergps.com\/es\/#\/schema\/logo\/image\/"}}]}},"_links":{"self":[{"href":"https:\/\/www.spottergps.com\/es\/wp-json\/wp\/v2\/pages\/105","targetHints":{"allow":["GET"]}}],"collection":[{"href":"https:\/\/www.spottergps.com\/es\/wp-json\/wp\/v2\/pages"}],"about":[{"href":"https:\/\/www.spottergps.com\/es\/wp-json\/wp\/v2\/types\/page"}],"author":[{"embeddable":true,"href":"https:\/\/www.spottergps.com\/es\/wp-json\/wp\/v2\/users\/10"}],"replies":[{"embeddable":true,"href":"https:\/\/www.spottergps.com\/es\/wp-json\/wp\/v2\/comments?post=105"}],"version-history":[{"count":4,"href":"https:\/\/www.spottergps.com\/es\/wp-json\/wp\/v2\/pages\/105\/revisions"}],"predecessor-version":[{"id":1501,"href":"https:\/\/www.spottergps.com\/es\/wp-json\/wp\/v2\/pages\/105\/revisions\/1501"}],"up":[{"embeddable":true,"href":"https:\/\/www.spottergps.com\/es\/wp-json\/wp\/v2\/pages\/103"}],"wp:attachment":[{"href":"https:\/\/www.spottergps.com\/es\/wp-json\/wp\/v2\/media?parent=105"}],"wp:term":[{"taxonomy":"category","embeddable":true,"href":"https:\/\/www.spottergps.com\/es\/wp-json\/wp\/v2\/categories?post=105"},{"taxonomy":"post_tag","embeddable":true,"href":"https:\/\/www.spottergps.com\/es\/wp-json\/wp\/v2\/tags?post=105"}],"curies":[{"name":"wp","href":"https:\/\/api.w.org\/{rel}","templated":true}]}}