{"id":1016,"date":"2023-04-21T13:26:34","date_gmt":"2023-04-21T13:26:34","guid":{"rendered":"https:\/\/www.spottergps.com\/es\/?page_id=1016"},"modified":"2026-04-20T06:53:54","modified_gmt":"2026-04-20T06:53:54","slug":"seguridad-y-privacida","status":"publish","type":"page","link":"https:\/\/www.spottergps.com\/es\/seguridad-y-privacida\/","title":{"rendered":"Seguridad y Privacida"},"content":{"rendered":"\n<p>La protecci\u00f3n de la privacidad de nuestros clientes cuando utilizan Spotter, nuestra aplicaci\u00f3n y nuestro portal es de gran importancia para nosotros. Nuestros productos son seguros, confiables y cuentan con el marcado CE. Lo que significa que nuestros productos cumplen con los requisitos de seguridad impuestos por todas las Directivas Europeas. Adem\u00e1s de esto, utilizamos el m\u00e1s alto nivel de protecci\u00f3n de datos para el procesamiento seguro de sus datos. <strong>La privacidad de nuestros usuarios est\u00e1 totalmente garantizada.<\/strong>&nbsp;<\/p>\n\n\n\n<p>En la Declaraci\u00f3n de privacidad y la Pol\u00edtica de privacidad puede leer exactamente qu\u00e9 informaci\u00f3n registramos, qu\u00e9 sucede con la informaci\u00f3n y qui\u00e9n tiene acceso a esta.&nbsp;<\/p>\n","protected":false},"excerpt":{"rendered":"<p>La protecci\u00f3n de la privacidad de nuestros clientes cuando utilizan Spotter, nuestra aplicaci\u00f3n y nuestro portal es de gran importancia para nosotros. Nuestros productos son seguros, confiables y cuentan con el marcado CE. Lo que significa que nuestros productos cumplen con los requisitos de seguridad impuestos por todas las Directivas Europeas. Adem\u00e1s de esto, utilizamos [&hellip;]<\/p>\n","protected":false},"author":10,"featured_media":0,"parent":0,"menu_order":0,"comment_status":"closed","ping_status":"closed","template":"","meta":{"_acf_changed":false,"footnotes":""},"categories":[],"tags":[],"class_list":["post-1016","page","type-page","status-publish","hentry"],"acf":[],"yoast_head":"<!-- This site is optimized with the Yoast SEO plugin v25.9 - https:\/\/yoast.com\/wordpress\/plugins\/seo\/ -->\n<title>Seguridad y Privacida - Spotter Spain<\/title>\n<meta name=\"description\" content=\"Nuestros productos son seguros y cuentan con la marca CE. Cumplen con los requisitos de seguridad establecidos por todas las Directivas Europeas.\" \/>\n<meta name=\"robots\" content=\"index, follow, max-snippet:-1, max-image-preview:large, max-video-preview:-1\" \/>\n<link rel=\"canonical\" href=\"https:\/\/www.spottergps.com\/es\/seguridad-y-privacida\/\" \/>\n<meta property=\"og:locale\" content=\"es_ES\" \/>\n<meta property=\"og:type\" content=\"article\" \/>\n<meta property=\"og:title\" content=\"Seguridad y Privacida - Spotter Spain\" \/>\n<meta property=\"og:description\" content=\"Nuestros productos son seguros y cuentan con la marca CE. Cumplen con los requisitos de seguridad establecidos por todas las Directivas Europeas.\" \/>\n<meta property=\"og:url\" content=\"https:\/\/www.spottergps.com\/es\/seguridad-y-privacida\/\" \/>\n<meta property=\"og:site_name\" content=\"Spotter Spain\" \/>\n<meta property=\"article:modified_time\" content=\"2026-04-20T06:53:54+00:00\" \/>\n<meta name=\"twitter:card\" content=\"summary_large_image\" \/>\n<meta name=\"twitter:label1\" content=\"Tiempo de lectura\" \/>\n\t<meta name=\"twitter:data1\" content=\"1 minute\" \/>\n<script type=\"application\/ld+json\" class=\"yoast-schema-graph\">{\"@context\":\"https:\/\/schema.org\",\"@graph\":[{\"@type\":\"WebPage\",\"@id\":\"https:\/\/www.spottergps.com\/es\/seguridad-y-privacida\/\",\"url\":\"https:\/\/www.spottergps.com\/es\/seguridad-y-privacida\/\",\"name\":\"Seguridad y Privacida - Spotter Spain\",\"isPartOf\":{\"@id\":\"https:\/\/www.spottergps.com\/es\/#website\"},\"datePublished\":\"2023-04-21T13:26:34+00:00\",\"dateModified\":\"2026-04-20T06:53:54+00:00\",\"description\":\"Nuestros productos son seguros y cuentan con la marca CE. Cumplen con los requisitos de seguridad establecidos por todas las Directivas Europeas.\",\"breadcrumb\":{\"@id\":\"https:\/\/www.spottergps.com\/es\/seguridad-y-privacida\/#breadcrumb\"},\"inLanguage\":\"es-ES\",\"potentialAction\":[{\"@type\":\"ReadAction\",\"target\":[\"https:\/\/www.spottergps.com\/es\/seguridad-y-privacida\/\"]}]},{\"@type\":\"BreadcrumbList\",\"@id\":\"https:\/\/www.spottergps.com\/es\/seguridad-y-privacida\/#breadcrumb\",\"itemListElement\":[{\"@type\":\"ListItem\",\"position\":1,\"name\":\"Home\",\"item\":\"https:\/\/www.spottergps.com\/es\/\"},{\"@type\":\"ListItem\",\"position\":2,\"name\":\"Seguridad y Privacida\"}]},{\"@type\":\"WebSite\",\"@id\":\"https:\/\/www.spottergps.com\/es\/#website\",\"url\":\"https:\/\/www.spottergps.com\/es\/\",\"name\":\"Spotter Spain\",\"description\":\"Para todo lo que amas\",\"publisher\":{\"@id\":\"https:\/\/www.spottergps.com\/es\/#organization\"},\"potentialAction\":[{\"@type\":\"SearchAction\",\"target\":{\"@type\":\"EntryPoint\",\"urlTemplate\":\"https:\/\/www.spottergps.com\/es\/?s={search_term_string}\"},\"query-input\":{\"@type\":\"PropertyValueSpecification\",\"valueRequired\":true,\"valueName\":\"search_term_string\"}}],\"inLanguage\":\"es-ES\"},{\"@type\":\"Organization\",\"@id\":\"https:\/\/www.spottergps.com\/es\/#organization\",\"name\":\"Spotter B.V.\",\"url\":\"https:\/\/www.spottergps.com\/es\/\",\"logo\":{\"@type\":\"ImageObject\",\"inLanguage\":\"es-ES\",\"@id\":\"https:\/\/www.spottergps.com\/es\/#\/schema\/logo\/image\/\",\"url\":\"https:\/\/www.spottergps.com\/es\/wp-content\/uploads\/sites\/7\/2023\/09\/Spotter_logo.png\",\"contentUrl\":\"https:\/\/www.spottergps.com\/es\/wp-content\/uploads\/sites\/7\/2023\/09\/Spotter_logo.png\",\"width\":1500,\"height\":696,\"caption\":\"Spotter B.V.\"},\"image\":{\"@id\":\"https:\/\/www.spottergps.com\/es\/#\/schema\/logo\/image\/\"}}]}<\/script>\n<!-- \/ Yoast SEO plugin. -->","yoast_head_json":{"title":"Seguridad y Privacida - Spotter Spain","description":"Nuestros productos son seguros y cuentan con la marca CE. Cumplen con los requisitos de seguridad establecidos por todas las Directivas Europeas.","robots":{"index":"index","follow":"follow","max-snippet":"max-snippet:-1","max-image-preview":"max-image-preview:large","max-video-preview":"max-video-preview:-1"},"canonical":"https:\/\/www.spottergps.com\/es\/seguridad-y-privacida\/","og_locale":"es_ES","og_type":"article","og_title":"Seguridad y Privacida - Spotter Spain","og_description":"Nuestros productos son seguros y cuentan con la marca CE. Cumplen con los requisitos de seguridad establecidos por todas las Directivas Europeas.","og_url":"https:\/\/www.spottergps.com\/es\/seguridad-y-privacida\/","og_site_name":"Spotter Spain","article_modified_time":"2026-04-20T06:53:54+00:00","twitter_card":"summary_large_image","twitter_misc":{"Tiempo de lectura":"1 minute"},"schema":{"@context":"https:\/\/schema.org","@graph":[{"@type":"WebPage","@id":"https:\/\/www.spottergps.com\/es\/seguridad-y-privacida\/","url":"https:\/\/www.spottergps.com\/es\/seguridad-y-privacida\/","name":"Seguridad y Privacida - Spotter Spain","isPartOf":{"@id":"https:\/\/www.spottergps.com\/es\/#website"},"datePublished":"2023-04-21T13:26:34+00:00","dateModified":"2026-04-20T06:53:54+00:00","description":"Nuestros productos son seguros y cuentan con la marca CE. Cumplen con los requisitos de seguridad establecidos por todas las Directivas Europeas.","breadcrumb":{"@id":"https:\/\/www.spottergps.com\/es\/seguridad-y-privacida\/#breadcrumb"},"inLanguage":"es-ES","potentialAction":[{"@type":"ReadAction","target":["https:\/\/www.spottergps.com\/es\/seguridad-y-privacida\/"]}]},{"@type":"BreadcrumbList","@id":"https:\/\/www.spottergps.com\/es\/seguridad-y-privacida\/#breadcrumb","itemListElement":[{"@type":"ListItem","position":1,"name":"Home","item":"https:\/\/www.spottergps.com\/es\/"},{"@type":"ListItem","position":2,"name":"Seguridad y Privacida"}]},{"@type":"WebSite","@id":"https:\/\/www.spottergps.com\/es\/#website","url":"https:\/\/www.spottergps.com\/es\/","name":"Spotter Spain","description":"Para todo lo que amas","publisher":{"@id":"https:\/\/www.spottergps.com\/es\/#organization"},"potentialAction":[{"@type":"SearchAction","target":{"@type":"EntryPoint","urlTemplate":"https:\/\/www.spottergps.com\/es\/?s={search_term_string}"},"query-input":{"@type":"PropertyValueSpecification","valueRequired":true,"valueName":"search_term_string"}}],"inLanguage":"es-ES"},{"@type":"Organization","@id":"https:\/\/www.spottergps.com\/es\/#organization","name":"Spotter B.V.","url":"https:\/\/www.spottergps.com\/es\/","logo":{"@type":"ImageObject","inLanguage":"es-ES","@id":"https:\/\/www.spottergps.com\/es\/#\/schema\/logo\/image\/","url":"https:\/\/www.spottergps.com\/es\/wp-content\/uploads\/sites\/7\/2023\/09\/Spotter_logo.png","contentUrl":"https:\/\/www.spottergps.com\/es\/wp-content\/uploads\/sites\/7\/2023\/09\/Spotter_logo.png","width":1500,"height":696,"caption":"Spotter B.V."},"image":{"@id":"https:\/\/www.spottergps.com\/es\/#\/schema\/logo\/image\/"}}]}},"_links":{"self":[{"href":"https:\/\/www.spottergps.com\/es\/wp-json\/wp\/v2\/pages\/1016","targetHints":{"allow":["GET"]}}],"collection":[{"href":"https:\/\/www.spottergps.com\/es\/wp-json\/wp\/v2\/pages"}],"about":[{"href":"https:\/\/www.spottergps.com\/es\/wp-json\/wp\/v2\/types\/page"}],"author":[{"embeddable":true,"href":"https:\/\/www.spottergps.com\/es\/wp-json\/wp\/v2\/users\/10"}],"replies":[{"embeddable":true,"href":"https:\/\/www.spottergps.com\/es\/wp-json\/wp\/v2\/comments?post=1016"}],"version-history":[{"count":19,"href":"https:\/\/www.spottergps.com\/es\/wp-json\/wp\/v2\/pages\/1016\/revisions"}],"predecessor-version":[{"id":2638,"href":"https:\/\/www.spottergps.com\/es\/wp-json\/wp\/v2\/pages\/1016\/revisions\/2638"}],"wp:attachment":[{"href":"https:\/\/www.spottergps.com\/es\/wp-json\/wp\/v2\/media?parent=1016"}],"wp:term":[{"taxonomy":"category","embeddable":true,"href":"https:\/\/www.spottergps.com\/es\/wp-json\/wp\/v2\/categories?post=1016"},{"taxonomy":"post_tag","embeddable":true,"href":"https:\/\/www.spottergps.com\/es\/wp-json\/wp\/v2\/tags?post=1016"}],"curies":[{"name":"wp","href":"https:\/\/api.w.org\/{rel}","templated":true}]}}