{"id":101,"date":"2023-03-29T09:34:57","date_gmt":"2023-03-29T09:34:57","guid":{"rendered":"https:\/\/www.spottergps.com\/es\/?page_id=101"},"modified":"2024-07-01T12:34:06","modified_gmt":"2024-07-01T12:34:06","slug":"no-recibo-ninguna-notificacion-en-la-aplicacion-spotter","status":"publish","type":"page","link":"https:\/\/www.spottergps.com\/es\/faq\/aplicacion\/no-recibo-ninguna-notificacion-en-la-aplicacion-spotter\/","title":{"rendered":"No recibo ninguna notificaci\u00f3n en la aplicaci\u00f3n Spotter"},"content":{"rendered":"\n<p>Cuando inicie sesi\u00f3n a trav\u00e9s de la aplicaci\u00f3n Spotter, recibir\u00e1 notificaciones autom\u00e1ticas. Estos aparecen inmediatamente en la pantalla tan pronto como se emite la notificaci\u00f3n. Si no recibe ninguna notificaci\u00f3n, probablemente (todav\u00eda) no ha dado permiso para esto. Puede ajustar esto f\u00e1cilmente en la configuraci\u00f3n de su tel\u00e9fono inteligente. As\u00ed que no a trav\u00e9s de la aplicaci\u00f3n Spotter.<\/p>\n\n\n\n<h2 class=\"wp-block-heading\">En dispositivos Android<\/h2>\n\n\n\n<p>1. Vaya a &#8216;Configuraci\u00f3n&#8217;<\/p>\n\n\n\n<p>2. Luego a &#8216;Notificaciones&#8217;<\/p>\n\n\n\n<p>3. Vaya a la aplicaci\u00f3n Spotter<\/p>\n\n\n\n<p>4. Activa las notificaciones aqu\u00ed<br><\/p>\n\n\n\n<h2 class=\"wp-block-heading\">En dispositivos Apple<\/h2>\n\n\n\n<p>1. Vaya a &#8216;Configuraci\u00f3n&#8217;<\/p>\n\n\n\n<p>2. Luego a la aplicaci\u00f3n Spotter<\/p>\n\n\n\n<p>3. Luego a &#8216;informar&#8217;<\/p>\n\n\n\n<p>4. Activa las &#8216;notificaciones&#8217;.<\/p>\n","protected":false},"excerpt":{"rendered":"<p>Cuando inicie sesi\u00f3n a trav\u00e9s de la aplicaci\u00f3n Spotter, recibir\u00e1 notificaciones autom\u00e1ticas. Estos aparecen inmediatamente en la pantalla tan pronto como se emite la notificaci\u00f3n. Si no recibe ninguna notificaci\u00f3n, probablemente (todav\u00eda) no ha dado permiso para esto. Puede ajustar esto f\u00e1cilmente en la configuraci\u00f3n de su tel\u00e9fono inteligente. As\u00ed que no a trav\u00e9s de [&hellip;]<\/p>\n","protected":false},"author":10,"featured_media":0,"parent":81,"menu_order":0,"comment_status":"closed","ping_status":"closed","template":"faq-content.php","meta":{"_acf_changed":false,"footnotes":""},"categories":[2],"tags":[],"class_list":["post-101","page","type-page","status-publish","hentry","category-faq"],"acf":[],"yoast_head":"<!-- This site is optimized with the Yoast SEO plugin v25.9 - https:\/\/yoast.com\/wordpress\/plugins\/seo\/ -->\n<title>No recibo ninguna notificaci\u00f3n en la aplicaci\u00f3n Spotter - Spotter Spain<\/title>\n<meta name=\"robots\" content=\"noindex, nofollow\" \/>\n<meta property=\"og:locale\" content=\"es_ES\" \/>\n<meta property=\"og:type\" content=\"article\" \/>\n<meta property=\"og:title\" content=\"No recibo ninguna notificaci\u00f3n en la aplicaci\u00f3n Spotter - Spotter Spain\" \/>\n<meta property=\"og:description\" content=\"Cuando inicie sesi\u00f3n a trav\u00e9s de la aplicaci\u00f3n Spotter, recibir\u00e1 notificaciones autom\u00e1ticas. Estos aparecen inmediatamente en la pantalla tan pronto como se emite la notificaci\u00f3n. Si no recibe ninguna notificaci\u00f3n, probablemente (todav\u00eda) no ha dado permiso para esto. Puede ajustar esto f\u00e1cilmente en la configuraci\u00f3n de su tel\u00e9fono inteligente. As\u00ed que no a trav\u00e9s de [&hellip;]\" \/>\n<meta property=\"og:url\" content=\"https:\/\/www.spottergps.com\/es\/faq\/aplicacion\/no-recibo-ninguna-notificacion-en-la-aplicacion-spotter\/\" \/>\n<meta property=\"og:site_name\" content=\"Spotter Spain\" \/>\n<meta property=\"article:modified_time\" content=\"2024-07-01T12:34:06+00:00\" \/>\n<meta name=\"twitter:card\" content=\"summary_large_image\" \/>\n<meta name=\"twitter:label1\" content=\"Tiempo de lectura\" \/>\n\t<meta name=\"twitter:data1\" content=\"1 minute\" \/>\n<script type=\"application\/ld+json\" class=\"yoast-schema-graph\">{\"@context\":\"https:\/\/schema.org\",\"@graph\":[{\"@type\":\"WebPage\",\"@id\":\"https:\/\/www.spottergps.com\/es\/faq\/aplicacion\/no-recibo-ninguna-notificacion-en-la-aplicacion-spotter\/\",\"url\":\"https:\/\/www.spottergps.com\/es\/faq\/aplicacion\/no-recibo-ninguna-notificacion-en-la-aplicacion-spotter\/\",\"name\":\"No recibo ninguna notificaci\u00f3n en la aplicaci\u00f3n Spotter - Spotter Spain\",\"isPartOf\":{\"@id\":\"https:\/\/www.spottergps.com\/es\/#website\"},\"datePublished\":\"2023-03-29T09:34:57+00:00\",\"dateModified\":\"2024-07-01T12:34:06+00:00\",\"breadcrumb\":{\"@id\":\"https:\/\/www.spottergps.com\/es\/faq\/aplicacion\/no-recibo-ninguna-notificacion-en-la-aplicacion-spotter\/#breadcrumb\"},\"inLanguage\":\"es-ES\",\"potentialAction\":[{\"@type\":\"ReadAction\",\"target\":[\"https:\/\/www.spottergps.com\/es\/faq\/aplicacion\/no-recibo-ninguna-notificacion-en-la-aplicacion-spotter\/\"]}]},{\"@type\":\"BreadcrumbList\",\"@id\":\"https:\/\/www.spottergps.com\/es\/faq\/aplicacion\/no-recibo-ninguna-notificacion-en-la-aplicacion-spotter\/#breadcrumb\",\"itemListElement\":[{\"@type\":\"ListItem\",\"position\":1,\"name\":\"Home\",\"item\":\"https:\/\/www.spottergps.com\/es\/\"},{\"@type\":\"ListItem\",\"position\":2,\"name\":\"\u00bfC\u00f3mo podemos ayudarte?\",\"item\":\"https:\/\/www.spottergps.com\/es\/faq\/\"},{\"@type\":\"ListItem\",\"position\":3,\"name\":\"Aplicaci\u00f3n\",\"item\":\"https:\/\/www.spottergps.com\/es\/faq\/aplicacion\/\"},{\"@type\":\"ListItem\",\"position\":4,\"name\":\"No recibo ninguna notificaci\u00f3n en la aplicaci\u00f3n Spotter\"}]},{\"@type\":\"WebSite\",\"@id\":\"https:\/\/www.spottergps.com\/es\/#website\",\"url\":\"https:\/\/www.spottergps.com\/es\/\",\"name\":\"Spotter Spain\",\"description\":\"Para todo lo que amas\",\"publisher\":{\"@id\":\"https:\/\/www.spottergps.com\/es\/#organization\"},\"potentialAction\":[{\"@type\":\"SearchAction\",\"target\":{\"@type\":\"EntryPoint\",\"urlTemplate\":\"https:\/\/www.spottergps.com\/es\/?s={search_term_string}\"},\"query-input\":{\"@type\":\"PropertyValueSpecification\",\"valueRequired\":true,\"valueName\":\"search_term_string\"}}],\"inLanguage\":\"es-ES\"},{\"@type\":\"Organization\",\"@id\":\"https:\/\/www.spottergps.com\/es\/#organization\",\"name\":\"Spotter B.V.\",\"url\":\"https:\/\/www.spottergps.com\/es\/\",\"logo\":{\"@type\":\"ImageObject\",\"inLanguage\":\"es-ES\",\"@id\":\"https:\/\/www.spottergps.com\/es\/#\/schema\/logo\/image\/\",\"url\":\"https:\/\/www.spottergps.com\/es\/wp-content\/uploads\/sites\/7\/2023\/09\/Spotter_logo.png\",\"contentUrl\":\"https:\/\/www.spottergps.com\/es\/wp-content\/uploads\/sites\/7\/2023\/09\/Spotter_logo.png\",\"width\":1500,\"height\":696,\"caption\":\"Spotter B.V.\"},\"image\":{\"@id\":\"https:\/\/www.spottergps.com\/es\/#\/schema\/logo\/image\/\"}}]}<\/script>\n<!-- \/ Yoast SEO plugin. -->","yoast_head_json":{"title":"No recibo ninguna notificaci\u00f3n en la aplicaci\u00f3n Spotter - Spotter Spain","robots":{"index":"noindex","follow":"nofollow"},"og_locale":"es_ES","og_type":"article","og_title":"No recibo ninguna notificaci\u00f3n en la aplicaci\u00f3n Spotter - Spotter Spain","og_description":"Cuando inicie sesi\u00f3n a trav\u00e9s de la aplicaci\u00f3n Spotter, recibir\u00e1 notificaciones autom\u00e1ticas. Estos aparecen inmediatamente en la pantalla tan pronto como se emite la notificaci\u00f3n. Si no recibe ninguna notificaci\u00f3n, probablemente (todav\u00eda) no ha dado permiso para esto. Puede ajustar esto f\u00e1cilmente en la configuraci\u00f3n de su tel\u00e9fono inteligente. As\u00ed que no a trav\u00e9s de [&hellip;]","og_url":"https:\/\/www.spottergps.com\/es\/faq\/aplicacion\/no-recibo-ninguna-notificacion-en-la-aplicacion-spotter\/","og_site_name":"Spotter Spain","article_modified_time":"2024-07-01T12:34:06+00:00","twitter_card":"summary_large_image","twitter_misc":{"Tiempo de lectura":"1 minute"},"schema":{"@context":"https:\/\/schema.org","@graph":[{"@type":"WebPage","@id":"https:\/\/www.spottergps.com\/es\/faq\/aplicacion\/no-recibo-ninguna-notificacion-en-la-aplicacion-spotter\/","url":"https:\/\/www.spottergps.com\/es\/faq\/aplicacion\/no-recibo-ninguna-notificacion-en-la-aplicacion-spotter\/","name":"No recibo ninguna notificaci\u00f3n en la aplicaci\u00f3n Spotter - Spotter Spain","isPartOf":{"@id":"https:\/\/www.spottergps.com\/es\/#website"},"datePublished":"2023-03-29T09:34:57+00:00","dateModified":"2024-07-01T12:34:06+00:00","breadcrumb":{"@id":"https:\/\/www.spottergps.com\/es\/faq\/aplicacion\/no-recibo-ninguna-notificacion-en-la-aplicacion-spotter\/#breadcrumb"},"inLanguage":"es-ES","potentialAction":[{"@type":"ReadAction","target":["https:\/\/www.spottergps.com\/es\/faq\/aplicacion\/no-recibo-ninguna-notificacion-en-la-aplicacion-spotter\/"]}]},{"@type":"BreadcrumbList","@id":"https:\/\/www.spottergps.com\/es\/faq\/aplicacion\/no-recibo-ninguna-notificacion-en-la-aplicacion-spotter\/#breadcrumb","itemListElement":[{"@type":"ListItem","position":1,"name":"Home","item":"https:\/\/www.spottergps.com\/es\/"},{"@type":"ListItem","position":2,"name":"\u00bfC\u00f3mo podemos ayudarte?","item":"https:\/\/www.spottergps.com\/es\/faq\/"},{"@type":"ListItem","position":3,"name":"Aplicaci\u00f3n","item":"https:\/\/www.spottergps.com\/es\/faq\/aplicacion\/"},{"@type":"ListItem","position":4,"name":"No recibo ninguna notificaci\u00f3n en la aplicaci\u00f3n Spotter"}]},{"@type":"WebSite","@id":"https:\/\/www.spottergps.com\/es\/#website","url":"https:\/\/www.spottergps.com\/es\/","name":"Spotter Spain","description":"Para todo lo que amas","publisher":{"@id":"https:\/\/www.spottergps.com\/es\/#organization"},"potentialAction":[{"@type":"SearchAction","target":{"@type":"EntryPoint","urlTemplate":"https:\/\/www.spottergps.com\/es\/?s={search_term_string}"},"query-input":{"@type":"PropertyValueSpecification","valueRequired":true,"valueName":"search_term_string"}}],"inLanguage":"es-ES"},{"@type":"Organization","@id":"https:\/\/www.spottergps.com\/es\/#organization","name":"Spotter B.V.","url":"https:\/\/www.spottergps.com\/es\/","logo":{"@type":"ImageObject","inLanguage":"es-ES","@id":"https:\/\/www.spottergps.com\/es\/#\/schema\/logo\/image\/","url":"https:\/\/www.spottergps.com\/es\/wp-content\/uploads\/sites\/7\/2023\/09\/Spotter_logo.png","contentUrl":"https:\/\/www.spottergps.com\/es\/wp-content\/uploads\/sites\/7\/2023\/09\/Spotter_logo.png","width":1500,"height":696,"caption":"Spotter B.V."},"image":{"@id":"https:\/\/www.spottergps.com\/es\/#\/schema\/logo\/image\/"}}]}},"_links":{"self":[{"href":"https:\/\/www.spottergps.com\/es\/wp-json\/wp\/v2\/pages\/101","targetHints":{"allow":["GET"]}}],"collection":[{"href":"https:\/\/www.spottergps.com\/es\/wp-json\/wp\/v2\/pages"}],"about":[{"href":"https:\/\/www.spottergps.com\/es\/wp-json\/wp\/v2\/types\/page"}],"author":[{"embeddable":true,"href":"https:\/\/www.spottergps.com\/es\/wp-json\/wp\/v2\/users\/10"}],"replies":[{"embeddable":true,"href":"https:\/\/www.spottergps.com\/es\/wp-json\/wp\/v2\/comments?post=101"}],"version-history":[{"count":5,"href":"https:\/\/www.spottergps.com\/es\/wp-json\/wp\/v2\/pages\/101\/revisions"}],"predecessor-version":[{"id":1534,"href":"https:\/\/www.spottergps.com\/es\/wp-json\/wp\/v2\/pages\/101\/revisions\/1534"}],"up":[{"embeddable":true,"href":"https:\/\/www.spottergps.com\/es\/wp-json\/wp\/v2\/pages\/81"}],"wp:attachment":[{"href":"https:\/\/www.spottergps.com\/es\/wp-json\/wp\/v2\/media?parent=101"}],"wp:term":[{"taxonomy":"category","embeddable":true,"href":"https:\/\/www.spottergps.com\/es\/wp-json\/wp\/v2\/categories?post=101"},{"taxonomy":"post_tag","embeddable":true,"href":"https:\/\/www.spottergps.com\/es\/wp-json\/wp\/v2\/tags?post=101"}],"curies":[{"name":"wp","href":"https:\/\/api.w.org\/{rel}","templated":true}]}}