{"id":1008,"date":"2023-04-21T12:20:29","date_gmt":"2023-04-21T12:20:29","guid":{"rendered":"https:\/\/www.spottergps.com\/es\/?page_id=1008"},"modified":"2025-05-16T14:22:20","modified_gmt":"2025-05-16T14:22:20","slug":"uso-prepago","status":"publish","type":"page","link":"https:\/\/www.spottergps.com\/es\/uso-prepago\/","title":{"rendered":"Elija su propio periodo de uso, sin suscripci\u00f3n"},"content":{"rendered":"\n<p>No est\u00e1 atado a contratos o costos de suscripci\u00f3n. El localizador GPS Spotter funciona con un saldo prepago. Esto significa que usted puede recargar el Spotter cuando quiera usarlo. Si usted no usa el Spotter, no necesita recargarlo. Asequible y flexible.\u00a0\u00a0 <a class=\"open-video\" href=\"https:\/\/www.youtube.com\/embed\/ZLYrYvc2OEc?si=3Hssr4_OblWJBhwc\" data-wplink-edit=\"true\">En este video te explicamos exactamente c\u00f3mo funciona.<\/a><\/p>\n<p>\u00a0<\/p>\n\n\n\n<p><\/p>\n","protected":false},"excerpt":{"rendered":"<p>No est\u00e1 atado a contratos o costos de suscripci\u00f3n. El localizador GPS Spotter funciona con un saldo prepago. Esto significa que usted puede recargar el Spotter cuando quiera usarlo. Si usted no usa el Spotter, no necesita recargarlo. Asequible y flexible.\u00a0\u00a0 En este video te explicamos exactamente c\u00f3mo funciona. \u00a0<\/p>\n","protected":false},"author":10,"featured_media":0,"parent":0,"menu_order":0,"comment_status":"closed","ping_status":"closed","template":"","meta":{"_acf_changed":false,"footnotes":""},"categories":[],"tags":[],"class_list":["post-1008","page","type-page","status-publish","hentry"],"acf":[],"yoast_head":"<!-- This site is optimized with the Yoast SEO plugin v25.9 - https:\/\/yoast.com\/wordpress\/plugins\/seo\/ -->\n<title>Los rastreadores GPS sin costos de suscripci\u00f3n y de uso prepagado<\/title>\n<meta name=\"description\" content=\"No est\u00e1 atado a contratos ni a costos de suscripci\u00f3n. El rastreador GPS de Spotter funciona con prepago. Recargas el Spotter cuando deseas utilizarlo.\" \/>\n<meta name=\"robots\" content=\"index, follow, max-snippet:-1, max-image-preview:large, max-video-preview:-1\" \/>\n<link rel=\"canonical\" href=\"https:\/\/www.spottergps.com\/es\/uso-prepago\/\" \/>\n<meta property=\"og:locale\" content=\"es_ES\" \/>\n<meta property=\"og:type\" content=\"article\" \/>\n<meta property=\"og:title\" content=\"Los rastreadores GPS sin costos de suscripci\u00f3n y de uso prepagado\" \/>\n<meta property=\"og:description\" content=\"No est\u00e1 atado a contratos ni a costos de suscripci\u00f3n. El rastreador GPS de Spotter funciona con prepago. Recargas el Spotter cuando deseas utilizarlo.\" \/>\n<meta property=\"og:url\" content=\"https:\/\/www.spottergps.com\/es\/uso-prepago\/\" \/>\n<meta property=\"og:site_name\" content=\"Spotter Spain\" \/>\n<meta property=\"article:modified_time\" content=\"2025-05-16T14:22:20+00:00\" \/>\n<meta name=\"twitter:card\" content=\"summary_large_image\" \/>\n<meta name=\"twitter:label1\" content=\"Tiempo de lectura\" \/>\n\t<meta name=\"twitter:data1\" content=\"1 minute\" \/>\n<script type=\"application\/ld+json\" class=\"yoast-schema-graph\">{\"@context\":\"https:\/\/schema.org\",\"@graph\":[{\"@type\":\"WebPage\",\"@id\":\"https:\/\/www.spottergps.com\/es\/uso-prepago\/\",\"url\":\"https:\/\/www.spottergps.com\/es\/uso-prepago\/\",\"name\":\"Los rastreadores GPS sin costos de suscripci\u00f3n y de uso prepagado\",\"isPartOf\":{\"@id\":\"https:\/\/www.spottergps.com\/es\/#website\"},\"datePublished\":\"2023-04-21T12:20:29+00:00\",\"dateModified\":\"2025-05-16T14:22:20+00:00\",\"description\":\"No est\u00e1 atado a contratos ni a costos de suscripci\u00f3n. El rastreador GPS de Spotter funciona con prepago. Recargas el Spotter cuando deseas utilizarlo.\",\"breadcrumb\":{\"@id\":\"https:\/\/www.spottergps.com\/es\/uso-prepago\/#breadcrumb\"},\"inLanguage\":\"es-ES\",\"potentialAction\":[{\"@type\":\"ReadAction\",\"target\":[\"https:\/\/www.spottergps.com\/es\/uso-prepago\/\"]}]},{\"@type\":\"BreadcrumbList\",\"@id\":\"https:\/\/www.spottergps.com\/es\/uso-prepago\/#breadcrumb\",\"itemListElement\":[{\"@type\":\"ListItem\",\"position\":1,\"name\":\"Home\",\"item\":\"https:\/\/www.spottergps.com\/es\/\"},{\"@type\":\"ListItem\",\"position\":2,\"name\":\"Elija su propio periodo de uso, sin suscripci\u00f3n\"}]},{\"@type\":\"WebSite\",\"@id\":\"https:\/\/www.spottergps.com\/es\/#website\",\"url\":\"https:\/\/www.spottergps.com\/es\/\",\"name\":\"Spotter Spain\",\"description\":\"Para todo lo que amas\",\"publisher\":{\"@id\":\"https:\/\/www.spottergps.com\/es\/#organization\"},\"potentialAction\":[{\"@type\":\"SearchAction\",\"target\":{\"@type\":\"EntryPoint\",\"urlTemplate\":\"https:\/\/www.spottergps.com\/es\/?s={search_term_string}\"},\"query-input\":{\"@type\":\"PropertyValueSpecification\",\"valueRequired\":true,\"valueName\":\"search_term_string\"}}],\"inLanguage\":\"es-ES\"},{\"@type\":\"Organization\",\"@id\":\"https:\/\/www.spottergps.com\/es\/#organization\",\"name\":\"Spotter B.V.\",\"url\":\"https:\/\/www.spottergps.com\/es\/\",\"logo\":{\"@type\":\"ImageObject\",\"inLanguage\":\"es-ES\",\"@id\":\"https:\/\/www.spottergps.com\/es\/#\/schema\/logo\/image\/\",\"url\":\"https:\/\/www.spottergps.com\/es\/wp-content\/uploads\/sites\/7\/2023\/09\/Spotter_logo.png\",\"contentUrl\":\"https:\/\/www.spottergps.com\/es\/wp-content\/uploads\/sites\/7\/2023\/09\/Spotter_logo.png\",\"width\":1500,\"height\":696,\"caption\":\"Spotter B.V.\"},\"image\":{\"@id\":\"https:\/\/www.spottergps.com\/es\/#\/schema\/logo\/image\/\"}}]}<\/script>\n<!-- \/ Yoast SEO plugin. -->","yoast_head_json":{"title":"Los rastreadores GPS sin costos de suscripci\u00f3n y de uso prepagado","description":"No est\u00e1 atado a contratos ni a costos de suscripci\u00f3n. El rastreador GPS de Spotter funciona con prepago. Recargas el Spotter cuando deseas utilizarlo.","robots":{"index":"index","follow":"follow","max-snippet":"max-snippet:-1","max-image-preview":"max-image-preview:large","max-video-preview":"max-video-preview:-1"},"canonical":"https:\/\/www.spottergps.com\/es\/uso-prepago\/","og_locale":"es_ES","og_type":"article","og_title":"Los rastreadores GPS sin costos de suscripci\u00f3n y de uso prepagado","og_description":"No est\u00e1 atado a contratos ni a costos de suscripci\u00f3n. El rastreador GPS de Spotter funciona con prepago. Recargas el Spotter cuando deseas utilizarlo.","og_url":"https:\/\/www.spottergps.com\/es\/uso-prepago\/","og_site_name":"Spotter Spain","article_modified_time":"2025-05-16T14:22:20+00:00","twitter_card":"summary_large_image","twitter_misc":{"Tiempo de lectura":"1 minute"},"schema":{"@context":"https:\/\/schema.org","@graph":[{"@type":"WebPage","@id":"https:\/\/www.spottergps.com\/es\/uso-prepago\/","url":"https:\/\/www.spottergps.com\/es\/uso-prepago\/","name":"Los rastreadores GPS sin costos de suscripci\u00f3n y de uso prepagado","isPartOf":{"@id":"https:\/\/www.spottergps.com\/es\/#website"},"datePublished":"2023-04-21T12:20:29+00:00","dateModified":"2025-05-16T14:22:20+00:00","description":"No est\u00e1 atado a contratos ni a costos de suscripci\u00f3n. El rastreador GPS de Spotter funciona con prepago. Recargas el Spotter cuando deseas utilizarlo.","breadcrumb":{"@id":"https:\/\/www.spottergps.com\/es\/uso-prepago\/#breadcrumb"},"inLanguage":"es-ES","potentialAction":[{"@type":"ReadAction","target":["https:\/\/www.spottergps.com\/es\/uso-prepago\/"]}]},{"@type":"BreadcrumbList","@id":"https:\/\/www.spottergps.com\/es\/uso-prepago\/#breadcrumb","itemListElement":[{"@type":"ListItem","position":1,"name":"Home","item":"https:\/\/www.spottergps.com\/es\/"},{"@type":"ListItem","position":2,"name":"Elija su propio periodo de uso, sin suscripci\u00f3n"}]},{"@type":"WebSite","@id":"https:\/\/www.spottergps.com\/es\/#website","url":"https:\/\/www.spottergps.com\/es\/","name":"Spotter Spain","description":"Para todo lo que amas","publisher":{"@id":"https:\/\/www.spottergps.com\/es\/#organization"},"potentialAction":[{"@type":"SearchAction","target":{"@type":"EntryPoint","urlTemplate":"https:\/\/www.spottergps.com\/es\/?s={search_term_string}"},"query-input":{"@type":"PropertyValueSpecification","valueRequired":true,"valueName":"search_term_string"}}],"inLanguage":"es-ES"},{"@type":"Organization","@id":"https:\/\/www.spottergps.com\/es\/#organization","name":"Spotter B.V.","url":"https:\/\/www.spottergps.com\/es\/","logo":{"@type":"ImageObject","inLanguage":"es-ES","@id":"https:\/\/www.spottergps.com\/es\/#\/schema\/logo\/image\/","url":"https:\/\/www.spottergps.com\/es\/wp-content\/uploads\/sites\/7\/2023\/09\/Spotter_logo.png","contentUrl":"https:\/\/www.spottergps.com\/es\/wp-content\/uploads\/sites\/7\/2023\/09\/Spotter_logo.png","width":1500,"height":696,"caption":"Spotter B.V."},"image":{"@id":"https:\/\/www.spottergps.com\/es\/#\/schema\/logo\/image\/"}}]}},"_links":{"self":[{"href":"https:\/\/www.spottergps.com\/es\/wp-json\/wp\/v2\/pages\/1008","targetHints":{"allow":["GET"]}}],"collection":[{"href":"https:\/\/www.spottergps.com\/es\/wp-json\/wp\/v2\/pages"}],"about":[{"href":"https:\/\/www.spottergps.com\/es\/wp-json\/wp\/v2\/types\/page"}],"author":[{"embeddable":true,"href":"https:\/\/www.spottergps.com\/es\/wp-json\/wp\/v2\/users\/10"}],"replies":[{"embeddable":true,"href":"https:\/\/www.spottergps.com\/es\/wp-json\/wp\/v2\/comments?post=1008"}],"version-history":[{"count":19,"href":"https:\/\/www.spottergps.com\/es\/wp-json\/wp\/v2\/pages\/1008\/revisions"}],"predecessor-version":[{"id":2276,"href":"https:\/\/www.spottergps.com\/es\/wp-json\/wp\/v2\/pages\/1008\/revisions\/2276"}],"wp:attachment":[{"href":"https:\/\/www.spottergps.com\/es\/wp-json\/wp\/v2\/media?parent=1008"}],"wp:term":[{"taxonomy":"category","embeddable":true,"href":"https:\/\/www.spottergps.com\/es\/wp-json\/wp\/v2\/categories?post=1008"},{"taxonomy":"post_tag","embeddable":true,"href":"https:\/\/www.spottergps.com\/es\/wp-json\/wp\/v2\/tags?post=1008"}],"curies":[{"name":"wp","href":"https:\/\/api.w.org\/{rel}","templated":true}]}}