{"id":6686,"date":"2025-07-02T14:50:51","date_gmt":"2025-07-02T13:50:51","guid":{"rendered":"https:\/\/www.spottergps.com\/de\/?page_id=6686"},"modified":"2026-03-02T16:29:05","modified_gmt":"2026-03-02T15:29:05","slug":"gps-tracker-kleinkind","status":"publish","type":"page","link":"https:\/\/www.spottergps.com\/de\/gps-tracker-kleinkind\/","title":{"rendered":"Der GPS-tracker f\u00fcr kleinkinder von Spotter\u00ae"},"content":{"rendered":"\n<h2>Meistverkaufte GPS-Tracker f\u00fcr Kleinkinder<\/h2>\n\n\n\n<div class=\"wp-block-columns is-layout-flex wp-container-core-columns-is-layout-9d6595d7 wp-block-columns-is-layout-flex\">\n<div class=\"wp-block-column is-layout-flow wp-block-column-is-layout-flow\" style=\"flex-basis:50%\">\n<figure class=\"wp-block-image size-full is-resized\"><a href=\"https:\/\/shop.spottergps.com\/de\/spotter-x10b.html\"><img loading=\"lazy\" decoding=\"async\" width=\"700\" height=\"657\" src=\"https:\/\/www.spottergps.com\/de\/wp-content\/uploads\/sites\/3\/2025\/07\/gps-tracker-kleinkind-spotter.jpg\" alt=\"\" class=\"wp-image-6688\" style=\"width:365px;height:auto\" srcset=\"https:\/\/www.spottergps.com\/de\/wp-content\/uploads\/sites\/3\/2025\/07\/gps-tracker-kleinkind-spotter.jpg 700w, https:\/\/www.spottergps.com\/de\/wp-content\/uploads\/sites\/3\/2025\/07\/gps-tracker-kleinkind-spotter-300x282.jpg 300w\" sizes=\"auto, (max-width: 700px) 100vw, 700px\" \/><\/a><\/figure>\n\n\n<\/div>\n\n\n\n<div class=\"wp-block-column is-layout-flow wp-block-column-is-layout-flow\" style=\"flex-basis:50%\">\n<p>Von nun an immer in Kontakt mit Ihrem kleinkind, w\u00e4hrend es drau\u00dfen spielt. Geben Sie ihm einen Spotter GPS-Tracker fur kleinkinder mit, damit Sie immer wissen, wo es ist. Kompakt und leicht in einer Tasche zu verstauen oder an einem Schl\u00fcsselband um den Hals zu tragen.<\/p>\n<ul>\n<li>\u00dcberpr\u00fcfen Sie <strong>\u00fcber Ihr Smartphone<\/strong>, wo Ihr Kind ist.<\/li>\n<li>Von <strong>GPS-Standorten<\/strong>, <strong>SOS-Taste<\/strong> bis zur <strong>Anruffunktion<\/strong>.<\/li>\n<li>Kein Aufwand. Funktioniert sofort mit <strong>integrierter SIM-Karte<\/strong>.<\/li>\n<li><strong>Sicheres niederl\u00e4ndisches Markenprodukt<\/strong>.<\/li>\n<li><strong>Robust<\/strong> und <strong>wasserdicht<\/strong>.<\/li>\n<li>Funktioniert in ganz <strong>Europa<\/strong>, <strong>optional weltweit<\/strong>.<\/li>\n<li><strong>Kein Abonnement<\/strong>, sondern Prepaid-Nutzung.<\/li>\n<li>Mehr als <strong>40.000<\/strong> Nutzer.<\/li>\n<\/ul>\n<p><a class=\"main-button\" title=\"spotter bestellen\" href=\"https:\/\/shop.spottergps.com\/de\/spotter-x10b.html\" target=\"_blank\" rel=\"noopener noreferrer\">Sehen Sie den Spotter GPS Tracker<\/a><\/p>\n<\/div>\n<\/div>\n\n\n\n\n\n<h3 style=\"text-align: center\">Leich zu tragen<\/h3>\n<p style=\"text-align: center\">Der GPS Tracker f\u00fcr kleikind l\u00e4sst sich flexibel tragen \u2013 um den <strong>Hals<\/strong>, an der <strong>Kleidung<\/strong> oder <strong>unauff\u00e4llig in der Tasche<\/strong>.<br><span style=\"font-size: revert\">Dank des kompakten Designs kann er problemlos in der Tasche oder im Rucksack verstaut werden, ohne aufzufallen. <br>So bleibt der Tracker unauff\u00e4llig, w\u00e4hrend Sie jederzeit den Standort Ihres Kindes \u00fcberwachen k\u00f6nnen.<\/span><\/p>\n\n\n\n<div class=\"wp-block-columns is-layout-flex wp-container-core-columns-is-layout-9d6595d7 wp-block-columns-is-layout-flex\">\n<div class=\"wp-block-column is-layout-flow wp-block-column-is-layout-flow\" style=\"flex-basis:25.01%\"><\/div>\n\n\n\n<div class=\"wp-block-column is-layout-flow wp-block-column-is-layout-flow\" style=\"flex-basis:25%\">\n<figure class=\"wp-block-image size-full is-resized\"><a href=\"https:\/\/shop.spottergps.com\/de\/spotter-x10b.html\"><img loading=\"lazy\" decoding=\"async\" width=\"700\" height=\"657\" src=\"https:\/\/www.spottergps.com\/de\/wp-content\/uploads\/sites\/3\/2025\/07\/gps-tracker-fur-kleinkind-spotter.jpg\" alt=\"\" class=\"wp-image-6689\" style=\"width:286px;height:auto\" srcset=\"https:\/\/www.spottergps.com\/de\/wp-content\/uploads\/sites\/3\/2025\/07\/gps-tracker-fur-kleinkind-spotter.jpg 700w, https:\/\/www.spottergps.com\/de\/wp-content\/uploads\/sites\/3\/2025\/07\/gps-tracker-fur-kleinkind-spotter-300x282.jpg 300w\" sizes=\"auto, (max-width: 700px) 100vw, 700px\" \/><\/a><\/figure>\n<\/div>\n\n\n\n<div class=\"wp-block-column is-layout-flow wp-block-column-is-layout-flow\" style=\"flex-basis:25%\">\n<figure class=\"wp-block-image size-full is-resized\"><a href=\"https:\/\/shop.spottergps.com\/de\/spotter-x10b.html\"><img loading=\"lazy\" decoding=\"async\" width=\"700\" height=\"657\" src=\"https:\/\/www.spottergps.com\/de\/wp-content\/uploads\/sites\/3\/2025\/07\/gps-tracker-kleinkinder-spotter.jpg\" alt=\"\" class=\"wp-image-6690\" style=\"width:279px;height:auto\" srcset=\"https:\/\/www.spottergps.com\/de\/wp-content\/uploads\/sites\/3\/2025\/07\/gps-tracker-kleinkinder-spotter.jpg 700w, https:\/\/www.spottergps.com\/de\/wp-content\/uploads\/sites\/3\/2025\/07\/gps-tracker-kleinkinder-spotter-300x282.jpg 300w\" sizes=\"auto, (max-width: 700px) 100vw, 700px\" \/><\/a><\/figure>\n<\/div>\n\n\n\n<div class=\"wp-block-column is-layout-flow wp-block-column-is-layout-flow\" style=\"flex-basis:25%\"><\/div>\n<\/div>\n\n\n","protected":false},"excerpt":{"rendered":"<p>Meistverkaufte GPS-Tracker f\u00fcr Kleinkinder Von nun an immer in Kontakt mit Ihrem kleinkind, w\u00e4hrend es drau\u00dfen spielt. Geben Sie ihm einen Spotter GPS-Tracker fur kleinkinder mit, damit Sie immer wissen, wo es ist. Kompakt und leicht in einer Tasche zu verstauen oder an einem Schl\u00fcsselband um den Hals zu tragen. \u00dcberpr\u00fcfen Sie \u00fcber Ihr Smartphone, [&hellip;]<\/p>\n","protected":false},"author":14,"featured_media":6688,"parent":0,"menu_order":0,"comment_status":"closed","ping_status":"closed","template":"","meta":{"_acf_changed":false,"footnotes":""},"categories":[],"tags":[],"class_list":["post-6686","page","type-page","status-publish","has-post-thumbnail","hentry"],"acf":[],"yoast_head":"<!-- This site is optimized with the Yoast SEO plugin v25.9 - https:\/\/yoast.com\/wordpress\/plugins\/seo\/ -->\n<title>GPS tracker f\u00fcr Kleinkind? Ohne Abonnement! Jetzt 30 \u20ac Rabatt<\/title>\n<meta name=\"description\" content=\"GPS-Tracker f\u00fcr Ihr Kleinkind mit SOS-Taste und Anruffunktion. Sicherheit und \u00dcberblick \u2013 \u00fcber 40.000 zufriedene Nutzer!\" \/>\n<meta name=\"robots\" content=\"index, follow, max-snippet:-1, max-image-preview:large, max-video-preview:-1\" \/>\n<link rel=\"canonical\" href=\"https:\/\/www.spottergps.com\/de\/gps-tracker-kleinkind\/\" \/>\n<meta property=\"og:locale\" content=\"de_DE\" \/>\n<meta property=\"og:type\" content=\"article\" \/>\n<meta property=\"og:title\" content=\"GPS tracker f\u00fcr Kleinkind? Ohne Abonnement! Jetzt 30 \u20ac Rabatt\" \/>\n<meta property=\"og:description\" content=\"GPS-Tracker f\u00fcr Ihr Kleinkind mit SOS-Taste und Anruffunktion. Sicherheit und \u00dcberblick \u2013 \u00fcber 40.000 zufriedene Nutzer!\" \/>\n<meta property=\"og:url\" content=\"https:\/\/www.spottergps.com\/de\/gps-tracker-kleinkind\/\" \/>\n<meta property=\"og:site_name\" content=\"Spotter Germany\" \/>\n<meta property=\"article:modified_time\" content=\"2026-03-02T15:29:05+00:00\" \/>\n<meta property=\"og:image\" content=\"https:\/\/www.spottergps.com\/de\/wp-content\/uploads\/sites\/3\/2025\/07\/gps-tracker-kleinkind-spotter.jpg\" \/>\n\t<meta property=\"og:image:width\" content=\"700\" \/>\n\t<meta property=\"og:image:height\" content=\"657\" \/>\n\t<meta property=\"og:image:type\" content=\"image\/jpeg\" \/>\n<meta name=\"twitter:card\" content=\"summary_large_image\" \/>\n<meta name=\"twitter:label1\" content=\"Gesch\u00e4tzte Lesezeit\" \/>\n\t<meta name=\"twitter:data1\" content=\"2\u00a0Minuten\" \/>\n<script type=\"application\/ld+json\" class=\"yoast-schema-graph\">{\"@context\":\"https:\/\/schema.org\",\"@graph\":[{\"@type\":\"WebPage\",\"@id\":\"https:\/\/www.spottergps.com\/de\/gps-tracker-kleinkind\/\",\"url\":\"https:\/\/www.spottergps.com\/de\/gps-tracker-kleinkind\/\",\"name\":\"GPS tracker f\u00fcr Kleinkind? Ohne Abonnement! Jetzt 30 \u20ac Rabatt\",\"isPartOf\":{\"@id\":\"https:\/\/www.spottergps.com\/de\/#website\"},\"primaryImageOfPage\":{\"@id\":\"https:\/\/www.spottergps.com\/de\/gps-tracker-kleinkind\/#primaryimage\"},\"image\":{\"@id\":\"https:\/\/www.spottergps.com\/de\/gps-tracker-kleinkind\/#primaryimage\"},\"thumbnailUrl\":\"https:\/\/www.spottergps.com\/de\/wp-content\/uploads\/sites\/3\/2025\/07\/gps-tracker-kleinkind-spotter.jpg\",\"datePublished\":\"2025-07-02T13:50:51+00:00\",\"dateModified\":\"2026-03-02T15:29:05+00:00\",\"description\":\"GPS-Tracker f\u00fcr Ihr Kleinkind mit SOS-Taste und Anruffunktion. Sicherheit und \u00dcberblick \u2013 \u00fcber 40.000 zufriedene Nutzer!\",\"breadcrumb\":{\"@id\":\"https:\/\/www.spottergps.com\/de\/gps-tracker-kleinkind\/#breadcrumb\"},\"inLanguage\":\"de\",\"potentialAction\":[{\"@type\":\"ReadAction\",\"target\":[\"https:\/\/www.spottergps.com\/de\/gps-tracker-kleinkind\/\"]}]},{\"@type\":\"ImageObject\",\"inLanguage\":\"de\",\"@id\":\"https:\/\/www.spottergps.com\/de\/gps-tracker-kleinkind\/#primaryimage\",\"url\":\"https:\/\/www.spottergps.com\/de\/wp-content\/uploads\/sites\/3\/2025\/07\/gps-tracker-kleinkind-spotter.jpg\",\"contentUrl\":\"https:\/\/www.spottergps.com\/de\/wp-content\/uploads\/sites\/3\/2025\/07\/gps-tracker-kleinkind-spotter.jpg\",\"width\":700,\"height\":657},{\"@type\":\"BreadcrumbList\",\"@id\":\"https:\/\/www.spottergps.com\/de\/gps-tracker-kleinkind\/#breadcrumb\",\"itemListElement\":[{\"@type\":\"ListItem\",\"position\":1,\"name\":\"Home\",\"item\":\"https:\/\/www.spottergps.com\/de\/\"},{\"@type\":\"ListItem\",\"position\":2,\"name\":\"Der GPS-tracker f\u00fcr kleinkinder von Spotter\u00ae\"}]},{\"@type\":\"WebSite\",\"@id\":\"https:\/\/www.spottergps.com\/de\/#website\",\"url\":\"https:\/\/www.spottergps.com\/de\/\",\"name\":\"Spotter\",\"description\":\"Een andere Spotter websites site\",\"publisher\":{\"@id\":\"https:\/\/www.spottergps.com\/de\/#organization\"},\"potentialAction\":[{\"@type\":\"SearchAction\",\"target\":{\"@type\":\"EntryPoint\",\"urlTemplate\":\"https:\/\/www.spottergps.com\/de\/?s={search_term_string}\"},\"query-input\":{\"@type\":\"PropertyValueSpecification\",\"valueRequired\":true,\"valueName\":\"search_term_string\"}}],\"inLanguage\":\"de\"},{\"@type\":\"Organization\",\"@id\":\"https:\/\/www.spottergps.com\/de\/#organization\",\"name\":\"Spotter B.V.\",\"url\":\"https:\/\/www.spottergps.com\/de\/\",\"logo\":{\"@type\":\"ImageObject\",\"inLanguage\":\"de\",\"@id\":\"https:\/\/www.spottergps.com\/de\/#\/schema\/logo\/image\/\",\"url\":\"https:\/\/www.spottergps.com\/de\/wp-content\/uploads\/sites\/3\/2023\/02\/Spotter_logo.png\",\"contentUrl\":\"https:\/\/www.spottergps.com\/de\/wp-content\/uploads\/sites\/3\/2023\/02\/Spotter_logo.png\",\"width\":1500,\"height\":696,\"caption\":\"Spotter B.V.\"},\"image\":{\"@id\":\"https:\/\/www.spottergps.com\/de\/#\/schema\/logo\/image\/\"}}]}<\/script>\n<!-- \/ Yoast SEO plugin. -->","yoast_head_json":{"title":"GPS tracker f\u00fcr Kleinkind? Ohne Abonnement! Jetzt 30 \u20ac Rabatt","description":"GPS-Tracker f\u00fcr Ihr Kleinkind mit SOS-Taste und Anruffunktion. Sicherheit und \u00dcberblick \u2013 \u00fcber 40.000 zufriedene Nutzer!","robots":{"index":"index","follow":"follow","max-snippet":"max-snippet:-1","max-image-preview":"max-image-preview:large","max-video-preview":"max-video-preview:-1"},"canonical":"https:\/\/www.spottergps.com\/de\/gps-tracker-kleinkind\/","og_locale":"de_DE","og_type":"article","og_title":"GPS tracker f\u00fcr Kleinkind? Ohne Abonnement! Jetzt 30 \u20ac Rabatt","og_description":"GPS-Tracker f\u00fcr Ihr Kleinkind mit SOS-Taste und Anruffunktion. Sicherheit und \u00dcberblick \u2013 \u00fcber 40.000 zufriedene Nutzer!","og_url":"https:\/\/www.spottergps.com\/de\/gps-tracker-kleinkind\/","og_site_name":"Spotter Germany","article_modified_time":"2026-03-02T15:29:05+00:00","og_image":[{"width":700,"height":657,"url":"https:\/\/www.spottergps.com\/de\/wp-content\/uploads\/sites\/3\/2025\/07\/gps-tracker-kleinkind-spotter.jpg","type":"image\/jpeg"}],"twitter_card":"summary_large_image","twitter_misc":{"Gesch\u00e4tzte Lesezeit":"2\u00a0Minuten"},"schema":{"@context":"https:\/\/schema.org","@graph":[{"@type":"WebPage","@id":"https:\/\/www.spottergps.com\/de\/gps-tracker-kleinkind\/","url":"https:\/\/www.spottergps.com\/de\/gps-tracker-kleinkind\/","name":"GPS tracker f\u00fcr Kleinkind? Ohne Abonnement! Jetzt 30 \u20ac Rabatt","isPartOf":{"@id":"https:\/\/www.spottergps.com\/de\/#website"},"primaryImageOfPage":{"@id":"https:\/\/www.spottergps.com\/de\/gps-tracker-kleinkind\/#primaryimage"},"image":{"@id":"https:\/\/www.spottergps.com\/de\/gps-tracker-kleinkind\/#primaryimage"},"thumbnailUrl":"https:\/\/www.spottergps.com\/de\/wp-content\/uploads\/sites\/3\/2025\/07\/gps-tracker-kleinkind-spotter.jpg","datePublished":"2025-07-02T13:50:51+00:00","dateModified":"2026-03-02T15:29:05+00:00","description":"GPS-Tracker f\u00fcr Ihr Kleinkind mit SOS-Taste und Anruffunktion. Sicherheit und \u00dcberblick \u2013 \u00fcber 40.000 zufriedene Nutzer!","breadcrumb":{"@id":"https:\/\/www.spottergps.com\/de\/gps-tracker-kleinkind\/#breadcrumb"},"inLanguage":"de","potentialAction":[{"@type":"ReadAction","target":["https:\/\/www.spottergps.com\/de\/gps-tracker-kleinkind\/"]}]},{"@type":"ImageObject","inLanguage":"de","@id":"https:\/\/www.spottergps.com\/de\/gps-tracker-kleinkind\/#primaryimage","url":"https:\/\/www.spottergps.com\/de\/wp-content\/uploads\/sites\/3\/2025\/07\/gps-tracker-kleinkind-spotter.jpg","contentUrl":"https:\/\/www.spottergps.com\/de\/wp-content\/uploads\/sites\/3\/2025\/07\/gps-tracker-kleinkind-spotter.jpg","width":700,"height":657},{"@type":"BreadcrumbList","@id":"https:\/\/www.spottergps.com\/de\/gps-tracker-kleinkind\/#breadcrumb","itemListElement":[{"@type":"ListItem","position":1,"name":"Home","item":"https:\/\/www.spottergps.com\/de\/"},{"@type":"ListItem","position":2,"name":"Der GPS-tracker f\u00fcr kleinkinder von Spotter\u00ae"}]},{"@type":"WebSite","@id":"https:\/\/www.spottergps.com\/de\/#website","url":"https:\/\/www.spottergps.com\/de\/","name":"Spotter","description":"Een andere Spotter websites site","publisher":{"@id":"https:\/\/www.spottergps.com\/de\/#organization"},"potentialAction":[{"@type":"SearchAction","target":{"@type":"EntryPoint","urlTemplate":"https:\/\/www.spottergps.com\/de\/?s={search_term_string}"},"query-input":{"@type":"PropertyValueSpecification","valueRequired":true,"valueName":"search_term_string"}}],"inLanguage":"de"},{"@type":"Organization","@id":"https:\/\/www.spottergps.com\/de\/#organization","name":"Spotter B.V.","url":"https:\/\/www.spottergps.com\/de\/","logo":{"@type":"ImageObject","inLanguage":"de","@id":"https:\/\/www.spottergps.com\/de\/#\/schema\/logo\/image\/","url":"https:\/\/www.spottergps.com\/de\/wp-content\/uploads\/sites\/3\/2023\/02\/Spotter_logo.png","contentUrl":"https:\/\/www.spottergps.com\/de\/wp-content\/uploads\/sites\/3\/2023\/02\/Spotter_logo.png","width":1500,"height":696,"caption":"Spotter B.V."},"image":{"@id":"https:\/\/www.spottergps.com\/de\/#\/schema\/logo\/image\/"}}]}},"_links":{"self":[{"href":"https:\/\/www.spottergps.com\/de\/wp-json\/wp\/v2\/pages\/6686","targetHints":{"allow":["GET"]}}],"collection":[{"href":"https:\/\/www.spottergps.com\/de\/wp-json\/wp\/v2\/pages"}],"about":[{"href":"https:\/\/www.spottergps.com\/de\/wp-json\/wp\/v2\/types\/page"}],"author":[{"embeddable":true,"href":"https:\/\/www.spottergps.com\/de\/wp-json\/wp\/v2\/users\/14"}],"replies":[{"embeddable":true,"href":"https:\/\/www.spottergps.com\/de\/wp-json\/wp\/v2\/comments?post=6686"}],"version-history":[{"count":7,"href":"https:\/\/www.spottergps.com\/de\/wp-json\/wp\/v2\/pages\/6686\/revisions"}],"predecessor-version":[{"id":6856,"href":"https:\/\/www.spottergps.com\/de\/wp-json\/wp\/v2\/pages\/6686\/revisions\/6856"}],"wp:featuredmedia":[{"embeddable":true,"href":"https:\/\/www.spottergps.com\/de\/wp-json\/wp\/v2\/media\/6688"}],"wp:attachment":[{"href":"https:\/\/www.spottergps.com\/de\/wp-json\/wp\/v2\/media?parent=6686"}],"wp:term":[{"taxonomy":"category","embeddable":true,"href":"https:\/\/www.spottergps.com\/de\/wp-json\/wp\/v2\/categories?post=6686"},{"taxonomy":"post_tag","embeddable":true,"href":"https:\/\/www.spottergps.com\/de\/wp-json\/wp\/v2\/tags?post=6686"}],"curies":[{"name":"wp","href":"https:\/\/api.w.org\/{rel}","templated":true}]}}