{"id":5655,"date":"2025-01-06T14:13:04","date_gmt":"2025-01-06T13:13:04","guid":{"rendered":"https:\/\/www.spottergps.com\/de\/?page_id=5655"},"modified":"2025-12-23T12:12:00","modified_gmt":"2025-12-23T11:12:00","slug":"sorgenfrei-in-den-skiurlaub-mit-einer-gps-tracker","status":"publish","type":"page","link":"https:\/\/www.spottergps.com\/de\/sorgenfrei-in-den-skiurlaub-mit-einer-gps-tracker\/","title":{"rendered":"Sorgenfrei in den Skiurlaub mit einer GPS-Tracker"},"content":{"rendered":"\n<div class=\"wp-block-columns is-layout-flex wp-container-core-columns-is-layout-9d6595d7 wp-block-columns-is-layout-flex\">\n<div class=\"wp-block-column is-layout-flow wp-block-column-is-layout-flow\" style=\"flex-basis:50%\">\n<h2>Der beste helfer beim Wintersport<\/h2>\n<p><br><br>Ein Skiurlaub bietet die perfekte Gelegenheit, um sich zu entspannen und die schneebedeckten Berge zu genie\u00dfen. Doch neben der Vorfreude auf die Reise sollten Komfort und Sicherheit immer an erster Stelle stehen. GPS-Ger\u00e4te k\u00f6nnen dabei eine gro\u00dfe Hilfe sein, um sorgenfrei den Winterurlaub zu genie\u00dfen \u2013 sei es f\u00fcr die Familie, Haustiere oder das eigene Gep\u00e4ck.<\/p>\n<\/div>\n\n\n\n<div class=\"wp-block-column is-layout-flow wp-block-column-is-layout-flow\" style=\"flex-basis:50%\">\n<figure class=\"wp-block-image size-large is-resized\"><a href=\"https:\/\/www.spottergps.com\/de\/wp-content\/uploads\/sites\/3\/2024\/12\/skiurlaub-2025-spotter-1.jpg\"><img loading=\"lazy\" decoding=\"async\" width=\"1024\" height=\"576\" src=\"https:\/\/www.spottergps.com\/de\/wp-content\/uploads\/sites\/3\/2024\/12\/skiurlaub-2025-spotter-1-1024x576.jpg\" alt=\"\" class=\"wp-image-5675\" style=\"width:622px;height:auto\" srcset=\"https:\/\/www.spottergps.com\/de\/wp-content\/uploads\/sites\/3\/2024\/12\/skiurlaub-2025-spotter-1-1024x576.jpg 1024w, https:\/\/www.spottergps.com\/de\/wp-content\/uploads\/sites\/3\/2024\/12\/skiurlaub-2025-spotter-1-300x169.jpg 300w, https:\/\/www.spottergps.com\/de\/wp-content\/uploads\/sites\/3\/2024\/12\/skiurlaub-2025-spotter-1-768x432.jpg 768w, https:\/\/www.spottergps.com\/de\/wp-content\/uploads\/sites\/3\/2024\/12\/skiurlaub-2025-spotter-1-1536x864.jpg 1536w, https:\/\/www.spottergps.com\/de\/wp-content\/uploads\/sites\/3\/2024\/12\/skiurlaub-2025-spotter-1.jpg 1600w\" sizes=\"auto, (max-width: 1024px) 100vw, 1024px\" \/><\/a><\/figure>\n<\/div>\n<\/div>\n\n\n","protected":false},"excerpt":{"rendered":"<p>Der beste helfer beim Wintersport Ein Skiurlaub bietet die perfekte Gelegenheit, um sich zu entspannen und die schneebedeckten Berge zu genie\u00dfen. Doch neben der Vorfreude auf die Reise sollten Komfort und Sicherheit immer an erster Stelle stehen. GPS-Ger\u00e4te k\u00f6nnen dabei eine gro\u00dfe Hilfe sein, um sorgenfrei den Winterurlaub zu genie\u00dfen \u2013 sei es f\u00fcr die [&hellip;]<\/p>\n","protected":false},"author":14,"featured_media":0,"parent":0,"menu_order":0,"comment_status":"closed","ping_status":"closed","template":"","meta":{"_acf_changed":false,"footnotes":""},"categories":[],"tags":[],"class_list":["post-5655","page","type-page","status-publish","hentry"],"acf":[],"yoast_head":"<!-- This site is optimized with the Yoast SEO plugin v25.9 - https:\/\/yoast.com\/wordpress\/plugins\/seo\/ -->\n<title>Sorgenfrei in den Skiurlaub mit einer GPS-Tracker | Spotter Germany<\/title>\n<meta name=\"robots\" content=\"index, follow, max-snippet:-1, max-image-preview:large, max-video-preview:-1\" \/>\n<link rel=\"canonical\" href=\"https:\/\/www.spottergps.com\/de\/sorgenfrei-in-den-skiurlaub-mit-einer-gps-tracker\/\" \/>\n<meta property=\"og:locale\" content=\"de_DE\" \/>\n<meta property=\"og:type\" content=\"article\" \/>\n<meta property=\"og:title\" content=\"Sorgenfrei in den Skiurlaub mit einer GPS-Tracker | Spotter Germany\" \/>\n<meta property=\"og:description\" content=\"Der beste helfer beim Wintersport Ein Skiurlaub bietet die perfekte Gelegenheit, um sich zu entspannen und die schneebedeckten Berge zu genie\u00dfen. Doch neben der Vorfreude auf die Reise sollten Komfort und Sicherheit immer an erster Stelle stehen. GPS-Ger\u00e4te k\u00f6nnen dabei eine gro\u00dfe Hilfe sein, um sorgenfrei den Winterurlaub zu genie\u00dfen \u2013 sei es f\u00fcr die [&hellip;]\" \/>\n<meta property=\"og:url\" content=\"https:\/\/www.spottergps.com\/de\/sorgenfrei-in-den-skiurlaub-mit-einer-gps-tracker\/\" \/>\n<meta property=\"og:site_name\" content=\"Spotter Germany\" \/>\n<meta property=\"article:modified_time\" content=\"2025-12-23T11:12:00+00:00\" \/>\n<meta property=\"og:image\" content=\"https:\/\/www.spottergps.com\/de\/wp-content\/uploads\/sites\/3\/2024\/12\/skiurlaub-2025-spotter-1.jpg\" \/>\n\t<meta property=\"og:image:width\" content=\"1600\" \/>\n\t<meta property=\"og:image:height\" content=\"900\" \/>\n\t<meta property=\"og:image:type\" content=\"image\/jpeg\" \/>\n<meta name=\"twitter:card\" content=\"summary_large_image\" \/>\n<meta name=\"twitter:label1\" content=\"Gesch\u00e4tzte Lesezeit\" \/>\n\t<meta name=\"twitter:data1\" content=\"1\u00a0Minute\" \/>\n<script type=\"application\/ld+json\" class=\"yoast-schema-graph\">{\"@context\":\"https:\/\/schema.org\",\"@graph\":[{\"@type\":\"WebPage\",\"@id\":\"https:\/\/www.spottergps.com\/de\/sorgenfrei-in-den-skiurlaub-mit-einer-gps-tracker\/\",\"url\":\"https:\/\/www.spottergps.com\/de\/sorgenfrei-in-den-skiurlaub-mit-einer-gps-tracker\/\",\"name\":\"Sorgenfrei in den Skiurlaub mit einer GPS-Tracker | Spotter Germany\",\"isPartOf\":{\"@id\":\"https:\/\/www.spottergps.com\/de\/#website\"},\"primaryImageOfPage\":{\"@id\":\"https:\/\/www.spottergps.com\/de\/sorgenfrei-in-den-skiurlaub-mit-einer-gps-tracker\/#primaryimage\"},\"image\":{\"@id\":\"https:\/\/www.spottergps.com\/de\/sorgenfrei-in-den-skiurlaub-mit-einer-gps-tracker\/#primaryimage\"},\"thumbnailUrl\":\"https:\/\/www.spottergps.com\/de\/wp-content\/uploads\/sites\/3\/2024\/12\/skiurlaub-2025-spotter-1-1024x576.jpg\",\"datePublished\":\"2025-01-06T13:13:04+00:00\",\"dateModified\":\"2025-12-23T11:12:00+00:00\",\"breadcrumb\":{\"@id\":\"https:\/\/www.spottergps.com\/de\/sorgenfrei-in-den-skiurlaub-mit-einer-gps-tracker\/#breadcrumb\"},\"inLanguage\":\"de\",\"potentialAction\":[{\"@type\":\"ReadAction\",\"target\":[\"https:\/\/www.spottergps.com\/de\/sorgenfrei-in-den-skiurlaub-mit-einer-gps-tracker\/\"]}]},{\"@type\":\"ImageObject\",\"inLanguage\":\"de\",\"@id\":\"https:\/\/www.spottergps.com\/de\/sorgenfrei-in-den-skiurlaub-mit-einer-gps-tracker\/#primaryimage\",\"url\":\"https:\/\/www.spottergps.com\/de\/wp-content\/uploads\/sites\/3\/2024\/12\/skiurlaub-2025-spotter-1.jpg\",\"contentUrl\":\"https:\/\/www.spottergps.com\/de\/wp-content\/uploads\/sites\/3\/2024\/12\/skiurlaub-2025-spotter-1.jpg\",\"width\":1600,\"height\":900},{\"@type\":\"BreadcrumbList\",\"@id\":\"https:\/\/www.spottergps.com\/de\/sorgenfrei-in-den-skiurlaub-mit-einer-gps-tracker\/#breadcrumb\",\"itemListElement\":[{\"@type\":\"ListItem\",\"position\":1,\"name\":\"Home\",\"item\":\"https:\/\/www.spottergps.com\/de\/\"},{\"@type\":\"ListItem\",\"position\":2,\"name\":\"Sorgenfrei in den Skiurlaub mit einer GPS-Tracker\"}]},{\"@type\":\"WebSite\",\"@id\":\"https:\/\/www.spottergps.com\/de\/#website\",\"url\":\"https:\/\/www.spottergps.com\/de\/\",\"name\":\"Spotter\",\"description\":\"Een andere Spotter websites site\",\"publisher\":{\"@id\":\"https:\/\/www.spottergps.com\/de\/#organization\"},\"potentialAction\":[{\"@type\":\"SearchAction\",\"target\":{\"@type\":\"EntryPoint\",\"urlTemplate\":\"https:\/\/www.spottergps.com\/de\/?s={search_term_string}\"},\"query-input\":{\"@type\":\"PropertyValueSpecification\",\"valueRequired\":true,\"valueName\":\"search_term_string\"}}],\"inLanguage\":\"de\"},{\"@type\":\"Organization\",\"@id\":\"https:\/\/www.spottergps.com\/de\/#organization\",\"name\":\"Spotter B.V.\",\"url\":\"https:\/\/www.spottergps.com\/de\/\",\"logo\":{\"@type\":\"ImageObject\",\"inLanguage\":\"de\",\"@id\":\"https:\/\/www.spottergps.com\/de\/#\/schema\/logo\/image\/\",\"url\":\"https:\/\/www.spottergps.com\/de\/wp-content\/uploads\/sites\/3\/2023\/02\/Spotter_logo.png\",\"contentUrl\":\"https:\/\/www.spottergps.com\/de\/wp-content\/uploads\/sites\/3\/2023\/02\/Spotter_logo.png\",\"width\":1500,\"height\":696,\"caption\":\"Spotter B.V.\"},\"image\":{\"@id\":\"https:\/\/www.spottergps.com\/de\/#\/schema\/logo\/image\/\"}}]}<\/script>\n<!-- \/ Yoast SEO plugin. -->","yoast_head_json":{"title":"Sorgenfrei in den Skiurlaub mit einer GPS-Tracker | Spotter Germany","robots":{"index":"index","follow":"follow","max-snippet":"max-snippet:-1","max-image-preview":"max-image-preview:large","max-video-preview":"max-video-preview:-1"},"canonical":"https:\/\/www.spottergps.com\/de\/sorgenfrei-in-den-skiurlaub-mit-einer-gps-tracker\/","og_locale":"de_DE","og_type":"article","og_title":"Sorgenfrei in den Skiurlaub mit einer GPS-Tracker | Spotter Germany","og_description":"Der beste helfer beim Wintersport Ein Skiurlaub bietet die perfekte Gelegenheit, um sich zu entspannen und die schneebedeckten Berge zu genie\u00dfen. Doch neben der Vorfreude auf die Reise sollten Komfort und Sicherheit immer an erster Stelle stehen. GPS-Ger\u00e4te k\u00f6nnen dabei eine gro\u00dfe Hilfe sein, um sorgenfrei den Winterurlaub zu genie\u00dfen \u2013 sei es f\u00fcr die [&hellip;]","og_url":"https:\/\/www.spottergps.com\/de\/sorgenfrei-in-den-skiurlaub-mit-einer-gps-tracker\/","og_site_name":"Spotter Germany","article_modified_time":"2025-12-23T11:12:00+00:00","og_image":[{"width":1600,"height":900,"url":"https:\/\/www.spottergps.com\/de\/wp-content\/uploads\/sites\/3\/2024\/12\/skiurlaub-2025-spotter-1.jpg","type":"image\/jpeg"}],"twitter_card":"summary_large_image","twitter_misc":{"Gesch\u00e4tzte Lesezeit":"1\u00a0Minute"},"schema":{"@context":"https:\/\/schema.org","@graph":[{"@type":"WebPage","@id":"https:\/\/www.spottergps.com\/de\/sorgenfrei-in-den-skiurlaub-mit-einer-gps-tracker\/","url":"https:\/\/www.spottergps.com\/de\/sorgenfrei-in-den-skiurlaub-mit-einer-gps-tracker\/","name":"Sorgenfrei in den Skiurlaub mit einer GPS-Tracker | Spotter Germany","isPartOf":{"@id":"https:\/\/www.spottergps.com\/de\/#website"},"primaryImageOfPage":{"@id":"https:\/\/www.spottergps.com\/de\/sorgenfrei-in-den-skiurlaub-mit-einer-gps-tracker\/#primaryimage"},"image":{"@id":"https:\/\/www.spottergps.com\/de\/sorgenfrei-in-den-skiurlaub-mit-einer-gps-tracker\/#primaryimage"},"thumbnailUrl":"https:\/\/www.spottergps.com\/de\/wp-content\/uploads\/sites\/3\/2024\/12\/skiurlaub-2025-spotter-1-1024x576.jpg","datePublished":"2025-01-06T13:13:04+00:00","dateModified":"2025-12-23T11:12:00+00:00","breadcrumb":{"@id":"https:\/\/www.spottergps.com\/de\/sorgenfrei-in-den-skiurlaub-mit-einer-gps-tracker\/#breadcrumb"},"inLanguage":"de","potentialAction":[{"@type":"ReadAction","target":["https:\/\/www.spottergps.com\/de\/sorgenfrei-in-den-skiurlaub-mit-einer-gps-tracker\/"]}]},{"@type":"ImageObject","inLanguage":"de","@id":"https:\/\/www.spottergps.com\/de\/sorgenfrei-in-den-skiurlaub-mit-einer-gps-tracker\/#primaryimage","url":"https:\/\/www.spottergps.com\/de\/wp-content\/uploads\/sites\/3\/2024\/12\/skiurlaub-2025-spotter-1.jpg","contentUrl":"https:\/\/www.spottergps.com\/de\/wp-content\/uploads\/sites\/3\/2024\/12\/skiurlaub-2025-spotter-1.jpg","width":1600,"height":900},{"@type":"BreadcrumbList","@id":"https:\/\/www.spottergps.com\/de\/sorgenfrei-in-den-skiurlaub-mit-einer-gps-tracker\/#breadcrumb","itemListElement":[{"@type":"ListItem","position":1,"name":"Home","item":"https:\/\/www.spottergps.com\/de\/"},{"@type":"ListItem","position":2,"name":"Sorgenfrei in den Skiurlaub mit einer GPS-Tracker"}]},{"@type":"WebSite","@id":"https:\/\/www.spottergps.com\/de\/#website","url":"https:\/\/www.spottergps.com\/de\/","name":"Spotter","description":"Een andere Spotter websites site","publisher":{"@id":"https:\/\/www.spottergps.com\/de\/#organization"},"potentialAction":[{"@type":"SearchAction","target":{"@type":"EntryPoint","urlTemplate":"https:\/\/www.spottergps.com\/de\/?s={search_term_string}"},"query-input":{"@type":"PropertyValueSpecification","valueRequired":true,"valueName":"search_term_string"}}],"inLanguage":"de"},{"@type":"Organization","@id":"https:\/\/www.spottergps.com\/de\/#organization","name":"Spotter B.V.","url":"https:\/\/www.spottergps.com\/de\/","logo":{"@type":"ImageObject","inLanguage":"de","@id":"https:\/\/www.spottergps.com\/de\/#\/schema\/logo\/image\/","url":"https:\/\/www.spottergps.com\/de\/wp-content\/uploads\/sites\/3\/2023\/02\/Spotter_logo.png","contentUrl":"https:\/\/www.spottergps.com\/de\/wp-content\/uploads\/sites\/3\/2023\/02\/Spotter_logo.png","width":1500,"height":696,"caption":"Spotter B.V."},"image":{"@id":"https:\/\/www.spottergps.com\/de\/#\/schema\/logo\/image\/"}}]}},"_links":{"self":[{"href":"https:\/\/www.spottergps.com\/de\/wp-json\/wp\/v2\/pages\/5655","targetHints":{"allow":["GET"]}}],"collection":[{"href":"https:\/\/www.spottergps.com\/de\/wp-json\/wp\/v2\/pages"}],"about":[{"href":"https:\/\/www.spottergps.com\/de\/wp-json\/wp\/v2\/types\/page"}],"author":[{"embeddable":true,"href":"https:\/\/www.spottergps.com\/de\/wp-json\/wp\/v2\/users\/14"}],"replies":[{"embeddable":true,"href":"https:\/\/www.spottergps.com\/de\/wp-json\/wp\/v2\/comments?post=5655"}],"version-history":[{"count":23,"href":"https:\/\/www.spottergps.com\/de\/wp-json\/wp\/v2\/pages\/5655\/revisions"}],"predecessor-version":[{"id":7030,"href":"https:\/\/www.spottergps.com\/de\/wp-json\/wp\/v2\/pages\/5655\/revisions\/7030"}],"wp:attachment":[{"href":"https:\/\/www.spottergps.com\/de\/wp-json\/wp\/v2\/media?parent=5655"}],"wp:term":[{"taxonomy":"category","embeddable":true,"href":"https:\/\/www.spottergps.com\/de\/wp-json\/wp\/v2\/categories?post=5655"},{"taxonomy":"post_tag","embeddable":true,"href":"https:\/\/www.spottergps.com\/de\/wp-json\/wp\/v2\/tags?post=5655"}],"curies":[{"name":"wp","href":"https:\/\/api.w.org\/{rel}","templated":true}]}}