{"id":5045,"date":"2024-06-28T14:15:16","date_gmt":"2024-06-28T13:15:16","guid":{"rendered":"https:\/\/www.spottergps.com\/de\/?page_id=5045"},"modified":"2025-10-27T09:25:59","modified_gmt":"2025-10-27T08:25:59","slug":"start","status":"publish","type":"page","link":"https:\/\/www.spottergps.com\/de\/start\/","title":{"rendered":"Willkommen! So aktivierst du deinen Spotter"},"content":{"rendered":"\n<div class=\"wp-block-columns is-layout-flex wp-container-core-columns-is-layout-9d6595d7 wp-block-columns-is-layout-flex\">\n<div class=\"wp-block-column is-layout-flow wp-block-column-is-layout-flow\">\n<p>In 8 einfachen Schritten aktivierst du deinen Spotter. Lass uns diese gemeinsam durchgehen.<br><br><\/p>\n\n\n\n<div class=\"wp-block-columns is-layout-flex wp-container-core-columns-is-layout-9d6595d7 wp-block-columns-is-layout-flex\">\n<div class=\"wp-block-column is-layout-flow wp-block-column-is-layout-flow\">\n<h2 class=\"wp-block-heading\">Lade den Spotter vollst\u00e4ndig in 1-2 Stunden auf<\/h2>\n\n\n\n<p>Stelle sicher, dass du den Spotter vollst\u00e4ndig aufl\u00e4dst, bevor du ihn aktivierst, damit du sofort loslegen kannst. In der Verpackung findest du ein USB-Kabel zum Aufladen.<\/p>\n<\/div>\n\n\n\n<div class=\"wp-block-column is-layout-flow wp-block-column-is-layout-flow\"><div class=\"wp-block-image\">\n<figure class=\"aligncenter size-full is-resized\"><img loading=\"lazy\" decoding=\"async\" width=\"315\" height=\"303\" src=\"https:\/\/www.spottergps.com\/de\/wp-content\/uploads\/sites\/3\/2024\/07\/opladen.jpg\" alt=\"Spotter GPS - Aufladen\" class=\"wp-image-5093\" style=\"width:273px;height:auto\" srcset=\"https:\/\/www.spottergps.com\/de\/wp-content\/uploads\/sites\/3\/2024\/07\/opladen.jpg 315w, https:\/\/www.spottergps.com\/de\/wp-content\/uploads\/sites\/3\/2024\/07\/opladen-300x289.jpg 300w\" sizes=\"auto, (max-width: 315px) 100vw, 315px\" \/><\/figure><\/div><\/div>\n<\/div>\n<\/div>\n<\/div>\n\n\n\n<div class=\"wp-block-columns is-layout-flex wp-container-core-columns-is-layout-9d6595d7 wp-block-columns-is-layout-flex\">\n<div class=\"wp-block-column is-layout-flow wp-block-column-is-layout-flow\">\n<h2 class=\"wp-block-heading\">2. Lade die Spotter-App herunter<\/h2>\n\n\n\n<p>Lade die Spotter-App kostenlos im <a href=\"https:\/\/www.spottergps.com\/de\/faq\/app\/die-spotter-app-herunterladen\/\">App Store oder Play Store<\/a> herunter. M\u00f6chtest du dich lieber \u00fcber den Desktop anmelden? Gehe daf\u00fcr zu <a href=\"http:\/\/my.spottergps.com\">my.spottergps.com<\/a>.<\/p>\n<\/div>\n\n\n\n<div class=\"wp-block-column is-layout-flow wp-block-column-is-layout-flow\"><div class=\"wp-block-image\">\n<figure class=\"aligncenter size-full is-resized\"><img loading=\"lazy\" decoding=\"async\" width=\"315\" height=\"303\" src=\"https:\/\/www.spottergps.com\/de\/wp-content\/uploads\/sites\/3\/2024\/07\/app.jpg\" alt=\"Spotter GPS - App herunterladen\" class=\"wp-image-5088\" style=\"width:278px;height:auto\" srcset=\"https:\/\/www.spottergps.com\/de\/wp-content\/uploads\/sites\/3\/2024\/07\/app.jpg 315w, https:\/\/www.spottergps.com\/de\/wp-content\/uploads\/sites\/3\/2024\/07\/app-300x289.jpg 300w\" sizes=\"auto, (max-width: 315px) 100vw, 315px\" \/><\/figure><\/div><\/div>\n<\/div>\n\n\n\n<div class=\"wp-block-columns is-layout-flex wp-container-core-columns-is-layout-9d6595d7 wp-block-columns-is-layout-flex\">\n<div class=\"wp-block-column is-layout-flow wp-block-column-is-layout-flow\">\n<h2 class=\"wp-block-heading\">3. Erstelle ein Konto und melde dich an<\/h2>\n\n\n\n<p>\u00d6ffne die App oder die Website und du siehst ein Anmeldebildschirm. Hast du noch kein Konto? Klicke dann auf &#8218;Neues Konto erstellen&#8216;.<\/p>\n<\/div>\n\n\n\n<div class=\"wp-block-column is-layout-flow wp-block-column-is-layout-flow\"><div class=\"wp-block-image\">\n<figure class=\"aligncenter size-full is-resized\"><img loading=\"lazy\" decoding=\"async\" width=\"315\" height=\"303\" src=\"https:\/\/www.spottergps.com\/de\/wp-content\/uploads\/sites\/3\/2024\/07\/account-aanmaken.jpg\" alt=\"Spotter GPS - Konto erstellen\" class=\"wp-image-5087\" style=\"width:276px;height:auto\" srcset=\"https:\/\/www.spottergps.com\/de\/wp-content\/uploads\/sites\/3\/2024\/07\/account-aanmaken.jpg 315w, https:\/\/www.spottergps.com\/de\/wp-content\/uploads\/sites\/3\/2024\/07\/account-aanmaken-300x289.jpg 300w\" sizes=\"auto, (max-width: 315px) 100vw, 315px\" \/><\/figure><\/div><\/div>\n<\/div>\n\n\n\n<div class=\"wp-block-columns is-layout-flex wp-container-core-columns-is-layout-9d6595d7 wp-block-columns-is-layout-flex\">\n<div class=\"wp-block-column is-layout-flow wp-block-column-is-layout-flow\">\n<h2 class=\"wp-block-heading\">4. F\u00fcge den Spottercode zu deinem Konto hinzu<\/h2>\n\n\n\n<p>Verwende den 12-stelligen Code auf der Karte, die du in der Verpackung findest, um den Spotter zu deinem Konto hinzuzuf\u00fcgen.<\/p>\n<\/div>\n\n\n\n<div class=\"wp-block-column is-layout-flow wp-block-column-is-layout-flow\"><div class=\"wp-block-image\">\n<figure class=\"aligncenter size-full is-resized\"><img loading=\"lazy\" decoding=\"async\" width=\"315\" height=\"303\" src=\"https:\/\/www.spottergps.com\/de\/wp-content\/uploads\/sites\/3\/2024\/07\/code.jpg\" alt=\"Spotter GPS - Spottercode hinzuf\u00fcgen\" class=\"wp-image-5089\" style=\"width:271px;height:auto\" srcset=\"https:\/\/www.spottergps.com\/de\/wp-content\/uploads\/sites\/3\/2024\/07\/code.jpg 315w, https:\/\/www.spottergps.com\/de\/wp-content\/uploads\/sites\/3\/2024\/07\/code-300x289.jpg 300w\" sizes=\"auto, (max-width: 315px) 100vw, 315px\" \/><\/figure><\/div><\/div>\n<\/div>\n\n\n\n<div class=\"wp-block-columns is-layout-flex wp-container-core-columns-is-layout-9d6595d7 wp-block-columns-is-layout-flex\">\n<div class=\"wp-block-column is-layout-flow wp-block-column-is-layout-flow\">\n<h2 class=\"wp-block-heading\">5. W\u00e4hle, f\u00fcr wie viele Monate du den Spotter nutzen m\u00f6chtest<\/h2>\n\n\n\n<p>Du hast die Wahl zwischen 3, 6, 12 oder 24 Monaten Prepaid-Guthaben. Mehr Erkl\u00e4rungen zum Prepaid-Guthaben findest du <a href=\"https:\/\/www.spottergps.com\/de\/prepaid-nutzung\/\">hier<\/a>.<\/p>\n<\/div>\n\n\n\n<div class=\"wp-block-column is-layout-flow wp-block-column-is-layout-flow\"><div class=\"wp-block-image\">\n<figure class=\"aligncenter size-full is-resized\"><img loading=\"lazy\" decoding=\"async\" width=\"315\" height=\"303\" src=\"https:\/\/www.spottergps.com\/de\/wp-content\/uploads\/sites\/3\/2024\/07\/service-kiezen.jpg\" alt=\"Spotter GPS - Prepaid-Guthaben ausw\u00e4hlen\" class=\"wp-image-5094\" style=\"width:268px;height:auto\" srcset=\"https:\/\/www.spottergps.com\/de\/wp-content\/uploads\/sites\/3\/2024\/07\/service-kiezen.jpg 315w, https:\/\/www.spottergps.com\/de\/wp-content\/uploads\/sites\/3\/2024\/07\/service-kiezen-300x289.jpg 300w\" sizes=\"auto, (max-width: 315px) 100vw, 315px\" \/><\/figure><\/div><\/div>\n<\/div>\n\n\n\n<div class=\"wp-block-columns is-layout-flex wp-container-core-columns-is-layout-9d6595d7 wp-block-columns-is-layout-flex\">\n<div class=\"wp-block-column is-layout-flow wp-block-column-is-layout-flow\">\n<h2 class=\"wp-block-heading\">6. Nach vollst\u00e4ndigem Aufladen, halte die Ein-\/Aus-Taste 5 Sekunden lang gedr\u00fcckt<\/h2>\n\n\n\n<p>Nach etwa 1,5 bis 2 Stunden ist der Spotter vollst\u00e4ndig aufgeladen. Schalte ihn ein, indem du die Ein-\/Aus-Taste 5 Sekunden lang gedr\u00fcckt h\u00e4ltst.<\/p>\n<\/div>\n\n\n\n<div class=\"wp-block-column is-layout-flow wp-block-column-is-layout-flow\"><div class=\"wp-block-image\">\n<figure class=\"aligncenter size-full is-resized\"><img loading=\"lazy\" decoding=\"async\" width=\"315\" height=\"303\" src=\"https:\/\/www.spottergps.com\/de\/wp-content\/uploads\/sites\/3\/2024\/07\/aanzetten.jpg\" alt=\"Spotter GPS - einschalten\" class=\"wp-image-5086\" style=\"width:280px;height:auto\" srcset=\"https:\/\/www.spottergps.com\/de\/wp-content\/uploads\/sites\/3\/2024\/07\/aanzetten.jpg 315w, https:\/\/www.spottergps.com\/de\/wp-content\/uploads\/sites\/3\/2024\/07\/aanzetten-300x289.jpg 300w\" sizes=\"auto, (max-width: 315px) 100vw, 315px\" \/><\/figure><\/div><\/div>\n<\/div>\n\n\n\n<div class=\"wp-block-columns is-layout-flex wp-container-core-columns-is-layout-9d6595d7 wp-block-columns-is-layout-flex\">\n<div class=\"wp-block-column is-layout-flow wp-block-column-is-layout-flow\">\n<h2 class=\"wp-block-heading\">7. Nimm den Spotter 15 Minuten nach drau\u00dfen f\u00fcr GPS-Empfang und mobile Netzabdeckung<\/h2>\n\n\n\n<p>Zeit, den Spotter zu verwenden! Nimm ihn 15 Minuten mit nach drau\u00dfen f\u00fcr optimalen GPS-Empfang. Beim ersten Mal kann es etwas l\u00e4nger dauern, bis der Standort angezeigt wird.<\/p>\n<\/div>\n\n\n\n<div class=\"wp-block-column is-layout-flow wp-block-column-is-layout-flow\"><div class=\"wp-block-image\">\n<figure class=\"aligncenter size-full is-resized\"><img loading=\"lazy\" decoding=\"async\" width=\"315\" height=\"303\" src=\"https:\/\/www.spottergps.com\/de\/wp-content\/uploads\/sites\/3\/2024\/07\/naar-buiten.jpg\" alt=\"Spotter GPS - Aktivierung im Freien\" class=\"wp-image-5092\" style=\"width:280px;height:auto\" srcset=\"https:\/\/www.spottergps.com\/de\/wp-content\/uploads\/sites\/3\/2024\/07\/naar-buiten.jpg 315w, https:\/\/www.spottergps.com\/de\/wp-content\/uploads\/sites\/3\/2024\/07\/naar-buiten-300x289.jpg 300w\" sizes=\"auto, (max-width: 315px) 100vw, 315px\" \/><\/figure><\/div><\/div>\n<\/div>\n\n\n\n<div class=\"wp-block-columns is-layout-flex wp-container-core-columns-is-layout-9d6595d7 wp-block-columns-is-layout-flex\">\n<div class=\"wp-block-column is-layout-flow wp-block-column-is-layout-flow\">\n<h2 class=\"wp-block-heading\">8. Der erste Standort wird angezeigt!<\/h2>\n\n\n\n<p>Ja! Der erste Standort wird angezeigt. Du kannst den Spotter jetzt voll nutzen. Viel Spa\u00df und Komfort mit dem Spotter.<\/p>\n<\/div>\n\n\n\n<div class=\"wp-block-column is-layout-flow wp-block-column-is-layout-flow\"><div class=\"wp-block-image\">\n<figure class=\"aligncenter size-full is-resized\"><img loading=\"lazy\" decoding=\"async\" width=\"315\" height=\"303\" src=\"https:\/\/www.spottergps.com\/de\/wp-content\/uploads\/sites\/3\/2024\/07\/locatie.jpg\" alt=\"Spotter GPS - Erste Position\" class=\"wp-image-5091\" style=\"width:286px;height:auto\" srcset=\"https:\/\/www.spottergps.com\/de\/wp-content\/uploads\/sites\/3\/2024\/07\/locatie.jpg 315w, https:\/\/www.spottergps.com\/de\/wp-content\/uploads\/sites\/3\/2024\/07\/locatie-300x289.jpg 300w\" sizes=\"auto, (max-width: 315px) 100vw, 315px\" \/><\/figure><\/div><\/div>\n<\/div>\n\n\n\n<div class=\"wp-block-columns is-layout-flex wp-container-core-columns-is-layout-9d6595d7 wp-block-columns-is-layout-flex\">\n<div class=\"wp-block-column is-layout-flow wp-block-column-is-layout-flow\">\n<h2 class=\"wp-block-heading\">Fragen?<\/h2>\n\n\n\n<p>Sieh dir die <a href=\"https:\/\/www.spottergps.com\/de\/gebrauchsanweisung\/\">Produktanleitung<\/a> oder die <a href=\"https:\/\/www.spottergps.com\/de\/faq\/\">FAQ<\/a> mit den h\u00e4ufigsten Fragen unserer Benutzer an.<\/p>\n<\/div>\n\n\n\n<div class=\"wp-block-column is-layout-flow wp-block-column-is-layout-flow\"><div class=\"wp-block-image\">\n<figure class=\"aligncenter size-full is-resized\"><img loading=\"lazy\" decoding=\"async\" width=\"315\" height=\"303\" src=\"https:\/\/www.spottergps.com\/de\/wp-content\/uploads\/sites\/3\/2024\/07\/vragen.jpg\" alt=\"Spotter GPS - Fragen?\" class=\"wp-image-5095\" style=\"width:285px;height:auto\" srcset=\"https:\/\/www.spottergps.com\/de\/wp-content\/uploads\/sites\/3\/2024\/07\/vragen.jpg 315w, https:\/\/www.spottergps.com\/de\/wp-content\/uploads\/sites\/3\/2024\/07\/vragen-300x289.jpg 300w\" sizes=\"auto, (max-width: 315px) 100vw, 315px\" \/><\/figure><\/div><\/div>\n<\/div>\n\n\n\n<div class=\"wp-block-columns is-layout-flex wp-container-core-columns-is-layout-9d6595d7 wp-block-columns-is-layout-flex\">\n<div class=\"wp-block-column is-layout-flow wp-block-column-is-layout-flow\">\n<h2 class=\"wp-block-heading\">Hilfe n\u00f6tig?<\/h2>\n\n\n\n<p>Unser Kundenservice steht dir zur Verf\u00fcgung. F\u00fclle das <a href=\"https:\/\/www.spottergps.com\/de\/kundenservice\/\">Kontaktformular<\/a> aus und wir werden uns schnell mit dir in Verbindung setzen.<\/p>\n<\/div>\n\n\n\n<div class=\"wp-block-column is-layout-flow wp-block-column-is-layout-flow\"><div class=\"wp-block-image\">\n<figure class=\"aligncenter size-full is-resized\"><img loading=\"lazy\" decoding=\"async\" width=\"315\" height=\"303\" src=\"https:\/\/www.spottergps.com\/de\/wp-content\/uploads\/sites\/3\/2024\/07\/help.jpg\" alt=\"Spotter GPS - Hilfe ben\u00f6tigt?\" class=\"wp-image-5090\" style=\"width:280px;height:auto\" srcset=\"https:\/\/www.spottergps.com\/de\/wp-content\/uploads\/sites\/3\/2024\/07\/help.jpg 315w, https:\/\/www.spottergps.com\/de\/wp-content\/uploads\/sites\/3\/2024\/07\/help-300x289.jpg 300w\" sizes=\"auto, (max-width: 315px) 100vw, 315px\" \/><\/figure><\/div><\/div>\n<\/div>\n\n\n","protected":false},"excerpt":{"rendered":"<p>In 8 einfachen Schritten aktivierst du deinen Spotter. Lass uns diese gemeinsam durchgehen. Lade den Spotter vollst\u00e4ndig in 1-2 Stunden auf Stelle sicher, dass du den Spotter vollst\u00e4ndig aufl\u00e4dst, bevor du ihn aktivierst, damit du sofort loslegen kannst. In der Verpackung findest du ein USB-Kabel zum Aufladen. 2. Lade die Spotter-App herunter Lade die Spotter-App [&hellip;]<\/p>\n","protected":false},"author":8,"featured_media":0,"parent":0,"menu_order":0,"comment_status":"closed","ping_status":"closed","template":"","meta":{"_acf_changed":false,"footnotes":""},"categories":[],"tags":[],"class_list":["post-5045","page","type-page","status-publish","hentry"],"acf":[],"yoast_head":"<!-- This site is optimized with the Yoast SEO plugin v25.9 - https:\/\/yoast.com\/wordpress\/plugins\/seo\/ -->\n<title>Willkommen! So aktivierst du deinen Spotter | Spotter Germany<\/title>\n<meta name=\"robots\" content=\"index, follow, max-snippet:-1, max-image-preview:large, max-video-preview:-1\" \/>\n<link rel=\"canonical\" href=\"https:\/\/www.spottergps.com\/de\/start\/\" \/>\n<meta property=\"og:locale\" content=\"de_DE\" \/>\n<meta property=\"og:type\" content=\"article\" \/>\n<meta property=\"og:title\" content=\"Willkommen! So aktivierst du deinen Spotter | Spotter Germany\" \/>\n<meta property=\"og:description\" content=\"In 8 einfachen Schritten aktivierst du deinen Spotter. Lass uns diese gemeinsam durchgehen. Lade den Spotter vollst\u00e4ndig in 1-2 Stunden auf Stelle sicher, dass du den Spotter vollst\u00e4ndig aufl\u00e4dst, bevor du ihn aktivierst, damit du sofort loslegen kannst. In der Verpackung findest du ein USB-Kabel zum Aufladen. 2. Lade die Spotter-App herunter Lade die Spotter-App [&hellip;]\" \/>\n<meta property=\"og:url\" content=\"https:\/\/www.spottergps.com\/de\/start\/\" \/>\n<meta property=\"og:site_name\" content=\"Spotter Germany\" \/>\n<meta property=\"article:modified_time\" content=\"2025-10-27T08:25:59+00:00\" \/>\n<meta property=\"og:image\" content=\"https:\/\/www.spottergps.com\/de\/wp-content\/uploads\/sites\/3\/2024\/07\/opladen.jpg\" \/>\n\t<meta property=\"og:image:width\" content=\"315\" \/>\n\t<meta property=\"og:image:height\" content=\"303\" \/>\n\t<meta property=\"og:image:type\" content=\"image\/jpeg\" \/>\n<meta name=\"twitter:card\" content=\"summary_large_image\" \/>\n<meta name=\"twitter:label1\" content=\"Gesch\u00e4tzte Lesezeit\" \/>\n\t<meta name=\"twitter:data1\" content=\"4\u00a0Minuten\" \/>\n<script type=\"application\/ld+json\" class=\"yoast-schema-graph\">{\"@context\":\"https:\/\/schema.org\",\"@graph\":[{\"@type\":\"WebPage\",\"@id\":\"https:\/\/www.spottergps.com\/de\/start\/\",\"url\":\"https:\/\/www.spottergps.com\/de\/start\/\",\"name\":\"Willkommen! So aktivierst du deinen Spotter | Spotter Germany\",\"isPartOf\":{\"@id\":\"https:\/\/www.spottergps.com\/de\/#website\"},\"primaryImageOfPage\":{\"@id\":\"https:\/\/www.spottergps.com\/de\/start\/#primaryimage\"},\"image\":{\"@id\":\"https:\/\/www.spottergps.com\/de\/start\/#primaryimage\"},\"thumbnailUrl\":\"https:\/\/www.spottergps.com\/de\/wp-content\/uploads\/sites\/3\/2024\/07\/opladen.jpg\",\"datePublished\":\"2024-06-28T13:15:16+00:00\",\"dateModified\":\"2025-10-27T08:25:59+00:00\",\"breadcrumb\":{\"@id\":\"https:\/\/www.spottergps.com\/de\/start\/#breadcrumb\"},\"inLanguage\":\"de\",\"potentialAction\":[{\"@type\":\"ReadAction\",\"target\":[\"https:\/\/www.spottergps.com\/de\/start\/\"]}]},{\"@type\":\"ImageObject\",\"inLanguage\":\"de\",\"@id\":\"https:\/\/www.spottergps.com\/de\/start\/#primaryimage\",\"url\":\"https:\/\/www.spottergps.com\/de\/wp-content\/uploads\/sites\/3\/2024\/07\/opladen.jpg\",\"contentUrl\":\"https:\/\/www.spottergps.com\/de\/wp-content\/uploads\/sites\/3\/2024\/07\/opladen.jpg\",\"width\":315,\"height\":303,\"caption\":\"Spotter GPS - Aufladen\"},{\"@type\":\"BreadcrumbList\",\"@id\":\"https:\/\/www.spottergps.com\/de\/start\/#breadcrumb\",\"itemListElement\":[{\"@type\":\"ListItem\",\"position\":1,\"name\":\"Home\",\"item\":\"https:\/\/www.spottergps.com\/de\/\"},{\"@type\":\"ListItem\",\"position\":2,\"name\":\"Willkommen! So aktivierst du deinen Spotter\"}]},{\"@type\":\"WebSite\",\"@id\":\"https:\/\/www.spottergps.com\/de\/#website\",\"url\":\"https:\/\/www.spottergps.com\/de\/\",\"name\":\"Spotter\",\"description\":\"Een andere Spotter websites site\",\"publisher\":{\"@id\":\"https:\/\/www.spottergps.com\/de\/#organization\"},\"potentialAction\":[{\"@type\":\"SearchAction\",\"target\":{\"@type\":\"EntryPoint\",\"urlTemplate\":\"https:\/\/www.spottergps.com\/de\/?s={search_term_string}\"},\"query-input\":{\"@type\":\"PropertyValueSpecification\",\"valueRequired\":true,\"valueName\":\"search_term_string\"}}],\"inLanguage\":\"de\"},{\"@type\":\"Organization\",\"@id\":\"https:\/\/www.spottergps.com\/de\/#organization\",\"name\":\"Spotter B.V.\",\"url\":\"https:\/\/www.spottergps.com\/de\/\",\"logo\":{\"@type\":\"ImageObject\",\"inLanguage\":\"de\",\"@id\":\"https:\/\/www.spottergps.com\/de\/#\/schema\/logo\/image\/\",\"url\":\"https:\/\/www.spottergps.com\/de\/wp-content\/uploads\/sites\/3\/2023\/02\/Spotter_logo.png\",\"contentUrl\":\"https:\/\/www.spottergps.com\/de\/wp-content\/uploads\/sites\/3\/2023\/02\/Spotter_logo.png\",\"width\":1500,\"height\":696,\"caption\":\"Spotter B.V.\"},\"image\":{\"@id\":\"https:\/\/www.spottergps.com\/de\/#\/schema\/logo\/image\/\"}}]}<\/script>\n<!-- \/ Yoast SEO plugin. -->","yoast_head_json":{"title":"Willkommen! So aktivierst du deinen Spotter | Spotter Germany","robots":{"index":"index","follow":"follow","max-snippet":"max-snippet:-1","max-image-preview":"max-image-preview:large","max-video-preview":"max-video-preview:-1"},"canonical":"https:\/\/www.spottergps.com\/de\/start\/","og_locale":"de_DE","og_type":"article","og_title":"Willkommen! So aktivierst du deinen Spotter | Spotter Germany","og_description":"In 8 einfachen Schritten aktivierst du deinen Spotter. Lass uns diese gemeinsam durchgehen. Lade den Spotter vollst\u00e4ndig in 1-2 Stunden auf Stelle sicher, dass du den Spotter vollst\u00e4ndig aufl\u00e4dst, bevor du ihn aktivierst, damit du sofort loslegen kannst. In der Verpackung findest du ein USB-Kabel zum Aufladen. 2. Lade die Spotter-App herunter Lade die Spotter-App [&hellip;]","og_url":"https:\/\/www.spottergps.com\/de\/start\/","og_site_name":"Spotter Germany","article_modified_time":"2025-10-27T08:25:59+00:00","og_image":[{"width":315,"height":303,"url":"https:\/\/www.spottergps.com\/de\/wp-content\/uploads\/sites\/3\/2024\/07\/opladen.jpg","type":"image\/jpeg"}],"twitter_card":"summary_large_image","twitter_misc":{"Gesch\u00e4tzte Lesezeit":"4\u00a0Minuten"},"schema":{"@context":"https:\/\/schema.org","@graph":[{"@type":"WebPage","@id":"https:\/\/www.spottergps.com\/de\/start\/","url":"https:\/\/www.spottergps.com\/de\/start\/","name":"Willkommen! So aktivierst du deinen Spotter | Spotter Germany","isPartOf":{"@id":"https:\/\/www.spottergps.com\/de\/#website"},"primaryImageOfPage":{"@id":"https:\/\/www.spottergps.com\/de\/start\/#primaryimage"},"image":{"@id":"https:\/\/www.spottergps.com\/de\/start\/#primaryimage"},"thumbnailUrl":"https:\/\/www.spottergps.com\/de\/wp-content\/uploads\/sites\/3\/2024\/07\/opladen.jpg","datePublished":"2024-06-28T13:15:16+00:00","dateModified":"2025-10-27T08:25:59+00:00","breadcrumb":{"@id":"https:\/\/www.spottergps.com\/de\/start\/#breadcrumb"},"inLanguage":"de","potentialAction":[{"@type":"ReadAction","target":["https:\/\/www.spottergps.com\/de\/start\/"]}]},{"@type":"ImageObject","inLanguage":"de","@id":"https:\/\/www.spottergps.com\/de\/start\/#primaryimage","url":"https:\/\/www.spottergps.com\/de\/wp-content\/uploads\/sites\/3\/2024\/07\/opladen.jpg","contentUrl":"https:\/\/www.spottergps.com\/de\/wp-content\/uploads\/sites\/3\/2024\/07\/opladen.jpg","width":315,"height":303,"caption":"Spotter GPS - Aufladen"},{"@type":"BreadcrumbList","@id":"https:\/\/www.spottergps.com\/de\/start\/#breadcrumb","itemListElement":[{"@type":"ListItem","position":1,"name":"Home","item":"https:\/\/www.spottergps.com\/de\/"},{"@type":"ListItem","position":2,"name":"Willkommen! So aktivierst du deinen Spotter"}]},{"@type":"WebSite","@id":"https:\/\/www.spottergps.com\/de\/#website","url":"https:\/\/www.spottergps.com\/de\/","name":"Spotter","description":"Een andere Spotter websites site","publisher":{"@id":"https:\/\/www.spottergps.com\/de\/#organization"},"potentialAction":[{"@type":"SearchAction","target":{"@type":"EntryPoint","urlTemplate":"https:\/\/www.spottergps.com\/de\/?s={search_term_string}"},"query-input":{"@type":"PropertyValueSpecification","valueRequired":true,"valueName":"search_term_string"}}],"inLanguage":"de"},{"@type":"Organization","@id":"https:\/\/www.spottergps.com\/de\/#organization","name":"Spotter B.V.","url":"https:\/\/www.spottergps.com\/de\/","logo":{"@type":"ImageObject","inLanguage":"de","@id":"https:\/\/www.spottergps.com\/de\/#\/schema\/logo\/image\/","url":"https:\/\/www.spottergps.com\/de\/wp-content\/uploads\/sites\/3\/2023\/02\/Spotter_logo.png","contentUrl":"https:\/\/www.spottergps.com\/de\/wp-content\/uploads\/sites\/3\/2023\/02\/Spotter_logo.png","width":1500,"height":696,"caption":"Spotter B.V."},"image":{"@id":"https:\/\/www.spottergps.com\/de\/#\/schema\/logo\/image\/"}}]}},"_links":{"self":[{"href":"https:\/\/www.spottergps.com\/de\/wp-json\/wp\/v2\/pages\/5045","targetHints":{"allow":["GET"]}}],"collection":[{"href":"https:\/\/www.spottergps.com\/de\/wp-json\/wp\/v2\/pages"}],"about":[{"href":"https:\/\/www.spottergps.com\/de\/wp-json\/wp\/v2\/types\/page"}],"author":[{"embeddable":true,"href":"https:\/\/www.spottergps.com\/de\/wp-json\/wp\/v2\/users\/8"}],"replies":[{"embeddable":true,"href":"https:\/\/www.spottergps.com\/de\/wp-json\/wp\/v2\/comments?post=5045"}],"version-history":[{"count":11,"href":"https:\/\/www.spottergps.com\/de\/wp-json\/wp\/v2\/pages\/5045\/revisions"}],"predecessor-version":[{"id":6989,"href":"https:\/\/www.spottergps.com\/de\/wp-json\/wp\/v2\/pages\/5045\/revisions\/6989"}],"wp:attachment":[{"href":"https:\/\/www.spottergps.com\/de\/wp-json\/wp\/v2\/media?parent=5045"}],"wp:term":[{"taxonomy":"category","embeddable":true,"href":"https:\/\/www.spottergps.com\/de\/wp-json\/wp\/v2\/categories?post=5045"},{"taxonomy":"post_tag","embeddable":true,"href":"https:\/\/www.spottergps.com\/de\/wp-json\/wp\/v2\/tags?post=5045"}],"curies":[{"name":"wp","href":"https:\/\/api.w.org\/{rel}","templated":true}]}}