{"id":3266,"date":"2022-12-28T09:37:35","date_gmt":"2022-12-28T08:37:35","guid":{"rendered":"https:\/\/www.spottergps.com\/de\/?page_id=3266"},"modified":"2024-02-27T14:51:47","modified_gmt":"2024-02-27T13:51:47","slug":"ich-kann-nicht-bezahlen","status":"publish","type":"page","link":"https:\/\/www.spottergps.com\/de\/webshop\/ich-kann-nicht-bezahlen\/","title":{"rendered":"Ich kann nicht bezahlen"},"content":{"rendered":"\n<p><strong>Ich m\u00f6chte einen Spotter bestellen<\/strong><br>K\u00f6nnen Sie die Zahlung in unserem Webshop nicht abschlie\u00dfen, um einen Spotter zu bestellen?Bitte \u00fcberpr\u00fcfen Sie zun\u00e4chst die folgenden Punkte:<\/p>\n\n\n\n<ul class=\"wp-block-list\"><li>Sind alle Daten korrekt eingegeben?<\/li><li>Gibt es eine St\u00f6rung bei Ihrer Bank?<\/li><li>Haben Sie die M\u00f6glichkeit, Ihre Bestellung mit einer anderen Zahlungsmethode zu bezahlen?<\/li><\/ul>\n\n\n\n<p>Haben Sie alles \u00fcberpr\u00fcft, k\u00f6nnen aber immer noch nicht bezahlen? Bitte wenden Sie sich \u00fcber dieses &nbsp;<a href=\"https:\/\/www.spottergps.com\/de\/kundenservice\/\" data-type=\"URL\" data-id=\"https:\/\/www.spottergps.com\/de\/kundenservice\/\">Kontaktformular<\/a> &nbsp;an unsere Support-Abteilung.<\/p>\n\n\n\n<p><strong>Ich m\u00f6chte Prepaid-Guthaben bestellen<\/strong><br>K\u00f6nnen Sie die Zahlung nicht abschlie\u00dfen, wenn Sie in Ihrem Konto Prepaid-Guthaben bestellen?Bitte \u00fcberpr\u00fcfen Sie zun\u00e4chst die folgenden Punkte:<\/p>\n\n\n\n<ul class=\"wp-block-list\"><li>Sind Sie ordnungsgem\u00e4\u00df in Ihrem Konto angemeldet?<\/li><li>\u00d6ffnet sich Ihr Bildschirm nicht, um zur Kasse zu gehen? Bitte f\u00fchren Sie die Schritte zur Guthabenaufladung erneut durch.<\/li><li>Sind alle Daten korrekt eingegeben?<\/li><li>Haben Sie den Allgemeinen Gesch\u00e4ftsbedingungen durch Anklicken des Kontrollk\u00e4stchens zugestimmt?<\/li><li>Gibt es eine St\u00f6rung bei Ihrer Bank?<\/li><li>Haben Sie die M\u00f6glichkeit, Ihre Bestellung mit einer anderen Zahlungsmethode zu bezahlen?<\/li><\/ul>\n\n\n\n<p>Haben Sie alles \u00fcberpr\u00fcft, k\u00f6nnen aber immer noch nicht bezahlen? Bitte wenden Sie sich \u00fcber dieses <a href=\"https:\/\/www.spottergps.com\/de\/kundenservice\/\" data-type=\"URL\" data-id=\"https:\/\/www.spottergps.com\/de\/kundenservice\/\">Kontaktformular <\/a>an unsere Support-Abteilung.<\/p>\n","protected":false},"excerpt":{"rendered":"<p>Ich m\u00f6chte einen Spotter bestellenK\u00f6nnen Sie die Zahlung in unserem Webshop nicht abschlie\u00dfen, um einen Spotter zu bestellen?Bitte \u00fcberpr\u00fcfen Sie zun\u00e4chst die folgenden Punkte: Sind alle Daten korrekt eingegeben? Gibt es eine St\u00f6rung bei Ihrer Bank? Haben Sie die M\u00f6glichkeit, Ihre Bestellung mit einer anderen Zahlungsmethode zu bezahlen? Haben Sie alles \u00fcberpr\u00fcft, k\u00f6nnen aber immer [&hellip;]<\/p>\n","protected":false},"author":8,"featured_media":0,"parent":3280,"menu_order":0,"comment_status":"closed","ping_status":"closed","template":"faq-content.php","meta":{"_acf_changed":false,"footnotes":""},"categories":[41],"tags":[],"class_list":["post-3266","page","type-page","status-publish","hentry","category-faq"],"acf":[],"yoast_head":"<!-- This site is optimized with the Yoast SEO plugin v25.9 - https:\/\/yoast.com\/wordpress\/plugins\/seo\/ -->\n<title>Ich kann nicht bezahlen | Spotter Germany<\/title>\n<meta name=\"robots\" content=\"noindex, follow\" \/>\n<meta property=\"og:locale\" content=\"de_DE\" \/>\n<meta property=\"og:type\" content=\"article\" \/>\n<meta property=\"og:title\" content=\"Ich kann nicht bezahlen | Spotter Germany\" \/>\n<meta property=\"og:description\" content=\"Ich m\u00f6chte einen Spotter bestellenK\u00f6nnen Sie die Zahlung in unserem Webshop nicht abschlie\u00dfen, um einen Spotter zu bestellen?Bitte \u00fcberpr\u00fcfen Sie zun\u00e4chst die folgenden Punkte: Sind alle Daten korrekt eingegeben? Gibt es eine St\u00f6rung bei Ihrer Bank? Haben Sie die M\u00f6glichkeit, Ihre Bestellung mit einer anderen Zahlungsmethode zu bezahlen? Haben Sie alles \u00fcberpr\u00fcft, k\u00f6nnen aber immer [&hellip;]\" \/>\n<meta property=\"og:url\" content=\"https:\/\/www.spottergps.com\/de\/webshop\/ich-kann-nicht-bezahlen\/\" \/>\n<meta property=\"og:site_name\" content=\"Spotter Germany\" \/>\n<meta property=\"article:modified_time\" content=\"2024-02-27T13:51:47+00:00\" \/>\n<meta name=\"twitter:card\" content=\"summary_large_image\" \/>\n<meta name=\"twitter:label1\" content=\"Gesch\u00e4tzte Lesezeit\" \/>\n\t<meta name=\"twitter:data1\" content=\"1\u00a0Minute\" \/>\n<script type=\"application\/ld+json\" class=\"yoast-schema-graph\">{\"@context\":\"https:\/\/schema.org\",\"@graph\":[{\"@type\":\"WebPage\",\"@id\":\"https:\/\/www.spottergps.com\/de\/webshop\/ich-kann-nicht-bezahlen\/\",\"url\":\"https:\/\/www.spottergps.com\/de\/webshop\/ich-kann-nicht-bezahlen\/\",\"name\":\"Ich kann nicht bezahlen | Spotter Germany\",\"isPartOf\":{\"@id\":\"https:\/\/www.spottergps.com\/de\/#website\"},\"datePublished\":\"2022-12-28T08:37:35+00:00\",\"dateModified\":\"2024-02-27T13:51:47+00:00\",\"breadcrumb\":{\"@id\":\"https:\/\/www.spottergps.com\/de\/webshop\/ich-kann-nicht-bezahlen\/#breadcrumb\"},\"inLanguage\":\"de\",\"potentialAction\":[{\"@type\":\"ReadAction\",\"target\":[\"https:\/\/www.spottergps.com\/de\/webshop\/ich-kann-nicht-bezahlen\/\"]}]},{\"@type\":\"BreadcrumbList\",\"@id\":\"https:\/\/www.spottergps.com\/de\/webshop\/ich-kann-nicht-bezahlen\/#breadcrumb\",\"itemListElement\":[{\"@type\":\"ListItem\",\"position\":1,\"name\":\"Home\",\"item\":\"https:\/\/www.spottergps.com\/de\/\"},{\"@type\":\"ListItem\",\"position\":2,\"name\":\"Webshop\",\"item\":\"https:\/\/www.spottergps.com\/de\/webshop\/\"},{\"@type\":\"ListItem\",\"position\":3,\"name\":\"Ich kann nicht bezahlen\"}]},{\"@type\":\"WebSite\",\"@id\":\"https:\/\/www.spottergps.com\/de\/#website\",\"url\":\"https:\/\/www.spottergps.com\/de\/\",\"name\":\"Spotter\",\"description\":\"Een andere Spotter websites site\",\"publisher\":{\"@id\":\"https:\/\/www.spottergps.com\/de\/#organization\"},\"potentialAction\":[{\"@type\":\"SearchAction\",\"target\":{\"@type\":\"EntryPoint\",\"urlTemplate\":\"https:\/\/www.spottergps.com\/de\/?s={search_term_string}\"},\"query-input\":{\"@type\":\"PropertyValueSpecification\",\"valueRequired\":true,\"valueName\":\"search_term_string\"}}],\"inLanguage\":\"de\"},{\"@type\":\"Organization\",\"@id\":\"https:\/\/www.spottergps.com\/de\/#organization\",\"name\":\"Spotter B.V.\",\"url\":\"https:\/\/www.spottergps.com\/de\/\",\"logo\":{\"@type\":\"ImageObject\",\"inLanguage\":\"de\",\"@id\":\"https:\/\/www.spottergps.com\/de\/#\/schema\/logo\/image\/\",\"url\":\"https:\/\/www.spottergps.com\/de\/wp-content\/uploads\/sites\/3\/2023\/02\/Spotter_logo.png\",\"contentUrl\":\"https:\/\/www.spottergps.com\/de\/wp-content\/uploads\/sites\/3\/2023\/02\/Spotter_logo.png\",\"width\":1500,\"height\":696,\"caption\":\"Spotter B.V.\"},\"image\":{\"@id\":\"https:\/\/www.spottergps.com\/de\/#\/schema\/logo\/image\/\"}}]}<\/script>\n<!-- \/ Yoast SEO plugin. -->","yoast_head_json":{"title":"Ich kann nicht bezahlen | Spotter Germany","robots":{"index":"noindex","follow":"follow"},"og_locale":"de_DE","og_type":"article","og_title":"Ich kann nicht bezahlen | Spotter Germany","og_description":"Ich m\u00f6chte einen Spotter bestellenK\u00f6nnen Sie die Zahlung in unserem Webshop nicht abschlie\u00dfen, um einen Spotter zu bestellen?Bitte \u00fcberpr\u00fcfen Sie zun\u00e4chst die folgenden Punkte: Sind alle Daten korrekt eingegeben? Gibt es eine St\u00f6rung bei Ihrer Bank? Haben Sie die M\u00f6glichkeit, Ihre Bestellung mit einer anderen Zahlungsmethode zu bezahlen? Haben Sie alles \u00fcberpr\u00fcft, k\u00f6nnen aber immer [&hellip;]","og_url":"https:\/\/www.spottergps.com\/de\/webshop\/ich-kann-nicht-bezahlen\/","og_site_name":"Spotter Germany","article_modified_time":"2024-02-27T13:51:47+00:00","twitter_card":"summary_large_image","twitter_misc":{"Gesch\u00e4tzte Lesezeit":"1\u00a0Minute"},"schema":{"@context":"https:\/\/schema.org","@graph":[{"@type":"WebPage","@id":"https:\/\/www.spottergps.com\/de\/webshop\/ich-kann-nicht-bezahlen\/","url":"https:\/\/www.spottergps.com\/de\/webshop\/ich-kann-nicht-bezahlen\/","name":"Ich kann nicht bezahlen | Spotter Germany","isPartOf":{"@id":"https:\/\/www.spottergps.com\/de\/#website"},"datePublished":"2022-12-28T08:37:35+00:00","dateModified":"2024-02-27T13:51:47+00:00","breadcrumb":{"@id":"https:\/\/www.spottergps.com\/de\/webshop\/ich-kann-nicht-bezahlen\/#breadcrumb"},"inLanguage":"de","potentialAction":[{"@type":"ReadAction","target":["https:\/\/www.spottergps.com\/de\/webshop\/ich-kann-nicht-bezahlen\/"]}]},{"@type":"BreadcrumbList","@id":"https:\/\/www.spottergps.com\/de\/webshop\/ich-kann-nicht-bezahlen\/#breadcrumb","itemListElement":[{"@type":"ListItem","position":1,"name":"Home","item":"https:\/\/www.spottergps.com\/de\/"},{"@type":"ListItem","position":2,"name":"Webshop","item":"https:\/\/www.spottergps.com\/de\/webshop\/"},{"@type":"ListItem","position":3,"name":"Ich kann nicht bezahlen"}]},{"@type":"WebSite","@id":"https:\/\/www.spottergps.com\/de\/#website","url":"https:\/\/www.spottergps.com\/de\/","name":"Spotter","description":"Een andere Spotter websites site","publisher":{"@id":"https:\/\/www.spottergps.com\/de\/#organization"},"potentialAction":[{"@type":"SearchAction","target":{"@type":"EntryPoint","urlTemplate":"https:\/\/www.spottergps.com\/de\/?s={search_term_string}"},"query-input":{"@type":"PropertyValueSpecification","valueRequired":true,"valueName":"search_term_string"}}],"inLanguage":"de"},{"@type":"Organization","@id":"https:\/\/www.spottergps.com\/de\/#organization","name":"Spotter B.V.","url":"https:\/\/www.spottergps.com\/de\/","logo":{"@type":"ImageObject","inLanguage":"de","@id":"https:\/\/www.spottergps.com\/de\/#\/schema\/logo\/image\/","url":"https:\/\/www.spottergps.com\/de\/wp-content\/uploads\/sites\/3\/2023\/02\/Spotter_logo.png","contentUrl":"https:\/\/www.spottergps.com\/de\/wp-content\/uploads\/sites\/3\/2023\/02\/Spotter_logo.png","width":1500,"height":696,"caption":"Spotter B.V."},"image":{"@id":"https:\/\/www.spottergps.com\/de\/#\/schema\/logo\/image\/"}}]}},"_links":{"self":[{"href":"https:\/\/www.spottergps.com\/de\/wp-json\/wp\/v2\/pages\/3266","targetHints":{"allow":["GET"]}}],"collection":[{"href":"https:\/\/www.spottergps.com\/de\/wp-json\/wp\/v2\/pages"}],"about":[{"href":"https:\/\/www.spottergps.com\/de\/wp-json\/wp\/v2\/types\/page"}],"author":[{"embeddable":true,"href":"https:\/\/www.spottergps.com\/de\/wp-json\/wp\/v2\/users\/8"}],"replies":[{"embeddable":true,"href":"https:\/\/www.spottergps.com\/de\/wp-json\/wp\/v2\/comments?post=3266"}],"version-history":[{"count":4,"href":"https:\/\/www.spottergps.com\/de\/wp-json\/wp\/v2\/pages\/3266\/revisions"}],"predecessor-version":[{"id":3318,"href":"https:\/\/www.spottergps.com\/de\/wp-json\/wp\/v2\/pages\/3266\/revisions\/3318"}],"up":[{"embeddable":true,"href":"https:\/\/www.spottergps.com\/de\/wp-json\/wp\/v2\/pages\/3280"}],"wp:attachment":[{"href":"https:\/\/www.spottergps.com\/de\/wp-json\/wp\/v2\/media?parent=3266"}],"wp:term":[{"taxonomy":"category","embeddable":true,"href":"https:\/\/www.spottergps.com\/de\/wp-json\/wp\/v2\/categories?post=3266"},{"taxonomy":"post_tag","embeddable":true,"href":"https:\/\/www.spottergps.com\/de\/wp-json\/wp\/v2\/tags?post=3266"}],"curies":[{"name":"wp","href":"https:\/\/api.w.org\/{rel}","templated":true}]}}