{"id":284,"date":"2015-06-11T07:47:13","date_gmt":"2015-06-11T06:47:13","guid":{"rendered":"http:\/\/www.spottergps.com\/?page_id=284"},"modified":"2026-01-12T14:33:35","modified_gmt":"2026-01-12T13:33:35","slug":"garantiebestimmungen","status":"publish","type":"page","link":"https:\/\/www.spottergps.com\/de\/uber-spotter\/garantiebestimmungen\/","title":{"rendered":"Garantiebestimmungen"},"content":{"rendered":"\n<p>Ihr Spotter wird mit einer 2-Jahres-Garantie geliefert. Wenn also ein Problem auftaucht, k\u00f6nnen Sie den Spotter an uns schicken, damit wir das Problem f\u00fcr Sie beheben. Lesen Sie hierf\u00fcr zuerst unsere Garantiebedingungen.<\/p>\n\n\n\n<p><\/p>\n\n\n\n<h3 class=\"wp-block-heading\"><strong>Unsere Garantiebedingungen<\/strong><\/h3>\n\n\n\n<p><\/p>\n\n\n\n<ol class=\"wp-block-list\">\n<li>Die Garantiezeit betr\u00e4gt 2 Jahre f\u00fcr die Hardware. Die Garantiezeit beginnt im Moment der Lieferung der Hardware. Als Garantiebeweis gilt der Kaufbeleg der Hardware, bewahren Sie diesen also gut auf.<\/li>\n<\/ol>\n\n\n\n<ol start=\"2\" class=\"wp-block-list\">\n<li>Falls bei der Ausf\u00fchrung der Arbeiten, bei den verwendeten Materialien oder in den gelieferten Sachen sichtbare Fehler, Unvollkommenheiten und\/oder M\u00e4ngel festgestellt werden, die schon bei der Lieferung vorliegen mussten, wird die Spotter B.V. die Sachen innerhalb der Garantiezeit &#8211; nach ihrer Wahl &#8211; kostenlos reparieren oder ersetzen.<\/li>\n\n\n\n<li>Spotter B.V. ist daf\u00fcr verantwortlich, dass die gelieferten Sachen \u00fcber die Eigenschaften verf\u00fcgen, die f\u00fcr normale Nutzung notwendig sind.<\/li>\n\n\n\n<li>Es kann keine Rede von einer Garantie auf die Hardware sein, wenn:<\/li>\n<\/ol>\n\n\n\n<ul class=\"wp-block-list\">\n<li>Normaler Verschlei\u00df vorliegt, ausschlie\u00dflich zur Beurteilung von Spotter B.V.;<\/li>\n<\/ul>\n\n\n\n<ul class=\"wp-block-list\">\n<li>&nbsp;&nbsp;&nbsp;&nbsp;&nbsp;&nbsp;&nbsp;&nbsp;Falls \u00c4nderungen in oder am Produkt gemacht wurden, darunter Reparaturen, die nicht mit der Zustimmung von Spotter B.V. ausgef\u00fchrt wurden;<\/li>\n\n\n\n<li>&nbsp;&nbsp;&nbsp;&nbsp;&nbsp;&nbsp;&nbsp;&nbsp;Falls die Originalrechnung nicht vorgelegt werden kann, ge\u00e4ndert wurde oder unleserlich ist;<\/li>\n\n\n\n<li>&nbsp;&nbsp;&nbsp;&nbsp;&nbsp;&nbsp;&nbsp;Falls M\u00e4ngel die Folge von unsachgem\u00e4\u00dfer Verwendung sind;<\/li>\n\n\n\n<li>&nbsp;&nbsp;&nbsp;&nbsp;&nbsp;&nbsp;&nbsp;&nbsp;&nbsp;&nbsp;&nbsp;Falls die Besch\u00e4digung durch Vorsatz, grobe Unachtsamkeit oder nachl\u00e4ssige Pflege entstanden ist;<\/li>\n\n\n\n<li>&nbsp;&nbsp;&nbsp;&nbsp;&nbsp;&nbsp;&nbsp;&nbsp;&nbsp;&nbsp;&nbsp;Falls Stecker, Konnektoren, Verkabelung besch\u00e4digt und\/oder ge\u00e4ndert wurden.<\/li>\n<\/ul>\n\n\n\n<p><\/p>\n\n\n\n<h3 class=\"wp-block-heading\"><strong>Garantie in Anspruch nehmen<\/strong><\/h3>\n\n\n\n<p>Falls Sie die Garantie in Anspruch nehmen m\u00f6chten, gehen Sie\u00a0auf\u00a0 die am h\u00e4ufigsten gestellten Fragen\u00a0und klicken Sie auf \u201eFunktioniert Ihr Spotter nicht?\u201c. Dort werden einige Fragen gestellt. Abh\u00e4ngig von den Antworten auf diese Fragen schickt Spotter B.V. Ihnen einen Briefumschlag, mit dem Sie auf Kosten von Spotter B.V. den Spotter an uns schicken. Spotter B.V. untersucht den GPS-Tracker und schickt Ihnen entweder einen neuen zu oder repariert den GPS-Tracker auf Kosten von Spotter B.V.<\/p>\n\n\n\n<h3 class=\"wp-block-heading\"><strong>Beschwerden<\/strong><\/h3>\n\n\n\n<p>Haben Sie trotz unseres guten Service dennoch eine Beschwerde? Daf\u00fcr m\u00f6chten wir uns entschuldigen.&nbsp; <br>Kundenzufriedenheit steht bei uns an erster Stelle. Leider werden auch bei uns Fehler gemacht. F\u00fcr Beschwerden k\u00f6nnen Sie uns an Werktagen \u00fcber info@spottergps.com erreichen.&nbsp;<\/p>\n\n\n\n<p><strong>Sie sind noch nicht zufrieden? Dann gehen Sie weiter. Schreiben Sie uns!<\/strong><\/p>\n\n\n\n<p>Spotter B.V.<br>Leeuwenhoekweg 20c<br>2661 CZ Bergschenhoek<br>Niederlande<\/p>\n","protected":false},"excerpt":{"rendered":"<p>Ihr Spotter wird mit einer 2-Jahres-Garantie geliefert. Wenn also ein Problem auftaucht, k\u00f6nnen Sie den Spotter an uns schicken, damit wir das Problem f\u00fcr Sie beheben. Lesen Sie hierf\u00fcr zuerst unsere Garantiebedingungen. Unsere Garantiebedingungen Garantie in Anspruch nehmen Falls Sie die Garantie in Anspruch nehmen m\u00f6chten, gehen Sie\u00a0auf\u00a0 die am h\u00e4ufigsten gestellten Fragen\u00a0und klicken Sie [&hellip;]<\/p>\n","protected":false},"author":1,"featured_media":0,"parent":41,"menu_order":0,"comment_status":"open","ping_status":"open","template":"","meta":{"_acf_changed":false,"footnotes":""},"categories":[],"tags":[],"class_list":["post-284","page","type-page","status-publish","hentry"],"acf":[],"yoast_head":"<!-- This site is optimized with the Yoast SEO plugin v25.9 - https:\/\/yoast.com\/wordpress\/plugins\/seo\/ -->\n<title>Garantie &amp; Service Spotter<\/title>\n<meta name=\"robots\" content=\"index, nofollow, max-snippet:-1, max-image-preview:large, max-video-preview:-1\" \/>\n<link rel=\"canonical\" href=\"https:\/\/www.spottergps.com\/de\/uber-spotter\/garantiebestimmungen\/\" \/>\n<meta property=\"og:locale\" content=\"de_DE\" \/>\n<meta property=\"og:type\" content=\"article\" \/>\n<meta property=\"og:title\" content=\"Garantie &amp; Service Spotter\" \/>\n<meta property=\"og:description\" content=\"Ihr Spotter wird mit einer 2-Jahres-Garantie geliefert. Wenn also ein Problem auftaucht, k\u00f6nnen Sie den Spotter an uns schicken, damit wir das Problem f\u00fcr Sie beheben. Lesen Sie hierf\u00fcr zuerst unsere Garantiebedingungen. Unsere Garantiebedingungen Garantie in Anspruch nehmen Falls Sie die Garantie in Anspruch nehmen m\u00f6chten, gehen Sie\u00a0auf\u00a0 die am h\u00e4ufigsten gestellten Fragen\u00a0und klicken Sie [&hellip;]\" \/>\n<meta property=\"og:url\" content=\"https:\/\/www.spottergps.com\/de\/uber-spotter\/garantiebestimmungen\/\" \/>\n<meta property=\"og:site_name\" content=\"Spotter Germany\" \/>\n<meta property=\"article:modified_time\" content=\"2026-01-12T13:33:35+00:00\" \/>\n<meta name=\"twitter:card\" content=\"summary_large_image\" \/>\n<meta name=\"twitter:label1\" content=\"Gesch\u00e4tzte Lesezeit\" \/>\n\t<meta name=\"twitter:data1\" content=\"2\u00a0Minuten\" \/>\n<script type=\"application\/ld+json\" class=\"yoast-schema-graph\">{\"@context\":\"https:\/\/schema.org\",\"@graph\":[{\"@type\":\"WebPage\",\"@id\":\"https:\/\/www.spottergps.com\/de\/uber-spotter\/garantiebestimmungen\/\",\"url\":\"https:\/\/www.spottergps.com\/de\/uber-spotter\/garantiebestimmungen\/\",\"name\":\"Garantie & Service Spotter\",\"isPartOf\":{\"@id\":\"https:\/\/www.spottergps.com\/de\/#website\"},\"datePublished\":\"2015-06-11T06:47:13+00:00\",\"dateModified\":\"2026-01-12T13:33:35+00:00\",\"breadcrumb\":{\"@id\":\"https:\/\/www.spottergps.com\/de\/uber-spotter\/garantiebestimmungen\/#breadcrumb\"},\"inLanguage\":\"de\",\"potentialAction\":[{\"@type\":\"ReadAction\",\"target\":[\"https:\/\/www.spottergps.com\/de\/uber-spotter\/garantiebestimmungen\/\"]}]},{\"@type\":\"BreadcrumbList\",\"@id\":\"https:\/\/www.spottergps.com\/de\/uber-spotter\/garantiebestimmungen\/#breadcrumb\",\"itemListElement\":[{\"@type\":\"ListItem\",\"position\":1,\"name\":\"Home\",\"item\":\"https:\/\/www.spottergps.com\/de\/\"},{\"@type\":\"ListItem\",\"position\":2,\"name\":\"\u00dcBER SPOTTER\",\"item\":\"https:\/\/www.spottergps.com\/de\/uber-spotter\/\"},{\"@type\":\"ListItem\",\"position\":3,\"name\":\"Garantiebestimmungen\"}]},{\"@type\":\"WebSite\",\"@id\":\"https:\/\/www.spottergps.com\/de\/#website\",\"url\":\"https:\/\/www.spottergps.com\/de\/\",\"name\":\"Spotter\",\"description\":\"Een andere Spotter websites site\",\"publisher\":{\"@id\":\"https:\/\/www.spottergps.com\/de\/#organization\"},\"potentialAction\":[{\"@type\":\"SearchAction\",\"target\":{\"@type\":\"EntryPoint\",\"urlTemplate\":\"https:\/\/www.spottergps.com\/de\/?s={search_term_string}\"},\"query-input\":{\"@type\":\"PropertyValueSpecification\",\"valueRequired\":true,\"valueName\":\"search_term_string\"}}],\"inLanguage\":\"de\"},{\"@type\":\"Organization\",\"@id\":\"https:\/\/www.spottergps.com\/de\/#organization\",\"name\":\"Spotter B.V.\",\"url\":\"https:\/\/www.spottergps.com\/de\/\",\"logo\":{\"@type\":\"ImageObject\",\"inLanguage\":\"de\",\"@id\":\"https:\/\/www.spottergps.com\/de\/#\/schema\/logo\/image\/\",\"url\":\"https:\/\/www.spottergps.com\/de\/wp-content\/uploads\/sites\/3\/2023\/02\/Spotter_logo.png\",\"contentUrl\":\"https:\/\/www.spottergps.com\/de\/wp-content\/uploads\/sites\/3\/2023\/02\/Spotter_logo.png\",\"width\":1500,\"height\":696,\"caption\":\"Spotter B.V.\"},\"image\":{\"@id\":\"https:\/\/www.spottergps.com\/de\/#\/schema\/logo\/image\/\"}}]}<\/script>\n<!-- \/ Yoast SEO plugin. -->","yoast_head_json":{"title":"Garantie & Service Spotter","robots":{"index":"index","follow":"nofollow","max-snippet":"max-snippet:-1","max-image-preview":"max-image-preview:large","max-video-preview":"max-video-preview:-1"},"canonical":"https:\/\/www.spottergps.com\/de\/uber-spotter\/garantiebestimmungen\/","og_locale":"de_DE","og_type":"article","og_title":"Garantie & Service Spotter","og_description":"Ihr Spotter wird mit einer 2-Jahres-Garantie geliefert. Wenn also ein Problem auftaucht, k\u00f6nnen Sie den Spotter an uns schicken, damit wir das Problem f\u00fcr Sie beheben. Lesen Sie hierf\u00fcr zuerst unsere Garantiebedingungen. Unsere Garantiebedingungen Garantie in Anspruch nehmen Falls Sie die Garantie in Anspruch nehmen m\u00f6chten, gehen Sie\u00a0auf\u00a0 die am h\u00e4ufigsten gestellten Fragen\u00a0und klicken Sie [&hellip;]","og_url":"https:\/\/www.spottergps.com\/de\/uber-spotter\/garantiebestimmungen\/","og_site_name":"Spotter Germany","article_modified_time":"2026-01-12T13:33:35+00:00","twitter_card":"summary_large_image","twitter_misc":{"Gesch\u00e4tzte Lesezeit":"2\u00a0Minuten"},"schema":{"@context":"https:\/\/schema.org","@graph":[{"@type":"WebPage","@id":"https:\/\/www.spottergps.com\/de\/uber-spotter\/garantiebestimmungen\/","url":"https:\/\/www.spottergps.com\/de\/uber-spotter\/garantiebestimmungen\/","name":"Garantie & Service Spotter","isPartOf":{"@id":"https:\/\/www.spottergps.com\/de\/#website"},"datePublished":"2015-06-11T06:47:13+00:00","dateModified":"2026-01-12T13:33:35+00:00","breadcrumb":{"@id":"https:\/\/www.spottergps.com\/de\/uber-spotter\/garantiebestimmungen\/#breadcrumb"},"inLanguage":"de","potentialAction":[{"@type":"ReadAction","target":["https:\/\/www.spottergps.com\/de\/uber-spotter\/garantiebestimmungen\/"]}]},{"@type":"BreadcrumbList","@id":"https:\/\/www.spottergps.com\/de\/uber-spotter\/garantiebestimmungen\/#breadcrumb","itemListElement":[{"@type":"ListItem","position":1,"name":"Home","item":"https:\/\/www.spottergps.com\/de\/"},{"@type":"ListItem","position":2,"name":"\u00dcBER SPOTTER","item":"https:\/\/www.spottergps.com\/de\/uber-spotter\/"},{"@type":"ListItem","position":3,"name":"Garantiebestimmungen"}]},{"@type":"WebSite","@id":"https:\/\/www.spottergps.com\/de\/#website","url":"https:\/\/www.spottergps.com\/de\/","name":"Spotter","description":"Een andere Spotter websites site","publisher":{"@id":"https:\/\/www.spottergps.com\/de\/#organization"},"potentialAction":[{"@type":"SearchAction","target":{"@type":"EntryPoint","urlTemplate":"https:\/\/www.spottergps.com\/de\/?s={search_term_string}"},"query-input":{"@type":"PropertyValueSpecification","valueRequired":true,"valueName":"search_term_string"}}],"inLanguage":"de"},{"@type":"Organization","@id":"https:\/\/www.spottergps.com\/de\/#organization","name":"Spotter B.V.","url":"https:\/\/www.spottergps.com\/de\/","logo":{"@type":"ImageObject","inLanguage":"de","@id":"https:\/\/www.spottergps.com\/de\/#\/schema\/logo\/image\/","url":"https:\/\/www.spottergps.com\/de\/wp-content\/uploads\/sites\/3\/2023\/02\/Spotter_logo.png","contentUrl":"https:\/\/www.spottergps.com\/de\/wp-content\/uploads\/sites\/3\/2023\/02\/Spotter_logo.png","width":1500,"height":696,"caption":"Spotter B.V."},"image":{"@id":"https:\/\/www.spottergps.com\/de\/#\/schema\/logo\/image\/"}}]}},"_links":{"self":[{"href":"https:\/\/www.spottergps.com\/de\/wp-json\/wp\/v2\/pages\/284","targetHints":{"allow":["GET"]}}],"collection":[{"href":"https:\/\/www.spottergps.com\/de\/wp-json\/wp\/v2\/pages"}],"about":[{"href":"https:\/\/www.spottergps.com\/de\/wp-json\/wp\/v2\/types\/page"}],"author":[{"embeddable":true,"href":"https:\/\/www.spottergps.com\/de\/wp-json\/wp\/v2\/users\/1"}],"replies":[{"embeddable":true,"href":"https:\/\/www.spottergps.com\/de\/wp-json\/wp\/v2\/comments?post=284"}],"version-history":[{"count":9,"href":"https:\/\/www.spottergps.com\/de\/wp-json\/wp\/v2\/pages\/284\/revisions"}],"predecessor-version":[{"id":7057,"href":"https:\/\/www.spottergps.com\/de\/wp-json\/wp\/v2\/pages\/284\/revisions\/7057"}],"up":[{"embeddable":true,"href":"https:\/\/www.spottergps.com\/de\/wp-json\/wp\/v2\/pages\/41"}],"wp:attachment":[{"href":"https:\/\/www.spottergps.com\/de\/wp-json\/wp\/v2\/media?parent=284"}],"wp:term":[{"taxonomy":"category","embeddable":true,"href":"https:\/\/www.spottergps.com\/de\/wp-json\/wp\/v2\/categories?post=284"},{"taxonomy":"post_tag","embeddable":true,"href":"https:\/\/www.spottergps.com\/de\/wp-json\/wp\/v2\/tags?post=284"}],"curies":[{"name":"wp","href":"https:\/\/api.w.org\/{rel}","templated":true}]}}