{"id":2445,"date":"2022-03-25T14:42:57","date_gmt":"2022-03-25T13:42:57","guid":{"rendered":"https:\/\/www.spottergps.com\/de\/?page_id=2445"},"modified":"2022-11-11T10:50:48","modified_gmt":"2022-11-11T09:50:48","slug":"reset-stufenplan-spotter-gps-watch-air","status":"publish","type":"page","link":"https:\/\/www.spottergps.com\/de\/seiten-zuruecksetzen__trashed\/reset-stufenplan-spotter-gps-watch-air\/","title":{"rendered":"Reset-Stufenplan Spotter GPS Watch \u2013 Air"},"content":{"rendered":"\n<h3 class=\"wp-block-heading\"><strong><br>Schritt 1: Schalten Sie die Spotter GPS Watch <\/strong><strong>\u2013<\/strong><strong> Air aus<\/strong><\/h3>\n\n\n\n<p>Loggen Sie sich in Ihr <span style=\"color: #333333\"><a style=\"color: #333333\" href=\"https:\/\/my.spottergps.com\/SpotterApp\/index.html#login\"><u>Spotter-Konto<\/u><\/a><\/span> ein und rufen Sie die Karte auf. Klicken Sie auf den Spotter und ein Bildschirm mit Funktionen erscheint. Klicken Sie auf \u201eSpotter ausschalten\u201c.&nbsp;&nbsp;<br><br><\/p>\n\n\n\n<h3 class=\"wp-block-heading\"><strong>Schritt 2: Laden Sie die Armbanduhr vollst\u00e4ndig auf<\/strong><\/h3>\n\n\n\n<p>Laden Sie die Batterie der Spotter GPS Watch \u2013 Air&nbsp; innrerhalb von 2 bis 3 Stunden vollst\u00e4ndig auf. Die Spotter GPS Watch \u2013 Airverf\u00fcgt \u00fcber ein magnetisches Ladeger\u00e4t, das in die GPS Spotter Watch\u2013 Air eingeklickt wird. Anschlie\u00dfend stecken Sie das Ende des Kabels in einen USB-Anschluss und die Spotter Watch \u2013 Air wird aufgeladen.<br><br><\/p>\n\n\n\n<h3 class=\"wp-block-heading\"><strong>Schritt 3: Schalten Sie die Spotter Spotter GPS Watch <\/strong><strong>\u2013<\/strong><strong> Air ein<\/strong><\/h3>\n\n\n\n<p>Schalten Sie die Spotter GPS Watch \u2013 Air ein, indem Sie die SOS-Taste an der Seite gedr\u00fcckt halten, bis das Spotter-Logo auf dem Bildschirm eingeblendet wird. Nehmen Sie die Spotter GPS Watch mit ins Freie, um die bestm\u00f6gliche Reichweite zu erzielen.&nbsp;<br><br><\/p>\n\n\n\n<h3 class=\"wp-block-heading\"><strong>Schritt 4: Rufen Sie den Standort auf<\/strong><\/h3>\n\n\n\n<p>Loggen Sie sich in Ihr Spotter-Konto ein und rufen Sie die Karte auf. Klicken Sie auf die Spotter GPS Watch und es erscheint ein Bildschirm mit Funktionen. Klicken Sie auf \u201eStandort abrufen\u201c.\u00a0Sie erhalten nun 3 Minuten lang alle 20 Sekunden den aktuellen Standort der Spotter GPS Watch \u2013 Air.<br><br><\/p>\n\n\n\n<h3 class=\"wp-block-heading\"><strong>Schritt 5: Der Standort wird nun \u00fcbermittelt<\/strong><\/h3>\n\n\n\n<p>Aktualisieren Sie die Seite. Der Standort wird nun angezeigt. Wird kein Standort \u00fcbermittelt, obwohl Sie s\u00e4mtliche Schritte befolgt haben? Wenden Sie sich bitte \u00fcber das <span style=\"color: #333333\"><a style=\"color: #333333\" href=\"https:\/\/www.spottergps.com\/de\/kundenservice\/\"><u>Kontaktformular<\/u><\/a><\/span> an unseren Kundenservice.<\/p>\n","protected":false},"excerpt":{"rendered":"<p>Schritt 1: Schalten Sie die Spotter GPS Watch \u2013 Air aus Loggen Sie sich in Ihr Spotter-Konto ein und rufen Sie die Karte auf. Klicken Sie auf den Spotter und ein Bildschirm mit Funktionen erscheint. Klicken Sie auf \u201eSpotter ausschalten\u201c.&nbsp;&nbsp; Schritt 2: Laden Sie die Armbanduhr vollst\u00e4ndig auf Laden Sie die Batterie der Spotter GPS [&hellip;]<\/p>\n","protected":false},"author":5,"featured_media":0,"parent":2432,"menu_order":16,"comment_status":"closed","ping_status":"closed","template":"faq-content.php","meta":{"_acf_changed":false,"footnotes":""},"categories":[],"tags":[],"class_list":["post-2445","page","type-page","status-publish","hentry"],"acf":[],"yoast_head":"<!-- This site is optimized with the Yoast SEO plugin v25.9 - https:\/\/yoast.com\/wordpress\/plugins\/seo\/ -->\n<title>Reset-Stufenplan Spotter GPS Watch \u2013 Air | Spotter Germany<\/title>\n<meta name=\"robots\" content=\"index, follow, max-snippet:-1, max-image-preview:large, max-video-preview:-1\" \/>\n<link rel=\"canonical\" href=\"https:\/\/www.spottergps.com\/de\/seiten-zuruecksetzen__trashed\/reset-stufenplan-spotter-gps-watch-air\/\" \/>\n<meta property=\"og:locale\" content=\"de_DE\" \/>\n<meta property=\"og:type\" content=\"article\" \/>\n<meta property=\"og:title\" content=\"Reset-Stufenplan Spotter GPS Watch \u2013 Air | Spotter Germany\" \/>\n<meta property=\"og:description\" content=\"Schritt 1: Schalten Sie die Spotter GPS Watch \u2013 Air aus Loggen Sie sich in Ihr Spotter-Konto ein und rufen Sie die Karte auf. Klicken Sie auf den Spotter und ein Bildschirm mit Funktionen erscheint. Klicken Sie auf \u201eSpotter ausschalten\u201c.&nbsp;&nbsp; Schritt 2: Laden Sie die Armbanduhr vollst\u00e4ndig auf Laden Sie die Batterie der Spotter GPS [&hellip;]\" \/>\n<meta property=\"og:url\" content=\"https:\/\/www.spottergps.com\/de\/seiten-zuruecksetzen__trashed\/reset-stufenplan-spotter-gps-watch-air\/\" \/>\n<meta property=\"og:site_name\" content=\"Spotter Germany\" \/>\n<meta property=\"article:modified_time\" content=\"2022-11-11T09:50:48+00:00\" \/>\n<meta name=\"twitter:card\" content=\"summary_large_image\" \/>\n<meta name=\"twitter:label1\" content=\"Gesch\u00e4tzte Lesezeit\" \/>\n\t<meta name=\"twitter:data1\" content=\"1\u00a0Minute\" \/>\n<script type=\"application\/ld+json\" class=\"yoast-schema-graph\">{\"@context\":\"https:\/\/schema.org\",\"@graph\":[{\"@type\":\"WebPage\",\"@id\":\"https:\/\/www.spottergps.com\/de\/seiten-zuruecksetzen__trashed\/reset-stufenplan-spotter-gps-watch-air\/\",\"url\":\"https:\/\/www.spottergps.com\/de\/seiten-zuruecksetzen__trashed\/reset-stufenplan-spotter-gps-watch-air\/\",\"name\":\"Reset-Stufenplan Spotter GPS Watch \u2013 Air | Spotter Germany\",\"isPartOf\":{\"@id\":\"https:\/\/www.spottergps.com\/de\/#website\"},\"datePublished\":\"2022-03-25T13:42:57+00:00\",\"dateModified\":\"2022-11-11T09:50:48+00:00\",\"breadcrumb\":{\"@id\":\"https:\/\/www.spottergps.com\/de\/seiten-zuruecksetzen__trashed\/reset-stufenplan-spotter-gps-watch-air\/#breadcrumb\"},\"inLanguage\":\"de\",\"potentialAction\":[{\"@type\":\"ReadAction\",\"target\":[\"https:\/\/www.spottergps.com\/de\/seiten-zuruecksetzen__trashed\/reset-stufenplan-spotter-gps-watch-air\/\"]}]},{\"@type\":\"BreadcrumbList\",\"@id\":\"https:\/\/www.spottergps.com\/de\/seiten-zuruecksetzen__trashed\/reset-stufenplan-spotter-gps-watch-air\/#breadcrumb\",\"itemListElement\":[{\"@type\":\"ListItem\",\"position\":1,\"name\":\"Home\",\"item\":\"https:\/\/www.spottergps.com\/de\/\"},{\"@type\":\"ListItem\",\"position\":2,\"name\":\"Seiten zur\u00fccksetzen\",\"item\":\"https:\/\/www.spottergps.com\/de\/?page_id=2432\"},{\"@type\":\"ListItem\",\"position\":3,\"name\":\"Reset-Stufenplan Spotter GPS Watch \u2013 Air\"}]},{\"@type\":\"WebSite\",\"@id\":\"https:\/\/www.spottergps.com\/de\/#website\",\"url\":\"https:\/\/www.spottergps.com\/de\/\",\"name\":\"Spotter\",\"description\":\"Een andere Spotter websites site\",\"publisher\":{\"@id\":\"https:\/\/www.spottergps.com\/de\/#organization\"},\"potentialAction\":[{\"@type\":\"SearchAction\",\"target\":{\"@type\":\"EntryPoint\",\"urlTemplate\":\"https:\/\/www.spottergps.com\/de\/?s={search_term_string}\"},\"query-input\":{\"@type\":\"PropertyValueSpecification\",\"valueRequired\":true,\"valueName\":\"search_term_string\"}}],\"inLanguage\":\"de\"},{\"@type\":\"Organization\",\"@id\":\"https:\/\/www.spottergps.com\/de\/#organization\",\"name\":\"Spotter B.V.\",\"url\":\"https:\/\/www.spottergps.com\/de\/\",\"logo\":{\"@type\":\"ImageObject\",\"inLanguage\":\"de\",\"@id\":\"https:\/\/www.spottergps.com\/de\/#\/schema\/logo\/image\/\",\"url\":\"https:\/\/www.spottergps.com\/de\/wp-content\/uploads\/sites\/3\/2023\/02\/Spotter_logo.png\",\"contentUrl\":\"https:\/\/www.spottergps.com\/de\/wp-content\/uploads\/sites\/3\/2023\/02\/Spotter_logo.png\",\"width\":1500,\"height\":696,\"caption\":\"Spotter B.V.\"},\"image\":{\"@id\":\"https:\/\/www.spottergps.com\/de\/#\/schema\/logo\/image\/\"}}]}<\/script>\n<!-- \/ Yoast SEO plugin. -->","yoast_head_json":{"title":"Reset-Stufenplan Spotter GPS Watch \u2013 Air | Spotter Germany","robots":{"index":"index","follow":"follow","max-snippet":"max-snippet:-1","max-image-preview":"max-image-preview:large","max-video-preview":"max-video-preview:-1"},"canonical":"https:\/\/www.spottergps.com\/de\/seiten-zuruecksetzen__trashed\/reset-stufenplan-spotter-gps-watch-air\/","og_locale":"de_DE","og_type":"article","og_title":"Reset-Stufenplan Spotter GPS Watch \u2013 Air | Spotter Germany","og_description":"Schritt 1: Schalten Sie die Spotter GPS Watch \u2013 Air aus Loggen Sie sich in Ihr Spotter-Konto ein und rufen Sie die Karte auf. Klicken Sie auf den Spotter und ein Bildschirm mit Funktionen erscheint. Klicken Sie auf \u201eSpotter ausschalten\u201c.&nbsp;&nbsp; Schritt 2: Laden Sie die Armbanduhr vollst\u00e4ndig auf Laden Sie die Batterie der Spotter GPS [&hellip;]","og_url":"https:\/\/www.spottergps.com\/de\/seiten-zuruecksetzen__trashed\/reset-stufenplan-spotter-gps-watch-air\/","og_site_name":"Spotter Germany","article_modified_time":"2022-11-11T09:50:48+00:00","twitter_card":"summary_large_image","twitter_misc":{"Gesch\u00e4tzte Lesezeit":"1\u00a0Minute"},"schema":{"@context":"https:\/\/schema.org","@graph":[{"@type":"WebPage","@id":"https:\/\/www.spottergps.com\/de\/seiten-zuruecksetzen__trashed\/reset-stufenplan-spotter-gps-watch-air\/","url":"https:\/\/www.spottergps.com\/de\/seiten-zuruecksetzen__trashed\/reset-stufenplan-spotter-gps-watch-air\/","name":"Reset-Stufenplan Spotter GPS Watch \u2013 Air | Spotter Germany","isPartOf":{"@id":"https:\/\/www.spottergps.com\/de\/#website"},"datePublished":"2022-03-25T13:42:57+00:00","dateModified":"2022-11-11T09:50:48+00:00","breadcrumb":{"@id":"https:\/\/www.spottergps.com\/de\/seiten-zuruecksetzen__trashed\/reset-stufenplan-spotter-gps-watch-air\/#breadcrumb"},"inLanguage":"de","potentialAction":[{"@type":"ReadAction","target":["https:\/\/www.spottergps.com\/de\/seiten-zuruecksetzen__trashed\/reset-stufenplan-spotter-gps-watch-air\/"]}]},{"@type":"BreadcrumbList","@id":"https:\/\/www.spottergps.com\/de\/seiten-zuruecksetzen__trashed\/reset-stufenplan-spotter-gps-watch-air\/#breadcrumb","itemListElement":[{"@type":"ListItem","position":1,"name":"Home","item":"https:\/\/www.spottergps.com\/de\/"},{"@type":"ListItem","position":2,"name":"Seiten zur\u00fccksetzen","item":"https:\/\/www.spottergps.com\/de\/?page_id=2432"},{"@type":"ListItem","position":3,"name":"Reset-Stufenplan Spotter GPS Watch \u2013 Air"}]},{"@type":"WebSite","@id":"https:\/\/www.spottergps.com\/de\/#website","url":"https:\/\/www.spottergps.com\/de\/","name":"Spotter","description":"Een andere Spotter websites site","publisher":{"@id":"https:\/\/www.spottergps.com\/de\/#organization"},"potentialAction":[{"@type":"SearchAction","target":{"@type":"EntryPoint","urlTemplate":"https:\/\/www.spottergps.com\/de\/?s={search_term_string}"},"query-input":{"@type":"PropertyValueSpecification","valueRequired":true,"valueName":"search_term_string"}}],"inLanguage":"de"},{"@type":"Organization","@id":"https:\/\/www.spottergps.com\/de\/#organization","name":"Spotter B.V.","url":"https:\/\/www.spottergps.com\/de\/","logo":{"@type":"ImageObject","inLanguage":"de","@id":"https:\/\/www.spottergps.com\/de\/#\/schema\/logo\/image\/","url":"https:\/\/www.spottergps.com\/de\/wp-content\/uploads\/sites\/3\/2023\/02\/Spotter_logo.png","contentUrl":"https:\/\/www.spottergps.com\/de\/wp-content\/uploads\/sites\/3\/2023\/02\/Spotter_logo.png","width":1500,"height":696,"caption":"Spotter B.V."},"image":{"@id":"https:\/\/www.spottergps.com\/de\/#\/schema\/logo\/image\/"}}]}},"_links":{"self":[{"href":"https:\/\/www.spottergps.com\/de\/wp-json\/wp\/v2\/pages\/2445","targetHints":{"allow":["GET"]}}],"collection":[{"href":"https:\/\/www.spottergps.com\/de\/wp-json\/wp\/v2\/pages"}],"about":[{"href":"https:\/\/www.spottergps.com\/de\/wp-json\/wp\/v2\/types\/page"}],"author":[{"embeddable":true,"href":"https:\/\/www.spottergps.com\/de\/wp-json\/wp\/v2\/users\/5"}],"replies":[{"embeddable":true,"href":"https:\/\/www.spottergps.com\/de\/wp-json\/wp\/v2\/comments?post=2445"}],"version-history":[{"count":5,"href":"https:\/\/www.spottergps.com\/de\/wp-json\/wp\/v2\/pages\/2445\/revisions"}],"predecessor-version":[{"id":3169,"href":"https:\/\/www.spottergps.com\/de\/wp-json\/wp\/v2\/pages\/2445\/revisions\/3169"}],"up":[{"embeddable":true,"href":"https:\/\/www.spottergps.com\/de\/wp-json\/wp\/v2\/pages\/2432"}],"wp:attachment":[{"href":"https:\/\/www.spottergps.com\/de\/wp-json\/wp\/v2\/media?parent=2445"}],"wp:term":[{"taxonomy":"category","embeddable":true,"href":"https:\/\/www.spottergps.com\/de\/wp-json\/wp\/v2\/categories?post=2445"},{"taxonomy":"post_tag","embeddable":true,"href":"https:\/\/www.spottergps.com\/de\/wp-json\/wp\/v2\/tags?post=2445"}],"curies":[{"name":"wp","href":"https:\/\/api.w.org\/{rel}","templated":true}]}}