{"id":2310,"date":"2022-03-17T15:54:46","date_gmt":"2022-03-17T14:54:46","guid":{"rendered":"https:\/\/www.spottergps.com\/de\/?page_id=2310"},"modified":"2024-02-27T14:36:00","modified_gmt":"2024-02-27T13:36:00","slug":"funktionen-spotter-gps-tracker","status":"publish","type":"page","link":"https:\/\/www.spottergps.com\/de\/faq\/produkte-und-funktionen\/funktionen-spotter-gps-tracker\/","title":{"rendered":"Funktionen Spotter GPS-Tracker"},"content":{"rendered":"\n<p>Interessieren Sie sich f\u00fcr die Funktionen des Spotter GPS-Trackers? Im Folgenden erl\u00e4utern wir diese und in der <a href=\"https:\/\/www.spottergps.com\/de\/gebrauchsanweisung\/\">Gebrauchsanweisung<\/a> finden Sie eine vollst\u00e4ndige \u00dcbersicht. Standort abrufen.<br><br><\/p>\n\n\n\n<h2 class=\"wp-block-heading\"><strong><em>Standort abrufen<\/em><\/strong><\/h2>\n\n\n\n<p>Der Spotter GPS-Tracker sendet bei Bewegung automatisch jede Minute einen Standort, den Sie direkt online in Ihrem Konto oder \u00fcber die Spotter-App abrufen k\u00f6nnen. Bei Stillstand ist dies alle 30 Minuten. Der Spotter GPS-Tracker ist mit einem Bewegungssensor ausgestattet, der den Unterschied zwischen Bewegung und Stillstand erkennt. Alle Standorte k\u00f6nnen 24 Stunden lang eingesehen werden, danach werden die Daten gel\u00f6scht. Wenn Sie im Online-Konto \u201eKarte\u201c aufrufen, k\u00f6nnen Sie den Standort des Spotter GPS-Trackers abrufen.<br><br><\/p>\n\n\n\n<h2 class=\"wp-block-heading\"><strong><em>Zonen einrichten<\/em><\/strong><\/h2>\n\n\n\n<p>Sie k\u00f6nnen problemlos Zonen einrichten. Sie w\u00e4hlem im Men\u00fc die Option \u201cZonen\u201d und ziehen eines der Symbole (Zuhause, Arbeit, Freunde usw.) auf die Karte, um eine Zone zu erstellen. Passen Sie die Gr\u00f6\u00dfe der Zone an, indem Sie den Radius vergr\u00f6\u00dfern oder verkleinern. Sobald ein Standort au\u00dferhalb der Zone ermittelt wird, erhalten Sie eine entsprechende Meldung.<br><br><\/p>\n\n\n\n<h2 class=\"wp-block-heading\"><strong><em>SOS-Alarm<\/em><\/strong><\/h2>\n\n\n\n<p>Auf der Vorderseite des Spotter GPS-Trackers befindet sich ein SOS-Knopf. Dr\u00fccken Sie den SOS-Knopf 3 Sekunden lang. Es ert\u00f6nt ein Piepton und die gr\u00fcne LED-Leuchte blinkt. Die SOS-Meldung wird nun per E-Mail und als Push-Nachricht auf dem Smartphone an den verkn\u00fcpften Benutzer gesendet. Der Name des Spotter-GPS-Trackers und der Standort, an dem der SOS-Knopf gedr\u00fcckt wurde, werden in der Nachricht angezeigt.<\/p>\n\n\n\n<p>Sie k\u00f6nnen den Spotter-GPS-Tracker auch anrufen, z. B. wenn eine Person in Not ist und Sie Kontakt w\u00fcnschten. Loggen Sie sich in die Spotter-App ein und klicken Sie auf das Symbol des Spotters auf der Karte. Daraufhin \u00f6ffnet sich ein Men\u00fc und Sie w\u00e4hlen \u201eAnrufen\u201c.&nbsp;Der Spotter GPS-Tracker klingelt nun und nehmt nach einigen Sekunden automatisch auf. Das Telefongespr\u00e4ch kann durch den Telefonknopf an der Seite des Spotter GPS-Trackers beendet werden.<\/p>\n\n\n\n<p><strong>Achtung:<\/strong> Wenn Sie den Spotter GPS-Tracker&nbsp;anrufen, f\u00e4llt das nicht unter das Prepaid-Guthaben. Sie rufen eine europ\u00e4ische Mobilfunknummer von Ihrem Smartphone aus an, f\u00fcr die die Geb\u00fchren Ihres Telefonanbieters gelten.<\/p>\n\n\n\n<p>Der Spotter GPS-Tracker\u00a0ist mit einer eingebauten Roaming SIM-Karte ausgestattet, die gew\u00e4hrleistet, dass der\u00a0 Spotter \u00a0in allen verf\u00fcgbaren Mobilfunknetzen in Europa ohne zus\u00e4tzliche Kosten funktioniert. Der Grund daf\u00fcr ist, dass wir\u00a0nicht von der Netzabdeckung eines einzelnen Mobilfunkanbieters in einem Land (oder einer Region) abh\u00e4ngig sein will, sondern dass der Spotter GPS-Tracker immer das best verf\u00fcgbare Mobilfunknetz unabh\u00e4ngig vom Mobilfunkanbieter ausw\u00e4hlt. Es besteht ebenfalls die M\u00f6glichkeit, den Spotter GPS-Tracker <span style=\"color: #333333\">\u00fcber Skype<\/span> anzurufen, was kosteng\u00fcnstiger ist.<\/p>\n\n\n\n<p><strong>Tipp:<\/strong> Nachdem Sie den&nbsp;Spotter GPS-Tracker angerufen haben, k\u00f6nnen Sie die Telefonnummer speichern, sodass Sie den Spotter&nbsp;auch ohne Verwendung der App anrufen k\u00f6nnen.<\/p>\n\n\n\n<p>Tags: GPS-Tracker Standort abrufen, GPS-Tracker Zone einstellen, GPS-Tracker SOS-Alarm, GPS-Tracker anrufen<\/p>\n","protected":false},"excerpt":{"rendered":"<p>Interessieren Sie sich f\u00fcr die Funktionen des Spotter GPS-Trackers? Im Folgenden erl\u00e4utern wir diese und in der Gebrauchsanweisung finden Sie eine vollst\u00e4ndige \u00dcbersicht. Standort abrufen. Standort abrufen Der Spotter GPS-Tracker sendet bei Bewegung automatisch jede Minute einen Standort, den Sie direkt online in Ihrem Konto oder \u00fcber die Spotter-App abrufen k\u00f6nnen. Bei Stillstand ist dies [&hellip;]<\/p>\n","protected":false},"author":5,"featured_media":0,"parent":2304,"menu_order":0,"comment_status":"closed","ping_status":"closed","template":"faq-content.php","meta":{"_acf_changed":false,"footnotes":""},"categories":[41],"tags":[],"class_list":["post-2310","page","type-page","status-publish","hentry","category-faq"],"acf":[],"yoast_head":"<!-- This site is optimized with the Yoast SEO plugin v25.9 - https:\/\/yoast.com\/wordpress\/plugins\/seo\/ -->\n<title>Funktionen Spotter GPS-Tracker | Spotter Germany<\/title>\n<meta name=\"robots\" content=\"noindex, follow\" \/>\n<meta property=\"og:locale\" content=\"de_DE\" \/>\n<meta property=\"og:type\" content=\"article\" \/>\n<meta property=\"og:title\" content=\"Funktionen Spotter GPS-Tracker | Spotter Germany\" \/>\n<meta property=\"og:description\" content=\"Interessieren Sie sich f\u00fcr die Funktionen des Spotter GPS-Trackers? Im Folgenden erl\u00e4utern wir diese und in der Gebrauchsanweisung finden Sie eine vollst\u00e4ndige \u00dcbersicht. Standort abrufen. Standort abrufen Der Spotter GPS-Tracker sendet bei Bewegung automatisch jede Minute einen Standort, den Sie direkt online in Ihrem Konto oder \u00fcber die Spotter-App abrufen k\u00f6nnen. Bei Stillstand ist dies [&hellip;]\" \/>\n<meta property=\"og:url\" content=\"https:\/\/www.spottergps.com\/de\/faq\/produkte-und-funktionen\/funktionen-spotter-gps-tracker\/\" \/>\n<meta property=\"og:site_name\" content=\"Spotter Germany\" \/>\n<meta property=\"article:modified_time\" content=\"2024-02-27T13:36:00+00:00\" \/>\n<meta name=\"twitter:card\" content=\"summary_large_image\" \/>\n<meta name=\"twitter:label1\" content=\"Gesch\u00e4tzte Lesezeit\" \/>\n\t<meta name=\"twitter:data1\" content=\"2\u00a0Minuten\" \/>\n<script type=\"application\/ld+json\" class=\"yoast-schema-graph\">{\"@context\":\"https:\/\/schema.org\",\"@graph\":[{\"@type\":\"WebPage\",\"@id\":\"https:\/\/www.spottergps.com\/de\/faq\/produkte-und-funktionen\/funktionen-spotter-gps-tracker\/\",\"url\":\"https:\/\/www.spottergps.com\/de\/faq\/produkte-und-funktionen\/funktionen-spotter-gps-tracker\/\",\"name\":\"Funktionen Spotter GPS-Tracker | Spotter Germany\",\"isPartOf\":{\"@id\":\"https:\/\/www.spottergps.com\/de\/#website\"},\"datePublished\":\"2022-03-17T14:54:46+00:00\",\"dateModified\":\"2024-02-27T13:36:00+00:00\",\"breadcrumb\":{\"@id\":\"https:\/\/www.spottergps.com\/de\/faq\/produkte-und-funktionen\/funktionen-spotter-gps-tracker\/#breadcrumb\"},\"inLanguage\":\"de\",\"potentialAction\":[{\"@type\":\"ReadAction\",\"target\":[\"https:\/\/www.spottergps.com\/de\/faq\/produkte-und-funktionen\/funktionen-spotter-gps-tracker\/\"]}]},{\"@type\":\"BreadcrumbList\",\"@id\":\"https:\/\/www.spottergps.com\/de\/faq\/produkte-und-funktionen\/funktionen-spotter-gps-tracker\/#breadcrumb\",\"itemListElement\":[{\"@type\":\"ListItem\",\"position\":1,\"name\":\"Home\",\"item\":\"https:\/\/www.spottergps.com\/de\/\"},{\"@type\":\"ListItem\",\"position\":2,\"name\":\"Wie k\u00f6nnen wir Ihnen helfen?\",\"item\":\"https:\/\/www.spottergps.com\/de\/faq\/\"},{\"@type\":\"ListItem\",\"position\":3,\"name\":\"Produkte und Funktionen\",\"item\":\"https:\/\/www.spottergps.com\/de\/faq\/produkte-und-funktionen\/\"},{\"@type\":\"ListItem\",\"position\":4,\"name\":\"Funktionen Spotter GPS-Tracker\"}]},{\"@type\":\"WebSite\",\"@id\":\"https:\/\/www.spottergps.com\/de\/#website\",\"url\":\"https:\/\/www.spottergps.com\/de\/\",\"name\":\"Spotter\",\"description\":\"Een andere Spotter websites site\",\"publisher\":{\"@id\":\"https:\/\/www.spottergps.com\/de\/#organization\"},\"potentialAction\":[{\"@type\":\"SearchAction\",\"target\":{\"@type\":\"EntryPoint\",\"urlTemplate\":\"https:\/\/www.spottergps.com\/de\/?s={search_term_string}\"},\"query-input\":{\"@type\":\"PropertyValueSpecification\",\"valueRequired\":true,\"valueName\":\"search_term_string\"}}],\"inLanguage\":\"de\"},{\"@type\":\"Organization\",\"@id\":\"https:\/\/www.spottergps.com\/de\/#organization\",\"name\":\"Spotter B.V.\",\"url\":\"https:\/\/www.spottergps.com\/de\/\",\"logo\":{\"@type\":\"ImageObject\",\"inLanguage\":\"de\",\"@id\":\"https:\/\/www.spottergps.com\/de\/#\/schema\/logo\/image\/\",\"url\":\"https:\/\/www.spottergps.com\/de\/wp-content\/uploads\/sites\/3\/2023\/02\/Spotter_logo.png\",\"contentUrl\":\"https:\/\/www.spottergps.com\/de\/wp-content\/uploads\/sites\/3\/2023\/02\/Spotter_logo.png\",\"width\":1500,\"height\":696,\"caption\":\"Spotter B.V.\"},\"image\":{\"@id\":\"https:\/\/www.spottergps.com\/de\/#\/schema\/logo\/image\/\"}}]}<\/script>\n<!-- \/ Yoast SEO plugin. -->","yoast_head_json":{"title":"Funktionen Spotter GPS-Tracker | Spotter Germany","robots":{"index":"noindex","follow":"follow"},"og_locale":"de_DE","og_type":"article","og_title":"Funktionen Spotter GPS-Tracker | Spotter Germany","og_description":"Interessieren Sie sich f\u00fcr die Funktionen des Spotter GPS-Trackers? Im Folgenden erl\u00e4utern wir diese und in der Gebrauchsanweisung finden Sie eine vollst\u00e4ndige \u00dcbersicht. Standort abrufen. Standort abrufen Der Spotter GPS-Tracker sendet bei Bewegung automatisch jede Minute einen Standort, den Sie direkt online in Ihrem Konto oder \u00fcber die Spotter-App abrufen k\u00f6nnen. Bei Stillstand ist dies [&hellip;]","og_url":"https:\/\/www.spottergps.com\/de\/faq\/produkte-und-funktionen\/funktionen-spotter-gps-tracker\/","og_site_name":"Spotter Germany","article_modified_time":"2024-02-27T13:36:00+00:00","twitter_card":"summary_large_image","twitter_misc":{"Gesch\u00e4tzte Lesezeit":"2\u00a0Minuten"},"schema":{"@context":"https:\/\/schema.org","@graph":[{"@type":"WebPage","@id":"https:\/\/www.spottergps.com\/de\/faq\/produkte-und-funktionen\/funktionen-spotter-gps-tracker\/","url":"https:\/\/www.spottergps.com\/de\/faq\/produkte-und-funktionen\/funktionen-spotter-gps-tracker\/","name":"Funktionen Spotter GPS-Tracker | Spotter Germany","isPartOf":{"@id":"https:\/\/www.spottergps.com\/de\/#website"},"datePublished":"2022-03-17T14:54:46+00:00","dateModified":"2024-02-27T13:36:00+00:00","breadcrumb":{"@id":"https:\/\/www.spottergps.com\/de\/faq\/produkte-und-funktionen\/funktionen-spotter-gps-tracker\/#breadcrumb"},"inLanguage":"de","potentialAction":[{"@type":"ReadAction","target":["https:\/\/www.spottergps.com\/de\/faq\/produkte-und-funktionen\/funktionen-spotter-gps-tracker\/"]}]},{"@type":"BreadcrumbList","@id":"https:\/\/www.spottergps.com\/de\/faq\/produkte-und-funktionen\/funktionen-spotter-gps-tracker\/#breadcrumb","itemListElement":[{"@type":"ListItem","position":1,"name":"Home","item":"https:\/\/www.spottergps.com\/de\/"},{"@type":"ListItem","position":2,"name":"Wie k\u00f6nnen wir Ihnen helfen?","item":"https:\/\/www.spottergps.com\/de\/faq\/"},{"@type":"ListItem","position":3,"name":"Produkte und Funktionen","item":"https:\/\/www.spottergps.com\/de\/faq\/produkte-und-funktionen\/"},{"@type":"ListItem","position":4,"name":"Funktionen Spotter GPS-Tracker"}]},{"@type":"WebSite","@id":"https:\/\/www.spottergps.com\/de\/#website","url":"https:\/\/www.spottergps.com\/de\/","name":"Spotter","description":"Een andere Spotter websites site","publisher":{"@id":"https:\/\/www.spottergps.com\/de\/#organization"},"potentialAction":[{"@type":"SearchAction","target":{"@type":"EntryPoint","urlTemplate":"https:\/\/www.spottergps.com\/de\/?s={search_term_string}"},"query-input":{"@type":"PropertyValueSpecification","valueRequired":true,"valueName":"search_term_string"}}],"inLanguage":"de"},{"@type":"Organization","@id":"https:\/\/www.spottergps.com\/de\/#organization","name":"Spotter B.V.","url":"https:\/\/www.spottergps.com\/de\/","logo":{"@type":"ImageObject","inLanguage":"de","@id":"https:\/\/www.spottergps.com\/de\/#\/schema\/logo\/image\/","url":"https:\/\/www.spottergps.com\/de\/wp-content\/uploads\/sites\/3\/2023\/02\/Spotter_logo.png","contentUrl":"https:\/\/www.spottergps.com\/de\/wp-content\/uploads\/sites\/3\/2023\/02\/Spotter_logo.png","width":1500,"height":696,"caption":"Spotter B.V."},"image":{"@id":"https:\/\/www.spottergps.com\/de\/#\/schema\/logo\/image\/"}}]}},"_links":{"self":[{"href":"https:\/\/www.spottergps.com\/de\/wp-json\/wp\/v2\/pages\/2310","targetHints":{"allow":["GET"]}}],"collection":[{"href":"https:\/\/www.spottergps.com\/de\/wp-json\/wp\/v2\/pages"}],"about":[{"href":"https:\/\/www.spottergps.com\/de\/wp-json\/wp\/v2\/types\/page"}],"author":[{"embeddable":true,"href":"https:\/\/www.spottergps.com\/de\/wp-json\/wp\/v2\/users\/5"}],"replies":[{"embeddable":true,"href":"https:\/\/www.spottergps.com\/de\/wp-json\/wp\/v2\/comments?post=2310"}],"version-history":[{"count":6,"href":"https:\/\/www.spottergps.com\/de\/wp-json\/wp\/v2\/pages\/2310\/revisions"}],"predecessor-version":[{"id":3147,"href":"https:\/\/www.spottergps.com\/de\/wp-json\/wp\/v2\/pages\/2310\/revisions\/3147"}],"up":[{"embeddable":true,"href":"https:\/\/www.spottergps.com\/de\/wp-json\/wp\/v2\/pages\/2304"}],"wp:attachment":[{"href":"https:\/\/www.spottergps.com\/de\/wp-json\/wp\/v2\/media?parent=2310"}],"wp:term":[{"taxonomy":"category","embeddable":true,"href":"https:\/\/www.spottergps.com\/de\/wp-json\/wp\/v2\/categories?post=2310"},{"taxonomy":"post_tag","embeddable":true,"href":"https:\/\/www.spottergps.com\/de\/wp-json\/wp\/v2\/tags?post=2310"}],"curies":[{"name":"wp","href":"https:\/\/api.w.org\/{rel}","templated":true}]}}